{"id":40815,"date":"2025-07-03T15:29:43","date_gmt":"2025-07-03T12:29:43","guid":{"rendered":"https:\/\/bodur.com.tr\/?post_type=product&#038;p=40815"},"modified":"2026-03-21T20:49:26","modified_gmt":"2026-03-21T17:49:26","slug":"bd-2520-1807-%d0%bf%d0%b0%d0%ba%d1%83%d0%b2%d0%b0%d0%bb%d1%8c%d0%bd%d0%b8%d0%b9-%d1%81%d1%82%d1%96%d0%bb","status":"publish","type":"product","link":"https:\/\/bodur.com.tr\/uk\/urun\/bd-2520-1807-paketleme-masasi","title":{"rendered":"BD.2520.1807 \u0422\u0430\u0431\u043b\u0438\u0446\u044f \u0443\u043f\u0430\u043a\u043e\u0432\u043a\u0438"},"content":{"rendered":"<p>\u041f\u0430\u043a\u0443\u0432\u0430\u043b\u044c\u043d\u0456 \u0441\u0442\u043e\u043b\u0438 \u2013 \u0446\u0435 \u043c\u043e\u0434\u0443\u043b\u044c\u043d\u0456 \u0442\u0430 \u0435\u0440\u0433\u043e\u043d\u043e\u043c\u0456\u0447\u043d\u0456 \u0440\u043e\u0431\u043e\u0447\u0456 \u0441\u0442\u0430\u043d\u0446\u0456\u0457, \u0440\u043e\u0437\u0440\u043e\u0431\u043b\u0435\u043d\u0456 \u0434\u043b\u044f \u043f\u0440\u043e\u043c\u0438\u0441\u043b\u043e\u0432\u043e\u0433\u043e \u0432\u0438\u043a\u043e\u0440\u0438\u0441\u0442\u0430\u043d\u043d\u044f. \u0412\u043e\u043d\u0438 \u0437\u0430\u0431\u0435\u0437\u043f\u0435\u0447\u0443\u044e\u0442\u044c \u043c\u0430\u043a\u0441\u0438\u043c\u0430\u043b\u044c\u043d\u0443 \u0435\u0444\u0435\u043a\u0442\u0438\u0432\u043d\u0456\u0441\u0442\u044c \u043f\u0456\u0434\u0433\u043e\u0442\u043e\u0432\u043a\u0438 \u043a\u0430\u0440\u0442\u043e\u043d\u043d\u0438\u0445 \u043a\u043e\u0440\u043e\u0431\u043e\u043a, \u0440\u043e\u0437\u0442\u0430\u0448\u0443\u0432\u0430\u043d\u043d\u044f \u043c\u0430\u0442\u0435\u0440\u0456\u0430\u043b\u0456\u0432 \u0442\u0430 \u0443\u043f\u0430\u043a\u043e\u0432\u043a\u0438 \u043f\u0440\u043e\u0434\u0443\u043a\u0446\u0456\u0457, \u043e\u0441\u043e\u0431\u043b\u0438\u0432\u043e \u043d\u0430 \u0441\u043a\u043b\u0430\u0434\u0441\u044c\u043a\u0438\u0445, \u0442\u0440\u0430\u043d\u0441\u043f\u043e\u0440\u0442\u043d\u0438\u0445, \u0432\u0438\u0440\u043e\u0431\u043d\u0438\u0447\u0438\u0445 \u0442\u0430 \u0435\u043b\u0435\u043a\u0442\u0440\u043e\u043d\u043d\u0438\u0445 \u043a\u043e\u043c\u0435\u0440\u0446\u0456\u0439\u043d\u0438\u0445 \u043e\u043f\u0435\u0440\u0430\u0446\u0456\u044f\u0445.<\/p>\n<h4>\u0414\u043e\u0434\u0430\u0442\u043a\u043e\u0432\u0456 \u0430\u043a\u0441\u0435\u0441\u0443\u0430\u0440\u0438:<\/h4>\n<ul>\n<li>\u0421\u0438\u0441\u0442\u0435\u043c\u0438 \u0432\u0435\u0440\u0445\u043d\u0456\u0445 \u0441\u0442\u0435\u043b\u0430\u0436\u0456\u0432<\/li>\n<li>\u041d\u0438\u0436\u043d\u0456 \u0441\u0442\u0435\u043b\u0430\u0436\u043d\u0456 \u0441\u0438\u0441\u0442\u0435\u043c\u0438<\/li>\n<li>\u0422\u0440\u0438\u043c\u0430\u0447\u0456 \u0434\u043b\u044f \u0440\u0443\u043b\u043e\u043d\u0456\u0432 \u0442\u0430 \u0440\u0456\u0437\u0430\u043a\u0438 \u0434\u043b\u044f \u043f\u0430\u043f\u0435\u0440\u0443 \u0430\u0431\u043e \u0445\u0430\u0440\u0447\u043e\u0432\u043e\u0457 \u043f\u043b\u0456\u0432\u043a\u0438.<\/li>\n<li>\u041f\u0435\u0440\u0444\u043e\u0440\u043e\u0432\u0430\u043d\u0430 \u043f\u0430\u043d\u0435\u043b\u044c (\u0437 \u043f\u0456\u0434\u0432\u0456\u0441\u043d\u0438\u043c\u0438 \u043a\u0440\u043e\u043d\u0448\u0442\u0435\u0439\u043d\u0430\u043c\u0438)<\/li>\n<li>\u0421\u0432\u0456\u0442\u043b\u043e\u0434\u0456\u043e\u0434\u043d\u0438\u0439 \u043e\u0441\u0432\u0456\u0442\u043b\u044e\u0432\u0430\u043b\u044c\u043d\u0438\u0439 \u0431\u043b\u043e\u043a<\/li>\n<li>\u2022 \u0411\u0456\u0447\u043d\u0456 \u043f\u043e\u043b\u0438\u0446\u0456, \u0434\u043e\u043f\u043e\u043c\u0456\u0436\u043d\u0456 \u043b\u043e\u0442\u043a\u0438, \u0442\u0440\u0438\u043c\u0430\u0447\u0456 \u0434\u043b\u044f \u0441\u0442\u0440\u0456\u0447\u043e\u043a \u0442\u0430 \u0435\u0442\u0438\u043a\u0435\u0442\u043e\u043a<\/li>\n<li>\u0412\u0456\u0448\u0430\u043b\u043a\u0430 \u0434\u043b\u044f \u0441\u043c\u0456\u0442\u0442\u0454\u0432\u043e\u0433\u043e \u0431\u0430\u043a\u0430<\/li>\n<\/ul>\n<h4>\u0413\u0430\u043b\u0443\u0437\u0456 \u0437\u0430\u0441\u0442\u043e\u0441\u0443\u0432\u0430\u043d\u043d\u044f:<\/h4>\n<ul>\n<li>\u041b\u043e\u0433\u0456\u0441\u0442\u0438\u0447\u043d\u0456 \u0442\u0430 \u0442\u0440\u0430\u043d\u0441\u043f\u043e\u0440\u0442\u043d\u0456 \u043f\u0456\u0434\u0440\u043e\u0437\u0434\u0456\u043b\u0438<\/li>\n<li>\u0421\u0442\u0430\u043d\u0446\u0456\u0457 \u043a\u043e\u043c\u043f\u043b\u0435\u043a\u0442\u0443\u0432\u0430\u043d\u043d\u044f \u0437\u0430\u043c\u043e\u0432\u043b\u0435\u043d\u044c \u0434\u043b\u044f \u0435\u043b\u0435\u043a\u0442\u0440\u043e\u043d\u043d\u043e\u0457 \u043a\u043e\u043c\u0435\u0440\u0446\u0456\u0457<\/li>\n<li>\u041b\u0456\u043d\u0456\u0457 \u043f\u0456\u0441\u043b\u044f\u0432\u0438\u0440\u043e\u0431\u043d\u0438\u0447\u043e\u0457 \u0456\u043d\u0441\u043f\u0435\u043a\u0446\u0456\u0457 \u0442\u0430 \u043f\u0430\u043a\u0443\u0432\u0430\u043d\u043d\u044f<\/li>\n<li>\u0417\u043e\u043d\u0438 \u043f\u0430\u043a\u0443\u0432\u0430\u043d\u043d\u044f \u0432\u0430\u043d\u0442\u0430\u0436\u0456\u0432 \u0442\u0430 \u043e\u0431\u0440\u043e\u0431\u043a\u0438 \u0448\u0442\u0440\u0438\u0445-\u043a\u043e\u0434\u0456\u0432<\/li>\n<\/ul>\n<p>\u041d\u0430\u0448\u0456 \u043f\u0430\u043a\u0443\u0432\u0430\u043b\u044c\u043d\u0456 \u0441\u0442\u043e\u043b\u0438 \u043f\u043e\u0432\u043d\u0456\u0441\u0442\u044e \u0432\u0456\u0434\u043f\u043e\u0432\u0456\u0434\u0430\u044e\u0442\u044c \u043f\u0440\u043e\u043c\u0438\u0441\u043b\u043e\u0432\u0438\u043c \u043f\u043e\u0442\u0440\u0435\u0431\u0430\u043c \u0437\u0430\u0432\u0434\u044f\u043a\u0438 \u0441\u0432\u043e\u0457\u0439 \u043c\u0456\u0446\u043d\u0456\u0439 \u043a\u043e\u043d\u0441\u0442\u0440\u0443\u043a\u0446\u0456\u0457, \u0432\u0438\u0441\u043e\u043a\u0456\u0439 \u0432\u0430\u043d\u0442\u0430\u0436\u043e\u043f\u0456\u0434\u0439\u043e\u043c\u043d\u043e\u0441\u0442\u0456 \u0442\u0430 \u0435\u0440\u0433\u043e\u043d\u043e\u043c\u0456\u0447\u043d\u043e\u043c\u0443 \u0434\u0438\u0437\u0430\u0439\u043d\u0443. \u0417\u0430\u0432\u0434\u044f\u043a\u0438 \u043c\u043e\u0434\u0443\u043b\u044c\u043d\u0456\u0439 \u0441\u0442\u0440\u0443\u043a\u0442\u0443\u0440\u0456 \u0457\u0445 \u043c\u043e\u0436\u043d\u0430 \u043b\u0435\u0433\u043a\u043e \u0456\u043d\u0442\u0435\u0433\u0440\u0443\u0432\u0430\u0442\u0438 \u0432 \u0440\u0456\u0437\u043d\u0456 \u0440\u043e\u0431\u043e\u0447\u0456 \u043f\u0440\u043e\u0446\u0435\u0441\u0438.<\/p>","protected":false},"excerpt":{"rendered":"<ul>\n<li>\u0412\u0430\u0440\u0456\u0430\u043d\u0442\u0438 \u0448\u0438\u0440\u0438\u043d\u0438: \u0414\u043e\u0441\u0442\u0443\u043f\u043d\u0456 3 \u0440\u0456\u0437\u043d\u0456 \u0432\u0430\u0440\u0456\u0430\u043d\u0442\u0438 \u0448\u0438\u0440\u0438\u043d\u0438: 1200 \u043c\u043c, 1500 \u043c\u043c, 1800 \u043c\u043c<\/li>\n<li>\u0413\u043b\u0438\u0431\u0438\u043d\u0430: \u0421\u0442\u0430\u043d\u0434\u0430\u0440\u0442\u043d\u0430 900 \u043c\u043c<\/li>\n<li>\u041c\u0430\u0442\u0435\u0440\u0456\u0430\u043b \u0441\u0442\u0456\u043b\u044c\u043d\u0438\u0446\u0456: \u0431\u0456\u043b\u0438\u0439 \u041c\u0414\u0424 \u0442\u043e\u0432\u0449\u0438\u043d\u043e\u044e 30 \u043c\u043c<\/li>\n<li>\u0420\u0435\u0433\u0443\u043b\u044e\u0432\u0430\u043d\u043d\u044f \u0432\u0438\u0441\u043e\u0442\u0438: \u0420\u0443\u0447\u043d\u0435 \u0440\u0435\u0433\u0443\u043b\u044e\u0432\u0430\u043d\u043d\u044f. \u0412\u0438\u0441\u043e\u0442\u0443 \u0441\u0442\u043e\u043b\u0443 \u043c\u043e\u0436\u043d\u0430 \u0440\u0435\u0433\u0443\u043b\u044e\u0432\u0430\u0442\u0438 \u0432\u0456\u0434 670 \u043c\u043c \u0434\u043e 970 \u043c\u043c \u0432\u0456\u0434 \u043f\u0456\u0434\u043b\u043e\u0433\u0438.<\/li>\n<li>\u041f\u043e\u0432\u0435\u0440\u0445\u043d\u0435\u0432\u0435 \u043f\u043e\u043a\u0440\u0438\u0442\u0442\u044f: \u0435\u043b\u0435\u043a\u0442\u0440\u043e\u0441\u0442\u0430\u0442\u0438\u0447\u043d\u0435 \u043f\u043e\u0440\u043e\u0448\u043a\u043e\u0432\u0435 \u043f\u043e\u043a\u0440\u0438\u0442\u0442\u044f (\u0441\u0442\u0430\u043d\u0434\u0430\u0440\u0442\u043d\u0438\u0439 \u043a\u043e\u043b\u0456\u0440: RAL 7035)<\/li>\n<li>\u0417\u0430\u0433\u0430\u043b\u044c\u043d\u0430 \u0432\u0430\u043d\u0442\u0430\u0436\u043e\u043f\u0456\u0434\u0439\u043e\u043c\u043d\u0456\u0441\u0442\u044c: 300 \u043a\u0433 (\u0437 \u0440\u0456\u0432\u043d\u043e\u043c\u0456\u0440\u043d\u043e \u0440\u043e\u0437\u043f\u043e\u0434\u0456\u043b\u0435\u043d\u0438\u043c \u043d\u0430\u0432\u0430\u043d\u0442\u0430\u0436\u0435\u043d\u043d\u044f\u043c)<\/li>\n<\/ul>","protected":false},"featured_media":40831,"template":"","meta":[],"product_brand":[],"product_cat":[30],"product_tag":[],"class_list":{"0":"post-40815","1":"product","2":"type-product","3":"status-publish","4":"has-post-thumbnail","6":"product_cat-paketleme","8":"first","9":"instock","10":"shipping-taxable","11":"product-type-simple"},"yoast_head":"<!-- This site is optimized with the Yoast SEO plugin v27.4 - https:\/\/yoast.com\/product\/yoast-seo-wordpress\/ -->\n<title>BD.2520.1807 Paketleme Masas\u0131<\/title>\n<meta name=\"robots\" content=\"index, follow, max-snippet:-1, max-image-preview:large, max-video-preview:-1\" \/>\n<link rel=\"canonical\" href=\"https:\/\/bodur.com.tr\/uk\/product\/bd-2520-1807-\u043f\u0430\u043a\u0443\u0432\u0430\u043b\u044c\u043d\u0438\u0439-\u0441\u0442\u0456\u043b\/\" \/>\n<meta property=\"og:locale\" content=\"uk_UA\" \/>\n<meta property=\"og:type\" content=\"article\" \/>\n<meta property=\"og:title\" content=\"BD.2520.1807 Paketleme Masas\u0131\" \/>\n<meta property=\"og:description\" content=\"Geni\u015flik Se\u00e7enekleri: 3 farkl\u0131 geni\u015flikte \u00fcretilebilir: 1200 mm, 1500 mm, 1800 mm  Derinlik: Standart 900 mm  Tabla Malzemesi: 30 mm kal\u0131nl\u0131\u011f\u0131nda beyaz MDF Lam  Y\u00fckseklik Ayar\u0131: Manuel olarak ayarlanabilir. Tabla y\u00fcksekli\u011fi zeminden 670 mm ile 970 mm aras\u0131nda ayarlanabilir  Y\u00fczey Kaplama: Elektrostatik toz boya (Standart renk: RAL 7035)  Toplam Ta\u015f\u0131ma Kapasitesi: 300 kg (e\u015fit yay\u0131l\u0131 y\u00fckte)\" \/>\n<meta property=\"og:url\" content=\"https:\/\/bodur.com.tr\/uk\/product\/bd-2520-1807-\u043f\u0430\u043a\u0443\u0432\u0430\u043b\u044c\u043d\u0438\u0439-\u0441\u0442\u0456\u043b\/\" \/>\n<meta property=\"og:site_name\" content=\"Bodur End\u00fcstriyel\" \/>\n<meta property=\"article:publisher\" content=\"https:\/\/www.facebook.com\/bodurendustriyel\" \/>\n<meta property=\"article:modified_time\" content=\"2026-03-21T17:49:26+00:00\" \/>\n<meta property=\"og:image\" content=\"https:\/\/bodur.com.tr\/wp-content\/uploads\/BD.2520.1807_W1800xD940_01.jpg\" \/>\n\t<meta property=\"og:image:width\" content=\"2480\" \/>\n\t<meta property=\"og:image:height\" content=\"2480\" \/>\n\t<meta property=\"og:image:type\" content=\"image\/jpeg\" \/>\n<meta name=\"twitter:card\" content=\"summary_large_image\" \/>\n<script type=\"application\/ld+json\" class=\"yoast-schema-graph\">{\"@context\":\"https:\\\/\\\/schema.org\",\"@graph\":[{\"@type\":\"WebPage\",\"@id\":\"https:\\\/\\\/bodur.com.tr\\\/urun\\\/bd-2520-1807-paketleme-masasi\",\"url\":\"https:\\\/\\\/bodur.com.tr\\\/urun\\\/bd-2520-1807-paketleme-masasi\",\"name\":\"BD.2520.1807 Paketleme Masas\u0131\",\"isPartOf\":{\"@id\":\"https:\\\/\\\/bodur.com.tr\\\/#website\"},\"primaryImageOfPage\":{\"@id\":\"https:\\\/\\\/bodur.com.tr\\\/urun\\\/bd-2520-1807-paketleme-masasi#primaryimage\"},\"image\":{\"@id\":\"https:\\\/\\\/bodur.com.tr\\\/urun\\\/bd-2520-1807-paketleme-masasi#primaryimage\"},\"thumbnailUrl\":\"https:\\\/\\\/bodur.com.tr\\\/wp-content\\\/uploads\\\/BD.2520.1807_W1800xD940_01.jpg\",\"datePublished\":\"2025-07-03T12:29:43+00:00\",\"dateModified\":\"2026-03-21T17:49:26+00:00\",\"breadcrumb\":{\"@id\":\"https:\\\/\\\/bodur.com.tr\\\/urun\\\/bd-2520-1807-paketleme-masasi#breadcrumb\"},\"inLanguage\":\"uk\",\"potentialAction\":[{\"@type\":\"ReadAction\",\"target\":[\"https:\\\/\\\/bodur.com.tr\\\/urun\\\/bd-2520-1807-paketleme-masasi\"]}]},{\"@type\":\"ImageObject\",\"inLanguage\":\"uk\",\"@id\":\"https:\\\/\\\/bodur.com.tr\\\/urun\\\/bd-2520-1807-paketleme-masasi#primaryimage\",\"url\":\"https:\\\/\\\/bodur.com.tr\\\/wp-content\\\/uploads\\\/BD.2520.1807_W1800xD940_01.jpg\",\"contentUrl\":\"https:\\\/\\\/bodur.com.tr\\\/wp-content\\\/uploads\\\/BD.2520.1807_W1800xD940_01.jpg\",\"width\":2480,\"height\":2480,\"caption\":\"BD.2520.1807 Paketleme Masas\u0131\"},{\"@type\":\"BreadcrumbList\",\"@id\":\"https:\\\/\\\/bodur.com.tr\\\/urun\\\/bd-2520-1807-paketleme-masasi#breadcrumb\",\"itemListElement\":[{\"@type\":\"ListItem\",\"position\":1,\"name\":\"Anasayfa\",\"item\":\"https:\\\/\\\/bodur.com.tr\\\/\"},{\"@type\":\"ListItem\",\"position\":2,\"name\":\"\u00dcr\u00fcnler\",\"item\":\"https:\\\/\\\/bodur.com.tr\\\/magaza\"},{\"@type\":\"ListItem\",\"position\":3,\"name\":\"BD.2520.1807 Paketleme Masas\u0131\"}]},{\"@type\":\"WebSite\",\"@id\":\"https:\\\/\\\/bodur.com.tr\\\/#website\",\"url\":\"https:\\\/\\\/bodur.com.tr\\\/\",\"name\":\"Bodur End\u00fcstriyel\",\"description\":\"\",\"publisher\":{\"@id\":\"https:\\\/\\\/bodur.com.tr\\\/#organization\"},\"potentialAction\":[{\"@type\":\"SearchAction\",\"target\":{\"@type\":\"EntryPoint\",\"urlTemplate\":\"https:\\\/\\\/bodur.com.tr\\\/?s={search_term_string}\"},\"query-input\":{\"@type\":\"PropertyValueSpecification\",\"valueRequired\":true,\"valueName\":\"search_term_string\"}}],\"inLanguage\":\"uk\"},{\"@type\":\"Organization\",\"@id\":\"https:\\\/\\\/bodur.com.tr\\\/#organization\",\"name\":\"Bodur End\u00fcstriyel\",\"url\":\"https:\\\/\\\/bodur.com.tr\\\/\",\"logo\":{\"@type\":\"ImageObject\",\"inLanguage\":\"uk\",\"@id\":\"https:\\\/\\\/bodur.com.tr\\\/#\\\/schema\\\/logo\\\/image\\\/\",\"url\":\"https:\\\/\\\/bodur.com.tr\\\/wp-content\\\/uploads\\\/51834268_258721005017375_5556593430731161600_n.jpg\",\"contentUrl\":\"https:\\\/\\\/bodur.com.tr\\\/wp-content\\\/uploads\\\/51834268_258721005017375_5556593430731161600_n.jpg\",\"width\":320,\"height\":320,\"caption\":\"Bodur End\u00fcstriyel\"},\"image\":{\"@id\":\"https:\\\/\\\/bodur.com.tr\\\/#\\\/schema\\\/logo\\\/image\\\/\"},\"sameAs\":[\"https:\\\/\\\/www.facebook.com\\\/bodurendustriyel\",\"https:\\\/\\\/www.instagram.com\\\/bodurendustriyel\\\/\",\"https:\\\/\\\/www.youtube.com\\\/user\\\/harunbodur\"]}]}<\/script>\n<!-- \/ Yoast SEO plugin. -->","yoast_head_json":{"title":"BD.2520.1807 \u0422\u0430\u0431\u043b\u0438\u0446\u044f \u0443\u043f\u0430\u043a\u043e\u0432\u043a\u0438","robots":{"index":"index","follow":"follow","max-snippet":"max-snippet:-1","max-image-preview":"max-image-preview:large","max-video-preview":"max-video-preview:-1"},"canonical":"https:\/\/bodur.com.tr\/uk\/product\/bd-2520-1807-\u043f\u0430\u043a\u0443\u0432\u0430\u043b\u044c\u043d\u0438\u0439-\u0441\u0442\u0456\u043b\/","og_locale":"uk_UA","og_type":"article","og_title":"BD.2520.1807 Paketleme Masas\u0131","og_description":"Geni\u015flik Se\u00e7enekleri: 3 farkl\u0131 geni\u015flikte \u00fcretilebilir: 1200 mm, 1500 mm, 1800 mm  Derinlik: Standart 900 mm  Tabla Malzemesi: 30 mm kal\u0131nl\u0131\u011f\u0131nda beyaz MDF Lam  Y\u00fckseklik Ayar\u0131: Manuel olarak ayarlanabilir. Tabla y\u00fcksekli\u011fi zeminden 670 mm ile 970 mm aras\u0131nda ayarlanabilir  Y\u00fczey Kaplama: Elektrostatik toz boya (Standart renk: RAL 7035)  Toplam Ta\u015f\u0131ma Kapasitesi: 300 kg (e\u015fit yay\u0131l\u0131 y\u00fckte)","og_url":"https:\/\/bodur.com.tr\/uk\/product\/bd-2520-1807-\u043f\u0430\u043a\u0443\u0432\u0430\u043b\u044c\u043d\u0438\u0439-\u0441\u0442\u0456\u043b\/","og_site_name":"Bodur End\u00fcstriyel","article_publisher":"https:\/\/www.facebook.com\/bodurendustriyel","article_modified_time":"2026-03-21T17:49:26+00:00","og_image":[{"width":2480,"height":2480,"url":"https:\/\/bodur.com.tr\/wp-content\/uploads\/BD.2520.1807_W1800xD940_01.jpg","type":"image\/jpeg"}],"twitter_card":"summary_large_image","schema":{"@context":"https:\/\/schema.org","@graph":[{"@type":"WebPage","@id":"https:\/\/bodur.com.tr\/urun\/bd-2520-1807-paketleme-masasi","url":"https:\/\/bodur.com.tr\/urun\/bd-2520-1807-paketleme-masasi","name":"BD.2520.1807 \u0422\u0430\u0431\u043b\u0438\u0446\u044f \u0443\u043f\u0430\u043a\u043e\u0432\u043a\u0438","isPartOf":{"@id":"https:\/\/bodur.com.tr\/#website"},"primaryImageOfPage":{"@id":"https:\/\/bodur.com.tr\/urun\/bd-2520-1807-paketleme-masasi#primaryimage"},"image":{"@id":"https:\/\/bodur.com.tr\/urun\/bd-2520-1807-paketleme-masasi#primaryimage"},"thumbnailUrl":"https:\/\/bodur.com.tr\/wp-content\/uploads\/BD.2520.1807_W1800xD940_01.jpg","datePublished":"2025-07-03T12:29:43+00:00","dateModified":"2026-03-21T17:49:26+00:00","breadcrumb":{"@id":"https:\/\/bodur.com.tr\/urun\/bd-2520-1807-paketleme-masasi#breadcrumb"},"inLanguage":"uk","potentialAction":[{"@type":"ReadAction","target":["https:\/\/bodur.com.tr\/urun\/bd-2520-1807-paketleme-masasi"]}]},{"@type":"ImageObject","inLanguage":"uk","@id":"https:\/\/bodur.com.tr\/urun\/bd-2520-1807-paketleme-masasi#primaryimage","url":"https:\/\/bodur.com.tr\/wp-content\/uploads\/BD.2520.1807_W1800xD940_01.jpg","contentUrl":"https:\/\/bodur.com.tr\/wp-content\/uploads\/BD.2520.1807_W1800xD940_01.jpg","width":2480,"height":2480,"caption":"BD.2520.1807 Paketleme Masas\u0131"},{"@type":"BreadcrumbList","@id":"https:\/\/bodur.com.tr\/urun\/bd-2520-1807-paketleme-masasi#breadcrumb","itemListElement":[{"@type":"ListItem","position":1,"name":"Anasayfa","item":"https:\/\/bodur.com.tr\/"},{"@type":"ListItem","position":2,"name":"\u00dcr\u00fcnler","item":"https:\/\/bodur.com.tr\/magaza"},{"@type":"ListItem","position":3,"name":"BD.2520.1807 Paketleme Masas\u0131"}]},{"@type":"WebSite","@id":"https:\/\/bodur.com.tr\/#website","url":"https:\/\/bodur.com.tr\/","name":"\u0411\u043e\u0434\u0443\u0440 \u0406\u043d\u0434\u0443\u0441\u0442\u0440\u0456\u0430\u043b","description":"","publisher":{"@id":"https:\/\/bodur.com.tr\/#organization"},"potentialAction":[{"@type":"SearchAction","target":{"@type":"EntryPoint","urlTemplate":"https:\/\/bodur.com.tr\/?s={search_term_string}"},"query-input":{"@type":"PropertyValueSpecification","valueRequired":true,"valueName":"search_term_string"}}],"inLanguage":"uk"},{"@type":"Organization","@id":"https:\/\/bodur.com.tr\/#organization","name":"\u0411\u043e\u0434\u0443\u0440 \u0406\u043d\u0434\u0443\u0441\u0442\u0440\u0456\u0430\u043b","url":"https:\/\/bodur.com.tr\/","logo":{"@type":"ImageObject","inLanguage":"uk","@id":"https:\/\/bodur.com.tr\/#\/schema\/logo\/image\/","url":"https:\/\/bodur.com.tr\/wp-content\/uploads\/51834268_258721005017375_5556593430731161600_n.jpg","contentUrl":"https:\/\/bodur.com.tr\/wp-content\/uploads\/51834268_258721005017375_5556593430731161600_n.jpg","width":320,"height":320,"caption":"Bodur End\u00fcstriyel"},"image":{"@id":"https:\/\/bodur.com.tr\/#\/schema\/logo\/image\/"},"sameAs":["https:\/\/www.facebook.com\/bodurendustriyel","https:\/\/www.instagram.com\/bodurendustriyel\/","https:\/\/www.youtube.com\/user\/harunbodur"]}]}},"_links":{"self":[{"href":"https:\/\/bodur.com.tr\/uk\/wp-json\/wp\/v2\/product\/40815","targetHints":{"allow":["GET"]}}],"collection":[{"href":"https:\/\/bodur.com.tr\/uk\/wp-json\/wp\/v2\/product"}],"about":[{"href":"https:\/\/bodur.com.tr\/uk\/wp-json\/wp\/v2\/types\/product"}],"wp:featuredmedia":[{"embeddable":true,"href":"https:\/\/bodur.com.tr\/uk\/wp-json\/wp\/v2\/media\/40831"}],"wp:attachment":[{"href":"https:\/\/bodur.com.tr\/uk\/wp-json\/wp\/v2\/media?parent=40815"}],"wp:term":[{"taxonomy":"product_brand","embeddable":true,"href":"https:\/\/bodur.com.tr\/uk\/wp-json\/wp\/v2\/product_brand?post=40815"},{"taxonomy":"product_cat","embeddable":true,"href":"https:\/\/bodur.com.tr\/uk\/wp-json\/wp\/v2\/product_cat?post=40815"},{"taxonomy":"product_tag","embeddable":true,"href":"https:\/\/bodur.com.tr\/uk\/wp-json\/wp\/v2\/product_tag?post=40815"}],"curies":[{"name":"wp","href":"https:\/\/api.w.org\/{rel}","templated":true}]}}