{"id":40712,"date":"2025-06-30T22:06:20","date_gmt":"2025-06-30T19:06:20","guid":{"rendered":"https:\/\/bodur.com.tr\/?post_type=product&#038;p=40712"},"modified":"2025-06-30T22:08:38","modified_gmt":"2025-06-30T19:08:38","slug":"bd-36-24-43-malzeme-dolabi","status":"publish","type":"product","link":"https:\/\/bodur.com.tr\/uk\/urun\/bd-36-24-43-malzeme-dolabi","title":{"rendered":"BD.36.24.43 \u041c\u0430\u0442\u0435\u0440\u0456\u0430\u043b\u044c\u043d\u0430 \u0448\u0430\u0444\u0430"},"content":{"rendered":"<p><strong>\u0417\u0430\u0433\u0430\u043b\u044c\u043d\u0456 \u0445\u0430\u0440\u0430\u043a\u0442\u0435\u0440\u0438\u0441\u0442\u0438\u043a\u0438:<\/strong><\/p>\n<ul>\n<li>\u0412\u0456\u043d \u0440\u043e\u0437\u0440\u043e\u0431\u043b\u0435\u043d\u0438\u0439 \u0434\u043b\u044f \u0431\u0435\u0437\u043f\u0435\u0440\u0435\u0431\u0456\u0439\u043d\u043e\u0433\u043e \u0432\u0438\u043a\u043e\u0440\u0438\u0441\u0442\u0430\u043d\u043d\u044f \u0443 \u0432\u0430\u0436\u043a\u0438\u0445 \u0443\u043c\u043e\u0432\u0430\u0445 \u0435\u043a\u0441\u043f\u043b\u0443\u0430\u0442\u0430\u0446\u0456\u0457.<\/li>\n<li>\u0412\u0456\u043d \u043c\u0430\u0454 \u043c\u0456\u0446\u043d\u0438\u0439, \u043f\u043e\u0432\u043d\u0456\u0441\u0442\u044e \u0437\u0432\u0430\u0440\u0435\u043d\u0438\u0439 \u043a\u043e\u0440\u043f\u0443\u0441.<\/li>\n<li>\u0412\u0441\u0456 \u043a\u043e\u043c\u043f\u043e\u043d\u0435\u043d\u0442\u0438 \u0437\u0430\u043a\u0440\u0456\u043f\u043b\u0435\u043d\u0456 \u043d\u0430 \u043c\u0456\u0446\u043d\u043e\u043c\u0443 \u0442\u0430 \u0434\u043e\u0432\u0433\u043e\u0432\u0456\u0447\u043d\u043e\u043c\u0443 \u043c\u0435\u0442\u0430\u043b\u0435\u0432\u043e\u043c\u0443 \u043a\u0430\u0440\u043a\u0430\u0441\u0456.<\/li>\n<li>\u0412\u0441\u0456 \u0440\u0443\u0445\u043e\u043c\u0456 \u0447\u0430\u0441\u0442\u0438\u043d\u0438 \u043f\u0440\u0438\u0434\u0430\u0442\u043d\u0456 \u0434\u043b\u044f \u0432\u0438\u043a\u043e\u0440\u0438\u0441\u0442\u0430\u043d\u043d\u044f \u0432 \u0437\u0430\u043f\u0438\u043b\u0435\u043d\u0438\u0445 \u0442\u0430 \u0432\u043e\u043b\u043e\u0433\u0438\u0445 \u0441\u0435\u0440\u0435\u0434\u043e\u0432\u0438\u0449\u0430\u0445.<\/li>\n<li>\u041a\u0440\u0438\u0448\u043a\u0438 \u0437\u0430\u043c\u0438\u043a\u0430\u044e\u0442\u044c\u0441\u044f \u043d\u0430 \u043a\u043b\u044e\u0447.<\/li>\n<li>\u041f\u043e\u043b\u0438\u0446\u0456 \u043c\u043e\u0436\u043d\u0430 \u0440\u043e\u0437\u0442\u0430\u0448\u0443\u0432\u0430\u0442\u0438 \u0432\u0435\u0440\u0442\u0438\u043a\u0430\u043b\u044c\u043d\u043e \u0437 \u0456\u043d\u0442\u0435\u0440\u0432\u0430\u043b\u043e\u043c 25 \u043c\u043c \u0437\u0430 \u0431\u0430\u0436\u0430\u043d\u043d\u044f\u043c.<\/li>\n<li>\u041d\u0456\u0436\u043a\u0438 \u043c\u0430\u044e\u0442\u044c \u0440\u0435\u0433\u0443\u043b\u044e\u0432\u0430\u043b\u044c\u043d\u0456 \u0433\u0432\u0438\u043d\u0442\u0438 \u0437 \u043a\u0443\u043b\u044c\u043e\u0432\u0438\u043c \u0437&#039;\u0454\u0434\u043d\u0430\u043d\u043d\u044f\u043c \u0434\u043b\u044f \u043d\u0435\u0440\u0456\u0432\u043d\u0438\u0445 \u043f\u043e\u0432\u0435\u0440\u0445\u043e\u043d\u044c.<\/li>\n<li>\u0424\u043e\u0441\u0444\u0430\u0442\u0443\u0432\u0430\u043d\u043d\u044f \u043d\u0430\u043d\u043e\u0441\u0438\u0442\u044c\u0441\u044f \u043f\u0435\u0440\u0435\u0434 \u0444\u0430\u0440\u0431\u0443\u0432\u0430\u043d\u043d\u044f\u043c, \u0449\u043e\u0431 \u0437\u0430\u0431\u0435\u0437\u043f\u0435\u0447\u0438\u0442\u0438 \u0432\u0438\u0441\u043e\u043a\u0443 \u0441\u0442\u0456\u0439\u043a\u0456\u0441\u0442\u044c \u0444\u0430\u0440\u0431\u0438.<\/li>\n<li>\u0422\u0435\u043a\u0441\u0442\u0443\u0440\u043e\u0432\u0430\u043d\u0435 \u043f\u043e\u0440\u043e\u0448\u043a\u043e\u0432\u0435 \u043f\u043e\u043a\u0440\u0438\u0442\u0442\u044f \u0432\u0438\u043a\u043e\u0440\u0438\u0441\u0442\u043e\u0432\u0443\u0454\u0442\u044c\u0441\u044f \u0434\u043b\u044f \u0437\u0430\u0431\u0435\u0437\u043f\u0435\u0447\u0435\u043d\u043d\u044f \u043c\u0430\u043a\u0441\u0438\u043c\u0430\u043b\u044c\u043d\u043e\u0457 \u0441\u0442\u0456\u0439\u043a\u043e\u0441\u0442\u0456 \u0434\u043e \u0443\u0434\u0430\u0440\u0456\u0432 \u0442\u0430 \u043f\u043e\u0434\u0440\u044f\u043f\u0438\u043d.<\/li>\n<li>\u041d\u0430\u0434\u0430\u0454\u0442\u044c\u0441\u044f 2-\u0440\u0456\u0447\u043d\u0430 \u0433\u0430\u0440\u0430\u043d\u0442\u0456\u044f \u0442\u0430 \u043f\u0456\u0434\u0442\u0440\u0438\u043c\u043a\u0430 \u0437\u0430\u043f\u0430\u0441\u043d\u0438\u043c\u0438 \u0447\u0430\u0441\u0442\u0438\u043d\u0430\u043c\u0438.<\/li>\n<\/ul>","protected":false},"excerpt":{"rendered":"<ul>\n<li>\u0419\u043e\u0433\u043e \u0440\u043e\u0437\u043c\u0456\u0440\u0438 \u0441\u0442\u0430\u043d\u043e\u0432\u043b\u044f\u0442\u044c \u04121980\u0445\u0428900\u0445\u0413500 \u043c\u043c.<\/li>\n<li>\u0421\u0442\u0430\u043d\u0434\u0430\u0440\u0442\u043d\u0438\u0439 \u043a\u043e\u043c\u043f\u043b\u0435\u043a\u0442 \u0448\u0430\u0444 \u0437 4 \u043f\u043e\u043b\u0438\u0446\u044f\u043c\u0438 \u0442\u0430 \u0434\u0432\u0435\u0440\u0446\u044f\u0442\u0430\u043c\u0438.<\/li>\n<li>\u041d\u0430\u043b\u0430\u0448\u0442\u043e\u0432\u0443\u0432\u0430\u043d\u0430, \u0440\u043e\u0437\u0431\u0456\u0440\u043d\u0430 \u043c\u043e\u0434\u0443\u043b\u044c\u043d\u0430 \u043a\u043e\u043d\u0441\u0442\u0440\u0443\u043a\u0446\u0456\u044f \u0437\u0430\u043b\u0435\u0436\u043d\u043e \u0432\u0456\u0434 \u0446\u0456\u043b\u044c\u043e\u0432\u043e\u0433\u043e \u0432\u0438\u043a\u043e\u0440\u0438\u0441\u0442\u0430\u043d\u043d\u044f.<\/li>\n<li>112 \u043a\u0433 \u0431\u0435\u0437 \u0430\u043a\u0441\u0435\u0441\u0443\u0430\u0440\u0456\u0432.<\/li>\n<li>\u0421\u0442\u0430\u043d\u0434\u0430\u0440\u0442\u043d\u0438\u0439 RAL7016 (\u0430\u043d\u0442\u0440\u0430\u0446\u0438\u0442\u043e\u0432\u043e-\u0441\u0456\u0440\u0438\u0439) \u0442\u0430 RAL7011 (\u0442\u0435\u043c\u043d\u043e-\u0441\u0456\u0440\u0438\u0439) (\u043c\u043e\u0436\u043b\u0438\u0432\u0456 \u0437\u043c\u0456\u043d\u0438).<\/li>\n<li>\u041b\u0438\u0441\u0442\u043e\u0432\u0438\u0439 \u043c\u0435\u0442\u0430\u043b DKP (0,80 ~ 2,00 \u043c\u043c).<\/li>\n<li>\u0415\u043b\u0435\u043a\u0442\u0440\u043e\u0441\u0442\u0430\u0442\u0438\u0447\u043d\u0435 \u043f\u043e\u0440\u043e\u0448\u043a\u043e\u0432\u0435 \u043f\u043e\u043a\u0440\u0438\u0442\u0442\u044f (\u0415\/\u041f).<\/li>\n<li>\u041e\u0446\u0438\u043d\u043a\u043e\u0432\u0430\u043d\u0430 \u043f\u043e\u043b\u0438\u0446\u044f (4 \u0448\u0442.).<\/li>\n<li>100 \u0448\u0443\u0445\u043b\u044f\u0434 \u0456\u0437 \u043f\u043b\u0430\u0432\u043d\u0438\u043c \u0437\u0430\u043a\u0440\u0438\u0442\u0442\u044f\u043c (x3)<\/li>\n<li>150 \u0448\u0443\u0445\u043b\u044f\u0434 \u0456\u0437 \u043f\u043b\u0430\u0432\u043d\u0438\u043c \u0437\u0430\u043a\u0440\u0438\u0442\u0442\u044f\u043c (x2)<\/li>\n<\/ul>","protected":false},"featured_media":40713,"template":"","meta":[],"product_brand":[],"product_cat":[22],"product_tag":[],"class_list":{"0":"post-40712","1":"product","2":"type-product","3":"status-publish","4":"has-post-thumbnail","6":"product_cat-malzeme-dolaplari","8":"first","9":"instock","10":"shipping-taxable","11":"product-type-simple"},"yoast_head":"<!-- This site is optimized with the Yoast SEO plugin v27.4 - https:\/\/yoast.com\/product\/yoast-seo-wordpress\/ -->\n<title>BD.36.24.43 Malzeme Dolab\u0131<\/title>\n<meta name=\"robots\" content=\"index, follow, max-snippet:-1, max-image-preview:large, max-video-preview:-1\" \/>\n<link rel=\"canonical\" href=\"https:\/\/bodur.com.tr\/uk\/product\/bd-36-24-43-malzeme-dolabi\/\" \/>\n<meta property=\"og:locale\" content=\"uk_UA\" \/>\n<meta property=\"og:type\" content=\"article\" \/>\n<meta property=\"og:title\" content=\"BD.36.24.43 Malzeme Dolab\u0131\" \/>\n<meta property=\"og:description\" content=\"H1980xW900xD500mm boyutlar\u0131ndad\u0131r.  4 Rafl\u0131 Standart Kapakl\u0131 G\u00f6vde Tak\u0131m\u0131.  Kullan\u0131m amac\u0131na g\u00f6re \u00f6zelle\u015ftirilebilir demonte mod\u00fcler yap\u0131.  Aksesuarlar hari\u00e7 112 kg.  Standart RAL7016 (Antrasit Gri) ve RAL7011 (Koyu Gri) (De\u011fi\u015ftirilebilir).  DKP sac malzeme (0,80 ~ 2,00 mm).  Elektrostatik toz boya (E\/P).  Galvaniz raf (x4).  100&#039;l\u00fck Soft Close Yumu\u015fak Kapan\u0131ml\u0131 \u00c7ekmece (x3)  150&#039;lik Soft Close Yumu\u015fak Kapan\u0131ml\u0131 \u00c7ekmece (x2)\" \/>\n<meta property=\"og:url\" content=\"https:\/\/bodur.com.tr\/uk\/product\/bd-36-24-43-malzeme-dolabi\/\" \/>\n<meta property=\"og:site_name\" content=\"Bodur End\u00fcstriyel\" \/>\n<meta property=\"article:publisher\" content=\"https:\/\/www.facebook.com\/bodurendustriyel\" \/>\n<meta property=\"article:modified_time\" content=\"2025-06-30T19:08:38+00:00\" \/>\n<meta property=\"og:image\" content=\"https:\/\/bodur.com.tr\/wp-content\/uploads\/BD362443_01.jpg\" \/>\n\t<meta property=\"og:image:width\" content=\"2480\" \/>\n\t<meta property=\"og:image:height\" content=\"2480\" \/>\n\t<meta property=\"og:image:type\" content=\"image\/jpeg\" \/>\n<meta name=\"twitter:card\" content=\"summary_large_image\" \/>\n<script type=\"application\/ld+json\" class=\"yoast-schema-graph\">{\"@context\":\"https:\\\/\\\/schema.org\",\"@graph\":[{\"@type\":\"WebPage\",\"@id\":\"https:\\\/\\\/bodur.com.tr\\\/urun\\\/bd-36-24-43-malzeme-dolabi\",\"url\":\"https:\\\/\\\/bodur.com.tr\\\/urun\\\/bd-36-24-43-malzeme-dolabi\",\"name\":\"BD.36.24.43 Malzeme Dolab\u0131\",\"isPartOf\":{\"@id\":\"https:\\\/\\\/bodur.com.tr\\\/#website\"},\"primaryImageOfPage\":{\"@id\":\"https:\\\/\\\/bodur.com.tr\\\/urun\\\/bd-36-24-43-malzeme-dolabi#primaryimage\"},\"image\":{\"@id\":\"https:\\\/\\\/bodur.com.tr\\\/urun\\\/bd-36-24-43-malzeme-dolabi#primaryimage\"},\"thumbnailUrl\":\"https:\\\/\\\/bodur.com.tr\\\/wp-content\\\/uploads\\\/BD362443_01.jpg\",\"datePublished\":\"2025-06-30T19:06:20+00:00\",\"dateModified\":\"2025-06-30T19:08:38+00:00\",\"breadcrumb\":{\"@id\":\"https:\\\/\\\/bodur.com.tr\\\/urun\\\/bd-36-24-43-malzeme-dolabi#breadcrumb\"},\"inLanguage\":\"uk\",\"potentialAction\":[{\"@type\":\"ReadAction\",\"target\":[\"https:\\\/\\\/bodur.com.tr\\\/urun\\\/bd-36-24-43-malzeme-dolabi\"]}]},{\"@type\":\"ImageObject\",\"inLanguage\":\"uk\",\"@id\":\"https:\\\/\\\/bodur.com.tr\\\/urun\\\/bd-36-24-43-malzeme-dolabi#primaryimage\",\"url\":\"https:\\\/\\\/bodur.com.tr\\\/wp-content\\\/uploads\\\/BD362443_01.jpg\",\"contentUrl\":\"https:\\\/\\\/bodur.com.tr\\\/wp-content\\\/uploads\\\/BD362443_01.jpg\",\"width\":2480,\"height\":2480,\"caption\":\"BD.36.24.43 Malzeme Dolab\u0131\"},{\"@type\":\"BreadcrumbList\",\"@id\":\"https:\\\/\\\/bodur.com.tr\\\/urun\\\/bd-36-24-43-malzeme-dolabi#breadcrumb\",\"itemListElement\":[{\"@type\":\"ListItem\",\"position\":1,\"name\":\"Anasayfa\",\"item\":\"https:\\\/\\\/bodur.com.tr\\\/\"},{\"@type\":\"ListItem\",\"position\":2,\"name\":\"\u00dcr\u00fcnler\",\"item\":\"https:\\\/\\\/bodur.com.tr\\\/magaza\"},{\"@type\":\"ListItem\",\"position\":3,\"name\":\"BD.36.24.43 Malzeme Dolab\u0131\"}]},{\"@type\":\"WebSite\",\"@id\":\"https:\\\/\\\/bodur.com.tr\\\/#website\",\"url\":\"https:\\\/\\\/bodur.com.tr\\\/\",\"name\":\"Bodur End\u00fcstriyel\",\"description\":\"\",\"publisher\":{\"@id\":\"https:\\\/\\\/bodur.com.tr\\\/#organization\"},\"potentialAction\":[{\"@type\":\"SearchAction\",\"target\":{\"@type\":\"EntryPoint\",\"urlTemplate\":\"https:\\\/\\\/bodur.com.tr\\\/?s={search_term_string}\"},\"query-input\":{\"@type\":\"PropertyValueSpecification\",\"valueRequired\":true,\"valueName\":\"search_term_string\"}}],\"inLanguage\":\"uk\"},{\"@type\":\"Organization\",\"@id\":\"https:\\\/\\\/bodur.com.tr\\\/#organization\",\"name\":\"Bodur End\u00fcstriyel\",\"url\":\"https:\\\/\\\/bodur.com.tr\\\/\",\"logo\":{\"@type\":\"ImageObject\",\"inLanguage\":\"uk\",\"@id\":\"https:\\\/\\\/bodur.com.tr\\\/#\\\/schema\\\/logo\\\/image\\\/\",\"url\":\"https:\\\/\\\/bodur.com.tr\\\/wp-content\\\/uploads\\\/51834268_258721005017375_5556593430731161600_n.jpg\",\"contentUrl\":\"https:\\\/\\\/bodur.com.tr\\\/wp-content\\\/uploads\\\/51834268_258721005017375_5556593430731161600_n.jpg\",\"width\":320,\"height\":320,\"caption\":\"Bodur End\u00fcstriyel\"},\"image\":{\"@id\":\"https:\\\/\\\/bodur.com.tr\\\/#\\\/schema\\\/logo\\\/image\\\/\"},\"sameAs\":[\"https:\\\/\\\/www.facebook.com\\\/bodurendustriyel\",\"https:\\\/\\\/www.instagram.com\\\/bodurendustriyel\\\/\",\"https:\\\/\\\/www.youtube.com\\\/user\\\/harunbodur\"]}]}<\/script>\n<!-- \/ Yoast SEO plugin. -->","yoast_head_json":{"title":"BD.36.24.43 \u041c\u0430\u0442\u0435\u0440\u0456\u0430\u043b\u044c\u043d\u0430 \u0448\u0430\u0444\u0430","robots":{"index":"index","follow":"follow","max-snippet":"max-snippet:-1","max-image-preview":"max-image-preview:large","max-video-preview":"max-video-preview:-1"},"canonical":"https:\/\/bodur.com.tr\/uk\/product\/bd-36-24-43-malzeme-dolabi\/","og_locale":"uk_UA","og_type":"article","og_title":"BD.36.24.43 Malzeme Dolab\u0131","og_description":"H1980xW900xD500mm boyutlar\u0131ndad\u0131r.  4 Rafl\u0131 Standart Kapakl\u0131 G\u00f6vde Tak\u0131m\u0131.  Kullan\u0131m amac\u0131na g\u00f6re \u00f6zelle\u015ftirilebilir demonte mod\u00fcler yap\u0131.  Aksesuarlar hari\u00e7 112 kg.  Standart RAL7016 (Antrasit Gri) ve RAL7011 (Koyu Gri) (De\u011fi\u015ftirilebilir).  DKP sac malzeme (0,80 ~ 2,00 mm).  Elektrostatik toz boya (E\/P).  Galvaniz raf (x4).  100'l\u00fck Soft Close Yumu\u015fak Kapan\u0131ml\u0131 \u00c7ekmece (x3)  150'lik Soft Close Yumu\u015fak Kapan\u0131ml\u0131 \u00c7ekmece (x2)","og_url":"https:\/\/bodur.com.tr\/uk\/product\/bd-36-24-43-malzeme-dolabi\/","og_site_name":"Bodur End\u00fcstriyel","article_publisher":"https:\/\/www.facebook.com\/bodurendustriyel","article_modified_time":"2025-06-30T19:08:38+00:00","og_image":[{"width":2480,"height":2480,"url":"https:\/\/bodur.com.tr\/wp-content\/uploads\/BD362443_01.jpg","type":"image\/jpeg"}],"twitter_card":"summary_large_image","schema":{"@context":"https:\/\/schema.org","@graph":[{"@type":"WebPage","@id":"https:\/\/bodur.com.tr\/urun\/bd-36-24-43-malzeme-dolabi","url":"https:\/\/bodur.com.tr\/urun\/bd-36-24-43-malzeme-dolabi","name":"BD.36.24.43 \u041c\u0430\u0442\u0435\u0440\u0456\u0430\u043b\u044c\u043d\u0430 \u0448\u0430\u0444\u0430","isPartOf":{"@id":"https:\/\/bodur.com.tr\/#website"},"primaryImageOfPage":{"@id":"https:\/\/bodur.com.tr\/urun\/bd-36-24-43-malzeme-dolabi#primaryimage"},"image":{"@id":"https:\/\/bodur.com.tr\/urun\/bd-36-24-43-malzeme-dolabi#primaryimage"},"thumbnailUrl":"https:\/\/bodur.com.tr\/wp-content\/uploads\/BD362443_01.jpg","datePublished":"2025-06-30T19:06:20+00:00","dateModified":"2025-06-30T19:08:38+00:00","breadcrumb":{"@id":"https:\/\/bodur.com.tr\/urun\/bd-36-24-43-malzeme-dolabi#breadcrumb"},"inLanguage":"uk","potentialAction":[{"@type":"ReadAction","target":["https:\/\/bodur.com.tr\/urun\/bd-36-24-43-malzeme-dolabi"]}]},{"@type":"ImageObject","inLanguage":"uk","@id":"https:\/\/bodur.com.tr\/urun\/bd-36-24-43-malzeme-dolabi#primaryimage","url":"https:\/\/bodur.com.tr\/wp-content\/uploads\/BD362443_01.jpg","contentUrl":"https:\/\/bodur.com.tr\/wp-content\/uploads\/BD362443_01.jpg","width":2480,"height":2480,"caption":"BD.36.24.43 Malzeme Dolab\u0131"},{"@type":"BreadcrumbList","@id":"https:\/\/bodur.com.tr\/urun\/bd-36-24-43-malzeme-dolabi#breadcrumb","itemListElement":[{"@type":"ListItem","position":1,"name":"Anasayfa","item":"https:\/\/bodur.com.tr\/"},{"@type":"ListItem","position":2,"name":"\u00dcr\u00fcnler","item":"https:\/\/bodur.com.tr\/magaza"},{"@type":"ListItem","position":3,"name":"BD.36.24.43 Malzeme Dolab\u0131"}]},{"@type":"WebSite","@id":"https:\/\/bodur.com.tr\/#website","url":"https:\/\/bodur.com.tr\/","name":"\u0411\u043e\u0434\u0443\u0440 \u0406\u043d\u0434\u0443\u0441\u0442\u0440\u0456\u0430\u043b","description":"","publisher":{"@id":"https:\/\/bodur.com.tr\/#organization"},"potentialAction":[{"@type":"SearchAction","target":{"@type":"EntryPoint","urlTemplate":"https:\/\/bodur.com.tr\/?s={search_term_string}"},"query-input":{"@type":"PropertyValueSpecification","valueRequired":true,"valueName":"search_term_string"}}],"inLanguage":"uk"},{"@type":"Organization","@id":"https:\/\/bodur.com.tr\/#organization","name":"\u0411\u043e\u0434\u0443\u0440 \u0406\u043d\u0434\u0443\u0441\u0442\u0440\u0456\u0430\u043b","url":"https:\/\/bodur.com.tr\/","logo":{"@type":"ImageObject","inLanguage":"uk","@id":"https:\/\/bodur.com.tr\/#\/schema\/logo\/image\/","url":"https:\/\/bodur.com.tr\/wp-content\/uploads\/51834268_258721005017375_5556593430731161600_n.jpg","contentUrl":"https:\/\/bodur.com.tr\/wp-content\/uploads\/51834268_258721005017375_5556593430731161600_n.jpg","width":320,"height":320,"caption":"Bodur End\u00fcstriyel"},"image":{"@id":"https:\/\/bodur.com.tr\/#\/schema\/logo\/image\/"},"sameAs":["https:\/\/www.facebook.com\/bodurendustriyel","https:\/\/www.instagram.com\/bodurendustriyel\/","https:\/\/www.youtube.com\/user\/harunbodur"]}]}},"_links":{"self":[{"href":"https:\/\/bodur.com.tr\/uk\/wp-json\/wp\/v2\/product\/40712","targetHints":{"allow":["GET"]}}],"collection":[{"href":"https:\/\/bodur.com.tr\/uk\/wp-json\/wp\/v2\/product"}],"about":[{"href":"https:\/\/bodur.com.tr\/uk\/wp-json\/wp\/v2\/types\/product"}],"wp:featuredmedia":[{"embeddable":true,"href":"https:\/\/bodur.com.tr\/uk\/wp-json\/wp\/v2\/media\/40713"}],"wp:attachment":[{"href":"https:\/\/bodur.com.tr\/uk\/wp-json\/wp\/v2\/media?parent=40712"}],"wp:term":[{"taxonomy":"product_brand","embeddable":true,"href":"https:\/\/bodur.com.tr\/uk\/wp-json\/wp\/v2\/product_brand?post=40712"},{"taxonomy":"product_cat","embeddable":true,"href":"https:\/\/bodur.com.tr\/uk\/wp-json\/wp\/v2\/product_cat?post=40712"},{"taxonomy":"product_tag","embeddable":true,"href":"https:\/\/bodur.com.tr\/uk\/wp-json\/wp\/v2\/product_tag?post=40712"}],"curies":[{"name":"wp","href":"https:\/\/api.w.org\/{rel}","templated":true}]}}