{"id":20164,"date":"2024-12-05T20:11:24","date_gmt":"2024-12-05T17:11:24","guid":{"rendered":"https:\/\/bodur.com.tr\/?post_type=product&#038;p=20164"},"modified":"2026-03-22T15:45:49","modified_gmt":"2026-03-22T12:45:49","slug":"bd-36-18-84","status":"publish","type":"product","link":"https:\/\/bodur.com.tr\/uk\/urun\/bd-36-18-84","title":{"rendered":"BD.36.18.84"},"content":{"rendered":"","protected":false},"excerpt":{"rendered":"<p><span style=\"color: #275da4; font-size: 20px; letter-spacing: -0.3px; font-weight: 500; line-height: 26px;\"> End\u00fcstriyel ortamlarda g\u00fcvenilir ve dayan\u0131kl\u0131 bir \u00e7\u00f6z\u00fcm olarak geli\u015ftirilen 36.18.84, kurumsal ihtiya\u00e7lar\u0131 etkin \u00f6zelliklere sahip fonksiyonel bir tasar\u0131mda birle\u015ftiriyor. <\/span><\/p>\n<hr \/>\n<ul>\n<li>H1650xW3360xD530 mm boyutlar\u0131nda.<\/li>\n<li>Aksesuarlar hari\u00e7 455 kg.<\/li>\n<li>\u041b\u0438\u0441\u0442\u043e\u0432\u0456 \u043c\u0435\u0442\u0430\u043b\u0438 DKP \u0442\u0430 HRP.<\/li>\n<li>\u0415\u043b\u0435\u043a\u0442\u0440\u043e\u0441\u0442\u0430\u0442\u0438\u0447\u043d\u0435 \u043f\u043e\u0440\u043e\u0448\u043a\u043e\u0432\u0435 \u043f\u043e\u043a\u0440\u0438\u0442\u0442\u044f.<\/li>\n<li>RAL7016 (\u0430\u043d\u0442\u0440\u0430\u0446\u0438\u0442\u043e\u0432\u043e-\u0441\u0456\u0440\u0438\u0439) \u0442\u0430 RAL7011 (\u0442\u0435\u043c\u043d\u043e-\u0441\u0456\u0440\u0438\u0439) (\u043c\u043e\u0436\u043b\u0438\u0432\u0456 \u0437\u043c\u0456\u043d\u0438)<\/li>\n<li>H375xW620xD15mm x12 Adet delikli pano \u00f6l\u00e7\u00fcs\u00fc.<\/li>\n<li>\u0420\u043e\u0437\u043c\u0456\u0440\u0438 \u043f\u0435\u0440\u0444\u043e\u0440\u043e\u0432\u0430\u043d\u043e\u0457 \u043f\u0430\u043d\u0435\u043b\u0456 (\u0412300x\u0428620x\u041315 \u043c\u043c x2).<\/li>\n<li>H375xW750xD15mm x8 Adet delikli pano \u00f6l\u00e7\u00fcs\u00fc.<\/li>\n<li>\u0420\u043e\u0437\u043c\u0456\u0440\u0438 \u0441\u0442\u043e\u043b\u0443: \u04281860x\u0413550 \/ 30 \u043c\u043c \u0441\u0443\u0446\u0456\u043b\u044c\u043d\u0430 \u043f\u0430\u043d\u0435\u043b\u044c (\u0431\u0443\u043a) (\u0434\u043e\u0441\u0442\u0443\u043f\u043d\u0438\u0439 \u0432\u0430\u0440\u0456\u0430\u043d\u0442 \u0441\u0442\u043e\u043b\u0443 \u0437 \u043d\u0435\u0440\u0436\u0430\u0432\u0456\u044e\u0447\u043e\u0457 \u0441\u0442\u0430\u043b\u0456)<\/li>\n<li>\u0420\u043e\u0437\u043c\u0456\u0440\u0438 \u0441\u0442\u043e\u043b\u0443: \u04281240x\u0413550 \/ 30 \u043c\u043c \u0441\u0443\u0446\u0456\u043b\u044c\u043d\u0430 \u043f\u0430\u043d\u0435\u043b\u044c (\u0431\u0443\u043a) (\u0434\u043e\u0441\u0442\u0443\u043f\u043d\u0438\u0439 \u0432\u0430\u0440\u0456\u0430\u043d\u0442 \u0441\u0442\u043e\u043b\u0443 \u0437 \u043d\u0435\u0440\u0436\u0430\u0432\u0456\u044e\u0447\u043e\u0457 \u0441\u0442\u0430\u043b\u0456)<\/li>\n<li>W750xD750 Tabla \u00f6l\u00e7\u00fcs\u00fc \/ 30 mm Masif Panel (KAYIN) (Paslanmaz \u00c7elik Tabla Se\u00e7ene\u011fi)<\/li>\n<li>4 \u0437\u0430\u043a\u0440\u0438\u0442\u0456 \u0440\u043e\u0437\u0435\u0442\u043a\u0438 \u043d\u0430 220 \u0412 \u0456\u0437 \u0437\u0430\u0437\u0435\u043c\u043b\u0435\u043d\u043d\u044f\u043c. (\u041a\u043b\u0430\u0441 \u0437\u0430\u0445\u0438\u0441\u0442\u0443 IP44) (x2)<\/li>\n<\/ul>","protected":false},"featured_media":20165,"template":"","meta":[],"product_brand":[],"product_cat":[21],"product_tag":[],"class_list":{"0":"post-20164","1":"product","2":"type-product","3":"status-publish","4":"has-post-thumbnail","6":"product_cat-moduline","8":"first","9":"instock","10":"shipping-taxable","11":"product-type-simple"},"yoast_head":"<!-- This site is optimized with the Yoast SEO plugin v27.4 - https:\/\/yoast.com\/product\/yoast-seo-wordpress\/ -->\n<title>BD.36.18.84<\/title>\n<meta name=\"robots\" content=\"index, follow, max-snippet:-1, max-image-preview:large, max-video-preview:-1\" \/>\n<link rel=\"canonical\" href=\"https:\/\/bodur.com.tr\/uk\/product\/bd-36-18-84\/\" \/>\n<meta property=\"og:locale\" content=\"uk_UA\" \/>\n<meta property=\"og:type\" content=\"article\" \/>\n<meta property=\"og:title\" content=\"BD.36.18.84\" \/>\n<meta property=\"og:description\" content=\"End\u00fcstriyel ortamlarda g\u00fcvenilir ve dayan\u0131kl\u0131 bir \u00e7\u00f6z\u00fcm olarak geli\u015ftirilen 36.18.84, kurumsal ihtiya\u00e7lar\u0131 etkin \u00f6zelliklere sahip fonksiyonel bir tasar\u0131mda birle\u015ftiriyor.       H1650xW3360xD530 mm boyutlar\u0131nda.  Aksesuarlar hari\u00e7 455 kg.  DKP ve HRP sac malzeme.  Elektrostatik toz boya.  RAL7016 (Antrasit gri) ve RAL7011 (Koyu gri)(De\u011fi\u015ftirilebilir)  H375xW620xD15mm x12 Adet delikli pano \u00f6l\u00e7\u00fcs\u00fc.  H300xW620xD15mm x2 Adet delikli pano \u00f6l\u00e7\u00fcs\u00fc.  H375xW750xD15mm x8 Adet delikli pano \u00f6l\u00e7\u00fcs\u00fc.  W1860xD550 Tabla \u00f6l\u00e7\u00fcs\u00fc \/ 30 mm Masif Panel (KAYIN) (Paslanmaz \u00c7elik Tabla Se\u00e7ene\u011fi)  W1240xD550 Tabla \u00f6l\u00e7\u00fcs\u00fc \/ 30 mm Masif Panel (KAYIN) (Paslanmaz \u00c7elik Tabla Se\u00e7ene\u011fi)  W750xD750 Tabla \u00f6l\u00e7\u00fcs\u00fc \/ 30 mm Masif Panel (KAYIN) (Paslanmaz \u00c7elik Tabla Se\u00e7ene\u011fi)  4 adet kapakl\u0131 220 V toprakl\u0131 priz. (IP44 Koruma S\u0131n\u0131f\u0131)(x2)\" \/>\n<meta property=\"og:url\" content=\"https:\/\/bodur.com.tr\/uk\/product\/bd-36-18-84\/\" \/>\n<meta property=\"og:site_name\" content=\"Bodur End\u00fcstriyel\" \/>\n<meta property=\"article:publisher\" content=\"https:\/\/www.facebook.com\/bodurendustriyel\" \/>\n<meta property=\"article:modified_time\" content=\"2026-03-22T12:45:49+00:00\" \/>\n<meta property=\"og:image\" content=\"https:\/\/bodur.com.tr\/wp-content\/uploads\/BD361884_H1650xW2610xD530_01.jpg\" \/>\n\t<meta property=\"og:image:width\" content=\"2480\" \/>\n\t<meta property=\"og:image:height\" content=\"2480\" \/>\n\t<meta property=\"og:image:type\" content=\"image\/jpeg\" \/>\n<meta name=\"twitter:card\" content=\"summary_large_image\" \/>\n<script type=\"application\/ld+json\" class=\"yoast-schema-graph\">{\"@context\":\"https:\\\/\\\/schema.org\",\"@graph\":[{\"@type\":\"WebPage\",\"@id\":\"https:\\\/\\\/bodur.com.tr\\\/urun\\\/bd-36-18-84\",\"url\":\"https:\\\/\\\/bodur.com.tr\\\/urun\\\/bd-36-18-84\",\"name\":\"BD.36.18.84\",\"isPartOf\":{\"@id\":\"https:\\\/\\\/bodur.com.tr\\\/#website\"},\"primaryImageOfPage\":{\"@id\":\"https:\\\/\\\/bodur.com.tr\\\/urun\\\/bd-36-18-84#primaryimage\"},\"image\":{\"@id\":\"https:\\\/\\\/bodur.com.tr\\\/urun\\\/bd-36-18-84#primaryimage\"},\"thumbnailUrl\":\"https:\\\/\\\/bodur.com.tr\\\/wp-content\\\/uploads\\\/BD361884_H1650xW2610xD530_01.jpg\",\"datePublished\":\"2024-12-05T17:11:24+00:00\",\"dateModified\":\"2026-03-22T12:45:49+00:00\",\"breadcrumb\":{\"@id\":\"https:\\\/\\\/bodur.com.tr\\\/urun\\\/bd-36-18-84#breadcrumb\"},\"inLanguage\":\"uk\",\"potentialAction\":[{\"@type\":\"ReadAction\",\"target\":[\"https:\\\/\\\/bodur.com.tr\\\/urun\\\/bd-36-18-84\"]}]},{\"@type\":\"ImageObject\",\"inLanguage\":\"uk\",\"@id\":\"https:\\\/\\\/bodur.com.tr\\\/urun\\\/bd-36-18-84#primaryimage\",\"url\":\"https:\\\/\\\/bodur.com.tr\\\/wp-content\\\/uploads\\\/BD361884_H1650xW2610xD530_01.jpg\",\"contentUrl\":\"https:\\\/\\\/bodur.com.tr\\\/wp-content\\\/uploads\\\/BD361884_H1650xW2610xD530_01.jpg\",\"width\":2480,\"height\":2480,\"caption\":\"BD361884\"},{\"@type\":\"BreadcrumbList\",\"@id\":\"https:\\\/\\\/bodur.com.tr\\\/urun\\\/bd-36-18-84#breadcrumb\",\"itemListElement\":[{\"@type\":\"ListItem\",\"position\":1,\"name\":\"Anasayfa\",\"item\":\"https:\\\/\\\/bodur.com.tr\\\/\"},{\"@type\":\"ListItem\",\"position\":2,\"name\":\"\u00dcr\u00fcnler\",\"item\":\"https:\\\/\\\/bodur.com.tr\\\/magaza\"},{\"@type\":\"ListItem\",\"position\":3,\"name\":\"BD.36.18.84\"}]},{\"@type\":\"WebSite\",\"@id\":\"https:\\\/\\\/bodur.com.tr\\\/#website\",\"url\":\"https:\\\/\\\/bodur.com.tr\\\/\",\"name\":\"Bodur End\u00fcstriyel\",\"description\":\"\",\"publisher\":{\"@id\":\"https:\\\/\\\/bodur.com.tr\\\/#organization\"},\"potentialAction\":[{\"@type\":\"SearchAction\",\"target\":{\"@type\":\"EntryPoint\",\"urlTemplate\":\"https:\\\/\\\/bodur.com.tr\\\/?s={search_term_string}\"},\"query-input\":{\"@type\":\"PropertyValueSpecification\",\"valueRequired\":true,\"valueName\":\"search_term_string\"}}],\"inLanguage\":\"uk\"},{\"@type\":\"Organization\",\"@id\":\"https:\\\/\\\/bodur.com.tr\\\/#organization\",\"name\":\"Bodur End\u00fcstriyel\",\"url\":\"https:\\\/\\\/bodur.com.tr\\\/\",\"logo\":{\"@type\":\"ImageObject\",\"inLanguage\":\"uk\",\"@id\":\"https:\\\/\\\/bodur.com.tr\\\/#\\\/schema\\\/logo\\\/image\\\/\",\"url\":\"https:\\\/\\\/bodur.com.tr\\\/wp-content\\\/uploads\\\/51834268_258721005017375_5556593430731161600_n.jpg\",\"contentUrl\":\"https:\\\/\\\/bodur.com.tr\\\/wp-content\\\/uploads\\\/51834268_258721005017375_5556593430731161600_n.jpg\",\"width\":320,\"height\":320,\"caption\":\"Bodur End\u00fcstriyel\"},\"image\":{\"@id\":\"https:\\\/\\\/bodur.com.tr\\\/#\\\/schema\\\/logo\\\/image\\\/\"},\"sameAs\":[\"https:\\\/\\\/www.facebook.com\\\/bodurendustriyel\",\"https:\\\/\\\/www.instagram.com\\\/bodurendustriyel\\\/\",\"https:\\\/\\\/www.youtube.com\\\/user\\\/harunbodur\"]}]}<\/script>\n<!-- \/ Yoast SEO plugin. -->","yoast_head_json":{"title":"BD.36.18.84","robots":{"index":"index","follow":"follow","max-snippet":"max-snippet:-1","max-image-preview":"max-image-preview:large","max-video-preview":"max-video-preview:-1"},"canonical":"https:\/\/bodur.com.tr\/uk\/product\/bd-36-18-84\/","og_locale":"uk_UA","og_type":"article","og_title":"BD.36.18.84","og_description":"End\u00fcstriyel ortamlarda g\u00fcvenilir ve dayan\u0131kl\u0131 bir \u00e7\u00f6z\u00fcm olarak geli\u015ftirilen 36.18.84, kurumsal ihtiya\u00e7lar\u0131 etkin \u00f6zelliklere sahip fonksiyonel bir tasar\u0131mda birle\u015ftiriyor.       H1650xW3360xD530 mm boyutlar\u0131nda.  Aksesuarlar hari\u00e7 455 kg.  DKP ve HRP sac malzeme.  Elektrostatik toz boya.  RAL7016 (Antrasit gri) ve RAL7011 (Koyu gri)(De\u011fi\u015ftirilebilir)  H375xW620xD15mm x12 Adet delikli pano \u00f6l\u00e7\u00fcs\u00fc.  H300xW620xD15mm x2 Adet delikli pano \u00f6l\u00e7\u00fcs\u00fc.  H375xW750xD15mm x8 Adet delikli pano \u00f6l\u00e7\u00fcs\u00fc.  W1860xD550 Tabla \u00f6l\u00e7\u00fcs\u00fc \/ 30 mm Masif Panel (KAYIN) (Paslanmaz \u00c7elik Tabla Se\u00e7ene\u011fi)  W1240xD550 Tabla \u00f6l\u00e7\u00fcs\u00fc \/ 30 mm Masif Panel (KAYIN) (Paslanmaz \u00c7elik Tabla Se\u00e7ene\u011fi)  W750xD750 Tabla \u00f6l\u00e7\u00fcs\u00fc \/ 30 mm Masif Panel (KAYIN) (Paslanmaz \u00c7elik Tabla Se\u00e7ene\u011fi)  4 adet kapakl\u0131 220 V toprakl\u0131 priz. (IP44 Koruma S\u0131n\u0131f\u0131)(x2)","og_url":"https:\/\/bodur.com.tr\/uk\/product\/bd-36-18-84\/","og_site_name":"Bodur End\u00fcstriyel","article_publisher":"https:\/\/www.facebook.com\/bodurendustriyel","article_modified_time":"2026-03-22T12:45:49+00:00","og_image":[{"width":2480,"height":2480,"url":"https:\/\/bodur.com.tr\/wp-content\/uploads\/BD361884_H1650xW2610xD530_01.jpg","type":"image\/jpeg"}],"twitter_card":"summary_large_image","schema":{"@context":"https:\/\/schema.org","@graph":[{"@type":"WebPage","@id":"https:\/\/bodur.com.tr\/urun\/bd-36-18-84","url":"https:\/\/bodur.com.tr\/urun\/bd-36-18-84","name":"BD.36.18.84","isPartOf":{"@id":"https:\/\/bodur.com.tr\/#website"},"primaryImageOfPage":{"@id":"https:\/\/bodur.com.tr\/urun\/bd-36-18-84#primaryimage"},"image":{"@id":"https:\/\/bodur.com.tr\/urun\/bd-36-18-84#primaryimage"},"thumbnailUrl":"https:\/\/bodur.com.tr\/wp-content\/uploads\/BD361884_H1650xW2610xD530_01.jpg","datePublished":"2024-12-05T17:11:24+00:00","dateModified":"2026-03-22T12:45:49+00:00","breadcrumb":{"@id":"https:\/\/bodur.com.tr\/urun\/bd-36-18-84#breadcrumb"},"inLanguage":"uk","potentialAction":[{"@type":"ReadAction","target":["https:\/\/bodur.com.tr\/urun\/bd-36-18-84"]}]},{"@type":"ImageObject","inLanguage":"uk","@id":"https:\/\/bodur.com.tr\/urun\/bd-36-18-84#primaryimage","url":"https:\/\/bodur.com.tr\/wp-content\/uploads\/BD361884_H1650xW2610xD530_01.jpg","contentUrl":"https:\/\/bodur.com.tr\/wp-content\/uploads\/BD361884_H1650xW2610xD530_01.jpg","width":2480,"height":2480,"caption":"BD361884"},{"@type":"BreadcrumbList","@id":"https:\/\/bodur.com.tr\/urun\/bd-36-18-84#breadcrumb","itemListElement":[{"@type":"ListItem","position":1,"name":"Anasayfa","item":"https:\/\/bodur.com.tr\/"},{"@type":"ListItem","position":2,"name":"\u00dcr\u00fcnler","item":"https:\/\/bodur.com.tr\/magaza"},{"@type":"ListItem","position":3,"name":"BD.36.18.84"}]},{"@type":"WebSite","@id":"https:\/\/bodur.com.tr\/#website","url":"https:\/\/bodur.com.tr\/","name":"\u0411\u043e\u0434\u0443\u0440 \u0406\u043d\u0434\u0443\u0441\u0442\u0440\u0456\u0430\u043b","description":"","publisher":{"@id":"https:\/\/bodur.com.tr\/#organization"},"potentialAction":[{"@type":"SearchAction","target":{"@type":"EntryPoint","urlTemplate":"https:\/\/bodur.com.tr\/?s={search_term_string}"},"query-input":{"@type":"PropertyValueSpecification","valueRequired":true,"valueName":"search_term_string"}}],"inLanguage":"uk"},{"@type":"Organization","@id":"https:\/\/bodur.com.tr\/#organization","name":"\u0411\u043e\u0434\u0443\u0440 \u0406\u043d\u0434\u0443\u0441\u0442\u0440\u0456\u0430\u043b","url":"https:\/\/bodur.com.tr\/","logo":{"@type":"ImageObject","inLanguage":"uk","@id":"https:\/\/bodur.com.tr\/#\/schema\/logo\/image\/","url":"https:\/\/bodur.com.tr\/wp-content\/uploads\/51834268_258721005017375_5556593430731161600_n.jpg","contentUrl":"https:\/\/bodur.com.tr\/wp-content\/uploads\/51834268_258721005017375_5556593430731161600_n.jpg","width":320,"height":320,"caption":"Bodur End\u00fcstriyel"},"image":{"@id":"https:\/\/bodur.com.tr\/#\/schema\/logo\/image\/"},"sameAs":["https:\/\/www.facebook.com\/bodurendustriyel","https:\/\/www.instagram.com\/bodurendustriyel\/","https:\/\/www.youtube.com\/user\/harunbodur"]}]}},"_links":{"self":[{"href":"https:\/\/bodur.com.tr\/uk\/wp-json\/wp\/v2\/product\/20164","targetHints":{"allow":["GET"]}}],"collection":[{"href":"https:\/\/bodur.com.tr\/uk\/wp-json\/wp\/v2\/product"}],"about":[{"href":"https:\/\/bodur.com.tr\/uk\/wp-json\/wp\/v2\/types\/product"}],"wp:featuredmedia":[{"embeddable":true,"href":"https:\/\/bodur.com.tr\/uk\/wp-json\/wp\/v2\/media\/20165"}],"wp:attachment":[{"href":"https:\/\/bodur.com.tr\/uk\/wp-json\/wp\/v2\/media?parent=20164"}],"wp:term":[{"taxonomy":"product_brand","embeddable":true,"href":"https:\/\/bodur.com.tr\/uk\/wp-json\/wp\/v2\/product_brand?post=20164"},{"taxonomy":"product_cat","embeddable":true,"href":"https:\/\/bodur.com.tr\/uk\/wp-json\/wp\/v2\/product_cat?post=20164"},{"taxonomy":"product_tag","embeddable":true,"href":"https:\/\/bodur.com.tr\/uk\/wp-json\/wp\/v2\/product_tag?post=20164"}],"curies":[{"name":"wp","href":"https:\/\/api.w.org\/{rel}","templated":true}]}}