{"id":19897,"date":"2024-09-04T19:05:24","date_gmt":"2024-09-04T16:05:24","guid":{"rendered":"https:\/\/bodur.com.tr\/?post_type=product&#038;p=19897"},"modified":"2026-03-20T17:13:55","modified_gmt":"2026-03-20T14:13:55","slug":"%d0%b1%d1%83%d0%b4-36-17-11","status":"publish","type":"product","link":"https:\/\/bodur.com.tr\/uk\/urun\/bd-36-17-11","title":{"rendered":"BD.36.17.11 +"},"content":{"rendered":"","protected":false},"excerpt":{"rendered":"<ul>\n<li>\u0420\u043e\u0437\u043c\u0456\u0440\u0438: \u04122000x\u0428800x\u0413730 \u043c\u043c<\/li>\n<li>130 \u043a\u0433 \u0431\u0435\u0437 \u0430\u043a\u0441\u0435\u0441\u0443\u0430\u0440\u0456\u0432<\/li>\n<li>\u041b\u0438\u0441\u0442\u043e\u0432\u0456 \u043c\u0435\u0442\u0430\u043b\u0438 DKP \u0442\u0430 HRP<\/li>\n<li>\u0415\u043b\u0435\u043a\u0442\u0440\u043e\u0441\u0442\u0430\u0442\u0438\u0447\u043d\u0435 \u043f\u043e\u0440\u043e\u0448\u043a\u043e\u0432\u0435 \u043f\u043e\u043a\u0440\u0438\u0442\u0442\u044f<\/li>\n<li>RAL7016 (\u0442\u0435\u043c\u043d\u043e-\u0441\u0456\u0440\u0438\u0439) \u0442\u0430 RAL7011 (\u0441\u0432\u0456\u0442\u043b\u043e-\u0441\u0456\u0440\u0438\u0439)<\/li>\n<li>\u0420\u043e\u0437\u043c\u0456\u0440 \u043f\u0435\u0440\u0444\u043e\u0440\u043e\u0432\u0430\u043d\u043e\u0457 \u0434\u043e\u0448\u043a\u0438 \u0412940x\u0428770 \u043c\u043c<\/li>\n<li>\u041f\u0430\u043d\u0435\u043b\u044c\u043d\u0430 \u0441\u0442\u0456\u0439\u043a\u0430 \u0428770x\u0413200 \u043c\u043c<\/li>\n<li>\u0420\u043e\u0437\u043c\u0456\u0440\u0438 \u0441\u0442\u043e\u043b\u0443: (\u0428800x\u0413690)<\/li>\n<li>\u0421\u0442\u0430\u043d\u0434\u0430\u0440\u0442\u043d\u0430 \u043f\u0430\u043d\u0435\u043b\u044c \u0437 \u043c\u0430\u0441\u0438\u0432\u0443 \u0434\u0435\u0440\u0435\u0432\u0430 40 \u043c\u043c \u2013 \u0431\u0443\u043a<\/li>\n<li>2 \u0440\u043e\u0437\u0435\u0442\u043a\u0438 220 \u0412 \u0456\u0437 \u0437\u0430\u0437\u0435\u043c\u043b\u0435\u043d\u043d\u044f\u043c \u0442\u0430 \u043a\u0440\u0438\u0448\u043a\u0430\u043c\u0438 (\u043a\u043b\u0430\u0441 \u0437\u0430\u0445\u0438\u0441\u0442\u0443 IP44)<\/li>\n<li>1 \u0441\u0432\u0456\u0442\u043b\u043e\u0434\u0456\u043e\u0434\u043d\u0438\u0439 \u043f\u0435\u0440\u0435\u043c\u0438\u043a\u0430\u0447<\/li>\n<li>\u0412\u0431\u0443\u0434\u043e\u0432\u0430\u043d\u0435 \u0441\u0432\u0456\u0442\u043b\u043e\u0434\u0456\u043e\u0434\u043d\u0435 \u043e\u0441\u0432\u0456\u0442\u043b\u0435\u043d\u043d\u044f (2x9 \u0412\u0442)<\/li>\n<\/ul>","protected":false},"featured_media":19898,"template":"","meta":[],"product_brand":[],"product_cat":[206],"product_tag":[],"class_list":{"0":"post-19897","1":"product","2":"type-product","3":"status-publish","4":"has-post-thumbnail","6":"product_cat-proline-plus-calisma-tezgahlari","8":"first","9":"instock","10":"shipping-taxable","11":"product-type-simple"},"yoast_head":"<!-- This site is optimized with the Yoast SEO plugin v27.4 - https:\/\/yoast.com\/product\/yoast-seo-wordpress\/ -->\n<title>BD.36.17.11 +<\/title>\n<meta name=\"robots\" content=\"index, follow, max-snippet:-1, max-image-preview:large, max-video-preview:-1\" \/>\n<link rel=\"canonical\" href=\"https:\/\/bodur.com.tr\/uk\/product\/\u0431\u0443\u0434-36-17-11\/\" \/>\n<meta property=\"og:locale\" content=\"uk_UA\" \/>\n<meta property=\"og:type\" content=\"article\" \/>\n<meta property=\"og:title\" content=\"BD.36.17.11 +\" \/>\n<meta property=\"og:description\" content=\"H2000xW800xD730 mm boyutlar\u0131nda  Aksesuarlar hari\u00e7 130\u00a0kg  DKP ve HRP sac malzeme  Elektrostatik toz boya  RAL7016 (Koyu Gri) ve RAL7011 (A\u00e7\u0131k Gri)  H940xW770 mm delikli pano \u00f6l\u00e7\u00fcs\u00fc  W770xD200 mm pano raf\u0131  (W800xD690) tabla \u00f6l\u00e7\u00fcs\u00fc  Standart 40 mm Masif Panel - KAYIN  2 adet kapakl\u0131 220 V toprakl\u0131 priz (IP44 Koruma S\u0131n\u0131f\u0131)  1 adet led anahtar\u0131  G\u00f6mme Led Ayd\u0131nlatma (2x9W)\" \/>\n<meta property=\"og:url\" content=\"https:\/\/bodur.com.tr\/uk\/product\/\u0431\u0443\u0434-36-17-11\/\" \/>\n<meta property=\"og:site_name\" content=\"Bodur End\u00fcstriyel\" \/>\n<meta property=\"article:publisher\" content=\"https:\/\/www.facebook.com\/bodurendustriyel\" \/>\n<meta property=\"article:modified_time\" content=\"2026-03-20T14:13:55+00:00\" \/>\n<meta property=\"og:image\" content=\"https:\/\/bodur.com.tr\/wp-content\/uploads\/BD361711_H2000xW800xD730_01.jpg\" \/>\n\t<meta property=\"og:image:width\" content=\"2480\" \/>\n\t<meta property=\"og:image:height\" content=\"2480\" \/>\n\t<meta property=\"og:image:type\" content=\"image\/jpeg\" \/>\n<meta name=\"twitter:card\" content=\"summary_large_image\" \/>\n<script type=\"application\/ld+json\" class=\"yoast-schema-graph\">{\"@context\":\"https:\\\/\\\/schema.org\",\"@graph\":[{\"@type\":\"WebPage\",\"@id\":\"https:\\\/\\\/bodur.com.tr\\\/urun\\\/bd-36-17-11\",\"url\":\"https:\\\/\\\/bodur.com.tr\\\/urun\\\/bd-36-17-11\",\"name\":\"BD.36.17.11 +\",\"isPartOf\":{\"@id\":\"https:\\\/\\\/bodur.com.tr\\\/#website\"},\"primaryImageOfPage\":{\"@id\":\"https:\\\/\\\/bodur.com.tr\\\/urun\\\/bd-36-17-11#primaryimage\"},\"image\":{\"@id\":\"https:\\\/\\\/bodur.com.tr\\\/urun\\\/bd-36-17-11#primaryimage\"},\"thumbnailUrl\":\"https:\\\/\\\/bodur.com.tr\\\/wp-content\\\/uploads\\\/BD361711_H2000xW800xD730_01.jpg\",\"datePublished\":\"2024-09-04T16:05:24+00:00\",\"dateModified\":\"2026-03-20T14:13:55+00:00\",\"breadcrumb\":{\"@id\":\"https:\\\/\\\/bodur.com.tr\\\/urun\\\/bd-36-17-11#breadcrumb\"},\"inLanguage\":\"uk\",\"potentialAction\":[{\"@type\":\"ReadAction\",\"target\":[\"https:\\\/\\\/bodur.com.tr\\\/urun\\\/bd-36-17-11\"]}]},{\"@type\":\"ImageObject\",\"inLanguage\":\"uk\",\"@id\":\"https:\\\/\\\/bodur.com.tr\\\/urun\\\/bd-36-17-11#primaryimage\",\"url\":\"https:\\\/\\\/bodur.com.tr\\\/wp-content\\\/uploads\\\/BD361711_H2000xW800xD730_01.jpg\",\"contentUrl\":\"https:\\\/\\\/bodur.com.tr\\\/wp-content\\\/uploads\\\/BD361711_H2000xW800xD730_01.jpg\",\"width\":2480,\"height\":2480,\"caption\":\"BD.36.17.11 +\"},{\"@type\":\"BreadcrumbList\",\"@id\":\"https:\\\/\\\/bodur.com.tr\\\/urun\\\/bd-36-17-11#breadcrumb\",\"itemListElement\":[{\"@type\":\"ListItem\",\"position\":1,\"name\":\"Anasayfa\",\"item\":\"https:\\\/\\\/bodur.com.tr\\\/\"},{\"@type\":\"ListItem\",\"position\":2,\"name\":\"\u00dcr\u00fcnler\",\"item\":\"https:\\\/\\\/bodur.com.tr\\\/magaza\"},{\"@type\":\"ListItem\",\"position\":3,\"name\":\"BD.36.17.11 +\"}]},{\"@type\":\"WebSite\",\"@id\":\"https:\\\/\\\/bodur.com.tr\\\/#website\",\"url\":\"https:\\\/\\\/bodur.com.tr\\\/\",\"name\":\"Bodur End\u00fcstriyel\",\"description\":\"\",\"publisher\":{\"@id\":\"https:\\\/\\\/bodur.com.tr\\\/#organization\"},\"potentialAction\":[{\"@type\":\"SearchAction\",\"target\":{\"@type\":\"EntryPoint\",\"urlTemplate\":\"https:\\\/\\\/bodur.com.tr\\\/?s={search_term_string}\"},\"query-input\":{\"@type\":\"PropertyValueSpecification\",\"valueRequired\":true,\"valueName\":\"search_term_string\"}}],\"inLanguage\":\"uk\"},{\"@type\":\"Organization\",\"@id\":\"https:\\\/\\\/bodur.com.tr\\\/#organization\",\"name\":\"Bodur End\u00fcstriyel\",\"url\":\"https:\\\/\\\/bodur.com.tr\\\/\",\"logo\":{\"@type\":\"ImageObject\",\"inLanguage\":\"uk\",\"@id\":\"https:\\\/\\\/bodur.com.tr\\\/#\\\/schema\\\/logo\\\/image\\\/\",\"url\":\"https:\\\/\\\/bodur.com.tr\\\/wp-content\\\/uploads\\\/51834268_258721005017375_5556593430731161600_n.jpg\",\"contentUrl\":\"https:\\\/\\\/bodur.com.tr\\\/wp-content\\\/uploads\\\/51834268_258721005017375_5556593430731161600_n.jpg\",\"width\":320,\"height\":320,\"caption\":\"Bodur End\u00fcstriyel\"},\"image\":{\"@id\":\"https:\\\/\\\/bodur.com.tr\\\/#\\\/schema\\\/logo\\\/image\\\/\"},\"sameAs\":[\"https:\\\/\\\/www.facebook.com\\\/bodurendustriyel\",\"https:\\\/\\\/www.instagram.com\\\/bodurendustriyel\\\/\",\"https:\\\/\\\/www.youtube.com\\\/user\\\/harunbodur\"]}]}<\/script>\n<!-- \/ Yoast SEO plugin. -->","yoast_head_json":{"title":"BD.36.17.11 +","robots":{"index":"index","follow":"follow","max-snippet":"max-snippet:-1","max-image-preview":"max-image-preview:large","max-video-preview":"max-video-preview:-1"},"canonical":"https:\/\/bodur.com.tr\/uk\/product\/\u0431\u0443\u0434-36-17-11\/","og_locale":"uk_UA","og_type":"article","og_title":"BD.36.17.11 +","og_description":"H2000xW800xD730 mm boyutlar\u0131nda  Aksesuarlar hari\u00e7 130\u00a0kg  DKP ve HRP sac malzeme  Elektrostatik toz boya  RAL7016 (Koyu Gri) ve RAL7011 (A\u00e7\u0131k Gri)  H940xW770 mm delikli pano \u00f6l\u00e7\u00fcs\u00fc  W770xD200 mm pano raf\u0131  (W800xD690) tabla \u00f6l\u00e7\u00fcs\u00fc  Standart 40 mm Masif Panel - KAYIN  2 adet kapakl\u0131 220 V toprakl\u0131 priz (IP44 Koruma S\u0131n\u0131f\u0131)  1 adet led anahtar\u0131  G\u00f6mme Led Ayd\u0131nlatma (2x9W)","og_url":"https:\/\/bodur.com.tr\/uk\/product\/\u0431\u0443\u0434-36-17-11\/","og_site_name":"Bodur End\u00fcstriyel","article_publisher":"https:\/\/www.facebook.com\/bodurendustriyel","article_modified_time":"2026-03-20T14:13:55+00:00","og_image":[{"width":2480,"height":2480,"url":"https:\/\/bodur.com.tr\/wp-content\/uploads\/BD361711_H2000xW800xD730_01.jpg","type":"image\/jpeg"}],"twitter_card":"summary_large_image","schema":{"@context":"https:\/\/schema.org","@graph":[{"@type":"WebPage","@id":"https:\/\/bodur.com.tr\/urun\/bd-36-17-11","url":"https:\/\/bodur.com.tr\/urun\/bd-36-17-11","name":"BD.36.17.11 +","isPartOf":{"@id":"https:\/\/bodur.com.tr\/#website"},"primaryImageOfPage":{"@id":"https:\/\/bodur.com.tr\/urun\/bd-36-17-11#primaryimage"},"image":{"@id":"https:\/\/bodur.com.tr\/urun\/bd-36-17-11#primaryimage"},"thumbnailUrl":"https:\/\/bodur.com.tr\/wp-content\/uploads\/BD361711_H2000xW800xD730_01.jpg","datePublished":"2024-09-04T16:05:24+00:00","dateModified":"2026-03-20T14:13:55+00:00","breadcrumb":{"@id":"https:\/\/bodur.com.tr\/urun\/bd-36-17-11#breadcrumb"},"inLanguage":"uk","potentialAction":[{"@type":"ReadAction","target":["https:\/\/bodur.com.tr\/urun\/bd-36-17-11"]}]},{"@type":"ImageObject","inLanguage":"uk","@id":"https:\/\/bodur.com.tr\/urun\/bd-36-17-11#primaryimage","url":"https:\/\/bodur.com.tr\/wp-content\/uploads\/BD361711_H2000xW800xD730_01.jpg","contentUrl":"https:\/\/bodur.com.tr\/wp-content\/uploads\/BD361711_H2000xW800xD730_01.jpg","width":2480,"height":2480,"caption":"BD.36.17.11 +"},{"@type":"BreadcrumbList","@id":"https:\/\/bodur.com.tr\/urun\/bd-36-17-11#breadcrumb","itemListElement":[{"@type":"ListItem","position":1,"name":"Anasayfa","item":"https:\/\/bodur.com.tr\/"},{"@type":"ListItem","position":2,"name":"\u00dcr\u00fcnler","item":"https:\/\/bodur.com.tr\/magaza"},{"@type":"ListItem","position":3,"name":"BD.36.17.11 +"}]},{"@type":"WebSite","@id":"https:\/\/bodur.com.tr\/#website","url":"https:\/\/bodur.com.tr\/","name":"\u0411\u043e\u0434\u0443\u0440 \u0406\u043d\u0434\u0443\u0441\u0442\u0440\u0456\u0430\u043b","description":"","publisher":{"@id":"https:\/\/bodur.com.tr\/#organization"},"potentialAction":[{"@type":"SearchAction","target":{"@type":"EntryPoint","urlTemplate":"https:\/\/bodur.com.tr\/?s={search_term_string}"},"query-input":{"@type":"PropertyValueSpecification","valueRequired":true,"valueName":"search_term_string"}}],"inLanguage":"uk"},{"@type":"Organization","@id":"https:\/\/bodur.com.tr\/#organization","name":"\u0411\u043e\u0434\u0443\u0440 \u0406\u043d\u0434\u0443\u0441\u0442\u0440\u0456\u0430\u043b","url":"https:\/\/bodur.com.tr\/","logo":{"@type":"ImageObject","inLanguage":"uk","@id":"https:\/\/bodur.com.tr\/#\/schema\/logo\/image\/","url":"https:\/\/bodur.com.tr\/wp-content\/uploads\/51834268_258721005017375_5556593430731161600_n.jpg","contentUrl":"https:\/\/bodur.com.tr\/wp-content\/uploads\/51834268_258721005017375_5556593430731161600_n.jpg","width":320,"height":320,"caption":"Bodur End\u00fcstriyel"},"image":{"@id":"https:\/\/bodur.com.tr\/#\/schema\/logo\/image\/"},"sameAs":["https:\/\/www.facebook.com\/bodurendustriyel","https:\/\/www.instagram.com\/bodurendustriyel\/","https:\/\/www.youtube.com\/user\/harunbodur"]}]}},"_links":{"self":[{"href":"https:\/\/bodur.com.tr\/uk\/wp-json\/wp\/v2\/product\/19897","targetHints":{"allow":["GET"]}}],"collection":[{"href":"https:\/\/bodur.com.tr\/uk\/wp-json\/wp\/v2\/product"}],"about":[{"href":"https:\/\/bodur.com.tr\/uk\/wp-json\/wp\/v2\/types\/product"}],"wp:featuredmedia":[{"embeddable":true,"href":"https:\/\/bodur.com.tr\/uk\/wp-json\/wp\/v2\/media\/19898"}],"wp:attachment":[{"href":"https:\/\/bodur.com.tr\/uk\/wp-json\/wp\/v2\/media?parent=19897"}],"wp:term":[{"taxonomy":"product_brand","embeddable":true,"href":"https:\/\/bodur.com.tr\/uk\/wp-json\/wp\/v2\/product_brand?post=19897"},{"taxonomy":"product_cat","embeddable":true,"href":"https:\/\/bodur.com.tr\/uk\/wp-json\/wp\/v2\/product_cat?post=19897"},{"taxonomy":"product_tag","embeddable":true,"href":"https:\/\/bodur.com.tr\/uk\/wp-json\/wp\/v2\/product_tag?post=19897"}],"curies":[{"name":"wp","href":"https:\/\/api.w.org\/{rel}","templated":true}]}}