{"id":1727,"date":"2021-05-03T00:00:00","date_gmt":"2021-05-02T21:00:00","guid":{"rendered":"https:\/\/bodur.com.tr\/urun\/36-18-90-51-aydinlatma-kapama-1240"},"modified":"2022-11-01T12:12:13","modified_gmt":"2022-11-01T09:12:13","slug":"36-18-90-51-aydinlatma-kapama-1240","status":"publish","type":"product","link":"https:\/\/bodur.com.tr\/uk\/urun\/36-18-90-51-aydinlatma-kapama-1240","title":{"rendered":"36.18.90.51 Ayd\u0131nlatma Kapama"},"content":{"rendered":"<p>36.18.90.51 Ayd\u0131nlatma Kapama mod\u00fcl\u00fc, <a href=\"https:\/\/bodur.com.tr\/uk\/%d0%bf%d1%80%d0%be%d0%b4%d1%83%d0%ba%d1%82%d0%b8\/%d0%bb%d1%96%d1%87%d0%b8%d0%bb%d1%8c%d0%bd%d0%b8%d0%ba%d0%b8\/proline-calisma-tezgahlari\/\">\u041f\u0440\u043e\u043b\u0456\u043d <\/a>\u0406 <a href=\"https:\/\/bodur.com.tr\/uk\/%d0%bf%d1%80%d0%be%d0%b4%d1%83%d0%ba%d1%82%d0%b8\/%d0%bb%d1%96%d1%87%d0%b8%d0%bb%d1%8c%d0%bd%d0%b8%d0%ba%d0%b8\/%d0%bc%d0%be%d0%b4%d1%83%d0%bb%d1%8c%d0%bd%d1%96-%d0%b2%d0%b5%d1%80%d1%81%d1%82%d0%b0%d0%ba%d0%b8\/\">\u041c\u043e\u0434\u0443\u043b\u0456\u043d<\/a> \u0412\u0456\u043d \u0432\u0438\u043a\u043e\u0440\u0438\u0441\u0442\u043e\u0432\u0443\u0454\u0442\u044c\u0441\u044f \u0432 \u043d\u0430\u0448\u0456\u0439 \u0441\u0435\u0440\u0456\u0457 \u0440\u043e\u0431\u043e\u0447\u0438\u0445 \u0441\u0442\u043e\u043b\u0456\u0432. \u0412\u0456\u043d \u0432\u0438\u0433\u043e\u0442\u043e\u0432\u043b\u0435\u043d\u0438\u0439 \u0437 \u043b\u0438\u0441\u0442\u043e\u0432\u043e\u0433\u043e \u043c\u0435\u0442\u0430\u043b\u0443 DKP \u0442\u0430 HRP \u0456 \u043c\u043e\u0436\u0435 \u0431\u0443\u0442\u0438 \u043f\u043e\u0444\u0430\u0440\u0431\u043e\u0432\u0430\u043d\u0438\u0439 \u0443 \u043a\u043e\u043b\u044c\u043e\u0440\u0438, \u0434\u043e\u0441\u0442\u0443\u043f\u043d\u0456 \u0432 \u043d\u0430\u0448\u0438\u0445 \u043a\u043e\u043b\u044c\u043e\u0440\u043e\u0432\u0438\u0445 \u0433\u0430\u043c\u0430\u0445. <\/p>","protected":false},"excerpt":{"rendered":"<p><strong>\u0422\u0435\u0445\u043d\u0456\u0447\u043d\u0456 \u0445\u0430\u0440\u0430\u043a\u0442\u0435\u0440\u0438\u0441\u0442\u0438\u043a\u0438 \u043f\u0440\u043e\u0434\u0443\u043a\u0442\u0443:<\/strong><\/p>\n<ul>\n<li>H40xW1240xD60 mm boyutlar\u0131nda.<\/li>\n<li>\u0412\u0430\u0433\u0430 \u043d\u0435\u0442\u0442\u043e 1 \u043a\u0433.<\/li>\n<li>\u041b\u0438\u0441\u0442\u043e\u0432\u0456 \u043c\u0435\u0442\u0430\u043b\u0438 DKP \u0442\u0430 HRP.<\/li>\n<li>\u0415\u043b\u0435\u043a\u0442\u0440\u043e\u0441\u0442\u0430\u0442\u0438\u0447\u043d\u0435 \u043f\u043e\u0440\u043e\u0448\u043a\u043e\u0432\u0435 \u043f\u043e\u043a\u0440\u0438\u0442\u0442\u044f.<\/li>\n<li>RAL7016 (\u0410\u043d\u0442\u0440\u0430\u0446\u0438\u0442\u043e\u0432\u043e-\u0441\u0456\u0440\u0438\u0439) (\u0417\u043c\u0456\u043d\u043d\u0438\u0439)<\/li>\n<\/ul>","protected":false},"featured_media":1728,"template":"","meta":[],"product_brand":[],"product_cat":[17],"product_tag":[],"class_list":{"0":"post-1727","1":"product","2":"type-product","3":"status-publish","4":"has-post-thumbnail","6":"product_cat-moduline-moduller","8":"first","9":"instock","10":"shipping-taxable","11":"product-type-simple"},"yoast_head":"<!-- This site is optimized with the Yoast SEO plugin v27.4 - https:\/\/yoast.com\/product\/yoast-seo-wordpress\/ -->\n<title>36.18.90.51 Ayd\u0131nlatma Kapama<\/title>\n<meta name=\"robots\" content=\"index, follow, max-snippet:-1, max-image-preview:large, max-video-preview:-1\" \/>\n<link rel=\"canonical\" href=\"https:\/\/bodur.com.tr\/uk\/product\/36-18-90-51-aydinlatma-kapama-1240\/\" \/>\n<meta property=\"og:locale\" content=\"uk_UA\" \/>\n<meta property=\"og:type\" content=\"article\" \/>\n<meta property=\"og:title\" content=\"36.18.90.51 Ayd\u0131nlatma Kapama\" \/>\n<meta property=\"og:description\" content=\"\u00dcr\u00fcn\u00fcn Teknik \u00d6zellikleri:   H40xW1240xD60 mm boyutlar\u0131nda.  Net a\u011f\u0131rl\u0131k 1 kg.  DKP ve HRP sac malzeme.  Elektrostatik toz boya.  RAL7016 (Antrasit gri)(De\u011fi\u015ftirilebilir)\" \/>\n<meta property=\"og:url\" content=\"https:\/\/bodur.com.tr\/uk\/product\/36-18-90-51-aydinlatma-kapama-1240\/\" \/>\n<meta property=\"og:site_name\" content=\"Bodur End\u00fcstriyel\" \/>\n<meta property=\"article:publisher\" content=\"https:\/\/www.facebook.com\/bodurendustriyel\" \/>\n<meta property=\"article:modified_time\" content=\"2022-11-01T09:12:13+00:00\" \/>\n<meta property=\"og:image\" content=\"https:\/\/bodur.com.tr\/wp-content\/uploads\/36189051_Aydinlatma1240_r1.jpg\" \/>\n\t<meta property=\"og:image:width\" content=\"1024\" \/>\n\t<meta property=\"og:image:height\" content=\"1024\" \/>\n\t<meta property=\"og:image:type\" content=\"image\/jpeg\" \/>\n<meta name=\"twitter:card\" content=\"summary_large_image\" \/>\n<script type=\"application\/ld+json\" class=\"yoast-schema-graph\">{\"@context\":\"https:\\\/\\\/schema.org\",\"@graph\":[{\"@type\":\"WebPage\",\"@id\":\"https:\\\/\\\/bodur.com.tr\\\/urun\\\/36-18-90-51-aydinlatma-kapama-1240\",\"url\":\"https:\\\/\\\/bodur.com.tr\\\/urun\\\/36-18-90-51-aydinlatma-kapama-1240\",\"name\":\"36.18.90.51 Ayd\u0131nlatma Kapama\",\"isPartOf\":{\"@id\":\"https:\\\/\\\/bodur.com.tr\\\/#website\"},\"primaryImageOfPage\":{\"@id\":\"https:\\\/\\\/bodur.com.tr\\\/urun\\\/36-18-90-51-aydinlatma-kapama-1240#primaryimage\"},\"image\":{\"@id\":\"https:\\\/\\\/bodur.com.tr\\\/urun\\\/36-18-90-51-aydinlatma-kapama-1240#primaryimage\"},\"thumbnailUrl\":\"https:\\\/\\\/bodur.com.tr\\\/wp-content\\\/uploads\\\/36189051_Aydinlatma1240_r1.jpg\",\"datePublished\":\"2021-05-02T21:00:00+00:00\",\"dateModified\":\"2022-11-01T09:12:13+00:00\",\"breadcrumb\":{\"@id\":\"https:\\\/\\\/bodur.com.tr\\\/urun\\\/36-18-90-51-aydinlatma-kapama-1240#breadcrumb\"},\"inLanguage\":\"uk\",\"potentialAction\":[{\"@type\":\"ReadAction\",\"target\":[\"https:\\\/\\\/bodur.com.tr\\\/urun\\\/36-18-90-51-aydinlatma-kapama-1240\"]}]},{\"@type\":\"ImageObject\",\"inLanguage\":\"uk\",\"@id\":\"https:\\\/\\\/bodur.com.tr\\\/urun\\\/36-18-90-51-aydinlatma-kapama-1240#primaryimage\",\"url\":\"https:\\\/\\\/bodur.com.tr\\\/wp-content\\\/uploads\\\/36189051_Aydinlatma1240_r1.jpg\",\"contentUrl\":\"https:\\\/\\\/bodur.com.tr\\\/wp-content\\\/uploads\\\/36189051_Aydinlatma1240_r1.jpg\",\"width\":1024,\"height\":1024,\"caption\":\"36189051_Aydinlatma(1240)_01\"},{\"@type\":\"BreadcrumbList\",\"@id\":\"https:\\\/\\\/bodur.com.tr\\\/urun\\\/36-18-90-51-aydinlatma-kapama-1240#breadcrumb\",\"itemListElement\":[{\"@type\":\"ListItem\",\"position\":1,\"name\":\"Anasayfa\",\"item\":\"https:\\\/\\\/bodur.com.tr\\\/\"},{\"@type\":\"ListItem\",\"position\":2,\"name\":\"\u00dcr\u00fcnler\",\"item\":\"https:\\\/\\\/bodur.com.tr\\\/magaza\"},{\"@type\":\"ListItem\",\"position\":3,\"name\":\"36.18.90.51 Ayd\u0131nlatma Kapama\"}]},{\"@type\":\"WebSite\",\"@id\":\"https:\\\/\\\/bodur.com.tr\\\/#website\",\"url\":\"https:\\\/\\\/bodur.com.tr\\\/\",\"name\":\"Bodur End\u00fcstriyel\",\"description\":\"\",\"publisher\":{\"@id\":\"https:\\\/\\\/bodur.com.tr\\\/#organization\"},\"potentialAction\":[{\"@type\":\"SearchAction\",\"target\":{\"@type\":\"EntryPoint\",\"urlTemplate\":\"https:\\\/\\\/bodur.com.tr\\\/?s={search_term_string}\"},\"query-input\":{\"@type\":\"PropertyValueSpecification\",\"valueRequired\":true,\"valueName\":\"search_term_string\"}}],\"inLanguage\":\"uk\"},{\"@type\":\"Organization\",\"@id\":\"https:\\\/\\\/bodur.com.tr\\\/#organization\",\"name\":\"Bodur End\u00fcstriyel\",\"url\":\"https:\\\/\\\/bodur.com.tr\\\/\",\"logo\":{\"@type\":\"ImageObject\",\"inLanguage\":\"uk\",\"@id\":\"https:\\\/\\\/bodur.com.tr\\\/#\\\/schema\\\/logo\\\/image\\\/\",\"url\":\"https:\\\/\\\/bodur.com.tr\\\/wp-content\\\/uploads\\\/51834268_258721005017375_5556593430731161600_n.jpg\",\"contentUrl\":\"https:\\\/\\\/bodur.com.tr\\\/wp-content\\\/uploads\\\/51834268_258721005017375_5556593430731161600_n.jpg\",\"width\":320,\"height\":320,\"caption\":\"Bodur End\u00fcstriyel\"},\"image\":{\"@id\":\"https:\\\/\\\/bodur.com.tr\\\/#\\\/schema\\\/logo\\\/image\\\/\"},\"sameAs\":[\"https:\\\/\\\/www.facebook.com\\\/bodurendustriyel\",\"https:\\\/\\\/www.instagram.com\\\/bodurendustriyel\\\/\",\"https:\\\/\\\/www.youtube.com\\\/user\\\/harunbodur\"]}]}<\/script>\n<!-- \/ Yoast SEO plugin. -->","yoast_head_json":{"title":"36.18.90.51 Ayd\u0131nlatma Kapama","robots":{"index":"index","follow":"follow","max-snippet":"max-snippet:-1","max-image-preview":"max-image-preview:large","max-video-preview":"max-video-preview:-1"},"canonical":"https:\/\/bodur.com.tr\/uk\/product\/36-18-90-51-aydinlatma-kapama-1240\/","og_locale":"uk_UA","og_type":"article","og_title":"36.18.90.51 Ayd\u0131nlatma Kapama","og_description":"\u00dcr\u00fcn\u00fcn Teknik \u00d6zellikleri:   H40xW1240xD60 mm boyutlar\u0131nda.  Net a\u011f\u0131rl\u0131k 1 kg.  DKP ve HRP sac malzeme.  Elektrostatik toz boya.  RAL7016 (Antrasit gri)(De\u011fi\u015ftirilebilir)","og_url":"https:\/\/bodur.com.tr\/uk\/product\/36-18-90-51-aydinlatma-kapama-1240\/","og_site_name":"Bodur End\u00fcstriyel","article_publisher":"https:\/\/www.facebook.com\/bodurendustriyel","article_modified_time":"2022-11-01T09:12:13+00:00","og_image":[{"width":1024,"height":1024,"url":"https:\/\/bodur.com.tr\/wp-content\/uploads\/36189051_Aydinlatma1240_r1.jpg","type":"image\/jpeg"}],"twitter_card":"summary_large_image","schema":{"@context":"https:\/\/schema.org","@graph":[{"@type":"WebPage","@id":"https:\/\/bodur.com.tr\/urun\/36-18-90-51-aydinlatma-kapama-1240","url":"https:\/\/bodur.com.tr\/urun\/36-18-90-51-aydinlatma-kapama-1240","name":"36.18.90.51 Ayd\u0131nlatma Kapama","isPartOf":{"@id":"https:\/\/bodur.com.tr\/#website"},"primaryImageOfPage":{"@id":"https:\/\/bodur.com.tr\/urun\/36-18-90-51-aydinlatma-kapama-1240#primaryimage"},"image":{"@id":"https:\/\/bodur.com.tr\/urun\/36-18-90-51-aydinlatma-kapama-1240#primaryimage"},"thumbnailUrl":"https:\/\/bodur.com.tr\/wp-content\/uploads\/36189051_Aydinlatma1240_r1.jpg","datePublished":"2021-05-02T21:00:00+00:00","dateModified":"2022-11-01T09:12:13+00:00","breadcrumb":{"@id":"https:\/\/bodur.com.tr\/urun\/36-18-90-51-aydinlatma-kapama-1240#breadcrumb"},"inLanguage":"uk","potentialAction":[{"@type":"ReadAction","target":["https:\/\/bodur.com.tr\/urun\/36-18-90-51-aydinlatma-kapama-1240"]}]},{"@type":"ImageObject","inLanguage":"uk","@id":"https:\/\/bodur.com.tr\/urun\/36-18-90-51-aydinlatma-kapama-1240#primaryimage","url":"https:\/\/bodur.com.tr\/wp-content\/uploads\/36189051_Aydinlatma1240_r1.jpg","contentUrl":"https:\/\/bodur.com.tr\/wp-content\/uploads\/36189051_Aydinlatma1240_r1.jpg","width":1024,"height":1024,"caption":"36189051_Aydinlatma(1240)_01"},{"@type":"BreadcrumbList","@id":"https:\/\/bodur.com.tr\/urun\/36-18-90-51-aydinlatma-kapama-1240#breadcrumb","itemListElement":[{"@type":"ListItem","position":1,"name":"Anasayfa","item":"https:\/\/bodur.com.tr\/"},{"@type":"ListItem","position":2,"name":"\u00dcr\u00fcnler","item":"https:\/\/bodur.com.tr\/magaza"},{"@type":"ListItem","position":3,"name":"36.18.90.51 Ayd\u0131nlatma Kapama"}]},{"@type":"WebSite","@id":"https:\/\/bodur.com.tr\/#website","url":"https:\/\/bodur.com.tr\/","name":"\u0411\u043e\u0434\u0443\u0440 \u0406\u043d\u0434\u0443\u0441\u0442\u0440\u0456\u0430\u043b","description":"","publisher":{"@id":"https:\/\/bodur.com.tr\/#organization"},"potentialAction":[{"@type":"SearchAction","target":{"@type":"EntryPoint","urlTemplate":"https:\/\/bodur.com.tr\/?s={search_term_string}"},"query-input":{"@type":"PropertyValueSpecification","valueRequired":true,"valueName":"search_term_string"}}],"inLanguage":"uk"},{"@type":"Organization","@id":"https:\/\/bodur.com.tr\/#organization","name":"\u0411\u043e\u0434\u0443\u0440 \u0406\u043d\u0434\u0443\u0441\u0442\u0440\u0456\u0430\u043b","url":"https:\/\/bodur.com.tr\/","logo":{"@type":"ImageObject","inLanguage":"uk","@id":"https:\/\/bodur.com.tr\/#\/schema\/logo\/image\/","url":"https:\/\/bodur.com.tr\/wp-content\/uploads\/51834268_258721005017375_5556593430731161600_n.jpg","contentUrl":"https:\/\/bodur.com.tr\/wp-content\/uploads\/51834268_258721005017375_5556593430731161600_n.jpg","width":320,"height":320,"caption":"Bodur End\u00fcstriyel"},"image":{"@id":"https:\/\/bodur.com.tr\/#\/schema\/logo\/image\/"},"sameAs":["https:\/\/www.facebook.com\/bodurendustriyel","https:\/\/www.instagram.com\/bodurendustriyel\/","https:\/\/www.youtube.com\/user\/harunbodur"]}]}},"_links":{"self":[{"href":"https:\/\/bodur.com.tr\/uk\/wp-json\/wp\/v2\/product\/1727","targetHints":{"allow":["GET"]}}],"collection":[{"href":"https:\/\/bodur.com.tr\/uk\/wp-json\/wp\/v2\/product"}],"about":[{"href":"https:\/\/bodur.com.tr\/uk\/wp-json\/wp\/v2\/types\/product"}],"wp:featuredmedia":[{"embeddable":true,"href":"https:\/\/bodur.com.tr\/uk\/wp-json\/wp\/v2\/media\/1728"}],"wp:attachment":[{"href":"https:\/\/bodur.com.tr\/uk\/wp-json\/wp\/v2\/media?parent=1727"}],"wp:term":[{"taxonomy":"product_brand","embeddable":true,"href":"https:\/\/bodur.com.tr\/uk\/wp-json\/wp\/v2\/product_brand?post=1727"},{"taxonomy":"product_cat","embeddable":true,"href":"https:\/\/bodur.com.tr\/uk\/wp-json\/wp\/v2\/product_cat?post=1727"},{"taxonomy":"product_tag","embeddable":true,"href":"https:\/\/bodur.com.tr\/uk\/wp-json\/wp\/v2\/product_tag?post=1727"}],"curies":[{"name":"wp","href":"https:\/\/api.w.org\/{rel}","templated":true}]}}