{"id":16738,"date":"2024-03-20T20:05:35","date_gmt":"2024-03-20T17:05:35","guid":{"rendered":"https:\/\/bodur.com.tr\/?post_type=product&#038;p=16738"},"modified":"2026-03-22T16:57:42","modified_gmt":"2026-03-22T13:57:42","slug":"bd-36-80-14","status":"publish","type":"product","link":"https:\/\/bodur.com.tr\/uk\/urun\/bd-36-80-14","title":{"rendered":"BD.36.80.14"},"content":{"rendered":"<p>BD.36.80.14 Ecoline \u00c7al\u0131\u015fma Tezgah\u0131, geni\u015f \u00e7al\u0131\u015fma alan\u0131 ve sa\u011flam yap\u0131s\u0131yla k\u00fc\u00e7\u00fck, orta ve b\u00fcy\u00fck \u00f6l\u00e7ekli i\u015fletmeler, at\u00f6lyeler ve oto servisleri i\u00e7in ideal bir se\u00e7enektir. Tezgah, 900x1500x700 mm boyutlar\u0131nda olup, aksesuarlar hari\u00e7 48 kg a\u011f\u0131rl\u0131\u011f\u0131ndad\u0131r.<\/p>\n<p>DKP ve HRP sac malzemelerden \u00fcretilmi\u015f olan tezgah, dayan\u0131kl\u0131 ve uzun \u00f6m\u00fcrl\u00fc bir kullan\u0131m sa\u011flar. Elektrostatik toz boya ile kaplanm\u0131\u015f olup, kullan\u0131c\u0131lar\u0131n tercihine g\u00f6re RAL7016 (Antrasit gri) veya RAL7011 (Gri) renk se\u00e7enekleri sunar.<\/p>\n<p>Tezgah\u0131n temel \u00f6zellikleri aras\u0131nda, W1500xD670 mm boyutlar\u0131nda 30 mm kal\u0131nl\u0131\u011f\u0131nda HAM MDF tabla bulunmaktad\u0131r. Bu \u00f6zellikler, kullan\u0131c\u0131lar\u0131n geni\u015f bir \u00e7al\u0131\u015fma alan\u0131nda rahat\u00e7a \u00e7al\u0131\u015fmalar\u0131na imkan tan\u0131r.<\/p>\n<p>Tezgah, opsionel olarak priz eklemek veya \u00e7\u0131karmak i\u00e7in de uygun bir yap\u0131ya sahiptir, b\u00f6ylece kullan\u0131c\u0131lar elektrikli aletlerini kolayca ba\u011flayabilir veya \u00e7\u0131karabilirler.<\/p>","protected":false},"excerpt":{"rendered":"<p>BD.36.80.14 Ecoline \u00c7al\u0131\u015fma Tezgah\u0131, geni\u015f \u00e7al\u0131\u015fma alan\u0131 ve sa\u011flam yap\u0131s\u0131yla dikkat \u00e7eker. Aksesuarlar hari\u00e7 48 kg a\u011f\u0131rl\u0131\u011f\u0131ndad\u0131r.<\/p>\n<p><strong>\u041e\u043f\u0438\u0441 \u043f\u0440\u043e\u0434\u0443\u043a\u0442\u0443:<\/strong><\/p>\n<ul>\n<li>H900xW1500xD700 mm boyutlar\u0131nda.<\/li>\n<li>Aksesuarlar hari\u00e7 48 kg.<\/li>\n<li>\u041b\u0438\u0441\u0442\u043e\u0432\u0456 \u043c\u0435\u0442\u0430\u043b\u0438 DKP \u0442\u0430 HRP.<\/li>\n<li>Elektrostatik toz boya \/ RAL7016 (Antrasit gri) ve RAL7011(Gri)(De\u011fi\u015ftirilebilir.<wbr \/>)<\/li>\n<li>\u0420\u043e\u0437\u043c\u0456\u0440 \u0441\u0442\u043e\u043b\u0443 \u04281500x\u0413670 \/ 30 \u043c\u043c \u043d\u0435\u043e\u0431\u0440\u043e\u0431\u043b\u0435\u043d\u0438\u0439 \u041c\u0414\u0424<\/li>\n<\/ul>","protected":false},"featured_media":16740,"template":"","meta":[],"product_brand":[],"product_cat":[203],"product_tag":[],"class_list":{"0":"post-16738","1":"product","2":"type-product","3":"status-publish","4":"has-post-thumbnail","6":"product_cat-ecoline-calisma-tezgahlari","8":"first","9":"instock","10":"shipping-taxable","11":"product-type-simple"},"yoast_head":"<!-- This site is optimized with the Yoast SEO plugin v27.4 - https:\/\/yoast.com\/product\/yoast-seo-wordpress\/ -->\n<title>BD.36.80.14<\/title>\n<meta name=\"robots\" content=\"index, follow, max-snippet:-1, max-image-preview:large, max-video-preview:-1\" \/>\n<link rel=\"canonical\" href=\"https:\/\/bodur.com.tr\/uk\/product\/bd-36-80-14\/\" \/>\n<meta property=\"og:locale\" content=\"uk_UA\" \/>\n<meta property=\"og:type\" content=\"article\" \/>\n<meta property=\"og:title\" content=\"BD.36.80.14\" \/>\n<meta property=\"og:description\" content=\"BD.36.80.14 Ecoline \u00c7al\u0131\u015fma Tezgah\u0131, geni\u015f \u00e7al\u0131\u015fma alan\u0131 ve sa\u011flam yap\u0131s\u0131yla dikkat \u00e7eker. Aksesuarlar hari\u00e7 48 kg a\u011f\u0131rl\u0131\u011f\u0131ndad\u0131r.  \u00dcr\u00fcn a\u00e7\u0131klamas\u0131:   H900xW1500xD700 mm boyutlar\u0131nda.  Aksesuarlar hari\u00e7 48 kg.  DKP ve HRP sac malzeme.  Elektrostatik toz boya \/ RAL7016 (Antrasit gri) ve RAL7011(Gri)(De\u011fi\u015ftirilebilir.)  W1500xD670 Tabla \u00f6l\u00e7\u00fcs\u00fc \/ 30 mm HAM MDF\" \/>\n<meta property=\"og:url\" content=\"https:\/\/bodur.com.tr\/uk\/product\/bd-36-80-14\/\" \/>\n<meta property=\"og:site_name\" content=\"Bodur End\u00fcstriyel\" \/>\n<meta property=\"article:publisher\" content=\"https:\/\/www.facebook.com\/bodurendustriyel\" \/>\n<meta property=\"article:modified_time\" content=\"2026-03-22T13:57:42+00:00\" \/>\n<meta property=\"og:image\" content=\"https:\/\/bodur.com.tr\/wp-content\/uploads\/BD-36-80-14-ecoline-calisma-tezgahi-1.jpg\" \/>\n\t<meta property=\"og:image:width\" content=\"1280\" \/>\n\t<meta property=\"og:image:height\" content=\"1280\" \/>\n\t<meta property=\"og:image:type\" content=\"image\/jpeg\" \/>\n<meta name=\"twitter:card\" content=\"summary_large_image\" \/>\n<script type=\"application\/ld+json\" class=\"yoast-schema-graph\">{\"@context\":\"https:\\\/\\\/schema.org\",\"@graph\":[{\"@type\":\"WebPage\",\"@id\":\"https:\\\/\\\/bodur.com.tr\\\/urun\\\/bd-36-80-14\",\"url\":\"https:\\\/\\\/bodur.com.tr\\\/urun\\\/bd-36-80-14\",\"name\":\"BD.36.80.14\",\"isPartOf\":{\"@id\":\"https:\\\/\\\/bodur.com.tr\\\/#website\"},\"primaryImageOfPage\":{\"@id\":\"https:\\\/\\\/bodur.com.tr\\\/urun\\\/bd-36-80-14#primaryimage\"},\"image\":{\"@id\":\"https:\\\/\\\/bodur.com.tr\\\/urun\\\/bd-36-80-14#primaryimage\"},\"thumbnailUrl\":\"https:\\\/\\\/bodur.com.tr\\\/wp-content\\\/uploads\\\/BD-36-80-14-ecoline-calisma-tezgahi-1.jpg\",\"datePublished\":\"2024-03-20T17:05:35+00:00\",\"dateModified\":\"2026-03-22T13:57:42+00:00\",\"breadcrumb\":{\"@id\":\"https:\\\/\\\/bodur.com.tr\\\/urun\\\/bd-36-80-14#breadcrumb\"},\"inLanguage\":\"uk\",\"potentialAction\":[{\"@type\":\"ReadAction\",\"target\":[\"https:\\\/\\\/bodur.com.tr\\\/urun\\\/bd-36-80-14\"]}]},{\"@type\":\"ImageObject\",\"inLanguage\":\"uk\",\"@id\":\"https:\\\/\\\/bodur.com.tr\\\/urun\\\/bd-36-80-14#primaryimage\",\"url\":\"https:\\\/\\\/bodur.com.tr\\\/wp-content\\\/uploads\\\/BD-36-80-14-ecoline-calisma-tezgahi-1.jpg\",\"contentUrl\":\"https:\\\/\\\/bodur.com.tr\\\/wp-content\\\/uploads\\\/BD-36-80-14-ecoline-calisma-tezgahi-1.jpg\",\"width\":1280,\"height\":1280,\"caption\":\"BD.36.80.14 Ecoline \u00c7al\u0131\u015fma Tezgah\u0131\"},{\"@type\":\"BreadcrumbList\",\"@id\":\"https:\\\/\\\/bodur.com.tr\\\/urun\\\/bd-36-80-14#breadcrumb\",\"itemListElement\":[{\"@type\":\"ListItem\",\"position\":1,\"name\":\"Anasayfa\",\"item\":\"https:\\\/\\\/bodur.com.tr\\\/\"},{\"@type\":\"ListItem\",\"position\":2,\"name\":\"\u00dcr\u00fcnler\",\"item\":\"https:\\\/\\\/bodur.com.tr\\\/magaza\"},{\"@type\":\"ListItem\",\"position\":3,\"name\":\"BD.36.80.14\"}]},{\"@type\":\"WebSite\",\"@id\":\"https:\\\/\\\/bodur.com.tr\\\/#website\",\"url\":\"https:\\\/\\\/bodur.com.tr\\\/\",\"name\":\"Bodur End\u00fcstriyel\",\"description\":\"\",\"publisher\":{\"@id\":\"https:\\\/\\\/bodur.com.tr\\\/#organization\"},\"potentialAction\":[{\"@type\":\"SearchAction\",\"target\":{\"@type\":\"EntryPoint\",\"urlTemplate\":\"https:\\\/\\\/bodur.com.tr\\\/?s={search_term_string}\"},\"query-input\":{\"@type\":\"PropertyValueSpecification\",\"valueRequired\":true,\"valueName\":\"search_term_string\"}}],\"inLanguage\":\"uk\"},{\"@type\":\"Organization\",\"@id\":\"https:\\\/\\\/bodur.com.tr\\\/#organization\",\"name\":\"Bodur End\u00fcstriyel\",\"url\":\"https:\\\/\\\/bodur.com.tr\\\/\",\"logo\":{\"@type\":\"ImageObject\",\"inLanguage\":\"uk\",\"@id\":\"https:\\\/\\\/bodur.com.tr\\\/#\\\/schema\\\/logo\\\/image\\\/\",\"url\":\"https:\\\/\\\/bodur.com.tr\\\/wp-content\\\/uploads\\\/51834268_258721005017375_5556593430731161600_n.jpg\",\"contentUrl\":\"https:\\\/\\\/bodur.com.tr\\\/wp-content\\\/uploads\\\/51834268_258721005017375_5556593430731161600_n.jpg\",\"width\":320,\"height\":320,\"caption\":\"Bodur End\u00fcstriyel\"},\"image\":{\"@id\":\"https:\\\/\\\/bodur.com.tr\\\/#\\\/schema\\\/logo\\\/image\\\/\"},\"sameAs\":[\"https:\\\/\\\/www.facebook.com\\\/bodurendustriyel\",\"https:\\\/\\\/www.instagram.com\\\/bodurendustriyel\\\/\",\"https:\\\/\\\/www.youtube.com\\\/user\\\/harunbodur\"]}]}<\/script>\n<!-- \/ Yoast SEO plugin. -->","yoast_head_json":{"title":"BD.36.80.14","robots":{"index":"index","follow":"follow","max-snippet":"max-snippet:-1","max-image-preview":"max-image-preview:large","max-video-preview":"max-video-preview:-1"},"canonical":"https:\/\/bodur.com.tr\/uk\/product\/bd-36-80-14\/","og_locale":"uk_UA","og_type":"article","og_title":"BD.36.80.14","og_description":"BD.36.80.14 Ecoline \u00c7al\u0131\u015fma Tezgah\u0131, geni\u015f \u00e7al\u0131\u015fma alan\u0131 ve sa\u011flam yap\u0131s\u0131yla dikkat \u00e7eker. Aksesuarlar hari\u00e7 48 kg a\u011f\u0131rl\u0131\u011f\u0131ndad\u0131r.  \u00dcr\u00fcn a\u00e7\u0131klamas\u0131:   H900xW1500xD700 mm boyutlar\u0131nda.  Aksesuarlar hari\u00e7 48 kg.  DKP ve HRP sac malzeme.  Elektrostatik toz boya \/ RAL7016 (Antrasit gri) ve RAL7011(Gri)(De\u011fi\u015ftirilebilir.)  W1500xD670 Tabla \u00f6l\u00e7\u00fcs\u00fc \/ 30 mm HAM MDF","og_url":"https:\/\/bodur.com.tr\/uk\/product\/bd-36-80-14\/","og_site_name":"Bodur End\u00fcstriyel","article_publisher":"https:\/\/www.facebook.com\/bodurendustriyel","article_modified_time":"2026-03-22T13:57:42+00:00","og_image":[{"width":1280,"height":1280,"url":"https:\/\/bodur.com.tr\/wp-content\/uploads\/BD-36-80-14-ecoline-calisma-tezgahi-1.jpg","type":"image\/jpeg"}],"twitter_card":"summary_large_image","schema":{"@context":"https:\/\/schema.org","@graph":[{"@type":"WebPage","@id":"https:\/\/bodur.com.tr\/urun\/bd-36-80-14","url":"https:\/\/bodur.com.tr\/urun\/bd-36-80-14","name":"BD.36.80.14","isPartOf":{"@id":"https:\/\/bodur.com.tr\/#website"},"primaryImageOfPage":{"@id":"https:\/\/bodur.com.tr\/urun\/bd-36-80-14#primaryimage"},"image":{"@id":"https:\/\/bodur.com.tr\/urun\/bd-36-80-14#primaryimage"},"thumbnailUrl":"https:\/\/bodur.com.tr\/wp-content\/uploads\/BD-36-80-14-ecoline-calisma-tezgahi-1.jpg","datePublished":"2024-03-20T17:05:35+00:00","dateModified":"2026-03-22T13:57:42+00:00","breadcrumb":{"@id":"https:\/\/bodur.com.tr\/urun\/bd-36-80-14#breadcrumb"},"inLanguage":"uk","potentialAction":[{"@type":"ReadAction","target":["https:\/\/bodur.com.tr\/urun\/bd-36-80-14"]}]},{"@type":"ImageObject","inLanguage":"uk","@id":"https:\/\/bodur.com.tr\/urun\/bd-36-80-14#primaryimage","url":"https:\/\/bodur.com.tr\/wp-content\/uploads\/BD-36-80-14-ecoline-calisma-tezgahi-1.jpg","contentUrl":"https:\/\/bodur.com.tr\/wp-content\/uploads\/BD-36-80-14-ecoline-calisma-tezgahi-1.jpg","width":1280,"height":1280,"caption":"BD.36.80.14 Ecoline \u00c7al\u0131\u015fma Tezgah\u0131"},{"@type":"BreadcrumbList","@id":"https:\/\/bodur.com.tr\/urun\/bd-36-80-14#breadcrumb","itemListElement":[{"@type":"ListItem","position":1,"name":"Anasayfa","item":"https:\/\/bodur.com.tr\/"},{"@type":"ListItem","position":2,"name":"\u00dcr\u00fcnler","item":"https:\/\/bodur.com.tr\/magaza"},{"@type":"ListItem","position":3,"name":"BD.36.80.14"}]},{"@type":"WebSite","@id":"https:\/\/bodur.com.tr\/#website","url":"https:\/\/bodur.com.tr\/","name":"\u0411\u043e\u0434\u0443\u0440 \u0406\u043d\u0434\u0443\u0441\u0442\u0440\u0456\u0430\u043b","description":"","publisher":{"@id":"https:\/\/bodur.com.tr\/#organization"},"potentialAction":[{"@type":"SearchAction","target":{"@type":"EntryPoint","urlTemplate":"https:\/\/bodur.com.tr\/?s={search_term_string}"},"query-input":{"@type":"PropertyValueSpecification","valueRequired":true,"valueName":"search_term_string"}}],"inLanguage":"uk"},{"@type":"Organization","@id":"https:\/\/bodur.com.tr\/#organization","name":"\u0411\u043e\u0434\u0443\u0440 \u0406\u043d\u0434\u0443\u0441\u0442\u0440\u0456\u0430\u043b","url":"https:\/\/bodur.com.tr\/","logo":{"@type":"ImageObject","inLanguage":"uk","@id":"https:\/\/bodur.com.tr\/#\/schema\/logo\/image\/","url":"https:\/\/bodur.com.tr\/wp-content\/uploads\/51834268_258721005017375_5556593430731161600_n.jpg","contentUrl":"https:\/\/bodur.com.tr\/wp-content\/uploads\/51834268_258721005017375_5556593430731161600_n.jpg","width":320,"height":320,"caption":"Bodur End\u00fcstriyel"},"image":{"@id":"https:\/\/bodur.com.tr\/#\/schema\/logo\/image\/"},"sameAs":["https:\/\/www.facebook.com\/bodurendustriyel","https:\/\/www.instagram.com\/bodurendustriyel\/","https:\/\/www.youtube.com\/user\/harunbodur"]}]}},"_links":{"self":[{"href":"https:\/\/bodur.com.tr\/uk\/wp-json\/wp\/v2\/product\/16738","targetHints":{"allow":["GET"]}}],"collection":[{"href":"https:\/\/bodur.com.tr\/uk\/wp-json\/wp\/v2\/product"}],"about":[{"href":"https:\/\/bodur.com.tr\/uk\/wp-json\/wp\/v2\/types\/product"}],"wp:featuredmedia":[{"embeddable":true,"href":"https:\/\/bodur.com.tr\/uk\/wp-json\/wp\/v2\/media\/16740"}],"wp:attachment":[{"href":"https:\/\/bodur.com.tr\/uk\/wp-json\/wp\/v2\/media?parent=16738"}],"wp:term":[{"taxonomy":"product_brand","embeddable":true,"href":"https:\/\/bodur.com.tr\/uk\/wp-json\/wp\/v2\/product_brand?post=16738"},{"taxonomy":"product_cat","embeddable":true,"href":"https:\/\/bodur.com.tr\/uk\/wp-json\/wp\/v2\/product_cat?post=16738"},{"taxonomy":"product_tag","embeddable":true,"href":"https:\/\/bodur.com.tr\/uk\/wp-json\/wp\/v2\/product_tag?post=16738"}],"curies":[{"name":"wp","href":"https:\/\/api.w.org\/{rel}","templated":true}]}}