{"id":21497,"date":"2025-05-18T19:07:38","date_gmt":"2025-05-18T16:07:38","guid":{"rendered":"https:\/\/bodur.com.tr\/kariyer-2"},"modified":"2025-06-22T17:46:05","modified_gmt":"2025-06-22T14:46:05","slug":"%d0%ba%d0%b0%d1%80%d1%94%d1%80%d0%b0","status":"publish","type":"page","link":"https:\/\/bodur.com.tr\/uk\/kariyer","title":{"rendered":"\u041a\u0430\u0440&#039;\u0454\u0440\u0430"},"content":{"rendered":"<div data-elementor-type=\"wp-page\" data-elementor-id=\"21497\" class=\"elementor elementor-21497\" data-elementor-post-type=\"page\">\n\t\t\t\t<div class=\"wd-negative-gap elementor-element elementor-element-50dad73d e-flex e-con-boxed e-con e-parent\" data-id=\"50dad73d\" data-element_type=\"container\" data-e-type=\"container\">\n\t\t\t\t\t<div class=\"e-con-inner\">\n\t\t\t\t<div class=\"elementor-element elementor-element-1f975b3c color-scheme-inherit text-left elementor-widget elementor-widget-text-editor\" data-id=\"1f975b3c\" data-element_type=\"widget\" data-e-type=\"widget\" data-widget_type=\"text-editor.default\">\n\t\t\t\t<div class=\"elementor-widget-container\">\n\t\t\t\t\t\t\t\t\t<p style=\"text-align: center;\"><strong><span style=\"color: #0163a1;\">\u041a\u0410\u0420&#039;\u0404\u0420\u0410<\/span><\/strong><\/p>\t\t\t\t\t\t\t\t<\/div>\n\t\t\t\t<\/div>\n\t\t\t\t<div class=\"elementor-element elementor-element-2e6882f color-scheme-inherit text-left elementor-widget elementor-widget-text-editor\" data-id=\"2e6882f\" data-element_type=\"widget\" data-e-type=\"widget\" data-widget_type=\"text-editor.default\">\n\t\t\t\t<div class=\"elementor-widget-container\">\n\t\t\t\t\t\t\t\t\t<p style=\"text-align: center;\"><span style=\"color: #053c6f;\"><strong>\u0414\u0443\u0445 \u0440\u043e\u0431\u043e\u0442\u0438 \u0444\u043e\u0440\u043c\u0443\u044e\u0442\u044c \u043b\u044e\u0434\u0438!<\/strong><\/span><\/p>\t\t\t\t\t\t\t\t<\/div>\n\t\t\t\t<\/div>\n\t\t\t\t<div class=\"elementor-element elementor-element-7bf184b3 text-center color-scheme-inherit elementor-widget elementor-widget-text-editor\" data-id=\"7bf184b3\" data-element_type=\"widget\" data-e-type=\"widget\" data-widget_type=\"text-editor.default\">\n\t\t\t\t<div class=\"elementor-widget-container\">\n\t\t\t\t\t\t\t\t\t<p>\u0423 Bodur \u043f\u0440\u043e\u0446\u0435\u0441 \u043d\u0430\u0439\u043c\u0443 \u0440\u0435\u0442\u0435\u043b\u044c\u043d\u043e \u043f\u0440\u043e\u0432\u043e\u0434\u0438\u0442\u044c\u0441\u044f \u0443 \u0441\u043f\u0456\u0432\u043f\u0440\u0430\u0446\u0456 \u0437 \u043d\u0430\u0448\u0438\u043c\u0438 \u0432\u0456\u0434\u043f\u043e\u0432\u0456\u0434\u043d\u0438\u043c\u0438 \u043a\u0435\u0440\u0456\u0432\u043d\u0438\u043a\u0430\u043c\u0438 \u0432\u0456\u0434\u0434\u0456\u043b\u0456\u0432. \u041c\u0438 \u0432\u0432\u0430\u0436\u0430\u0454\u043c\u043e, \u0449\u043e \u0443\u0441\u043f\u0456\u0445 \u043f\u043e\u043b\u044f\u0433\u0430\u0454 \u0432 \u043f\u043e\u0454\u0434\u043d\u0430\u043d\u043d\u0456 \u0442\u0430\u043b\u0430\u043d\u0442\u0443 \u0442\u0430 \u043f\u0440\u043e\u0434\u0443\u043a\u0442\u0438\u0432\u043d\u043e\u0441\u0442\u0456. \u041c\u0438 \u0448\u0443\u043a\u0430\u0454\u043c\u043e \u0432 \u043a\u0430\u043d\u0434\u0438\u0434\u0430\u0442\u0430\u0445 \u0442\u0430\u043a\u0456 \u044f\u043a\u043e\u0441\u0442\u0456, \u044f\u043a \u043d\u0430\u0432\u0438\u0447\u043a\u0438 \u043a\u043e\u043c\u0430\u043d\u0434\u043d\u043e\u0457 \u0440\u043e\u0431\u043e\u0442\u0438, \u0432\u0456\u0434\u043a\u0440\u0438\u0442\u0456\u0441\u0442\u044c \u0434\u043e \u043d\u0430\u0432\u0447\u0430\u043d\u043d\u044f, \u0430\u043d\u0430\u043b\u0456\u0442\u0438\u0447\u043d\u0435 \u043c\u0438\u0441\u043b\u0435\u043d\u043d\u044f \u0442\u0430 \u043a\u0440\u0435\u0430\u0442\u0438\u0432\u043d\u0456\u0441\u0442\u044c. \u041c\u0438 \u043e\u0446\u0456\u043d\u044e\u0454\u043c\u043e \u043a\u043e\u043c\u043f\u0435\u0442\u0435\u043d\u0446\u0456\u0457, \u043d\u0435\u043e\u0431\u0445\u0456\u0434\u043d\u0456 \u0434\u043b\u044f \u0432\u0456\u0434\u043a\u0440\u0438\u0442\u0438\u0445 \u043f\u043e\u0441\u0430\u0434, \u0456 \u0432\u0456\u0434\u043f\u043e\u0432\u0456\u0434\u043d\u043e \u0432\u043f\u0440\u043e\u0432\u0430\u0434\u0436\u0443\u0454\u043c\u043e \u043f\u0440\u043e\u0446\u0435\u0441 \u0432\u0456\u0434\u0431\u043e\u0440\u0443 \u0442\u0430 \u043f\u0440\u0430\u0446\u0435\u0432\u043b\u0430\u0448\u0442\u0443\u0432\u0430\u043d\u043d\u044f.<\/p><p>\u0417\u0430\u044f\u0432\u043a\u0438 \u0441\u043b\u0456\u0434 \u043d\u0430\u0434\u0441\u0438\u043b\u0430\u0442\u0438 \u043d\u0430 \u0430\u0434\u0440\u0435\u0441\u0443 ik@bodur.com.tr. \u0417\u0430\u0433\u0430\u043b\u044c\u043d\u0456 \u0437\u0430\u044f\u0432\u043a\u0438 \u0442\u0430\u043a\u043e\u0436 \u0432\u0456\u0442\u0430\u044e\u0442\u044c\u0441\u044f \u043f\u0440\u043e\u0442\u044f\u0433\u043e\u043c \u0440\u043e\u043a\u0443, \u043d\u0430\u0432\u0456\u0442\u044c \u043d\u0430 \u043f\u043e\u0441\u0430\u0434\u0438, \u0449\u043e \u043d\u0435 \u0440\u0435\u043a\u043b\u0430\u043c\u0443\u044e\u0442\u044c\u0441\u044f. \u041c\u0438 \u0440\u0435\u0442\u0435\u043b\u044c\u043d\u043e \u0440\u043e\u0437\u0433\u043b\u044f\u0434\u0430\u0454\u043c\u043e \u0437\u0430\u044f\u0432\u043a\u0438 \u0442\u0430 \u0437\u0431\u0435\u0440\u0456\u0433\u0430\u0454\u043c\u043e \u0440\u0435\u0437\u044e\u043c\u0435 \u0432 \u043d\u0430\u0448\u0456\u0439 \u0431\u0430\u0437\u0456 \u0434\u0430\u043d\u0438\u0445, \u043d\u0430\u0432\u0456\u0442\u044c \u044f\u043a\u0449\u043e \u043d\u0430 \u0442\u043e\u0439 \u043c\u043e\u043c\u0435\u043d\u0442 \u043d\u0435\u043c\u0430\u0454 \u0432\u0456\u0434\u043a\u0440\u0438\u0442\u0438\u0445 \u0432\u0430\u043a\u0430\u043d\u0441\u0456\u0439. \u041c\u0438 \u0437\u0432\u2019\u044f\u0436\u0435\u043c\u043e\u0441\u044f \u0437 \u043a\u0430\u043d\u0434\u0438\u0434\u0430\u0442\u0430\u043c\u0438, \u043a\u043e\u043b\u0438 \u0437\u2019\u044f\u0432\u0438\u0442\u044c\u0441\u044f \u0432\u0456\u0434\u043f\u043e\u0432\u0456\u0434\u043d\u0430 \u043c\u043e\u0436\u043b\u0438\u0432\u0456\u0441\u0442\u044c.<\/p>\t\t\t\t\t\t\t\t<\/div>\n\t\t\t\t<\/div>\n\t\t\t\t\t<\/div>\n\t\t\t\t<\/div>\n\t\t<div class=\"elementor-element elementor-element-18981690 wd-section-stretch e-flex e-con-boxed e-con e-parent\" data-id=\"18981690\" data-element_type=\"container\" data-e-type=\"container\" data-settings=\"{&quot;background_background&quot;:&quot;classic&quot;}\">\n\t\t\t\t\t<div class=\"e-con-inner\">\n\t\t<div class=\"elementor-element elementor-element-7711eb7b e-con-full e-flex e-con e-child\" data-id=\"7711eb7b\" data-element_type=\"container\" data-e-type=\"container\">\n\t\t\t\t<div class=\"elementor-element elementor-element-785b2ddd wd-width-100 elementor-widget elementor-widget-wd_title\" data-id=\"785b2ddd\" data-element_type=\"widget\" data-e-type=\"widget\" data-widget_type=\"wd_title.default\">\n\t\t\t\t<div class=\"elementor-widget-container\">\n\t\t\t\t\t\t\t<div class=\"title-wrapper wd-set-mb reset-last-child wd-title-color-primary wd-title-style-default wd-title-size-medium text-left\">\n\n\t\t\t\n\t\t\t<div class=\"liner-continer\">\n\t\t\t\t<h2 class=\"woodmart-title-container title wd-fontsize-xl\">\u041e\u0441\u0432\u0456\u0442\u0430<\/h2> \n\t\t\t\t\t\t\t<\/div>\n\n\t\t\t\t\t<\/div>\n\t\t\t\t\t\t<\/div>\n\t\t\t\t<\/div>\n\t\t\t\t<div class=\"elementor-element elementor-element-476b075d color-scheme-inherit text-left elementor-widget elementor-widget-text-editor\" data-id=\"476b075d\" data-element_type=\"widget\" data-e-type=\"widget\" data-widget_type=\"text-editor.default\">\n\t\t\t\t<div class=\"elementor-widget-container\">\n\t\t\t\t\t\t\t\t\t<p>\u0423\u0441\u0456 \u043d\u043e\u0432\u0456 \u0441\u043f\u0456\u0432\u0440\u043e\u0431\u0456\u0442\u043d\u0438\u043a\u0438 \u0431\u0435\u0440\u0443\u0442\u044c \u0443\u0447\u0430\u0441\u0442\u044c \u0432 \u043e\u0440\u0456\u0454\u043d\u0442\u0430\u0446\u0456\u0439\u043d\u0456\u0439 \u043f\u0440\u043e\u0433\u0440\u0430\u043c\u0456 Bodur. \u0426\u044f \u043f\u0440\u043e\u0433\u0440\u0430\u043c\u0430 \u043c\u0430\u0454 \u043d\u0430 \u043c\u0435\u0442\u0456 \u043e\u0437\u043d\u0430\u0439\u043e\u043c\u0438\u0442\u0438 \u0441\u043f\u0456\u0432\u0440\u043e\u0431\u0456\u0442\u043d\u0438\u043a\u0456\u0432 \u0437 \u0434\u0456\u044f\u043b\u044c\u043d\u0456\u0441\u0442\u044e \u043a\u043e\u043c\u043f\u0430\u043d\u0456\u0457, \u043f\u043e\u043b\u0456\u0442\u0438\u043a\u043e\u044e \u044f\u043a\u043e\u0441\u0442\u0456 \u0442\u0430 \u043c\u0456\u0436\u0432\u0456\u0434\u043e\u043c\u0447\u0438\u043c\u0438 \u043f\u0440\u043e\u0446\u0435\u0441\u0430\u043c\u0438.<\/p><p>\u041c\u0438 \u0432\u0432\u0430\u0436\u0430\u0454\u043c\u043e, \u0449\u043e \u043d\u0430\u0432\u0447\u0430\u043d\u043d\u044f \u0454 \u043e\u0441\u043d\u043e\u0432\u043e\u043f\u043e\u043b\u043e\u0436\u043d\u0438\u043c \u0434\u043b\u044f \u0430\u0434\u0430\u043f\u0442\u0430\u0446\u0456\u0457 \u0434\u043e \u0448\u0432\u0438\u0434\u043a\u0438\u0445 \u0437\u043c\u0456\u043d \u0443 \u0441\u0435\u043a\u0442\u043e\u0440\u0456 \u0442\u0430 \u043f\u0456\u0434\u0442\u0440\u0438\u043c\u043a\u0438 \u043a\u043e\u043d\u043a\u0443\u0440\u0435\u043d\u0442\u043e\u0441\u043f\u0440\u043e\u043c\u043e\u0436\u043d\u043e\u0441\u0442\u0456 \u043a\u043e\u043c\u043f\u0430\u043d\u0456\u0457. \u0412\u0456\u0434\u043f\u043e\u0432\u0456\u0434\u043d\u043e, \u043c\u0438 \u043f\u043e\u0441\u0442\u0456\u0439\u043d\u043e \u043f\u0456\u0434\u0442\u0440\u0438\u043c\u0443\u0454\u043c\u043e \u043d\u0430\u0448\u0456 \u043d\u0430\u0432\u0447\u0430\u043b\u044c\u043d\u0456 \u043f\u0440\u043e\u0446\u0435\u0441\u0438 \u044f\u043a \u0432\u043d\u0443\u0442\u0440\u0456\u0448\u043d\u0456\u043c\u0438, \u0442\u0430\u043a \u0456 \u0437\u043e\u0432\u043d\u0456\u0448\u043d\u0456\u043c\u0438 \u0441\u0435\u043c\u0456\u043d\u0430\u0440\u0430\u043c\u0438.<\/p><p>\u041c\u0435\u0442\u0430 \u043f\u043e\u043b\u044f\u0433\u0430\u0454 \u0443 \u0441\u0442\u0432\u043e\u0440\u0435\u043d\u043d\u0456 \u043e\u0440\u0433\u0430\u043d\u0456\u0437\u0430\u0446\u0456\u0439\u043d\u043e\u0457 \u043a\u0443\u043b\u044c\u0442\u0443\u0440\u0438, \u044f\u043a\u0430 \u0437\u0430\u043e\u0445\u043e\u0447\u0443\u0454 \u043e\u0431\u043c\u0456\u043d \u0437\u043d\u0430\u043d\u043d\u044f\u043c\u0438, \u0432\u0456\u0434\u043a\u0440\u0438\u0442\u0430 \u0434\u043b\u044f \u0440\u043e\u0437\u0432\u0438\u0442\u043a\u0443 \u0442\u0430 \u0441\u043f\u0440\u0438\u044f\u0454 \u043d\u0430\u0432\u0447\u0430\u043d\u043d\u044e.<\/p>\t\t\t\t\t\t\t\t<\/div>\n\t\t\t\t<\/div>\n\t\t\t\t<\/div>\n\t\t<div class=\"elementor-element elementor-element-517ad51a e-con-full e-flex e-con e-child\" data-id=\"517ad51a\" data-element_type=\"container\" data-e-type=\"container\">\n\t\t\t\t<div class=\"elementor-element elementor-element-3329b272 elementor-widget elementor-widget-image\" data-id=\"3329b272\" data-element_type=\"widget\" data-e-type=\"widget\" data-widget_type=\"image.default\">\n\t\t\t\t<div class=\"elementor-widget-container\">\n\t\t\t\t\t\t\t\t\t\t\t\t\t\t\t<img decoding=\"async\" width=\"722\" height=\"606\" src=\"https:\/\/bodur.com.tr\/wp-content\/uploads\/ik-1.png\" class=\"attachment-large size-large wp-image-40209\" alt=\"\u043b\u044e\u0434\u0441\u044c\u043a\u0456 \u0440\u0435\u0441\u0443\u0440\u0441\u0438\" srcset=\"https:\/\/bodur.com.tr\/wp-content\/uploads\/ik-1.png 722w, https:\/\/bodur.com.tr\/wp-content\/uploads\/ik-1-150x126.png 150w, https:\/\/bodur.com.tr\/wp-content\/uploads\/ik-1-300x252.png 300w, https:\/\/bodur.com.tr\/wp-content\/uploads\/ik-1-600x504.png 600w\" sizes=\"(max-width: 722px) 100vw, 722px\" \/>\t\t\t\t\t\t\t\t\t\t\t\t\t\t\t<\/div>\n\t\t\t\t<\/div>\n\t\t\t\t<\/div>\n\t\t\t\t\t<\/div>\n\t\t\t\t<\/div>\n\t\t<div class=\"wd-negative-gap elementor-element elementor-element-7e248e82 e-flex e-con-boxed e-con e-parent\" data-id=\"7e248e82\" data-element_type=\"container\" data-e-type=\"container\">\n\t\t\t\t\t<div class=\"e-con-inner\">\n\t\t\t\t<div class=\"elementor-element elementor-element-63a9e352 wd-width-100 elementor-widget elementor-widget-wd_title\" data-id=\"63a9e352\" data-element_type=\"widget\" data-e-type=\"widget\" data-widget_type=\"wd_title.default\">\n\t\t\t\t<div class=\"elementor-widget-container\">\n\t\t\t\t\t\t\t<div class=\"title-wrapper wd-set-mb reset-last-child wd-title-color-primary wd-title-style-default wd-title-size-medium text-center\">\n\n\t\t\t\n\t\t\t<div class=\"liner-continer\">\n\t\t\t\t<h2 class=\"woodmart-title-container title wd-fontsize-xl\">\u041f\u0440\u043e\u043f\u043e\u043d\u043e\u0432\u0430\u043d\u0456 \u043f\u043e\u0441\u043b\u0443\u0433\u0438<\/h2> \n\t\t\t\t\t\t\t<\/div>\n\n\t\t\t\t\t<\/div>\n\t\t\t\t\t\t<\/div>\n\t\t\t\t<\/div>\n\t\t\t\t<div class=\"elementor-element elementor-element-2f1e5722 text-center color-scheme-inherit elementor-widget elementor-widget-text-editor\" data-id=\"2f1e5722\" data-element_type=\"widget\" data-e-type=\"widget\" data-widget_type=\"text-editor.default\">\n\t\t\t\t<div class=\"elementor-widget-container\">\n\t\t\t\t\t\t\t\t\t<p>\u041d\u0430\u0448 \u0440\u043e\u0431\u043e\u0447\u0438\u0439 \u0447\u0430\u0441 \u2013 \u0443 \u0431\u0443\u0434\u043d\u0456 \u0437 08:30 \u0434\u043e 18:00.<\/p><p>\u041c\u0438 \u043d\u0430\u0434\u0430\u0454\u043c\u043e \u0442\u0440\u0430\u043d\u0441\u043f\u043e\u0440\u0442\u043d\u0456 \u043f\u043e\u0441\u043b\u0443\u0433\u0438 \u0434\u043b\u044f \u043d\u0430\u0448\u0438\u0445 \u0441\u043f\u0456\u0432\u0440\u043e\u0431\u0456\u0442\u043d\u0438\u043a\u0456\u0432.<\/p><p>\u041e\u0431\u0456\u0434 \u0437\u0430\u0431\u0435\u0437\u043f\u0435\u0447\u0443\u0454 \u043d\u0430\u0448\u0430 \u043a\u043e\u043c\u043f\u0430\u043d\u0456\u044f.<\/p>\t\t\t\t\t\t\t\t<\/div>\n\t\t\t\t<\/div>\n\t\t\t\t\t<\/div>\n\t\t\t\t<\/div>\n\t\t\t\t<\/div>","protected":false},"excerpt":{"rendered":"<p>\u041a\u0410\u0420&#039;\u0404\u0420\u0410 \u0414\u0443\u0445 \u0440\u043e\u0431\u043e\u0442\u0438 \u0444\u043e\u0440\u043c\u0443\u044e\u0442\u044c \u043b\u044e\u0434\u0438! \u0423 Bodur \u043f\u0440\u043e\u0446\u0435\u0441 \u043d\u0430\u0439\u043c\u0443 \u0440\u0435\u0442\u0435\u043b\u044c\u043d\u043e \u043f\u0440\u043e\u0432\u043e\u0434\u0438\u0442\u044c\u0441\u044f \u0443 \u0441\u043f\u0456\u0432\u043f\u0440\u0430\u0446\u0456 \u0437 \u043d\u0430\u0448\u0438\u043c\u0438 \u0432\u0456\u0434\u043f\u043e\u0432\u0456\u0434\u043d\u0438\u043c\u0438 \u043a\u0435\u0440\u0456\u0432\u043d\u0438\u043a\u0430\u043c\u0438 \u0432\u0456\u0434\u0434\u0456\u043b\u0456\u0432. \u0422\u043e\u043c\u0443 \u0449\u043e \u043c\u0438 \u0432\u0456\u0440\u0438\u043c\u043e, \u0449\u043e \u0443\u0441\u043f\u0456\u0445 \u0437\u0430\u043b\u0435\u0436\u0438\u0442\u044c \u0432\u0456\u0434 \u0442\u0430\u043b\u0430\u043d\u0442\u0443 \u0442\u0430...<\/p>","protected":false},"author":1,"featured_media":0,"parent":0,"menu_order":0,"comment_status":"closed","ping_status":"closed","template":"","meta":{"footnotes":""},"class_list":["post-21497","page","type-page","status-publish","hentry"],"yoast_head":"<!-- This site is optimized with the Yoast SEO plugin v27.3 - https:\/\/yoast.com\/product\/yoast-seo-wordpress\/ -->\n<title>Kariyer<\/title>\n<meta name=\"robots\" content=\"index, follow, max-snippet:-1, max-image-preview:large, max-video-preview:-1\" \/>\n<link rel=\"canonical\" href=\"https:\/\/bodur.com.tr\/uk\/\u043a\u0430\u0440\u0454\u0440\u0430\/\" \/>\n<meta property=\"og:locale\" content=\"uk_UA\" \/>\n<meta property=\"og:type\" content=\"article\" \/>\n<meta property=\"og:title\" content=\"Kariyer\" \/>\n<meta property=\"og:description\" content=\"KAR\u0130YER \u0130\u015fin ruhu, insanla \u015fekillenir! Bodur\u2019da i\u015fe al\u0131m s\u00fcreci, ilgili departman y\u00f6neticilerimizle birlikte titizlikle y\u00fcr\u00fct\u00fcl\u00fcr. \u00c7\u00fcnk\u00fc biz, ba\u015far\u0131n\u0131n yetenek ve\" \/>\n<meta property=\"og:url\" content=\"https:\/\/bodur.com.tr\/uk\/\u043a\u0430\u0440\u0454\u0440\u0430\/\" \/>\n<meta property=\"og:site_name\" content=\"Bodur End\u00fcstriyel\" \/>\n<meta property=\"article:publisher\" content=\"https:\/\/www.facebook.com\/bodurendustriyel\" \/>\n<meta property=\"article:modified_time\" content=\"2025-06-22T14:46:05+00:00\" \/>\n<meta property=\"og:image\" content=\"https:\/\/bodur.com.tr\/wp-content\/uploads\/ik-1.png\" \/>\n\t<meta property=\"og:image:width\" content=\"722\" \/>\n\t<meta property=\"og:image:height\" content=\"606\" \/>\n\t<meta property=\"og:image:type\" content=\"image\/png\" \/>\n<meta name=\"twitter:card\" content=\"summary_large_image\" \/>\n<script type=\"application\/ld+json\" class=\"yoast-schema-graph\">{\"@context\":\"https:\\\/\\\/schema.org\",\"@graph\":[{\"@type\":\"WebPage\",\"@id\":\"https:\\\/\\\/bodur.com.tr\\\/kariyer\",\"url\":\"https:\\\/\\\/bodur.com.tr\\\/kariyer\",\"name\":\"Kariyer\",\"isPartOf\":{\"@id\":\"https:\\\/\\\/bodur.com.tr\\\/#website\"},\"primaryImageOfPage\":{\"@id\":\"https:\\\/\\\/bodur.com.tr\\\/kariyer#primaryimage\"},\"image\":{\"@id\":\"https:\\\/\\\/bodur.com.tr\\\/kariyer#primaryimage\"},\"thumbnailUrl\":\"https:\\\/\\\/bodur.com.tr\\\/wp-content\\\/uploads\\\/ik-1.png\",\"datePublished\":\"2025-05-18T16:07:38+00:00\",\"dateModified\":\"2025-06-22T14:46:05+00:00\",\"breadcrumb\":{\"@id\":\"https:\\\/\\\/bodur.com.tr\\\/kariyer#breadcrumb\"},\"inLanguage\":\"uk\",\"potentialAction\":[{\"@type\":\"ReadAction\",\"target\":[\"https:\\\/\\\/bodur.com.tr\\\/kariyer\"]}]},{\"@type\":\"ImageObject\",\"inLanguage\":\"uk\",\"@id\":\"https:\\\/\\\/bodur.com.tr\\\/kariyer#primaryimage\",\"url\":\"https:\\\/\\\/bodur.com.tr\\\/wp-content\\\/uploads\\\/ik-1.png\",\"contentUrl\":\"https:\\\/\\\/bodur.com.tr\\\/wp-content\\\/uploads\\\/ik-1.png\"},{\"@type\":\"BreadcrumbList\",\"@id\":\"https:\\\/\\\/bodur.com.tr\\\/kariyer#breadcrumb\",\"itemListElement\":[{\"@type\":\"ListItem\",\"position\":1,\"name\":\"Anasayfa\",\"item\":\"https:\\\/\\\/bodur.com.tr\\\/\"},{\"@type\":\"ListItem\",\"position\":2,\"name\":\"Kariyer\"}]},{\"@type\":\"WebSite\",\"@id\":\"https:\\\/\\\/bodur.com.tr\\\/#website\",\"url\":\"https:\\\/\\\/bodur.com.tr\\\/\",\"name\":\"Bodur End\u00fcstriyel\",\"description\":\"\",\"publisher\":{\"@id\":\"https:\\\/\\\/bodur.com.tr\\\/#organization\"},\"potentialAction\":[{\"@type\":\"SearchAction\",\"target\":{\"@type\":\"EntryPoint\",\"urlTemplate\":\"https:\\\/\\\/bodur.com.tr\\\/?s={search_term_string}\"},\"query-input\":{\"@type\":\"PropertyValueSpecification\",\"valueRequired\":true,\"valueName\":\"search_term_string\"}}],\"inLanguage\":\"uk\"},{\"@type\":\"Organization\",\"@id\":\"https:\\\/\\\/bodur.com.tr\\\/#organization\",\"name\":\"Bodur End\u00fcstriyel\",\"url\":\"https:\\\/\\\/bodur.com.tr\\\/\",\"logo\":{\"@type\":\"ImageObject\",\"inLanguage\":\"uk\",\"@id\":\"https:\\\/\\\/bodur.com.tr\\\/#\\\/schema\\\/logo\\\/image\\\/\",\"url\":\"https:\\\/\\\/bodur.com.tr\\\/wp-content\\\/uploads\\\/51834268_258721005017375_5556593430731161600_n.jpg\",\"contentUrl\":\"https:\\\/\\\/bodur.com.tr\\\/wp-content\\\/uploads\\\/51834268_258721005017375_5556593430731161600_n.jpg\",\"width\":320,\"height\":320,\"caption\":\"Bodur End\u00fcstriyel\"},\"image\":{\"@id\":\"https:\\\/\\\/bodur.com.tr\\\/#\\\/schema\\\/logo\\\/image\\\/\"},\"sameAs\":[\"https:\\\/\\\/www.facebook.com\\\/bodurendustriyel\",\"https:\\\/\\\/www.instagram.com\\\/bodurendustriyel\\\/\",\"https:\\\/\\\/www.youtube.com\\\/user\\\/harunbodur\"]}]}<\/script>\n<!-- \/ Yoast SEO plugin. -->","yoast_head_json":{"title":"\u041a\u0430\u0440&#039;\u0454\u0440\u0430","robots":{"index":"index","follow":"follow","max-snippet":"max-snippet:-1","max-image-preview":"max-image-preview:large","max-video-preview":"max-video-preview:-1"},"canonical":"https:\/\/bodur.com.tr\/uk\/\u043a\u0430\u0440\u0454\u0440\u0430\/","og_locale":"uk_UA","og_type":"article","og_title":"Kariyer","og_description":"KAR\u0130YER \u0130\u015fin ruhu, insanla \u015fekillenir! Bodur\u2019da i\u015fe al\u0131m s\u00fcreci, ilgili departman y\u00f6neticilerimizle birlikte titizlikle y\u00fcr\u00fct\u00fcl\u00fcr. \u00c7\u00fcnk\u00fc biz, ba\u015far\u0131n\u0131n yetenek ve","og_url":"https:\/\/bodur.com.tr\/uk\/\u043a\u0430\u0440\u0454\u0440\u0430\/","og_site_name":"Bodur End\u00fcstriyel","article_publisher":"https:\/\/www.facebook.com\/bodurendustriyel","article_modified_time":"2025-06-22T14:46:05+00:00","og_image":[{"width":722,"height":606,"url":"https:\/\/bodur.com.tr\/wp-content\/uploads\/ik-1.png","type":"image\/png"}],"twitter_card":"summary_large_image","schema":{"@context":"https:\/\/schema.org","@graph":[{"@type":"WebPage","@id":"https:\/\/bodur.com.tr\/kariyer","url":"https:\/\/bodur.com.tr\/kariyer","name":"\u041a\u0430\u0440&#039;\u0454\u0440\u0430","isPartOf":{"@id":"https:\/\/bodur.com.tr\/#website"},"primaryImageOfPage":{"@id":"https:\/\/bodur.com.tr\/kariyer#primaryimage"},"image":{"@id":"https:\/\/bodur.com.tr\/kariyer#primaryimage"},"thumbnailUrl":"https:\/\/bodur.com.tr\/wp-content\/uploads\/ik-1.png","datePublished":"2025-05-18T16:07:38+00:00","dateModified":"2025-06-22T14:46:05+00:00","breadcrumb":{"@id":"https:\/\/bodur.com.tr\/kariyer#breadcrumb"},"inLanguage":"uk","potentialAction":[{"@type":"ReadAction","target":["https:\/\/bodur.com.tr\/kariyer"]}]},{"@type":"ImageObject","inLanguage":"uk","@id":"https:\/\/bodur.com.tr\/kariyer#primaryimage","url":"https:\/\/bodur.com.tr\/wp-content\/uploads\/ik-1.png","contentUrl":"https:\/\/bodur.com.tr\/wp-content\/uploads\/ik-1.png"},{"@type":"BreadcrumbList","@id":"https:\/\/bodur.com.tr\/kariyer#breadcrumb","itemListElement":[{"@type":"ListItem","position":1,"name":"Anasayfa","item":"https:\/\/bodur.com.tr\/"},{"@type":"ListItem","position":2,"name":"Kariyer"}]},{"@type":"WebSite","@id":"https:\/\/bodur.com.tr\/#website","url":"https:\/\/bodur.com.tr\/","name":"\u0411\u043e\u0434\u0443\u0440 \u0406\u043d\u0434\u0443\u0441\u0442\u0440\u0456\u0430\u043b","description":"","publisher":{"@id":"https:\/\/bodur.com.tr\/#organization"},"potentialAction":[{"@type":"SearchAction","target":{"@type":"EntryPoint","urlTemplate":"https:\/\/bodur.com.tr\/?s={search_term_string}"},"query-input":{"@type":"PropertyValueSpecification","valueRequired":true,"valueName":"search_term_string"}}],"inLanguage":"uk"},{"@type":"Organization","@id":"https:\/\/bodur.com.tr\/#organization","name":"\u0411\u043e\u0434\u0443\u0440 \u0406\u043d\u0434\u0443\u0441\u0442\u0440\u0456\u0430\u043b","url":"https:\/\/bodur.com.tr\/","logo":{"@type":"ImageObject","inLanguage":"uk","@id":"https:\/\/bodur.com.tr\/#\/schema\/logo\/image\/","url":"https:\/\/bodur.com.tr\/wp-content\/uploads\/51834268_258721005017375_5556593430731161600_n.jpg","contentUrl":"https:\/\/bodur.com.tr\/wp-content\/uploads\/51834268_258721005017375_5556593430731161600_n.jpg","width":320,"height":320,"caption":"Bodur End\u00fcstriyel"},"image":{"@id":"https:\/\/bodur.com.tr\/#\/schema\/logo\/image\/"},"sameAs":["https:\/\/www.facebook.com\/bodurendustriyel","https:\/\/www.instagram.com\/bodurendustriyel\/","https:\/\/www.youtube.com\/user\/harunbodur"]}]}},"_links":{"self":[{"href":"https:\/\/bodur.com.tr\/uk\/wp-json\/wp\/v2\/pages\/21497","targetHints":{"allow":["GET"]}}],"collection":[{"href":"https:\/\/bodur.com.tr\/uk\/wp-json\/wp\/v2\/pages"}],"about":[{"href":"https:\/\/bodur.com.tr\/uk\/wp-json\/wp\/v2\/types\/page"}],"author":[{"embeddable":true,"href":"https:\/\/bodur.com.tr\/uk\/wp-json\/wp\/v2\/users\/1"}],"replies":[{"embeddable":true,"href":"https:\/\/bodur.com.tr\/uk\/wp-json\/wp\/v2\/comments?post=21497"}],"version-history":[{"count":0,"href":"https:\/\/bodur.com.tr\/uk\/wp-json\/wp\/v2\/pages\/21497\/revisions"}],"wp:attachment":[{"href":"https:\/\/bodur.com.tr\/uk\/wp-json\/wp\/v2\/media?parent=21497"}],"curies":[{"name":"wp","href":"https:\/\/api.w.org\/{rel}","templated":true}]}}