{"id":21470,"date":"2025-05-18T19:07:35","date_gmt":"2025-05-18T16:07:35","guid":{"rendered":"https:\/\/bodur.com.tr\/kvkk-aydinlatma-metni"},"modified":"2025-05-19T21:43:28","modified_gmt":"2025-05-19T18:43:28","slug":"kvkk-personuppgiftslagen-informationstext","status":"publish","type":"page","link":"https:\/\/bodur.com.tr\/sv\/kvkk-aydinlatma-metni","title":{"rendered":"Informationstext om personuppgiftslagen (KVKK)"},"content":{"rendered":"<div data-elementor-type=\"wp-page\" data-elementor-id=\"21470\" class=\"elementor elementor-21470\" data-elementor-post-type=\"page\">\n\t\t\t\t<div class=\"elementor-element elementor-element-4a0fde0e e-flex e-con-boxed e-con e-parent\" data-id=\"4a0fde0e\" data-element_type=\"container\" data-e-type=\"container\">\n\t\t\t\t\t<div class=\"e-con-inner\">\n\t\t\t\t<div class=\"elementor-element elementor-element-3ed4148a color-scheme-inherit text-left elementor-widget elementor-widget-text-editor\" data-id=\"3ed4148a\" data-element_type=\"widget\" data-e-type=\"widget\" data-widget_type=\"text-editor.default\">\n\t\t\t\t<div class=\"elementor-widget-container\">\n\t\t\t\t\t\t\t\t\t<h3><span style=\"color: #053c6f;\"><strong>BODUR INDUSTRIAL CABIN SYSTEMS LIMITED COMPANY INFORMATIONSTEXT G\u00c4LLANDE BEHANDLING AV PERSONUPPGIFTER<\/strong><\/span><\/h3>\t\t\t\t\t\t\t\t<\/div>\n\t\t\t\t<\/div>\n\t\t\t\t<div class=\"elementor-element elementor-element-dfb29f7 color-scheme-inherit text-left elementor-widget elementor-widget-text-editor\" data-id=\"dfb29f7\" data-element_type=\"widget\" data-e-type=\"widget\" data-widget_type=\"text-editor.default\">\n\t\t\t\t<div class=\"elementor-widget-container\">\n\t\t\t\t\t\t\t\t\t<div class=\"wpb_text_column wpb_content_element wpb_animate_when_almost_visible wpb_fadeIn fadeIn vc_custom_1610353878440 wpb_start_animation animated\"><div class=\"wpb_wrapper\"><h3>a) <strong>Personuppgiftsansvarig och representant<\/strong><\/h3><p>I enlighet med lag nr 6698 om skydd av personuppgifter (\u201clag nr 6698\u201d) kan dina personuppgifter komma att behandlas av Bodur Industrial Cabin Systems Limited Company (\u201cbolaget\u201d eller \u201cBodur\u201d) som registeransvarig, inom det omr\u00e5de som beskrivs nedan.<\/p><\/div><\/div><div class=\"wpb_text_column wpb_content_element wpb_animate_when_almost_visible wpb_fadeIn fadeIn vc_custom_1610353864087 wpb_start_animation animated\"><div class=\"wpb_wrapper\"><h3>b) <strong>Syftet med behandlingen av personuppgifter<\/strong><\/h3><p>Dina insamlade personuppgifter kommer att behandlas inom ramen f\u00f6r de villkor och \u00e4ndam\u00e5l f\u00f6r personuppgiftsbehandling som anges i artiklarna 5 och 6 i lag nr 6698, f\u00f6r f\u00f6ljande \u00e4ndam\u00e5l: att s\u00e4kerst\u00e4lla den juridiska, tekniska och kommersiella-aff\u00e4rsm\u00e4ssiga s\u00e4kerheten f\u00f6r Bolaget och relevanta personer med vilka Bolaget har en aff\u00e4rsrelation; att planera och genomf\u00f6ra n\u00f6dv\u00e4ndiga aktiviteter f\u00f6r att anpassa och rekommendera de produkter och tj\u00e4nster som Bolaget erbjuder till relevanta personer i enlighet med deras preferenser, anv\u00e4ndningsvanor och behov; att utf\u00f6ra n\u00f6dv\u00e4ndigt arbete av v\u00e5ra aff\u00e4rsenheter och genomf\u00f6ra relevanta aff\u00e4rsprocesser f\u00f6r att g\u00f6ra det m\u00f6jligt f\u00f6r relevanta personer att dra nytta av de produkter och tj\u00e4nster som Bolaget erbjuder; att planera och genomf\u00f6ra Bolagets kommersiella och\/eller aff\u00e4rsstrategier; att utf\u00f6ra n\u00f6dv\u00e4ndigt arbete av v\u00e5ra relevanta aff\u00e4rsenheter och genomf\u00f6ra relaterade aff\u00e4rsprocesser f\u00f6r att genomf\u00f6ra de kommersiella aktiviteter som Bolaget utf\u00f6r; och att planera och genomf\u00f6ra Bolagets personalpolicyer och -processer.<\/p><\/div><\/div><div class=\"wpb_text_column wpb_content_element wpb_animate_when_almost_visible wpb_fadeIn fadeIn vc_custom_1610353873819 wpb_start_animation animated\"><div class=\"wpb_wrapper\"><h3><strong>c) Till vem och f\u00f6r vilket \u00e4ndam\u00e5l de behandlade personuppgifterna f\u00e5r \u00f6verf\u00f6ras<\/strong><\/h3><p>Dina insamlade personuppgifter kan komma att \u00f6verf\u00f6ras till v\u00e5ra aff\u00e4rspartners, leverant\u00f6rer, aktie\u00e4gare, dotterbolag, lagligt auktoriserade offentliga institutioner och privatpersoner, inom ramen f\u00f6r de syften som anges i artiklarna 8 och 9 i lag nr 6698, och begr\u00e4nsat till de syften som anges ovan, f\u00f6r f\u00f6ljande \u00e4ndam\u00e5l: planering och genomf\u00f6rande av aktiviteter som \u00e4r n\u00f6dv\u00e4ndiga f\u00f6r att anpassa och rekommendera de produkter och tj\u00e4nster som erbjuds av f\u00f6retaget till relevanta individer i enlighet med deras preferenser, anv\u00e4ndningsvanor och behov; utf\u00f6rande av n\u00f6dv\u00e4ndigt arbete av v\u00e5ra relevanta aff\u00e4rsenheter och genomf\u00f6rande av relaterade aff\u00e4rsprocesser f\u00f6r att utf\u00f6ra de kommersiella aktiviteter som bedrivs av f\u00f6retaget; utf\u00f6rande av n\u00f6dv\u00e4ndigt arbete av v\u00e5ra aff\u00e4rsenheter och genomf\u00f6rande av relaterade aff\u00e4rsprocesser f\u00f6r att g\u00f6ra det m\u00f6jligt f\u00f6r relevanta individer att dra nytta av de produkter och tj\u00e4nster som erbjuds av f\u00f6retaget; planering och genomf\u00f6rande av f\u00f6retagets kommersiella och\/eller aff\u00e4rsstrategier; och s\u00e4kerst\u00e4llande av den juridiska, tekniska och kommersiella-aff\u00e4rsm\u00e4ssiga s\u00e4kerheten f\u00f6r f\u00f6retaget och relevanta individer som f\u00f6retaget har en aff\u00e4rsrelation med.<\/p><\/div><\/div><div class=\"wpb_text_column wpb_content_element wpb_animate_when_almost_visible wpb_fadeIn fadeIn vc_custom_1610353937269 wpb_start_animation animated\"><div class=\"wpb_wrapper\"><h3><strong>c) Metod och r\u00e4ttslig grund f\u00f6r insamling av personuppgifter<\/strong><\/h3><p>Dina personuppgifter samlas in av v\u00e5rt f\u00f6retag via olika kanaler och baserat p\u00e5 olika r\u00e4ttsliga grunder i syfte att f\u00f6rb\u00e4ttra de produkter och tj\u00e4nster vi erbjuder och bedriva v\u00e5r kommersiella verksamhet. Under denna process samlas dina personuppgifter in via informations- och f\u00f6rfr\u00e5gningsformul\u00e4r p\u00e5 v\u00e5ra webbplatser och mobilapplikationer, eller i fysisk form. Personuppgifter som samlas in p\u00e5 dessa r\u00e4ttsliga grunder kan ocks\u00e5 behandlas och \u00f6verf\u00f6ras f\u00f6r de \u00e4ndam\u00e5l som anges i klausulerna (b) och (c) i denna informationsutl\u00e5tande, inom ramen f\u00f6r de villkor och \u00e4ndam\u00e5l f\u00f6r personuppgiftsbehandling som anges i artiklarna 5 och 6 i lag nr 6698.<\/p><\/div><\/div><div class=\"wpb_text_column wpb_content_element wpb_animate_when_almost_visible wpb_fadeIn fadeIn vc_custom_1610354171093 wpb_start_animation animated\"><div class=\"wpb_wrapper\"><h3><strong>d) Den registrerades r\u00e4ttigheter enligt artikel 11 i lag nr 6698<\/strong><\/h3><p>Om du som registrerad person l\u00e4mnar in dina f\u00f6rfr\u00e5gningar g\u00e4llande dina r\u00e4ttigheter till Bolaget kommer Bodur att behandla din beg\u00e4ran s\u00e5 snart som m\u00f6jligt och senast inom trettio dagar, beroende p\u00e5 beg\u00e4rans art. Om processen medf\u00f6r ytterligare kostnader kommer Bodur dock att ta ut den avgift som fastst\u00e4llts av Personuppgiftsn\u00e4mnden. I detta sammanhang har registrerade f\u00f6ljande r\u00e4ttigheter:;<\/p><p><span data-contrast=\"none\">\u2022 F\u00f6r att ta reda p\u00e5 om dina personuppgifter behandlas,<\/span><\/p><p><span data-contrast=\"none\">\u2022 Beg\u00e4ra information om behandling av personuppgifter,<\/span><\/p><p><span data-contrast=\"none\">\u2022 Att f\u00e5 veta f\u00f6r vilket \u00e4ndam\u00e5l personuppgifter behandlas och om de anv\u00e4nds p\u00e5 l\u00e4mpligt s\u00e4tt f\u00f6r det \u00e4ndam\u00e5let,<\/span><\/p><p><span data-contrast=\"none\">\u2022 K\u00e4nna till vilka tredje parter personuppgifter \u00f6verf\u00f6rs, oavsett om det \u00e4r nationellt eller internationellt.,<\/span><\/p><p><span data-contrast=\"none\">\u2022 R\u00e4tten att beg\u00e4ra r\u00e4ttelse av personuppgifter om de har behandlats ofullst\u00e4ndigt eller felaktigt, och att beg\u00e4ra att denna r\u00e4ttelse ska meddelas tredje parter som personuppgifterna har \u00f6verf\u00f6rts till.,<\/span><\/p><p><span data-contrast=\"none\">\u2022 R\u00e4tten att beg\u00e4ra radering eller f\u00f6rst\u00f6ring av personuppgifter, \u00e4ven om de behandlas i enlighet med lag nr 6698 och andra relevanta lagar, n\u00e4r sk\u00e4len som kr\u00e4ver behandlingen upph\u00f6r att f\u00f6religga, och att beg\u00e4ra att denna \u00e5tg\u00e4rd anm\u00e4ls till tredje part till vilken personuppgifterna har \u00f6verf\u00f6rts.,<\/span><\/p><p><span data-contrast=\"none\">\u2022 R\u00e4tten att inv\u00e4nda mot ett resultat som \u00e4r skadligt f\u00f6r en sj\u00e4lv, vilket \u00e4r ett resultat av analys av behandlade uppgifter uteslutande genom automatiserade system.,<\/span><\/p><p>\u2022 Individer har r\u00e4tt att kr\u00e4va ers\u00e4ttning f\u00f6r skador som uppst\u00e5tt till f\u00f6ljd av olaglig behandling av deras personuppgifter.\u00a0<\/p><\/div><\/div>\t\t\t\t\t\t\t\t<\/div>\n\t\t\t\t<\/div>\n\t\t\t\t\t<\/div>\n\t\t\t\t<\/div>\n\t\t\t\t<\/div>","protected":false},"excerpt":{"rendered":"<p>BODUR INDUSTRIAL CABIN SYSTEMS LIMITED COMPANY INFORMATIONSTEXT G\u00c4LLANDE BEHANDLING AV PERSONUPPGIFTER a) Lag nr 6698 om personuppgifter f\u00f6r personuppgiftsansvariga och ombud<\/p>","protected":false},"author":1,"featured_media":0,"parent":0,"menu_order":0,"comment_status":"closed","ping_status":"closed","template":"","meta":{"footnotes":""},"class_list":["post-21470","page","type-page","status-publish","hentry"],"yoast_head":"<!-- This site is optimized with the Yoast SEO plugin v27.4 - https:\/\/yoast.com\/product\/yoast-seo-wordpress\/ -->\n<title>KVKK Ayd\u0131nlatma Metni<\/title>\n<meta name=\"robots\" content=\"index, follow, max-snippet:-1, max-image-preview:large, max-video-preview:-1\" \/>\n<link rel=\"canonical\" href=\"https:\/\/bodur.com.tr\/sv\/kvkk-personuppgiftslagen-informationstext\/\" \/>\n<meta property=\"og:locale\" content=\"sv_SE\" \/>\n<meta property=\"og:type\" content=\"article\" \/>\n<meta property=\"og:title\" content=\"KVKK Ayd\u0131nlatma Metni\" \/>\n<meta property=\"og:description\" content=\"BODUR END\u00dcSTR\u0130YEL KAB\u0130N S\u0130STEMLER\u0130 L\u0130M\u0130TED \u015e\u0130RKET\u0130 K\u0130\u015e\u0130SEL VER\u0130LER\u0130N \u0130\u015eLENMES\u0130NE \u0130L\u0130\u015eK\u0130N AYDINLATMA METN\u0130 a) Veri Sorumlusu ve Temsilcisi 6698 say\u0131l\u0131 Ki\u015fisel\" \/>\n<meta property=\"og:url\" content=\"https:\/\/bodur.com.tr\/sv\/kvkk-personuppgiftslagen-informationstext\/\" \/>\n<meta property=\"og:site_name\" content=\"Bodur End\u00fcstriyel\" \/>\n<meta property=\"article:publisher\" content=\"https:\/\/www.facebook.com\/bodurendustriyel\" \/>\n<meta property=\"article:modified_time\" content=\"2025-05-19T18:43:28+00:00\" \/>\n<meta name=\"twitter:card\" content=\"summary_large_image\" \/>\n<script type=\"application\/ld+json\" class=\"yoast-schema-graph\">{\"@context\":\"https:\\\/\\\/schema.org\",\"@graph\":[{\"@type\":\"WebPage\",\"@id\":\"https:\\\/\\\/bodur.com.tr\\\/kvkk-aydinlatma-metni\",\"url\":\"https:\\\/\\\/bodur.com.tr\\\/kvkk-aydinlatma-metni\",\"name\":\"KVKK Ayd\u0131nlatma Metni\",\"isPartOf\":{\"@id\":\"https:\\\/\\\/bodur.com.tr\\\/#website\"},\"datePublished\":\"2025-05-18T16:07:35+00:00\",\"dateModified\":\"2025-05-19T18:43:28+00:00\",\"breadcrumb\":{\"@id\":\"https:\\\/\\\/bodur.com.tr\\\/kvkk-aydinlatma-metni#breadcrumb\"},\"inLanguage\":\"sv-SE\",\"potentialAction\":[{\"@type\":\"ReadAction\",\"target\":[\"https:\\\/\\\/bodur.com.tr\\\/kvkk-aydinlatma-metni\"]}]},{\"@type\":\"BreadcrumbList\",\"@id\":\"https:\\\/\\\/bodur.com.tr\\\/kvkk-aydinlatma-metni#breadcrumb\",\"itemListElement\":[{\"@type\":\"ListItem\",\"position\":1,\"name\":\"Anasayfa\",\"item\":\"https:\\\/\\\/bodur.com.tr\\\/\"},{\"@type\":\"ListItem\",\"position\":2,\"name\":\"KVKK Ayd\u0131nlatma Metni\"}]},{\"@type\":\"WebSite\",\"@id\":\"https:\\\/\\\/bodur.com.tr\\\/#website\",\"url\":\"https:\\\/\\\/bodur.com.tr\\\/\",\"name\":\"Bodur End\u00fcstriyel\",\"description\":\"\",\"publisher\":{\"@id\":\"https:\\\/\\\/bodur.com.tr\\\/#organization\"},\"potentialAction\":[{\"@type\":\"SearchAction\",\"target\":{\"@type\":\"EntryPoint\",\"urlTemplate\":\"https:\\\/\\\/bodur.com.tr\\\/?s={search_term_string}\"},\"query-input\":{\"@type\":\"PropertyValueSpecification\",\"valueRequired\":true,\"valueName\":\"search_term_string\"}}],\"inLanguage\":\"sv-SE\"},{\"@type\":\"Organization\",\"@id\":\"https:\\\/\\\/bodur.com.tr\\\/#organization\",\"name\":\"Bodur End\u00fcstriyel\",\"url\":\"https:\\\/\\\/bodur.com.tr\\\/\",\"logo\":{\"@type\":\"ImageObject\",\"inLanguage\":\"sv-SE\",\"@id\":\"https:\\\/\\\/bodur.com.tr\\\/#\\\/schema\\\/logo\\\/image\\\/\",\"url\":\"https:\\\/\\\/bodur.com.tr\\\/wp-content\\\/uploads\\\/51834268_258721005017375_5556593430731161600_n.jpg\",\"contentUrl\":\"https:\\\/\\\/bodur.com.tr\\\/wp-content\\\/uploads\\\/51834268_258721005017375_5556593430731161600_n.jpg\",\"width\":320,\"height\":320,\"caption\":\"Bodur End\u00fcstriyel\"},\"image\":{\"@id\":\"https:\\\/\\\/bodur.com.tr\\\/#\\\/schema\\\/logo\\\/image\\\/\"},\"sameAs\":[\"https:\\\/\\\/www.facebook.com\\\/bodurendustriyel\",\"https:\\\/\\\/www.instagram.com\\\/bodurendustriyel\\\/\",\"https:\\\/\\\/www.youtube.com\\\/user\\\/harunbodur\"]}]}<\/script>\n<!-- \/ Yoast SEO plugin. -->","yoast_head_json":{"title":"Informationstext om personuppgiftslagen (KVKK)","robots":{"index":"index","follow":"follow","max-snippet":"max-snippet:-1","max-image-preview":"max-image-preview:large","max-video-preview":"max-video-preview:-1"},"canonical":"https:\/\/bodur.com.tr\/sv\/kvkk-personuppgiftslagen-informationstext\/","og_locale":"sv_SE","og_type":"article","og_title":"KVKK Ayd\u0131nlatma Metni","og_description":"BODUR END\u00dcSTR\u0130YEL KAB\u0130N S\u0130STEMLER\u0130 L\u0130M\u0130TED \u015e\u0130RKET\u0130 K\u0130\u015e\u0130SEL VER\u0130LER\u0130N \u0130\u015eLENMES\u0130NE \u0130L\u0130\u015eK\u0130N AYDINLATMA METN\u0130 a) Veri Sorumlusu ve Temsilcisi 6698 say\u0131l\u0131 Ki\u015fisel","og_url":"https:\/\/bodur.com.tr\/sv\/kvkk-personuppgiftslagen-informationstext\/","og_site_name":"Bodur End\u00fcstriyel","article_publisher":"https:\/\/www.facebook.com\/bodurendustriyel","article_modified_time":"2025-05-19T18:43:28+00:00","twitter_card":"summary_large_image","schema":{"@context":"https:\/\/schema.org","@graph":[{"@type":"WebPage","@id":"https:\/\/bodur.com.tr\/kvkk-aydinlatma-metni","url":"https:\/\/bodur.com.tr\/kvkk-aydinlatma-metni","name":"Informationstext om personuppgiftslagen (KVKK)","isPartOf":{"@id":"https:\/\/bodur.com.tr\/#website"},"datePublished":"2025-05-18T16:07:35+00:00","dateModified":"2025-05-19T18:43:28+00:00","breadcrumb":{"@id":"https:\/\/bodur.com.tr\/kvkk-aydinlatma-metni#breadcrumb"},"inLanguage":"sv-SE","potentialAction":[{"@type":"ReadAction","target":["https:\/\/bodur.com.tr\/kvkk-aydinlatma-metni"]}]},{"@type":"BreadcrumbList","@id":"https:\/\/bodur.com.tr\/kvkk-aydinlatma-metni#breadcrumb","itemListElement":[{"@type":"ListItem","position":1,"name":"Anasayfa","item":"https:\/\/bodur.com.tr\/"},{"@type":"ListItem","position":2,"name":"KVKK Ayd\u0131nlatma Metni"}]},{"@type":"WebSite","@id":"https:\/\/bodur.com.tr\/#website","url":"https:\/\/bodur.com.tr\/","name":"Bodur Industrial","description":"","publisher":{"@id":"https:\/\/bodur.com.tr\/#organization"},"potentialAction":[{"@type":"SearchAction","target":{"@type":"EntryPoint","urlTemplate":"https:\/\/bodur.com.tr\/?s={search_term_string}"},"query-input":{"@type":"PropertyValueSpecification","valueRequired":true,"valueName":"search_term_string"}}],"inLanguage":"sv-SE"},{"@type":"Organization","@id":"https:\/\/bodur.com.tr\/#organization","name":"Bodur Industrial","url":"https:\/\/bodur.com.tr\/","logo":{"@type":"ImageObject","inLanguage":"sv-SE","@id":"https:\/\/bodur.com.tr\/#\/schema\/logo\/image\/","url":"https:\/\/bodur.com.tr\/wp-content\/uploads\/51834268_258721005017375_5556593430731161600_n.jpg","contentUrl":"https:\/\/bodur.com.tr\/wp-content\/uploads\/51834268_258721005017375_5556593430731161600_n.jpg","width":320,"height":320,"caption":"Bodur End\u00fcstriyel"},"image":{"@id":"https:\/\/bodur.com.tr\/#\/schema\/logo\/image\/"},"sameAs":["https:\/\/www.facebook.com\/bodurendustriyel","https:\/\/www.instagram.com\/bodurendustriyel\/","https:\/\/www.youtube.com\/user\/harunbodur"]}]}},"_links":{"self":[{"href":"https:\/\/bodur.com.tr\/sv\/wp-json\/wp\/v2\/pages\/21470","targetHints":{"allow":["GET"]}}],"collection":[{"href":"https:\/\/bodur.com.tr\/sv\/wp-json\/wp\/v2\/pages"}],"about":[{"href":"https:\/\/bodur.com.tr\/sv\/wp-json\/wp\/v2\/types\/page"}],"author":[{"embeddable":true,"href":"https:\/\/bodur.com.tr\/sv\/wp-json\/wp\/v2\/users\/1"}],"replies":[{"embeddable":true,"href":"https:\/\/bodur.com.tr\/sv\/wp-json\/wp\/v2\/comments?post=21470"}],"version-history":[{"count":0,"href":"https:\/\/bodur.com.tr\/sv\/wp-json\/wp\/v2\/pages\/21470\/revisions"}],"wp:attachment":[{"href":"https:\/\/bodur.com.tr\/sv\/wp-json\/wp\/v2\/media?parent=21470"}],"curies":[{"name":"wp","href":"https:\/\/api.w.org\/{rel}","templated":true}]}}