{"id":40589,"date":"2025-06-29T20:49:21","date_gmt":"2025-06-29T17:49:21","guid":{"rendered":"https:\/\/bodur.com.tr\/?post_type=product&#038;p=40589"},"modified":"2025-06-30T20:46:44","modified_gmt":"2025-06-30T17:46:44","slug":"%d1%81%d1%82%d0%b5%d0%bb%d0%bb%d0%b0%d0%b6-%d0%b4%d0%bb%d1%8f-%d1%84%d0%be%d1%80%d0%bc-bd-2552-1002-%d1%8f%d1%89%d0%b8%d0%ba","status":"publish","type":"product","link":"https:\/\/bodur.com.tr\/ru\/urun\/bd-2552-1002-cekmeceli-kalip-rafi","title":{"rendered":"BD.2552.1002 \u00c7ekmeceli Kal\u0131p Raf\u0131 %65"},"content":{"rendered":"<p>\u041f\u0435\u0440\u0435\u043e\u0441\u043c\u044b\u0441\u043b\u0435\u043d\u0438\u0435 \u0441\u0442\u0430\u043d\u0434\u0430\u0440\u0442\u043e\u0432 \u043f\u0440\u043e\u043c\u044b\u0448\u043b\u0435\u043d\u043d\u043e\u0433\u043e \u0445\u0440\u0430\u043d\u0435\u043d\u0438\u044f. <strong>\u041f\u0440\u043e\u0447\u043d\u0430\u044f \u0432\u044b\u0434\u0432\u0438\u0436\u043d\u0430\u044f \u0441\u0442\u0435\u043b\u043b\u0430\u0436\u043d\u0430\u044f \u0441\u0438\u0441\u0442\u0435\u043c\u0430<\/strong>, \u041e\u043d\u0430 \u0441\u043e\u0447\u0435\u0442\u0430\u0435\u0442 \u0432 \u0441\u0435\u0431\u0435 \u043f\u0440\u0435\u0432\u043e\u0441\u0445\u043e\u0434\u043d\u0443\u044e \u043d\u0435\u0441\u0443\u0449\u0443\u044e \u0441\u043f\u043e\u0441\u043e\u0431\u043d\u043e\u0441\u0442\u044c \u0441 \u043c\u0430\u043a\u0441\u0438\u043c\u0430\u043b\u044c\u043d\u043e\u0439 \u044d\u0440\u0433\u043e\u043d\u043e\u043c\u0438\u0447\u043d\u043e\u0441\u0442\u044c\u044e. \u041a\u0430\u0436\u0434\u0430\u044f \u0434\u0435\u0442\u0430\u043b\u044c \u044d\u0442\u043e\u0439 \u0441\u0438\u0441\u0442\u0435\u043c\u044b \u0431\u044b\u043b\u0430 \u0442\u0449\u0430\u0442\u0435\u043b\u044c\u043d\u043e \u0440\u0430\u0437\u0440\u0430\u0431\u043e\u0442\u0430\u043d\u0430 \u043d\u0430 \u044d\u0442\u0430\u043f\u0435 \u043f\u0440\u043e\u0435\u043a\u0442\u0438\u0440\u043e\u0432\u0430\u043d\u0438\u044f; \u044d\u0442\u043e \u0438\u0434\u0435\u0430\u043b\u044c\u043d\u043e\u0435, \u0434\u043e\u043b\u0433\u043e\u0432\u0435\u0447\u043d\u043e\u0435 \u0440\u0435\u0448\u0435\u043d\u0438\u0435 \u0434\u043b\u044f \u043c\u0430\u0441\u0442\u0435\u0440\u0441\u043a\u0438\u0445, \u043f\u0440\u043e\u0438\u0437\u0432\u043e\u0434\u0441\u0442\u0432\u0435\u043d\u043d\u044b\u0445 \u043b\u0438\u043d\u0438\u0439, \u0441\u043a\u043b\u0430\u0434\u043e\u0432 \u0437\u0430\u043f\u0430\u0441\u043d\u044b\u0445 \u0447\u0430\u0441\u0442\u0435\u0439 \u0438 \u043b\u043e\u0433\u0438\u0441\u0442\u0438\u0447\u0435\u0441\u043a\u0438\u0445 \u0446\u0435\u043d\u0442\u0440\u043e\u0432.<\/p>\n<table>\n<thead>\n<tr>\n<td><strong>\u041f\u0440\u0435\u0438\u043c\u0443\u0449\u0435\u0441\u0442\u0432\u043e<\/strong><\/td>\n<td><strong>\u041e\u0431\u044a\u044f\u0441\u043d\u0435\u043d\u0438\u0435<\/strong><\/td>\n<\/tr>\n<\/thead>\n<tbody>\n<tr>\n<td><strong>\u0412\u044b\u0441\u043e\u043a\u0430\u044f \u0433\u0440\u0443\u0437\u043e\u043f\u043e\u0434\u044a\u0435\u043c\u043d\u043e\u0441\u0442\u044c<\/strong><\/td>\n<td>\u0413\u0440\u0443\u0437\u043e\u043f\u043e\u0434\u044a\u0435\u043c\u043d\u043e\u0441\u0442\u044c \u0434\u043e 1000 \u043a\u0433 \u043d\u0430 \u043e\u0434\u0438\u043d \u044f\u0449\u0438\u043a \u0438 \u0434\u043e 9000 \u043a\u0433 \u043d\u0430 \u043e\u0434\u043d\u0443 \u0441\u0435\u043a\u0446\u0438\u044e. *\u0413\u0440\u0443\u0437\u043e\u043f\u043e\u0434\u044a\u0435\u043c\u043d\u043e\u0441\u0442\u044c \u0432\u0430\u0440\u044c\u0438\u0440\u0443\u0435\u0442\u0441\u044f \u043e\u0442 800 \u0434\u043e 1000 \u043a\u0433 \u0432 \u0437\u0430\u0432\u0438\u0441\u0438\u043c\u043e\u0441\u0442\u0438 \u043e\u0442 \u0433\u043b\u0443\u0431\u0438\u043d\u044b \u043f\u043e\u043b\u043e\u043a.<\/td>\n<\/tr>\n<tr>\n<td><strong>\u041f\u043e\u043b\u043d\u043e\u0441\u0442\u044c\u044e \u0438 \u0447\u0430\u0441\u0442\u0438\u0447\u043d\u043e \u0432\u044b\u0434\u0432\u0438\u0436\u043d\u044b\u0435 \u0440\u0430\u043c\u044b<\/strong><\/td>\n<td>%65 ve %100 a\u00e7\u0131labilir \u00e7ekmece se\u00e7enekleri sayesinde y\u00fcke tam eri\u015fim; g\u00fcvenli durdurma kilidi ile emniyetli \u00e7al\u0131\u015fma.<\/td>\n<\/tr>\n<tr>\n<td><strong>\u041c\u043e\u0434\u0443\u043b\u044c\u043d\u0430\u044f \u043a\u043e\u043d\u0441\u0442\u0440\u0443\u043a\u0446\u0438\u044f<\/strong><\/td>\n<td>\u0414\u043e\u0441\u0442\u0443\u043f\u043d\u044b \u0432\u0430\u0440\u0438\u0430\u043d\u0442\u044b \u0448\u0438\u0440\u0438\u043d\u044b 890 \u043c\u043c, 1090 \u043c\u043c \u0438 1290 \u043c\u043c \u0432 \u0441\u043e\u0447\u0435\u0442\u0430\u043d\u0438\u0438 \u0441 \u0433\u043b\u0443\u0431\u0438\u043d\u043e\u0439 860 \u043c\u043c, 1060 \u043c\u043c \u0438 1260 \u043c\u043c. \u041e\u0431\u0435\u0441\u043f\u0435\u0447\u0438\u0432\u0430\u0435\u0442\u0441\u044f \u043b\u0435\u0433\u043a\u0430\u044f \u0430\u0434\u0430\u043f\u0442\u0430\u0446\u0438\u044f \u043a \u0431\u0443\u0434\u0443\u0449\u0435\u043c\u0443 \u0443\u0432\u0435\u043b\u0438\u0447\u0435\u043d\u0438\u044e \u0432\u043c\u0435\u0441\u0442\u0438\u043c\u043e\u0441\u0442\u0438.<\/td>\n<\/tr>\n<tr>\n<td><strong>\u041f\u0440\u043e\u0441\u0442\u0430\u044f \u0443\u0441\u0442\u0430\u043d\u043e\u0432\u043a\u0430 \u0438 \u043a\u0440\u0435\u043f\u043b\u0435\u043d\u0438\u0435<\/strong><\/td>\n<td>\u0420\u0435\u0433\u0443\u043b\u0438\u0440\u0443\u0435\u043c\u044b\u0435 \u043f\u043e \u0432\u044b\u0441\u043e\u0442\u0435 \u043f\u043b\u0438\u0442\u044b \u0432\u044b\u0440\u0430\u0432\u043d\u0438\u0432\u0430\u043d\u0438\u044f \u043e\u0431\u0435\u0441\u043f\u0435\u0447\u0438\u0432\u0430\u044e\u0442 \u0431\u044b\u0441\u0442\u0440\u043e\u0435 \u043a\u0440\u0435\u043f\u043b\u0435\u043d\u0438\u0435 \u043a \u0431\u0435\u0442\u043e\u043d\u043d\u044b\u043c \u043f\u043e\u043b\u0430\u043c, \u0433\u0430\u0440\u0430\u043d\u0442\u0438\u0440\u0443\u044f \u0441\u0435\u0439\u0441\u043c\u0438\u0447\u0435\u0441\u043a\u0443\u044e \u0431\u0435\u0437\u043e\u043f\u0430\u0441\u043d\u043e\u0441\u0442\u044c \u0438 \u0434\u043e\u043b\u0433\u043e\u0432\u0435\u0447\u043d\u0443\u044e \u0443\u0441\u0442\u043e\u0439\u0447\u0438\u0432\u043e\u0441\u0442\u044c.<\/td>\n<\/tr>\n<tr>\n<td><strong>\u042d\u0440\u0433\u043e\u043d\u043e\u043c\u0438\u043a\u0430 \u0438 \u043e\u0445\u0440\u0430\u043d\u0430 \u0442\u0440\u0443\u0434\u0430<\/strong><\/td>\n<td>\u042f\u0449\u0438\u043a\u0438 \u0430\u0432\u0442\u043e\u043c\u0430\u0442\u0438\u0447\u0435\u0441\u043a\u0438 \u0444\u0438\u043a\u0441\u0438\u0440\u0443\u044e\u0442\u0441\u044f \u0432 \u043e\u0442\u043a\u0440\u044b\u0442\u043e\u043c \u043f\u043e\u043b\u043e\u0436\u0435\u043d\u0438\u0438, \u043f\u0440\u0435\u0434\u043e\u0442\u0432\u0440\u0430\u0449\u0430\u044f \u0438\u0445 \u043d\u0435\u043f\u0440\u0435\u0434\u043d\u0430\u043c\u0435\u0440\u0435\u043d\u043d\u043e\u0435 \u043f\u0435\u0440\u0435\u043c\u0435\u0449\u0435\u043d\u0438\u0435 \u0432\u043e \u0432\u0440\u0435\u043c\u044f \u043f\u043e\u0433\u0440\u0443\u0437\u043a\u0438 \u0438 \u0440\u0430\u0437\u0433\u0440\u0443\u0437\u043a\u0438.<\/td>\n<\/tr>\n<\/tbody>\n<\/table>\n<h4>\u0412\u0430\u0440\u0438\u0430\u043d\u0442\u044b \u0438\u0441\u043f\u043e\u043b\u044c\u0437\u043e\u0432\u0430\u043d\u0438\u044f<\/h4>\n<ul>\n<li><strong>\u0421\u043a\u043b\u0430\u0434\u044b \u0442\u044f\u0436\u0435\u043b\u043e\u0433\u043e \u0438\u043d\u0441\u0442\u0440\u0443\u043c\u0435\u043d\u0442\u0430 \u0438 \u043f\u0440\u0435\u0441\u0441-\u0444\u043e\u0440\u043c<\/strong> \u2013 \u0426\u0435\u0445\u0438 \u0441 \u0427\u041f\u0423, \u043e\u0442\u0434\u0435\u043b\u044b \u043e\u0431\u0441\u043b\u0443\u0436\u0438\u0432\u0430\u043d\u0438\u044f \u043f\u0440\u0435\u0441\u0441-\u0444\u043e\u0440\u043c<\/li>\n<li><strong>\u0437\u043e\u043d\u044b \u0445\u0440\u0430\u043d\u0435\u043d\u0438\u044f \u0434\u0432\u0438\u0433\u0430\u0442\u0435\u043b\u044f \u0438 \u0442\u0440\u0430\u043d\u0441\u043c\u0438\u0441\u0441\u0438\u0438<\/strong> \u2013 \u0410\u0432\u0442\u043e\u0441\u0435\u0440\u0432\u0438\u0441\u044b, \u043f\u0440\u0435\u0434\u043f\u0440\u0438\u044f\u0442\u0438\u044f \u043f\u043e \u0432\u043e\u0441\u0441\u0442\u0430\u043d\u043e\u0432\u043b\u0435\u043d\u0438\u044e \u0430\u0432\u0442\u043e\u043c\u043e\u0431\u0438\u043b\u0435\u0439<\/li>\n<li><strong>\u0423\u043f\u0440\u0430\u0432\u043b\u0435\u043d\u0438\u0435 \u0434\u0435\u0442\u0430\u043b\u044f\u043c\u0438 \u0432\u044b\u0441\u043e\u043a\u043e\u0439 \u043f\u043b\u043e\u0442\u043d\u043e\u0441\u0442\u0438<\/strong> \u2013 \u0417\u0430\u043f\u0430\u0441\u043d\u044b\u0435 \u0447\u0430\u0441\u0442\u0438 \u0434\u043b\u044f \u0430\u044d\u0440\u043e\u043a\u043e\u0441\u043c\u0438\u0447\u0435\u0441\u043a\u043e\u0439 \u0438 \u043e\u0431\u043e\u0440\u043e\u043d\u043d\u043e\u0439 \u043f\u0440\u043e\u043c\u044b\u0448\u043b\u0435\u043d\u043d\u043e\u0441\u0442\u0438<\/li>\n<li><strong>\u041b\u043e\u0433\u0438\u0441\u0442\u0438\u043a\u0430 \u0438 \u043f\u0440\u0435\u0434\u044d\u043a\u0441\u043f\u043e\u0440\u0442\u043d\u0430\u044f \u043a\u043e\u043d\u0441\u043e\u043b\u0438\u0434\u0430\u0446\u0438\u044f<\/strong> \u2013 \u0413\u0440\u0443\u0437\u043e\u0432\u044b\u0435 \u0443\u0437\u043b\u044b, \u0440\u0430\u0441\u043f\u0440\u0435\u0434\u0435\u043b\u0438\u0442\u0435\u043b\u044c\u043d\u044b\u0435 \u0446\u0435\u043d\u0442\u0440\u044b<\/li>\n<\/ul>\n<h3>\u0420\u0430\u0437\u0440\u0430\u0431\u043e\u0442\u0430\u043d\u043e \u0441\u043f\u0435\u0446\u0438\u0430\u043b\u044c\u043d\u043e \u0434\u043b\u044f \u0432\u0430\u0441, \u0441\u043e\u0437\u0434\u0430\u043d\u043e \u0434\u043b\u044f \u043e\u043f\u0442\u0438\u043c\u0438\u0437\u0430\u0446\u0438\u0438 \u0432\u0430\u0448\u0435\u0433\u043e \u0440\u0430\u0431\u043e\u0447\u0435\u0433\u043e \u043f\u0440\u043e\u0446\u0435\u0441\u0441\u0430.<\/h3>\n<p>\u0421\u0438\u0441\u0442\u0435\u043c\u0430 \u0441\u0442\u0435\u043b\u043b\u0430\u0436\u0435\u0439 \u0434\u043b\u044f \u043f\u0440\u0435\u0441\u0441-\u0444\u043e\u0440\u043c \u0441\u043e\u0447\u0435\u0442\u0430\u0435\u0442 \u0432 \u0441\u0435\u0431\u0435 \u043d\u0435\u0441\u0443\u0449\u0443\u044e \u0441\u043f\u043e\u0441\u043e\u0431\u043d\u043e\u0441\u0442\u044c \u0438 \u0444\u0443\u043d\u043a\u0446\u0438\u0438 \u0431\u0435\u0437\u043e\u043f\u0430\u0441\u043d\u043e\u0441\u0442\u0438, \u043d\u0435\u043e\u0431\u0445\u043e\u0434\u0438\u043c\u044b\u0435 \u0432 \u0441\u043b\u043e\u0436\u043d\u044b\u0445 \u043f\u0440\u043e\u043c\u044b\u0448\u043b\u0435\u043d\u043d\u044b\u0445 \u0443\u0441\u043b\u043e\u0432\u0438\u044f\u0445, \u0441 \u044d\u0441\u0442\u0435\u0442\u0438\u0447\u043d\u044b\u043c \u0434\u0438\u0437\u0430\u0439\u043d\u043e\u043c. \u0415\u0441\u043b\u0438 \u0432\u044b \u0445\u043e\u0442\u0438\u0442\u0435 \u0440\u0430\u0441\u0448\u0438\u0440\u0438\u0442\u044c \u0441\u0432\u043e\u0438 \u0441\u0442\u0435\u043b\u043b\u0430\u0436\u043d\u044b\u0435 \u043c\u043e\u0449\u043d\u043e\u0441\u0442\u0438, \u0441\u044d\u043a\u043e\u043d\u043e\u043c\u0438\u0442\u044c \u043c\u0435\u0441\u0442\u043e \u043d\u0430 \u043a\u0432\u0430\u0434\u0440\u0430\u0442\u043d\u044b\u0439 \u043c\u0435\u0442\u0440, \u043f\u043e\u0432\u044b\u0441\u0438\u0442\u044c \u0431\u0435\u0437\u043e\u043f\u0430\u0441\u043d\u043e\u0441\u0442\u044c \u043d\u0430 \u0440\u0430\u0431\u043e\u0447\u0435\u043c \u043c\u0435\u0441\u0442\u0435 \u0438 \u0441\u044d\u043a\u043e\u043d\u043e\u043c\u0438\u0442\u044c \u0432\u0440\u0435\u043c\u044f, \u043d\u0430\u0448\u0430 \u0441\u0438\u0441\u0442\u0435\u043c\u0430 \u0441\u0442\u0435\u043b\u043b\u0430\u0436\u0435\u0439 \u0434\u043b\u044f \u043f\u0440\u0435\u0441\u0441-\u0444\u043e\u0440\u043c \u0438\u0434\u0435\u0430\u043b\u044c\u043d\u043e \u0432\u0430\u043c \u043f\u043e\u0434\u043e\u0439\u0434\u0435\u0442!<\/p>\n<p><strong>\u041f\u043e\u0434\u043d\u0438\u043c\u0438\u0442\u0435 \u043f\u0440\u043e\u0438\u0437\u0432\u043e\u0434\u0438\u0442\u0435\u043b\u044c\u043d\u043e\u0441\u0442\u044c \u0441\u0432\u043e\u0435\u0433\u043e \u0431\u0438\u0437\u043d\u0435\u0441\u0430 \u043d\u0430 \u043d\u043e\u0432\u044b\u0439 \u0443\u0440\u043e\u0432\u0435\u043d\u044c. .<\/strong><\/p>","protected":false},"excerpt":{"rendered":"<p><strong>\u0422\u0435\u0445\u043d\u0438\u0447\u0435\u0441\u043a\u0438\u0435 \u0445\u0430\u0440\u0430\u043a\u0442\u0435\u0440\u0438\u0441\u0442\u0438\u043a\u0438<\/strong><\/p>\n<ul>\n<li><strong>\u0422\u0438\u043f\u044b \u043e\u043f\u0440\u0430\u0432:<\/strong> Sabit, %65 a\u00e7\u0131l\u0131ml\u0131 \u00e7ekmece ve %100 a\u00e7\u0131l\u0131ml\u0131 \u00e7ekmece<\/li>\n<li><strong>\u0413\u0440\u0443\u0437\u043e\u043f\u043e\u0434\u044a\u0435\u043c\u043d\u043e\u0441\u0442\u044c:<\/strong> 800\u20131000 \u043a\u0433\/\u044f\u0449\u0438\u043a | 9000 \u043a\u0433\/\u043f\u043e\u043b\u0435<\/li>\n<li><strong>\u0413\u043b\u0443\u0431\u0438\u043d\u0430 \u043f\u043e\u043b\u043e\u043a (\u0422):<\/strong> 860 \u043c\u043c | 1060 \u043c\u043c | 1260 \u043c\u043c<\/li>\n<li><strong>\u0428\u0438\u0440\u0438\u043d\u0430 \u043f\u043b\u043e\u0449\u0430\u0434\u0435\u0439 (A):<\/strong> 890 \u043c\u043c | 1090 \u043c\u043c | 1290 \u043c\u043c<\/li>\n<li><strong>\u0412\u044b\u0441\u043e\u0442\u0430 \u043f\u043e\u043b\u043a\u0438:<\/strong> 2500 \u043c\u043c<\/li>\n<li><strong>\u041c\u0430\u0442\u0435\u0440\u0438\u0430\u043b \/ \u041f\u043e\u0432\u0435\u0440\u0445\u043d\u043e\u0441\u0442\u044c:<\/strong> \u0420\u0430\u043c\u0430 \u0438\u0437 \u0432\u044b\u0441\u043e\u043a\u043e\u043f\u0440\u043e\u0447\u043d\u043e\u0439 \u0441\u0442\u0430\u043b\u0438, \u044d\u043b\u0435\u043a\u0442\u0440\u043e\u0441\u0442\u0430\u0442\u0438\u0447\u0435\u0441\u043a\u043e\u0435 \u043f\u043e\u0440\u043e\u0448\u043a\u043e\u0432\u043e\u0435 \u043f\u043e\u043a\u0440\u044b\u0442\u0438\u0435.<\/li>\n<li><\/li>\n<\/ul>","protected":false},"featured_media":40590,"template":"","meta":[],"product_brand":[],"product_cat":[31],"product_tag":[],"class_list":{"0":"post-40589","1":"product","2":"type-product","3":"status-publish","4":"has-post-thumbnail","6":"product_cat-kalip-raflari","8":"first","9":"instock","10":"shipping-taxable","11":"product-type-simple"},"yoast_head":"<!-- This site is optimized with the Yoast SEO plugin v27.4 - https:\/\/yoast.com\/product\/yoast-seo-wordpress\/ -->\n<title>BD.2552.1002 \u00c7ekmeceli Kal\u0131p Raf\u0131 %65<\/title>\n<meta name=\"robots\" content=\"index, follow, max-snippet:-1, max-image-preview:large, max-video-preview:-1\" \/>\n<link rel=\"canonical\" href=\"https:\/\/bodur.com.tr\/ru\/product\/\u0441\u0442\u0435\u043b\u043b\u0430\u0436-\u0434\u043b\u044f-\u0444\u043e\u0440\u043c-bd-2552-1002-\u044f\u0449\u0438\u043a\/\" \/>\n<meta property=\"og:locale\" content=\"ru_RU\" \/>\n<meta property=\"og:type\" content=\"article\" \/>\n<meta property=\"og:title\" content=\"BD.2552.1002 \u00c7ekmeceli Kal\u0131p Raf\u0131 %65\" \/>\n<meta property=\"og:description\" content=\"Teknik \u00d6zellikler   \u00c7er\u00e7eve Tipleri: Sabit, %65 a\u00e7\u0131l\u0131ml\u0131 \u00e7ekmece ve %100 a\u00e7\u0131l\u0131ml\u0131 \u00e7ekmece  Ta\u015f\u0131ma Kapasitesi: 800 \u2013 1000 kg \/ \u00e7ekmece | 9 000 kg \/ saha  Raf Derinlikleri (T): 860 mm | 1060 mm | 1260 mm  Alan Geni\u015flikleri (A): 890 mm | 1090 mm | 1290 mm  Raf Y\u00fcksekli\u011fi : 2500 mm  Malzeme \/ Y\u00fczey: Y\u00fcksek mukavemetli \u00e7elik karkas, elektrostatik toz boya\" \/>\n<meta property=\"og:url\" content=\"https:\/\/bodur.com.tr\/ru\/product\/\u0441\u0442\u0435\u043b\u043b\u0430\u0436-\u0434\u043b\u044f-\u0444\u043e\u0440\u043c-bd-2552-1002-\u044f\u0449\u0438\u043a\/\" \/>\n<meta property=\"og:site_name\" content=\"Bodur End\u00fcstriyel\" \/>\n<meta property=\"article:publisher\" content=\"https:\/\/www.facebook.com\/bodurendustriyel\" \/>\n<meta property=\"article:modified_time\" content=\"2025-06-30T17:46:44+00:00\" \/>\n<meta property=\"og:image\" content=\"https:\/\/bodur.com.tr\/wp-content\/uploads\/BD-2552-10021090x860-65_01.jpg\" \/>\n\t<meta property=\"og:image:width\" content=\"2480\" \/>\n\t<meta property=\"og:image:height\" content=\"2480\" \/>\n\t<meta property=\"og:image:type\" content=\"image\/jpeg\" \/>\n<meta name=\"twitter:card\" content=\"summary_large_image\" \/>\n<script type=\"application\/ld+json\" class=\"yoast-schema-graph\">{\"@context\":\"https:\\\/\\\/schema.org\",\"@graph\":[{\"@type\":\"WebPage\",\"@id\":\"https:\\\/\\\/bodur.com.tr\\\/urun\\\/bd-2552-1002-cekmeceli-kalip-rafi\",\"url\":\"https:\\\/\\\/bodur.com.tr\\\/urun\\\/bd-2552-1002-cekmeceli-kalip-rafi\",\"name\":\"BD.2552.1002 \u00c7ekmeceli Kal\u0131p Raf\u0131 %65\",\"isPartOf\":{\"@id\":\"https:\\\/\\\/bodur.com.tr\\\/#website\"},\"primaryImageOfPage\":{\"@id\":\"https:\\\/\\\/bodur.com.tr\\\/urun\\\/bd-2552-1002-cekmeceli-kalip-rafi#primaryimage\"},\"image\":{\"@id\":\"https:\\\/\\\/bodur.com.tr\\\/urun\\\/bd-2552-1002-cekmeceli-kalip-rafi#primaryimage\"},\"thumbnailUrl\":\"https:\\\/\\\/bodur.com.tr\\\/wp-content\\\/uploads\\\/BD-2552-10021090x860-65_01.jpg\",\"datePublished\":\"2025-06-29T17:49:21+00:00\",\"dateModified\":\"2025-06-30T17:46:44+00:00\",\"breadcrumb\":{\"@id\":\"https:\\\/\\\/bodur.com.tr\\\/urun\\\/bd-2552-1002-cekmeceli-kalip-rafi#breadcrumb\"},\"inLanguage\":\"ru-RU\",\"potentialAction\":[{\"@type\":\"ReadAction\",\"target\":[\"https:\\\/\\\/bodur.com.tr\\\/urun\\\/bd-2552-1002-cekmeceli-kalip-rafi\"]}]},{\"@type\":\"ImageObject\",\"inLanguage\":\"ru-RU\",\"@id\":\"https:\\\/\\\/bodur.com.tr\\\/urun\\\/bd-2552-1002-cekmeceli-kalip-rafi#primaryimage\",\"url\":\"https:\\\/\\\/bodur.com.tr\\\/wp-content\\\/uploads\\\/BD-2552-10021090x860-65_01.jpg\",\"contentUrl\":\"https:\\\/\\\/bodur.com.tr\\\/wp-content\\\/uploads\\\/BD-2552-10021090x860-65_01.jpg\",\"width\":2480,\"height\":2480,\"caption\":\"BD.2552.1002 \u00c7ekmeceli Kal\u0131p Raf\u0131\"},{\"@type\":\"BreadcrumbList\",\"@id\":\"https:\\\/\\\/bodur.com.tr\\\/urun\\\/bd-2552-1002-cekmeceli-kalip-rafi#breadcrumb\",\"itemListElement\":[{\"@type\":\"ListItem\",\"position\":1,\"name\":\"Anasayfa\",\"item\":\"https:\\\/\\\/bodur.com.tr\\\/\"},{\"@type\":\"ListItem\",\"position\":2,\"name\":\"\u00dcr\u00fcnler\",\"item\":\"https:\\\/\\\/bodur.com.tr\\\/magaza\"},{\"@type\":\"ListItem\",\"position\":3,\"name\":\"BD.2552.1002 \u00c7ekmeceli Kal\u0131p Raf\u0131 %65\"}]},{\"@type\":\"WebSite\",\"@id\":\"https:\\\/\\\/bodur.com.tr\\\/#website\",\"url\":\"https:\\\/\\\/bodur.com.tr\\\/\",\"name\":\"Bodur End\u00fcstriyel\",\"description\":\"\",\"publisher\":{\"@id\":\"https:\\\/\\\/bodur.com.tr\\\/#organization\"},\"potentialAction\":[{\"@type\":\"SearchAction\",\"target\":{\"@type\":\"EntryPoint\",\"urlTemplate\":\"https:\\\/\\\/bodur.com.tr\\\/?s={search_term_string}\"},\"query-input\":{\"@type\":\"PropertyValueSpecification\",\"valueRequired\":true,\"valueName\":\"search_term_string\"}}],\"inLanguage\":\"ru-RU\"},{\"@type\":\"Organization\",\"@id\":\"https:\\\/\\\/bodur.com.tr\\\/#organization\",\"name\":\"Bodur End\u00fcstriyel\",\"url\":\"https:\\\/\\\/bodur.com.tr\\\/\",\"logo\":{\"@type\":\"ImageObject\",\"inLanguage\":\"ru-RU\",\"@id\":\"https:\\\/\\\/bodur.com.tr\\\/#\\\/schema\\\/logo\\\/image\\\/\",\"url\":\"https:\\\/\\\/bodur.com.tr\\\/wp-content\\\/uploads\\\/51834268_258721005017375_5556593430731161600_n.jpg\",\"contentUrl\":\"https:\\\/\\\/bodur.com.tr\\\/wp-content\\\/uploads\\\/51834268_258721005017375_5556593430731161600_n.jpg\",\"width\":320,\"height\":320,\"caption\":\"Bodur End\u00fcstriyel\"},\"image\":{\"@id\":\"https:\\\/\\\/bodur.com.tr\\\/#\\\/schema\\\/logo\\\/image\\\/\"},\"sameAs\":[\"https:\\\/\\\/www.facebook.com\\\/bodurendustriyel\",\"https:\\\/\\\/www.instagram.com\\\/bodurendustriyel\\\/\",\"https:\\\/\\\/www.youtube.com\\\/user\\\/harunbodur\"]}]}<\/script>\n<!-- \/ Yoast SEO plugin. -->","yoast_head_json":{"title":"BD.2552.1002 \u00c7ekmeceli Kal\u0131p Raf\u0131 %65","robots":{"index":"index","follow":"follow","max-snippet":"max-snippet:-1","max-image-preview":"max-image-preview:large","max-video-preview":"max-video-preview:-1"},"canonical":"https:\/\/bodur.com.tr\/ru\/product\/\u0441\u0442\u0435\u043b\u043b\u0430\u0436-\u0434\u043b\u044f-\u0444\u043e\u0440\u043c-bd-2552-1002-\u044f\u0449\u0438\u043a\/","og_locale":"ru_RU","og_type":"article","og_title":"BD.2552.1002 \u00c7ekmeceli Kal\u0131p Raf\u0131 %65","og_description":"Teknik \u00d6zellikler   \u00c7er\u00e7eve Tipleri: Sabit, %65 a\u00e7\u0131l\u0131ml\u0131 \u00e7ekmece ve %100 a\u00e7\u0131l\u0131ml\u0131 \u00e7ekmece  Ta\u015f\u0131ma Kapasitesi: 800 \u2013 1000 kg \/ \u00e7ekmece | 9 000 kg \/ saha  Raf Derinlikleri (T): 860 mm | 1060 mm | 1260 mm  Alan Geni\u015flikleri (A): 890 mm | 1090 mm | 1290 mm  Raf Y\u00fcksekli\u011fi : 2500 mm  Malzeme \/ Y\u00fczey: Y\u00fcksek mukavemetli \u00e7elik karkas, elektrostatik toz boya","og_url":"https:\/\/bodur.com.tr\/ru\/product\/\u0441\u0442\u0435\u043b\u043b\u0430\u0436-\u0434\u043b\u044f-\u0444\u043e\u0440\u043c-bd-2552-1002-\u044f\u0449\u0438\u043a\/","og_site_name":"Bodur End\u00fcstriyel","article_publisher":"https:\/\/www.facebook.com\/bodurendustriyel","article_modified_time":"2025-06-30T17:46:44+00:00","og_image":[{"width":2480,"height":2480,"url":"https:\/\/bodur.com.tr\/wp-content\/uploads\/BD-2552-10021090x860-65_01.jpg","type":"image\/jpeg"}],"twitter_card":"summary_large_image","schema":{"@context":"https:\/\/schema.org","@graph":[{"@type":"WebPage","@id":"https:\/\/bodur.com.tr\/urun\/bd-2552-1002-cekmeceli-kalip-rafi","url":"https:\/\/bodur.com.tr\/urun\/bd-2552-1002-cekmeceli-kalip-rafi","name":"BD.2552.1002 \u00c7ekmeceli Kal\u0131p Raf\u0131 %65","isPartOf":{"@id":"https:\/\/bodur.com.tr\/#website"},"primaryImageOfPage":{"@id":"https:\/\/bodur.com.tr\/urun\/bd-2552-1002-cekmeceli-kalip-rafi#primaryimage"},"image":{"@id":"https:\/\/bodur.com.tr\/urun\/bd-2552-1002-cekmeceli-kalip-rafi#primaryimage"},"thumbnailUrl":"https:\/\/bodur.com.tr\/wp-content\/uploads\/BD-2552-10021090x860-65_01.jpg","datePublished":"2025-06-29T17:49:21+00:00","dateModified":"2025-06-30T17:46:44+00:00","breadcrumb":{"@id":"https:\/\/bodur.com.tr\/urun\/bd-2552-1002-cekmeceli-kalip-rafi#breadcrumb"},"inLanguage":"ru-RU","potentialAction":[{"@type":"ReadAction","target":["https:\/\/bodur.com.tr\/urun\/bd-2552-1002-cekmeceli-kalip-rafi"]}]},{"@type":"ImageObject","inLanguage":"ru-RU","@id":"https:\/\/bodur.com.tr\/urun\/bd-2552-1002-cekmeceli-kalip-rafi#primaryimage","url":"https:\/\/bodur.com.tr\/wp-content\/uploads\/BD-2552-10021090x860-65_01.jpg","contentUrl":"https:\/\/bodur.com.tr\/wp-content\/uploads\/BD-2552-10021090x860-65_01.jpg","width":2480,"height":2480,"caption":"BD.2552.1002 \u00c7ekmeceli Kal\u0131p Raf\u0131"},{"@type":"BreadcrumbList","@id":"https:\/\/bodur.com.tr\/urun\/bd-2552-1002-cekmeceli-kalip-rafi#breadcrumb","itemListElement":[{"@type":"ListItem","position":1,"name":"Anasayfa","item":"https:\/\/bodur.com.tr\/"},{"@type":"ListItem","position":2,"name":"\u00dcr\u00fcnler","item":"https:\/\/bodur.com.tr\/magaza"},{"@type":"ListItem","position":3,"name":"BD.2552.1002 \u00c7ekmeceli Kal\u0131p Raf\u0131 %65"}]},{"@type":"WebSite","@id":"https:\/\/bodur.com.tr\/#website","url":"https:\/\/bodur.com.tr\/","name":"\u0411\u043e\u0434\u0443\u0440 \u0418\u043d\u0434\u0430\u0441\u0442\u0440\u0438\u0430\u043b","description":"","publisher":{"@id":"https:\/\/bodur.com.tr\/#organization"},"potentialAction":[{"@type":"SearchAction","target":{"@type":"EntryPoint","urlTemplate":"https:\/\/bodur.com.tr\/?s={search_term_string}"},"query-input":{"@type":"PropertyValueSpecification","valueRequired":true,"valueName":"search_term_string"}}],"inLanguage":"ru-RU"},{"@type":"Organization","@id":"https:\/\/bodur.com.tr\/#organization","name":"\u0411\u043e\u0434\u0443\u0440 \u0418\u043d\u0434\u0430\u0441\u0442\u0440\u0438\u0430\u043b","url":"https:\/\/bodur.com.tr\/","logo":{"@type":"ImageObject","inLanguage":"ru-RU","@id":"https:\/\/bodur.com.tr\/#\/schema\/logo\/image\/","url":"https:\/\/bodur.com.tr\/wp-content\/uploads\/51834268_258721005017375_5556593430731161600_n.jpg","contentUrl":"https:\/\/bodur.com.tr\/wp-content\/uploads\/51834268_258721005017375_5556593430731161600_n.jpg","width":320,"height":320,"caption":"Bodur End\u00fcstriyel"},"image":{"@id":"https:\/\/bodur.com.tr\/#\/schema\/logo\/image\/"},"sameAs":["https:\/\/www.facebook.com\/bodurendustriyel","https:\/\/www.instagram.com\/bodurendustriyel\/","https:\/\/www.youtube.com\/user\/harunbodur"]}]}},"_links":{"self":[{"href":"https:\/\/bodur.com.tr\/ru\/wp-json\/wp\/v2\/product\/40589","targetHints":{"allow":["GET"]}}],"collection":[{"href":"https:\/\/bodur.com.tr\/ru\/wp-json\/wp\/v2\/product"}],"about":[{"href":"https:\/\/bodur.com.tr\/ru\/wp-json\/wp\/v2\/types\/product"}],"wp:featuredmedia":[{"embeddable":true,"href":"https:\/\/bodur.com.tr\/ru\/wp-json\/wp\/v2\/media\/40590"}],"wp:attachment":[{"href":"https:\/\/bodur.com.tr\/ru\/wp-json\/wp\/v2\/media?parent=40589"}],"wp:term":[{"taxonomy":"product_brand","embeddable":true,"href":"https:\/\/bodur.com.tr\/ru\/wp-json\/wp\/v2\/product_brand?post=40589"},{"taxonomy":"product_cat","embeddable":true,"href":"https:\/\/bodur.com.tr\/ru\/wp-json\/wp\/v2\/product_cat?post=40589"},{"taxonomy":"product_tag","embeddable":true,"href":"https:\/\/bodur.com.tr\/ru\/wp-json\/wp\/v2\/product_tag?post=40589"}],"curies":[{"name":"wp","href":"https:\/\/api.w.org\/{rel}","templated":true}]}}