{"id":19788,"date":"2024-09-02T15:54:45","date_gmt":"2024-09-02T12:54:45","guid":{"rendered":"https:\/\/bodur.com.tr\/?post_type=product&#038;p=19788"},"modified":"2026-03-20T18:20:34","modified_gmt":"2026-03-20T15:20:34","slug":"bd-36-17-28","status":"publish","type":"product","link":"https:\/\/bodur.com.tr\/ru\/urun\/bd-36-17-28","title":{"rendered":"\u0411\u0414.36.17.28 +"},"content":{"rendered":"","protected":false},"excerpt":{"rendered":"<ul>\n<li>\u0413\u0430\u0431\u0430\u0440\u0438\u0442\u044b: \u04122000\u0445\u04282000\u0445\u0413730 \u043c\u043c<\/li>\n<li>Aksesuarlar hari\u00e7 180\u00a0kg<\/li>\n<li>\u041c\u0430\u0442\u0435\u0440\u0438\u0430\u043b\u044b \u0438\u0437 \u043b\u0438\u0441\u0442\u043e\u0432\u043e\u0433\u043e \u043c\u0435\u0442\u0430\u043b\u043b\u0430 DKP \u0438 HRP<\/li>\n<li>\u042d\u043b\u0435\u043a\u0442\u0440\u043e\u0441\u0442\u0430\u0442\u0438\u0447\u0435\u0441\u043a\u043e\u0435 \u043f\u043e\u0440\u043e\u0448\u043a\u043e\u0432\u043e\u0435 \u043f\u043e\u043a\u0440\u044b\u0442\u0438\u0435<\/li>\n<li>RAL7016 (\u0442\u0435\u043c\u043d\u043e-\u0441\u0435\u0440\u044b\u0439) \u0438 RAL7011 (\u0441\u0432\u0435\u0442\u043b\u043e-\u0441\u0435\u0440\u044b\u0439)<\/li>\n<li>\u0420\u0430\u0437\u043c\u0435\u0440 \u043f\u0435\u0440\u0444\u043e\u0440\u0438\u0440\u043e\u0432\u0430\u043d\u043d\u043e\u0439 \u043f\u0430\u043d\u0435\u043b\u0438: \u0412940\u0445\u04281910 \u043c\u043c<\/li>\n<li>\u041f\u0430\u043d\u0435\u043b\u044c\u043d\u0430\u044f \u0441\u0442\u043e\u0439\u043a\u0430 W1910xD200 \u043c\u043c<\/li>\n<li>\u0420\u0430\u0437\u043c\u0435\u0440\u044b \u0441\u0442\u043e\u043b\u0430: (\u04282000\u0445\u0413690)<\/li>\n<li>\u0421\u0442\u0430\u043d\u0434\u0430\u0440\u0442\u043d\u0430\u044f \u043f\u0430\u043d\u0435\u043b\u044c \u0438\u0437 \u043c\u0430\u0441\u0441\u0438\u0432\u0430 \u0434\u0435\u0440\u0435\u0432\u0430 \u0442\u043e\u043b\u0449\u0438\u043d\u043e\u0439 40 \u043c\u043c \u2013 \u0431\u0443\u043a.<\/li>\n<li>2 \u0437\u0430\u0437\u0435\u043c\u043b\u0435\u043d\u043d\u044b\u0435 \u0440\u043e\u0437\u0435\u0442\u043a\u0438 220 \u0412 \u0441 \u0437\u0430\u0449\u0438\u0442\u043d\u044b\u043c\u0438 \u043a\u0440\u044b\u0448\u043a\u0430\u043c\u0438 (\u043a\u043b\u0430\u0441\u0441 \u0437\u0430\u0449\u0438\u0442\u044b IP44)<\/li>\n<li>1 \u0441\u0432\u0435\u0442\u043e\u0434\u0438\u043e\u0434\u043d\u044b\u0439 \u043f\u0435\u0440\u0435\u043a\u043b\u044e\u0447\u0430\u0442\u0435\u043b\u044c<\/li>\n<li>\u0412\u0441\u0442\u0440\u0430\u0438\u0432\u0430\u0435\u043c\u044b\u0435 \u0441\u0432\u0435\u0442\u043e\u0434\u0438\u043e\u0434\u043d\u044b\u0435 \u0441\u0432\u0435\u0442\u0438\u043b\u044c\u043d\u0438\u043a\u0438 (2x9 \u0412\u0442)<\/li>\n<\/ul>","protected":false},"featured_media":19789,"template":"","meta":[],"product_brand":[],"product_cat":[206],"product_tag":[],"class_list":{"0":"post-19788","1":"product","2":"type-product","3":"status-publish","4":"has-post-thumbnail","6":"product_cat-proline-plus-calisma-tezgahlari","8":"first","9":"instock","10":"shipping-taxable","11":"product-type-simple"},"yoast_head":"<!-- This site is optimized with the Yoast SEO plugin v27.4 - https:\/\/yoast.com\/product\/yoast-seo-wordpress\/ -->\n<title>BD.36.17.28 +<\/title>\n<meta name=\"robots\" content=\"index, follow, max-snippet:-1, max-image-preview:large, max-video-preview:-1\" \/>\n<link rel=\"canonical\" href=\"https:\/\/bodur.com.tr\/ru\/product\/bd-36-17-28\/\" \/>\n<meta property=\"og:locale\" content=\"ru_RU\" \/>\n<meta property=\"og:type\" content=\"article\" \/>\n<meta property=\"og:title\" content=\"BD.36.17.28 +\" \/>\n<meta property=\"og:description\" content=\"H2000xW2000xD730 mm boyutlar\u0131nda  Aksesuarlar hari\u00e7 180\u00a0kg  DKP ve HRP sac malzeme  Elektrostatik toz boya  RAL7016 (Koyu Gri) ve RAL7011 (A\u00e7\u0131k Gri)  H940xW1910 mm delikli pano \u00f6l\u00e7\u00fcs\u00fc  W1910xD200 mm pano raf\u0131  (W2000xD690) tabla \u00f6l\u00e7\u00fcs\u00fc  Standart 40 mm Masif Panel - KAYIN  2 adet kapakl\u0131 220 V toprakl\u0131 priz (IP44 Koruma S\u0131n\u0131f\u0131)  1 adet led anahtar\u0131  G\u00f6mme Led Ayd\u0131nlatma (2x9W)\" \/>\n<meta property=\"og:url\" content=\"https:\/\/bodur.com.tr\/ru\/product\/bd-36-17-28\/\" \/>\n<meta property=\"og:site_name\" content=\"Bodur End\u00fcstriyel\" \/>\n<meta property=\"article:publisher\" content=\"https:\/\/www.facebook.com\/bodurendustriyel\" \/>\n<meta property=\"article:modified_time\" content=\"2026-03-20T15:20:34+00:00\" \/>\n<meta property=\"og:image\" content=\"https:\/\/bodur.com.tr\/wp-content\/uploads\/BD361728_H2000xW2000xD730_01.jpg\" \/>\n\t<meta property=\"og:image:width\" content=\"2480\" \/>\n\t<meta property=\"og:image:height\" content=\"2480\" \/>\n\t<meta property=\"og:image:type\" content=\"image\/jpeg\" \/>\n<meta name=\"twitter:card\" content=\"summary_large_image\" \/>\n<script type=\"application\/ld+json\" class=\"yoast-schema-graph\">{\"@context\":\"https:\\\/\\\/schema.org\",\"@graph\":[{\"@type\":\"WebPage\",\"@id\":\"https:\\\/\\\/bodur.com.tr\\\/urun\\\/bd-36-17-28\",\"url\":\"https:\\\/\\\/bodur.com.tr\\\/urun\\\/bd-36-17-28\",\"name\":\"BD.36.17.28 +\",\"isPartOf\":{\"@id\":\"https:\\\/\\\/bodur.com.tr\\\/#website\"},\"primaryImageOfPage\":{\"@id\":\"https:\\\/\\\/bodur.com.tr\\\/urun\\\/bd-36-17-28#primaryimage\"},\"image\":{\"@id\":\"https:\\\/\\\/bodur.com.tr\\\/urun\\\/bd-36-17-28#primaryimage\"},\"thumbnailUrl\":\"https:\\\/\\\/bodur.com.tr\\\/wp-content\\\/uploads\\\/BD361728_H2000xW2000xD730_01.jpg\",\"datePublished\":\"2024-09-02T12:54:45+00:00\",\"dateModified\":\"2026-03-20T15:20:34+00:00\",\"breadcrumb\":{\"@id\":\"https:\\\/\\\/bodur.com.tr\\\/urun\\\/bd-36-17-28#breadcrumb\"},\"inLanguage\":\"ru-RU\",\"potentialAction\":[{\"@type\":\"ReadAction\",\"target\":[\"https:\\\/\\\/bodur.com.tr\\\/urun\\\/bd-36-17-28\"]}]},{\"@type\":\"ImageObject\",\"inLanguage\":\"ru-RU\",\"@id\":\"https:\\\/\\\/bodur.com.tr\\\/urun\\\/bd-36-17-28#primaryimage\",\"url\":\"https:\\\/\\\/bodur.com.tr\\\/wp-content\\\/uploads\\\/BD361728_H2000xW2000xD730_01.jpg\",\"contentUrl\":\"https:\\\/\\\/bodur.com.tr\\\/wp-content\\\/uploads\\\/BD361728_H2000xW2000xD730_01.jpg\",\"width\":2480,\"height\":2480,\"caption\":\"BD.36.17.28 +\"},{\"@type\":\"BreadcrumbList\",\"@id\":\"https:\\\/\\\/bodur.com.tr\\\/urun\\\/bd-36-17-28#breadcrumb\",\"itemListElement\":[{\"@type\":\"ListItem\",\"position\":1,\"name\":\"Anasayfa\",\"item\":\"https:\\\/\\\/bodur.com.tr\\\/\"},{\"@type\":\"ListItem\",\"position\":2,\"name\":\"\u00dcr\u00fcnler\",\"item\":\"https:\\\/\\\/bodur.com.tr\\\/magaza\"},{\"@type\":\"ListItem\",\"position\":3,\"name\":\"BD.36.17.28 +\"}]},{\"@type\":\"WebSite\",\"@id\":\"https:\\\/\\\/bodur.com.tr\\\/#website\",\"url\":\"https:\\\/\\\/bodur.com.tr\\\/\",\"name\":\"Bodur End\u00fcstriyel\",\"description\":\"\",\"publisher\":{\"@id\":\"https:\\\/\\\/bodur.com.tr\\\/#organization\"},\"potentialAction\":[{\"@type\":\"SearchAction\",\"target\":{\"@type\":\"EntryPoint\",\"urlTemplate\":\"https:\\\/\\\/bodur.com.tr\\\/?s={search_term_string}\"},\"query-input\":{\"@type\":\"PropertyValueSpecification\",\"valueRequired\":true,\"valueName\":\"search_term_string\"}}],\"inLanguage\":\"ru-RU\"},{\"@type\":\"Organization\",\"@id\":\"https:\\\/\\\/bodur.com.tr\\\/#organization\",\"name\":\"Bodur End\u00fcstriyel\",\"url\":\"https:\\\/\\\/bodur.com.tr\\\/\",\"logo\":{\"@type\":\"ImageObject\",\"inLanguage\":\"ru-RU\",\"@id\":\"https:\\\/\\\/bodur.com.tr\\\/#\\\/schema\\\/logo\\\/image\\\/\",\"url\":\"https:\\\/\\\/bodur.com.tr\\\/wp-content\\\/uploads\\\/51834268_258721005017375_5556593430731161600_n.jpg\",\"contentUrl\":\"https:\\\/\\\/bodur.com.tr\\\/wp-content\\\/uploads\\\/51834268_258721005017375_5556593430731161600_n.jpg\",\"width\":320,\"height\":320,\"caption\":\"Bodur End\u00fcstriyel\"},\"image\":{\"@id\":\"https:\\\/\\\/bodur.com.tr\\\/#\\\/schema\\\/logo\\\/image\\\/\"},\"sameAs\":[\"https:\\\/\\\/www.facebook.com\\\/bodurendustriyel\",\"https:\\\/\\\/www.instagram.com\\\/bodurendustriyel\\\/\",\"https:\\\/\\\/www.youtube.com\\\/user\\\/harunbodur\"]}]}<\/script>\n<!-- \/ Yoast SEO plugin. -->","yoast_head_json":{"title":"\u0411\u0414.36.17.28 +","robots":{"index":"index","follow":"follow","max-snippet":"max-snippet:-1","max-image-preview":"max-image-preview:large","max-video-preview":"max-video-preview:-1"},"canonical":"https:\/\/bodur.com.tr\/ru\/product\/bd-36-17-28\/","og_locale":"ru_RU","og_type":"article","og_title":"BD.36.17.28 +","og_description":"H2000xW2000xD730 mm boyutlar\u0131nda  Aksesuarlar hari\u00e7 180\u00a0kg  DKP ve HRP sac malzeme  Elektrostatik toz boya  RAL7016 (Koyu Gri) ve RAL7011 (A\u00e7\u0131k Gri)  H940xW1910 mm delikli pano \u00f6l\u00e7\u00fcs\u00fc  W1910xD200 mm pano raf\u0131  (W2000xD690) tabla \u00f6l\u00e7\u00fcs\u00fc  Standart 40 mm Masif Panel - KAYIN  2 adet kapakl\u0131 220 V toprakl\u0131 priz (IP44 Koruma S\u0131n\u0131f\u0131)  1 adet led anahtar\u0131  G\u00f6mme Led Ayd\u0131nlatma (2x9W)","og_url":"https:\/\/bodur.com.tr\/ru\/product\/bd-36-17-28\/","og_site_name":"Bodur End\u00fcstriyel","article_publisher":"https:\/\/www.facebook.com\/bodurendustriyel","article_modified_time":"2026-03-20T15:20:34+00:00","og_image":[{"width":2480,"height":2480,"url":"https:\/\/bodur.com.tr\/wp-content\/uploads\/BD361728_H2000xW2000xD730_01.jpg","type":"image\/jpeg"}],"twitter_card":"summary_large_image","schema":{"@context":"https:\/\/schema.org","@graph":[{"@type":"WebPage","@id":"https:\/\/bodur.com.tr\/urun\/bd-36-17-28","url":"https:\/\/bodur.com.tr\/urun\/bd-36-17-28","name":"\u0411\u0414.36.17.28 +","isPartOf":{"@id":"https:\/\/bodur.com.tr\/#website"},"primaryImageOfPage":{"@id":"https:\/\/bodur.com.tr\/urun\/bd-36-17-28#primaryimage"},"image":{"@id":"https:\/\/bodur.com.tr\/urun\/bd-36-17-28#primaryimage"},"thumbnailUrl":"https:\/\/bodur.com.tr\/wp-content\/uploads\/BD361728_H2000xW2000xD730_01.jpg","datePublished":"2024-09-02T12:54:45+00:00","dateModified":"2026-03-20T15:20:34+00:00","breadcrumb":{"@id":"https:\/\/bodur.com.tr\/urun\/bd-36-17-28#breadcrumb"},"inLanguage":"ru-RU","potentialAction":[{"@type":"ReadAction","target":["https:\/\/bodur.com.tr\/urun\/bd-36-17-28"]}]},{"@type":"ImageObject","inLanguage":"ru-RU","@id":"https:\/\/bodur.com.tr\/urun\/bd-36-17-28#primaryimage","url":"https:\/\/bodur.com.tr\/wp-content\/uploads\/BD361728_H2000xW2000xD730_01.jpg","contentUrl":"https:\/\/bodur.com.tr\/wp-content\/uploads\/BD361728_H2000xW2000xD730_01.jpg","width":2480,"height":2480,"caption":"BD.36.17.28 +"},{"@type":"BreadcrumbList","@id":"https:\/\/bodur.com.tr\/urun\/bd-36-17-28#breadcrumb","itemListElement":[{"@type":"ListItem","position":1,"name":"Anasayfa","item":"https:\/\/bodur.com.tr\/"},{"@type":"ListItem","position":2,"name":"\u00dcr\u00fcnler","item":"https:\/\/bodur.com.tr\/magaza"},{"@type":"ListItem","position":3,"name":"BD.36.17.28 +"}]},{"@type":"WebSite","@id":"https:\/\/bodur.com.tr\/#website","url":"https:\/\/bodur.com.tr\/","name":"\u0411\u043e\u0434\u0443\u0440 \u0418\u043d\u0434\u0430\u0441\u0442\u0440\u0438\u0430\u043b","description":"","publisher":{"@id":"https:\/\/bodur.com.tr\/#organization"},"potentialAction":[{"@type":"SearchAction","target":{"@type":"EntryPoint","urlTemplate":"https:\/\/bodur.com.tr\/?s={search_term_string}"},"query-input":{"@type":"PropertyValueSpecification","valueRequired":true,"valueName":"search_term_string"}}],"inLanguage":"ru-RU"},{"@type":"Organization","@id":"https:\/\/bodur.com.tr\/#organization","name":"\u0411\u043e\u0434\u0443\u0440 \u0418\u043d\u0434\u0430\u0441\u0442\u0440\u0438\u0430\u043b","url":"https:\/\/bodur.com.tr\/","logo":{"@type":"ImageObject","inLanguage":"ru-RU","@id":"https:\/\/bodur.com.tr\/#\/schema\/logo\/image\/","url":"https:\/\/bodur.com.tr\/wp-content\/uploads\/51834268_258721005017375_5556593430731161600_n.jpg","contentUrl":"https:\/\/bodur.com.tr\/wp-content\/uploads\/51834268_258721005017375_5556593430731161600_n.jpg","width":320,"height":320,"caption":"Bodur End\u00fcstriyel"},"image":{"@id":"https:\/\/bodur.com.tr\/#\/schema\/logo\/image\/"},"sameAs":["https:\/\/www.facebook.com\/bodurendustriyel","https:\/\/www.instagram.com\/bodurendustriyel\/","https:\/\/www.youtube.com\/user\/harunbodur"]}]}},"_links":{"self":[{"href":"https:\/\/bodur.com.tr\/ru\/wp-json\/wp\/v2\/product\/19788","targetHints":{"allow":["GET"]}}],"collection":[{"href":"https:\/\/bodur.com.tr\/ru\/wp-json\/wp\/v2\/product"}],"about":[{"href":"https:\/\/bodur.com.tr\/ru\/wp-json\/wp\/v2\/types\/product"}],"wp:featuredmedia":[{"embeddable":true,"href":"https:\/\/bodur.com.tr\/ru\/wp-json\/wp\/v2\/media\/19789"}],"wp:attachment":[{"href":"https:\/\/bodur.com.tr\/ru\/wp-json\/wp\/v2\/media?parent=19788"}],"wp:term":[{"taxonomy":"product_brand","embeddable":true,"href":"https:\/\/bodur.com.tr\/ru\/wp-json\/wp\/v2\/product_brand?post=19788"},{"taxonomy":"product_cat","embeddable":true,"href":"https:\/\/bodur.com.tr\/ru\/wp-json\/wp\/v2\/product_cat?post=19788"},{"taxonomy":"product_tag","embeddable":true,"href":"https:\/\/bodur.com.tr\/ru\/wp-json\/wp\/v2\/product_tag?post=19788"}],"curies":[{"name":"wp","href":"https:\/\/api.w.org\/{rel}","templated":true}]}}