{"id":15604,"date":"2022-11-01T13:19:37","date_gmt":"2022-11-01T10:19:37","guid":{"rendered":"https:\/\/bodur.com.tr\/?post_type=product&#038;p=15604"},"modified":"2022-11-01T13:26:46","modified_gmt":"2022-11-01T10:26:46","slug":"36-18-30-92-baza-genis","status":"publish","type":"product","link":"https:\/\/bodur.com.tr\/ru\/urun\/36-18-30-92-baza-genis","title":{"rendered":"36.18.30.92 \u0428\u0438\u0440\u043e\u043a\u043e\u0435 \u043e\u0441\u043d\u043e\u0432\u0430\u043d\u0438\u0435"},"content":{"rendered":"<p>36.18.30.92 Baza Geni\u015f, <a href=\"https:\/\/bodur.com.tr\/ru\/%d0%bf%d1%80%d0%be%d0%b4%d1%83%d0%ba%d1%82%d1%8b\/%d1%81%d1%87%d0%b5%d1%82%d1%87%d0%b8%d0%ba%d0%b8\/%d0%bc%d0%be%d0%b4%d1%83%d0%bb%d1%8c%d0%bd%d1%8b%d0%b5-%d0%b2%d0%b5%d1%80%d1%81%d1%82%d0%b0%d0%ba%d0%b8\/\">\u041c\u043e\u0434\u0443\u043b\u0438\u043d<\/a> \u041e\u043d \u0438\u0441\u043f\u043e\u043b\u044c\u0437\u0443\u0435\u0442\u0441\u044f \u0432 \u043d\u0430\u0448\u0435\u0439 \u0441\u0435\u0440\u0438\u0438 \u0432\u0435\u0440\u0441\u0442\u0430\u043a\u043e\u0432. \u0418\u0437\u0433\u043e\u0442\u043e\u0432\u043b\u0435\u043d \u0438\u0437 \u043b\u0438\u0441\u0442\u043e\u0432\u043e\u0433\u043e \u043c\u0435\u0442\u0430\u043b\u043b\u0430 DKP \u0438 HRP \u0438 \u043c\u043e\u0436\u0435\u0442 \u0431\u044b\u0442\u044c \u043e\u043a\u0440\u0430\u0448\u0435\u043d \u0432 \u0446\u0432\u0435\u0442\u0430, \u0434\u043e\u0441\u0442\u0443\u043f\u043d\u044b\u0435 \u0432 \u043d\u0430\u0448\u0435\u0439 \u0446\u0432\u0435\u0442\u043e\u0432\u043e\u0439 \u043f\u0430\u043b\u0438\u0442\u0440\u0435.<\/p>\n<ul>\n<li>\u0414\u043e\u0441\u0442\u0443\u043f\u0435\u043d \u0448\u0438\u0440\u043e\u043a\u0438\u0439 \u0430\u0441\u0441\u043e\u0440\u0442\u0438\u043c\u0435\u043d\u0442 \u0430\u043a\u0441\u0435\u0441\u0441\u0443\u0430\u0440\u043e\u0432.<\/li>\n<li>\u0424\u043e\u0441\u0444\u0430\u0442\u0438\u0440\u043e\u0432\u0430\u043d\u0438\u0435 \u043f\u0440\u043e\u0432\u043e\u0434\u0438\u0442\u0441\u044f \u043f\u0435\u0440\u0435\u0434 \u043f\u043e\u043a\u0440\u0430\u0441\u043a\u043e\u0439 \u0434\u043b\u044f \u043e\u0431\u0435\u0441\u043f\u0435\u0447\u0435\u043d\u0438\u044f \u0432\u044b\u0441\u043e\u043a\u043e\u0439 \u0441\u0442\u043e\u0439\u043a\u043e\u0441\u0442\u0438 \u043b\u0430\u043a\u043e\u043a\u0440\u0430\u0441\u043e\u0447\u043d\u043e\u0433\u043e \u043f\u043e\u043a\u0440\u044b\u0442\u0438\u044f.<\/li>\n<li>\u0422\u0435\u043a\u0441\u0442\u0443\u0440\u0438\u0440\u043e\u0432\u0430\u043d\u043d\u043e\u0435 \u043f\u043e\u0440\u043e\u0448\u043a\u043e\u0432\u043e\u0435 \u043f\u043e\u043a\u0440\u044b\u0442\u0438\u0435 \u0438\u0441\u043f\u043e\u043b\u044c\u0437\u0443\u0435\u0442\u0441\u044f \u0434\u043b\u044f \u043e\u0431\u0435\u0441\u043f\u0435\u0447\u0435\u043d\u0438\u044f \u043c\u0430\u043a\u0441\u0438\u043c\u0430\u043b\u044c\u043d\u043e\u0439 \u0443\u0441\u0442\u043e\u0439\u0447\u0438\u0432\u043e\u0441\u0442\u0438 \u043a \u0443\u0434\u0430\u0440\u0430\u043c \u0438 \u0446\u0430\u0440\u0430\u043f\u0438\u043d\u0430\u043c.<\/li>\n<li>\u041f\u0440\u0435\u0434\u043e\u0441\u0442\u0430\u0432\u043b\u044f\u0435\u0442\u0441\u044f 2-\u043b\u0435\u0442\u043d\u044f\u044f \u0433\u0430\u0440\u0430\u043d\u0442\u0438\u044f \u0438 \u043f\u043e\u0434\u0434\u0435\u0440\u0436\u043a\u0430 \u0432 \u043f\u043e\u0441\u0442\u0430\u0432\u043a\u0435 \u0437\u0430\u043f\u0430\u0441\u043d\u044b\u0445 \u0447\u0430\u0441\u0442\u0435\u0439.<\/li>\n<\/ul>","protected":false},"excerpt":{"rendered":"<p><strong>\u0422\u0435\u0445\u043d\u0438\u0447\u0435\u0441\u043a\u0438\u0435 \u0445\u0430\u0440\u0430\u043a\u0442\u0435\u0440\u0438\u0441\u0442\u0438\u043a\u0438 \u0438\u0437\u0434\u0435\u043b\u0438\u044f:<\/strong><\/p>\n<ul>\n<li>H76xW926xD510 mm boyutlar\u0131nda.<\/li>\n<li>\u0412\u0435\u0441 \u043d\u0435\u0442\u0442\u043e 2,5 \u043a\u0433.<\/li>\n<li>\u041b\u0438\u0441\u0442\u043e\u0432\u044b\u0435 \u043c\u0435\u0442\u0430\u043b\u043b\u0438\u0447\u0435\u0441\u043a\u0438\u0435 \u043c\u0430\u0442\u0435\u0440\u0438\u0430\u043b\u044b DKP \u0438 HRP.<\/li>\n<li>\u042d\u043b\u0435\u043a\u0442\u0440\u043e\u0441\u0442\u0430\u0442\u0438\u0447\u0435\u0441\u043a\u043e\u0435 \u043f\u043e\u0440\u043e\u0448\u043a\u043e\u0432\u043e\u0435 \u043f\u043e\u043a\u0440\u044b\u0442\u0438\u0435.<\/li>\n<li>RAL7011 (\u0422\u0435\u043c\u043d\u043e-\u0441\u0435\u0440\u044b\u0439) (\u0421\u043c\u0435\u043d\u043d\u044b\u0439)<\/li>\n<\/ul>","protected":false},"featured_media":15605,"template":"","meta":[],"product_brand":[],"product_cat":[17],"product_tag":[],"class_list":{"0":"post-15604","1":"product","2":"type-product","3":"status-publish","4":"has-post-thumbnail","6":"product_cat-moduline-moduller","8":"first","9":"instock","10":"shipping-taxable","11":"product-type-simple"},"yoast_head":"<!-- This site is optimized with the Yoast SEO plugin v27.4 - https:\/\/yoast.com\/product\/yoast-seo-wordpress\/ -->\n<title>36.18.30.92 Baza Geni\u015f<\/title>\n<meta name=\"robots\" content=\"index, follow, max-snippet:-1, max-image-preview:large, max-video-preview:-1\" \/>\n<link rel=\"canonical\" href=\"https:\/\/bodur.com.tr\/ru\/product\/36-18-30-92-baza-genis\/\" \/>\n<meta property=\"og:locale\" content=\"ru_RU\" \/>\n<meta property=\"og:type\" content=\"article\" \/>\n<meta property=\"og:title\" content=\"36.18.30.92 Baza Geni\u015f\" \/>\n<meta property=\"og:description\" content=\"\u00dcr\u00fcn\u00fcn Teknik \u00d6zellikleri:   H76xW926xD510 mm boyutlar\u0131nda.  Net a\u011f\u0131rl\u0131k 2,5 kg.  DKP ve HRP sac malzeme.  Elektrostatik toz boya.  RAL7011 (Koyu gri)(De\u011fi\u015ftirilebilir)\" \/>\n<meta property=\"og:url\" content=\"https:\/\/bodur.com.tr\/ru\/product\/36-18-30-92-baza-genis\/\" \/>\n<meta property=\"og:site_name\" content=\"Bodur End\u00fcstriyel\" \/>\n<meta property=\"article:publisher\" content=\"https:\/\/www.facebook.com\/bodurendustriyel\" \/>\n<meta property=\"article:modified_time\" content=\"2022-11-01T10:26:46+00:00\" \/>\n<meta property=\"og:image\" content=\"https:\/\/bodur.com.tr\/wp-content\/uploads\/36183092_Baza_Genis_r1.jpg\" \/>\n\t<meta property=\"og:image:width\" content=\"2480\" \/>\n\t<meta property=\"og:image:height\" content=\"2480\" \/>\n\t<meta property=\"og:image:type\" content=\"image\/jpeg\" \/>\n<meta name=\"twitter:card\" content=\"summary_large_image\" \/>\n<script type=\"application\/ld+json\" class=\"yoast-schema-graph\">{\"@context\":\"https:\\\/\\\/schema.org\",\"@graph\":[{\"@type\":\"WebPage\",\"@id\":\"https:\\\/\\\/bodur.com.tr\\\/urun\\\/36-18-30-92-baza-genis\",\"url\":\"https:\\\/\\\/bodur.com.tr\\\/urun\\\/36-18-30-92-baza-genis\",\"name\":\"36.18.30.92 Baza Geni\u015f\",\"isPartOf\":{\"@id\":\"https:\\\/\\\/bodur.com.tr\\\/#website\"},\"primaryImageOfPage\":{\"@id\":\"https:\\\/\\\/bodur.com.tr\\\/urun\\\/36-18-30-92-baza-genis#primaryimage\"},\"image\":{\"@id\":\"https:\\\/\\\/bodur.com.tr\\\/urun\\\/36-18-30-92-baza-genis#primaryimage\"},\"thumbnailUrl\":\"https:\\\/\\\/bodur.com.tr\\\/wp-content\\\/uploads\\\/36183092_Baza_Genis_r1.jpg\",\"datePublished\":\"2022-11-01T10:19:37+00:00\",\"dateModified\":\"2022-11-01T10:26:46+00:00\",\"breadcrumb\":{\"@id\":\"https:\\\/\\\/bodur.com.tr\\\/urun\\\/36-18-30-92-baza-genis#breadcrumb\"},\"inLanguage\":\"ru-RU\",\"potentialAction\":[{\"@type\":\"ReadAction\",\"target\":[\"https:\\\/\\\/bodur.com.tr\\\/urun\\\/36-18-30-92-baza-genis\"]}]},{\"@type\":\"ImageObject\",\"inLanguage\":\"ru-RU\",\"@id\":\"https:\\\/\\\/bodur.com.tr\\\/urun\\\/36-18-30-92-baza-genis#primaryimage\",\"url\":\"https:\\\/\\\/bodur.com.tr\\\/wp-content\\\/uploads\\\/36183092_Baza_Genis_r1.jpg\",\"contentUrl\":\"https:\\\/\\\/bodur.com.tr\\\/wp-content\\\/uploads\\\/36183092_Baza_Genis_r1.jpg\",\"width\":2480,\"height\":2480,\"caption\":\"36.18.30.92 Baza Geni\u015f\"},{\"@type\":\"BreadcrumbList\",\"@id\":\"https:\\\/\\\/bodur.com.tr\\\/urun\\\/36-18-30-92-baza-genis#breadcrumb\",\"itemListElement\":[{\"@type\":\"ListItem\",\"position\":1,\"name\":\"Anasayfa\",\"item\":\"https:\\\/\\\/bodur.com.tr\\\/\"},{\"@type\":\"ListItem\",\"position\":2,\"name\":\"\u00dcr\u00fcnler\",\"item\":\"https:\\\/\\\/bodur.com.tr\\\/magaza\"},{\"@type\":\"ListItem\",\"position\":3,\"name\":\"36.18.30.92 Baza Geni\u015f\"}]},{\"@type\":\"WebSite\",\"@id\":\"https:\\\/\\\/bodur.com.tr\\\/#website\",\"url\":\"https:\\\/\\\/bodur.com.tr\\\/\",\"name\":\"Bodur End\u00fcstriyel\",\"description\":\"\",\"publisher\":{\"@id\":\"https:\\\/\\\/bodur.com.tr\\\/#organization\"},\"potentialAction\":[{\"@type\":\"SearchAction\",\"target\":{\"@type\":\"EntryPoint\",\"urlTemplate\":\"https:\\\/\\\/bodur.com.tr\\\/?s={search_term_string}\"},\"query-input\":{\"@type\":\"PropertyValueSpecification\",\"valueRequired\":true,\"valueName\":\"search_term_string\"}}],\"inLanguage\":\"ru-RU\"},{\"@type\":\"Organization\",\"@id\":\"https:\\\/\\\/bodur.com.tr\\\/#organization\",\"name\":\"Bodur End\u00fcstriyel\",\"url\":\"https:\\\/\\\/bodur.com.tr\\\/\",\"logo\":{\"@type\":\"ImageObject\",\"inLanguage\":\"ru-RU\",\"@id\":\"https:\\\/\\\/bodur.com.tr\\\/#\\\/schema\\\/logo\\\/image\\\/\",\"url\":\"https:\\\/\\\/bodur.com.tr\\\/wp-content\\\/uploads\\\/51834268_258721005017375_5556593430731161600_n.jpg\",\"contentUrl\":\"https:\\\/\\\/bodur.com.tr\\\/wp-content\\\/uploads\\\/51834268_258721005017375_5556593430731161600_n.jpg\",\"width\":320,\"height\":320,\"caption\":\"Bodur End\u00fcstriyel\"},\"image\":{\"@id\":\"https:\\\/\\\/bodur.com.tr\\\/#\\\/schema\\\/logo\\\/image\\\/\"},\"sameAs\":[\"https:\\\/\\\/www.facebook.com\\\/bodurendustriyel\",\"https:\\\/\\\/www.instagram.com\\\/bodurendustriyel\\\/\",\"https:\\\/\\\/www.youtube.com\\\/user\\\/harunbodur\"]}]}<\/script>\n<!-- \/ Yoast SEO plugin. -->","yoast_head_json":{"title":"36.18.30.92 \u0428\u0438\u0440\u043e\u043a\u043e\u0435 \u043e\u0441\u043d\u043e\u0432\u0430\u043d\u0438\u0435","robots":{"index":"index","follow":"follow","max-snippet":"max-snippet:-1","max-image-preview":"max-image-preview:large","max-video-preview":"max-video-preview:-1"},"canonical":"https:\/\/bodur.com.tr\/ru\/product\/36-18-30-92-baza-genis\/","og_locale":"ru_RU","og_type":"article","og_title":"36.18.30.92 Baza Geni\u015f","og_description":"\u00dcr\u00fcn\u00fcn Teknik \u00d6zellikleri:   H76xW926xD510 mm boyutlar\u0131nda.  Net a\u011f\u0131rl\u0131k 2,5 kg.  DKP ve HRP sac malzeme.  Elektrostatik toz boya.  RAL7011 (Koyu gri)(De\u011fi\u015ftirilebilir)","og_url":"https:\/\/bodur.com.tr\/ru\/product\/36-18-30-92-baza-genis\/","og_site_name":"Bodur End\u00fcstriyel","article_publisher":"https:\/\/www.facebook.com\/bodurendustriyel","article_modified_time":"2022-11-01T10:26:46+00:00","og_image":[{"width":2480,"height":2480,"url":"https:\/\/bodur.com.tr\/wp-content\/uploads\/36183092_Baza_Genis_r1.jpg","type":"image\/jpeg"}],"twitter_card":"summary_large_image","schema":{"@context":"https:\/\/schema.org","@graph":[{"@type":"WebPage","@id":"https:\/\/bodur.com.tr\/urun\/36-18-30-92-baza-genis","url":"https:\/\/bodur.com.tr\/urun\/36-18-30-92-baza-genis","name":"36.18.30.92 \u0428\u0438\u0440\u043e\u043a\u043e\u0435 \u043e\u0441\u043d\u043e\u0432\u0430\u043d\u0438\u0435","isPartOf":{"@id":"https:\/\/bodur.com.tr\/#website"},"primaryImageOfPage":{"@id":"https:\/\/bodur.com.tr\/urun\/36-18-30-92-baza-genis#primaryimage"},"image":{"@id":"https:\/\/bodur.com.tr\/urun\/36-18-30-92-baza-genis#primaryimage"},"thumbnailUrl":"https:\/\/bodur.com.tr\/wp-content\/uploads\/36183092_Baza_Genis_r1.jpg","datePublished":"2022-11-01T10:19:37+00:00","dateModified":"2022-11-01T10:26:46+00:00","breadcrumb":{"@id":"https:\/\/bodur.com.tr\/urun\/36-18-30-92-baza-genis#breadcrumb"},"inLanguage":"ru-RU","potentialAction":[{"@type":"ReadAction","target":["https:\/\/bodur.com.tr\/urun\/36-18-30-92-baza-genis"]}]},{"@type":"ImageObject","inLanguage":"ru-RU","@id":"https:\/\/bodur.com.tr\/urun\/36-18-30-92-baza-genis#primaryimage","url":"https:\/\/bodur.com.tr\/wp-content\/uploads\/36183092_Baza_Genis_r1.jpg","contentUrl":"https:\/\/bodur.com.tr\/wp-content\/uploads\/36183092_Baza_Genis_r1.jpg","width":2480,"height":2480,"caption":"36.18.30.92 Baza Geni\u015f"},{"@type":"BreadcrumbList","@id":"https:\/\/bodur.com.tr\/urun\/36-18-30-92-baza-genis#breadcrumb","itemListElement":[{"@type":"ListItem","position":1,"name":"Anasayfa","item":"https:\/\/bodur.com.tr\/"},{"@type":"ListItem","position":2,"name":"\u00dcr\u00fcnler","item":"https:\/\/bodur.com.tr\/magaza"},{"@type":"ListItem","position":3,"name":"36.18.30.92 Baza Geni\u015f"}]},{"@type":"WebSite","@id":"https:\/\/bodur.com.tr\/#website","url":"https:\/\/bodur.com.tr\/","name":"\u0411\u043e\u0434\u0443\u0440 \u0418\u043d\u0434\u0430\u0441\u0442\u0440\u0438\u0430\u043b","description":"","publisher":{"@id":"https:\/\/bodur.com.tr\/#organization"},"potentialAction":[{"@type":"SearchAction","target":{"@type":"EntryPoint","urlTemplate":"https:\/\/bodur.com.tr\/?s={search_term_string}"},"query-input":{"@type":"PropertyValueSpecification","valueRequired":true,"valueName":"search_term_string"}}],"inLanguage":"ru-RU"},{"@type":"Organization","@id":"https:\/\/bodur.com.tr\/#organization","name":"\u0411\u043e\u0434\u0443\u0440 \u0418\u043d\u0434\u0430\u0441\u0442\u0440\u0438\u0430\u043b","url":"https:\/\/bodur.com.tr\/","logo":{"@type":"ImageObject","inLanguage":"ru-RU","@id":"https:\/\/bodur.com.tr\/#\/schema\/logo\/image\/","url":"https:\/\/bodur.com.tr\/wp-content\/uploads\/51834268_258721005017375_5556593430731161600_n.jpg","contentUrl":"https:\/\/bodur.com.tr\/wp-content\/uploads\/51834268_258721005017375_5556593430731161600_n.jpg","width":320,"height":320,"caption":"Bodur End\u00fcstriyel"},"image":{"@id":"https:\/\/bodur.com.tr\/#\/schema\/logo\/image\/"},"sameAs":["https:\/\/www.facebook.com\/bodurendustriyel","https:\/\/www.instagram.com\/bodurendustriyel\/","https:\/\/www.youtube.com\/user\/harunbodur"]}]}},"_links":{"self":[{"href":"https:\/\/bodur.com.tr\/ru\/wp-json\/wp\/v2\/product\/15604","targetHints":{"allow":["GET"]}}],"collection":[{"href":"https:\/\/bodur.com.tr\/ru\/wp-json\/wp\/v2\/product"}],"about":[{"href":"https:\/\/bodur.com.tr\/ru\/wp-json\/wp\/v2\/types\/product"}],"wp:featuredmedia":[{"embeddable":true,"href":"https:\/\/bodur.com.tr\/ru\/wp-json\/wp\/v2\/media\/15605"}],"wp:attachment":[{"href":"https:\/\/bodur.com.tr\/ru\/wp-json\/wp\/v2\/media?parent=15604"}],"wp:term":[{"taxonomy":"product_brand","embeddable":true,"href":"https:\/\/bodur.com.tr\/ru\/wp-json\/wp\/v2\/product_brand?post=15604"},{"taxonomy":"product_cat","embeddable":true,"href":"https:\/\/bodur.com.tr\/ru\/wp-json\/wp\/v2\/product_cat?post=15604"},{"taxonomy":"product_tag","embeddable":true,"href":"https:\/\/bodur.com.tr\/ru\/wp-json\/wp\/v2\/product_tag?post=15604"}],"curies":[{"name":"wp","href":"https:\/\/api.w.org\/{rel}","templated":true}]}}