{"id":1399,"date":"2018-12-12T00:00:00","date_gmt":"2018-12-11T21:00:00","guid":{"rendered":"https:\/\/bodur.com.tr\/urun\/cnc-takim-arabasi-bd-36-44-40"},"modified":"2022-05-06T11:32:14","modified_gmt":"2022-05-06T08:32:14","slug":"cnc-takim-arabasi-bd-36-44-40","status":"publish","type":"product","link":"https:\/\/bodur.com.tr\/ru\/urun\/cnc-takim-arabasi-bd-36-44-40","title":{"rendered":"\u0418\u043d\u0441\u0442\u0440\u0443\u043c\u0435\u043d\u0442\u0430\u043b\u044c\u043d\u0430\u044f \u0442\u0435\u043b\u0435\u0436\u043a\u0430 \u0434\u043b\u044f \u0441\u0442\u0430\u043d\u043a\u043e\u0432 \u0441 \u0427\u041f\u0423 BD.36.44.45"},"content":{"rendered":"<p>[vc_row][vc_column][vc_column_text]<\/p>\n<p style=\"text-align: center;\">CNC Tak\u0131m Arabas\u0131 BD.36.44.45 a\u011f\u0131r hizmet ortamlar\u0131nda sorunsuz olarak kullan\u0131labilecek \u015fekilde tasarlan\u0131p imal edilmi\u015ftir. Tablalar\u0131 kaymay\u0131 \u00f6nleyen petek tasar\u0131ml\u0131 PVC madde ile kapl\u0131d\u0131r. A\u011f\u0131r y\u00fcklerin \u00fcstesinden gelebilecek sanayi tipi tekerler \u00f6zel olarak tercih edilmi\u015ftir.<\/p>\n<p>[\/vc_column_text][vc_single_image image=&#8221;14948&#8243; img_size=&#8221;full&#8221; alignment=&#8221;center&#8221;][vc_column_text]<\/p>\n<p style=\"text-align: center;\">\u00c7ekmecelerde teleskopik ray kullan\u0131lm\u0131\u015f ve \u00e7ekmecelerin sa\u011flaml\u0131\u011f\u0131 artt\u0131r\u0131lm\u0131\u015ft\u0131r.<\/p>\n<p>[\/vc_column_text][vc_single_image image=&#8221;14949&#8243; img_size=&#8221;full&#8221; alignment=&#8221;center&#8221;][vc_column_text]<\/p>\n<p style=\"text-align: center;\">Tak\u0131m Arabalar\u0131m\u0131zda y\u00fcksek boya dayan\u0131kl\u0131l\u0131\u011f\u0131 i\u00e7in boyadan \u00f6nce fosfatlama i\u015flemi uygulanmakta olup, darbe ve \u00e7izilmelere kar\u015f\u0131 en y\u00fcksek dayan\u0131kl\u0131l\u0131\u011f\u0131 sa\u011flamak i\u00e7in p\u00fct\u00fcrl\u00fc toz boya kullan\u0131lmaktad\u0131r.<\/p>\n<p>[\/vc_column_text][vc_single_image image=&#8221;14528&#8243; img_size=&#8221;medium&#8221; alignment=&#8221;center&#8221;][vc_column_text]<\/p>\n<p style=\"text-align: center;\">\u00dcretimimiz olan t\u00fcm \u00fcr\u00fcnlerde 2 y\u0131l boyunca \u00fcretici garantisi ve yedek par\u00e7a deste\u011fi sunulmaktad\u0131r.<\/p>\n<p>[\/vc_column_text][\/vc_column][\/vc_row]<\/p>\n","protected":false},"excerpt":{"rendered":"<p><strong>\u0422\u0435\u0445\u043d\u0438\u0447\u0435\u0441\u043a\u0438\u0435 \u0445\u0430\u0440\u0430\u043a\u0442\u0435\u0440\u0438\u0441\u0442\u0438\u043a\u0438 \u0438\u0437\u0434\u0435\u043b\u0438\u044f:<\/strong><\/p>\n<ul>\n<li>H1130xW570xD600 mm boyutlar\u0131nda.<\/li>\n<li>Aksesuarlar hari\u00e7 60 kg.<\/li>\n<li>\u041b\u0438\u0441\u0442\u043e\u0432\u044b\u0435 \u043c\u0435\u0442\u0430\u043b\u043b\u0438\u0447\u0435\u0441\u043a\u0438\u0435 \u043c\u0430\u0442\u0435\u0440\u0438\u0430\u043b\u044b DKP \u0438 HRP (0,80 \u2013 1,20 \u043c\u043c).<\/li>\n<li>\u042d\u043b\u0435\u043a\u0442\u0440\u043e\u0441\u0442\u0430\u0442\u0438\u0447\u0435\u0441\u043a\u043e\u0435 \u043f\u043e\u0440\u043e\u0448\u043a\u043e\u0432\u043e\u0435 \u043f\u043e\u043a\u0440\u044b\u0442\u0438\u0435.<\/li>\n<li>RAL5010 (Koyu mavi) ve RAL1028 (Sar\u0131)\u00a0 (De\u011fi\u015ftirilebilir)<\/li>\n<li>\u041a\u043e\u043c\u043f\u043b\u0435\u043a\u0442 \u043a\u043e\u043b\u0435\u0441 \u0441\u0440\u0435\u0434\u043d\u0435\u0433\u043e \u043f\u0440\u043e\u043c\u044b\u0448\u043b\u0435\u043d\u043d\u043e\u0433\u043e \u0442\u0438\u043f\u0430 (R100) (2 \u0441 \u0442\u043e\u0440\u043c\u043e\u0437\u0430\u043c\u0438, 2 \u0441 \u0444\u0438\u043a\u0441\u0438\u0440\u043e\u0432\u0430\u043d\u043d\u044b\u043c\u0438 \u043a\u043e\u043b\u0435\u0441\u0430\u043c\u0438)<\/li>\n<\/ul>\n<p><strong>\u0420\u0430\u0437\u043c\u0435\u0440\u044b \u0432\u044b\u0434\u0432\u0438\u0436\u043d\u043e\u0433\u043e \u044f\u0449\u0438\u043a\u0430:<\/strong><\/p>\n<ul>\n<li>3 adet 100&#8217;l\u00fck \u00e7ekmece (i\u00e7 \u00f6l\u00e7\u00fc: H70xW400xD480mm<\/li>\n<li>1 adet 300&#8217;l\u00fck \u00e7ekmece (i\u00e7 \u00f6l\u00e7\u00fc: H170xW400xD480mm)<\/li>\n<\/ul>","protected":false},"featured_media":1400,"template":"","meta":[],"product_brand":[],"product_cat":[20],"product_tag":[],"class_list":{"0":"post-1399","1":"product","2":"type-product","3":"status-publish","4":"has-post-thumbnail","6":"product_cat-takim-arabalari","8":"first","9":"instock","10":"shipping-taxable","11":"product-type-simple"},"yoast_head":"<!-- This site is optimized with the Yoast SEO plugin v27.4 - https:\/\/yoast.com\/product\/yoast-seo-wordpress\/ -->\n<title>Cnc Tak\u0131m Arabas\u0131 BD.36.44.45<\/title>\n<meta name=\"robots\" content=\"index, follow, max-snippet:-1, max-image-preview:large, max-video-preview:-1\" \/>\n<link rel=\"canonical\" href=\"https:\/\/bodur.com.tr\/ru\/product\/cnc-takim-arabasi-bd-36-44-40\/\" \/>\n<meta property=\"og:locale\" content=\"ru_RU\" \/>\n<meta property=\"og:type\" content=\"article\" \/>\n<meta property=\"og:title\" content=\"Cnc Tak\u0131m Arabas\u0131 BD.36.44.45\" \/>\n<meta property=\"og:description\" content=\"\u00dcr\u00fcn\u00fcn Teknik \u00d6zellikleri:   H1130xW570xD600 mm boyutlar\u0131nda.  Aksesuarlar hari\u00e7 60 kg.  DKP ve HRP sac malzeme. (0,80 - 1,20 mm )  Elektrostatik toz boya.  RAL5010 (Koyu mavi) ve RAL1028 (Sar\u0131)\u00a0 (De\u011fi\u015ftirilebilir)  Orta sanayi tipi tekerlek tak\u0131m\u0131 (R100) (2 adet frenli, 2 adet sabit)  \u00c7ekmece \u00d6l\u00e7\u00fcleri:   3 adet 100&#039;l\u00fck \u00e7ekmece (i\u00e7 \u00f6l\u00e7\u00fc: H70xW400xD480mm  1 adet 300&#039;l\u00fck \u00e7ekmece (i\u00e7 \u00f6l\u00e7\u00fc: H170xW400xD480mm)\" \/>\n<meta property=\"og:url\" content=\"https:\/\/bodur.com.tr\/ru\/product\/cnc-takim-arabasi-bd-36-44-40\/\" \/>\n<meta property=\"og:site_name\" content=\"Bodur End\u00fcstriyel\" \/>\n<meta property=\"article:publisher\" content=\"https:\/\/www.facebook.com\/bodurendustriyel\" \/>\n<meta property=\"article:modified_time\" content=\"2022-05-06T08:32:14+00:00\" \/>\n<meta property=\"og:image\" content=\"https:\/\/bodur.com.tr\/wp-content\/uploads\/20181026_Sage_02_r1.jpg\" \/>\n\t<meta property=\"og:image:width\" content=\"1024\" \/>\n\t<meta property=\"og:image:height\" content=\"1024\" \/>\n\t<meta property=\"og:image:type\" content=\"image\/jpeg\" \/>\n<meta name=\"twitter:card\" content=\"summary_large_image\" \/>\n<script type=\"application\/ld+json\" class=\"yoast-schema-graph\">{\"@context\":\"https:\\\/\\\/schema.org\",\"@graph\":[{\"@type\":\"WebPage\",\"@id\":\"https:\\\/\\\/bodur.com.tr\\\/urun\\\/cnc-takim-arabasi-bd-36-44-40\",\"url\":\"https:\\\/\\\/bodur.com.tr\\\/urun\\\/cnc-takim-arabasi-bd-36-44-40\",\"name\":\"Cnc Tak\u0131m Arabas\u0131 BD.36.44.45\",\"isPartOf\":{\"@id\":\"https:\\\/\\\/bodur.com.tr\\\/#website\"},\"primaryImageOfPage\":{\"@id\":\"https:\\\/\\\/bodur.com.tr\\\/urun\\\/cnc-takim-arabasi-bd-36-44-40#primaryimage\"},\"image\":{\"@id\":\"https:\\\/\\\/bodur.com.tr\\\/urun\\\/cnc-takim-arabasi-bd-36-44-40#primaryimage\"},\"thumbnailUrl\":\"https:\\\/\\\/bodur.com.tr\\\/wp-content\\\/uploads\\\/20181026_Sage_02_r1.jpg\",\"datePublished\":\"2018-12-11T21:00:00+00:00\",\"dateModified\":\"2022-05-06T08:32:14+00:00\",\"breadcrumb\":{\"@id\":\"https:\\\/\\\/bodur.com.tr\\\/urun\\\/cnc-takim-arabasi-bd-36-44-40#breadcrumb\"},\"inLanguage\":\"ru-RU\",\"potentialAction\":[{\"@type\":\"ReadAction\",\"target\":[\"https:\\\/\\\/bodur.com.tr\\\/urun\\\/cnc-takim-arabasi-bd-36-44-40\"]}]},{\"@type\":\"ImageObject\",\"inLanguage\":\"ru-RU\",\"@id\":\"https:\\\/\\\/bodur.com.tr\\\/urun\\\/cnc-takim-arabasi-bd-36-44-40#primaryimage\",\"url\":\"https:\\\/\\\/bodur.com.tr\\\/wp-content\\\/uploads\\\/20181026_Sage_02_r1.jpg\",\"contentUrl\":\"https:\\\/\\\/bodur.com.tr\\\/wp-content\\\/uploads\\\/20181026_Sage_02_r1.jpg\",\"width\":1024,\"height\":1024,\"caption\":\"20181026_Sage_02_r1\"},{\"@type\":\"BreadcrumbList\",\"@id\":\"https:\\\/\\\/bodur.com.tr\\\/urun\\\/cnc-takim-arabasi-bd-36-44-40#breadcrumb\",\"itemListElement\":[{\"@type\":\"ListItem\",\"position\":1,\"name\":\"Anasayfa\",\"item\":\"https:\\\/\\\/bodur.com.tr\\\/\"},{\"@type\":\"ListItem\",\"position\":2,\"name\":\"\u00dcr\u00fcnler\",\"item\":\"https:\\\/\\\/bodur.com.tr\\\/magaza\"},{\"@type\":\"ListItem\",\"position\":3,\"name\":\"Cnc Tak\u0131m Arabas\u0131 BD.36.44.45\"}]},{\"@type\":\"WebSite\",\"@id\":\"https:\\\/\\\/bodur.com.tr\\\/#website\",\"url\":\"https:\\\/\\\/bodur.com.tr\\\/\",\"name\":\"Bodur End\u00fcstriyel\",\"description\":\"\",\"publisher\":{\"@id\":\"https:\\\/\\\/bodur.com.tr\\\/#organization\"},\"potentialAction\":[{\"@type\":\"SearchAction\",\"target\":{\"@type\":\"EntryPoint\",\"urlTemplate\":\"https:\\\/\\\/bodur.com.tr\\\/?s={search_term_string}\"},\"query-input\":{\"@type\":\"PropertyValueSpecification\",\"valueRequired\":true,\"valueName\":\"search_term_string\"}}],\"inLanguage\":\"ru-RU\"},{\"@type\":\"Organization\",\"@id\":\"https:\\\/\\\/bodur.com.tr\\\/#organization\",\"name\":\"Bodur End\u00fcstriyel\",\"url\":\"https:\\\/\\\/bodur.com.tr\\\/\",\"logo\":{\"@type\":\"ImageObject\",\"inLanguage\":\"ru-RU\",\"@id\":\"https:\\\/\\\/bodur.com.tr\\\/#\\\/schema\\\/logo\\\/image\\\/\",\"url\":\"https:\\\/\\\/bodur.com.tr\\\/wp-content\\\/uploads\\\/51834268_258721005017375_5556593430731161600_n.jpg\",\"contentUrl\":\"https:\\\/\\\/bodur.com.tr\\\/wp-content\\\/uploads\\\/51834268_258721005017375_5556593430731161600_n.jpg\",\"width\":320,\"height\":320,\"caption\":\"Bodur End\u00fcstriyel\"},\"image\":{\"@id\":\"https:\\\/\\\/bodur.com.tr\\\/#\\\/schema\\\/logo\\\/image\\\/\"},\"sameAs\":[\"https:\\\/\\\/www.facebook.com\\\/bodurendustriyel\",\"https:\\\/\\\/www.instagram.com\\\/bodurendustriyel\\\/\",\"https:\\\/\\\/www.youtube.com\\\/user\\\/harunbodur\"]}]}<\/script>\n<!-- \/ Yoast SEO plugin. -->","yoast_head_json":{"title":"\u0418\u043d\u0441\u0442\u0440\u0443\u043c\u0435\u043d\u0442\u0430\u043b\u044c\u043d\u0430\u044f \u0442\u0435\u043b\u0435\u0436\u043a\u0430 \u0434\u043b\u044f \u0441\u0442\u0430\u043d\u043a\u043e\u0432 \u0441 \u0427\u041f\u0423 BD.36.44.45","robots":{"index":"index","follow":"follow","max-snippet":"max-snippet:-1","max-image-preview":"max-image-preview:large","max-video-preview":"max-video-preview:-1"},"canonical":"https:\/\/bodur.com.tr\/ru\/product\/cnc-takim-arabasi-bd-36-44-40\/","og_locale":"ru_RU","og_type":"article","og_title":"Cnc Tak\u0131m Arabas\u0131 BD.36.44.45","og_description":"\u00dcr\u00fcn\u00fcn Teknik \u00d6zellikleri:   H1130xW570xD600 mm boyutlar\u0131nda.  Aksesuarlar hari\u00e7 60 kg.  DKP ve HRP sac malzeme. (0,80 - 1,20 mm )  Elektrostatik toz boya.  RAL5010 (Koyu mavi) ve RAL1028 (Sar\u0131)\u00a0 (De\u011fi\u015ftirilebilir)  Orta sanayi tipi tekerlek tak\u0131m\u0131 (R100) (2 adet frenli, 2 adet sabit)  \u00c7ekmece \u00d6l\u00e7\u00fcleri:   3 adet 100'l\u00fck \u00e7ekmece (i\u00e7 \u00f6l\u00e7\u00fc: H70xW400xD480mm  1 adet 300'l\u00fck \u00e7ekmece (i\u00e7 \u00f6l\u00e7\u00fc: H170xW400xD480mm)","og_url":"https:\/\/bodur.com.tr\/ru\/product\/cnc-takim-arabasi-bd-36-44-40\/","og_site_name":"Bodur End\u00fcstriyel","article_publisher":"https:\/\/www.facebook.com\/bodurendustriyel","article_modified_time":"2022-05-06T08:32:14+00:00","og_image":[{"width":1024,"height":1024,"url":"https:\/\/bodur.com.tr\/wp-content\/uploads\/20181026_Sage_02_r1.jpg","type":"image\/jpeg"}],"twitter_card":"summary_large_image","schema":{"@context":"https:\/\/schema.org","@graph":[{"@type":"WebPage","@id":"https:\/\/bodur.com.tr\/urun\/cnc-takim-arabasi-bd-36-44-40","url":"https:\/\/bodur.com.tr\/urun\/cnc-takim-arabasi-bd-36-44-40","name":"\u0418\u043d\u0441\u0442\u0440\u0443\u043c\u0435\u043d\u0442\u0430\u043b\u044c\u043d\u0430\u044f \u0442\u0435\u043b\u0435\u0436\u043a\u0430 \u0434\u043b\u044f \u0441\u0442\u0430\u043d\u043a\u043e\u0432 \u0441 \u0427\u041f\u0423 BD.36.44.45","isPartOf":{"@id":"https:\/\/bodur.com.tr\/#website"},"primaryImageOfPage":{"@id":"https:\/\/bodur.com.tr\/urun\/cnc-takim-arabasi-bd-36-44-40#primaryimage"},"image":{"@id":"https:\/\/bodur.com.tr\/urun\/cnc-takim-arabasi-bd-36-44-40#primaryimage"},"thumbnailUrl":"https:\/\/bodur.com.tr\/wp-content\/uploads\/20181026_Sage_02_r1.jpg","datePublished":"2018-12-11T21:00:00+00:00","dateModified":"2022-05-06T08:32:14+00:00","breadcrumb":{"@id":"https:\/\/bodur.com.tr\/urun\/cnc-takim-arabasi-bd-36-44-40#breadcrumb"},"inLanguage":"ru-RU","potentialAction":[{"@type":"ReadAction","target":["https:\/\/bodur.com.tr\/urun\/cnc-takim-arabasi-bd-36-44-40"]}]},{"@type":"ImageObject","inLanguage":"ru-RU","@id":"https:\/\/bodur.com.tr\/urun\/cnc-takim-arabasi-bd-36-44-40#primaryimage","url":"https:\/\/bodur.com.tr\/wp-content\/uploads\/20181026_Sage_02_r1.jpg","contentUrl":"https:\/\/bodur.com.tr\/wp-content\/uploads\/20181026_Sage_02_r1.jpg","width":1024,"height":1024,"caption":"20181026_Sage_02_r1"},{"@type":"BreadcrumbList","@id":"https:\/\/bodur.com.tr\/urun\/cnc-takim-arabasi-bd-36-44-40#breadcrumb","itemListElement":[{"@type":"ListItem","position":1,"name":"Anasayfa","item":"https:\/\/bodur.com.tr\/"},{"@type":"ListItem","position":2,"name":"\u00dcr\u00fcnler","item":"https:\/\/bodur.com.tr\/magaza"},{"@type":"ListItem","position":3,"name":"Cnc Tak\u0131m Arabas\u0131 BD.36.44.45"}]},{"@type":"WebSite","@id":"https:\/\/bodur.com.tr\/#website","url":"https:\/\/bodur.com.tr\/","name":"\u0411\u043e\u0434\u0443\u0440 \u0418\u043d\u0434\u0430\u0441\u0442\u0440\u0438\u0430\u043b","description":"","publisher":{"@id":"https:\/\/bodur.com.tr\/#organization"},"potentialAction":[{"@type":"SearchAction","target":{"@type":"EntryPoint","urlTemplate":"https:\/\/bodur.com.tr\/?s={search_term_string}"},"query-input":{"@type":"PropertyValueSpecification","valueRequired":true,"valueName":"search_term_string"}}],"inLanguage":"ru-RU"},{"@type":"Organization","@id":"https:\/\/bodur.com.tr\/#organization","name":"\u0411\u043e\u0434\u0443\u0440 \u0418\u043d\u0434\u0430\u0441\u0442\u0440\u0438\u0430\u043b","url":"https:\/\/bodur.com.tr\/","logo":{"@type":"ImageObject","inLanguage":"ru-RU","@id":"https:\/\/bodur.com.tr\/#\/schema\/logo\/image\/","url":"https:\/\/bodur.com.tr\/wp-content\/uploads\/51834268_258721005017375_5556593430731161600_n.jpg","contentUrl":"https:\/\/bodur.com.tr\/wp-content\/uploads\/51834268_258721005017375_5556593430731161600_n.jpg","width":320,"height":320,"caption":"Bodur End\u00fcstriyel"},"image":{"@id":"https:\/\/bodur.com.tr\/#\/schema\/logo\/image\/"},"sameAs":["https:\/\/www.facebook.com\/bodurendustriyel","https:\/\/www.instagram.com\/bodurendustriyel\/","https:\/\/www.youtube.com\/user\/harunbodur"]}]}},"_links":{"self":[{"href":"https:\/\/bodur.com.tr\/ru\/wp-json\/wp\/v2\/product\/1399","targetHints":{"allow":["GET"]}}],"collection":[{"href":"https:\/\/bodur.com.tr\/ru\/wp-json\/wp\/v2\/product"}],"about":[{"href":"https:\/\/bodur.com.tr\/ru\/wp-json\/wp\/v2\/types\/product"}],"wp:featuredmedia":[{"embeddable":true,"href":"https:\/\/bodur.com.tr\/ru\/wp-json\/wp\/v2\/media\/1400"}],"wp:attachment":[{"href":"https:\/\/bodur.com.tr\/ru\/wp-json\/wp\/v2\/media?parent=1399"}],"wp:term":[{"taxonomy":"product_brand","embeddable":true,"href":"https:\/\/bodur.com.tr\/ru\/wp-json\/wp\/v2\/product_brand?post=1399"},{"taxonomy":"product_cat","embeddable":true,"href":"https:\/\/bodur.com.tr\/ru\/wp-json\/wp\/v2\/product_cat?post=1399"},{"taxonomy":"product_tag","embeddable":true,"href":"https:\/\/bodur.com.tr\/ru\/wp-json\/wp\/v2\/product_tag?post=1399"}],"curies":[{"name":"wp","href":"https:\/\/api.w.org\/{rel}","templated":true}]}}