{"id":1274,"date":"2016-06-02T00:00:00","date_gmt":"2016-06-01T21:00:00","guid":{"rendered":"https:\/\/bodur.com.tr\/urun\/dolapli-calisma-tezgahi-2"},"modified":"2026-03-21T23:29:08","modified_gmt":"2026-03-21T20:29:08","slug":"dolapli-calisma-tezgahi-2","status":"publish","type":"product","link":"https:\/\/bodur.com.tr\/ru\/urun\/dolapli-calisma-tezgahi-2","title":{"rendered":"\u0411\u0414.36.15.14"},"content":{"rendered":"","protected":false},"excerpt":{"rendered":"<p><span style=\"color: #275da4; font-size: 20px; letter-spacing: -0.3px; font-weight: 500; line-height: 26px;\"> End\u00fcstriyel ortamlarda g\u00fcvenilir ve dayan\u0131kl\u0131 bir \u00e7\u00f6z\u00fcm olarak geli\u015ftirilen 36.15.14, kurumsal ihtiya\u00e7lar\u0131 etkin \u00f6zelliklere sahip fonksiyonel bir tasar\u0131mda birle\u015ftiriyor. <\/span><\/p>\n<hr \/>\n<ul>\n<li>H2000xW1350xD730 mm boyutlar\u0131nda<\/li>\n<li>Aksesuarlar hari\u00e7 117\u00a0kg<\/li>\n<li>\u041c\u0430\u0442\u0435\u0440\u0438\u0430\u043b\u044b \u0438\u0437 \u043b\u0438\u0441\u0442\u043e\u0432\u043e\u0433\u043e \u043c\u0435\u0442\u0430\u043b\u043b\u0430 DKP \u0438 HRP<\/li>\n<li>\u042d\u043b\u0435\u043a\u0442\u0440\u043e\u0441\u0442\u0430\u0442\u0438\u0447\u0435\u0441\u043a\u043e\u0435 \u043f\u043e\u0440\u043e\u0448\u043a\u043e\u0432\u043e\u0435 \u043f\u043e\u043a\u0440\u044b\u0442\u0438\u0435<\/li>\n<li>RAL7035 (A\u00e7\u0131k Gri) ve RAL3020 (K\u0131rm\u0131z\u0131)<\/li>\n<li>H950xW1279 mm delikli pano \u00f6l\u00e7\u00fcs\u00fc<\/li>\n<li>W1279xD200 mm pano raf\u0131<\/li>\n<li>W1350xD690 mm tabla \u00f6l\u00e7\u00fcs\u00fc<\/li>\n<li>\u0421\u0442\u0430\u043d\u0434\u0430\u0440\u0442\u043d\u044b\u0439 \u0441\u0442\u043e\u043b \u0438\u0437 \u041c\u0414\u0424 \u0442\u043e\u043b\u0449\u0438\u043d\u043e\u0439 30 \u043c\u043c \u0438 \u041f\u0412\u0425-\u043f\u043e\u043a\u0440\u044b\u0442\u0438\u044f \u0442\u043e\u043b\u0449\u0438\u043d\u043e\u0439 2 \u043c\u043c.<\/li>\n<li>2 \u0437\u0430\u0437\u0435\u043c\u043b\u0435\u043d\u043d\u044b\u0435 \u0440\u043e\u0437\u0435\u0442\u043a\u0438 220 \u0412 \u0441 \u0437\u0430\u0449\u0438\u0442\u043d\u044b\u043c\u0438 \u043a\u0440\u044b\u0448\u043a\u0430\u043c\u0438 (\u043a\u043b\u0430\u0441\u0441 \u0437\u0430\u0449\u0438\u0442\u044b IP44)<\/li>\n<li>\u0421\u0432\u0435\u0442\u043e\u0434\u0438\u043e\u0434\u043d\u043e\u0435 \u043e\u0441\u0432\u0435\u0449\u0435\u043d\u0438\u0435 (1 \u0441\u0432\u0435\u0442\u043e\u0434\u0438\u043e\u0434\u043d\u0430\u044f \u043b\u0435\u043d\u0442\u0430 \u043c\u043e\u0449\u043d\u043e\u0441\u0442\u044c\u044e 12 \u0412\u0442 \u0441 \u0432\u044b\u043a\u043b\u044e\u0447\u0430\u0442\u0435\u043b\u0435\u043c)<\/li>\n<\/ul>","protected":false},"featured_media":40904,"template":"","meta":[],"product_brand":[],"product_cat":[166],"product_tag":[],"class_list":{"0":"post-1274","1":"product","2":"type-product","3":"status-publish","4":"has-post-thumbnail","6":"product_cat-proline-calisma-tezgahlari","8":"first","9":"instock","10":"shipping-taxable","11":"product-type-simple"},"yoast_head":"<!-- This site is optimized with the Yoast SEO plugin v27.4 - https:\/\/yoast.com\/product\/yoast-seo-wordpress\/ -->\n<title>BD.36.15.14<\/title>\n<meta name=\"robots\" content=\"index, follow, max-snippet:-1, max-image-preview:large, max-video-preview:-1\" \/>\n<link rel=\"canonical\" href=\"https:\/\/bodur.com.tr\/ru\/product\/dolapli-calisma-tezgahi-2\/\" \/>\n<meta property=\"og:locale\" content=\"ru_RU\" \/>\n<meta property=\"og:type\" content=\"article\" \/>\n<meta property=\"og:title\" content=\"BD.36.15.14\" \/>\n<meta property=\"og:description\" content=\"End\u00fcstriyel ortamlarda g\u00fcvenilir ve dayan\u0131kl\u0131 bir \u00e7\u00f6z\u00fcm olarak geli\u015ftirilen 36.15.14, kurumsal ihtiya\u00e7lar\u0131 etkin \u00f6zelliklere sahip fonksiyonel bir tasar\u0131mda birle\u015ftiriyor.       H2000xW1350xD730 mm boyutlar\u0131nda  Aksesuarlar hari\u00e7 117\u00a0kg  DKP ve HRP sac malzeme  Elektrostatik toz boya  RAL7035 (A\u00e7\u0131k Gri) ve RAL3020 (K\u0131rm\u0131z\u0131)  H950xW1279 mm delikli pano \u00f6l\u00e7\u00fcs\u00fc  W1279xD200 mm pano raf\u0131  W1350xD690 mm tabla \u00f6l\u00e7\u00fcs\u00fc  Standart 30 mm MDF + 2 mm PVC Kaplama tabla  2 adet kapakl\u0131 220 V toprakl\u0131 priz (IP44 Koruma S\u0131n\u0131f\u0131)  Led Ayd\u0131nlatma (1x12W Anahtarl\u0131 Led Band Armat\u00fcr)\" \/>\n<meta property=\"og:url\" content=\"https:\/\/bodur.com.tr\/ru\/product\/dolapli-calisma-tezgahi-2\/\" \/>\n<meta property=\"og:site_name\" content=\"Bodur End\u00fcstriyel\" \/>\n<meta property=\"article:publisher\" content=\"https:\/\/www.facebook.com\/bodurendustriyel\" \/>\n<meta property=\"article:modified_time\" content=\"2026-03-21T20:29:08+00:00\" \/>\n<meta property=\"og:image\" content=\"https:\/\/bodur.com.tr\/wp-content\/uploads\/BT361514_Calisma_Masasi_H2080xW1350xD730_01-1.jpg\" \/>\n\t<meta property=\"og:image:width\" content=\"2480\" \/>\n\t<meta property=\"og:image:height\" content=\"2480\" \/>\n\t<meta property=\"og:image:type\" content=\"image\/jpeg\" \/>\n<meta name=\"twitter:card\" content=\"summary_large_image\" \/>\n<script type=\"application\/ld+json\" class=\"yoast-schema-graph\">{\"@context\":\"https:\\\/\\\/schema.org\",\"@graph\":[{\"@type\":\"WebPage\",\"@id\":\"https:\\\/\\\/bodur.com.tr\\\/urun\\\/dolapli-calisma-tezgahi-2\",\"url\":\"https:\\\/\\\/bodur.com.tr\\\/urun\\\/dolapli-calisma-tezgahi-2\",\"name\":\"BD.36.15.14\",\"isPartOf\":{\"@id\":\"https:\\\/\\\/bodur.com.tr\\\/#website\"},\"primaryImageOfPage\":{\"@id\":\"https:\\\/\\\/bodur.com.tr\\\/urun\\\/dolapli-calisma-tezgahi-2#primaryimage\"},\"image\":{\"@id\":\"https:\\\/\\\/bodur.com.tr\\\/urun\\\/dolapli-calisma-tezgahi-2#primaryimage\"},\"thumbnailUrl\":\"https:\\\/\\\/bodur.com.tr\\\/wp-content\\\/uploads\\\/BT361514_Calisma_Masasi_H2080xW1350xD730_01-1.jpg\",\"datePublished\":\"2016-06-01T21:00:00+00:00\",\"dateModified\":\"2026-03-21T20:29:08+00:00\",\"breadcrumb\":{\"@id\":\"https:\\\/\\\/bodur.com.tr\\\/urun\\\/dolapli-calisma-tezgahi-2#breadcrumb\"},\"inLanguage\":\"ru-RU\",\"potentialAction\":[{\"@type\":\"ReadAction\",\"target\":[\"https:\\\/\\\/bodur.com.tr\\\/urun\\\/dolapli-calisma-tezgahi-2\"]}]},{\"@type\":\"ImageObject\",\"inLanguage\":\"ru-RU\",\"@id\":\"https:\\\/\\\/bodur.com.tr\\\/urun\\\/dolapli-calisma-tezgahi-2#primaryimage\",\"url\":\"https:\\\/\\\/bodur.com.tr\\\/wp-content\\\/uploads\\\/BT361514_Calisma_Masasi_H2080xW1350xD730_01-1.jpg\",\"contentUrl\":\"https:\\\/\\\/bodur.com.tr\\\/wp-content\\\/uploads\\\/BT361514_Calisma_Masasi_H2080xW1350xD730_01-1.jpg\",\"width\":2480,\"height\":2480,\"caption\":\"BD.36.15.14 \u00e7al\u0131\u015fma tezgah\u0131\"},{\"@type\":\"BreadcrumbList\",\"@id\":\"https:\\\/\\\/bodur.com.tr\\\/urun\\\/dolapli-calisma-tezgahi-2#breadcrumb\",\"itemListElement\":[{\"@type\":\"ListItem\",\"position\":1,\"name\":\"Anasayfa\",\"item\":\"https:\\\/\\\/bodur.com.tr\\\/\"},{\"@type\":\"ListItem\",\"position\":2,\"name\":\"\u00dcr\u00fcnler\",\"item\":\"https:\\\/\\\/bodur.com.tr\\\/magaza\"},{\"@type\":\"ListItem\",\"position\":3,\"name\":\"BD.36.15.14\"}]},{\"@type\":\"WebSite\",\"@id\":\"https:\\\/\\\/bodur.com.tr\\\/#website\",\"url\":\"https:\\\/\\\/bodur.com.tr\\\/\",\"name\":\"Bodur End\u00fcstriyel\",\"description\":\"\",\"publisher\":{\"@id\":\"https:\\\/\\\/bodur.com.tr\\\/#organization\"},\"potentialAction\":[{\"@type\":\"SearchAction\",\"target\":{\"@type\":\"EntryPoint\",\"urlTemplate\":\"https:\\\/\\\/bodur.com.tr\\\/?s={search_term_string}\"},\"query-input\":{\"@type\":\"PropertyValueSpecification\",\"valueRequired\":true,\"valueName\":\"search_term_string\"}}],\"inLanguage\":\"ru-RU\"},{\"@type\":\"Organization\",\"@id\":\"https:\\\/\\\/bodur.com.tr\\\/#organization\",\"name\":\"Bodur End\u00fcstriyel\",\"url\":\"https:\\\/\\\/bodur.com.tr\\\/\",\"logo\":{\"@type\":\"ImageObject\",\"inLanguage\":\"ru-RU\",\"@id\":\"https:\\\/\\\/bodur.com.tr\\\/#\\\/schema\\\/logo\\\/image\\\/\",\"url\":\"https:\\\/\\\/bodur.com.tr\\\/wp-content\\\/uploads\\\/51834268_258721005017375_5556593430731161600_n.jpg\",\"contentUrl\":\"https:\\\/\\\/bodur.com.tr\\\/wp-content\\\/uploads\\\/51834268_258721005017375_5556593430731161600_n.jpg\",\"width\":320,\"height\":320,\"caption\":\"Bodur End\u00fcstriyel\"},\"image\":{\"@id\":\"https:\\\/\\\/bodur.com.tr\\\/#\\\/schema\\\/logo\\\/image\\\/\"},\"sameAs\":[\"https:\\\/\\\/www.facebook.com\\\/bodurendustriyel\",\"https:\\\/\\\/www.instagram.com\\\/bodurendustriyel\\\/\",\"https:\\\/\\\/www.youtube.com\\\/user\\\/harunbodur\"]}]}<\/script>\n<!-- \/ Yoast SEO plugin. -->","yoast_head_json":{"title":"\u0411\u0414.36.15.14","robots":{"index":"index","follow":"follow","max-snippet":"max-snippet:-1","max-image-preview":"max-image-preview:large","max-video-preview":"max-video-preview:-1"},"canonical":"https:\/\/bodur.com.tr\/ru\/product\/dolapli-calisma-tezgahi-2\/","og_locale":"ru_RU","og_type":"article","og_title":"BD.36.15.14","og_description":"End\u00fcstriyel ortamlarda g\u00fcvenilir ve dayan\u0131kl\u0131 bir \u00e7\u00f6z\u00fcm olarak geli\u015ftirilen 36.15.14, kurumsal ihtiya\u00e7lar\u0131 etkin \u00f6zelliklere sahip fonksiyonel bir tasar\u0131mda birle\u015ftiriyor.       H2000xW1350xD730 mm boyutlar\u0131nda  Aksesuarlar hari\u00e7 117\u00a0kg  DKP ve HRP sac malzeme  Elektrostatik toz boya  RAL7035 (A\u00e7\u0131k Gri) ve RAL3020 (K\u0131rm\u0131z\u0131)  H950xW1279 mm delikli pano \u00f6l\u00e7\u00fcs\u00fc  W1279xD200 mm pano raf\u0131  W1350xD690 mm tabla \u00f6l\u00e7\u00fcs\u00fc  Standart 30 mm MDF + 2 mm PVC Kaplama tabla  2 adet kapakl\u0131 220 V toprakl\u0131 priz (IP44 Koruma S\u0131n\u0131f\u0131)  Led Ayd\u0131nlatma (1x12W Anahtarl\u0131 Led Band Armat\u00fcr)","og_url":"https:\/\/bodur.com.tr\/ru\/product\/dolapli-calisma-tezgahi-2\/","og_site_name":"Bodur End\u00fcstriyel","article_publisher":"https:\/\/www.facebook.com\/bodurendustriyel","article_modified_time":"2026-03-21T20:29:08+00:00","og_image":[{"width":2480,"height":2480,"url":"https:\/\/bodur.com.tr\/wp-content\/uploads\/BT361514_Calisma_Masasi_H2080xW1350xD730_01-1.jpg","type":"image\/jpeg"}],"twitter_card":"summary_large_image","schema":{"@context":"https:\/\/schema.org","@graph":[{"@type":"WebPage","@id":"https:\/\/bodur.com.tr\/urun\/dolapli-calisma-tezgahi-2","url":"https:\/\/bodur.com.tr\/urun\/dolapli-calisma-tezgahi-2","name":"\u0411\u0414.36.15.14","isPartOf":{"@id":"https:\/\/bodur.com.tr\/#website"},"primaryImageOfPage":{"@id":"https:\/\/bodur.com.tr\/urun\/dolapli-calisma-tezgahi-2#primaryimage"},"image":{"@id":"https:\/\/bodur.com.tr\/urun\/dolapli-calisma-tezgahi-2#primaryimage"},"thumbnailUrl":"https:\/\/bodur.com.tr\/wp-content\/uploads\/BT361514_Calisma_Masasi_H2080xW1350xD730_01-1.jpg","datePublished":"2016-06-01T21:00:00+00:00","dateModified":"2026-03-21T20:29:08+00:00","breadcrumb":{"@id":"https:\/\/bodur.com.tr\/urun\/dolapli-calisma-tezgahi-2#breadcrumb"},"inLanguage":"ru-RU","potentialAction":[{"@type":"ReadAction","target":["https:\/\/bodur.com.tr\/urun\/dolapli-calisma-tezgahi-2"]}]},{"@type":"ImageObject","inLanguage":"ru-RU","@id":"https:\/\/bodur.com.tr\/urun\/dolapli-calisma-tezgahi-2#primaryimage","url":"https:\/\/bodur.com.tr\/wp-content\/uploads\/BT361514_Calisma_Masasi_H2080xW1350xD730_01-1.jpg","contentUrl":"https:\/\/bodur.com.tr\/wp-content\/uploads\/BT361514_Calisma_Masasi_H2080xW1350xD730_01-1.jpg","width":2480,"height":2480,"caption":"BD.36.15.14 \u00e7al\u0131\u015fma tezgah\u0131"},{"@type":"BreadcrumbList","@id":"https:\/\/bodur.com.tr\/urun\/dolapli-calisma-tezgahi-2#breadcrumb","itemListElement":[{"@type":"ListItem","position":1,"name":"Anasayfa","item":"https:\/\/bodur.com.tr\/"},{"@type":"ListItem","position":2,"name":"\u00dcr\u00fcnler","item":"https:\/\/bodur.com.tr\/magaza"},{"@type":"ListItem","position":3,"name":"BD.36.15.14"}]},{"@type":"WebSite","@id":"https:\/\/bodur.com.tr\/#website","url":"https:\/\/bodur.com.tr\/","name":"\u0411\u043e\u0434\u0443\u0440 \u0418\u043d\u0434\u0430\u0441\u0442\u0440\u0438\u0430\u043b","description":"","publisher":{"@id":"https:\/\/bodur.com.tr\/#organization"},"potentialAction":[{"@type":"SearchAction","target":{"@type":"EntryPoint","urlTemplate":"https:\/\/bodur.com.tr\/?s={search_term_string}"},"query-input":{"@type":"PropertyValueSpecification","valueRequired":true,"valueName":"search_term_string"}}],"inLanguage":"ru-RU"},{"@type":"Organization","@id":"https:\/\/bodur.com.tr\/#organization","name":"\u0411\u043e\u0434\u0443\u0440 \u0418\u043d\u0434\u0430\u0441\u0442\u0440\u0438\u0430\u043b","url":"https:\/\/bodur.com.tr\/","logo":{"@type":"ImageObject","inLanguage":"ru-RU","@id":"https:\/\/bodur.com.tr\/#\/schema\/logo\/image\/","url":"https:\/\/bodur.com.tr\/wp-content\/uploads\/51834268_258721005017375_5556593430731161600_n.jpg","contentUrl":"https:\/\/bodur.com.tr\/wp-content\/uploads\/51834268_258721005017375_5556593430731161600_n.jpg","width":320,"height":320,"caption":"Bodur End\u00fcstriyel"},"image":{"@id":"https:\/\/bodur.com.tr\/#\/schema\/logo\/image\/"},"sameAs":["https:\/\/www.facebook.com\/bodurendustriyel","https:\/\/www.instagram.com\/bodurendustriyel\/","https:\/\/www.youtube.com\/user\/harunbodur"]}]}},"_links":{"self":[{"href":"https:\/\/bodur.com.tr\/ru\/wp-json\/wp\/v2\/product\/1274","targetHints":{"allow":["GET"]}}],"collection":[{"href":"https:\/\/bodur.com.tr\/ru\/wp-json\/wp\/v2\/product"}],"about":[{"href":"https:\/\/bodur.com.tr\/ru\/wp-json\/wp\/v2\/types\/product"}],"wp:featuredmedia":[{"embeddable":true,"href":"https:\/\/bodur.com.tr\/ru\/wp-json\/wp\/v2\/media\/40904"}],"wp:attachment":[{"href":"https:\/\/bodur.com.tr\/ru\/wp-json\/wp\/v2\/media?parent=1274"}],"wp:term":[{"taxonomy":"product_brand","embeddable":true,"href":"https:\/\/bodur.com.tr\/ru\/wp-json\/wp\/v2\/product_brand?post=1274"},{"taxonomy":"product_cat","embeddable":true,"href":"https:\/\/bodur.com.tr\/ru\/wp-json\/wp\/v2\/product_cat?post=1274"},{"taxonomy":"product_tag","embeddable":true,"href":"https:\/\/bodur.com.tr\/ru\/wp-json\/wp\/v2\/product_tag?post=1274"}],"curies":[{"name":"wp","href":"https:\/\/api.w.org\/{rel}","templated":true}]}}