{"id":1246,"date":"2016-02-06T00:00:00","date_gmt":"2016-02-05T21:00:00","guid":{"rendered":"https:\/\/bodur.com.tr\/urun\/pano-kanca-kare"},"modified":"2022-04-16T20:32:25","modified_gmt":"2022-04-16T17:32:25","slug":"pano-kanca-kare","status":"publish","type":"product","link":"https:\/\/bodur.com.tr\/ru\/urun\/pano-kanca-kare","title":{"rendered":"\u041f\u0430\u043d\u0435\u043b\u044c\u043d\u044b\u0439 \u043a\u0440\u044e\u0447\u043e\u043a (\u043a\u0432\u0430\u0434\u0440\u0430\u0442\u043d\u044b\u0439) BD.36.16.53"},"content":{"rendered":"","protected":false},"excerpt":{"rendered":"<p><strong>\u0422\u0435\u0445\u043d\u0438\u0447\u0435\u0441\u043a\u0438\u0435 \u0445\u0430\u0440\u0430\u043a\u0442\u0435\u0440\u0438\u0441\u0442\u0438\u043a\u0438 \u0438\u0437\u0434\u0435\u043b\u0438\u044f:<\/strong><\/p>\n<ul>\n<li>\u041e\u043d \u0438\u043c\u0435\u0435\u0442 \u043e\u0446\u0438\u043d\u043a\u043e\u0432\u0430\u043d\u043d\u043e\u0435 \u043f\u043e\u043a\u0440\u044b\u0442\u0438\u0435.<\/li>\n<li>\u041e\u043d \u043a\u0440\u0435\u043f\u0438\u0442\u0441\u044f \u043a \u043f\u0430\u043d\u0435\u043b\u0438 \u0441 \u043f\u043e\u043c\u043e\u0449\u044c\u044e \u043f\u043b\u0430\u0441\u0442\u0438\u043a\u043e\u0432\u043e\u0439 \u0437\u0430\u0449\u0435\u043b\u043a\u0438.<\/li>\n<li>\u00c7eki\u00e7, takoz,matkap\u00a0gibi muhtelif sapl\u0131 \u00fcr\u00fcnleri delikli panoya asmak i\u00e7in kullan\u0131l\u0131r.<\/li>\n<\/ul>","protected":false},"featured_media":1171,"template":"","meta":[],"product_brand":[],"product_cat":[164],"product_tag":[],"class_list":{"0":"post-1246","1":"product","2":"type-product","3":"status-publish","4":"has-post-thumbnail","6":"product_cat-aksesuarlar-delikli-pano-sistemleri","8":"first","9":"instock","10":"shipping-taxable","11":"product-type-simple"},"yoast_head":"<!-- This site is optimized with the Yoast SEO plugin v27.4 - https:\/\/yoast.com\/product\/yoast-seo-wordpress\/ -->\n<title>Pano Kanca (kare) BD.36.16.53<\/title>\n<meta name=\"robots\" content=\"index, follow, max-snippet:-1, max-image-preview:large, max-video-preview:-1\" \/>\n<link rel=\"canonical\" href=\"https:\/\/bodur.com.tr\/ru\/product\/pano-kanca-kare\/\" \/>\n<meta property=\"og:locale\" content=\"ru_RU\" \/>\n<meta property=\"og:type\" content=\"article\" \/>\n<meta property=\"og:title\" content=\"Pano Kanca (kare) BD.36.16.53\" \/>\n<meta property=\"og:description\" content=\"\u00dcr\u00fcn\u00fcn Teknik \u00d6zellikleri:  Galvaniz kaplamal\u0131d\u0131r. Plastik klips ile panoya sabitlenmektedir. \u00c7eki\u00e7, takoz,matkap\u00a0gibi muhtelif sapl\u0131 \u00fcr\u00fcnleri delikli panoya asmak i\u00e7in kullan\u0131l\u0131r.\" \/>\n<meta property=\"og:url\" content=\"https:\/\/bodur.com.tr\/ru\/product\/pano-kanca-kare\/\" \/>\n<meta property=\"og:site_name\" content=\"Bodur End\u00fcstriyel\" \/>\n<meta property=\"article:publisher\" content=\"https:\/\/www.facebook.com\/bodurendustriyel\" \/>\n<meta property=\"article:modified_time\" content=\"2022-04-16T17:32:25+00:00\" \/>\n<meta property=\"og:image\" content=\"https:\/\/bodur.com.tr\/wp-content\/uploads\/BT361653_Pano_kanca_kare_001.jpg\" \/>\n\t<meta property=\"og:image:width\" content=\"620\" \/>\n\t<meta property=\"og:image:height\" content=\"620\" \/>\n\t<meta property=\"og:image:type\" content=\"image\/jpeg\" \/>\n<meta name=\"twitter:card\" content=\"summary_large_image\" \/>\n<script type=\"application\/ld+json\" class=\"yoast-schema-graph\">{\"@context\":\"https:\\\/\\\/schema.org\",\"@graph\":[{\"@type\":\"WebPage\",\"@id\":\"https:\\\/\\\/bodur.com.tr\\\/urun\\\/pano-kanca-kare\",\"url\":\"https:\\\/\\\/bodur.com.tr\\\/urun\\\/pano-kanca-kare\",\"name\":\"Pano Kanca (kare) BD.36.16.53\",\"isPartOf\":{\"@id\":\"https:\\\/\\\/bodur.com.tr\\\/#website\"},\"primaryImageOfPage\":{\"@id\":\"https:\\\/\\\/bodur.com.tr\\\/urun\\\/pano-kanca-kare#primaryimage\"},\"image\":{\"@id\":\"https:\\\/\\\/bodur.com.tr\\\/urun\\\/pano-kanca-kare#primaryimage\"},\"thumbnailUrl\":\"https:\\\/\\\/bodur.com.tr\\\/wp-content\\\/uploads\\\/BT361653_Pano_kanca_kare_001.jpg\",\"datePublished\":\"2016-02-05T21:00:00+00:00\",\"dateModified\":\"2022-04-16T17:32:25+00:00\",\"breadcrumb\":{\"@id\":\"https:\\\/\\\/bodur.com.tr\\\/urun\\\/pano-kanca-kare#breadcrumb\"},\"inLanguage\":\"ru-RU\",\"potentialAction\":[{\"@type\":\"ReadAction\",\"target\":[\"https:\\\/\\\/bodur.com.tr\\\/urun\\\/pano-kanca-kare\"]}]},{\"@type\":\"ImageObject\",\"inLanguage\":\"ru-RU\",\"@id\":\"https:\\\/\\\/bodur.com.tr\\\/urun\\\/pano-kanca-kare#primaryimage\",\"url\":\"https:\\\/\\\/bodur.com.tr\\\/wp-content\\\/uploads\\\/BT361653_Pano_kanca_kare_001.jpg\",\"contentUrl\":\"https:\\\/\\\/bodur.com.tr\\\/wp-content\\\/uploads\\\/BT361653_Pano_kanca_kare_001.jpg\",\"width\":620,\"height\":620},{\"@type\":\"BreadcrumbList\",\"@id\":\"https:\\\/\\\/bodur.com.tr\\\/urun\\\/pano-kanca-kare#breadcrumb\",\"itemListElement\":[{\"@type\":\"ListItem\",\"position\":1,\"name\":\"Anasayfa\",\"item\":\"https:\\\/\\\/bodur.com.tr\\\/\"},{\"@type\":\"ListItem\",\"position\":2,\"name\":\"\u00dcr\u00fcnler\",\"item\":\"https:\\\/\\\/bodur.com.tr\\\/magaza\"},{\"@type\":\"ListItem\",\"position\":3,\"name\":\"Pano Kanca (kare) BD.36.16.53\"}]},{\"@type\":\"WebSite\",\"@id\":\"https:\\\/\\\/bodur.com.tr\\\/#website\",\"url\":\"https:\\\/\\\/bodur.com.tr\\\/\",\"name\":\"Bodur End\u00fcstriyel\",\"description\":\"\",\"publisher\":{\"@id\":\"https:\\\/\\\/bodur.com.tr\\\/#organization\"},\"potentialAction\":[{\"@type\":\"SearchAction\",\"target\":{\"@type\":\"EntryPoint\",\"urlTemplate\":\"https:\\\/\\\/bodur.com.tr\\\/?s={search_term_string}\"},\"query-input\":{\"@type\":\"PropertyValueSpecification\",\"valueRequired\":true,\"valueName\":\"search_term_string\"}}],\"inLanguage\":\"ru-RU\"},{\"@type\":\"Organization\",\"@id\":\"https:\\\/\\\/bodur.com.tr\\\/#organization\",\"name\":\"Bodur End\u00fcstriyel\",\"url\":\"https:\\\/\\\/bodur.com.tr\\\/\",\"logo\":{\"@type\":\"ImageObject\",\"inLanguage\":\"ru-RU\",\"@id\":\"https:\\\/\\\/bodur.com.tr\\\/#\\\/schema\\\/logo\\\/image\\\/\",\"url\":\"https:\\\/\\\/bodur.com.tr\\\/wp-content\\\/uploads\\\/51834268_258721005017375_5556593430731161600_n.jpg\",\"contentUrl\":\"https:\\\/\\\/bodur.com.tr\\\/wp-content\\\/uploads\\\/51834268_258721005017375_5556593430731161600_n.jpg\",\"width\":320,\"height\":320,\"caption\":\"Bodur End\u00fcstriyel\"},\"image\":{\"@id\":\"https:\\\/\\\/bodur.com.tr\\\/#\\\/schema\\\/logo\\\/image\\\/\"},\"sameAs\":[\"https:\\\/\\\/www.facebook.com\\\/bodurendustriyel\",\"https:\\\/\\\/www.instagram.com\\\/bodurendustriyel\\\/\",\"https:\\\/\\\/www.youtube.com\\\/user\\\/harunbodur\"]}]}<\/script>\n<!-- \/ Yoast SEO plugin. -->","yoast_head_json":{"title":"\u041f\u0430\u043d\u0435\u043b\u044c\u043d\u044b\u0439 \u043a\u0440\u044e\u0447\u043e\u043a (\u043a\u0432\u0430\u0434\u0440\u0430\u0442\u043d\u044b\u0439) BD.36.16.53","robots":{"index":"index","follow":"follow","max-snippet":"max-snippet:-1","max-image-preview":"max-image-preview:large","max-video-preview":"max-video-preview:-1"},"canonical":"https:\/\/bodur.com.tr\/ru\/product\/pano-kanca-kare\/","og_locale":"ru_RU","og_type":"article","og_title":"Pano Kanca (kare) BD.36.16.53","og_description":"\u00dcr\u00fcn\u00fcn Teknik \u00d6zellikleri:  Galvaniz kaplamal\u0131d\u0131r. Plastik klips ile panoya sabitlenmektedir. \u00c7eki\u00e7, takoz,matkap\u00a0gibi muhtelif sapl\u0131 \u00fcr\u00fcnleri delikli panoya asmak i\u00e7in kullan\u0131l\u0131r.","og_url":"https:\/\/bodur.com.tr\/ru\/product\/pano-kanca-kare\/","og_site_name":"Bodur End\u00fcstriyel","article_publisher":"https:\/\/www.facebook.com\/bodurendustriyel","article_modified_time":"2022-04-16T17:32:25+00:00","og_image":[{"width":620,"height":620,"url":"https:\/\/bodur.com.tr\/wp-content\/uploads\/BT361653_Pano_kanca_kare_001.jpg","type":"image\/jpeg"}],"twitter_card":"summary_large_image","schema":{"@context":"https:\/\/schema.org","@graph":[{"@type":"WebPage","@id":"https:\/\/bodur.com.tr\/urun\/pano-kanca-kare","url":"https:\/\/bodur.com.tr\/urun\/pano-kanca-kare","name":"\u041f\u0430\u043d\u0435\u043b\u044c\u043d\u044b\u0439 \u043a\u0440\u044e\u0447\u043e\u043a (\u043a\u0432\u0430\u0434\u0440\u0430\u0442\u043d\u044b\u0439) BD.36.16.53","isPartOf":{"@id":"https:\/\/bodur.com.tr\/#website"},"primaryImageOfPage":{"@id":"https:\/\/bodur.com.tr\/urun\/pano-kanca-kare#primaryimage"},"image":{"@id":"https:\/\/bodur.com.tr\/urun\/pano-kanca-kare#primaryimage"},"thumbnailUrl":"https:\/\/bodur.com.tr\/wp-content\/uploads\/BT361653_Pano_kanca_kare_001.jpg","datePublished":"2016-02-05T21:00:00+00:00","dateModified":"2022-04-16T17:32:25+00:00","breadcrumb":{"@id":"https:\/\/bodur.com.tr\/urun\/pano-kanca-kare#breadcrumb"},"inLanguage":"ru-RU","potentialAction":[{"@type":"ReadAction","target":["https:\/\/bodur.com.tr\/urun\/pano-kanca-kare"]}]},{"@type":"ImageObject","inLanguage":"ru-RU","@id":"https:\/\/bodur.com.tr\/urun\/pano-kanca-kare#primaryimage","url":"https:\/\/bodur.com.tr\/wp-content\/uploads\/BT361653_Pano_kanca_kare_001.jpg","contentUrl":"https:\/\/bodur.com.tr\/wp-content\/uploads\/BT361653_Pano_kanca_kare_001.jpg","width":620,"height":620},{"@type":"BreadcrumbList","@id":"https:\/\/bodur.com.tr\/urun\/pano-kanca-kare#breadcrumb","itemListElement":[{"@type":"ListItem","position":1,"name":"Anasayfa","item":"https:\/\/bodur.com.tr\/"},{"@type":"ListItem","position":2,"name":"\u00dcr\u00fcnler","item":"https:\/\/bodur.com.tr\/magaza"},{"@type":"ListItem","position":3,"name":"Pano Kanca (kare) BD.36.16.53"}]},{"@type":"WebSite","@id":"https:\/\/bodur.com.tr\/#website","url":"https:\/\/bodur.com.tr\/","name":"\u0411\u043e\u0434\u0443\u0440 \u0418\u043d\u0434\u0430\u0441\u0442\u0440\u0438\u0430\u043b","description":"","publisher":{"@id":"https:\/\/bodur.com.tr\/#organization"},"potentialAction":[{"@type":"SearchAction","target":{"@type":"EntryPoint","urlTemplate":"https:\/\/bodur.com.tr\/?s={search_term_string}"},"query-input":{"@type":"PropertyValueSpecification","valueRequired":true,"valueName":"search_term_string"}}],"inLanguage":"ru-RU"},{"@type":"Organization","@id":"https:\/\/bodur.com.tr\/#organization","name":"\u0411\u043e\u0434\u0443\u0440 \u0418\u043d\u0434\u0430\u0441\u0442\u0440\u0438\u0430\u043b","url":"https:\/\/bodur.com.tr\/","logo":{"@type":"ImageObject","inLanguage":"ru-RU","@id":"https:\/\/bodur.com.tr\/#\/schema\/logo\/image\/","url":"https:\/\/bodur.com.tr\/wp-content\/uploads\/51834268_258721005017375_5556593430731161600_n.jpg","contentUrl":"https:\/\/bodur.com.tr\/wp-content\/uploads\/51834268_258721005017375_5556593430731161600_n.jpg","width":320,"height":320,"caption":"Bodur End\u00fcstriyel"},"image":{"@id":"https:\/\/bodur.com.tr\/#\/schema\/logo\/image\/"},"sameAs":["https:\/\/www.facebook.com\/bodurendustriyel","https:\/\/www.instagram.com\/bodurendustriyel\/","https:\/\/www.youtube.com\/user\/harunbodur"]}]}},"_links":{"self":[{"href":"https:\/\/bodur.com.tr\/ru\/wp-json\/wp\/v2\/product\/1246","targetHints":{"allow":["GET"]}}],"collection":[{"href":"https:\/\/bodur.com.tr\/ru\/wp-json\/wp\/v2\/product"}],"about":[{"href":"https:\/\/bodur.com.tr\/ru\/wp-json\/wp\/v2\/types\/product"}],"wp:featuredmedia":[{"embeddable":true,"href":"https:\/\/bodur.com.tr\/ru\/wp-json\/wp\/v2\/media\/1171"}],"wp:attachment":[{"href":"https:\/\/bodur.com.tr\/ru\/wp-json\/wp\/v2\/media?parent=1246"}],"wp:term":[{"taxonomy":"product_brand","embeddable":true,"href":"https:\/\/bodur.com.tr\/ru\/wp-json\/wp\/v2\/product_brand?post=1246"},{"taxonomy":"product_cat","embeddable":true,"href":"https:\/\/bodur.com.tr\/ru\/wp-json\/wp\/v2\/product_cat?post=1246"},{"taxonomy":"product_tag","embeddable":true,"href":"https:\/\/bodur.com.tr\/ru\/wp-json\/wp\/v2\/product_tag?post=1246"}],"curies":[{"name":"wp","href":"https:\/\/api.w.org\/{rel}","templated":true}]}}