{"id":1116,"date":"2014-08-29T00:00:00","date_gmt":"2014-08-28T21:00:00","guid":{"rendered":"https:\/\/bodur.com.tr\/urun\/ikili-soyunma-dolabi"},"modified":"2022-05-13T19:58:09","modified_gmt":"2022-05-13T16:58:09","slug":"%d0%b4%d0%b2%d0%be%d0%b9%d0%bd%d0%be%d0%b9-%d1%88%d0%ba%d0%b0%d1%84%d1%87%d0%b8%d0%ba","status":"publish","type":"product","link":"https:\/\/bodur.com.tr\/ru\/urun\/ikili-soyunma-dolabi","title":{"rendered":"\u0414\u0432\u043e\u0439\u043d\u043e\u0439 \u0448\u043a\u0430\u0444\u0447\u0438\u043a BD.21.52.93"},"content":{"rendered":"<ul>\n<li>\u0412\u0441\u0435 \u0438\u0437\u0434\u0435\u043b\u0438\u044f \u043f\u043e\u043a\u0440\u044b\u0442\u044b \u044d\u043b\u0435\u043a\u0442\u0440\u043e\u0441\u0442\u0430\u0442\u0438\u0447\u0435\u0441\u043a\u043e\u0439 \u043f\u043e\u0440\u043e\u0448\u043a\u043e\u0432\u043e\u0439 \u043a\u0440\u0430\u0441\u043a\u043e\u0439.<\/li>\n<li>\u0422\u0435\u043a\u0441\u0442\u0443\u0440\u0438\u0440\u043e\u0432\u0430\u043d\u043d\u043e\u0435 \u043f\u043e\u0440\u043e\u0448\u043a\u043e\u0432\u043e\u0435 \u043f\u043e\u043a\u0440\u044b\u0442\u0438\u0435 \u0438\u0441\u043f\u043e\u043b\u044c\u0437\u0443\u0435\u0442\u0441\u044f \u0434\u043b\u044f \u043e\u0431\u0435\u0441\u043f\u0435\u0447\u0435\u043d\u0438\u044f \u043c\u0430\u043a\u0441\u0438\u043c\u0430\u043b\u044c\u043d\u043e\u0439 \u0443\u0441\u0442\u043e\u0439\u0447\u0438\u0432\u043e\u0441\u0442\u0438 \u043a \u0443\u0434\u0430\u0440\u0430\u043c \u0438 \u0446\u0430\u0440\u0430\u043f\u0438\u043d\u0430\u043c.<\/li>\n<li>\u0418\u0437\u0433\u043e\u0442\u043e\u0432\u043b\u0435\u043d \u0438\u0437 \u043b\u0438\u0441\u0442\u043e\u0432\u043e\u0433\u043e \u043c\u0435\u0442\u0430\u043b\u043b\u0430 \u0442\u043e\u043b\u0449\u0438\u043d\u043e\u0439 0,70 \u043c\u043c.<\/li>\n<li>\u0418\u0441\u043f\u043e\u043b\u044c\u0437\u0443\u0435\u0442\u0441\u044f \u0441\u043a\u0440\u044b\u0442\u0430\u044f \u043f\u0435\u0442\u043b\u044f.<\/li>\n<li>\u0412 \u043a\u043e\u043d\u0441\u0442\u0440\u0443\u043a\u0446\u0438\u0438 \u043a\u0440\u044b\u0448\u0435\u043a \u0438\u0441\u043f\u043e\u043b\u044c\u0437\u0443\u0435\u0442\u0441\u044f \u0430\u0440\u043c\u0438\u0440\u0443\u044e\u0449\u0438\u0439 \u043b\u0438\u0441\u0442\u043e\u0432\u043e\u0439 \u043c\u0435\u0442\u0430\u043b\u043b.<\/li>\n<li>\u0414\u0432\u0435\u0440\u0446\u044b \u043e\u0441\u043d\u0430\u0449\u0435\u043d\u044b \u0432\u0435\u043d\u0442\u0438\u043b\u044f\u0446\u0438\u043e\u043d\u043d\u044b\u043c\u0438 \u0440\u0435\u0448\u0435\u0442\u043a\u0430\u043c\u0438 \u0434\u043b\u044f \u043e\u0431\u0435\u0441\u043f\u0435\u0447\u0435\u043d\u0438\u044f \u0446\u0438\u0440\u043a\u0443\u043b\u044f\u0446\u0438\u0438 \u0432\u043e\u0437\u0434\u0443\u0445\u0430 \u0432\u043d\u0443\u0442\u0440\u0438 \u0448\u043a\u0430\u0444\u0430.<\/li>\n<li>\u041d\u0430 \u043a\u0440\u044b\u0448\u043a\u0430\u0445 \u0438\u043c\u0435\u044e\u0442\u0441\u044f \u0438\u043c\u0435\u043d\u043d\u044b\u0435 \u0431\u0438\u0440\u043a\u0438.<\/li>\n<li>\u0412 \u043a\u0430\u0436\u0434\u043e\u043c \u043e\u0442\u0434\u0435\u043b\u0435\u043d\u0438\u0438 \u043f\u043e 4 \u043a\u0440\u044e\u0447\u043a\u0430 \u0434\u043b\u044f \u043f\u043e\u0434\u0432\u0435\u0448\u0438\u0432\u0430\u043d\u0438\u044f.<\/li>\n<li>\u0418\u0441\u043f\u043e\u043b\u044c\u0437\u0443\u0435\u0442\u0441\u044f \u0437\u0430\u043c\u043e\u043a \u0441 \u0431\u0443\u043b\u0430\u0432\u043a\u043e\u0439. (\u041c\u043e\u0436\u043d\u043e \u043f\u0440\u0438\u043a\u0440\u0435\u043f\u0438\u0442\u044c \u043d\u0430\u0432\u0435\u0441\u043d\u043e\u0439 \u0437\u0430\u043c\u043e\u043a \u2013 \u0437\u0430\u043c\u043e\u043a-\u0431\u0430\u0431\u043e\u0447\u043a\u0430).<\/li>\n<\/ul>","protected":false},"excerpt":{"rendered":"<ul>\n<li>\u0413\u0430\u0431\u0430\u0440\u0438\u0442\u044b: \u04121850\u0445\u0428800\u0445\u0413400 \u043c\u043c.<\/li>\n<li>\u041e\u0431\u0449\u0438\u0439 \u0432\u0435\u0441 35,00 \u043a\u0433.<\/li>\n<li>\u042d\u043b\u0435\u043a\u0442\u0440\u043e\u0441\u0442\u0430\u0442\u0438\u0447\u0435\u0441\u043a\u043e\u0435 \u043f\u043e\u0440\u043e\u0448\u043a\u043e\u0432\u043e\u0435 \u043f\u043e\u043a\u0440\u044b\u0442\u0438\u0435.<\/li>\n<li>\u0421\u0442\u0430\u043d\u0434\u0430\u0440\u0442\u043d\u044b\u0439 \u0446\u0432\u0435\u0442 RAL7035 (\u0441\u0432\u0435\u0442\u043b\u043e-\u0441\u0435\u0440\u044b\u0439) \u2013 \u043e\u043f\u0446\u0438\u043e\u043d\u0430\u043b\u044c\u043d\u043e<\/li>\n<li>\u0417\u0430\u0449\u0435\u043b\u043a\u0430 \u0437\u0430\u043c\u043a\u0430<\/li>\n<li>\u0422\u043e\u043b\u0449\u0438\u043d\u0430 \u043b\u0438\u0441\u0442\u043e\u0432\u043e\u0433\u043e \u043c\u0435\u0442\u0430\u043b\u043b\u0430 0,70 \u043c\u043c<\/li>\n<\/ul>","protected":false},"featured_media":1117,"template":"","meta":[],"product_brand":[],"product_cat":[23],"product_tag":[],"class_list":{"0":"post-1116","1":"product","2":"type-product","3":"status-publish","4":"has-post-thumbnail","6":"product_cat-soyunma-dolaplari","8":"first","9":"instock","10":"shipping-taxable","11":"product-type-simple"},"yoast_head":"<!-- This site is optimized with the Yoast SEO plugin v27.4 - https:\/\/yoast.com\/product\/yoast-seo-wordpress\/ -->\n<title>\u0130kili Soyunma Dolab\u0131 BD.21.52.93<\/title>\n<meta name=\"robots\" content=\"index, follow, max-snippet:-1, max-image-preview:large, max-video-preview:-1\" \/>\n<link rel=\"canonical\" href=\"https:\/\/bodur.com.tr\/ru\/product\/\u0434\u0432\u043e\u0439\u043d\u043e\u0439-\u0448\u043a\u0430\u0444\u0447\u0438\u043a\/\" \/>\n<meta property=\"og:locale\" content=\"ru_RU\" \/>\n<meta property=\"og:type\" content=\"article\" \/>\n<meta property=\"og:title\" content=\"\u0130kili Soyunma Dolab\u0131 BD.21.52.93\" \/>\n<meta property=\"og:description\" content=\"H1850xW800xD400 mm boyutlar\u0131nda.  Toplam a\u011f\u0131rl\u0131k 35,00 kg.  Elektrostatik toz boya.  Standart RAL7035 (A\u00e7\u0131k gri) - Opsiyoneldir  Mandall\u0131 kilit  0,70 mm sac kal\u0131nl\u0131\u011f\u0131\" \/>\n<meta property=\"og:url\" content=\"https:\/\/bodur.com.tr\/ru\/product\/\u0434\u0432\u043e\u0439\u043d\u043e\u0439-\u0448\u043a\u0430\u0444\u0447\u0438\u043a\/\" \/>\n<meta property=\"og:site_name\" content=\"Bodur End\u00fcstriyel\" \/>\n<meta property=\"article:publisher\" content=\"https:\/\/www.facebook.com\/bodurendustriyel\" \/>\n<meta property=\"article:modified_time\" content=\"2022-05-13T16:58:09+00:00\" \/>\n<meta property=\"og:image\" content=\"https:\/\/bodur.com.tr\/wp-content\/uploads\/BT215293_001.jpg\" \/>\n\t<meta property=\"og:image:width\" content=\"800\" \/>\n\t<meta property=\"og:image:height\" content=\"800\" \/>\n\t<meta property=\"og:image:type\" content=\"image\/jpeg\" \/>\n<meta name=\"twitter:card\" content=\"summary_large_image\" \/>\n<script type=\"application\/ld+json\" class=\"yoast-schema-graph\">{\"@context\":\"https:\\\/\\\/schema.org\",\"@graph\":[{\"@type\":\"WebPage\",\"@id\":\"https:\\\/\\\/bodur.com.tr\\\/urun\\\/ikili-soyunma-dolabi\",\"url\":\"https:\\\/\\\/bodur.com.tr\\\/urun\\\/ikili-soyunma-dolabi\",\"name\":\"\u0130kili Soyunma Dolab\u0131 BD.21.52.93\",\"isPartOf\":{\"@id\":\"https:\\\/\\\/bodur.com.tr\\\/#website\"},\"primaryImageOfPage\":{\"@id\":\"https:\\\/\\\/bodur.com.tr\\\/urun\\\/ikili-soyunma-dolabi#primaryimage\"},\"image\":{\"@id\":\"https:\\\/\\\/bodur.com.tr\\\/urun\\\/ikili-soyunma-dolabi#primaryimage\"},\"thumbnailUrl\":\"https:\\\/\\\/bodur.com.tr\\\/wp-content\\\/uploads\\\/BT215293_001.jpg\",\"datePublished\":\"2014-08-28T21:00:00+00:00\",\"dateModified\":\"2022-05-13T16:58:09+00:00\",\"breadcrumb\":{\"@id\":\"https:\\\/\\\/bodur.com.tr\\\/urun\\\/ikili-soyunma-dolabi#breadcrumb\"},\"inLanguage\":\"ru-RU\",\"potentialAction\":[{\"@type\":\"ReadAction\",\"target\":[\"https:\\\/\\\/bodur.com.tr\\\/urun\\\/ikili-soyunma-dolabi\"]}]},{\"@type\":\"ImageObject\",\"inLanguage\":\"ru-RU\",\"@id\":\"https:\\\/\\\/bodur.com.tr\\\/urun\\\/ikili-soyunma-dolabi#primaryimage\",\"url\":\"https:\\\/\\\/bodur.com.tr\\\/wp-content\\\/uploads\\\/BT215293_001.jpg\",\"contentUrl\":\"https:\\\/\\\/bodur.com.tr\\\/wp-content\\\/uploads\\\/BT215293_001.jpg\",\"width\":800,\"height\":800},{\"@type\":\"BreadcrumbList\",\"@id\":\"https:\\\/\\\/bodur.com.tr\\\/urun\\\/ikili-soyunma-dolabi#breadcrumb\",\"itemListElement\":[{\"@type\":\"ListItem\",\"position\":1,\"name\":\"Anasayfa\",\"item\":\"https:\\\/\\\/bodur.com.tr\\\/\"},{\"@type\":\"ListItem\",\"position\":2,\"name\":\"\u00dcr\u00fcnler\",\"item\":\"https:\\\/\\\/bodur.com.tr\\\/magaza\"},{\"@type\":\"ListItem\",\"position\":3,\"name\":\"\u0130kili Soyunma Dolab\u0131 BD.21.52.93\"}]},{\"@type\":\"WebSite\",\"@id\":\"https:\\\/\\\/bodur.com.tr\\\/#website\",\"url\":\"https:\\\/\\\/bodur.com.tr\\\/\",\"name\":\"Bodur End\u00fcstriyel\",\"description\":\"\",\"publisher\":{\"@id\":\"https:\\\/\\\/bodur.com.tr\\\/#organization\"},\"potentialAction\":[{\"@type\":\"SearchAction\",\"target\":{\"@type\":\"EntryPoint\",\"urlTemplate\":\"https:\\\/\\\/bodur.com.tr\\\/?s={search_term_string}\"},\"query-input\":{\"@type\":\"PropertyValueSpecification\",\"valueRequired\":true,\"valueName\":\"search_term_string\"}}],\"inLanguage\":\"ru-RU\"},{\"@type\":\"Organization\",\"@id\":\"https:\\\/\\\/bodur.com.tr\\\/#organization\",\"name\":\"Bodur End\u00fcstriyel\",\"url\":\"https:\\\/\\\/bodur.com.tr\\\/\",\"logo\":{\"@type\":\"ImageObject\",\"inLanguage\":\"ru-RU\",\"@id\":\"https:\\\/\\\/bodur.com.tr\\\/#\\\/schema\\\/logo\\\/image\\\/\",\"url\":\"https:\\\/\\\/bodur.com.tr\\\/wp-content\\\/uploads\\\/51834268_258721005017375_5556593430731161600_n.jpg\",\"contentUrl\":\"https:\\\/\\\/bodur.com.tr\\\/wp-content\\\/uploads\\\/51834268_258721005017375_5556593430731161600_n.jpg\",\"width\":320,\"height\":320,\"caption\":\"Bodur End\u00fcstriyel\"},\"image\":{\"@id\":\"https:\\\/\\\/bodur.com.tr\\\/#\\\/schema\\\/logo\\\/image\\\/\"},\"sameAs\":[\"https:\\\/\\\/www.facebook.com\\\/bodurendustriyel\",\"https:\\\/\\\/www.instagram.com\\\/bodurendustriyel\\\/\",\"https:\\\/\\\/www.youtube.com\\\/user\\\/harunbodur\"]}]}<\/script>\n<!-- \/ Yoast SEO plugin. -->","yoast_head_json":{"title":"\u0414\u0432\u043e\u0439\u043d\u043e\u0439 \u0448\u043a\u0430\u0444\u0447\u0438\u043a BD.21.52.93","robots":{"index":"index","follow":"follow","max-snippet":"max-snippet:-1","max-image-preview":"max-image-preview:large","max-video-preview":"max-video-preview:-1"},"canonical":"https:\/\/bodur.com.tr\/ru\/product\/\u0434\u0432\u043e\u0439\u043d\u043e\u0439-\u0448\u043a\u0430\u0444\u0447\u0438\u043a\/","og_locale":"ru_RU","og_type":"article","og_title":"\u0130kili Soyunma Dolab\u0131 BD.21.52.93","og_description":"H1850xW800xD400 mm boyutlar\u0131nda.  Toplam a\u011f\u0131rl\u0131k 35,00 kg.  Elektrostatik toz boya.  Standart RAL7035 (A\u00e7\u0131k gri) - Opsiyoneldir  Mandall\u0131 kilit  0,70 mm sac kal\u0131nl\u0131\u011f\u0131","og_url":"https:\/\/bodur.com.tr\/ru\/product\/\u0434\u0432\u043e\u0439\u043d\u043e\u0439-\u0448\u043a\u0430\u0444\u0447\u0438\u043a\/","og_site_name":"Bodur End\u00fcstriyel","article_publisher":"https:\/\/www.facebook.com\/bodurendustriyel","article_modified_time":"2022-05-13T16:58:09+00:00","og_image":[{"width":800,"height":800,"url":"https:\/\/bodur.com.tr\/wp-content\/uploads\/BT215293_001.jpg","type":"image\/jpeg"}],"twitter_card":"summary_large_image","schema":{"@context":"https:\/\/schema.org","@graph":[{"@type":"WebPage","@id":"https:\/\/bodur.com.tr\/urun\/ikili-soyunma-dolabi","url":"https:\/\/bodur.com.tr\/urun\/ikili-soyunma-dolabi","name":"\u0414\u0432\u043e\u0439\u043d\u043e\u0439 \u0448\u043a\u0430\u0444\u0447\u0438\u043a BD.21.52.93","isPartOf":{"@id":"https:\/\/bodur.com.tr\/#website"},"primaryImageOfPage":{"@id":"https:\/\/bodur.com.tr\/urun\/ikili-soyunma-dolabi#primaryimage"},"image":{"@id":"https:\/\/bodur.com.tr\/urun\/ikili-soyunma-dolabi#primaryimage"},"thumbnailUrl":"https:\/\/bodur.com.tr\/wp-content\/uploads\/BT215293_001.jpg","datePublished":"2014-08-28T21:00:00+00:00","dateModified":"2022-05-13T16:58:09+00:00","breadcrumb":{"@id":"https:\/\/bodur.com.tr\/urun\/ikili-soyunma-dolabi#breadcrumb"},"inLanguage":"ru-RU","potentialAction":[{"@type":"ReadAction","target":["https:\/\/bodur.com.tr\/urun\/ikili-soyunma-dolabi"]}]},{"@type":"ImageObject","inLanguage":"ru-RU","@id":"https:\/\/bodur.com.tr\/urun\/ikili-soyunma-dolabi#primaryimage","url":"https:\/\/bodur.com.tr\/wp-content\/uploads\/BT215293_001.jpg","contentUrl":"https:\/\/bodur.com.tr\/wp-content\/uploads\/BT215293_001.jpg","width":800,"height":800},{"@type":"BreadcrumbList","@id":"https:\/\/bodur.com.tr\/urun\/ikili-soyunma-dolabi#breadcrumb","itemListElement":[{"@type":"ListItem","position":1,"name":"Anasayfa","item":"https:\/\/bodur.com.tr\/"},{"@type":"ListItem","position":2,"name":"\u00dcr\u00fcnler","item":"https:\/\/bodur.com.tr\/magaza"},{"@type":"ListItem","position":3,"name":"\u0130kili Soyunma Dolab\u0131 BD.21.52.93"}]},{"@type":"WebSite","@id":"https:\/\/bodur.com.tr\/#website","url":"https:\/\/bodur.com.tr\/","name":"\u0411\u043e\u0434\u0443\u0440 \u0418\u043d\u0434\u0430\u0441\u0442\u0440\u0438\u0430\u043b","description":"","publisher":{"@id":"https:\/\/bodur.com.tr\/#organization"},"potentialAction":[{"@type":"SearchAction","target":{"@type":"EntryPoint","urlTemplate":"https:\/\/bodur.com.tr\/?s={search_term_string}"},"query-input":{"@type":"PropertyValueSpecification","valueRequired":true,"valueName":"search_term_string"}}],"inLanguage":"ru-RU"},{"@type":"Organization","@id":"https:\/\/bodur.com.tr\/#organization","name":"\u0411\u043e\u0434\u0443\u0440 \u0418\u043d\u0434\u0430\u0441\u0442\u0440\u0438\u0430\u043b","url":"https:\/\/bodur.com.tr\/","logo":{"@type":"ImageObject","inLanguage":"ru-RU","@id":"https:\/\/bodur.com.tr\/#\/schema\/logo\/image\/","url":"https:\/\/bodur.com.tr\/wp-content\/uploads\/51834268_258721005017375_5556593430731161600_n.jpg","contentUrl":"https:\/\/bodur.com.tr\/wp-content\/uploads\/51834268_258721005017375_5556593430731161600_n.jpg","width":320,"height":320,"caption":"Bodur End\u00fcstriyel"},"image":{"@id":"https:\/\/bodur.com.tr\/#\/schema\/logo\/image\/"},"sameAs":["https:\/\/www.facebook.com\/bodurendustriyel","https:\/\/www.instagram.com\/bodurendustriyel\/","https:\/\/www.youtube.com\/user\/harunbodur"]}]}},"_links":{"self":[{"href":"https:\/\/bodur.com.tr\/ru\/wp-json\/wp\/v2\/product\/1116","targetHints":{"allow":["GET"]}}],"collection":[{"href":"https:\/\/bodur.com.tr\/ru\/wp-json\/wp\/v2\/product"}],"about":[{"href":"https:\/\/bodur.com.tr\/ru\/wp-json\/wp\/v2\/types\/product"}],"wp:featuredmedia":[{"embeddable":true,"href":"https:\/\/bodur.com.tr\/ru\/wp-json\/wp\/v2\/media\/1117"}],"wp:attachment":[{"href":"https:\/\/bodur.com.tr\/ru\/wp-json\/wp\/v2\/media?parent=1116"}],"wp:term":[{"taxonomy":"product_brand","embeddable":true,"href":"https:\/\/bodur.com.tr\/ru\/wp-json\/wp\/v2\/product_brand?post=1116"},{"taxonomy":"product_cat","embeddable":true,"href":"https:\/\/bodur.com.tr\/ru\/wp-json\/wp\/v2\/product_cat?post=1116"},{"taxonomy":"product_tag","embeddable":true,"href":"https:\/\/bodur.com.tr\/ru\/wp-json\/wp\/v2\/product_tag?post=1116"}],"curies":[{"name":"wp","href":"https:\/\/api.w.org\/{rel}","templated":true}]}}