{"id":21467,"date":"2025-05-18T19:07:35","date_gmt":"2025-05-18T16:07:35","guid":{"rendered":"https:\/\/bodur.com.tr\/bilgi-guvenligi-politikasi"},"modified":"2025-06-22T16:49:02","modified_gmt":"2025-06-22T13:49:02","slug":"polityka-bezpieczenstwa-informacji","status":"publish","type":"page","link":"https:\/\/bodur.com.tr\/pl\/bilgi-guvenligi-politikasi","title":{"rendered":"Polityka Bezpiecze\u0144stwa Informacji"},"content":{"rendered":"<div data-elementor-type=\"wp-page\" data-elementor-id=\"21467\" class=\"elementor elementor-21467\" data-elementor-post-type=\"page\">\n\t\t\t\t<div class=\"elementor-element elementor-element-2cfe007a e-flex e-con-boxed e-con e-parent\" data-id=\"2cfe007a\" data-element_type=\"container\" data-e-type=\"container\">\n\t\t\t\t\t<div class=\"e-con-inner\">\n\t\t<div class=\"elementor-element elementor-element-7821db80 e-con-full e-flex e-con e-child\" data-id=\"7821db80\" data-element_type=\"container\" data-e-type=\"container\">\n\t\t\t\t<div class=\"elementor-element elementor-element-4c96a670 color-scheme-inherit text-left elementor-widget elementor-widget-text-editor\" data-id=\"4c96a670\" data-element_type=\"widget\" data-e-type=\"widget\" data-widget_type=\"text-editor.default\">\n\t\t\t\t<div class=\"elementor-widget-container\">\n\t\t\t\t\t\t\t\t\t<p><span style=\"color: #0163a1;\"><strong>NASZA POLITYKA BEZPIECZE\u0143STWA INFORMACJI<\/strong><\/span><\/p>\t\t\t\t\t\t\t\t<\/div>\n\t\t\t\t<\/div>\n\t\t\t\t<div class=\"elementor-element elementor-element-7e63cada color-scheme-inherit text-left elementor-widget elementor-widget-text-editor\" data-id=\"7e63cada\" data-element_type=\"widget\" data-e-type=\"widget\" data-widget_type=\"text-editor.default\">\n\t\t\t\t<div class=\"elementor-widget-container\">\n\t\t\t\t\t\t\t\t\t<h4><span style=\"color: #053f75;\"><strong>Sp\u00f3\u0142ka Bodur Cabin Systems Limited przyj\u0119\u0142a zasad\u0119 zapewnienia ci\u0105g\u0142o\u015bci zaufania, jakie zbudowa\u0142a w swoim sektorze dzi\u0119ki jako\u015bci swoich produkt\u00f3w i us\u0142ug;<\/strong><\/span><\/h4>\t\t\t\t\t\t\t\t<\/div>\n\t\t\t\t<\/div>\n\t\t\t\t<\/div>\n\t\t<div class=\"elementor-element elementor-element-40b2ac78 e-con-full e-flex e-con e-child\" data-id=\"40b2ac78\" data-element_type=\"container\" data-e-type=\"container\">\n\t\t\t\t<div class=\"elementor-element elementor-element-596f7300 color-scheme-inherit text-left elementor-widget elementor-widget-text-editor\" data-id=\"596f7300\" data-element_type=\"widget\" data-e-type=\"widget\" data-widget_type=\"text-editor.default\">\n\t\t\t\t<div class=\"elementor-widget-container\">\n\t\t\t\t\t\t\t\t\t<p><strong>1. Cel:<\/strong><br \/>Celem niniejszej polityki jest jasne okre\u015blenie zakresu i ogranicze\u0144 Systemu Zarz\u0105dzania Bezpiecze\u0144stwem Informacji (SZBI) wdro\u017conego przez firm\u0119 Bodur.<\/p><p><strong>2. Zakres:<\/strong><br \/>W przypadku naruszenia bezpiecze\u0144stwa informacji, obowi\u0105zkowe jest przywr\u00f3cenie us\u0142ug do najni\u017cszego akceptowalnego poziomu. System Zarz\u0105dzania Bezpiecze\u0144stwem Informacji (SZBI) obejmuje wszystkie us\u0142ugi, kt\u00f3rymi zarz\u0105dza. SZBI stanowi podstaw\u0119 projektowania, utrzymywania i aktualizacji \u015bwiadczonych us\u0142ug i proces\u00f3w.<\/p><p><strong>3. Zastosowanie:<\/strong><br \/>W zwi\u0105zku z tym nasza Polityka ISMS jest zgodna z nast\u0119puj\u0105cymi wytycznymi:;<\/p><p>-Bezpieczne zarz\u0105dzanie zasobami informacyjnymi, identyfikowanie warto\u015bci, potrzeb i ryzyk, na jakie te zasoby mog\u0105 by\u0107 nara\u017cone, a tak\u017ce projektowanie i wdra\u017canie kontroli nad zagro\u017ceniami bezpiecze\u0144stwa.<br \/>- Ustanowienie ram metodologicznych s\u0142u\u017c\u0105cych do okre\u015blania takich czynnik\u00f3w, jak warto\u015b\u0107, potrzeby bezpiecze\u0144stwa, podatno\u015bci i cz\u0119stotliwo\u015b\u0107 wyst\u0119powania zagro\u017ce\u0144 dla zasob\u00f3w informacyjnych.<br \/>- Okre\u015blenie ram umo\u017cliwiaj\u0105cych analiz\u0119 potencjalnego wp\u0142ywu zagro\u017ce\u0144 na poufno\u015b\u0107, integralno\u015b\u0107 i dost\u0119pno\u015b\u0107 zasob\u00f3w.<br \/>-Okre\u015blenie podstawowych zasad post\u0119powania przy podejmowaniu dzia\u0142a\u0144 w obliczu ryzyka.<br \/>- Ci\u0105g\u0142a ocena ryzyka bezpiecze\u0144stwa poprzez monitorowanie rozwoju technologicznego w zakresie \u015bwiadczonych us\u0142ug.<br \/>- Spe\u0142nianie wymog\u00f3w bezpiecze\u0144stwa informacji zgodnie z obowi\u0105zuj\u0105cymi przepisami krajowymi i mi\u0119dzynarodowymi, przepisami prawnymi i umowami, a tak\u017ce z odpowiedzialno\u015bci\u0105 korporacyjn\u0105 wobec interesariuszy wewn\u0119trznych i zewn\u0119trznych.<br \/>- Aby zminimalizowa\u0107 wp\u0142yw ryzyk zwi\u0105zanych z bezpiecze\u0144stwem informacji, kt\u00f3re mog\u0105 zagrozi\u0107 ci\u0105g\u0142o\u015bci \u015bwiadczenia us\u0142ug, oraz zapewni\u0107 nieprzerwane dzia\u0142anie.<br \/>- Posiadanie umiej\u0119tno\u015bci skutecznego reagowania na incydenty zwi\u0105zane z bezpiecze\u0144stwem informacji i ograniczania ich skutk\u00f3w.<\/p>\t\t\t\t\t\t\t\t<\/div>\n\t\t\t\t<\/div>\n\t\t\t\t<\/div>\n\t\t\t\t\t<\/div>\n\t\t\t\t<\/div>\n\t\t\t\t<\/div>","protected":false},"excerpt":{"rendered":"<p>NASZA POLITYKA BEZPIECZE\u0143STWA INFORMACJI Sp\u00f3\u0142ka Bodur Cabin Systems Limited Company, przyjmuj\u0105c zasad\u0119 zapewnienia ci\u0105g\u0142o\u015bci zaufania, jakie zbudowa\u0142a dzi\u0119ki jako\u015bci swoich produkt\u00f3w i us\u0142ug w swoim sektorze;<\/p>","protected":false},"author":1,"featured_media":0,"parent":0,"menu_order":0,"comment_status":"closed","ping_status":"closed","template":"","meta":{"footnotes":""},"class_list":["post-21467","page","type-page","status-publish","hentry"],"yoast_head":"<!-- This site is optimized with the Yoast SEO plugin v27.4 - https:\/\/yoast.com\/product\/yoast-seo-wordpress\/ -->\n<title>Bilgi G\u00fcvenli\u011fi Politikas\u0131<\/title>\n<meta name=\"robots\" content=\"index, follow, max-snippet:-1, max-image-preview:large, max-video-preview:-1\" \/>\n<link rel=\"canonical\" href=\"https:\/\/bodur.com.tr\/pl\/polityka-bezpieczenstwa-informacji\/\" \/>\n<meta property=\"og:locale\" content=\"pl_PL\" \/>\n<meta property=\"og:type\" content=\"article\" \/>\n<meta property=\"og:title\" content=\"Bilgi G\u00fcvenli\u011fi Politikas\u0131\" \/>\n<meta property=\"og:description\" content=\"B\u0130LG\u0130 G\u00dcVENL\u0130\u011e\u0130 POL\u0130T\u0130KAMIZ Bodur Kabin Sistemleri Limited \u015eirketi, kendi sekt\u00f6r\u00fcnde \u00fcr\u00fcn ve hizmet kalitesiyle olu\u015fturdu\u011fu g\u00fcvenin s\u00fcreklili\u011fini sa\u011flamay\u0131 ilke edinerek;\" \/>\n<meta property=\"og:url\" content=\"https:\/\/bodur.com.tr\/pl\/polityka-bezpieczenstwa-informacji\/\" \/>\n<meta property=\"og:site_name\" content=\"Bodur End\u00fcstriyel\" \/>\n<meta property=\"article:publisher\" content=\"https:\/\/www.facebook.com\/bodurendustriyel\" \/>\n<meta property=\"article:modified_time\" content=\"2025-06-22T13:49:02+00:00\" \/>\n<meta name=\"twitter:card\" content=\"summary_large_image\" \/>\n<script type=\"application\/ld+json\" class=\"yoast-schema-graph\">{\"@context\":\"https:\\\/\\\/schema.org\",\"@graph\":[{\"@type\":\"WebPage\",\"@id\":\"https:\\\/\\\/bodur.com.tr\\\/bilgi-guvenligi-politikasi\",\"url\":\"https:\\\/\\\/bodur.com.tr\\\/bilgi-guvenligi-politikasi\",\"name\":\"Bilgi G\u00fcvenli\u011fi Politikas\u0131\",\"isPartOf\":{\"@id\":\"https:\\\/\\\/bodur.com.tr\\\/#website\"},\"datePublished\":\"2025-05-18T16:07:35+00:00\",\"dateModified\":\"2025-06-22T13:49:02+00:00\",\"breadcrumb\":{\"@id\":\"https:\\\/\\\/bodur.com.tr\\\/bilgi-guvenligi-politikasi#breadcrumb\"},\"inLanguage\":\"pl-PL\",\"potentialAction\":[{\"@type\":\"ReadAction\",\"target\":[\"https:\\\/\\\/bodur.com.tr\\\/bilgi-guvenligi-politikasi\"]}]},{\"@type\":\"BreadcrumbList\",\"@id\":\"https:\\\/\\\/bodur.com.tr\\\/bilgi-guvenligi-politikasi#breadcrumb\",\"itemListElement\":[{\"@type\":\"ListItem\",\"position\":1,\"name\":\"Anasayfa\",\"item\":\"https:\\\/\\\/bodur.com.tr\\\/\"},{\"@type\":\"ListItem\",\"position\":2,\"name\":\"Bilgi G\u00fcvenli\u011fi Politikas\u0131\"}]},{\"@type\":\"WebSite\",\"@id\":\"https:\\\/\\\/bodur.com.tr\\\/#website\",\"url\":\"https:\\\/\\\/bodur.com.tr\\\/\",\"name\":\"Bodur End\u00fcstriyel\",\"description\":\"\",\"publisher\":{\"@id\":\"https:\\\/\\\/bodur.com.tr\\\/#organization\"},\"potentialAction\":[{\"@type\":\"SearchAction\",\"target\":{\"@type\":\"EntryPoint\",\"urlTemplate\":\"https:\\\/\\\/bodur.com.tr\\\/?s={search_term_string}\"},\"query-input\":{\"@type\":\"PropertyValueSpecification\",\"valueRequired\":true,\"valueName\":\"search_term_string\"}}],\"inLanguage\":\"pl-PL\"},{\"@type\":\"Organization\",\"@id\":\"https:\\\/\\\/bodur.com.tr\\\/#organization\",\"name\":\"Bodur End\u00fcstriyel\",\"url\":\"https:\\\/\\\/bodur.com.tr\\\/\",\"logo\":{\"@type\":\"ImageObject\",\"inLanguage\":\"pl-PL\",\"@id\":\"https:\\\/\\\/bodur.com.tr\\\/#\\\/schema\\\/logo\\\/image\\\/\",\"url\":\"https:\\\/\\\/bodur.com.tr\\\/wp-content\\\/uploads\\\/51834268_258721005017375_5556593430731161600_n.jpg\",\"contentUrl\":\"https:\\\/\\\/bodur.com.tr\\\/wp-content\\\/uploads\\\/51834268_258721005017375_5556593430731161600_n.jpg\",\"width\":320,\"height\":320,\"caption\":\"Bodur End\u00fcstriyel\"},\"image\":{\"@id\":\"https:\\\/\\\/bodur.com.tr\\\/#\\\/schema\\\/logo\\\/image\\\/\"},\"sameAs\":[\"https:\\\/\\\/www.facebook.com\\\/bodurendustriyel\",\"https:\\\/\\\/www.instagram.com\\\/bodurendustriyel\\\/\",\"https:\\\/\\\/www.youtube.com\\\/user\\\/harunbodur\"]}]}<\/script>\n<!-- \/ Yoast SEO plugin. -->","yoast_head_json":{"title":"Polityka Bezpiecze\u0144stwa Informacji","robots":{"index":"index","follow":"follow","max-snippet":"max-snippet:-1","max-image-preview":"max-image-preview:large","max-video-preview":"max-video-preview:-1"},"canonical":"https:\/\/bodur.com.tr\/pl\/polityka-bezpieczenstwa-informacji\/","og_locale":"pl_PL","og_type":"article","og_title":"Bilgi G\u00fcvenli\u011fi Politikas\u0131","og_description":"B\u0130LG\u0130 G\u00dcVENL\u0130\u011e\u0130 POL\u0130T\u0130KAMIZ Bodur Kabin Sistemleri Limited \u015eirketi, kendi sekt\u00f6r\u00fcnde \u00fcr\u00fcn ve hizmet kalitesiyle olu\u015fturdu\u011fu g\u00fcvenin s\u00fcreklili\u011fini sa\u011flamay\u0131 ilke edinerek;","og_url":"https:\/\/bodur.com.tr\/pl\/polityka-bezpieczenstwa-informacji\/","og_site_name":"Bodur End\u00fcstriyel","article_publisher":"https:\/\/www.facebook.com\/bodurendustriyel","article_modified_time":"2025-06-22T13:49:02+00:00","twitter_card":"summary_large_image","schema":{"@context":"https:\/\/schema.org","@graph":[{"@type":"WebPage","@id":"https:\/\/bodur.com.tr\/bilgi-guvenligi-politikasi","url":"https:\/\/bodur.com.tr\/bilgi-guvenligi-politikasi","name":"Polityka Bezpiecze\u0144stwa Informacji","isPartOf":{"@id":"https:\/\/bodur.com.tr\/#website"},"datePublished":"2025-05-18T16:07:35+00:00","dateModified":"2025-06-22T13:49:02+00:00","breadcrumb":{"@id":"https:\/\/bodur.com.tr\/bilgi-guvenligi-politikasi#breadcrumb"},"inLanguage":"pl-PL","potentialAction":[{"@type":"ReadAction","target":["https:\/\/bodur.com.tr\/bilgi-guvenligi-politikasi"]}]},{"@type":"BreadcrumbList","@id":"https:\/\/bodur.com.tr\/bilgi-guvenligi-politikasi#breadcrumb","itemListElement":[{"@type":"ListItem","position":1,"name":"Anasayfa","item":"https:\/\/bodur.com.tr\/"},{"@type":"ListItem","position":2,"name":"Bilgi G\u00fcvenli\u011fi Politikas\u0131"}]},{"@type":"WebSite","@id":"https:\/\/bodur.com.tr\/#website","url":"https:\/\/bodur.com.tr\/","name":"Bodur Industrial","description":"","publisher":{"@id":"https:\/\/bodur.com.tr\/#organization"},"potentialAction":[{"@type":"SearchAction","target":{"@type":"EntryPoint","urlTemplate":"https:\/\/bodur.com.tr\/?s={search_term_string}"},"query-input":{"@type":"PropertyValueSpecification","valueRequired":true,"valueName":"search_term_string"}}],"inLanguage":"pl-PL"},{"@type":"Organization","@id":"https:\/\/bodur.com.tr\/#organization","name":"Bodur Industrial","url":"https:\/\/bodur.com.tr\/","logo":{"@type":"ImageObject","inLanguage":"pl-PL","@id":"https:\/\/bodur.com.tr\/#\/schema\/logo\/image\/","url":"https:\/\/bodur.com.tr\/wp-content\/uploads\/51834268_258721005017375_5556593430731161600_n.jpg","contentUrl":"https:\/\/bodur.com.tr\/wp-content\/uploads\/51834268_258721005017375_5556593430731161600_n.jpg","width":320,"height":320,"caption":"Bodur End\u00fcstriyel"},"image":{"@id":"https:\/\/bodur.com.tr\/#\/schema\/logo\/image\/"},"sameAs":["https:\/\/www.facebook.com\/bodurendustriyel","https:\/\/www.instagram.com\/bodurendustriyel\/","https:\/\/www.youtube.com\/user\/harunbodur"]}]}},"_links":{"self":[{"href":"https:\/\/bodur.com.tr\/pl\/wp-json\/wp\/v2\/pages\/21467","targetHints":{"allow":["GET"]}}],"collection":[{"href":"https:\/\/bodur.com.tr\/pl\/wp-json\/wp\/v2\/pages"}],"about":[{"href":"https:\/\/bodur.com.tr\/pl\/wp-json\/wp\/v2\/types\/page"}],"author":[{"embeddable":true,"href":"https:\/\/bodur.com.tr\/pl\/wp-json\/wp\/v2\/users\/1"}],"replies":[{"embeddable":true,"href":"https:\/\/bodur.com.tr\/pl\/wp-json\/wp\/v2\/comments?post=21467"}],"version-history":[{"count":0,"href":"https:\/\/bodur.com.tr\/pl\/wp-json\/wp\/v2\/pages\/21467\/revisions"}],"wp:attachment":[{"href":"https:\/\/bodur.com.tr\/pl\/wp-json\/wp\/v2\/media?parent=21467"}],"curies":[{"name":"wp","href":"https:\/\/api.w.org\/{rel}","templated":true}]}}