{"id":20687,"date":"2025-04-13T15:31:12","date_gmt":"2025-04-13T12:31:12","guid":{"rendered":"https:\/\/bodur.com.tr\/?post_type=product&#038;p=20687"},"modified":"2025-04-13T15:33:05","modified_gmt":"2025-04-13T12:33:05","slug":"bd-36-16-89-delikli-pano-seti","status":"publish","type":"product","link":"https:\/\/bodur.com.tr\/nn\/urun\/bd-36-16-89-delikli-pano-seti","title":{"rendered":"BD.36.16.89 Delikli Pano Seti"},"content":{"rendered":"<ul>\n<li>Tamamen end\u00fcstriyel kullan\u0131ma uygundur.<\/li>\n<li>\u00dcr\u00fcn\u00fcn t\u00fcm montaj vidalar\u0131 kutusunda gelmektedir.<\/li>\n<li>Vida ve d\u00fcbel ile kolayca istenilen y\u00fczeye monte edilebilmektedir.<\/li>\n<li>T\u00fcm aksesuarlar plastik klips yard\u0131m\u0131yla delikli panoya sabitlenebilmektedir.<\/li>\n<li>Aksesuarlar tek tek olarak da ayr\u0131ca sat\u0131lmaktad\u0131r.<\/li>\n<li>\u00dcr\u00fcnleri tekil olarak da sipari\u015f edebilirsiniz.<\/li>\n<li>Renk se\u00e7ene\u011fi mevcuttur.<\/li>\n<li>Panolar darbelere dayan\u0131kl\u0131 elektrostatik boyal\u0131d\u0131r.<\/li>\n<li>Aksesuarlar galvaniz kaplamal\u0131d\u0131r.<\/li>\n<\/ul>","protected":false},"excerpt":{"rendered":"<ul>\n<li>DKP ve HRP sac malzeme.<\/li>\n<li>Elektrostatik toz boya.<\/li>\n<li>Galvaniz Kaplama<\/li>\n<li>Sanayi Tipi<\/li>\n<li>Komple Metal<\/li>\n<li><strong>Yan\u0131nda standart olarak verilen aksesuarlar ikinci g\u00f6rselde yer almaktad\u0131r.<\/strong><\/li>\n<\/ul>","protected":false},"featured_media":20691,"template":"","meta":[],"product_brand":[],"product_cat":[165],"product_tag":[],"class_list":{"0":"post-20687","1":"product","2":"type-product","3":"status-publish","4":"has-post-thumbnail","6":"product_cat-delikli-pano-setleri","8":"first","9":"instock","10":"shipping-taxable","11":"product-type-simple"},"yoast_head":"<!-- This site is optimized with the Yoast SEO plugin v27.4 - https:\/\/yoast.com\/product\/yoast-seo-wordpress\/ -->\n<title>BD.36.16.89 Delikli Pano Seti<\/title>\n<meta name=\"robots\" content=\"index, follow, max-snippet:-1, max-image-preview:large, max-video-preview:-1\" \/>\n<link rel=\"canonical\" href=\"https:\/\/bodur.com.tr\/nn\/product\/bd-36-16-89-delikli-pano-seti\/\" \/>\n<meta property=\"og:locale\" content=\"nn_NO\" \/>\n<meta property=\"og:type\" content=\"article\" \/>\n<meta property=\"og:title\" content=\"BD.36.16.89 Delikli Pano Seti\" \/>\n<meta property=\"og:description\" content=\"DKP ve HRP sac malzeme.  Elektrostatik toz boya.  Galvaniz Kaplama  Sanayi Tipi  Komple Metal  Yan\u0131nda standart olarak verilen aksesuarlar ikinci g\u00f6rselde yer almaktad\u0131r.\" \/>\n<meta property=\"og:url\" content=\"https:\/\/bodur.com.tr\/nn\/product\/bd-36-16-89-delikli-pano-seti\/\" \/>\n<meta property=\"og:site_name\" content=\"Bodur End\u00fcstriyel\" \/>\n<meta property=\"article:publisher\" content=\"https:\/\/www.facebook.com\/bodurendustriyel\" \/>\n<meta property=\"article:modified_time\" content=\"2025-04-13T12:33:05+00:00\" \/>\n<meta property=\"og:image\" content=\"https:\/\/bodur.com.tr\/wp-content\/uploads\/BD361689_Panolu_set_09_H440xW920_01.jpg\" \/>\n\t<meta property=\"og:image:width\" content=\"2480\" \/>\n\t<meta property=\"og:image:height\" content=\"2480\" \/>\n\t<meta property=\"og:image:type\" content=\"image\/jpeg\" \/>\n<meta name=\"twitter:card\" content=\"summary_large_image\" \/>\n<script type=\"application\/ld+json\" class=\"yoast-schema-graph\">{\"@context\":\"https:\\\/\\\/schema.org\",\"@graph\":[{\"@type\":\"WebPage\",\"@id\":\"https:\\\/\\\/bodur.com.tr\\\/urun\\\/bd-36-16-89-delikli-pano-seti\",\"url\":\"https:\\\/\\\/bodur.com.tr\\\/urun\\\/bd-36-16-89-delikli-pano-seti\",\"name\":\"BD.36.16.89 Delikli Pano Seti\",\"isPartOf\":{\"@id\":\"https:\\\/\\\/bodur.com.tr\\\/#website\"},\"primaryImageOfPage\":{\"@id\":\"https:\\\/\\\/bodur.com.tr\\\/urun\\\/bd-36-16-89-delikli-pano-seti#primaryimage\"},\"image\":{\"@id\":\"https:\\\/\\\/bodur.com.tr\\\/urun\\\/bd-36-16-89-delikli-pano-seti#primaryimage\"},\"thumbnailUrl\":\"https:\\\/\\\/bodur.com.tr\\\/wp-content\\\/uploads\\\/BD361689_Panolu_set_09_H440xW920_01.jpg\",\"datePublished\":\"2025-04-13T12:31:12+00:00\",\"dateModified\":\"2025-04-13T12:33:05+00:00\",\"breadcrumb\":{\"@id\":\"https:\\\/\\\/bodur.com.tr\\\/urun\\\/bd-36-16-89-delikli-pano-seti#breadcrumb\"},\"inLanguage\":\"nn-NO\",\"potentialAction\":[{\"@type\":\"ReadAction\",\"target\":[\"https:\\\/\\\/bodur.com.tr\\\/urun\\\/bd-36-16-89-delikli-pano-seti\"]}]},{\"@type\":\"ImageObject\",\"inLanguage\":\"nn-NO\",\"@id\":\"https:\\\/\\\/bodur.com.tr\\\/urun\\\/bd-36-16-89-delikli-pano-seti#primaryimage\",\"url\":\"https:\\\/\\\/bodur.com.tr\\\/wp-content\\\/uploads\\\/BD361689_Panolu_set_09_H440xW920_01.jpg\",\"contentUrl\":\"https:\\\/\\\/bodur.com.tr\\\/wp-content\\\/uploads\\\/BD361689_Panolu_set_09_H440xW920_01.jpg\",\"width\":2480,\"height\":2480,\"caption\":\"delikli pano seti\"},{\"@type\":\"BreadcrumbList\",\"@id\":\"https:\\\/\\\/bodur.com.tr\\\/urun\\\/bd-36-16-89-delikli-pano-seti#breadcrumb\",\"itemListElement\":[{\"@type\":\"ListItem\",\"position\":1,\"name\":\"Anasayfa\",\"item\":\"https:\\\/\\\/bodur.com.tr\\\/\"},{\"@type\":\"ListItem\",\"position\":2,\"name\":\"\u00dcr\u00fcnler\",\"item\":\"https:\\\/\\\/bodur.com.tr\\\/magaza\"},{\"@type\":\"ListItem\",\"position\":3,\"name\":\"BD.36.16.89 Delikli Pano Seti\"}]},{\"@type\":\"WebSite\",\"@id\":\"https:\\\/\\\/bodur.com.tr\\\/#website\",\"url\":\"https:\\\/\\\/bodur.com.tr\\\/\",\"name\":\"Bodur End\u00fcstriyel\",\"description\":\"\",\"publisher\":{\"@id\":\"https:\\\/\\\/bodur.com.tr\\\/#organization\"},\"potentialAction\":[{\"@type\":\"SearchAction\",\"target\":{\"@type\":\"EntryPoint\",\"urlTemplate\":\"https:\\\/\\\/bodur.com.tr\\\/?s={search_term_string}\"},\"query-input\":{\"@type\":\"PropertyValueSpecification\",\"valueRequired\":true,\"valueName\":\"search_term_string\"}}],\"inLanguage\":\"nn-NO\"},{\"@type\":\"Organization\",\"@id\":\"https:\\\/\\\/bodur.com.tr\\\/#organization\",\"name\":\"Bodur End\u00fcstriyel\",\"url\":\"https:\\\/\\\/bodur.com.tr\\\/\",\"logo\":{\"@type\":\"ImageObject\",\"inLanguage\":\"nn-NO\",\"@id\":\"https:\\\/\\\/bodur.com.tr\\\/#\\\/schema\\\/logo\\\/image\\\/\",\"url\":\"https:\\\/\\\/bodur.com.tr\\\/wp-content\\\/uploads\\\/51834268_258721005017375_5556593430731161600_n.jpg\",\"contentUrl\":\"https:\\\/\\\/bodur.com.tr\\\/wp-content\\\/uploads\\\/51834268_258721005017375_5556593430731161600_n.jpg\",\"width\":320,\"height\":320,\"caption\":\"Bodur End\u00fcstriyel\"},\"image\":{\"@id\":\"https:\\\/\\\/bodur.com.tr\\\/#\\\/schema\\\/logo\\\/image\\\/\"},\"sameAs\":[\"https:\\\/\\\/www.facebook.com\\\/bodurendustriyel\",\"https:\\\/\\\/www.instagram.com\\\/bodurendustriyel\\\/\",\"https:\\\/\\\/www.youtube.com\\\/user\\\/harunbodur\"]}]}<\/script>\n<!-- \/ Yoast SEO plugin. -->","yoast_head_json":{"title":"BD.36.16.89 Delikli Pano Seti","robots":{"index":"index","follow":"follow","max-snippet":"max-snippet:-1","max-image-preview":"max-image-preview:large","max-video-preview":"max-video-preview:-1"},"canonical":"https:\/\/bodur.com.tr\/nn\/product\/bd-36-16-89-delikli-pano-seti\/","og_locale":"nn_NO","og_type":"article","og_title":"BD.36.16.89 Delikli Pano Seti","og_description":"DKP ve HRP sac malzeme.  Elektrostatik toz boya.  Galvaniz Kaplama  Sanayi Tipi  Komple Metal  Yan\u0131nda standart olarak verilen aksesuarlar ikinci g\u00f6rselde yer almaktad\u0131r.","og_url":"https:\/\/bodur.com.tr\/nn\/product\/bd-36-16-89-delikli-pano-seti\/","og_site_name":"Bodur End\u00fcstriyel","article_publisher":"https:\/\/www.facebook.com\/bodurendustriyel","article_modified_time":"2025-04-13T12:33:05+00:00","og_image":[{"width":2480,"height":2480,"url":"https:\/\/bodur.com.tr\/wp-content\/uploads\/BD361689_Panolu_set_09_H440xW920_01.jpg","type":"image\/jpeg"}],"twitter_card":"summary_large_image","schema":{"@context":"https:\/\/schema.org","@graph":[{"@type":"WebPage","@id":"https:\/\/bodur.com.tr\/urun\/bd-36-16-89-delikli-pano-seti","url":"https:\/\/bodur.com.tr\/urun\/bd-36-16-89-delikli-pano-seti","name":"BD.36.16.89 Delikli Pano Seti","isPartOf":{"@id":"https:\/\/bodur.com.tr\/#website"},"primaryImageOfPage":{"@id":"https:\/\/bodur.com.tr\/urun\/bd-36-16-89-delikli-pano-seti#primaryimage"},"image":{"@id":"https:\/\/bodur.com.tr\/urun\/bd-36-16-89-delikli-pano-seti#primaryimage"},"thumbnailUrl":"https:\/\/bodur.com.tr\/wp-content\/uploads\/BD361689_Panolu_set_09_H440xW920_01.jpg","datePublished":"2025-04-13T12:31:12+00:00","dateModified":"2025-04-13T12:33:05+00:00","breadcrumb":{"@id":"https:\/\/bodur.com.tr\/urun\/bd-36-16-89-delikli-pano-seti#breadcrumb"},"inLanguage":"nn-NO","potentialAction":[{"@type":"ReadAction","target":["https:\/\/bodur.com.tr\/urun\/bd-36-16-89-delikli-pano-seti"]}]},{"@type":"ImageObject","inLanguage":"nn-NO","@id":"https:\/\/bodur.com.tr\/urun\/bd-36-16-89-delikli-pano-seti#primaryimage","url":"https:\/\/bodur.com.tr\/wp-content\/uploads\/BD361689_Panolu_set_09_H440xW920_01.jpg","contentUrl":"https:\/\/bodur.com.tr\/wp-content\/uploads\/BD361689_Panolu_set_09_H440xW920_01.jpg","width":2480,"height":2480,"caption":"delikli pano seti"},{"@type":"BreadcrumbList","@id":"https:\/\/bodur.com.tr\/urun\/bd-36-16-89-delikli-pano-seti#breadcrumb","itemListElement":[{"@type":"ListItem","position":1,"name":"Anasayfa","item":"https:\/\/bodur.com.tr\/"},{"@type":"ListItem","position":2,"name":"\u00dcr\u00fcnler","item":"https:\/\/bodur.com.tr\/magaza"},{"@type":"ListItem","position":3,"name":"BD.36.16.89 Delikli Pano Seti"}]},{"@type":"WebSite","@id":"https:\/\/bodur.com.tr\/#website","url":"https:\/\/bodur.com.tr\/","name":"Bodur End\u00fcstriyel","description":"","publisher":{"@id":"https:\/\/bodur.com.tr\/#organization"},"potentialAction":[{"@type":"SearchAction","target":{"@type":"EntryPoint","urlTemplate":"https:\/\/bodur.com.tr\/?s={search_term_string}"},"query-input":{"@type":"PropertyValueSpecification","valueRequired":true,"valueName":"search_term_string"}}],"inLanguage":"nn-NO"},{"@type":"Organization","@id":"https:\/\/bodur.com.tr\/#organization","name":"Bodur End\u00fcstriyel","url":"https:\/\/bodur.com.tr\/","logo":{"@type":"ImageObject","inLanguage":"nn-NO","@id":"https:\/\/bodur.com.tr\/#\/schema\/logo\/image\/","url":"https:\/\/bodur.com.tr\/wp-content\/uploads\/51834268_258721005017375_5556593430731161600_n.jpg","contentUrl":"https:\/\/bodur.com.tr\/wp-content\/uploads\/51834268_258721005017375_5556593430731161600_n.jpg","width":320,"height":320,"caption":"Bodur End\u00fcstriyel"},"image":{"@id":"https:\/\/bodur.com.tr\/#\/schema\/logo\/image\/"},"sameAs":["https:\/\/www.facebook.com\/bodurendustriyel","https:\/\/www.instagram.com\/bodurendustriyel\/","https:\/\/www.youtube.com\/user\/harunbodur"]}]}},"_links":{"self":[{"href":"https:\/\/bodur.com.tr\/nn\/wp-json\/wp\/v2\/product\/20687","targetHints":{"allow":["GET"]}}],"collection":[{"href":"https:\/\/bodur.com.tr\/nn\/wp-json\/wp\/v2\/product"}],"about":[{"href":"https:\/\/bodur.com.tr\/nn\/wp-json\/wp\/v2\/types\/product"}],"wp:featuredmedia":[{"embeddable":true,"href":"https:\/\/bodur.com.tr\/nn\/wp-json\/wp\/v2\/media\/20691"}],"wp:attachment":[{"href":"https:\/\/bodur.com.tr\/nn\/wp-json\/wp\/v2\/media?parent=20687"}],"wp:term":[{"taxonomy":"product_brand","embeddable":true,"href":"https:\/\/bodur.com.tr\/nn\/wp-json\/wp\/v2\/product_brand?post=20687"},{"taxonomy":"product_cat","embeddable":true,"href":"https:\/\/bodur.com.tr\/nn\/wp-json\/wp\/v2\/product_cat?post=20687"},{"taxonomy":"product_tag","embeddable":true,"href":"https:\/\/bodur.com.tr\/nn\/wp-json\/wp\/v2\/product_tag?post=20687"}],"curies":[{"name":"wp","href":"https:\/\/api.w.org\/{rel}","templated":true}]}}