{"id":20284,"date":"2025-03-01T23:23:50","date_gmt":"2025-03-01T20:23:50","guid":{"rendered":"https:\/\/bodur.com.tr\/?post_type=product&#038;p=20284"},"modified":"2025-04-13T14:14:23","modified_gmt":"2025-04-13T11:14:23","slug":"bd-36-19-23-moduler-eczane-unitesi","status":"publish","type":"product","link":"https:\/\/bodur.com.tr\/nn\/urun\/bd-36-19-23-moduler-eczane-unitesi","title":{"rendered":"BD.36.19.23 Mod\u00fcler Eczane \u00dcnitesi"},"content":{"rendered":"<p>Eczaneler ve sa\u011fl\u0131k sekt\u00f6r\u00fc i\u00e7in \u00f6zel olarak tasarlanan <strong>Mod\u00fcler Eczane Raf Sistemi<\/strong>, ila\u00e7 ve sa\u011fl\u0131k \u00fcr\u00fcnlerinin d\u00fczenli, g\u00fcvenli ve eri\u015filebilir \u015fekilde saklanmas\u0131n\u0131 sa\u011flar. <strong>Elektrostatik boyal\u0131 metal<\/strong> yap\u0131s\u0131 sayesinde uzun \u00f6m\u00fcrl\u00fc ve dayan\u0131kl\u0131 bir kullan\u0131m sunar. <strong>\u00d6zelle\u015ftirilebilir mod\u00fcler tasar\u0131m\u0131<\/strong> ile farkl\u0131 depolama ihtiya\u00e7lar\u0131na kolayca uyum sa\u011flar.<\/p>\n<p><strong>Kullan\u0131m Alanlar\u0131:<\/strong><\/p>\n<p>\ud83d\udd39 <strong>Eczaneler<\/strong><br \/>\n\ud83d\udd39 <strong>Hastane depolar\u0131<\/strong><br \/>\n\ud83d\udd39 <strong>T\u0131bbi malzeme depolar\u0131<\/strong><br \/>\n\ud83d\udd39 <strong>Sa\u011fl\u0131k merkezleri<\/strong><\/p>\n<p>Ergonomik tasar\u0131m\u0131 sayesinde, \u00fcst b\u00f6l\u00fcmlerde <strong>e\u011fimli \u00e7ekmeceler<\/strong> kullan\u0131larak kolay eri\u015fim sa\u011flan\u0131r. E\u011fimli raflar\u0131n a\u00e7\u0131s\u0131n\u0131 de\u011fi\u015ftirmek m\u00fcmk\u00fcn olmasa da, her detay i\u015flevsellik ve kullan\u0131m kolayl\u0131\u011f\u0131 g\u00f6z \u00f6n\u00fcnde bulundurularak tasarlanm\u0131\u015ft\u0131r.<\/p>\n<p>Mod\u00fcler Eczane Raf Sistemi, hem pratik hem de g\u00fcvenli bir depolama \u00e7\u00f6z\u00fcm\u00fc sunarak i\u015f ak\u0131\u015f\u0131n\u0131z\u0131 h\u0131zland\u0131r\u0131r ve alan\u0131n\u0131z\u0131 en verimli \u015fekilde kullanman\u0131za yard\u0131mc\u0131 olur.<\/p>","protected":false},"excerpt":{"rendered":"<ul>\n<li>%20 e\u011fimli kayar raf sistemi \u2013 \u00dcr\u00fcnlerin d\u00fczenli bir \u015fekilde yerle\u015ftirilmesini ve kolay eri\u015fimini sa\u011flar.<\/li>\n<li>Yava\u015flat\u0131c\u0131 yay sistemi \u2013 E\u011fimli raflar a\u00e7\u0131ld\u0131\u011f\u0131nda kontroll\u00fc hareket sa\u011flar, g\u00fcvenli kullan\u0131m sunar.<\/li>\n<li>\u015eeffaf kapak sistemi \u2013 \u015eeffaf kapaklar sayesinde ila\u00e7 ayr\u0131m\u0131n\u0131 kolayla\u015ft\u0131r\u0131r.<\/li>\n<li>Mandall\u0131 g\u00fcvenlik sistemi \u2013 E\u011fimli raflar, mandala bas\u0131lmadan a\u00e7\u0131lmaz, b\u00f6ylece olas\u0131 kazalar \u00f6nlenir.<\/li>\n<li>Etiketlik sistemi \u2013 \u00c7ekmecelerin etiketlikleri ile kolayca adresleme yap\u0131labilir.<\/li>\n<li>FIFO (First In, First Out) prensibi \u2013 \u0130lk y\u00fcklenen \u00fcr\u00fcn\u00fcn ilk kullan\u0131lmas\u0131n\u0131 sa\u011flayarak ila\u00e7 ve sa\u011fl\u0131k \u00fcr\u00fcnlerinin raf \u00f6mr\u00fcn\u00fc optimize eder.<\/li>\n<li>Teleskopik rayl\u0131 \u00e7ekmeceler \u2013 Zemine paralel \u00e7al\u0131\u015farak maksimum depolama verimlili\u011fi sunar.<\/li>\n<li>Sessiz ve Ak\u0131c\u0131 Mekanizma \u2013 Sessiz bir ortam gerektiren eczaneler ve sa\u011fl\u0131k merkezleri i\u00e7in \u00f6nemli bir avantajd\u0131r.<\/li>\n<li>Metal g\u00f6vde \u2013 Piyasada bulunan ah\u015fap eczane \u00fcnitelerine k\u0131yasla, olu\u015fabilecek kurtlanma ve b\u00f6ceklenme ihtimalini ortadan kald\u0131r\u0131r.<\/li>\n<li>Modern tasar\u0131m \u2013 \u0130\u00e7 mekana uygun \u015f\u0131k modern tasar\u0131m.<\/li>\n<li>\u00d6zelle\u015ftirilebilir yap\u0131 \u2013 Mod\u00fcler yap\u0131s\u0131 sayesinde bir \u00e7ok konfig\u00fcrasyon olu\u015fturulabilir.<\/li>\n<li>Kolay montaj ve demontaj\u2013 Mod\u00fcler yap\u0131s\u0131n\u0131n getirdi\u011fi h\u0131zl\u0131 kurulum ve ihtiyaca g\u00f6re geni\u015fletilebilirlik avantaj\u0131.<\/li>\n<\/ul>","protected":false},"featured_media":20645,"template":"","meta":[],"product_brand":[],"product_cat":[202],"product_tag":[],"class_list":{"0":"post-20284","1":"product","2":"type-product","3":"status-publish","4":"has-post-thumbnail","6":"product_cat-eczane-raflari","8":"first","9":"instock","10":"shipping-taxable","11":"product-type-simple"},"yoast_head":"<!-- This site is optimized with the Yoast SEO plugin v27.4 - https:\/\/yoast.com\/product\/yoast-seo-wordpress\/ -->\n<title>BD.36.19.23 Mod\u00fcler Eczane \u00dcnitesi<\/title>\n<meta name=\"robots\" content=\"index, follow, max-snippet:-1, max-image-preview:large, max-video-preview:-1\" \/>\n<link rel=\"canonical\" href=\"https:\/\/bodur.com.tr\/nn\/product\/bd-36-19-23-moduler-eczane-unitesi\/\" \/>\n<meta property=\"og:locale\" content=\"nn_NO\" \/>\n<meta property=\"og:type\" content=\"article\" \/>\n<meta property=\"og:title\" content=\"BD.36.19.23 Mod\u00fcler Eczane \u00dcnitesi\" \/>\n<meta property=\"og:description\" content=\"%20 e\u011fimli kayar raf sistemi \u2013 \u00dcr\u00fcnlerin d\u00fczenli bir \u015fekilde yerle\u015ftirilmesini ve kolay eri\u015fimini sa\u011flar.  Yava\u015flat\u0131c\u0131 yay sistemi \u2013 E\u011fimli raflar a\u00e7\u0131ld\u0131\u011f\u0131nda kontroll\u00fc hareket sa\u011flar, g\u00fcvenli kullan\u0131m sunar.  \u015eeffaf kapak sistemi \u2013 \u015eeffaf kapaklar sayesinde ila\u00e7 ayr\u0131m\u0131n\u0131 kolayla\u015ft\u0131r\u0131r.  Mandall\u0131 g\u00fcvenlik sistemi \u2013 E\u011fimli raflar, mandala bas\u0131lmadan a\u00e7\u0131lmaz, b\u00f6ylece olas\u0131 kazalar \u00f6nlenir.  Etiketlik sistemi \u2013 \u00c7ekmecelerin etiketlikleri ile kolayca adresleme yap\u0131labilir.  FIFO (First In, First Out) prensibi \u2013 \u0130lk y\u00fcklenen \u00fcr\u00fcn\u00fcn ilk kullan\u0131lmas\u0131n\u0131 sa\u011flayarak ila\u00e7 ve sa\u011fl\u0131k \u00fcr\u00fcnlerinin raf \u00f6mr\u00fcn\u00fc optimize eder.  Teleskopik rayl\u0131 \u00e7ekmeceler \u2013 Zemine paralel \u00e7al\u0131\u015farak maksimum depolama verimlili\u011fi sunar.  Sessiz ve Ak\u0131c\u0131 Mekanizma \u2013 Sessiz bir ortam gerektiren eczaneler ve sa\u011fl\u0131k merkezleri i\u00e7in \u00f6nemli bir avantajd\u0131r.  Metal g\u00f6vde \u2013 Piyasada bulunan ah\u015fap eczane \u00fcnitelerine k\u0131yasla, olu\u015fabilecek kurtlanma ve b\u00f6ceklenme ihtimalini ortadan kald\u0131r\u0131r.  Modern tasar\u0131m \u2013 \u0130\u00e7 mekana uygun \u015f\u0131k modern tasar\u0131m.  \u00d6zelle\u015ftirilebilir yap\u0131 \u2013 Mod\u00fcler yap\u0131s\u0131 sayesinde bir \u00e7ok konfig\u00fcrasyon olu\u015fturulabilir.  Kolay montaj ve demontaj\u2013 Mod\u00fcler yap\u0131s\u0131n\u0131n getirdi\u011fi h\u0131zl\u0131 kurulum ve ihtiyaca g\u00f6re geni\u015fletilebilirlik avantaj\u0131.\" \/>\n<meta property=\"og:url\" content=\"https:\/\/bodur.com.tr\/nn\/product\/bd-36-19-23-moduler-eczane-unitesi\/\" \/>\n<meta property=\"og:site_name\" content=\"Bodur End\u00fcstriyel\" \/>\n<meta property=\"article:publisher\" content=\"https:\/\/www.facebook.com\/bodurendustriyel\" \/>\n<meta property=\"article:modified_time\" content=\"2025-04-13T11:14:23+00:00\" \/>\n<meta property=\"og:image\" content=\"https:\/\/bodur.com.tr\/wp-content\/uploads\/BD361923_H2030xW4300xD530_01-1.jpg\" \/>\n\t<meta property=\"og:image:width\" content=\"2480\" \/>\n\t<meta property=\"og:image:height\" content=\"2480\" \/>\n\t<meta property=\"og:image:type\" content=\"image\/jpeg\" \/>\n<meta name=\"twitter:card\" content=\"summary_large_image\" \/>\n<script type=\"application\/ld+json\" class=\"yoast-schema-graph\">{\"@context\":\"https:\\\/\\\/schema.org\",\"@graph\":[{\"@type\":\"WebPage\",\"@id\":\"https:\\\/\\\/bodur.com.tr\\\/urun\\\/bd-36-19-23-moduler-eczane-unitesi\",\"url\":\"https:\\\/\\\/bodur.com.tr\\\/urun\\\/bd-36-19-23-moduler-eczane-unitesi\",\"name\":\"BD.36.19.23 Mod\u00fcler Eczane \u00dcnitesi\",\"isPartOf\":{\"@id\":\"https:\\\/\\\/bodur.com.tr\\\/#website\"},\"primaryImageOfPage\":{\"@id\":\"https:\\\/\\\/bodur.com.tr\\\/urun\\\/bd-36-19-23-moduler-eczane-unitesi#primaryimage\"},\"image\":{\"@id\":\"https:\\\/\\\/bodur.com.tr\\\/urun\\\/bd-36-19-23-moduler-eczane-unitesi#primaryimage\"},\"thumbnailUrl\":\"https:\\\/\\\/bodur.com.tr\\\/wp-content\\\/uploads\\\/BD361923_H2030xW4300xD530_01-1.jpg\",\"datePublished\":\"2025-03-01T20:23:50+00:00\",\"dateModified\":\"2025-04-13T11:14:23+00:00\",\"breadcrumb\":{\"@id\":\"https:\\\/\\\/bodur.com.tr\\\/urun\\\/bd-36-19-23-moduler-eczane-unitesi#breadcrumb\"},\"inLanguage\":\"nn-NO\",\"potentialAction\":[{\"@type\":\"ReadAction\",\"target\":[\"https:\\\/\\\/bodur.com.tr\\\/urun\\\/bd-36-19-23-moduler-eczane-unitesi\"]}]},{\"@type\":\"ImageObject\",\"inLanguage\":\"nn-NO\",\"@id\":\"https:\\\/\\\/bodur.com.tr\\\/urun\\\/bd-36-19-23-moduler-eczane-unitesi#primaryimage\",\"url\":\"https:\\\/\\\/bodur.com.tr\\\/wp-content\\\/uploads\\\/BD361923_H2030xW4300xD530_01-1.jpg\",\"contentUrl\":\"https:\\\/\\\/bodur.com.tr\\\/wp-content\\\/uploads\\\/BD361923_H2030xW4300xD530_01-1.jpg\",\"width\":2480,\"height\":2480,\"caption\":\"eczane raf\u0131\"},{\"@type\":\"BreadcrumbList\",\"@id\":\"https:\\\/\\\/bodur.com.tr\\\/urun\\\/bd-36-19-23-moduler-eczane-unitesi#breadcrumb\",\"itemListElement\":[{\"@type\":\"ListItem\",\"position\":1,\"name\":\"Anasayfa\",\"item\":\"https:\\\/\\\/bodur.com.tr\\\/\"},{\"@type\":\"ListItem\",\"position\":2,\"name\":\"\u00dcr\u00fcnler\",\"item\":\"https:\\\/\\\/bodur.com.tr\\\/magaza\"},{\"@type\":\"ListItem\",\"position\":3,\"name\":\"BD.36.19.23 Mod\u00fcler Eczane \u00dcnitesi\"}]},{\"@type\":\"WebSite\",\"@id\":\"https:\\\/\\\/bodur.com.tr\\\/#website\",\"url\":\"https:\\\/\\\/bodur.com.tr\\\/\",\"name\":\"Bodur End\u00fcstriyel\",\"description\":\"\",\"publisher\":{\"@id\":\"https:\\\/\\\/bodur.com.tr\\\/#organization\"},\"potentialAction\":[{\"@type\":\"SearchAction\",\"target\":{\"@type\":\"EntryPoint\",\"urlTemplate\":\"https:\\\/\\\/bodur.com.tr\\\/?s={search_term_string}\"},\"query-input\":{\"@type\":\"PropertyValueSpecification\",\"valueRequired\":true,\"valueName\":\"search_term_string\"}}],\"inLanguage\":\"nn-NO\"},{\"@type\":\"Organization\",\"@id\":\"https:\\\/\\\/bodur.com.tr\\\/#organization\",\"name\":\"Bodur End\u00fcstriyel\",\"url\":\"https:\\\/\\\/bodur.com.tr\\\/\",\"logo\":{\"@type\":\"ImageObject\",\"inLanguage\":\"nn-NO\",\"@id\":\"https:\\\/\\\/bodur.com.tr\\\/#\\\/schema\\\/logo\\\/image\\\/\",\"url\":\"https:\\\/\\\/bodur.com.tr\\\/wp-content\\\/uploads\\\/51834268_258721005017375_5556593430731161600_n.jpg\",\"contentUrl\":\"https:\\\/\\\/bodur.com.tr\\\/wp-content\\\/uploads\\\/51834268_258721005017375_5556593430731161600_n.jpg\",\"width\":320,\"height\":320,\"caption\":\"Bodur End\u00fcstriyel\"},\"image\":{\"@id\":\"https:\\\/\\\/bodur.com.tr\\\/#\\\/schema\\\/logo\\\/image\\\/\"},\"sameAs\":[\"https:\\\/\\\/www.facebook.com\\\/bodurendustriyel\",\"https:\\\/\\\/www.instagram.com\\\/bodurendustriyel\\\/\",\"https:\\\/\\\/www.youtube.com\\\/user\\\/harunbodur\"]}]}<\/script>\n<!-- \/ Yoast SEO plugin. -->","yoast_head_json":{"title":"BD.36.19.23 Mod\u00fcler Eczane \u00dcnitesi","robots":{"index":"index","follow":"follow","max-snippet":"max-snippet:-1","max-image-preview":"max-image-preview:large","max-video-preview":"max-video-preview:-1"},"canonical":"https:\/\/bodur.com.tr\/nn\/product\/bd-36-19-23-moduler-eczane-unitesi\/","og_locale":"nn_NO","og_type":"article","og_title":"BD.36.19.23 Mod\u00fcler Eczane \u00dcnitesi","og_description":"%20 e\u011fimli kayar raf sistemi \u2013 \u00dcr\u00fcnlerin d\u00fczenli bir \u015fekilde yerle\u015ftirilmesini ve kolay eri\u015fimini sa\u011flar.  Yava\u015flat\u0131c\u0131 yay sistemi \u2013 E\u011fimli raflar a\u00e7\u0131ld\u0131\u011f\u0131nda kontroll\u00fc hareket sa\u011flar, g\u00fcvenli kullan\u0131m sunar.  \u015eeffaf kapak sistemi \u2013 \u015eeffaf kapaklar sayesinde ila\u00e7 ayr\u0131m\u0131n\u0131 kolayla\u015ft\u0131r\u0131r.  Mandall\u0131 g\u00fcvenlik sistemi \u2013 E\u011fimli raflar, mandala bas\u0131lmadan a\u00e7\u0131lmaz, b\u00f6ylece olas\u0131 kazalar \u00f6nlenir.  Etiketlik sistemi \u2013 \u00c7ekmecelerin etiketlikleri ile kolayca adresleme yap\u0131labilir.  FIFO (First In, First Out) prensibi \u2013 \u0130lk y\u00fcklenen \u00fcr\u00fcn\u00fcn ilk kullan\u0131lmas\u0131n\u0131 sa\u011flayarak ila\u00e7 ve sa\u011fl\u0131k \u00fcr\u00fcnlerinin raf \u00f6mr\u00fcn\u00fc optimize eder.  Teleskopik rayl\u0131 \u00e7ekmeceler \u2013 Zemine paralel \u00e7al\u0131\u015farak maksimum depolama verimlili\u011fi sunar.  Sessiz ve Ak\u0131c\u0131 Mekanizma \u2013 Sessiz bir ortam gerektiren eczaneler ve sa\u011fl\u0131k merkezleri i\u00e7in \u00f6nemli bir avantajd\u0131r.  Metal g\u00f6vde \u2013 Piyasada bulunan ah\u015fap eczane \u00fcnitelerine k\u0131yasla, olu\u015fabilecek kurtlanma ve b\u00f6ceklenme ihtimalini ortadan kald\u0131r\u0131r.  Modern tasar\u0131m \u2013 \u0130\u00e7 mekana uygun \u015f\u0131k modern tasar\u0131m.  \u00d6zelle\u015ftirilebilir yap\u0131 \u2013 Mod\u00fcler yap\u0131s\u0131 sayesinde bir \u00e7ok konfig\u00fcrasyon olu\u015fturulabilir.  Kolay montaj ve demontaj\u2013 Mod\u00fcler yap\u0131s\u0131n\u0131n getirdi\u011fi h\u0131zl\u0131 kurulum ve ihtiyaca g\u00f6re geni\u015fletilebilirlik avantaj\u0131.","og_url":"https:\/\/bodur.com.tr\/nn\/product\/bd-36-19-23-moduler-eczane-unitesi\/","og_site_name":"Bodur End\u00fcstriyel","article_publisher":"https:\/\/www.facebook.com\/bodurendustriyel","article_modified_time":"2025-04-13T11:14:23+00:00","og_image":[{"width":2480,"height":2480,"url":"https:\/\/bodur.com.tr\/wp-content\/uploads\/BD361923_H2030xW4300xD530_01-1.jpg","type":"image\/jpeg"}],"twitter_card":"summary_large_image","schema":{"@context":"https:\/\/schema.org","@graph":[{"@type":"WebPage","@id":"https:\/\/bodur.com.tr\/urun\/bd-36-19-23-moduler-eczane-unitesi","url":"https:\/\/bodur.com.tr\/urun\/bd-36-19-23-moduler-eczane-unitesi","name":"BD.36.19.23 Mod\u00fcler Eczane \u00dcnitesi","isPartOf":{"@id":"https:\/\/bodur.com.tr\/#website"},"primaryImageOfPage":{"@id":"https:\/\/bodur.com.tr\/urun\/bd-36-19-23-moduler-eczane-unitesi#primaryimage"},"image":{"@id":"https:\/\/bodur.com.tr\/urun\/bd-36-19-23-moduler-eczane-unitesi#primaryimage"},"thumbnailUrl":"https:\/\/bodur.com.tr\/wp-content\/uploads\/BD361923_H2030xW4300xD530_01-1.jpg","datePublished":"2025-03-01T20:23:50+00:00","dateModified":"2025-04-13T11:14:23+00:00","breadcrumb":{"@id":"https:\/\/bodur.com.tr\/urun\/bd-36-19-23-moduler-eczane-unitesi#breadcrumb"},"inLanguage":"nn-NO","potentialAction":[{"@type":"ReadAction","target":["https:\/\/bodur.com.tr\/urun\/bd-36-19-23-moduler-eczane-unitesi"]}]},{"@type":"ImageObject","inLanguage":"nn-NO","@id":"https:\/\/bodur.com.tr\/urun\/bd-36-19-23-moduler-eczane-unitesi#primaryimage","url":"https:\/\/bodur.com.tr\/wp-content\/uploads\/BD361923_H2030xW4300xD530_01-1.jpg","contentUrl":"https:\/\/bodur.com.tr\/wp-content\/uploads\/BD361923_H2030xW4300xD530_01-1.jpg","width":2480,"height":2480,"caption":"eczane raf\u0131"},{"@type":"BreadcrumbList","@id":"https:\/\/bodur.com.tr\/urun\/bd-36-19-23-moduler-eczane-unitesi#breadcrumb","itemListElement":[{"@type":"ListItem","position":1,"name":"Anasayfa","item":"https:\/\/bodur.com.tr\/"},{"@type":"ListItem","position":2,"name":"\u00dcr\u00fcnler","item":"https:\/\/bodur.com.tr\/magaza"},{"@type":"ListItem","position":3,"name":"BD.36.19.23 Mod\u00fcler Eczane \u00dcnitesi"}]},{"@type":"WebSite","@id":"https:\/\/bodur.com.tr\/#website","url":"https:\/\/bodur.com.tr\/","name":"Bodur End\u00fcstriyel","description":"","publisher":{"@id":"https:\/\/bodur.com.tr\/#organization"},"potentialAction":[{"@type":"SearchAction","target":{"@type":"EntryPoint","urlTemplate":"https:\/\/bodur.com.tr\/?s={search_term_string}"},"query-input":{"@type":"PropertyValueSpecification","valueRequired":true,"valueName":"search_term_string"}}],"inLanguage":"nn-NO"},{"@type":"Organization","@id":"https:\/\/bodur.com.tr\/#organization","name":"Bodur End\u00fcstriyel","url":"https:\/\/bodur.com.tr\/","logo":{"@type":"ImageObject","inLanguage":"nn-NO","@id":"https:\/\/bodur.com.tr\/#\/schema\/logo\/image\/","url":"https:\/\/bodur.com.tr\/wp-content\/uploads\/51834268_258721005017375_5556593430731161600_n.jpg","contentUrl":"https:\/\/bodur.com.tr\/wp-content\/uploads\/51834268_258721005017375_5556593430731161600_n.jpg","width":320,"height":320,"caption":"Bodur End\u00fcstriyel"},"image":{"@id":"https:\/\/bodur.com.tr\/#\/schema\/logo\/image\/"},"sameAs":["https:\/\/www.facebook.com\/bodurendustriyel","https:\/\/www.instagram.com\/bodurendustriyel\/","https:\/\/www.youtube.com\/user\/harunbodur"]}]}},"_links":{"self":[{"href":"https:\/\/bodur.com.tr\/nn\/wp-json\/wp\/v2\/product\/20284","targetHints":{"allow":["GET"]}}],"collection":[{"href":"https:\/\/bodur.com.tr\/nn\/wp-json\/wp\/v2\/product"}],"about":[{"href":"https:\/\/bodur.com.tr\/nn\/wp-json\/wp\/v2\/types\/product"}],"wp:featuredmedia":[{"embeddable":true,"href":"https:\/\/bodur.com.tr\/nn\/wp-json\/wp\/v2\/media\/20645"}],"wp:attachment":[{"href":"https:\/\/bodur.com.tr\/nn\/wp-json\/wp\/v2\/media?parent=20284"}],"wp:term":[{"taxonomy":"product_brand","embeddable":true,"href":"https:\/\/bodur.com.tr\/nn\/wp-json\/wp\/v2\/product_brand?post=20284"},{"taxonomy":"product_cat","embeddable":true,"href":"https:\/\/bodur.com.tr\/nn\/wp-json\/wp\/v2\/product_cat?post=20284"},{"taxonomy":"product_tag","embeddable":true,"href":"https:\/\/bodur.com.tr\/nn\/wp-json\/wp\/v2\/product_tag?post=20284"}],"curies":[{"name":"wp","href":"https:\/\/api.w.org\/{rel}","templated":true}]}}