{"id":1283,"date":"2016-06-08T00:00:00","date_gmt":"2016-06-07T21:00:00","guid":{"rendered":"https:\/\/bodur.com.tr\/urun\/5-cekmeceli-takim-arabasi-3"},"modified":"2022-05-06T11:30:28","modified_gmt":"2022-05-06T08:30:28","slug":"5-cekmeceli-takim-arabasi-3","status":"publish","type":"product","link":"https:\/\/bodur.com.tr\/nn\/urun\/5-cekmeceli-takim-arabasi-3","title":{"rendered":"5 \u00c7ekmeceli Tak\u0131m Arabas\u0131 BD.36.44.36"},"content":{"rendered":"<p>[vc_row][vc_column][vc_column_text]<\/p>\n<p style=\"text-align: center;\">5 \u00c7ekmeceli Tak\u0131m Arabas\u0131 BD.36.44.36 a\u011f\u0131r hizmet ortamlar\u0131nda sorunsuz olarak kullan\u0131labilecek \u015fekilde tasarlan\u0131p imal edilmi\u015ftir. Tablalar\u0131 kaymay\u0131 \u00f6nleyen petek tasar\u0131ml\u0131 PVC madde ile kapl\u0131d\u0131r. A\u011f\u0131r y\u00fcklerin \u00fcstesinden gelebilecek sanayi tipi tekerler \u00f6zel olarak tercih edilmi\u015ftir.<\/p>\n<p>[\/vc_column_text][vc_single_image image=&#8221;14936&#8243; img_size=&#8221;full&#8221; alignment=&#8221;center&#8221;][vc_column_text]<\/p>\n<p style=\"text-align: center;\">\u00c7ekmecelerde teleskopik ray kullan\u0131lm\u0131\u015f ve \u00e7ekmecelerin sa\u011flaml\u0131\u011f\u0131 artt\u0131r\u0131lm\u0131\u015ft\u0131r.<\/p>\n<p>[\/vc_column_text][vc_single_image image=&#8221;14937&#8243; img_size=&#8221;full&#8221; alignment=&#8221;center&#8221;][vc_column_text]<\/p>\n<p style=\"text-align: center;\">Tak\u0131m Arabalar\u0131m\u0131zda y\u00fcksek boya dayan\u0131kl\u0131l\u0131\u011f\u0131 i\u00e7in boyadan \u00f6nce fosfatlama i\u015flemi uygulanmakta olup, darbe ve \u00e7izilmelere kar\u015f\u0131 en y\u00fcksek dayan\u0131kl\u0131l\u0131\u011f\u0131 sa\u011flamak i\u00e7in p\u00fct\u00fcrl\u00fc toz boya kullan\u0131lmaktad\u0131r.<\/p>\n<p>[\/vc_column_text][vc_single_image image=&#8221;14528&#8243; img_size=&#8221;medium&#8221; alignment=&#8221;center&#8221;][vc_column_text]<\/p>\n<p style=\"text-align: center;\">\u00dcretimimiz olan t\u00fcm \u00fcr\u00fcnlerde 2 y\u0131l boyunca \u00fcretici garantisi ve yedek par\u00e7a deste\u011fi sunulmaktad\u0131r.<\/p>\n<p>[\/vc_column_text][\/vc_column][\/vc_row]<\/p>\n","protected":false},"excerpt":{"rendered":"<p><strong>\u00dcr\u00fcn\u00fcn Teknik \u00d6zellikleri:<\/strong><\/p>\n<ul>\n<li>H860xW1140xD600 mm boyutlar\u0131nda.<\/li>\n<li>Aksesuarlar hari\u00e7 86 kg.<\/li>\n<li>DKP ve HRP sac malzeme. (0,80 &#8211; 1,20 mm )<\/li>\n<li>Elektrostatik toz boya.<\/li>\n<li>RAL5015 (Mavi) ve RAL7016 (Koyu gri)\u00a0 (De\u011fi\u015ftirilebilir)<\/li>\n<li>W1140xD600 mm\u00a0tabla \u00f6l\u00e7\u00fcs\u00fc<\/li>\n<li>Tabla\u00a030 mm Ham MDF + 2,50 mm PVC kaplamal\u0131d\u0131r.<\/li>\n<li>Orta sanayi tipi tekerlek tak\u0131m\u0131 (R100) (2 adet frenli, 2 adet sabit)<\/li>\n<\/ul>\n<p><strong>\u00c7ekmece \u00d6l\u00e7\u00fcleri:<\/strong><\/p>\n<ul>\n<li>3\u00a0adet 100&#8217;l\u00fck \u00e7ekmece (i\u00e7 \u00f6l\u00e7\u00fc: H70xW465xD470mm<\/li>\n<li>2\u00a0adet 150&#8217;lik \u00e7ekmece (i\u00e7 \u00f6l\u00e7\u00fc: H120xW465xD470mm)<\/li>\n<li>1 adet ayarl\u0131\u00a0raf\u00a0(i\u00e7 \u00f6l\u00e7\u00fc: H30xW506xD560mm)<\/li>\n<\/ul>","protected":false},"featured_media":1284,"template":"","meta":[],"product_brand":[],"product_cat":[20],"product_tag":[],"class_list":{"0":"post-1283","1":"product","2":"type-product","3":"status-publish","4":"has-post-thumbnail","6":"product_cat-takim-arabalari","8":"first","9":"instock","10":"shipping-taxable","11":"product-type-simple"},"yoast_head":"<!-- This site is optimized with the Yoast SEO plugin v27.4 - https:\/\/yoast.com\/product\/yoast-seo-wordpress\/ -->\n<title>5 \u00c7ekmeceli Tak\u0131m Arabas\u0131 BD.36.44.36<\/title>\n<meta name=\"robots\" content=\"index, follow, max-snippet:-1, max-image-preview:large, max-video-preview:-1\" \/>\n<link rel=\"canonical\" href=\"https:\/\/bodur.com.tr\/nn\/product\/5-cekmeceli-takim-arabasi-3\/\" \/>\n<meta property=\"og:locale\" content=\"nn_NO\" \/>\n<meta property=\"og:type\" content=\"article\" \/>\n<meta property=\"og:title\" content=\"5 \u00c7ekmeceli Tak\u0131m Arabas\u0131 BD.36.44.36\" \/>\n<meta property=\"og:description\" content=\"\u00dcr\u00fcn\u00fcn Teknik \u00d6zellikleri:   H860xW1140xD600 mm boyutlar\u0131nda.  Aksesuarlar hari\u00e7 86 kg.  DKP ve HRP sac malzeme. (0,80 - 1,20 mm )  Elektrostatik toz boya.  RAL5015 (Mavi) ve RAL7016 (Koyu gri)\u00a0 (De\u011fi\u015ftirilebilir)  W1140xD600 mm\u00a0tabla \u00f6l\u00e7\u00fcs\u00fc  Tabla\u00a030 mm Ham MDF + 2,50 mm PVC kaplamal\u0131d\u0131r.  Orta sanayi tipi tekerlek tak\u0131m\u0131 (R100) (2 adet frenli, 2 adet sabit)  \u00c7ekmece \u00d6l\u00e7\u00fcleri:   3\u00a0adet 100&#039;l\u00fck \u00e7ekmece (i\u00e7 \u00f6l\u00e7\u00fc: H70xW465xD470mm  2\u00a0adet 150&#039;lik \u00e7ekmece (i\u00e7 \u00f6l\u00e7\u00fc: H120xW465xD470mm)  1 adet ayarl\u0131\u00a0raf\u00a0(i\u00e7 \u00f6l\u00e7\u00fc: H30xW506xD560mm)\" \/>\n<meta property=\"og:url\" content=\"https:\/\/bodur.com.tr\/nn\/product\/5-cekmeceli-takim-arabasi-3\/\" \/>\n<meta property=\"og:site_name\" content=\"Bodur End\u00fcstriyel\" \/>\n<meta property=\"article:publisher\" content=\"https:\/\/www.facebook.com\/bodurendustriyel\" \/>\n<meta property=\"article:modified_time\" content=\"2022-05-06T08:30:28+00:00\" \/>\n<meta property=\"og:image\" content=\"https:\/\/bodur.com.tr\/wp-content\/uploads\/BD364436_01.jpg\" \/>\n\t<meta property=\"og:image:width\" content=\"1240\" \/>\n\t<meta property=\"og:image:height\" content=\"1240\" \/>\n\t<meta property=\"og:image:type\" content=\"image\/jpeg\" \/>\n<meta name=\"twitter:card\" content=\"summary_large_image\" \/>\n<script type=\"application\/ld+json\" class=\"yoast-schema-graph\">{\"@context\":\"https:\\\/\\\/schema.org\",\"@graph\":[{\"@type\":\"WebPage\",\"@id\":\"https:\\\/\\\/bodur.com.tr\\\/urun\\\/5-cekmeceli-takim-arabasi-3\",\"url\":\"https:\\\/\\\/bodur.com.tr\\\/urun\\\/5-cekmeceli-takim-arabasi-3\",\"name\":\"5 \u00c7ekmeceli Tak\u0131m Arabas\u0131 BD.36.44.36\",\"isPartOf\":{\"@id\":\"https:\\\/\\\/bodur.com.tr\\\/#website\"},\"primaryImageOfPage\":{\"@id\":\"https:\\\/\\\/bodur.com.tr\\\/urun\\\/5-cekmeceli-takim-arabasi-3#primaryimage\"},\"image\":{\"@id\":\"https:\\\/\\\/bodur.com.tr\\\/urun\\\/5-cekmeceli-takim-arabasi-3#primaryimage\"},\"thumbnailUrl\":\"https:\\\/\\\/bodur.com.tr\\\/wp-content\\\/uploads\\\/BD364436_01.jpg\",\"datePublished\":\"2016-06-07T21:00:00+00:00\",\"dateModified\":\"2022-05-06T08:30:28+00:00\",\"breadcrumb\":{\"@id\":\"https:\\\/\\\/bodur.com.tr\\\/urun\\\/5-cekmeceli-takim-arabasi-3#breadcrumb\"},\"inLanguage\":\"nn-NO\",\"potentialAction\":[{\"@type\":\"ReadAction\",\"target\":[\"https:\\\/\\\/bodur.com.tr\\\/urun\\\/5-cekmeceli-takim-arabasi-3\"]}]},{\"@type\":\"ImageObject\",\"inLanguage\":\"nn-NO\",\"@id\":\"https:\\\/\\\/bodur.com.tr\\\/urun\\\/5-cekmeceli-takim-arabasi-3#primaryimage\",\"url\":\"https:\\\/\\\/bodur.com.tr\\\/wp-content\\\/uploads\\\/BD364436_01.jpg\",\"contentUrl\":\"https:\\\/\\\/bodur.com.tr\\\/wp-content\\\/uploads\\\/BD364436_01.jpg\",\"width\":1240,\"height\":1240},{\"@type\":\"BreadcrumbList\",\"@id\":\"https:\\\/\\\/bodur.com.tr\\\/urun\\\/5-cekmeceli-takim-arabasi-3#breadcrumb\",\"itemListElement\":[{\"@type\":\"ListItem\",\"position\":1,\"name\":\"Anasayfa\",\"item\":\"https:\\\/\\\/bodur.com.tr\\\/\"},{\"@type\":\"ListItem\",\"position\":2,\"name\":\"\u00dcr\u00fcnler\",\"item\":\"https:\\\/\\\/bodur.com.tr\\\/magaza\"},{\"@type\":\"ListItem\",\"position\":3,\"name\":\"5 \u00c7ekmeceli Tak\u0131m Arabas\u0131 BD.36.44.36\"}]},{\"@type\":\"WebSite\",\"@id\":\"https:\\\/\\\/bodur.com.tr\\\/#website\",\"url\":\"https:\\\/\\\/bodur.com.tr\\\/\",\"name\":\"Bodur End\u00fcstriyel\",\"description\":\"\",\"publisher\":{\"@id\":\"https:\\\/\\\/bodur.com.tr\\\/#organization\"},\"potentialAction\":[{\"@type\":\"SearchAction\",\"target\":{\"@type\":\"EntryPoint\",\"urlTemplate\":\"https:\\\/\\\/bodur.com.tr\\\/?s={search_term_string}\"},\"query-input\":{\"@type\":\"PropertyValueSpecification\",\"valueRequired\":true,\"valueName\":\"search_term_string\"}}],\"inLanguage\":\"nn-NO\"},{\"@type\":\"Organization\",\"@id\":\"https:\\\/\\\/bodur.com.tr\\\/#organization\",\"name\":\"Bodur End\u00fcstriyel\",\"url\":\"https:\\\/\\\/bodur.com.tr\\\/\",\"logo\":{\"@type\":\"ImageObject\",\"inLanguage\":\"nn-NO\",\"@id\":\"https:\\\/\\\/bodur.com.tr\\\/#\\\/schema\\\/logo\\\/image\\\/\",\"url\":\"https:\\\/\\\/bodur.com.tr\\\/wp-content\\\/uploads\\\/51834268_258721005017375_5556593430731161600_n.jpg\",\"contentUrl\":\"https:\\\/\\\/bodur.com.tr\\\/wp-content\\\/uploads\\\/51834268_258721005017375_5556593430731161600_n.jpg\",\"width\":320,\"height\":320,\"caption\":\"Bodur End\u00fcstriyel\"},\"image\":{\"@id\":\"https:\\\/\\\/bodur.com.tr\\\/#\\\/schema\\\/logo\\\/image\\\/\"},\"sameAs\":[\"https:\\\/\\\/www.facebook.com\\\/bodurendustriyel\",\"https:\\\/\\\/www.instagram.com\\\/bodurendustriyel\\\/\",\"https:\\\/\\\/www.youtube.com\\\/user\\\/harunbodur\"]}]}<\/script>\n<!-- \/ Yoast SEO plugin. -->","yoast_head_json":{"title":"5 \u00c7ekmeceli Tak\u0131m Arabas\u0131 BD.36.44.36","robots":{"index":"index","follow":"follow","max-snippet":"max-snippet:-1","max-image-preview":"max-image-preview:large","max-video-preview":"max-video-preview:-1"},"canonical":"https:\/\/bodur.com.tr\/nn\/product\/5-cekmeceli-takim-arabasi-3\/","og_locale":"nn_NO","og_type":"article","og_title":"5 \u00c7ekmeceli Tak\u0131m Arabas\u0131 BD.36.44.36","og_description":"\u00dcr\u00fcn\u00fcn Teknik \u00d6zellikleri:   H860xW1140xD600 mm boyutlar\u0131nda.  Aksesuarlar hari\u00e7 86 kg.  DKP ve HRP sac malzeme. (0,80 - 1,20 mm )  Elektrostatik toz boya.  RAL5015 (Mavi) ve RAL7016 (Koyu gri)\u00a0 (De\u011fi\u015ftirilebilir)  W1140xD600 mm\u00a0tabla \u00f6l\u00e7\u00fcs\u00fc  Tabla\u00a030 mm Ham MDF + 2,50 mm PVC kaplamal\u0131d\u0131r.  Orta sanayi tipi tekerlek tak\u0131m\u0131 (R100) (2 adet frenli, 2 adet sabit)  \u00c7ekmece \u00d6l\u00e7\u00fcleri:   3\u00a0adet 100'l\u00fck \u00e7ekmece (i\u00e7 \u00f6l\u00e7\u00fc: H70xW465xD470mm  2\u00a0adet 150'lik \u00e7ekmece (i\u00e7 \u00f6l\u00e7\u00fc: H120xW465xD470mm)  1 adet ayarl\u0131\u00a0raf\u00a0(i\u00e7 \u00f6l\u00e7\u00fc: H30xW506xD560mm)","og_url":"https:\/\/bodur.com.tr\/nn\/product\/5-cekmeceli-takim-arabasi-3\/","og_site_name":"Bodur End\u00fcstriyel","article_publisher":"https:\/\/www.facebook.com\/bodurendustriyel","article_modified_time":"2022-05-06T08:30:28+00:00","og_image":[{"width":1240,"height":1240,"url":"https:\/\/bodur.com.tr\/wp-content\/uploads\/BD364436_01.jpg","type":"image\/jpeg"}],"twitter_card":"summary_large_image","schema":{"@context":"https:\/\/schema.org","@graph":[{"@type":"WebPage","@id":"https:\/\/bodur.com.tr\/urun\/5-cekmeceli-takim-arabasi-3","url":"https:\/\/bodur.com.tr\/urun\/5-cekmeceli-takim-arabasi-3","name":"5 \u00c7ekmeceli Tak\u0131m Arabas\u0131 BD.36.44.36","isPartOf":{"@id":"https:\/\/bodur.com.tr\/#website"},"primaryImageOfPage":{"@id":"https:\/\/bodur.com.tr\/urun\/5-cekmeceli-takim-arabasi-3#primaryimage"},"image":{"@id":"https:\/\/bodur.com.tr\/urun\/5-cekmeceli-takim-arabasi-3#primaryimage"},"thumbnailUrl":"https:\/\/bodur.com.tr\/wp-content\/uploads\/BD364436_01.jpg","datePublished":"2016-06-07T21:00:00+00:00","dateModified":"2022-05-06T08:30:28+00:00","breadcrumb":{"@id":"https:\/\/bodur.com.tr\/urun\/5-cekmeceli-takim-arabasi-3#breadcrumb"},"inLanguage":"nn-NO","potentialAction":[{"@type":"ReadAction","target":["https:\/\/bodur.com.tr\/urun\/5-cekmeceli-takim-arabasi-3"]}]},{"@type":"ImageObject","inLanguage":"nn-NO","@id":"https:\/\/bodur.com.tr\/urun\/5-cekmeceli-takim-arabasi-3#primaryimage","url":"https:\/\/bodur.com.tr\/wp-content\/uploads\/BD364436_01.jpg","contentUrl":"https:\/\/bodur.com.tr\/wp-content\/uploads\/BD364436_01.jpg","width":1240,"height":1240},{"@type":"BreadcrumbList","@id":"https:\/\/bodur.com.tr\/urun\/5-cekmeceli-takim-arabasi-3#breadcrumb","itemListElement":[{"@type":"ListItem","position":1,"name":"Anasayfa","item":"https:\/\/bodur.com.tr\/"},{"@type":"ListItem","position":2,"name":"\u00dcr\u00fcnler","item":"https:\/\/bodur.com.tr\/magaza"},{"@type":"ListItem","position":3,"name":"5 \u00c7ekmeceli Tak\u0131m Arabas\u0131 BD.36.44.36"}]},{"@type":"WebSite","@id":"https:\/\/bodur.com.tr\/#website","url":"https:\/\/bodur.com.tr\/","name":"Bodur End\u00fcstriyel","description":"","publisher":{"@id":"https:\/\/bodur.com.tr\/#organization"},"potentialAction":[{"@type":"SearchAction","target":{"@type":"EntryPoint","urlTemplate":"https:\/\/bodur.com.tr\/?s={search_term_string}"},"query-input":{"@type":"PropertyValueSpecification","valueRequired":true,"valueName":"search_term_string"}}],"inLanguage":"nn-NO"},{"@type":"Organization","@id":"https:\/\/bodur.com.tr\/#organization","name":"Bodur End\u00fcstriyel","url":"https:\/\/bodur.com.tr\/","logo":{"@type":"ImageObject","inLanguage":"nn-NO","@id":"https:\/\/bodur.com.tr\/#\/schema\/logo\/image\/","url":"https:\/\/bodur.com.tr\/wp-content\/uploads\/51834268_258721005017375_5556593430731161600_n.jpg","contentUrl":"https:\/\/bodur.com.tr\/wp-content\/uploads\/51834268_258721005017375_5556593430731161600_n.jpg","width":320,"height":320,"caption":"Bodur End\u00fcstriyel"},"image":{"@id":"https:\/\/bodur.com.tr\/#\/schema\/logo\/image\/"},"sameAs":["https:\/\/www.facebook.com\/bodurendustriyel","https:\/\/www.instagram.com\/bodurendustriyel\/","https:\/\/www.youtube.com\/user\/harunbodur"]}]}},"_links":{"self":[{"href":"https:\/\/bodur.com.tr\/nn\/wp-json\/wp\/v2\/product\/1283","targetHints":{"allow":["GET"]}}],"collection":[{"href":"https:\/\/bodur.com.tr\/nn\/wp-json\/wp\/v2\/product"}],"about":[{"href":"https:\/\/bodur.com.tr\/nn\/wp-json\/wp\/v2\/types\/product"}],"wp:featuredmedia":[{"embeddable":true,"href":"https:\/\/bodur.com.tr\/nn\/wp-json\/wp\/v2\/media\/1284"}],"wp:attachment":[{"href":"https:\/\/bodur.com.tr\/nn\/wp-json\/wp\/v2\/media?parent=1283"}],"wp:term":[{"taxonomy":"product_brand","embeddable":true,"href":"https:\/\/bodur.com.tr\/nn\/wp-json\/wp\/v2\/product_brand?post=1283"},{"taxonomy":"product_cat","embeddable":true,"href":"https:\/\/bodur.com.tr\/nn\/wp-json\/wp\/v2\/product_cat?post=1283"},{"taxonomy":"product_tag","embeddable":true,"href":"https:\/\/bodur.com.tr\/nn\/wp-json\/wp\/v2\/product_tag?post=1283"}],"curies":[{"name":"wp","href":"https:\/\/api.w.org\/{rel}","templated":true}]}}