{"id":1112,"date":"2014-08-29T00:00:00","date_gmt":"2014-08-28T21:00:00","guid":{"rendered":"https:\/\/bodur.com.tr\/urun\/dortlu-soyunma-dolabi"},"modified":"2022-05-13T19:59:33","modified_gmt":"2022-05-13T16:59:33","slug":"dortlu-soyunma-dolabi","status":"publish","type":"product","link":"https:\/\/bodur.com.tr\/nn\/urun\/dortlu-soyunma-dolabi","title":{"rendered":"D\u00f6rtl\u00fc Soyunma Dolab\u0131 BD.21.52.82"},"content":{"rendered":"<ul>\n<li>B\u00fct\u00fcn \u00fcr\u00fcnler elektrostatik toz boya ile kaplanmaktad\u0131r.<\/li>\n<li>Darbe ve \u00e7izilmelere kar\u015f\u0131 en y\u00fcksek dayan\u0131kl\u0131l\u0131\u011f\u0131 sa\u011flamak i\u00e7in p\u00fct\u00fcrl\u00fc toz boya kullan\u0131lmaktad\u0131r.<\/li>\n<li>0,70 mm kal\u0131nl\u0131\u011f\u0131nda sacdan\u00a0imal edilmektedir.<\/li>\n<li>Gizli mente\u015fe kullan\u0131lmaktad\u0131r.<\/li>\n<li>Kapaklarda takviye sac\u0131 kullan\u0131lmaktad\u0131r.<\/li>\n<li>Kapaklarda dolap i\u00e7inde hava dola\u015f\u0131m\u0131n\u0131 sa\u011flamak i\u00e7in havaland\u0131rma panjurlar\u0131 bulunmaktad\u0131r.<\/li>\n<li>Kapaklarda isimlik mevcuttur.<\/li>\n<li>Her b\u00f6lmede 4&#8217;er adet ask\u0131 kancas\u0131 bulunmaktad\u0131r.<\/li>\n<li>Mandall\u0131 kilit kullan\u0131lmaktad\u0131r.(Asma kilit tak\u0131labilir\u00a0&#8211; Kelebek)<\/li>\n<\/ul>","protected":false},"excerpt":{"rendered":"<ul>\n<li>H2000xW800xD400 mm boyutlar\u0131nda.<\/li>\n<li>Toplam a\u011f\u0131rl\u0131k 45,00 kg.<\/li>\n<li>Elektrostatik toz boya.<\/li>\n<li>Standart RAL7035 (A\u00e7\u0131k gri) &#8211; Opsiyoneldir<\/li>\n<li>Mandall\u0131 kilit<\/li>\n<li>0,70 mm sac kal\u0131nl\u0131\u011f\u0131<\/li>\n<\/ul>","protected":false},"featured_media":1113,"template":"","meta":[],"product_brand":[],"product_cat":[23],"product_tag":[],"class_list":{"0":"post-1112","1":"product","2":"type-product","3":"status-publish","4":"has-post-thumbnail","6":"product_cat-soyunma-dolaplari","8":"first","9":"instock","10":"shipping-taxable","11":"product-type-simple"},"yoast_head":"<!-- This site is optimized with the Yoast SEO plugin v27.4 - https:\/\/yoast.com\/product\/yoast-seo-wordpress\/ -->\n<title>D\u00f6rtl\u00fc Soyunma Dolab\u0131 BD.21.52.82<\/title>\n<meta name=\"robots\" content=\"index, follow, max-snippet:-1, max-image-preview:large, max-video-preview:-1\" \/>\n<link rel=\"canonical\" href=\"https:\/\/bodur.com.tr\/nn\/product\/dortlu-soyunma-dolabi\/\" \/>\n<meta property=\"og:locale\" content=\"nn_NO\" \/>\n<meta property=\"og:type\" content=\"article\" \/>\n<meta property=\"og:title\" content=\"D\u00f6rtl\u00fc Soyunma Dolab\u0131 BD.21.52.82\" \/>\n<meta property=\"og:description\" content=\"H2000xW800xD400 mm boyutlar\u0131nda.  Toplam a\u011f\u0131rl\u0131k 45,00 kg.  Elektrostatik toz boya.  Standart RAL7035 (A\u00e7\u0131k gri) - Opsiyoneldir  Mandall\u0131 kilit  0,70 mm sac kal\u0131nl\u0131\u011f\u0131\" \/>\n<meta property=\"og:url\" content=\"https:\/\/bodur.com.tr\/nn\/product\/dortlu-soyunma-dolabi\/\" \/>\n<meta property=\"og:site_name\" content=\"Bodur End\u00fcstriyel\" \/>\n<meta property=\"article:publisher\" content=\"https:\/\/www.facebook.com\/bodurendustriyel\" \/>\n<meta property=\"article:modified_time\" content=\"2022-05-13T16:59:33+00:00\" \/>\n<meta property=\"og:image\" content=\"https:\/\/bodur.com.tr\/wp-content\/uploads\/BT215282_001.jpg\" \/>\n\t<meta property=\"og:image:width\" content=\"800\" \/>\n\t<meta property=\"og:image:height\" content=\"800\" \/>\n\t<meta property=\"og:image:type\" content=\"image\/jpeg\" \/>\n<meta name=\"twitter:card\" content=\"summary_large_image\" \/>\n<script type=\"application\/ld+json\" class=\"yoast-schema-graph\">{\"@context\":\"https:\\\/\\\/schema.org\",\"@graph\":[{\"@type\":\"WebPage\",\"@id\":\"https:\\\/\\\/bodur.com.tr\\\/urun\\\/dortlu-soyunma-dolabi\",\"url\":\"https:\\\/\\\/bodur.com.tr\\\/urun\\\/dortlu-soyunma-dolabi\",\"name\":\"D\u00f6rtl\u00fc Soyunma Dolab\u0131 BD.21.52.82\",\"isPartOf\":{\"@id\":\"https:\\\/\\\/bodur.com.tr\\\/#website\"},\"primaryImageOfPage\":{\"@id\":\"https:\\\/\\\/bodur.com.tr\\\/urun\\\/dortlu-soyunma-dolabi#primaryimage\"},\"image\":{\"@id\":\"https:\\\/\\\/bodur.com.tr\\\/urun\\\/dortlu-soyunma-dolabi#primaryimage\"},\"thumbnailUrl\":\"https:\\\/\\\/bodur.com.tr\\\/wp-content\\\/uploads\\\/BT215282_001.jpg\",\"datePublished\":\"2014-08-28T21:00:00+00:00\",\"dateModified\":\"2022-05-13T16:59:33+00:00\",\"breadcrumb\":{\"@id\":\"https:\\\/\\\/bodur.com.tr\\\/urun\\\/dortlu-soyunma-dolabi#breadcrumb\"},\"inLanguage\":\"nn-NO\",\"potentialAction\":[{\"@type\":\"ReadAction\",\"target\":[\"https:\\\/\\\/bodur.com.tr\\\/urun\\\/dortlu-soyunma-dolabi\"]}]},{\"@type\":\"ImageObject\",\"inLanguage\":\"nn-NO\",\"@id\":\"https:\\\/\\\/bodur.com.tr\\\/urun\\\/dortlu-soyunma-dolabi#primaryimage\",\"url\":\"https:\\\/\\\/bodur.com.tr\\\/wp-content\\\/uploads\\\/BT215282_001.jpg\",\"contentUrl\":\"https:\\\/\\\/bodur.com.tr\\\/wp-content\\\/uploads\\\/BT215282_001.jpg\",\"width\":800,\"height\":800},{\"@type\":\"BreadcrumbList\",\"@id\":\"https:\\\/\\\/bodur.com.tr\\\/urun\\\/dortlu-soyunma-dolabi#breadcrumb\",\"itemListElement\":[{\"@type\":\"ListItem\",\"position\":1,\"name\":\"Anasayfa\",\"item\":\"https:\\\/\\\/bodur.com.tr\\\/\"},{\"@type\":\"ListItem\",\"position\":2,\"name\":\"\u00dcr\u00fcnler\",\"item\":\"https:\\\/\\\/bodur.com.tr\\\/magaza\"},{\"@type\":\"ListItem\",\"position\":3,\"name\":\"D\u00f6rtl\u00fc Soyunma Dolab\u0131 BD.21.52.82\"}]},{\"@type\":\"WebSite\",\"@id\":\"https:\\\/\\\/bodur.com.tr\\\/#website\",\"url\":\"https:\\\/\\\/bodur.com.tr\\\/\",\"name\":\"Bodur End\u00fcstriyel\",\"description\":\"\",\"publisher\":{\"@id\":\"https:\\\/\\\/bodur.com.tr\\\/#organization\"},\"potentialAction\":[{\"@type\":\"SearchAction\",\"target\":{\"@type\":\"EntryPoint\",\"urlTemplate\":\"https:\\\/\\\/bodur.com.tr\\\/?s={search_term_string}\"},\"query-input\":{\"@type\":\"PropertyValueSpecification\",\"valueRequired\":true,\"valueName\":\"search_term_string\"}}],\"inLanguage\":\"nn-NO\"},{\"@type\":\"Organization\",\"@id\":\"https:\\\/\\\/bodur.com.tr\\\/#organization\",\"name\":\"Bodur End\u00fcstriyel\",\"url\":\"https:\\\/\\\/bodur.com.tr\\\/\",\"logo\":{\"@type\":\"ImageObject\",\"inLanguage\":\"nn-NO\",\"@id\":\"https:\\\/\\\/bodur.com.tr\\\/#\\\/schema\\\/logo\\\/image\\\/\",\"url\":\"https:\\\/\\\/bodur.com.tr\\\/wp-content\\\/uploads\\\/51834268_258721005017375_5556593430731161600_n.jpg\",\"contentUrl\":\"https:\\\/\\\/bodur.com.tr\\\/wp-content\\\/uploads\\\/51834268_258721005017375_5556593430731161600_n.jpg\",\"width\":320,\"height\":320,\"caption\":\"Bodur End\u00fcstriyel\"},\"image\":{\"@id\":\"https:\\\/\\\/bodur.com.tr\\\/#\\\/schema\\\/logo\\\/image\\\/\"},\"sameAs\":[\"https:\\\/\\\/www.facebook.com\\\/bodurendustriyel\",\"https:\\\/\\\/www.instagram.com\\\/bodurendustriyel\\\/\",\"https:\\\/\\\/www.youtube.com\\\/user\\\/harunbodur\"]}]}<\/script>\n<!-- \/ Yoast SEO plugin. -->","yoast_head_json":{"title":"D\u00f6rtl\u00fc Soyunma Dolab\u0131 BD.21.52.82","robots":{"index":"index","follow":"follow","max-snippet":"max-snippet:-1","max-image-preview":"max-image-preview:large","max-video-preview":"max-video-preview:-1"},"canonical":"https:\/\/bodur.com.tr\/nn\/product\/dortlu-soyunma-dolabi\/","og_locale":"nn_NO","og_type":"article","og_title":"D\u00f6rtl\u00fc Soyunma Dolab\u0131 BD.21.52.82","og_description":"H2000xW800xD400 mm boyutlar\u0131nda.  Toplam a\u011f\u0131rl\u0131k 45,00 kg.  Elektrostatik toz boya.  Standart RAL7035 (A\u00e7\u0131k gri) - Opsiyoneldir  Mandall\u0131 kilit  0,70 mm sac kal\u0131nl\u0131\u011f\u0131","og_url":"https:\/\/bodur.com.tr\/nn\/product\/dortlu-soyunma-dolabi\/","og_site_name":"Bodur End\u00fcstriyel","article_publisher":"https:\/\/www.facebook.com\/bodurendustriyel","article_modified_time":"2022-05-13T16:59:33+00:00","og_image":[{"width":800,"height":800,"url":"https:\/\/bodur.com.tr\/wp-content\/uploads\/BT215282_001.jpg","type":"image\/jpeg"}],"twitter_card":"summary_large_image","schema":{"@context":"https:\/\/schema.org","@graph":[{"@type":"WebPage","@id":"https:\/\/bodur.com.tr\/urun\/dortlu-soyunma-dolabi","url":"https:\/\/bodur.com.tr\/urun\/dortlu-soyunma-dolabi","name":"D\u00f6rtl\u00fc Soyunma Dolab\u0131 BD.21.52.82","isPartOf":{"@id":"https:\/\/bodur.com.tr\/#website"},"primaryImageOfPage":{"@id":"https:\/\/bodur.com.tr\/urun\/dortlu-soyunma-dolabi#primaryimage"},"image":{"@id":"https:\/\/bodur.com.tr\/urun\/dortlu-soyunma-dolabi#primaryimage"},"thumbnailUrl":"https:\/\/bodur.com.tr\/wp-content\/uploads\/BT215282_001.jpg","datePublished":"2014-08-28T21:00:00+00:00","dateModified":"2022-05-13T16:59:33+00:00","breadcrumb":{"@id":"https:\/\/bodur.com.tr\/urun\/dortlu-soyunma-dolabi#breadcrumb"},"inLanguage":"nn-NO","potentialAction":[{"@type":"ReadAction","target":["https:\/\/bodur.com.tr\/urun\/dortlu-soyunma-dolabi"]}]},{"@type":"ImageObject","inLanguage":"nn-NO","@id":"https:\/\/bodur.com.tr\/urun\/dortlu-soyunma-dolabi#primaryimage","url":"https:\/\/bodur.com.tr\/wp-content\/uploads\/BT215282_001.jpg","contentUrl":"https:\/\/bodur.com.tr\/wp-content\/uploads\/BT215282_001.jpg","width":800,"height":800},{"@type":"BreadcrumbList","@id":"https:\/\/bodur.com.tr\/urun\/dortlu-soyunma-dolabi#breadcrumb","itemListElement":[{"@type":"ListItem","position":1,"name":"Anasayfa","item":"https:\/\/bodur.com.tr\/"},{"@type":"ListItem","position":2,"name":"\u00dcr\u00fcnler","item":"https:\/\/bodur.com.tr\/magaza"},{"@type":"ListItem","position":3,"name":"D\u00f6rtl\u00fc Soyunma Dolab\u0131 BD.21.52.82"}]},{"@type":"WebSite","@id":"https:\/\/bodur.com.tr\/#website","url":"https:\/\/bodur.com.tr\/","name":"Bodur End\u00fcstriyel","description":"","publisher":{"@id":"https:\/\/bodur.com.tr\/#organization"},"potentialAction":[{"@type":"SearchAction","target":{"@type":"EntryPoint","urlTemplate":"https:\/\/bodur.com.tr\/?s={search_term_string}"},"query-input":{"@type":"PropertyValueSpecification","valueRequired":true,"valueName":"search_term_string"}}],"inLanguage":"nn-NO"},{"@type":"Organization","@id":"https:\/\/bodur.com.tr\/#organization","name":"Bodur End\u00fcstriyel","url":"https:\/\/bodur.com.tr\/","logo":{"@type":"ImageObject","inLanguage":"nn-NO","@id":"https:\/\/bodur.com.tr\/#\/schema\/logo\/image\/","url":"https:\/\/bodur.com.tr\/wp-content\/uploads\/51834268_258721005017375_5556593430731161600_n.jpg","contentUrl":"https:\/\/bodur.com.tr\/wp-content\/uploads\/51834268_258721005017375_5556593430731161600_n.jpg","width":320,"height":320,"caption":"Bodur End\u00fcstriyel"},"image":{"@id":"https:\/\/bodur.com.tr\/#\/schema\/logo\/image\/"},"sameAs":["https:\/\/www.facebook.com\/bodurendustriyel","https:\/\/www.instagram.com\/bodurendustriyel\/","https:\/\/www.youtube.com\/user\/harunbodur"]}]}},"_links":{"self":[{"href":"https:\/\/bodur.com.tr\/nn\/wp-json\/wp\/v2\/product\/1112","targetHints":{"allow":["GET"]}}],"collection":[{"href":"https:\/\/bodur.com.tr\/nn\/wp-json\/wp\/v2\/product"}],"about":[{"href":"https:\/\/bodur.com.tr\/nn\/wp-json\/wp\/v2\/types\/product"}],"wp:featuredmedia":[{"embeddable":true,"href":"https:\/\/bodur.com.tr\/nn\/wp-json\/wp\/v2\/media\/1113"}],"wp:attachment":[{"href":"https:\/\/bodur.com.tr\/nn\/wp-json\/wp\/v2\/media?parent=1112"}],"wp:term":[{"taxonomy":"product_brand","embeddable":true,"href":"https:\/\/bodur.com.tr\/nn\/wp-json\/wp\/v2\/product_brand?post=1112"},{"taxonomy":"product_cat","embeddable":true,"href":"https:\/\/bodur.com.tr\/nn\/wp-json\/wp\/v2\/product_cat?post=1112"},{"taxonomy":"product_tag","embeddable":true,"href":"https:\/\/bodur.com.tr\/nn\/wp-json\/wp\/v2\/product_tag?post=1112"}],"curies":[{"name":"wp","href":"https:\/\/api.w.org\/{rel}","templated":true}]}}