{"id":1087,"date":"2014-08-28T00:00:00","date_gmt":"2014-08-27T21:00:00","guid":{"rendered":"https:\/\/bodur.com.tr\/urun\/orta-sanayi-tipi-tekerler-100luk"},"modified":"2014-08-28T00:00:00","modified_gmt":"2014-08-27T21:00:00","slug":"orta-sanayi-tipi-tekerler-100luk","status":"publish","type":"product","link":"https:\/\/bodur.com.tr\/nn\/urun\/orta-sanayi-tipi-tekerler-100luk","title":{"rendered":"Orta Sanayi Tipi Tekerler (100&#8217;l\u00fck)"},"content":{"rendered":"","protected":false},"excerpt":{"rendered":"<p><strong>Genel \u00f6zellikler :<\/strong><\/p>\n<ul>\n<li>Tekerlek \u00c7ap\u0131 : 100 mm<\/li>\n<li>\u00d6nlerde 2 adet Tekeri ve makaray\u0131 kitleyen fren sistemli<\/li>\n<li>Arkalarda 2 adet sabit ve frensiz<\/li>\n<li>Preslenmi\u015f sac g\u00f6vdeli<\/li>\n<li>Beyaz \u00e7inko kaplamal\u0131<\/li>\n<li>\u00c7ift s\u0131ra dizme tane bilyal\u0131<\/li>\n<li>Tabla ba\u011flant\u0131l\u0131<\/li>\n<li>Teker g\u00f6vdesi poliproplen<\/li>\n<li>Teker s\u0131rt\u0131 lastik kaplama<\/li>\n<li>Silindirik masura rulman yataklamal\u0131<\/li>\n<li>Oynak ma\u015fal\u0131 rulet<\/li>\n<\/ul>","protected":false},"featured_media":1040,"template":"","meta":[],"product_brand":[],"product_cat":[32],"product_tag":[],"class_list":{"0":"post-1087","1":"product","2":"type-product","3":"status-publish","4":"has-post-thumbnail","6":"product_cat-bilgisayar-kabini-aksesuarlari","8":"first","9":"instock","10":"shipping-taxable","11":"product-type-simple"},"yoast_head":"<!-- This site is optimized with the Yoast SEO plugin v27.4 - https:\/\/yoast.com\/product\/yoast-seo-wordpress\/ -->\n<title>Orta Sanayi Tipi Tekerler (100&#039;l\u00fck)<\/title>\n<meta name=\"robots\" content=\"index, follow, max-snippet:-1, max-image-preview:large, max-video-preview:-1\" \/>\n<link rel=\"canonical\" href=\"https:\/\/bodur.com.tr\/nn\/product\/orta-sanayi-tipi-tekerler-100luk\/\" \/>\n<meta property=\"og:locale\" content=\"nn_NO\" \/>\n<meta property=\"og:type\" content=\"article\" \/>\n<meta property=\"og:title\" content=\"Orta Sanayi Tipi Tekerler (100&#039;l\u00fck)\" \/>\n<meta property=\"og:description\" content=\"Genel \u00f6zellikler :  Tekerlek \u00c7ap\u0131 : 100 mm \u00d6nlerde 2 adet Tekeri ve makaray\u0131 kitleyen fren sistemli Arkalarda 2 adet sabit ve frensiz Preslenmi\u015f sac g\u00f6vdeli Beyaz \u00e7inko kaplamal\u0131 \u00c7ift s\u0131ra dizme tane bilyal\u0131 Tabla ba\u011flant\u0131l\u0131 Teker g\u00f6vdesi poliproplen Teker s\u0131rt\u0131 lastik kaplama Silindirik masura rulman yataklamal\u0131 Oynak ma\u015fal\u0131 rulet\" \/>\n<meta property=\"og:url\" content=\"https:\/\/bodur.com.tr\/nn\/product\/orta-sanayi-tipi-tekerler-100luk\/\" \/>\n<meta property=\"og:site_name\" content=\"Bodur End\u00fcstriyel\" \/>\n<meta property=\"article:publisher\" content=\"https:\/\/www.facebook.com\/bodurendustriyel\" \/>\n<meta property=\"og:image\" content=\"https:\/\/bodur.com.tr\/wp-content\/uploads\/orta-sanayi-tipi-teker-1.jpg\" \/>\n\t<meta property=\"og:image:width\" content=\"500\" \/>\n\t<meta property=\"og:image:height\" content=\"500\" \/>\n\t<meta property=\"og:image:type\" content=\"image\/jpeg\" \/>\n<meta name=\"twitter:card\" content=\"summary_large_image\" \/>\n<script type=\"application\/ld+json\" class=\"yoast-schema-graph\">{\"@context\":\"https:\\\/\\\/schema.org\",\"@graph\":[{\"@type\":\"WebPage\",\"@id\":\"https:\\\/\\\/bodur.com.tr\\\/urun\\\/orta-sanayi-tipi-tekerler-100luk\",\"url\":\"https:\\\/\\\/bodur.com.tr\\\/urun\\\/orta-sanayi-tipi-tekerler-100luk\",\"name\":\"Orta Sanayi Tipi Tekerler (100'l\u00fck)\",\"isPartOf\":{\"@id\":\"https:\\\/\\\/bodur.com.tr\\\/#website\"},\"primaryImageOfPage\":{\"@id\":\"https:\\\/\\\/bodur.com.tr\\\/urun\\\/orta-sanayi-tipi-tekerler-100luk#primaryimage\"},\"image\":{\"@id\":\"https:\\\/\\\/bodur.com.tr\\\/urun\\\/orta-sanayi-tipi-tekerler-100luk#primaryimage\"},\"thumbnailUrl\":\"https:\\\/\\\/bodur.com.tr\\\/wp-content\\\/uploads\\\/orta-sanayi-tipi-teker-1.jpg\",\"datePublished\":\"2014-08-27T21:00:00+00:00\",\"breadcrumb\":{\"@id\":\"https:\\\/\\\/bodur.com.tr\\\/urun\\\/orta-sanayi-tipi-tekerler-100luk#breadcrumb\"},\"inLanguage\":\"nn-NO\",\"potentialAction\":[{\"@type\":\"ReadAction\",\"target\":[\"https:\\\/\\\/bodur.com.tr\\\/urun\\\/orta-sanayi-tipi-tekerler-100luk\"]}]},{\"@type\":\"ImageObject\",\"inLanguage\":\"nn-NO\",\"@id\":\"https:\\\/\\\/bodur.com.tr\\\/urun\\\/orta-sanayi-tipi-tekerler-100luk#primaryimage\",\"url\":\"https:\\\/\\\/bodur.com.tr\\\/wp-content\\\/uploads\\\/orta-sanayi-tipi-teker-1.jpg\",\"contentUrl\":\"https:\\\/\\\/bodur.com.tr\\\/wp-content\\\/uploads\\\/orta-sanayi-tipi-teker-1.jpg\",\"width\":500,\"height\":500,\"caption\":\"sanayi tipi teker\"},{\"@type\":\"BreadcrumbList\",\"@id\":\"https:\\\/\\\/bodur.com.tr\\\/urun\\\/orta-sanayi-tipi-tekerler-100luk#breadcrumb\",\"itemListElement\":[{\"@type\":\"ListItem\",\"position\":1,\"name\":\"Anasayfa\",\"item\":\"https:\\\/\\\/bodur.com.tr\\\/\"},{\"@type\":\"ListItem\",\"position\":2,\"name\":\"\u00dcr\u00fcnler\",\"item\":\"https:\\\/\\\/bodur.com.tr\\\/magaza\"},{\"@type\":\"ListItem\",\"position\":3,\"name\":\"Orta Sanayi Tipi Tekerler (100&#8217;l\u00fck)\"}]},{\"@type\":\"WebSite\",\"@id\":\"https:\\\/\\\/bodur.com.tr\\\/#website\",\"url\":\"https:\\\/\\\/bodur.com.tr\\\/\",\"name\":\"Bodur End\u00fcstriyel\",\"description\":\"\",\"publisher\":{\"@id\":\"https:\\\/\\\/bodur.com.tr\\\/#organization\"},\"potentialAction\":[{\"@type\":\"SearchAction\",\"target\":{\"@type\":\"EntryPoint\",\"urlTemplate\":\"https:\\\/\\\/bodur.com.tr\\\/?s={search_term_string}\"},\"query-input\":{\"@type\":\"PropertyValueSpecification\",\"valueRequired\":true,\"valueName\":\"search_term_string\"}}],\"inLanguage\":\"nn-NO\"},{\"@type\":\"Organization\",\"@id\":\"https:\\\/\\\/bodur.com.tr\\\/#organization\",\"name\":\"Bodur End\u00fcstriyel\",\"url\":\"https:\\\/\\\/bodur.com.tr\\\/\",\"logo\":{\"@type\":\"ImageObject\",\"inLanguage\":\"nn-NO\",\"@id\":\"https:\\\/\\\/bodur.com.tr\\\/#\\\/schema\\\/logo\\\/image\\\/\",\"url\":\"https:\\\/\\\/bodur.com.tr\\\/wp-content\\\/uploads\\\/51834268_258721005017375_5556593430731161600_n.jpg\",\"contentUrl\":\"https:\\\/\\\/bodur.com.tr\\\/wp-content\\\/uploads\\\/51834268_258721005017375_5556593430731161600_n.jpg\",\"width\":320,\"height\":320,\"caption\":\"Bodur End\u00fcstriyel\"},\"image\":{\"@id\":\"https:\\\/\\\/bodur.com.tr\\\/#\\\/schema\\\/logo\\\/image\\\/\"},\"sameAs\":[\"https:\\\/\\\/www.facebook.com\\\/bodurendustriyel\",\"https:\\\/\\\/www.instagram.com\\\/bodurendustriyel\\\/\",\"https:\\\/\\\/www.youtube.com\\\/user\\\/harunbodur\"]}]}<\/script>\n<!-- \/ Yoast SEO plugin. -->","yoast_head_json":{"title":"Orta Sanayi Tipi Tekerler (100'l\u00fck)","robots":{"index":"index","follow":"follow","max-snippet":"max-snippet:-1","max-image-preview":"max-image-preview:large","max-video-preview":"max-video-preview:-1"},"canonical":"https:\/\/bodur.com.tr\/nn\/product\/orta-sanayi-tipi-tekerler-100luk\/","og_locale":"nn_NO","og_type":"article","og_title":"Orta Sanayi Tipi Tekerler (100'l\u00fck)","og_description":"Genel \u00f6zellikler :  Tekerlek \u00c7ap\u0131 : 100 mm \u00d6nlerde 2 adet Tekeri ve makaray\u0131 kitleyen fren sistemli Arkalarda 2 adet sabit ve frensiz Preslenmi\u015f sac g\u00f6vdeli Beyaz \u00e7inko kaplamal\u0131 \u00c7ift s\u0131ra dizme tane bilyal\u0131 Tabla ba\u011flant\u0131l\u0131 Teker g\u00f6vdesi poliproplen Teker s\u0131rt\u0131 lastik kaplama Silindirik masura rulman yataklamal\u0131 Oynak ma\u015fal\u0131 rulet","og_url":"https:\/\/bodur.com.tr\/nn\/product\/orta-sanayi-tipi-tekerler-100luk\/","og_site_name":"Bodur End\u00fcstriyel","article_publisher":"https:\/\/www.facebook.com\/bodurendustriyel","og_image":[{"width":500,"height":500,"url":"https:\/\/bodur.com.tr\/wp-content\/uploads\/orta-sanayi-tipi-teker-1.jpg","type":"image\/jpeg"}],"twitter_card":"summary_large_image","schema":{"@context":"https:\/\/schema.org","@graph":[{"@type":"WebPage","@id":"https:\/\/bodur.com.tr\/urun\/orta-sanayi-tipi-tekerler-100luk","url":"https:\/\/bodur.com.tr\/urun\/orta-sanayi-tipi-tekerler-100luk","name":"Orta Sanayi Tipi Tekerler (100'l\u00fck)","isPartOf":{"@id":"https:\/\/bodur.com.tr\/#website"},"primaryImageOfPage":{"@id":"https:\/\/bodur.com.tr\/urun\/orta-sanayi-tipi-tekerler-100luk#primaryimage"},"image":{"@id":"https:\/\/bodur.com.tr\/urun\/orta-sanayi-tipi-tekerler-100luk#primaryimage"},"thumbnailUrl":"https:\/\/bodur.com.tr\/wp-content\/uploads\/orta-sanayi-tipi-teker-1.jpg","datePublished":"2014-08-27T21:00:00+00:00","breadcrumb":{"@id":"https:\/\/bodur.com.tr\/urun\/orta-sanayi-tipi-tekerler-100luk#breadcrumb"},"inLanguage":"nn-NO","potentialAction":[{"@type":"ReadAction","target":["https:\/\/bodur.com.tr\/urun\/orta-sanayi-tipi-tekerler-100luk"]}]},{"@type":"ImageObject","inLanguage":"nn-NO","@id":"https:\/\/bodur.com.tr\/urun\/orta-sanayi-tipi-tekerler-100luk#primaryimage","url":"https:\/\/bodur.com.tr\/wp-content\/uploads\/orta-sanayi-tipi-teker-1.jpg","contentUrl":"https:\/\/bodur.com.tr\/wp-content\/uploads\/orta-sanayi-tipi-teker-1.jpg","width":500,"height":500,"caption":"sanayi tipi teker"},{"@type":"BreadcrumbList","@id":"https:\/\/bodur.com.tr\/urun\/orta-sanayi-tipi-tekerler-100luk#breadcrumb","itemListElement":[{"@type":"ListItem","position":1,"name":"Anasayfa","item":"https:\/\/bodur.com.tr\/"},{"@type":"ListItem","position":2,"name":"\u00dcr\u00fcnler","item":"https:\/\/bodur.com.tr\/magaza"},{"@type":"ListItem","position":3,"name":"Orta Sanayi Tipi Tekerler (100&#8217;l\u00fck)"}]},{"@type":"WebSite","@id":"https:\/\/bodur.com.tr\/#website","url":"https:\/\/bodur.com.tr\/","name":"Bodur End\u00fcstriyel","description":"","publisher":{"@id":"https:\/\/bodur.com.tr\/#organization"},"potentialAction":[{"@type":"SearchAction","target":{"@type":"EntryPoint","urlTemplate":"https:\/\/bodur.com.tr\/?s={search_term_string}"},"query-input":{"@type":"PropertyValueSpecification","valueRequired":true,"valueName":"search_term_string"}}],"inLanguage":"nn-NO"},{"@type":"Organization","@id":"https:\/\/bodur.com.tr\/#organization","name":"Bodur End\u00fcstriyel","url":"https:\/\/bodur.com.tr\/","logo":{"@type":"ImageObject","inLanguage":"nn-NO","@id":"https:\/\/bodur.com.tr\/#\/schema\/logo\/image\/","url":"https:\/\/bodur.com.tr\/wp-content\/uploads\/51834268_258721005017375_5556593430731161600_n.jpg","contentUrl":"https:\/\/bodur.com.tr\/wp-content\/uploads\/51834268_258721005017375_5556593430731161600_n.jpg","width":320,"height":320,"caption":"Bodur End\u00fcstriyel"},"image":{"@id":"https:\/\/bodur.com.tr\/#\/schema\/logo\/image\/"},"sameAs":["https:\/\/www.facebook.com\/bodurendustriyel","https:\/\/www.instagram.com\/bodurendustriyel\/","https:\/\/www.youtube.com\/user\/harunbodur"]}]}},"_links":{"self":[{"href":"https:\/\/bodur.com.tr\/nn\/wp-json\/wp\/v2\/product\/1087","targetHints":{"allow":["GET"]}}],"collection":[{"href":"https:\/\/bodur.com.tr\/nn\/wp-json\/wp\/v2\/product"}],"about":[{"href":"https:\/\/bodur.com.tr\/nn\/wp-json\/wp\/v2\/types\/product"}],"wp:featuredmedia":[{"embeddable":true,"href":"https:\/\/bodur.com.tr\/nn\/wp-json\/wp\/v2\/media\/1040"}],"wp:attachment":[{"href":"https:\/\/bodur.com.tr\/nn\/wp-json\/wp\/v2\/media?parent=1087"}],"wp:term":[{"taxonomy":"product_brand","embeddable":true,"href":"https:\/\/bodur.com.tr\/nn\/wp-json\/wp\/v2\/product_brand?post=1087"},{"taxonomy":"product_cat","embeddable":true,"href":"https:\/\/bodur.com.tr\/nn\/wp-json\/wp\/v2\/product_cat?post=1087"},{"taxonomy":"product_tag","embeddable":true,"href":"https:\/\/bodur.com.tr\/nn\/wp-json\/wp\/v2\/product_tag?post=1087"}],"curies":[{"name":"wp","href":"https:\/\/api.w.org\/{rel}","templated":true}]}}