{"id":1067,"date":"2014-08-28T00:00:00","date_gmt":"2014-08-27T21:00:00","guid":{"rendered":"https:\/\/bodur.com.tr\/urun\/bilgisayar-dolabi"},"modified":"2025-09-24T09:22:25","modified_gmt":"2025-09-24T06:22:25","slug":"bilgisayar-dolabi","status":"publish","type":"product","link":"https:\/\/bodur.com.tr\/nn\/urun\/bilgisayar-dolabi","title":{"rendered":"Bilgisayar Dolab\u0131 BD.36.34.35"},"content":{"rendered":"<ul>\n<li>0,80 mm DKP sac malzeme.<\/li>\n<li>H1600xW620xD570 mm \u00f6l\u00e7\u00fclerinde.<\/li>\n<li>Elektrostatik Toz Boya (E\/P)<\/li>\n<li>G\u00fcm\u00fc\u015f Gri (RAL 7001) &#8211; renk opsiyonu.<\/li>\n<li>Silindir Kilit (\u00e7ift anahtarl\u0131)<\/li>\n<li>14-21 inch CRT monit\u00f6rler i\u00e7in uygundur<\/li>\n<\/ul>","protected":false},"excerpt":{"rendered":"<ul>\n<li>Komple kaynakl\u0131 g\u00fc\u00e7l\u00fc ve dayan\u0131kl\u0131 g\u00f6vde<\/li>\n<li>H1600xW620xD570 mm \u00f6l\u00e7\u00fclerinde.<\/li>\n<li>End\u00fcstriyel kullan\u0131m i\u00e7in uygundur.<\/li>\n<li>Toz, nem ve darbelere kar\u015f\u0131 dayan\u0131kl\u0131d\u0131r.<\/li>\n<li>Tam g\u00fcvenlik i\u00e7in t\u00fcm \u00e7ekmece ve kapaklar kilitlidir<\/li>\n<li>\u00c7ekmecelerde tam a\u00e7\u0131l\u0131ml\u0131 (teleskopik) sanayi tipi raylar kullan\u0131lmaktad\u0131r.<\/li>\n<li>\u00c7ekmece i\u00e7inde klavye koyulabilmesi i\u00e7in tabla mevcuttur.<\/li>\n<li>Havaland\u0131rma menfezleri vard\u0131r.<\/li>\n<li>Monit\u00f6r kapa\u011f\u0131 k\u0131r\u0131lmaz 3 mm \u015feffaf plexiglass malzemeden yap\u0131lm\u0131\u015ft\u0131r.<\/li>\n<li>Muhtelif yerlerde kapakl\u0131 kablo ge\u00e7i\u015f kanallar\u0131 mevcuttur.<\/li>\n<li>Monit\u00f6r kapa\u011f\u0131 kayar kapakl\u0131d\u0131r.<\/li>\n<li>Akseuarlar kolayca s\u00f6k\u00fcl\u00fcp tak\u0131labilir \u00f6zelliktedir.<\/li>\n<\/ul>","protected":false},"featured_media":41031,"template":"","meta":[],"product_brand":[],"product_cat":[26],"product_tag":[],"class_list":{"0":"post-1067","1":"product","2":"type-product","3":"status-publish","4":"has-post-thumbnail","6":"product_cat-bilgisayar-kabinleri","8":"first","9":"instock","10":"shipping-taxable","11":"product-type-simple"},"yoast_head":"<!-- This site is optimized with the Yoast SEO plugin v27.4 - https:\/\/yoast.com\/product\/yoast-seo-wordpress\/ -->\n<title>Bilgisayar Dolab\u0131 BD.36.34.35<\/title>\n<meta name=\"robots\" content=\"index, follow, max-snippet:-1, max-image-preview:large, max-video-preview:-1\" \/>\n<link rel=\"canonical\" href=\"https:\/\/bodur.com.tr\/nn\/product\/bilgisayar-dolabi\/\" \/>\n<meta property=\"og:locale\" content=\"nn_NO\" \/>\n<meta property=\"og:type\" content=\"article\" \/>\n<meta property=\"og:title\" content=\"Bilgisayar Dolab\u0131 BD.36.34.35\" \/>\n<meta property=\"og:description\" content=\"Komple kaynakl\u0131 g\u00fc\u00e7l\u00fc ve dayan\u0131kl\u0131 g\u00f6vde  H1600xW620xD570 mm \u00f6l\u00e7\u00fclerinde.  End\u00fcstriyel kullan\u0131m i\u00e7in uygundur.  Toz, nem ve darbelere kar\u015f\u0131 dayan\u0131kl\u0131d\u0131r.  Tam g\u00fcvenlik i\u00e7in t\u00fcm \u00e7ekmece ve kapaklar kilitlidir  \u00c7ekmecelerde tam a\u00e7\u0131l\u0131ml\u0131 (teleskopik) sanayi tipi raylar kullan\u0131lmaktad\u0131r.  \u00c7ekmece i\u00e7inde klavye koyulabilmesi i\u00e7in tabla mevcuttur.  Havaland\u0131rma menfezleri vard\u0131r.  Monit\u00f6r kapa\u011f\u0131 k\u0131r\u0131lmaz 3 mm \u015feffaf plexiglass malzemeden yap\u0131lm\u0131\u015ft\u0131r.  Muhtelif yerlerde kapakl\u0131 kablo ge\u00e7i\u015f kanallar\u0131 mevcuttur.  Monit\u00f6r kapa\u011f\u0131 kayar kapakl\u0131d\u0131r.  Akseuarlar kolayca s\u00f6k\u00fcl\u00fcp tak\u0131labilir \u00f6zelliktedir.\" \/>\n<meta property=\"og:url\" content=\"https:\/\/bodur.com.tr\/nn\/product\/bilgisayar-dolabi\/\" \/>\n<meta property=\"og:site_name\" content=\"Bodur End\u00fcstriyel\" \/>\n<meta property=\"article:publisher\" content=\"https:\/\/www.facebook.com\/bodurendustriyel\" \/>\n<meta property=\"article:modified_time\" content=\"2025-09-24T06:22:25+00:00\" \/>\n<meta property=\"og:image\" content=\"https:\/\/bodur.com.tr\/wp-content\/uploads\/BD363435_Bilgisayar_Kabini_H1600xW620xD570_01.jpg\" \/>\n\t<meta property=\"og:image:width\" content=\"2480\" \/>\n\t<meta property=\"og:image:height\" content=\"2480\" \/>\n\t<meta property=\"og:image:type\" content=\"image\/jpeg\" \/>\n<meta name=\"twitter:card\" content=\"summary_large_image\" \/>\n<script type=\"application\/ld+json\" class=\"yoast-schema-graph\">{\"@context\":\"https:\\\/\\\/schema.org\",\"@graph\":[{\"@type\":\"WebPage\",\"@id\":\"https:\\\/\\\/bodur.com.tr\\\/urun\\\/bilgisayar-dolabi\",\"url\":\"https:\\\/\\\/bodur.com.tr\\\/urun\\\/bilgisayar-dolabi\",\"name\":\"Bilgisayar Dolab\u0131 BD.36.34.35\",\"isPartOf\":{\"@id\":\"https:\\\/\\\/bodur.com.tr\\\/#website\"},\"primaryImageOfPage\":{\"@id\":\"https:\\\/\\\/bodur.com.tr\\\/urun\\\/bilgisayar-dolabi#primaryimage\"},\"image\":{\"@id\":\"https:\\\/\\\/bodur.com.tr\\\/urun\\\/bilgisayar-dolabi#primaryimage\"},\"thumbnailUrl\":\"https:\\\/\\\/bodur.com.tr\\\/wp-content\\\/uploads\\\/BD363435_Bilgisayar_Kabini_H1600xW620xD570_01.jpg\",\"datePublished\":\"2014-08-27T21:00:00+00:00\",\"dateModified\":\"2025-09-24T06:22:25+00:00\",\"breadcrumb\":{\"@id\":\"https:\\\/\\\/bodur.com.tr\\\/urun\\\/bilgisayar-dolabi#breadcrumb\"},\"inLanguage\":\"nn-NO\",\"potentialAction\":[{\"@type\":\"ReadAction\",\"target\":[\"https:\\\/\\\/bodur.com.tr\\\/urun\\\/bilgisayar-dolabi\"]}]},{\"@type\":\"ImageObject\",\"inLanguage\":\"nn-NO\",\"@id\":\"https:\\\/\\\/bodur.com.tr\\\/urun\\\/bilgisayar-dolabi#primaryimage\",\"url\":\"https:\\\/\\\/bodur.com.tr\\\/wp-content\\\/uploads\\\/BD363435_Bilgisayar_Kabini_H1600xW620xD570_01.jpg\",\"contentUrl\":\"https:\\\/\\\/bodur.com.tr\\\/wp-content\\\/uploads\\\/BD363435_Bilgisayar_Kabini_H1600xW620xD570_01.jpg\",\"width\":2480,\"height\":2480,\"caption\":\"BD363435_Bilgisayar_Kabini_(H1600xW620xD570)_01\"},{\"@type\":\"BreadcrumbList\",\"@id\":\"https:\\\/\\\/bodur.com.tr\\\/urun\\\/bilgisayar-dolabi#breadcrumb\",\"itemListElement\":[{\"@type\":\"ListItem\",\"position\":1,\"name\":\"Anasayfa\",\"item\":\"https:\\\/\\\/bodur.com.tr\\\/\"},{\"@type\":\"ListItem\",\"position\":2,\"name\":\"\u00dcr\u00fcnler\",\"item\":\"https:\\\/\\\/bodur.com.tr\\\/magaza\"},{\"@type\":\"ListItem\",\"position\":3,\"name\":\"Bilgisayar Dolab\u0131 BD.36.34.35\"}]},{\"@type\":\"WebSite\",\"@id\":\"https:\\\/\\\/bodur.com.tr\\\/#website\",\"url\":\"https:\\\/\\\/bodur.com.tr\\\/\",\"name\":\"Bodur End\u00fcstriyel\",\"description\":\"\",\"publisher\":{\"@id\":\"https:\\\/\\\/bodur.com.tr\\\/#organization\"},\"potentialAction\":[{\"@type\":\"SearchAction\",\"target\":{\"@type\":\"EntryPoint\",\"urlTemplate\":\"https:\\\/\\\/bodur.com.tr\\\/?s={search_term_string}\"},\"query-input\":{\"@type\":\"PropertyValueSpecification\",\"valueRequired\":true,\"valueName\":\"search_term_string\"}}],\"inLanguage\":\"nn-NO\"},{\"@type\":\"Organization\",\"@id\":\"https:\\\/\\\/bodur.com.tr\\\/#organization\",\"name\":\"Bodur End\u00fcstriyel\",\"url\":\"https:\\\/\\\/bodur.com.tr\\\/\",\"logo\":{\"@type\":\"ImageObject\",\"inLanguage\":\"nn-NO\",\"@id\":\"https:\\\/\\\/bodur.com.tr\\\/#\\\/schema\\\/logo\\\/image\\\/\",\"url\":\"https:\\\/\\\/bodur.com.tr\\\/wp-content\\\/uploads\\\/51834268_258721005017375_5556593430731161600_n.jpg\",\"contentUrl\":\"https:\\\/\\\/bodur.com.tr\\\/wp-content\\\/uploads\\\/51834268_258721005017375_5556593430731161600_n.jpg\",\"width\":320,\"height\":320,\"caption\":\"Bodur End\u00fcstriyel\"},\"image\":{\"@id\":\"https:\\\/\\\/bodur.com.tr\\\/#\\\/schema\\\/logo\\\/image\\\/\"},\"sameAs\":[\"https:\\\/\\\/www.facebook.com\\\/bodurendustriyel\",\"https:\\\/\\\/www.instagram.com\\\/bodurendustriyel\\\/\",\"https:\\\/\\\/www.youtube.com\\\/user\\\/harunbodur\"]}]}<\/script>\n<!-- \/ Yoast SEO plugin. -->","yoast_head_json":{"title":"Bilgisayar Dolab\u0131 BD.36.34.35","robots":{"index":"index","follow":"follow","max-snippet":"max-snippet:-1","max-image-preview":"max-image-preview:large","max-video-preview":"max-video-preview:-1"},"canonical":"https:\/\/bodur.com.tr\/nn\/product\/bilgisayar-dolabi\/","og_locale":"nn_NO","og_type":"article","og_title":"Bilgisayar Dolab\u0131 BD.36.34.35","og_description":"Komple kaynakl\u0131 g\u00fc\u00e7l\u00fc ve dayan\u0131kl\u0131 g\u00f6vde  H1600xW620xD570 mm \u00f6l\u00e7\u00fclerinde.  End\u00fcstriyel kullan\u0131m i\u00e7in uygundur.  Toz, nem ve darbelere kar\u015f\u0131 dayan\u0131kl\u0131d\u0131r.  Tam g\u00fcvenlik i\u00e7in t\u00fcm \u00e7ekmece ve kapaklar kilitlidir  \u00c7ekmecelerde tam a\u00e7\u0131l\u0131ml\u0131 (teleskopik) sanayi tipi raylar kullan\u0131lmaktad\u0131r.  \u00c7ekmece i\u00e7inde klavye koyulabilmesi i\u00e7in tabla mevcuttur.  Havaland\u0131rma menfezleri vard\u0131r.  Monit\u00f6r kapa\u011f\u0131 k\u0131r\u0131lmaz 3 mm \u015feffaf plexiglass malzemeden yap\u0131lm\u0131\u015ft\u0131r.  Muhtelif yerlerde kapakl\u0131 kablo ge\u00e7i\u015f kanallar\u0131 mevcuttur.  Monit\u00f6r kapa\u011f\u0131 kayar kapakl\u0131d\u0131r.  Akseuarlar kolayca s\u00f6k\u00fcl\u00fcp tak\u0131labilir \u00f6zelliktedir.","og_url":"https:\/\/bodur.com.tr\/nn\/product\/bilgisayar-dolabi\/","og_site_name":"Bodur End\u00fcstriyel","article_publisher":"https:\/\/www.facebook.com\/bodurendustriyel","article_modified_time":"2025-09-24T06:22:25+00:00","og_image":[{"width":2480,"height":2480,"url":"https:\/\/bodur.com.tr\/wp-content\/uploads\/BD363435_Bilgisayar_Kabini_H1600xW620xD570_01.jpg","type":"image\/jpeg"}],"twitter_card":"summary_large_image","schema":{"@context":"https:\/\/schema.org","@graph":[{"@type":"WebPage","@id":"https:\/\/bodur.com.tr\/urun\/bilgisayar-dolabi","url":"https:\/\/bodur.com.tr\/urun\/bilgisayar-dolabi","name":"Bilgisayar Dolab\u0131 BD.36.34.35","isPartOf":{"@id":"https:\/\/bodur.com.tr\/#website"},"primaryImageOfPage":{"@id":"https:\/\/bodur.com.tr\/urun\/bilgisayar-dolabi#primaryimage"},"image":{"@id":"https:\/\/bodur.com.tr\/urun\/bilgisayar-dolabi#primaryimage"},"thumbnailUrl":"https:\/\/bodur.com.tr\/wp-content\/uploads\/BD363435_Bilgisayar_Kabini_H1600xW620xD570_01.jpg","datePublished":"2014-08-27T21:00:00+00:00","dateModified":"2025-09-24T06:22:25+00:00","breadcrumb":{"@id":"https:\/\/bodur.com.tr\/urun\/bilgisayar-dolabi#breadcrumb"},"inLanguage":"nn-NO","potentialAction":[{"@type":"ReadAction","target":["https:\/\/bodur.com.tr\/urun\/bilgisayar-dolabi"]}]},{"@type":"ImageObject","inLanguage":"nn-NO","@id":"https:\/\/bodur.com.tr\/urun\/bilgisayar-dolabi#primaryimage","url":"https:\/\/bodur.com.tr\/wp-content\/uploads\/BD363435_Bilgisayar_Kabini_H1600xW620xD570_01.jpg","contentUrl":"https:\/\/bodur.com.tr\/wp-content\/uploads\/BD363435_Bilgisayar_Kabini_H1600xW620xD570_01.jpg","width":2480,"height":2480,"caption":"BD363435_Bilgisayar_Kabini_(H1600xW620xD570)_01"},{"@type":"BreadcrumbList","@id":"https:\/\/bodur.com.tr\/urun\/bilgisayar-dolabi#breadcrumb","itemListElement":[{"@type":"ListItem","position":1,"name":"Anasayfa","item":"https:\/\/bodur.com.tr\/"},{"@type":"ListItem","position":2,"name":"\u00dcr\u00fcnler","item":"https:\/\/bodur.com.tr\/magaza"},{"@type":"ListItem","position":3,"name":"Bilgisayar Dolab\u0131 BD.36.34.35"}]},{"@type":"WebSite","@id":"https:\/\/bodur.com.tr\/#website","url":"https:\/\/bodur.com.tr\/","name":"Bodur End\u00fcstriyel","description":"","publisher":{"@id":"https:\/\/bodur.com.tr\/#organization"},"potentialAction":[{"@type":"SearchAction","target":{"@type":"EntryPoint","urlTemplate":"https:\/\/bodur.com.tr\/?s={search_term_string}"},"query-input":{"@type":"PropertyValueSpecification","valueRequired":true,"valueName":"search_term_string"}}],"inLanguage":"nn-NO"},{"@type":"Organization","@id":"https:\/\/bodur.com.tr\/#organization","name":"Bodur End\u00fcstriyel","url":"https:\/\/bodur.com.tr\/","logo":{"@type":"ImageObject","inLanguage":"nn-NO","@id":"https:\/\/bodur.com.tr\/#\/schema\/logo\/image\/","url":"https:\/\/bodur.com.tr\/wp-content\/uploads\/51834268_258721005017375_5556593430731161600_n.jpg","contentUrl":"https:\/\/bodur.com.tr\/wp-content\/uploads\/51834268_258721005017375_5556593430731161600_n.jpg","width":320,"height":320,"caption":"Bodur End\u00fcstriyel"},"image":{"@id":"https:\/\/bodur.com.tr\/#\/schema\/logo\/image\/"},"sameAs":["https:\/\/www.facebook.com\/bodurendustriyel","https:\/\/www.instagram.com\/bodurendustriyel\/","https:\/\/www.youtube.com\/user\/harunbodur"]}]}},"_links":{"self":[{"href":"https:\/\/bodur.com.tr\/nn\/wp-json\/wp\/v2\/product\/1067","targetHints":{"allow":["GET"]}}],"collection":[{"href":"https:\/\/bodur.com.tr\/nn\/wp-json\/wp\/v2\/product"}],"about":[{"href":"https:\/\/bodur.com.tr\/nn\/wp-json\/wp\/v2\/types\/product"}],"wp:featuredmedia":[{"embeddable":true,"href":"https:\/\/bodur.com.tr\/nn\/wp-json\/wp\/v2\/media\/41031"}],"wp:attachment":[{"href":"https:\/\/bodur.com.tr\/nn\/wp-json\/wp\/v2\/media?parent=1067"}],"wp:term":[{"taxonomy":"product_brand","embeddable":true,"href":"https:\/\/bodur.com.tr\/nn\/wp-json\/wp\/v2\/product_brand?post=1067"},{"taxonomy":"product_cat","embeddable":true,"href":"https:\/\/bodur.com.tr\/nn\/wp-json\/wp\/v2\/product_cat?post=1067"},{"taxonomy":"product_tag","embeddable":true,"href":"https:\/\/bodur.com.tr\/nn\/wp-json\/wp\/v2\/product_tag?post=1067"}],"curies":[{"name":"wp","href":"https:\/\/api.w.org\/{rel}","templated":true}]}}