{"id":21470,"date":"2025-05-18T19:07:35","date_gmt":"2025-05-18T16:07:35","guid":{"rendered":"https:\/\/bodur.com.tr\/kvkk-aydinlatma-metni"},"modified":"2025-05-19T21:43:28","modified_gmt":"2025-05-19T18:43:28","slug":"kvkk-aydinlatma-metni","status":"publish","type":"page","link":"https:\/\/bodur.com.tr\/nn\/kvkk-aydinlatma-metni","title":{"rendered":"KVKK Ayd\u0131nlatma Metni"},"content":{"rendered":"<div data-elementor-type=\"wp-page\" data-elementor-id=\"21470\" class=\"elementor elementor-21470\" data-elementor-post-type=\"page\">\n\t\t\t\t<div class=\"elementor-element elementor-element-4a0fde0e e-flex e-con-boxed e-con e-parent\" data-id=\"4a0fde0e\" data-element_type=\"container\" data-e-type=\"container\">\n\t\t\t\t\t<div class=\"e-con-inner\">\n\t\t\t\t<div class=\"elementor-element elementor-element-3ed4148a color-scheme-inherit text-left elementor-widget elementor-widget-text-editor\" data-id=\"3ed4148a\" data-element_type=\"widget\" data-e-type=\"widget\" data-widget_type=\"text-editor.default\">\n\t\t\t\t<div class=\"elementor-widget-container\">\n\t\t\t\t\t\t\t\t\t<h3><span style=\"color: #053c6f;\"><strong>BODUR END\u00dcSTR\u0130YEL KAB\u0130N S\u0130STEMLER\u0130 L\u0130M\u0130TED \u015e\u0130RKET\u0130 K\u0130\u015e\u0130SEL VER\u0130LER\u0130N \u0130\u015eLENMES\u0130NE \u0130L\u0130\u015eK\u0130N AYDINLATMA METN\u0130<\/strong><\/span><\/h3>\t\t\t\t\t\t\t\t<\/div>\n\t\t\t\t<\/div>\n\t\t\t\t<div class=\"elementor-element elementor-element-dfb29f7 color-scheme-inherit text-left elementor-widget elementor-widget-text-editor\" data-id=\"dfb29f7\" data-element_type=\"widget\" data-e-type=\"widget\" data-widget_type=\"text-editor.default\">\n\t\t\t\t<div class=\"elementor-widget-container\">\n\t\t\t\t\t\t\t\t\t<div class=\"wpb_text_column wpb_content_element wpb_animate_when_almost_visible wpb_fadeIn fadeIn vc_custom_1610353878440 wpb_start_animation animated\"><div class=\"wpb_wrapper\"><h3>a) <strong>Veri Sorumlusu ve Temsilcisi<\/strong><\/h3><p>6698 say\u0131l\u0131 Ki\u015fisel Verilerin Korunmas\u0131 Kanunu (\u201c6698 say\u0131l\u0131 Kanun\u201d) uyar\u0131nca, ki\u015fisel verileriniz; veri sorumlusu olarak Bodur End\u00fcstriyel Kabin Sistemleri Limited \u015eirketi (\u201c\u015eirket\u201d veya \u201cBodur\u201d) taraf\u0131ndan a\u015fa\u011f\u0131da a\u00e7\u0131klanan kapsamda i\u015flenebilecektir.<\/p><\/div><\/div><div class=\"wpb_text_column wpb_content_element wpb_animate_when_almost_visible wpb_fadeIn fadeIn vc_custom_1610353864087 wpb_start_animation animated\"><div class=\"wpb_wrapper\"><h3>b) <strong>Ki\u015fisel Verilerin Hangi Ama\u00e7la \u0130\u015flenece\u011fi<\/strong><\/h3><p>Toplanan ki\u015fisel verileriniz, ki\u015fisel verilerinizi bizlere a\u00e7\u0131klaman\u0131za konu olan; \u015eirket\u2019in ve \u015eirket\u2019le i\u015f ili\u015fkisi i\u00e7erisinde olan ilgili ki\u015filerin hukuki, teknik ve ticari-i\u015f g\u00fcvenli\u011finin temini; \u015eirket taraf\u0131ndan sunulan \u00fcr\u00fcn ve hizmetlerin ilgili ki\u015filerin be\u011feni, kullan\u0131m al\u0131\u015fkanl\u0131klar\u0131 ve ihtiya\u00e7lar\u0131na g\u00f6re \u00f6zelle\u015ftirilerek ilgili ki\u015filere \u00f6nerilmesi ve tan\u0131t\u0131lmas\u0131 i\u00e7in gerekli olan aktivitelerin planlanmas\u0131 ve icras\u0131; \u015eirket taraf\u0131ndan sunulan \u00fcr\u00fcn ve hizmetlerden ilgili ki\u015fileri faydaland\u0131rmak i\u00e7in gerekli \u00e7al\u0131\u015fmalar\u0131n i\u015f birimlerimiz taraf\u0131ndan yap\u0131lmas\u0131 ve ilgili i\u015f s\u00fcre\u00e7lerinin y\u00fcr\u00fct\u00fclmesi; \u015eirket\u2019in ticari ve\/veya i\u015f stratejilerinin planlanmas\u0131 ve icras\u0131; \u015eirket taraf\u0131ndan y\u00fcr\u00fct\u00fclen ticari faaliyetlerin ger\u00e7ekle\u015ftirilmesi i\u00e7in ilgili i\u015f birimlerimiz taraf\u0131ndan gerekli \u00e7al\u0131\u015fmalar\u0131n yap\u0131lmas\u0131 ve buna ba\u011fl\u0131 i\u015f s\u00fcre\u00e7lerinin y\u00fcr\u00fct\u00fclmesi; \u015eirket\u2019in insan kaynaklar\u0131 politikalar\u0131 ve s\u00fcre\u00e7lerinin planlanmas\u0131n\u0131n ve icra edilmesi ama\u00e7lar\u0131yla 6698 say\u0131l\u0131 Kanun\u2019un 5. ve 6. maddelerinde belirtilen ki\u015fisel veri i\u015fleme \u015fartlar\u0131 ve ama\u00e7lar\u0131 dahilinde i\u015flenecektir.<\/p><\/div><\/div><div class=\"wpb_text_column wpb_content_element wpb_animate_when_almost_visible wpb_fadeIn fadeIn vc_custom_1610353873819 wpb_start_animation animated\"><div class=\"wpb_wrapper\"><h3><strong>c) \u0130\u015flenen Ki\u015fisel Verilerin Kimlere ve Hangi Ama\u00e7la Aktar\u0131labilece\u011fi<\/strong><\/h3><p>Toplanan ki\u015fisel verileriniz; \u015eirket taraf\u0131ndan sunulan \u00fcr\u00fcn ve hizmetlerin ilgili ki\u015filerin be\u011feni, kullan\u0131m al\u0131\u015fkanl\u0131klar\u0131 ve ihtiya\u00e7lar\u0131na g\u00f6re \u00f6zelle\u015ftirilerek ilgili ki\u015filere \u00f6nerilmesi ve tan\u0131t\u0131lmas\u0131 i\u00e7in gerekli olan aktivitelerin planlanmas\u0131 ve icras\u0131; \u015eirket taraf\u0131ndan y\u00fcr\u00fct\u00fclen ticari faaliyetlerin ger\u00e7ekle\u015ftirilmesi i\u00e7in ilgili i\u015f birimlerimiz taraf\u0131ndan gerekli \u00e7al\u0131\u015fmalar\u0131n yap\u0131lmas\u0131 ve buna ba\u011fl\u0131 i\u015f s\u00fcre\u00e7lerinin y\u00fcr\u00fct\u00fclmesi; \u015eirket taraf\u0131ndan sunulan \u00fcr\u00fcn ve hizmetlerden ilgili ki\u015fileri faydaland\u0131rmak i\u00e7in gerekli \u00e7al\u0131\u015fmalar\u0131n i\u015f birimlerimiz taraf\u0131ndan yap\u0131lmas\u0131 ve ilgili i\u015f s\u00fcre\u00e7lerinin y\u00fcr\u00fct\u00fclmesi; \u015eirket\u2019in ticari ve\/veya i\u015f stratejilerinin planlanmas\u0131 ve icras\u0131; \u015eirket\u2019in ve \u015firket\u2019le i\u015f ili\u015fkisi i\u00e7erisinde olan ilgili ki\u015filerin hukuki, teknik ve ticari-i\u015f g\u00fcvenli\u011finin temini ama\u00e7lar\u0131yla; i\u015f ortaklar\u0131m\u0131za, tedarik\u00e7ilerimize, hissedarlar\u0131m\u0131za, i\u015ftiraklerimize, kanunen yetkili kamu kurumlar\u0131 ve \u00f6zel ki\u015filere, 6698 say\u0131l\u0131 Kanun\u2019un 8. ve 9. maddelerinde belirtilen ki\u015fisel veri i\u015fleme \u015fartlar\u0131 ve ama\u00e7lar\u0131 \u00e7er\u00e7evesinde belirtilen ama\u00e7larla s\u0131n\u0131rl\u0131 olarak aktar\u0131labilecektir.<\/p><\/div><\/div><div class=\"wpb_text_column wpb_content_element wpb_animate_when_almost_visible wpb_fadeIn fadeIn vc_custom_1610353937269 wpb_start_animation animated\"><div class=\"wpb_wrapper\"><h3><strong>\u00e7) Ki\u015fisel Veri Toplaman\u0131n Y\u00f6ntemi ve Hukuki Sebebi<\/strong><\/h3><p>Ki\u015fisel verileriniz \u015eirketimiz taraf\u0131ndan farkl\u0131 kanallarla ve farkl\u0131 hukuki sebeplere dayanarak; sundu\u011fumuz \u00fcr\u00fcn ile hizmetleri geli\u015ftirmek ve ticari faaliyetlerimizi y\u00fcr\u00fctmek amac\u0131yla toplanmaktad\u0131r. Bu s\u00fcre\u00e7te ki\u015fisel verileriniz; internet sitelerimiz ve mobil uygulamalar\u0131m\u0131zdaki bilgi ve talep formlar\u0131 arac\u0131l\u0131\u011f\u0131yla yahut fiziki ortamda toplanmaktad\u0131r. Bu hukuki sebeple toplanan ki\u015fisel verileriniz 6698 say\u0131l\u0131 Kanun\u2019un 5. ve 6. maddelerinde belirtilen ki\u015fisel veri i\u015fleme \u015fartlar\u0131 ve ama\u00e7lar\u0131 kapsam\u0131nda bu Ayd\u0131nlatma Metni\u2019nin ( b ) ve ( c ) maddelerinde belirtilen ama\u00e7larla da i\u015flenebilmekte ve aktar\u0131labilmektedir.<\/p><\/div><\/div><div class=\"wpb_text_column wpb_content_element wpb_animate_when_almost_visible wpb_fadeIn fadeIn vc_custom_1610354171093 wpb_start_animation animated\"><div class=\"wpb_wrapper\"><h3><strong>d) Ki\u015fisel Veri Sahibinin 6698 say\u0131l\u0131 Kanun\u2019un 11. maddesinde Say\u0131lan Haklar\u0131<\/strong><\/h3><p>Ki\u015fisel veri sahipleri olarak, haklar\u0131n\u0131za ili\u015fkin taleplerinizi \u015eirket\u2019e iletmeniz durumunda Bodur talebin niteli\u011fine g\u00f6re talebi en k\u0131sa s\u00fcrede ve en ge\u00e7 otuz g\u00fcn i\u00e7inde sonu\u00e7land\u0131racakt\u0131r. Ancak, i\u015flemin ayr\u0131ca bir maliyeti gerektirmesi h\u00e2linde, Bodur taraf\u0131ndan Ki\u015fisel Verileri Koruma Kurulunca belirlenen tarifedeki \u00fccret al\u0131nacakt\u0131r. Bu kapsamda ki\u015fisel veri sahipleri;<\/p><p><span data-contrast=\"none\">\u2022\u00a0 Ki\u015fisel veri i\u015flenip i\u015flenmedi\u011fini \u00f6\u011frenme,<\/span><\/p><p><span data-contrast=\"none\">\u2022 Ki\u015fisel verileri i\u015flenmi\u015fse buna ili\u015fkin bilgi talep etme,<\/span><\/p><p><span data-contrast=\"none\">\u2022 Ki\u015fisel verilerin i\u015flenme amac\u0131n\u0131 ve bunlar\u0131n amac\u0131na uygun kullan\u0131l\u0131p kullan\u0131lmad\u0131\u011f\u0131n\u0131 \u00f6\u011frenme,<\/span><\/p><p><span data-contrast=\"none\">\u2022 Yurt i\u00e7inde veya yurt d\u0131\u015f\u0131nda ki\u015fisel verilerin aktar\u0131ld\u0131\u011f\u0131 \u00fc\u00e7\u00fcnc\u00fc ki\u015fileri bilme,<\/span><\/p><p><span data-contrast=\"none\">\u2022 Ki\u015fisel verilerin eksik veya yanl\u0131\u015f i\u015flenmi\u015f olmas\u0131 h\u00e2linde bunlar\u0131n d\u00fczeltilmesini isteme ve bu kapsamda yap\u0131lan i\u015flemin ki\u015fisel verilerin aktar\u0131ld\u0131\u011f\u0131 \u00fc\u00e7\u00fcnc\u00fc ki\u015filere bildirilmesini isteme,<\/span><\/p><p><span data-contrast=\"none\">\u2022 6698 say\u0131l\u0131 Kanun ve ilgili di\u011fer kanun h\u00fck\u00fcmlerine uygun olarak i\u015flenmi\u015f olmas\u0131na ra\u011fmen, i\u015flenmesini gerektiren sebeplerin ortadan kalkmas\u0131 h\u00e2linde ki\u015fisel verilerin silinmesini veya yok edilmesini isteme ve bu kapsamda yap\u0131lan i\u015flemin ki\u015fisel verilerin aktar\u0131ld\u0131\u011f\u0131 \u00fc\u00e7\u00fcnc\u00fc ki\u015filere bildirilmesini isteme,<\/span><\/p><p><span data-contrast=\"none\">\u2022 \u0130\u015flenen verilerin m\u00fcnhas\u0131ran otomatik sistemler vas\u0131tas\u0131yla analiz edilmesi suretiyle ki\u015finin kendisi aleyhine bir sonucun ortaya \u00e7\u0131kmas\u0131na itiraz etme,<\/span><\/p><p>\u2022 Ki\u015fisel verilerin kanuna ayk\u0131r\u0131 olarak i\u015flenmesi sebebiyle zarara u\u011framas\u0131 h\u00e2linde zarar\u0131n giderilmesini talep etme haklar\u0131na sahiptir.\u00a0<\/p><\/div><\/div>\t\t\t\t\t\t\t\t<\/div>\n\t\t\t\t<\/div>\n\t\t\t\t\t<\/div>\n\t\t\t\t<\/div>\n\t\t\t\t<\/div>","protected":false},"excerpt":{"rendered":"<p>BODUR END\u00dcSTR\u0130YEL KAB\u0130N S\u0130STEMLER\u0130 L\u0130M\u0130TED \u015e\u0130RKET\u0130 K\u0130\u015e\u0130SEL VER\u0130LER\u0130N \u0130\u015eLENMES\u0130NE \u0130L\u0130\u015eK\u0130N AYDINLATMA METN\u0130 a) Veri Sorumlusu ve Temsilcisi 6698 say\u0131l\u0131 Ki\u015fisel<\/p>","protected":false},"author":1,"featured_media":0,"parent":0,"menu_order":0,"comment_status":"closed","ping_status":"closed","template":"","meta":{"footnotes":""},"class_list":["post-21470","page","type-page","status-publish","hentry"],"yoast_head":"<!-- This site is optimized with the Yoast SEO plugin v27.3 - https:\/\/yoast.com\/product\/yoast-seo-wordpress\/ -->\n<title>KVKK Ayd\u0131nlatma Metni<\/title>\n<meta name=\"robots\" content=\"index, follow, max-snippet:-1, max-image-preview:large, max-video-preview:-1\" \/>\n<link rel=\"canonical\" href=\"https:\/\/bodur.com.tr\/nn\/kvkk-aydinlatma-metni\/\" \/>\n<meta property=\"og:locale\" content=\"nn_NO\" \/>\n<meta property=\"og:type\" content=\"article\" \/>\n<meta property=\"og:title\" content=\"KVKK Ayd\u0131nlatma Metni\" \/>\n<meta property=\"og:description\" content=\"BODUR END\u00dcSTR\u0130YEL KAB\u0130N S\u0130STEMLER\u0130 L\u0130M\u0130TED \u015e\u0130RKET\u0130 K\u0130\u015e\u0130SEL VER\u0130LER\u0130N \u0130\u015eLENMES\u0130NE \u0130L\u0130\u015eK\u0130N AYDINLATMA METN\u0130 a) Veri Sorumlusu ve Temsilcisi 6698 say\u0131l\u0131 Ki\u015fisel\" \/>\n<meta property=\"og:url\" content=\"https:\/\/bodur.com.tr\/nn\/kvkk-aydinlatma-metni\/\" \/>\n<meta property=\"og:site_name\" content=\"Bodur End\u00fcstriyel\" \/>\n<meta property=\"article:publisher\" content=\"https:\/\/www.facebook.com\/bodurendustriyel\" \/>\n<meta property=\"article:modified_time\" content=\"2025-05-19T18:43:28+00:00\" \/>\n<meta name=\"twitter:card\" content=\"summary_large_image\" \/>\n<script type=\"application\/ld+json\" class=\"yoast-schema-graph\">{\"@context\":\"https:\\\/\\\/schema.org\",\"@graph\":[{\"@type\":\"WebPage\",\"@id\":\"https:\\\/\\\/bodur.com.tr\\\/kvkk-aydinlatma-metni\",\"url\":\"https:\\\/\\\/bodur.com.tr\\\/kvkk-aydinlatma-metni\",\"name\":\"KVKK Ayd\u0131nlatma Metni\",\"isPartOf\":{\"@id\":\"https:\\\/\\\/bodur.com.tr\\\/#website\"},\"datePublished\":\"2025-05-18T16:07:35+00:00\",\"dateModified\":\"2025-05-19T18:43:28+00:00\",\"breadcrumb\":{\"@id\":\"https:\\\/\\\/bodur.com.tr\\\/kvkk-aydinlatma-metni#breadcrumb\"},\"inLanguage\":\"nn-NO\",\"potentialAction\":[{\"@type\":\"ReadAction\",\"target\":[\"https:\\\/\\\/bodur.com.tr\\\/kvkk-aydinlatma-metni\"]}]},{\"@type\":\"BreadcrumbList\",\"@id\":\"https:\\\/\\\/bodur.com.tr\\\/kvkk-aydinlatma-metni#breadcrumb\",\"itemListElement\":[{\"@type\":\"ListItem\",\"position\":1,\"name\":\"Anasayfa\",\"item\":\"https:\\\/\\\/bodur.com.tr\\\/\"},{\"@type\":\"ListItem\",\"position\":2,\"name\":\"KVKK Ayd\u0131nlatma Metni\"}]},{\"@type\":\"WebSite\",\"@id\":\"https:\\\/\\\/bodur.com.tr\\\/#website\",\"url\":\"https:\\\/\\\/bodur.com.tr\\\/\",\"name\":\"Bodur End\u00fcstriyel\",\"description\":\"\",\"publisher\":{\"@id\":\"https:\\\/\\\/bodur.com.tr\\\/#organization\"},\"potentialAction\":[{\"@type\":\"SearchAction\",\"target\":{\"@type\":\"EntryPoint\",\"urlTemplate\":\"https:\\\/\\\/bodur.com.tr\\\/?s={search_term_string}\"},\"query-input\":{\"@type\":\"PropertyValueSpecification\",\"valueRequired\":true,\"valueName\":\"search_term_string\"}}],\"inLanguage\":\"nn-NO\"},{\"@type\":\"Organization\",\"@id\":\"https:\\\/\\\/bodur.com.tr\\\/#organization\",\"name\":\"Bodur End\u00fcstriyel\",\"url\":\"https:\\\/\\\/bodur.com.tr\\\/\",\"logo\":{\"@type\":\"ImageObject\",\"inLanguage\":\"nn-NO\",\"@id\":\"https:\\\/\\\/bodur.com.tr\\\/#\\\/schema\\\/logo\\\/image\\\/\",\"url\":\"https:\\\/\\\/bodur.com.tr\\\/wp-content\\\/uploads\\\/51834268_258721005017375_5556593430731161600_n.jpg\",\"contentUrl\":\"https:\\\/\\\/bodur.com.tr\\\/wp-content\\\/uploads\\\/51834268_258721005017375_5556593430731161600_n.jpg\",\"width\":320,\"height\":320,\"caption\":\"Bodur End\u00fcstriyel\"},\"image\":{\"@id\":\"https:\\\/\\\/bodur.com.tr\\\/#\\\/schema\\\/logo\\\/image\\\/\"},\"sameAs\":[\"https:\\\/\\\/www.facebook.com\\\/bodurendustriyel\",\"https:\\\/\\\/www.instagram.com\\\/bodurendustriyel\\\/\",\"https:\\\/\\\/www.youtube.com\\\/user\\\/harunbodur\"]}]}<\/script>\n<!-- \/ Yoast SEO plugin. -->","yoast_head_json":{"title":"KVKK Ayd\u0131nlatma Metni","robots":{"index":"index","follow":"follow","max-snippet":"max-snippet:-1","max-image-preview":"max-image-preview:large","max-video-preview":"max-video-preview:-1"},"canonical":"https:\/\/bodur.com.tr\/nn\/kvkk-aydinlatma-metni\/","og_locale":"nn_NO","og_type":"article","og_title":"KVKK Ayd\u0131nlatma Metni","og_description":"BODUR END\u00dcSTR\u0130YEL KAB\u0130N S\u0130STEMLER\u0130 L\u0130M\u0130TED \u015e\u0130RKET\u0130 K\u0130\u015e\u0130SEL VER\u0130LER\u0130N \u0130\u015eLENMES\u0130NE \u0130L\u0130\u015eK\u0130N AYDINLATMA METN\u0130 a) Veri Sorumlusu ve Temsilcisi 6698 say\u0131l\u0131 Ki\u015fisel","og_url":"https:\/\/bodur.com.tr\/nn\/kvkk-aydinlatma-metni\/","og_site_name":"Bodur End\u00fcstriyel","article_publisher":"https:\/\/www.facebook.com\/bodurendustriyel","article_modified_time":"2025-05-19T18:43:28+00:00","twitter_card":"summary_large_image","schema":{"@context":"https:\/\/schema.org","@graph":[{"@type":"WebPage","@id":"https:\/\/bodur.com.tr\/kvkk-aydinlatma-metni","url":"https:\/\/bodur.com.tr\/kvkk-aydinlatma-metni","name":"KVKK Ayd\u0131nlatma Metni","isPartOf":{"@id":"https:\/\/bodur.com.tr\/#website"},"datePublished":"2025-05-18T16:07:35+00:00","dateModified":"2025-05-19T18:43:28+00:00","breadcrumb":{"@id":"https:\/\/bodur.com.tr\/kvkk-aydinlatma-metni#breadcrumb"},"inLanguage":"nn-NO","potentialAction":[{"@type":"ReadAction","target":["https:\/\/bodur.com.tr\/kvkk-aydinlatma-metni"]}]},{"@type":"BreadcrumbList","@id":"https:\/\/bodur.com.tr\/kvkk-aydinlatma-metni#breadcrumb","itemListElement":[{"@type":"ListItem","position":1,"name":"Anasayfa","item":"https:\/\/bodur.com.tr\/"},{"@type":"ListItem","position":2,"name":"KVKK Ayd\u0131nlatma Metni"}]},{"@type":"WebSite","@id":"https:\/\/bodur.com.tr\/#website","url":"https:\/\/bodur.com.tr\/","name":"Bodur End\u00fcstriyel","description":"","publisher":{"@id":"https:\/\/bodur.com.tr\/#organization"},"potentialAction":[{"@type":"SearchAction","target":{"@type":"EntryPoint","urlTemplate":"https:\/\/bodur.com.tr\/?s={search_term_string}"},"query-input":{"@type":"PropertyValueSpecification","valueRequired":true,"valueName":"search_term_string"}}],"inLanguage":"nn-NO"},{"@type":"Organization","@id":"https:\/\/bodur.com.tr\/#organization","name":"Bodur End\u00fcstriyel","url":"https:\/\/bodur.com.tr\/","logo":{"@type":"ImageObject","inLanguage":"nn-NO","@id":"https:\/\/bodur.com.tr\/#\/schema\/logo\/image\/","url":"https:\/\/bodur.com.tr\/wp-content\/uploads\/51834268_258721005017375_5556593430731161600_n.jpg","contentUrl":"https:\/\/bodur.com.tr\/wp-content\/uploads\/51834268_258721005017375_5556593430731161600_n.jpg","width":320,"height":320,"caption":"Bodur End\u00fcstriyel"},"image":{"@id":"https:\/\/bodur.com.tr\/#\/schema\/logo\/image\/"},"sameAs":["https:\/\/www.facebook.com\/bodurendustriyel","https:\/\/www.instagram.com\/bodurendustriyel\/","https:\/\/www.youtube.com\/user\/harunbodur"]}]}},"_links":{"self":[{"href":"https:\/\/bodur.com.tr\/nn\/wp-json\/wp\/v2\/pages\/21470","targetHints":{"allow":["GET"]}}],"collection":[{"href":"https:\/\/bodur.com.tr\/nn\/wp-json\/wp\/v2\/pages"}],"about":[{"href":"https:\/\/bodur.com.tr\/nn\/wp-json\/wp\/v2\/types\/page"}],"author":[{"embeddable":true,"href":"https:\/\/bodur.com.tr\/nn\/wp-json\/wp\/v2\/users\/1"}],"replies":[{"embeddable":true,"href":"https:\/\/bodur.com.tr\/nn\/wp-json\/wp\/v2\/comments?post=21470"}],"version-history":[{"count":0,"href":"https:\/\/bodur.com.tr\/nn\/wp-json\/wp\/v2\/pages\/21470\/revisions"}],"wp:attachment":[{"href":"https:\/\/bodur.com.tr\/nn\/wp-json\/wp\/v2\/media?parent=21470"}],"curies":[{"name":"wp","href":"https:\/\/api.w.org\/{rel}","templated":true}]}}