{"id":40790,"date":"2025-07-03T15:03:58","date_gmt":"2025-07-03T12:03:58","guid":{"rendered":"https:\/\/bodur.com.tr\/?post_type=product&#038;p=40790"},"modified":"2026-03-21T20:28:22","modified_gmt":"2026-03-21T17:28:22","slug":"bd-2520-1509-paketleme-masasi","status":"publish","type":"product","link":"https:\/\/bodur.com.tr\/nl\/urun\/bd-2520-1509-paketleme-masasi","title":{"rendered":"BD.2520.1509 Verpakkingstabel"},"content":{"rendered":"<p>Verpakkingstafels zijn modulaire en ergonomische werkstations die ontwikkeld zijn voor industrieel gebruik. Ze bieden maximale effici\u00ebntie bij het voorbereiden van dozen, het ordenen van materialen en het verpakken van producten, met name in magazijnen, verzendingen, productieomgevingen en e-commerce.<\/p>\n<h4>Optionele accessoires:<\/h4>\n<ul>\n<li>Top rack systemen<\/li>\n<li>Lagere stellingsystemen<\/li>\n<li>Rolhouders en snijapparaten voor papier of huishoudfolie.<\/li>\n<li>Geperforeerd paneel (met ophangbeugels)<\/li>\n<li>LED-verlichtingseenheid<\/li>\n<li>\u2022 Zijplanken, hulplades, tape- en labelhouders<\/li>\n<li>Prullenbakhanger<\/li>\n<\/ul>\n<h4>Toepassingsgebieden:<\/h4>\n<ul>\n<li>Logistieke en scheepvaartafdelingen<\/li>\n<li>Orderverzamelstations voor e-commerce<\/li>\n<li>Inspectie- en verpakkingslijnen na de productie<\/li>\n<li>Verpakkings- en barcodeverwerkingsgebieden voor vracht.<\/li>\n<\/ul>\n<p>Onze verpakkingstafels voldoen volledig aan de industri\u00eble eisen dankzij hun robuuste constructie, hoge draagvermogen en ergonomisch ontwerp. Dankzij hun modulaire opbouw kunnen ze eenvoudig in verschillende werkprocessen worden ge\u00efntegreerd.<\/p>","protected":false},"excerpt":{"rendered":"<ul>\n<li>Breedteopties: Verkrijgbaar in 3 verschillende breedtes: 1200 mm, 1500 mm, 1800 mm<\/li>\n<li>Diepte: Standaard 900 mm<\/li>\n<li>Materiaal tafelblad: 30 mm dik wit MDF-laminaat<\/li>\n<li>Hoogteverstelling: Handmatig verstelbaar. De tafelhoogte kan worden aangepast tussen 670 mm en 970 mm vanaf de grond.<\/li>\n<li>Oppervlaktecoating: Elektrostatische poedercoating (Standaardkleur: RAL 7035)<\/li>\n<li>Totale draagcapaciteit: 300 kg (bij gelijkmatig verdeelde belasting)<\/li>\n<\/ul>","protected":false},"featured_media":40801,"template":"","meta":[],"product_brand":[],"product_cat":[30],"product_tag":[],"class_list":{"0":"post-40790","1":"product","2":"type-product","3":"status-publish","4":"has-post-thumbnail","6":"product_cat-paketleme","8":"first","9":"instock","10":"shipping-taxable","11":"product-type-simple"},"yoast_head":"<!-- This site is optimized with the Yoast SEO plugin v27.4 - https:\/\/yoast.com\/product\/yoast-seo-wordpress\/ -->\n<title>BD.2520.1509 Paketleme Masas\u0131<\/title>\n<meta name=\"robots\" content=\"index, follow, max-snippet:-1, max-image-preview:large, max-video-preview:-1\" \/>\n<link rel=\"canonical\" href=\"https:\/\/bodur.com.tr\/nl\/product\/bd-2520-1509-paketleme-masasi\/\" \/>\n<meta property=\"og:locale\" content=\"nl_NL\" \/>\n<meta property=\"og:type\" content=\"article\" \/>\n<meta property=\"og:title\" content=\"BD.2520.1509 Paketleme Masas\u0131\" \/>\n<meta property=\"og:description\" content=\"Geni\u015flik Se\u00e7enekleri: 3 farkl\u0131 geni\u015flikte \u00fcretilebilir: 1200 mm, 1500 mm, 1800 mm  Derinlik: Standart 900 mm  Tabla Malzemesi: 30 mm kal\u0131nl\u0131\u011f\u0131nda beyaz MDF Lam  Y\u00fckseklik Ayar\u0131: Manuel olarak ayarlanabilir. Tabla y\u00fcksekli\u011fi zeminden 670 mm ile 970 mm aras\u0131nda ayarlanabilir  Y\u00fczey Kaplama: Elektrostatik toz boya (Standart renk: RAL 7035)  Toplam Ta\u015f\u0131ma Kapasitesi: 300 kg (e\u015fit yay\u0131l\u0131 y\u00fckte)\" \/>\n<meta property=\"og:url\" content=\"https:\/\/bodur.com.tr\/nl\/product\/bd-2520-1509-paketleme-masasi\/\" \/>\n<meta property=\"og:site_name\" content=\"Bodur End\u00fcstriyel\" \/>\n<meta property=\"article:publisher\" content=\"https:\/\/www.facebook.com\/bodurendustriyel\" \/>\n<meta property=\"article:modified_time\" content=\"2026-03-21T17:28:22+00:00\" \/>\n<meta property=\"og:image\" content=\"https:\/\/bodur.com.tr\/wp-content\/uploads\/BD.2520.1509_W1500xD940_01.jpg\" \/>\n\t<meta property=\"og:image:width\" content=\"2480\" \/>\n\t<meta property=\"og:image:height\" content=\"2480\" \/>\n\t<meta property=\"og:image:type\" content=\"image\/jpeg\" \/>\n<meta name=\"twitter:card\" content=\"summary_large_image\" \/>\n<script type=\"application\/ld+json\" class=\"yoast-schema-graph\">{\"@context\":\"https:\\\/\\\/schema.org\",\"@graph\":[{\"@type\":\"WebPage\",\"@id\":\"https:\\\/\\\/bodur.com.tr\\\/urun\\\/bd-2520-1509-paketleme-masasi\",\"url\":\"https:\\\/\\\/bodur.com.tr\\\/urun\\\/bd-2520-1509-paketleme-masasi\",\"name\":\"BD.2520.1509 Paketleme Masas\u0131\",\"isPartOf\":{\"@id\":\"https:\\\/\\\/bodur.com.tr\\\/#website\"},\"primaryImageOfPage\":{\"@id\":\"https:\\\/\\\/bodur.com.tr\\\/urun\\\/bd-2520-1509-paketleme-masasi#primaryimage\"},\"image\":{\"@id\":\"https:\\\/\\\/bodur.com.tr\\\/urun\\\/bd-2520-1509-paketleme-masasi#primaryimage\"},\"thumbnailUrl\":\"https:\\\/\\\/bodur.com.tr\\\/wp-content\\\/uploads\\\/BD.2520.1509_W1500xD940_01.jpg\",\"datePublished\":\"2025-07-03T12:03:58+00:00\",\"dateModified\":\"2026-03-21T17:28:22+00:00\",\"breadcrumb\":{\"@id\":\"https:\\\/\\\/bodur.com.tr\\\/urun\\\/bd-2520-1509-paketleme-masasi#breadcrumb\"},\"inLanguage\":\"nl-NL\",\"potentialAction\":[{\"@type\":\"ReadAction\",\"target\":[\"https:\\\/\\\/bodur.com.tr\\\/urun\\\/bd-2520-1509-paketleme-masasi\"]}]},{\"@type\":\"ImageObject\",\"inLanguage\":\"nl-NL\",\"@id\":\"https:\\\/\\\/bodur.com.tr\\\/urun\\\/bd-2520-1509-paketleme-masasi#primaryimage\",\"url\":\"https:\\\/\\\/bodur.com.tr\\\/wp-content\\\/uploads\\\/BD.2520.1509_W1500xD940_01.jpg\",\"contentUrl\":\"https:\\\/\\\/bodur.com.tr\\\/wp-content\\\/uploads\\\/BD.2520.1509_W1500xD940_01.jpg\",\"width\":2480,\"height\":2480,\"caption\":\"BD.2520.1509 Paketleme Masas\u0131\"},{\"@type\":\"BreadcrumbList\",\"@id\":\"https:\\\/\\\/bodur.com.tr\\\/urun\\\/bd-2520-1509-paketleme-masasi#breadcrumb\",\"itemListElement\":[{\"@type\":\"ListItem\",\"position\":1,\"name\":\"Anasayfa\",\"item\":\"https:\\\/\\\/bodur.com.tr\\\/\"},{\"@type\":\"ListItem\",\"position\":2,\"name\":\"\u00dcr\u00fcnler\",\"item\":\"https:\\\/\\\/bodur.com.tr\\\/magaza\"},{\"@type\":\"ListItem\",\"position\":3,\"name\":\"BD.2520.1509 Paketleme Masas\u0131\"}]},{\"@type\":\"WebSite\",\"@id\":\"https:\\\/\\\/bodur.com.tr\\\/#website\",\"url\":\"https:\\\/\\\/bodur.com.tr\\\/\",\"name\":\"Bodur End\u00fcstriyel\",\"description\":\"\",\"publisher\":{\"@id\":\"https:\\\/\\\/bodur.com.tr\\\/#organization\"},\"potentialAction\":[{\"@type\":\"SearchAction\",\"target\":{\"@type\":\"EntryPoint\",\"urlTemplate\":\"https:\\\/\\\/bodur.com.tr\\\/?s={search_term_string}\"},\"query-input\":{\"@type\":\"PropertyValueSpecification\",\"valueRequired\":true,\"valueName\":\"search_term_string\"}}],\"inLanguage\":\"nl-NL\"},{\"@type\":\"Organization\",\"@id\":\"https:\\\/\\\/bodur.com.tr\\\/#organization\",\"name\":\"Bodur End\u00fcstriyel\",\"url\":\"https:\\\/\\\/bodur.com.tr\\\/\",\"logo\":{\"@type\":\"ImageObject\",\"inLanguage\":\"nl-NL\",\"@id\":\"https:\\\/\\\/bodur.com.tr\\\/#\\\/schema\\\/logo\\\/image\\\/\",\"url\":\"https:\\\/\\\/bodur.com.tr\\\/wp-content\\\/uploads\\\/51834268_258721005017375_5556593430731161600_n.jpg\",\"contentUrl\":\"https:\\\/\\\/bodur.com.tr\\\/wp-content\\\/uploads\\\/51834268_258721005017375_5556593430731161600_n.jpg\",\"width\":320,\"height\":320,\"caption\":\"Bodur End\u00fcstriyel\"},\"image\":{\"@id\":\"https:\\\/\\\/bodur.com.tr\\\/#\\\/schema\\\/logo\\\/image\\\/\"},\"sameAs\":[\"https:\\\/\\\/www.facebook.com\\\/bodurendustriyel\",\"https:\\\/\\\/www.instagram.com\\\/bodurendustriyel\\\/\",\"https:\\\/\\\/www.youtube.com\\\/user\\\/harunbodur\"]}]}<\/script>\n<!-- \/ Yoast SEO plugin. -->","yoast_head_json":{"title":"BD.2520.1509 Verpakkingstabel","robots":{"index":"index","follow":"follow","max-snippet":"max-snippet:-1","max-image-preview":"max-image-preview:large","max-video-preview":"max-video-preview:-1"},"canonical":"https:\/\/bodur.com.tr\/nl\/product\/bd-2520-1509-paketleme-masasi\/","og_locale":"nl_NL","og_type":"article","og_title":"BD.2520.1509 Paketleme Masas\u0131","og_description":"Geni\u015flik Se\u00e7enekleri: 3 farkl\u0131 geni\u015flikte \u00fcretilebilir: 1200 mm, 1500 mm, 1800 mm  Derinlik: Standart 900 mm  Tabla Malzemesi: 30 mm kal\u0131nl\u0131\u011f\u0131nda beyaz MDF Lam  Y\u00fckseklik Ayar\u0131: Manuel olarak ayarlanabilir. Tabla y\u00fcksekli\u011fi zeminden 670 mm ile 970 mm aras\u0131nda ayarlanabilir  Y\u00fczey Kaplama: Elektrostatik toz boya (Standart renk: RAL 7035)  Toplam Ta\u015f\u0131ma Kapasitesi: 300 kg (e\u015fit yay\u0131l\u0131 y\u00fckte)","og_url":"https:\/\/bodur.com.tr\/nl\/product\/bd-2520-1509-paketleme-masasi\/","og_site_name":"Bodur End\u00fcstriyel","article_publisher":"https:\/\/www.facebook.com\/bodurendustriyel","article_modified_time":"2026-03-21T17:28:22+00:00","og_image":[{"width":2480,"height":2480,"url":"https:\/\/bodur.com.tr\/wp-content\/uploads\/BD.2520.1509_W1500xD940_01.jpg","type":"image\/jpeg"}],"twitter_card":"summary_large_image","schema":{"@context":"https:\/\/schema.org","@graph":[{"@type":"WebPage","@id":"https:\/\/bodur.com.tr\/urun\/bd-2520-1509-paketleme-masasi","url":"https:\/\/bodur.com.tr\/urun\/bd-2520-1509-paketleme-masasi","name":"BD.2520.1509 Verpakkingstabel","isPartOf":{"@id":"https:\/\/bodur.com.tr\/#website"},"primaryImageOfPage":{"@id":"https:\/\/bodur.com.tr\/urun\/bd-2520-1509-paketleme-masasi#primaryimage"},"image":{"@id":"https:\/\/bodur.com.tr\/urun\/bd-2520-1509-paketleme-masasi#primaryimage"},"thumbnailUrl":"https:\/\/bodur.com.tr\/wp-content\/uploads\/BD.2520.1509_W1500xD940_01.jpg","datePublished":"2025-07-03T12:03:58+00:00","dateModified":"2026-03-21T17:28:22+00:00","breadcrumb":{"@id":"https:\/\/bodur.com.tr\/urun\/bd-2520-1509-paketleme-masasi#breadcrumb"},"inLanguage":"nl-NL","potentialAction":[{"@type":"ReadAction","target":["https:\/\/bodur.com.tr\/urun\/bd-2520-1509-paketleme-masasi"]}]},{"@type":"ImageObject","inLanguage":"nl-NL","@id":"https:\/\/bodur.com.tr\/urun\/bd-2520-1509-paketleme-masasi#primaryimage","url":"https:\/\/bodur.com.tr\/wp-content\/uploads\/BD.2520.1509_W1500xD940_01.jpg","contentUrl":"https:\/\/bodur.com.tr\/wp-content\/uploads\/BD.2520.1509_W1500xD940_01.jpg","width":2480,"height":2480,"caption":"BD.2520.1509 Paketleme Masas\u0131"},{"@type":"BreadcrumbList","@id":"https:\/\/bodur.com.tr\/urun\/bd-2520-1509-paketleme-masasi#breadcrumb","itemListElement":[{"@type":"ListItem","position":1,"name":"Anasayfa","item":"https:\/\/bodur.com.tr\/"},{"@type":"ListItem","position":2,"name":"\u00dcr\u00fcnler","item":"https:\/\/bodur.com.tr\/magaza"},{"@type":"ListItem","position":3,"name":"BD.2520.1509 Paketleme Masas\u0131"}]},{"@type":"WebSite","@id":"https:\/\/bodur.com.tr\/#website","url":"https:\/\/bodur.com.tr\/","name":"Bodur Industrieel","description":"","publisher":{"@id":"https:\/\/bodur.com.tr\/#organization"},"potentialAction":[{"@type":"SearchAction","target":{"@type":"EntryPoint","urlTemplate":"https:\/\/bodur.com.tr\/?s={search_term_string}"},"query-input":{"@type":"PropertyValueSpecification","valueRequired":true,"valueName":"search_term_string"}}],"inLanguage":"nl-NL"},{"@type":"Organization","@id":"https:\/\/bodur.com.tr\/#organization","name":"Bodur Industrieel","url":"https:\/\/bodur.com.tr\/","logo":{"@type":"ImageObject","inLanguage":"nl-NL","@id":"https:\/\/bodur.com.tr\/#\/schema\/logo\/image\/","url":"https:\/\/bodur.com.tr\/wp-content\/uploads\/51834268_258721005017375_5556593430731161600_n.jpg","contentUrl":"https:\/\/bodur.com.tr\/wp-content\/uploads\/51834268_258721005017375_5556593430731161600_n.jpg","width":320,"height":320,"caption":"Bodur End\u00fcstriyel"},"image":{"@id":"https:\/\/bodur.com.tr\/#\/schema\/logo\/image\/"},"sameAs":["https:\/\/www.facebook.com\/bodurendustriyel","https:\/\/www.instagram.com\/bodurendustriyel\/","https:\/\/www.youtube.com\/user\/harunbodur"]}]}},"_links":{"self":[{"href":"https:\/\/bodur.com.tr\/nl\/wp-json\/wp\/v2\/product\/40790","targetHints":{"allow":["GET"]}}],"collection":[{"href":"https:\/\/bodur.com.tr\/nl\/wp-json\/wp\/v2\/product"}],"about":[{"href":"https:\/\/bodur.com.tr\/nl\/wp-json\/wp\/v2\/types\/product"}],"wp:featuredmedia":[{"embeddable":true,"href":"https:\/\/bodur.com.tr\/nl\/wp-json\/wp\/v2\/media\/40801"}],"wp:attachment":[{"href":"https:\/\/bodur.com.tr\/nl\/wp-json\/wp\/v2\/media?parent=40790"}],"wp:term":[{"taxonomy":"product_brand","embeddable":true,"href":"https:\/\/bodur.com.tr\/nl\/wp-json\/wp\/v2\/product_brand?post=40790"},{"taxonomy":"product_cat","embeddable":true,"href":"https:\/\/bodur.com.tr\/nl\/wp-json\/wp\/v2\/product_cat?post=40790"},{"taxonomy":"product_tag","embeddable":true,"href":"https:\/\/bodur.com.tr\/nl\/wp-json\/wp\/v2\/product_tag?post=40790"}],"curies":[{"name":"wp","href":"https:\/\/api.w.org\/{rel}","templated":true}]}}