{"id":40691,"date":"2025-06-30T21:51:39","date_gmt":"2025-06-30T18:51:39","guid":{"rendered":"https:\/\/bodur.com.tr\/?post_type=product&#038;p=40691"},"modified":"2025-06-30T21:53:55","modified_gmt":"2025-06-30T18:53:55","slug":"bd-36-24-39-malzeme-dolabi","status":"publish","type":"product","link":"https:\/\/bodur.com.tr\/nl\/urun\/bd-36-24-39-malzeme-dolabi","title":{"rendered":"BD.36.24.39 Materiaalkast"},"content":{"rendered":"<p><strong>Algemene kenmerken:<\/strong><\/p>\n<ul>\n<li>Het is ontworpen voor probleemloos gebruik in veeleisende omgevingen.<\/li>\n<li>Het heeft een robuuste, volledig gelaste carrosserie.<\/li>\n<li>Alle onderdelen zijn bevestigd aan een stevig en duurzaam metalen frame.<\/li>\n<li>Alle bewegende onderdelen zijn geschikt voor gebruik in stoffige en vochtige omgevingen.<\/li>\n<li>De deksels zijn afsluitbaar.<\/li>\n<li>De schappen kunnen naar wens verticaal worden geplaatst met tussenruimtes van 25 mm.<\/li>\n<li>De poten zijn voorzien van kogelgewrichtstelschroeven voor het afstellen op oneffen ondergronden.<\/li>\n<li>Fosfatering wordt v\u00f3\u00f3r het schilderen toegepast om een hoge duurzaamheid van de verf te garanderen.<\/li>\n<li>Er wordt gebruik gemaakt van een poedercoating met structuur om maximale weerstand te bieden tegen stoten en krassen.<\/li>\n<li>Er wordt 2 jaar garantie en ondersteuning met reserveonderdelen geboden.<\/li>\n<\/ul>","protected":false},"excerpt":{"rendered":"<ul>\n<li>De afmetingen zijn H1980xW900xD500mm.<\/li>\n<li>7 Rafl\u0131 Pleksi Kapakl\u0131 G\u00f6vde Tak\u0131m\u0131.<\/li>\n<li>Aanpasbare, demonteerbare modulaire structuur, afhankelijk van het beoogde gebruik.<\/li>\n<li>89 kg exclusief accessoires.<\/li>\n<li>Standaard RAL7016 (antracietgrijs) en RAL7011 (donkergrijs) (verwisselbaar)<\/li>\n<li>DKP-plaatmetaal (0,80 ~ 2,00 mm)<\/li>\n<li>Elektrostatische poedercoating (E\/P)<\/li>\n<li>Galvaniz raf (x7)<\/li>\n<\/ul>","protected":false},"featured_media":40694,"template":"","meta":[],"product_brand":[],"product_cat":[22],"product_tag":[],"class_list":{"0":"post-40691","1":"product","2":"type-product","3":"status-publish","4":"has-post-thumbnail","6":"product_cat-malzeme-dolaplari","8":"first","9":"instock","10":"shipping-taxable","11":"product-type-simple"},"yoast_head":"<!-- This site is optimized with the Yoast SEO plugin v27.4 - https:\/\/yoast.com\/product\/yoast-seo-wordpress\/ -->\n<title>BD.36.24.39 Malzeme Dolab\u0131<\/title>\n<meta name=\"robots\" content=\"index, follow, max-snippet:-1, max-image-preview:large, max-video-preview:-1\" \/>\n<link rel=\"canonical\" href=\"https:\/\/bodur.com.tr\/nl\/product\/bd-36-24-39-malzeme-dolabi\/\" \/>\n<meta property=\"og:locale\" content=\"nl_NL\" \/>\n<meta property=\"og:type\" content=\"article\" \/>\n<meta property=\"og:title\" content=\"BD.36.24.39 Malzeme Dolab\u0131\" \/>\n<meta property=\"og:description\" content=\"H1980xW900xD500mm boyutlar\u0131ndad\u0131r.  7 Rafl\u0131 Pleksi Kapakl\u0131 G\u00f6vde Tak\u0131m\u0131.  Kullan\u0131m amac\u0131na g\u00f6re \u00f6zelle\u015ftirilebilir demonte mod\u00fcler yap\u0131.  Aksesuarlar hari\u00e7 89 kg.  Standart RAL7016 (Antrasit Gri) ve RAL7011 (Koyu Gri) (De\u011fi\u015ftirilebilir)  DKP sac malzeme (0,80 ~ 2,00 mm)  Elektrostatik toz boya (E\/P)  Galvaniz raf (x7)\" \/>\n<meta property=\"og:url\" content=\"https:\/\/bodur.com.tr\/nl\/product\/bd-36-24-39-malzeme-dolabi\/\" \/>\n<meta property=\"og:site_name\" content=\"Bodur End\u00fcstriyel\" \/>\n<meta property=\"article:publisher\" content=\"https:\/\/www.facebook.com\/bodurendustriyel\" \/>\n<meta property=\"article:modified_time\" content=\"2025-06-30T18:53:55+00:00\" \/>\n<meta property=\"og:image\" content=\"https:\/\/bodur.com.tr\/wp-content\/uploads\/BD362439_01-1.jpg\" \/>\n\t<meta property=\"og:image:width\" content=\"2480\" \/>\n\t<meta property=\"og:image:height\" content=\"2480\" \/>\n\t<meta property=\"og:image:type\" content=\"image\/jpeg\" \/>\n<meta name=\"twitter:card\" content=\"summary_large_image\" \/>\n<script type=\"application\/ld+json\" class=\"yoast-schema-graph\">{\"@context\":\"https:\\\/\\\/schema.org\",\"@graph\":[{\"@type\":\"WebPage\",\"@id\":\"https:\\\/\\\/bodur.com.tr\\\/urun\\\/bd-36-24-39-malzeme-dolabi\",\"url\":\"https:\\\/\\\/bodur.com.tr\\\/urun\\\/bd-36-24-39-malzeme-dolabi\",\"name\":\"BD.36.24.39 Malzeme Dolab\u0131\",\"isPartOf\":{\"@id\":\"https:\\\/\\\/bodur.com.tr\\\/#website\"},\"primaryImageOfPage\":{\"@id\":\"https:\\\/\\\/bodur.com.tr\\\/urun\\\/bd-36-24-39-malzeme-dolabi#primaryimage\"},\"image\":{\"@id\":\"https:\\\/\\\/bodur.com.tr\\\/urun\\\/bd-36-24-39-malzeme-dolabi#primaryimage\"},\"thumbnailUrl\":\"https:\\\/\\\/bodur.com.tr\\\/wp-content\\\/uploads\\\/BD362439_01-1.jpg\",\"datePublished\":\"2025-06-30T18:51:39+00:00\",\"dateModified\":\"2025-06-30T18:53:55+00:00\",\"breadcrumb\":{\"@id\":\"https:\\\/\\\/bodur.com.tr\\\/urun\\\/bd-36-24-39-malzeme-dolabi#breadcrumb\"},\"inLanguage\":\"nl-NL\",\"potentialAction\":[{\"@type\":\"ReadAction\",\"target\":[\"https:\\\/\\\/bodur.com.tr\\\/urun\\\/bd-36-24-39-malzeme-dolabi\"]}]},{\"@type\":\"ImageObject\",\"inLanguage\":\"nl-NL\",\"@id\":\"https:\\\/\\\/bodur.com.tr\\\/urun\\\/bd-36-24-39-malzeme-dolabi#primaryimage\",\"url\":\"https:\\\/\\\/bodur.com.tr\\\/wp-content\\\/uploads\\\/BD362439_01-1.jpg\",\"contentUrl\":\"https:\\\/\\\/bodur.com.tr\\\/wp-content\\\/uploads\\\/BD362439_01-1.jpg\",\"width\":2480,\"height\":2480,\"caption\":\"BD.36.24.39 Malzeme Dolab\u0131\"},{\"@type\":\"BreadcrumbList\",\"@id\":\"https:\\\/\\\/bodur.com.tr\\\/urun\\\/bd-36-24-39-malzeme-dolabi#breadcrumb\",\"itemListElement\":[{\"@type\":\"ListItem\",\"position\":1,\"name\":\"Anasayfa\",\"item\":\"https:\\\/\\\/bodur.com.tr\\\/\"},{\"@type\":\"ListItem\",\"position\":2,\"name\":\"\u00dcr\u00fcnler\",\"item\":\"https:\\\/\\\/bodur.com.tr\\\/magaza\"},{\"@type\":\"ListItem\",\"position\":3,\"name\":\"BD.36.24.39 Malzeme Dolab\u0131\"}]},{\"@type\":\"WebSite\",\"@id\":\"https:\\\/\\\/bodur.com.tr\\\/#website\",\"url\":\"https:\\\/\\\/bodur.com.tr\\\/\",\"name\":\"Bodur End\u00fcstriyel\",\"description\":\"\",\"publisher\":{\"@id\":\"https:\\\/\\\/bodur.com.tr\\\/#organization\"},\"potentialAction\":[{\"@type\":\"SearchAction\",\"target\":{\"@type\":\"EntryPoint\",\"urlTemplate\":\"https:\\\/\\\/bodur.com.tr\\\/?s={search_term_string}\"},\"query-input\":{\"@type\":\"PropertyValueSpecification\",\"valueRequired\":true,\"valueName\":\"search_term_string\"}}],\"inLanguage\":\"nl-NL\"},{\"@type\":\"Organization\",\"@id\":\"https:\\\/\\\/bodur.com.tr\\\/#organization\",\"name\":\"Bodur End\u00fcstriyel\",\"url\":\"https:\\\/\\\/bodur.com.tr\\\/\",\"logo\":{\"@type\":\"ImageObject\",\"inLanguage\":\"nl-NL\",\"@id\":\"https:\\\/\\\/bodur.com.tr\\\/#\\\/schema\\\/logo\\\/image\\\/\",\"url\":\"https:\\\/\\\/bodur.com.tr\\\/wp-content\\\/uploads\\\/51834268_258721005017375_5556593430731161600_n.jpg\",\"contentUrl\":\"https:\\\/\\\/bodur.com.tr\\\/wp-content\\\/uploads\\\/51834268_258721005017375_5556593430731161600_n.jpg\",\"width\":320,\"height\":320,\"caption\":\"Bodur End\u00fcstriyel\"},\"image\":{\"@id\":\"https:\\\/\\\/bodur.com.tr\\\/#\\\/schema\\\/logo\\\/image\\\/\"},\"sameAs\":[\"https:\\\/\\\/www.facebook.com\\\/bodurendustriyel\",\"https:\\\/\\\/www.instagram.com\\\/bodurendustriyel\\\/\",\"https:\\\/\\\/www.youtube.com\\\/user\\\/harunbodur\"]}]}<\/script>\n<!-- \/ Yoast SEO plugin. -->","yoast_head_json":{"title":"BD.36.24.39 Materiaalkast","robots":{"index":"index","follow":"follow","max-snippet":"max-snippet:-1","max-image-preview":"max-image-preview:large","max-video-preview":"max-video-preview:-1"},"canonical":"https:\/\/bodur.com.tr\/nl\/product\/bd-36-24-39-malzeme-dolabi\/","og_locale":"nl_NL","og_type":"article","og_title":"BD.36.24.39 Malzeme Dolab\u0131","og_description":"H1980xW900xD500mm boyutlar\u0131ndad\u0131r.  7 Rafl\u0131 Pleksi Kapakl\u0131 G\u00f6vde Tak\u0131m\u0131.  Kullan\u0131m amac\u0131na g\u00f6re \u00f6zelle\u015ftirilebilir demonte mod\u00fcler yap\u0131.  Aksesuarlar hari\u00e7 89 kg.  Standart RAL7016 (Antrasit Gri) ve RAL7011 (Koyu Gri) (De\u011fi\u015ftirilebilir)  DKP sac malzeme (0,80 ~ 2,00 mm)  Elektrostatik toz boya (E\/P)  Galvaniz raf (x7)","og_url":"https:\/\/bodur.com.tr\/nl\/product\/bd-36-24-39-malzeme-dolabi\/","og_site_name":"Bodur End\u00fcstriyel","article_publisher":"https:\/\/www.facebook.com\/bodurendustriyel","article_modified_time":"2025-06-30T18:53:55+00:00","og_image":[{"width":2480,"height":2480,"url":"https:\/\/bodur.com.tr\/wp-content\/uploads\/BD362439_01-1.jpg","type":"image\/jpeg"}],"twitter_card":"summary_large_image","schema":{"@context":"https:\/\/schema.org","@graph":[{"@type":"WebPage","@id":"https:\/\/bodur.com.tr\/urun\/bd-36-24-39-malzeme-dolabi","url":"https:\/\/bodur.com.tr\/urun\/bd-36-24-39-malzeme-dolabi","name":"BD.36.24.39 Materiaalkast","isPartOf":{"@id":"https:\/\/bodur.com.tr\/#website"},"primaryImageOfPage":{"@id":"https:\/\/bodur.com.tr\/urun\/bd-36-24-39-malzeme-dolabi#primaryimage"},"image":{"@id":"https:\/\/bodur.com.tr\/urun\/bd-36-24-39-malzeme-dolabi#primaryimage"},"thumbnailUrl":"https:\/\/bodur.com.tr\/wp-content\/uploads\/BD362439_01-1.jpg","datePublished":"2025-06-30T18:51:39+00:00","dateModified":"2025-06-30T18:53:55+00:00","breadcrumb":{"@id":"https:\/\/bodur.com.tr\/urun\/bd-36-24-39-malzeme-dolabi#breadcrumb"},"inLanguage":"nl-NL","potentialAction":[{"@type":"ReadAction","target":["https:\/\/bodur.com.tr\/urun\/bd-36-24-39-malzeme-dolabi"]}]},{"@type":"ImageObject","inLanguage":"nl-NL","@id":"https:\/\/bodur.com.tr\/urun\/bd-36-24-39-malzeme-dolabi#primaryimage","url":"https:\/\/bodur.com.tr\/wp-content\/uploads\/BD362439_01-1.jpg","contentUrl":"https:\/\/bodur.com.tr\/wp-content\/uploads\/BD362439_01-1.jpg","width":2480,"height":2480,"caption":"BD.36.24.39 Malzeme Dolab\u0131"},{"@type":"BreadcrumbList","@id":"https:\/\/bodur.com.tr\/urun\/bd-36-24-39-malzeme-dolabi#breadcrumb","itemListElement":[{"@type":"ListItem","position":1,"name":"Anasayfa","item":"https:\/\/bodur.com.tr\/"},{"@type":"ListItem","position":2,"name":"\u00dcr\u00fcnler","item":"https:\/\/bodur.com.tr\/magaza"},{"@type":"ListItem","position":3,"name":"BD.36.24.39 Malzeme Dolab\u0131"}]},{"@type":"WebSite","@id":"https:\/\/bodur.com.tr\/#website","url":"https:\/\/bodur.com.tr\/","name":"Bodur Industrieel","description":"","publisher":{"@id":"https:\/\/bodur.com.tr\/#organization"},"potentialAction":[{"@type":"SearchAction","target":{"@type":"EntryPoint","urlTemplate":"https:\/\/bodur.com.tr\/?s={search_term_string}"},"query-input":{"@type":"PropertyValueSpecification","valueRequired":true,"valueName":"search_term_string"}}],"inLanguage":"nl-NL"},{"@type":"Organization","@id":"https:\/\/bodur.com.tr\/#organization","name":"Bodur Industrieel","url":"https:\/\/bodur.com.tr\/","logo":{"@type":"ImageObject","inLanguage":"nl-NL","@id":"https:\/\/bodur.com.tr\/#\/schema\/logo\/image\/","url":"https:\/\/bodur.com.tr\/wp-content\/uploads\/51834268_258721005017375_5556593430731161600_n.jpg","contentUrl":"https:\/\/bodur.com.tr\/wp-content\/uploads\/51834268_258721005017375_5556593430731161600_n.jpg","width":320,"height":320,"caption":"Bodur End\u00fcstriyel"},"image":{"@id":"https:\/\/bodur.com.tr\/#\/schema\/logo\/image\/"},"sameAs":["https:\/\/www.facebook.com\/bodurendustriyel","https:\/\/www.instagram.com\/bodurendustriyel\/","https:\/\/www.youtube.com\/user\/harunbodur"]}]}},"_links":{"self":[{"href":"https:\/\/bodur.com.tr\/nl\/wp-json\/wp\/v2\/product\/40691","targetHints":{"allow":["GET"]}}],"collection":[{"href":"https:\/\/bodur.com.tr\/nl\/wp-json\/wp\/v2\/product"}],"about":[{"href":"https:\/\/bodur.com.tr\/nl\/wp-json\/wp\/v2\/types\/product"}],"wp:featuredmedia":[{"embeddable":true,"href":"https:\/\/bodur.com.tr\/nl\/wp-json\/wp\/v2\/media\/40694"}],"wp:attachment":[{"href":"https:\/\/bodur.com.tr\/nl\/wp-json\/wp\/v2\/media?parent=40691"}],"wp:term":[{"taxonomy":"product_brand","embeddable":true,"href":"https:\/\/bodur.com.tr\/nl\/wp-json\/wp\/v2\/product_brand?post=40691"},{"taxonomy":"product_cat","embeddable":true,"href":"https:\/\/bodur.com.tr\/nl\/wp-json\/wp\/v2\/product_cat?post=40691"},{"taxonomy":"product_tag","embeddable":true,"href":"https:\/\/bodur.com.tr\/nl\/wp-json\/wp\/v2\/product_tag?post=40691"}],"curies":[{"name":"wp","href":"https:\/\/api.w.org\/{rel}","templated":true}]}}