{"id":40554,"date":"2025-06-29T20:16:19","date_gmt":"2025-06-29T17:16:19","guid":{"rendered":"https:\/\/bodur.com.tr\/?post_type=product&#038;p=40554"},"modified":"2025-06-30T20:43:57","modified_gmt":"2025-06-30T17:43:57","slug":"bd-2552-0801-cekmeceli-kalip-rafi","status":"publish","type":"product","link":"https:\/\/bodur.com.tr\/nl\/urun\/bd-2552-0801-cekmeceli-kalip-rafi","title":{"rendered":"BD.2552.0801 \u00c7ekmeceli Kal\u0131p Raf\u0131 %100"},"content":{"rendered":"<p>De normen voor industri\u00eble opslag opnieuw defini\u00ebren. <strong>Robuust uittrekbaar stellingsysteem<\/strong>, Het combineert een superieur draagvermogen met maximale ergonomie. Elk detail van dit systeem is tijdens de ontwerpfase zorgvuldig ontwikkeld; het is een ideale, duurzame oplossing voor werkplaatsen, productielijnen, onderdelenmagazijnen en logistieke centra.<\/p>\n<table>\n<thead>\n<tr>\n<td><strong>Voordeel<\/strong><\/td>\n<td><strong>Uitleg<\/strong><\/td>\n<\/tr>\n<\/thead>\n<tbody>\n<tr>\n<td><strong>Hoge draagcapaciteit<\/strong><\/td>\n<td>Draagvermogen tot 1000 kg per lade en tot 9000 kg per vak. *Het draagvermogen varieert tussen 800 en 1000 kg, afhankelijk van de diepte van de planken.<\/td>\n<\/tr>\n<tr>\n<td><strong>Volledig en gedeeltelijk intrekbare frames<\/strong><\/td>\n<td>%65 ve %100 a\u00e7\u0131labilir \u00e7ekmece se\u00e7enekleri sayesinde y\u00fcke tam eri\u015fim; g\u00fcvenli durdurma kilidi ile emniyetli \u00e7al\u0131\u015fma.<\/td>\n<\/tr>\n<tr>\n<td><strong>Modulair ontwerp<\/strong><\/td>\n<td>Breedtes van 890 mm, 1090 mm en 1290 mm kunnen worden gecombineerd met dieptes van 860 mm, 1060 mm en 1260 mm. Eenvoudige aanpassing aan toekomstige capaciteitsuitbreidingen.<\/td>\n<\/tr>\n<tr>\n<td><strong>Eenvoudige installatie en verankering<\/strong><\/td>\n<td>Verstelbare nivelleerplaten, afhankelijk van de hoogte van het terrein, zorgen voor een snelle verankering in betonnen vloeren, waardoor aardbevingsbestendigheid en langdurige stabiliteit worden gegarandeerd.<\/td>\n<\/tr>\n<tr>\n<td><strong>Ergonomie en arbeidsveiligheid<\/strong><\/td>\n<td>De lades vergrendelen zichzelf wanneer ze volledig open zijn, waardoor onbedoelde beweging tijdens het in- en uitladen wordt voorkomen.<\/td>\n<\/tr>\n<\/tbody>\n<\/table>\n<h4>Gebruiksscenario&#039;s<\/h4>\n<ul>\n<li><strong>Magazijnen voor zwaar gereedschap en mallen<\/strong> \u2013 CNC-werkplaatsen, afdelingen voor matrijsonderhoud<\/li>\n<li><strong>Opslagruimtes voor motoren en transmissies<\/strong> \u2013 Autoservicecentra, revisiebedrijven<\/li>\n<li><strong>Beheer van onderdelen met hoge dichtheid<\/strong> \u2013 Reserveonderdelen voor de lucht- en ruimtevaart- en defensie-industrie<\/li>\n<li><strong>Logistiek en consolidatie v\u00f3\u00f3r verzending<\/strong> \u2013 Vrachtknooppunten, distributiecentra<\/li>\n<\/ul>\n<h3>Speciaal voor jou ontworpen, gebouwd om je workflow te optimaliseren.<\/h3>\n<p>Mold Racking combineert de draagkracht en veiligheidseisen van veeleisende industri\u00eble omgevingen met een esthetisch aantrekkelijk ontwerp. Wilt u uw opslagcapaciteit vergroten, ruimte per vierkante meter besparen, de veiligheid op de werkplek verbeteren en tijd besparen? Dan is ons Mold Racking-systeem de perfecte oplossing!<\/p>\n<p><strong>Breng de productiviteit in uw bedrijf naar een hoger niveau. .<\/strong><\/p>","protected":false},"excerpt":{"rendered":"<p><strong>Technische specificaties<\/strong><\/p>\n<ul>\n<li><strong>Frametypen:<\/strong> Sabit, %65 a\u00e7\u0131l\u0131ml\u0131 \u00e7ekmece ve %100 a\u00e7\u0131l\u0131ml\u0131 \u00e7ekmece<\/li>\n<li><strong>Draagvermogen:<\/strong> 800 \u2013 1000 kg \/ lade | 9000 kg \/ veld<\/li>\n<li><strong>Plankdieptes (T):<\/strong> 860 mm | 1060 mm | 1260 mm<\/li>\n<li><strong>Oppervlaktebreedtes (A):<\/strong> 890 mm | 1090 mm | 1290 mm<\/li>\n<li><strong>Plankhoogte:<\/strong> 2500 mm<\/li>\n<li><strong>Materiaal \/ Oppervlak:<\/strong> Frame van zeer sterk staal, elektrostatische poedercoating.<\/li>\n<\/ul>","protected":false},"featured_media":40555,"template":"","meta":[],"product_brand":[],"product_cat":[31],"product_tag":[],"class_list":{"0":"post-40554","1":"product","2":"type-product","3":"status-publish","4":"has-post-thumbnail","6":"product_cat-kalip-raflari","8":"first","9":"instock","10":"shipping-taxable","11":"product-type-simple"},"yoast_head":"<!-- This site is optimized with the Yoast SEO plugin v27.4 - https:\/\/yoast.com\/product\/yoast-seo-wordpress\/ -->\n<title>BD.2552.0801 \u00c7ekmeceli Kal\u0131p Raf\u0131 %100<\/title>\n<meta name=\"robots\" content=\"index, follow, max-snippet:-1, max-image-preview:large, max-video-preview:-1\" \/>\n<link rel=\"canonical\" href=\"https:\/\/bodur.com.tr\/nl\/product\/bd-2552-0801-cekmeceli-kalip-rafi\/\" \/>\n<meta property=\"og:locale\" content=\"nl_NL\" \/>\n<meta property=\"og:type\" content=\"article\" \/>\n<meta property=\"og:title\" content=\"BD.2552.0801 \u00c7ekmeceli Kal\u0131p Raf\u0131 %100\" \/>\n<meta property=\"og:description\" content=\"Teknik \u00d6zellikler   \u00c7er\u00e7eve Tipleri: Sabit, %65 a\u00e7\u0131l\u0131ml\u0131 \u00e7ekmece ve %100 a\u00e7\u0131l\u0131ml\u0131 \u00e7ekmece  Ta\u015f\u0131ma Kapasitesi: 800 \u2013 1000 kg \/ \u00e7ekmece | 9 000 kg \/ saha  Raf Derinlikleri (T): 860 mm | 1060 mm | 1260 mm  Alan Geni\u015flikleri (A): 890 mm | 1090 mm | 1290 mm  Raf Y\u00fcksekli\u011fi : 2500 mm  Malzeme \/ Y\u00fczey: Y\u00fcksek mukavemetli \u00e7elik karkas, elektrostatik toz boya\" \/>\n<meta property=\"og:url\" content=\"https:\/\/bodur.com.tr\/nl\/product\/bd-2552-0801-cekmeceli-kalip-rafi\/\" \/>\n<meta property=\"og:site_name\" content=\"Bodur End\u00fcstriyel\" \/>\n<meta property=\"article:publisher\" content=\"https:\/\/www.facebook.com\/bodurendustriyel\" \/>\n<meta property=\"article:modified_time\" content=\"2025-06-30T17:43:57+00:00\" \/>\n<meta property=\"og:image\" content=\"https:\/\/bodur.com.tr\/wp-content\/uploads\/BD-2552-0801890x860-100_01.jpg\" \/>\n\t<meta property=\"og:image:width\" content=\"2480\" \/>\n\t<meta property=\"og:image:height\" content=\"2480\" \/>\n\t<meta property=\"og:image:type\" content=\"image\/jpeg\" \/>\n<meta name=\"twitter:card\" content=\"summary_large_image\" \/>\n<script type=\"application\/ld+json\" class=\"yoast-schema-graph\">{\"@context\":\"https:\\\/\\\/schema.org\",\"@graph\":[{\"@type\":\"WebPage\",\"@id\":\"https:\\\/\\\/bodur.com.tr\\\/urun\\\/bd-2552-0801-cekmeceli-kalip-rafi\",\"url\":\"https:\\\/\\\/bodur.com.tr\\\/urun\\\/bd-2552-0801-cekmeceli-kalip-rafi\",\"name\":\"BD.2552.0801 \u00c7ekmeceli Kal\u0131p Raf\u0131 %100\",\"isPartOf\":{\"@id\":\"https:\\\/\\\/bodur.com.tr\\\/#website\"},\"primaryImageOfPage\":{\"@id\":\"https:\\\/\\\/bodur.com.tr\\\/urun\\\/bd-2552-0801-cekmeceli-kalip-rafi#primaryimage\"},\"image\":{\"@id\":\"https:\\\/\\\/bodur.com.tr\\\/urun\\\/bd-2552-0801-cekmeceli-kalip-rafi#primaryimage\"},\"thumbnailUrl\":\"https:\\\/\\\/bodur.com.tr\\\/wp-content\\\/uploads\\\/BD-2552-0801890x860-100_01.jpg\",\"datePublished\":\"2025-06-29T17:16:19+00:00\",\"dateModified\":\"2025-06-30T17:43:57+00:00\",\"breadcrumb\":{\"@id\":\"https:\\\/\\\/bodur.com.tr\\\/urun\\\/bd-2552-0801-cekmeceli-kalip-rafi#breadcrumb\"},\"inLanguage\":\"nl-NL\",\"potentialAction\":[{\"@type\":\"ReadAction\",\"target\":[\"https:\\\/\\\/bodur.com.tr\\\/urun\\\/bd-2552-0801-cekmeceli-kalip-rafi\"]}]},{\"@type\":\"ImageObject\",\"inLanguage\":\"nl-NL\",\"@id\":\"https:\\\/\\\/bodur.com.tr\\\/urun\\\/bd-2552-0801-cekmeceli-kalip-rafi#primaryimage\",\"url\":\"https:\\\/\\\/bodur.com.tr\\\/wp-content\\\/uploads\\\/BD-2552-0801890x860-100_01.jpg\",\"contentUrl\":\"https:\\\/\\\/bodur.com.tr\\\/wp-content\\\/uploads\\\/BD-2552-0801890x860-100_01.jpg\",\"width\":2480,\"height\":2480,\"caption\":\"BD.2552.0801 \u00c7ekmeceli Kal\u0131p Raf\u0131\"},{\"@type\":\"BreadcrumbList\",\"@id\":\"https:\\\/\\\/bodur.com.tr\\\/urun\\\/bd-2552-0801-cekmeceli-kalip-rafi#breadcrumb\",\"itemListElement\":[{\"@type\":\"ListItem\",\"position\":1,\"name\":\"Anasayfa\",\"item\":\"https:\\\/\\\/bodur.com.tr\\\/\"},{\"@type\":\"ListItem\",\"position\":2,\"name\":\"\u00dcr\u00fcnler\",\"item\":\"https:\\\/\\\/bodur.com.tr\\\/magaza\"},{\"@type\":\"ListItem\",\"position\":3,\"name\":\"BD.2552.0801 \u00c7ekmeceli Kal\u0131p Raf\u0131 %100\"}]},{\"@type\":\"WebSite\",\"@id\":\"https:\\\/\\\/bodur.com.tr\\\/#website\",\"url\":\"https:\\\/\\\/bodur.com.tr\\\/\",\"name\":\"Bodur End\u00fcstriyel\",\"description\":\"\",\"publisher\":{\"@id\":\"https:\\\/\\\/bodur.com.tr\\\/#organization\"},\"potentialAction\":[{\"@type\":\"SearchAction\",\"target\":{\"@type\":\"EntryPoint\",\"urlTemplate\":\"https:\\\/\\\/bodur.com.tr\\\/?s={search_term_string}\"},\"query-input\":{\"@type\":\"PropertyValueSpecification\",\"valueRequired\":true,\"valueName\":\"search_term_string\"}}],\"inLanguage\":\"nl-NL\"},{\"@type\":\"Organization\",\"@id\":\"https:\\\/\\\/bodur.com.tr\\\/#organization\",\"name\":\"Bodur End\u00fcstriyel\",\"url\":\"https:\\\/\\\/bodur.com.tr\\\/\",\"logo\":{\"@type\":\"ImageObject\",\"inLanguage\":\"nl-NL\",\"@id\":\"https:\\\/\\\/bodur.com.tr\\\/#\\\/schema\\\/logo\\\/image\\\/\",\"url\":\"https:\\\/\\\/bodur.com.tr\\\/wp-content\\\/uploads\\\/51834268_258721005017375_5556593430731161600_n.jpg\",\"contentUrl\":\"https:\\\/\\\/bodur.com.tr\\\/wp-content\\\/uploads\\\/51834268_258721005017375_5556593430731161600_n.jpg\",\"width\":320,\"height\":320,\"caption\":\"Bodur End\u00fcstriyel\"},\"image\":{\"@id\":\"https:\\\/\\\/bodur.com.tr\\\/#\\\/schema\\\/logo\\\/image\\\/\"},\"sameAs\":[\"https:\\\/\\\/www.facebook.com\\\/bodurendustriyel\",\"https:\\\/\\\/www.instagram.com\\\/bodurendustriyel\\\/\",\"https:\\\/\\\/www.youtube.com\\\/user\\\/harunbodur\"]}]}<\/script>\n<!-- \/ Yoast SEO plugin. -->","yoast_head_json":{"title":"BD.2552.0801 \u00c7ekmeceli Kal\u0131p Raf\u0131 %100","robots":{"index":"index","follow":"follow","max-snippet":"max-snippet:-1","max-image-preview":"max-image-preview:large","max-video-preview":"max-video-preview:-1"},"canonical":"https:\/\/bodur.com.tr\/nl\/product\/bd-2552-0801-cekmeceli-kalip-rafi\/","og_locale":"nl_NL","og_type":"article","og_title":"BD.2552.0801 \u00c7ekmeceli Kal\u0131p Raf\u0131 %100","og_description":"Teknik \u00d6zellikler   \u00c7er\u00e7eve Tipleri: Sabit, %65 a\u00e7\u0131l\u0131ml\u0131 \u00e7ekmece ve %100 a\u00e7\u0131l\u0131ml\u0131 \u00e7ekmece  Ta\u015f\u0131ma Kapasitesi: 800 \u2013 1000 kg \/ \u00e7ekmece | 9 000 kg \/ saha  Raf Derinlikleri (T): 860 mm | 1060 mm | 1260 mm  Alan Geni\u015flikleri (A): 890 mm | 1090 mm | 1290 mm  Raf Y\u00fcksekli\u011fi : 2500 mm  Malzeme \/ Y\u00fczey: Y\u00fcksek mukavemetli \u00e7elik karkas, elektrostatik toz boya","og_url":"https:\/\/bodur.com.tr\/nl\/product\/bd-2552-0801-cekmeceli-kalip-rafi\/","og_site_name":"Bodur End\u00fcstriyel","article_publisher":"https:\/\/www.facebook.com\/bodurendustriyel","article_modified_time":"2025-06-30T17:43:57+00:00","og_image":[{"width":2480,"height":2480,"url":"https:\/\/bodur.com.tr\/wp-content\/uploads\/BD-2552-0801890x860-100_01.jpg","type":"image\/jpeg"}],"twitter_card":"summary_large_image","schema":{"@context":"https:\/\/schema.org","@graph":[{"@type":"WebPage","@id":"https:\/\/bodur.com.tr\/urun\/bd-2552-0801-cekmeceli-kalip-rafi","url":"https:\/\/bodur.com.tr\/urun\/bd-2552-0801-cekmeceli-kalip-rafi","name":"BD.2552.0801 \u00c7ekmeceli Kal\u0131p Raf\u0131 %100","isPartOf":{"@id":"https:\/\/bodur.com.tr\/#website"},"primaryImageOfPage":{"@id":"https:\/\/bodur.com.tr\/urun\/bd-2552-0801-cekmeceli-kalip-rafi#primaryimage"},"image":{"@id":"https:\/\/bodur.com.tr\/urun\/bd-2552-0801-cekmeceli-kalip-rafi#primaryimage"},"thumbnailUrl":"https:\/\/bodur.com.tr\/wp-content\/uploads\/BD-2552-0801890x860-100_01.jpg","datePublished":"2025-06-29T17:16:19+00:00","dateModified":"2025-06-30T17:43:57+00:00","breadcrumb":{"@id":"https:\/\/bodur.com.tr\/urun\/bd-2552-0801-cekmeceli-kalip-rafi#breadcrumb"},"inLanguage":"nl-NL","potentialAction":[{"@type":"ReadAction","target":["https:\/\/bodur.com.tr\/urun\/bd-2552-0801-cekmeceli-kalip-rafi"]}]},{"@type":"ImageObject","inLanguage":"nl-NL","@id":"https:\/\/bodur.com.tr\/urun\/bd-2552-0801-cekmeceli-kalip-rafi#primaryimage","url":"https:\/\/bodur.com.tr\/wp-content\/uploads\/BD-2552-0801890x860-100_01.jpg","contentUrl":"https:\/\/bodur.com.tr\/wp-content\/uploads\/BD-2552-0801890x860-100_01.jpg","width":2480,"height":2480,"caption":"BD.2552.0801 \u00c7ekmeceli Kal\u0131p Raf\u0131"},{"@type":"BreadcrumbList","@id":"https:\/\/bodur.com.tr\/urun\/bd-2552-0801-cekmeceli-kalip-rafi#breadcrumb","itemListElement":[{"@type":"ListItem","position":1,"name":"Anasayfa","item":"https:\/\/bodur.com.tr\/"},{"@type":"ListItem","position":2,"name":"\u00dcr\u00fcnler","item":"https:\/\/bodur.com.tr\/magaza"},{"@type":"ListItem","position":3,"name":"BD.2552.0801 \u00c7ekmeceli Kal\u0131p Raf\u0131 %100"}]},{"@type":"WebSite","@id":"https:\/\/bodur.com.tr\/#website","url":"https:\/\/bodur.com.tr\/","name":"Bodur Industrieel","description":"","publisher":{"@id":"https:\/\/bodur.com.tr\/#organization"},"potentialAction":[{"@type":"SearchAction","target":{"@type":"EntryPoint","urlTemplate":"https:\/\/bodur.com.tr\/?s={search_term_string}"},"query-input":{"@type":"PropertyValueSpecification","valueRequired":true,"valueName":"search_term_string"}}],"inLanguage":"nl-NL"},{"@type":"Organization","@id":"https:\/\/bodur.com.tr\/#organization","name":"Bodur Industrieel","url":"https:\/\/bodur.com.tr\/","logo":{"@type":"ImageObject","inLanguage":"nl-NL","@id":"https:\/\/bodur.com.tr\/#\/schema\/logo\/image\/","url":"https:\/\/bodur.com.tr\/wp-content\/uploads\/51834268_258721005017375_5556593430731161600_n.jpg","contentUrl":"https:\/\/bodur.com.tr\/wp-content\/uploads\/51834268_258721005017375_5556593430731161600_n.jpg","width":320,"height":320,"caption":"Bodur End\u00fcstriyel"},"image":{"@id":"https:\/\/bodur.com.tr\/#\/schema\/logo\/image\/"},"sameAs":["https:\/\/www.facebook.com\/bodurendustriyel","https:\/\/www.instagram.com\/bodurendustriyel\/","https:\/\/www.youtube.com\/user\/harunbodur"]}]}},"_links":{"self":[{"href":"https:\/\/bodur.com.tr\/nl\/wp-json\/wp\/v2\/product\/40554","targetHints":{"allow":["GET"]}}],"collection":[{"href":"https:\/\/bodur.com.tr\/nl\/wp-json\/wp\/v2\/product"}],"about":[{"href":"https:\/\/bodur.com.tr\/nl\/wp-json\/wp\/v2\/types\/product"}],"wp:featuredmedia":[{"embeddable":true,"href":"https:\/\/bodur.com.tr\/nl\/wp-json\/wp\/v2\/media\/40555"}],"wp:attachment":[{"href":"https:\/\/bodur.com.tr\/nl\/wp-json\/wp\/v2\/media?parent=40554"}],"wp:term":[{"taxonomy":"product_brand","embeddable":true,"href":"https:\/\/bodur.com.tr\/nl\/wp-json\/wp\/v2\/product_brand?post=40554"},{"taxonomy":"product_cat","embeddable":true,"href":"https:\/\/bodur.com.tr\/nl\/wp-json\/wp\/v2\/product_cat?post=40554"},{"taxonomy":"product_tag","embeddable":true,"href":"https:\/\/bodur.com.tr\/nl\/wp-json\/wp\/v2\/product_tag?post=40554"}],"curies":[{"name":"wp","href":"https:\/\/api.w.org\/{rel}","templated":true}]}}