{"id":40467,"date":"2025-06-29T18:29:13","date_gmt":"2025-06-29T15:29:13","guid":{"rendered":"https:\/\/bodur.com.tr\/?post_type=product&#038;p=40467"},"modified":"2025-06-29T18:30:31","modified_gmt":"2025-06-29T15:30:31","slug":"bd-2511-1502-conceptline","status":"publish","type":"product","link":"https:\/\/bodur.com.tr\/nl\/urun\/bd-2511-1502-conceptline","title":{"rendered":"BD.2511.1502 Conceptlijn"},"content":{"rendered":"<p>De Concept Ergonomische Werkbank is een werkstation dat speciaal is ontwikkeld voor de hedendaagse productie- en assemblagebehoeften. Het onderscheidt zich door zijn robuuste constructie, lange levensduur en flexibele compatibiliteit met accessoires. Het ontwerp is gebaseerd op de principes van ergonomie, modulariteit en robuustheid.<\/p>\n<p><strong>Structurele kenmerken en materiaalkwaliteit<\/strong><\/p>\n<ul>\n<li>Het belangrijkste draagsysteem is gemaakt van 2 mm dik DKP-plaatstaal, wat zorgt voor een hoge sterkte.<\/li>\n<li>Door speciale buigvormen toe te passen op alle carrosseriedelen wordt de stijfheid van de structuur vergroot en is deze jarenlang bestand tegen vervorming.<\/li>\n<li>Het is bestand tegen corrosie en krassen dankzij de elektrostatische poedercoating.<\/li>\n<li>Verstelbare stelvoeten die contact maken met de grond zorgen voor een stabiele stand, zelfs op hellende oppervlakken.<\/li>\n<\/ul>\n<p><strong>Plafondverlichting en balanssysteem<\/strong><\/p>\n<ul>\n<li>\u00a0De verrijdbare transportwagen aan de achterzijde van de bovenste verlichtingsmodule maakt de montage van balancers voor diverse productiegereedschappen mogelijk.<\/li>\n<li>Dit systeem zorgt ervoor dat handgereedschap gemakkelijk toegankelijk en stabiel opgeborgen is.<\/li>\n<\/ul>\n<p><strong>Tabelspecificaties<\/strong><\/p>\n<ul>\n<li>Standaard tafelblad: 30 mm dik, duurzaam en gemakkelijk te reinigen wit MDFLAM.<\/li>\n<li>Het kan naar wens worden aangepast met verschillende materialen en kleuren.<\/li>\n<\/ul>\n<p><strong>Modulariteit en accessoire-opties<\/strong><\/p>\n<p>Het product kan volledig worden aangepast met een breed scala aan modulaire accessoires:<\/p>\n<ul>\n<li>Bovenste planken<\/li>\n<li>Verlichtingssystemen<\/li>\n<li>Stroomaansluitingen<\/li>\n<li>Gereedschapsmontageplaten<\/li>\n<li>Spoorwegsystemen<\/li>\n<li>ESD-oplossingen<\/li>\n<li>Balancer-dragers<\/li>\n<li>Hoogwaardige systemen, met hun kanaalstructuur, maken een eenvoudige integratie van alle accessoires mogelijk.<\/li>\n<\/ul>\n<p><strong>Toepassingsgebieden<\/strong><\/p>\n<ul>\n<li>Elektronische en mechanische assemblagelijnen<\/li>\n<li>Kwaliteitscontrole- en teststations<\/li>\n<li>Onderzoeks- en ontwikkelingslaboratoria en technische laboratoria<\/li>\n<li>Lichtproductie- en onderhoudsgebieden<\/li>\n<li>Technische onderwijs- en trainingsomgevingen<\/li>\n<\/ul>\n<p><strong>Technische normen<\/strong><\/p>\n<ul>\n<li>Statisch draagvermogen: 750 kg<\/li>\n<\/ul>","protected":false},"excerpt":{"rendered":"<p>Een modulaire werkoplossing die hoge duurzaamheid, flexibiliteit en gebruiksgemak biedt in industri\u00eble productie- en assemblageomgevingen.<\/p>\n<p><strong>Afmetingen en ergonomisch ontwerp<\/strong><\/p>\n<ul>\n<li>Breedteopties: 1500 mm en 1800 mm<\/li>\n<li>Tafelhoogteverstelling: Eenvoudig handmatig instelbaar tussen 700 mm en 1100 mm vanaf de grond.<\/li>\n<li>Het biedt ergonomische aanpassingen aan verschillende gebruikerslengtes en voorkeuren voor zittend\/staand werken.<\/li>\n<\/ul>","protected":false},"featured_media":40468,"template":"","meta":[],"product_brand":[],"product_cat":[156],"product_tag":[],"class_list":{"0":"post-40467","1":"product","2":"type-product","3":"status-publish","4":"has-post-thumbnail","6":"product_cat-konsept-calisma-masalari","8":"first","9":"instock","10":"shipping-taxable","11":"product-type-simple"},"yoast_head":"<!-- This site is optimized with the Yoast SEO plugin v27.4 - https:\/\/yoast.com\/product\/yoast-seo-wordpress\/ -->\n<title>BD.2511.1502 Conceptline<\/title>\n<meta name=\"robots\" content=\"index, follow, max-snippet:-1, max-image-preview:large, max-video-preview:-1\" \/>\n<link rel=\"canonical\" href=\"https:\/\/bodur.com.tr\/nl\/product\/bd-2511-1502-conceptline\/\" \/>\n<meta property=\"og:locale\" content=\"nl_NL\" \/>\n<meta property=\"og:type\" content=\"article\" \/>\n<meta property=\"og:title\" content=\"BD.2511.1502 Conceptline\" \/>\n<meta property=\"og:description\" content=\"End\u00fcstriyel \u00fcretim ve montaj alanlar\u0131nda y\u00fcksek dayan\u0131m, esneklik ve kullan\u0131c\u0131 konforu sunan mod\u00fcler \u00e7al\u0131\u015fma \u00e7\u00f6z\u00fcm\u00fc.  \u00d6l\u00e7\u00fcler ve Ergonomik Tasar\u0131m   Geni\u015flik se\u00e7enekleri: 1500 mm ve 1800 mm  Tabla y\u00fckseklik ayar\u0131: Manuel olarak yerden 700 mm ile 1100 mm aras\u0131nda kolayca ayarlanabilir.  Farkl\u0131 kullan\u0131c\u0131 boylar\u0131na ve oturarak\/ayakta \u00e7al\u0131\u015fma tercihlerine g\u00f6re ergonomik uyum sa\u011flar.\" \/>\n<meta property=\"og:url\" content=\"https:\/\/bodur.com.tr\/nl\/product\/bd-2511-1502-conceptline\/\" \/>\n<meta property=\"og:site_name\" content=\"Bodur End\u00fcstriyel\" \/>\n<meta property=\"article:publisher\" content=\"https:\/\/www.facebook.com\/bodurendustriyel\" \/>\n<meta property=\"article:modified_time\" content=\"2025-06-29T15:30:31+00:00\" \/>\n<meta property=\"og:image\" content=\"https:\/\/bodur.com.tr\/wp-content\/uploads\/BD.2511.1502_ConceptLineW1500xD750_01.jpg\" \/>\n\t<meta property=\"og:image:width\" content=\"2480\" \/>\n\t<meta property=\"og:image:height\" content=\"2480\" \/>\n\t<meta property=\"og:image:type\" content=\"image\/jpeg\" \/>\n<meta name=\"twitter:card\" content=\"summary_large_image\" \/>\n<script type=\"application\/ld+json\" class=\"yoast-schema-graph\">{\"@context\":\"https:\\\/\\\/schema.org\",\"@graph\":[{\"@type\":\"WebPage\",\"@id\":\"https:\\\/\\\/bodur.com.tr\\\/urun\\\/bd-2511-1502-conceptline\",\"url\":\"https:\\\/\\\/bodur.com.tr\\\/urun\\\/bd-2511-1502-conceptline\",\"name\":\"BD.2511.1502 Conceptline\",\"isPartOf\":{\"@id\":\"https:\\\/\\\/bodur.com.tr\\\/#website\"},\"primaryImageOfPage\":{\"@id\":\"https:\\\/\\\/bodur.com.tr\\\/urun\\\/bd-2511-1502-conceptline#primaryimage\"},\"image\":{\"@id\":\"https:\\\/\\\/bodur.com.tr\\\/urun\\\/bd-2511-1502-conceptline#primaryimage\"},\"thumbnailUrl\":\"https:\\\/\\\/bodur.com.tr\\\/wp-content\\\/uploads\\\/BD.2511.1502_ConceptLineW1500xD750_01.jpg\",\"datePublished\":\"2025-06-29T15:29:13+00:00\",\"dateModified\":\"2025-06-29T15:30:31+00:00\",\"breadcrumb\":{\"@id\":\"https:\\\/\\\/bodur.com.tr\\\/urun\\\/bd-2511-1502-conceptline#breadcrumb\"},\"inLanguage\":\"nl-NL\",\"potentialAction\":[{\"@type\":\"ReadAction\",\"target\":[\"https:\\\/\\\/bodur.com.tr\\\/urun\\\/bd-2511-1502-conceptline\"]}]},{\"@type\":\"ImageObject\",\"inLanguage\":\"nl-NL\",\"@id\":\"https:\\\/\\\/bodur.com.tr\\\/urun\\\/bd-2511-1502-conceptline#primaryimage\",\"url\":\"https:\\\/\\\/bodur.com.tr\\\/wp-content\\\/uploads\\\/BD.2511.1502_ConceptLineW1500xD750_01.jpg\",\"contentUrl\":\"https:\\\/\\\/bodur.com.tr\\\/wp-content\\\/uploads\\\/BD.2511.1502_ConceptLineW1500xD750_01.jpg\",\"width\":2480,\"height\":2480,\"caption\":\"BD.2511.1502 ConceptLine \u00e7al\u0131\u015fma masas\u0131\"},{\"@type\":\"BreadcrumbList\",\"@id\":\"https:\\\/\\\/bodur.com.tr\\\/urun\\\/bd-2511-1502-conceptline#breadcrumb\",\"itemListElement\":[{\"@type\":\"ListItem\",\"position\":1,\"name\":\"Anasayfa\",\"item\":\"https:\\\/\\\/bodur.com.tr\\\/\"},{\"@type\":\"ListItem\",\"position\":2,\"name\":\"\u00dcr\u00fcnler\",\"item\":\"https:\\\/\\\/bodur.com.tr\\\/magaza\"},{\"@type\":\"ListItem\",\"position\":3,\"name\":\"BD.2511.1502 Conceptline\"}]},{\"@type\":\"WebSite\",\"@id\":\"https:\\\/\\\/bodur.com.tr\\\/#website\",\"url\":\"https:\\\/\\\/bodur.com.tr\\\/\",\"name\":\"Bodur End\u00fcstriyel\",\"description\":\"\",\"publisher\":{\"@id\":\"https:\\\/\\\/bodur.com.tr\\\/#organization\"},\"potentialAction\":[{\"@type\":\"SearchAction\",\"target\":{\"@type\":\"EntryPoint\",\"urlTemplate\":\"https:\\\/\\\/bodur.com.tr\\\/?s={search_term_string}\"},\"query-input\":{\"@type\":\"PropertyValueSpecification\",\"valueRequired\":true,\"valueName\":\"search_term_string\"}}],\"inLanguage\":\"nl-NL\"},{\"@type\":\"Organization\",\"@id\":\"https:\\\/\\\/bodur.com.tr\\\/#organization\",\"name\":\"Bodur End\u00fcstriyel\",\"url\":\"https:\\\/\\\/bodur.com.tr\\\/\",\"logo\":{\"@type\":\"ImageObject\",\"inLanguage\":\"nl-NL\",\"@id\":\"https:\\\/\\\/bodur.com.tr\\\/#\\\/schema\\\/logo\\\/image\\\/\",\"url\":\"https:\\\/\\\/bodur.com.tr\\\/wp-content\\\/uploads\\\/51834268_258721005017375_5556593430731161600_n.jpg\",\"contentUrl\":\"https:\\\/\\\/bodur.com.tr\\\/wp-content\\\/uploads\\\/51834268_258721005017375_5556593430731161600_n.jpg\",\"width\":320,\"height\":320,\"caption\":\"Bodur End\u00fcstriyel\"},\"image\":{\"@id\":\"https:\\\/\\\/bodur.com.tr\\\/#\\\/schema\\\/logo\\\/image\\\/\"},\"sameAs\":[\"https:\\\/\\\/www.facebook.com\\\/bodurendustriyel\",\"https:\\\/\\\/www.instagram.com\\\/bodurendustriyel\\\/\",\"https:\\\/\\\/www.youtube.com\\\/user\\\/harunbodur\"]}]}<\/script>\n<!-- \/ Yoast SEO plugin. -->","yoast_head_json":{"title":"BD.2511.1502 Conceptlijn","robots":{"index":"index","follow":"follow","max-snippet":"max-snippet:-1","max-image-preview":"max-image-preview:large","max-video-preview":"max-video-preview:-1"},"canonical":"https:\/\/bodur.com.tr\/nl\/product\/bd-2511-1502-conceptline\/","og_locale":"nl_NL","og_type":"article","og_title":"BD.2511.1502 Conceptline","og_description":"End\u00fcstriyel \u00fcretim ve montaj alanlar\u0131nda y\u00fcksek dayan\u0131m, esneklik ve kullan\u0131c\u0131 konforu sunan mod\u00fcler \u00e7al\u0131\u015fma \u00e7\u00f6z\u00fcm\u00fc.  \u00d6l\u00e7\u00fcler ve Ergonomik Tasar\u0131m   Geni\u015flik se\u00e7enekleri: 1500 mm ve 1800 mm  Tabla y\u00fckseklik ayar\u0131: Manuel olarak yerden 700 mm ile 1100 mm aras\u0131nda kolayca ayarlanabilir.  Farkl\u0131 kullan\u0131c\u0131 boylar\u0131na ve oturarak\/ayakta \u00e7al\u0131\u015fma tercihlerine g\u00f6re ergonomik uyum sa\u011flar.","og_url":"https:\/\/bodur.com.tr\/nl\/product\/bd-2511-1502-conceptline\/","og_site_name":"Bodur End\u00fcstriyel","article_publisher":"https:\/\/www.facebook.com\/bodurendustriyel","article_modified_time":"2025-06-29T15:30:31+00:00","og_image":[{"width":2480,"height":2480,"url":"https:\/\/bodur.com.tr\/wp-content\/uploads\/BD.2511.1502_ConceptLineW1500xD750_01.jpg","type":"image\/jpeg"}],"twitter_card":"summary_large_image","schema":{"@context":"https:\/\/schema.org","@graph":[{"@type":"WebPage","@id":"https:\/\/bodur.com.tr\/urun\/bd-2511-1502-conceptline","url":"https:\/\/bodur.com.tr\/urun\/bd-2511-1502-conceptline","name":"BD.2511.1502 Conceptlijn","isPartOf":{"@id":"https:\/\/bodur.com.tr\/#website"},"primaryImageOfPage":{"@id":"https:\/\/bodur.com.tr\/urun\/bd-2511-1502-conceptline#primaryimage"},"image":{"@id":"https:\/\/bodur.com.tr\/urun\/bd-2511-1502-conceptline#primaryimage"},"thumbnailUrl":"https:\/\/bodur.com.tr\/wp-content\/uploads\/BD.2511.1502_ConceptLineW1500xD750_01.jpg","datePublished":"2025-06-29T15:29:13+00:00","dateModified":"2025-06-29T15:30:31+00:00","breadcrumb":{"@id":"https:\/\/bodur.com.tr\/urun\/bd-2511-1502-conceptline#breadcrumb"},"inLanguage":"nl-NL","potentialAction":[{"@type":"ReadAction","target":["https:\/\/bodur.com.tr\/urun\/bd-2511-1502-conceptline"]}]},{"@type":"ImageObject","inLanguage":"nl-NL","@id":"https:\/\/bodur.com.tr\/urun\/bd-2511-1502-conceptline#primaryimage","url":"https:\/\/bodur.com.tr\/wp-content\/uploads\/BD.2511.1502_ConceptLineW1500xD750_01.jpg","contentUrl":"https:\/\/bodur.com.tr\/wp-content\/uploads\/BD.2511.1502_ConceptLineW1500xD750_01.jpg","width":2480,"height":2480,"caption":"BD.2511.1502 ConceptLine \u00e7al\u0131\u015fma masas\u0131"},{"@type":"BreadcrumbList","@id":"https:\/\/bodur.com.tr\/urun\/bd-2511-1502-conceptline#breadcrumb","itemListElement":[{"@type":"ListItem","position":1,"name":"Anasayfa","item":"https:\/\/bodur.com.tr\/"},{"@type":"ListItem","position":2,"name":"\u00dcr\u00fcnler","item":"https:\/\/bodur.com.tr\/magaza"},{"@type":"ListItem","position":3,"name":"BD.2511.1502 Conceptline"}]},{"@type":"WebSite","@id":"https:\/\/bodur.com.tr\/#website","url":"https:\/\/bodur.com.tr\/","name":"Bodur Industrieel","description":"","publisher":{"@id":"https:\/\/bodur.com.tr\/#organization"},"potentialAction":[{"@type":"SearchAction","target":{"@type":"EntryPoint","urlTemplate":"https:\/\/bodur.com.tr\/?s={search_term_string}"},"query-input":{"@type":"PropertyValueSpecification","valueRequired":true,"valueName":"search_term_string"}}],"inLanguage":"nl-NL"},{"@type":"Organization","@id":"https:\/\/bodur.com.tr\/#organization","name":"Bodur Industrieel","url":"https:\/\/bodur.com.tr\/","logo":{"@type":"ImageObject","inLanguage":"nl-NL","@id":"https:\/\/bodur.com.tr\/#\/schema\/logo\/image\/","url":"https:\/\/bodur.com.tr\/wp-content\/uploads\/51834268_258721005017375_5556593430731161600_n.jpg","contentUrl":"https:\/\/bodur.com.tr\/wp-content\/uploads\/51834268_258721005017375_5556593430731161600_n.jpg","width":320,"height":320,"caption":"Bodur End\u00fcstriyel"},"image":{"@id":"https:\/\/bodur.com.tr\/#\/schema\/logo\/image\/"},"sameAs":["https:\/\/www.facebook.com\/bodurendustriyel","https:\/\/www.instagram.com\/bodurendustriyel\/","https:\/\/www.youtube.com\/user\/harunbodur"]}]}},"_links":{"self":[{"href":"https:\/\/bodur.com.tr\/nl\/wp-json\/wp\/v2\/product\/40467","targetHints":{"allow":["GET"]}}],"collection":[{"href":"https:\/\/bodur.com.tr\/nl\/wp-json\/wp\/v2\/product"}],"about":[{"href":"https:\/\/bodur.com.tr\/nl\/wp-json\/wp\/v2\/types\/product"}],"wp:featuredmedia":[{"embeddable":true,"href":"https:\/\/bodur.com.tr\/nl\/wp-json\/wp\/v2\/media\/40468"}],"wp:attachment":[{"href":"https:\/\/bodur.com.tr\/nl\/wp-json\/wp\/v2\/media?parent=40467"}],"wp:term":[{"taxonomy":"product_brand","embeddable":true,"href":"https:\/\/bodur.com.tr\/nl\/wp-json\/wp\/v2\/product_brand?post=40467"},{"taxonomy":"product_cat","embeddable":true,"href":"https:\/\/bodur.com.tr\/nl\/wp-json\/wp\/v2\/product_cat?post=40467"},{"taxonomy":"product_tag","embeddable":true,"href":"https:\/\/bodur.com.tr\/nl\/wp-json\/wp\/v2\/product_tag?post=40467"}],"curies":[{"name":"wp","href":"https:\/\/api.w.org\/{rel}","templated":true}]}}