{"id":20285,"date":"2025-03-01T23:23:53","date_gmt":"2025-03-01T20:23:53","guid":{"rendered":"https:\/\/bodur.com.tr\/?post_type=product&#038;p=20285"},"modified":"2025-04-13T14:16:11","modified_gmt":"2025-04-13T11:16:11","slug":"bd-36-19-24-moduler-eczane-unitesi","status":"publish","type":"product","link":"https:\/\/bodur.com.tr\/nl\/urun\/bd-36-19-24-moduler-eczane-unitesi","title":{"rendered":"BD.36.19.24 Modulaire apotheekunit"},"content":{"rendered":"<p>Speciaal ontworpen voor apotheken en de gezondheidszorg. <strong>Modulair apotheekplankensysteem<\/strong>, Het zorgt ervoor dat medicijnen en gezondheidsproducten op een georganiseerde, veilige en toegankelijke manier worden opgeslagen. <strong>Elektrostatisch geverfd metaal<\/strong> De constructie garandeert een lange levensduur en duurzaamheid. <strong>Aanpasbaar modulair ontwerp<\/strong> Het is gemakkelijk aan te passen aan verschillende opslagbehoeften.<\/p>\n<p><strong>Toepassingsgebieden:<\/strong><\/p>\n<p>\ud83d\udd39 <strong>Apotheken<\/strong><br \/>\n\ud83d\udd39 <strong>Opslagfaciliteiten van het ziekenhuis<\/strong><br \/>\n\ud83d\udd39 <strong>Magazijnen voor medische benodigdheden<\/strong><br \/>\n\ud83d\udd39 <strong>Gezondheidscentra<\/strong><\/p>\n<p>Dankzij het ergonomische ontwerp, in de bovenste gedeelten <strong>schuine lades<\/strong> De schuine schappen bieden gemakkelijke toegang. Hoewel de hoek van de schappen niet verstelbaar is, is elk detail ontworpen met functionaliteit en gebruiksgemak in gedachten.<\/p>\n<p>Het modulaire apotheekstellingsysteem biedt een praktische en veilige opslagoplossing, waardoor uw workflow wordt versneld en u uw ruimte zo effici\u00ebnt mogelijk kunt benutten.<\/p>","protected":false},"excerpt":{"rendered":"<ul>\n<li>%20 e\u011fimli kayar raf sistemi \u2013 \u00dcr\u00fcnlerin d\u00fczenli bir \u015fekilde yerle\u015ftirilmesini ve kolay eri\u015fimini sa\u011flar.<\/li>\n<li>Veersysteem voor langzaam sluiten \u2013 Zorgt voor gecontroleerde beweging bij het openen van kantelbare schappen, waardoor een veilige werking wordt gegarandeerd.<\/li>\n<li>Transparant dopsysteem \u2013 Dankzij de transparante doppen zijn medicijnen gemakkelijk te scheiden.<\/li>\n<li>Vergrendelingsbeveiliging \u2013 De gekantelde schappen openen niet zonder de vergrendeling in te drukken, waardoor mogelijke ongelukken worden voorkomen.<\/li>\n<li>Etiketteringssysteem \u2013 Lade-etiketten maken het adresseren eenvoudig.<\/li>\n<li>Het FIFO-principe (First In, First Out) optimaliseert de houdbaarheid van geneesmiddelen en gezondheidsproducten door ervoor te zorgen dat het eerst geladen product ook als eerste wordt gebruikt.<\/li>\n<li>Uitschuifbare ladegeleiders \u2013 Deze bewegen parallel aan de vloer en bieden maximale opbergeffici\u00ebntie.<\/li>\n<li>Stil en soepel werkend mechanisme \u2013 Een belangrijk voordeel voor apotheken en gezondheidscentra die een stille omgeving vereisen.<\/li>\n<li>Metalen frame \u2013 In vergelijking met houten apothekersmeubels op de markt, sluit dit de mogelijkheid van houtworm en insectenplagen uit.<\/li>\n<li>Modern design \u2013 Stijlvol modern design, geschikt voor interieurs.<\/li>\n<li>Aanpasbare structuur \u2013 Dankzij het modulaire ontwerp zijn vele configuraties mogelijk.<\/li>\n<li>Eenvoudige montage en demontage \u2013 De modulaire opbouw biedt het voordeel van snelle installatie en uitbreidbaarheid naar behoefte.<\/li>\n<\/ul>","protected":false},"featured_media":20648,"template":"","meta":[],"product_brand":[],"product_cat":[202],"product_tag":[],"class_list":{"0":"post-20285","1":"product","2":"type-product","3":"status-publish","4":"has-post-thumbnail","6":"product_cat-eczane-raflari","8":"first","9":"instock","10":"shipping-taxable","11":"product-type-simple"},"yoast_head":"<!-- This site is optimized with the Yoast SEO plugin v27.4 - https:\/\/yoast.com\/product\/yoast-seo-wordpress\/ -->\n<title>BD.36.19.24 Mod\u00fcler Eczane \u00dcnitesi<\/title>\n<meta name=\"robots\" content=\"index, follow, max-snippet:-1, max-image-preview:large, max-video-preview:-1\" \/>\n<link rel=\"canonical\" href=\"https:\/\/bodur.com.tr\/nl\/product\/bd-36-19-24-moduler-eczane-unitesi\/\" \/>\n<meta property=\"og:locale\" content=\"nl_NL\" \/>\n<meta property=\"og:type\" content=\"article\" \/>\n<meta property=\"og:title\" content=\"BD.36.19.24 Mod\u00fcler Eczane \u00dcnitesi\" \/>\n<meta property=\"og:description\" content=\"%20 e\u011fimli kayar raf sistemi \u2013 \u00dcr\u00fcnlerin d\u00fczenli bir \u015fekilde yerle\u015ftirilmesini ve kolay eri\u015fimini sa\u011flar.  Yava\u015flat\u0131c\u0131 yay sistemi \u2013 E\u011fimli raflar a\u00e7\u0131ld\u0131\u011f\u0131nda kontroll\u00fc hareket sa\u011flar, g\u00fcvenli kullan\u0131m sunar.  \u015eeffaf kapak sistemi \u2013 \u015eeffaf kapaklar sayesinde ila\u00e7 ayr\u0131m\u0131n\u0131 kolayla\u015ft\u0131r\u0131r.  Mandall\u0131 g\u00fcvenlik sistemi \u2013 E\u011fimli raflar, mandala bas\u0131lmadan a\u00e7\u0131lmaz, b\u00f6ylece olas\u0131 kazalar \u00f6nlenir.  Etiketlik sistemi \u2013 \u00c7ekmecelerin etiketlikleri ile kolayca adresleme yap\u0131labilir.  FIFO (First In, First Out) prensibi \u2013 \u0130lk y\u00fcklenen \u00fcr\u00fcn\u00fcn ilk kullan\u0131lmas\u0131n\u0131 sa\u011flayarak ila\u00e7 ve sa\u011fl\u0131k \u00fcr\u00fcnlerinin raf \u00f6mr\u00fcn\u00fc optimize eder.  Teleskopik rayl\u0131 \u00e7ekmeceler \u2013 Zemine paralel \u00e7al\u0131\u015farak maksimum depolama verimlili\u011fi sunar.  Sessiz ve Ak\u0131c\u0131 Mekanizma \u2013 Sessiz bir ortam gerektiren eczaneler ve sa\u011fl\u0131k merkezleri i\u00e7in \u00f6nemli bir avantajd\u0131r.  Metal g\u00f6vde \u2013 Piyasada bulunan ah\u015fap eczane \u00fcnitelerine k\u0131yasla, olu\u015fabilecek kurtlanma ve b\u00f6ceklenme ihtimalini ortadan kald\u0131r\u0131r.  Modern tasar\u0131m \u2013 \u0130\u00e7 mekana uygun \u015f\u0131k modern tasar\u0131m.  \u00d6zelle\u015ftirilebilir yap\u0131 \u2013 Mod\u00fcler yap\u0131s\u0131 sayesinde bir \u00e7ok konfig\u00fcrasyon olu\u015fturulabilir.  Kolay montaj ve demontaj\u2013 Mod\u00fcler yap\u0131s\u0131n\u0131n getirdi\u011fi h\u0131zl\u0131 kurulum ve ihtiyaca g\u00f6re geni\u015fletilebilirlik avantaj\u0131.\" \/>\n<meta property=\"og:url\" content=\"https:\/\/bodur.com.tr\/nl\/product\/bd-36-19-24-moduler-eczane-unitesi\/\" \/>\n<meta property=\"og:site_name\" content=\"Bodur End\u00fcstriyel\" \/>\n<meta property=\"article:publisher\" content=\"https:\/\/www.facebook.com\/bodurendustriyel\" \/>\n<meta property=\"article:modified_time\" content=\"2025-04-13T11:16:11+00:00\" \/>\n<meta property=\"og:image\" content=\"https:\/\/bodur.com.tr\/wp-content\/uploads\/BD361924_H2030xW4300xD530_01-1.jpg\" \/>\n\t<meta property=\"og:image:width\" content=\"2480\" \/>\n\t<meta property=\"og:image:height\" content=\"2480\" \/>\n\t<meta property=\"og:image:type\" content=\"image\/jpeg\" \/>\n<meta name=\"twitter:card\" content=\"summary_large_image\" \/>\n<script type=\"application\/ld+json\" class=\"yoast-schema-graph\">{\"@context\":\"https:\\\/\\\/schema.org\",\"@graph\":[{\"@type\":\"WebPage\",\"@id\":\"https:\\\/\\\/bodur.com.tr\\\/urun\\\/bd-36-19-24-moduler-eczane-unitesi\",\"url\":\"https:\\\/\\\/bodur.com.tr\\\/urun\\\/bd-36-19-24-moduler-eczane-unitesi\",\"name\":\"BD.36.19.24 Mod\u00fcler Eczane \u00dcnitesi\",\"isPartOf\":{\"@id\":\"https:\\\/\\\/bodur.com.tr\\\/#website\"},\"primaryImageOfPage\":{\"@id\":\"https:\\\/\\\/bodur.com.tr\\\/urun\\\/bd-36-19-24-moduler-eczane-unitesi#primaryimage\"},\"image\":{\"@id\":\"https:\\\/\\\/bodur.com.tr\\\/urun\\\/bd-36-19-24-moduler-eczane-unitesi#primaryimage\"},\"thumbnailUrl\":\"https:\\\/\\\/bodur.com.tr\\\/wp-content\\\/uploads\\\/BD361924_H2030xW4300xD530_01-1.jpg\",\"datePublished\":\"2025-03-01T20:23:53+00:00\",\"dateModified\":\"2025-04-13T11:16:11+00:00\",\"breadcrumb\":{\"@id\":\"https:\\\/\\\/bodur.com.tr\\\/urun\\\/bd-36-19-24-moduler-eczane-unitesi#breadcrumb\"},\"inLanguage\":\"nl-NL\",\"potentialAction\":[{\"@type\":\"ReadAction\",\"target\":[\"https:\\\/\\\/bodur.com.tr\\\/urun\\\/bd-36-19-24-moduler-eczane-unitesi\"]}]},{\"@type\":\"ImageObject\",\"inLanguage\":\"nl-NL\",\"@id\":\"https:\\\/\\\/bodur.com.tr\\\/urun\\\/bd-36-19-24-moduler-eczane-unitesi#primaryimage\",\"url\":\"https:\\\/\\\/bodur.com.tr\\\/wp-content\\\/uploads\\\/BD361924_H2030xW4300xD530_01-1.jpg\",\"contentUrl\":\"https:\\\/\\\/bodur.com.tr\\\/wp-content\\\/uploads\\\/BD361924_H2030xW4300xD530_01-1.jpg\",\"width\":2480,\"height\":2480,\"caption\":\"eczane raf\u0131\"},{\"@type\":\"BreadcrumbList\",\"@id\":\"https:\\\/\\\/bodur.com.tr\\\/urun\\\/bd-36-19-24-moduler-eczane-unitesi#breadcrumb\",\"itemListElement\":[{\"@type\":\"ListItem\",\"position\":1,\"name\":\"Anasayfa\",\"item\":\"https:\\\/\\\/bodur.com.tr\\\/\"},{\"@type\":\"ListItem\",\"position\":2,\"name\":\"\u00dcr\u00fcnler\",\"item\":\"https:\\\/\\\/bodur.com.tr\\\/magaza\"},{\"@type\":\"ListItem\",\"position\":3,\"name\":\"BD.36.19.24 Mod\u00fcler Eczane \u00dcnitesi\"}]},{\"@type\":\"WebSite\",\"@id\":\"https:\\\/\\\/bodur.com.tr\\\/#website\",\"url\":\"https:\\\/\\\/bodur.com.tr\\\/\",\"name\":\"Bodur End\u00fcstriyel\",\"description\":\"\",\"publisher\":{\"@id\":\"https:\\\/\\\/bodur.com.tr\\\/#organization\"},\"potentialAction\":[{\"@type\":\"SearchAction\",\"target\":{\"@type\":\"EntryPoint\",\"urlTemplate\":\"https:\\\/\\\/bodur.com.tr\\\/?s={search_term_string}\"},\"query-input\":{\"@type\":\"PropertyValueSpecification\",\"valueRequired\":true,\"valueName\":\"search_term_string\"}}],\"inLanguage\":\"nl-NL\"},{\"@type\":\"Organization\",\"@id\":\"https:\\\/\\\/bodur.com.tr\\\/#organization\",\"name\":\"Bodur End\u00fcstriyel\",\"url\":\"https:\\\/\\\/bodur.com.tr\\\/\",\"logo\":{\"@type\":\"ImageObject\",\"inLanguage\":\"nl-NL\",\"@id\":\"https:\\\/\\\/bodur.com.tr\\\/#\\\/schema\\\/logo\\\/image\\\/\",\"url\":\"https:\\\/\\\/bodur.com.tr\\\/wp-content\\\/uploads\\\/51834268_258721005017375_5556593430731161600_n.jpg\",\"contentUrl\":\"https:\\\/\\\/bodur.com.tr\\\/wp-content\\\/uploads\\\/51834268_258721005017375_5556593430731161600_n.jpg\",\"width\":320,\"height\":320,\"caption\":\"Bodur End\u00fcstriyel\"},\"image\":{\"@id\":\"https:\\\/\\\/bodur.com.tr\\\/#\\\/schema\\\/logo\\\/image\\\/\"},\"sameAs\":[\"https:\\\/\\\/www.facebook.com\\\/bodurendustriyel\",\"https:\\\/\\\/www.instagram.com\\\/bodurendustriyel\\\/\",\"https:\\\/\\\/www.youtube.com\\\/user\\\/harunbodur\"]}]}<\/script>\n<!-- \/ Yoast SEO plugin. -->","yoast_head_json":{"title":"BD.36.19.24 Modulaire apotheekunit","robots":{"index":"index","follow":"follow","max-snippet":"max-snippet:-1","max-image-preview":"max-image-preview:large","max-video-preview":"max-video-preview:-1"},"canonical":"https:\/\/bodur.com.tr\/nl\/product\/bd-36-19-24-moduler-eczane-unitesi\/","og_locale":"nl_NL","og_type":"article","og_title":"BD.36.19.24 Mod\u00fcler Eczane \u00dcnitesi","og_description":"%20 e\u011fimli kayar raf sistemi \u2013 \u00dcr\u00fcnlerin d\u00fczenli bir \u015fekilde yerle\u015ftirilmesini ve kolay eri\u015fimini sa\u011flar.  Yava\u015flat\u0131c\u0131 yay sistemi \u2013 E\u011fimli raflar a\u00e7\u0131ld\u0131\u011f\u0131nda kontroll\u00fc hareket sa\u011flar, g\u00fcvenli kullan\u0131m sunar.  \u015eeffaf kapak sistemi \u2013 \u015eeffaf kapaklar sayesinde ila\u00e7 ayr\u0131m\u0131n\u0131 kolayla\u015ft\u0131r\u0131r.  Mandall\u0131 g\u00fcvenlik sistemi \u2013 E\u011fimli raflar, mandala bas\u0131lmadan a\u00e7\u0131lmaz, b\u00f6ylece olas\u0131 kazalar \u00f6nlenir.  Etiketlik sistemi \u2013 \u00c7ekmecelerin etiketlikleri ile kolayca adresleme yap\u0131labilir.  FIFO (First In, First Out) prensibi \u2013 \u0130lk y\u00fcklenen \u00fcr\u00fcn\u00fcn ilk kullan\u0131lmas\u0131n\u0131 sa\u011flayarak ila\u00e7 ve sa\u011fl\u0131k \u00fcr\u00fcnlerinin raf \u00f6mr\u00fcn\u00fc optimize eder.  Teleskopik rayl\u0131 \u00e7ekmeceler \u2013 Zemine paralel \u00e7al\u0131\u015farak maksimum depolama verimlili\u011fi sunar.  Sessiz ve Ak\u0131c\u0131 Mekanizma \u2013 Sessiz bir ortam gerektiren eczaneler ve sa\u011fl\u0131k merkezleri i\u00e7in \u00f6nemli bir avantajd\u0131r.  Metal g\u00f6vde \u2013 Piyasada bulunan ah\u015fap eczane \u00fcnitelerine k\u0131yasla, olu\u015fabilecek kurtlanma ve b\u00f6ceklenme ihtimalini ortadan kald\u0131r\u0131r.  Modern tasar\u0131m \u2013 \u0130\u00e7 mekana uygun \u015f\u0131k modern tasar\u0131m.  \u00d6zelle\u015ftirilebilir yap\u0131 \u2013 Mod\u00fcler yap\u0131s\u0131 sayesinde bir \u00e7ok konfig\u00fcrasyon olu\u015fturulabilir.  Kolay montaj ve demontaj\u2013 Mod\u00fcler yap\u0131s\u0131n\u0131n getirdi\u011fi h\u0131zl\u0131 kurulum ve ihtiyaca g\u00f6re geni\u015fletilebilirlik avantaj\u0131.","og_url":"https:\/\/bodur.com.tr\/nl\/product\/bd-36-19-24-moduler-eczane-unitesi\/","og_site_name":"Bodur End\u00fcstriyel","article_publisher":"https:\/\/www.facebook.com\/bodurendustriyel","article_modified_time":"2025-04-13T11:16:11+00:00","og_image":[{"width":2480,"height":2480,"url":"https:\/\/bodur.com.tr\/wp-content\/uploads\/BD361924_H2030xW4300xD530_01-1.jpg","type":"image\/jpeg"}],"twitter_card":"summary_large_image","schema":{"@context":"https:\/\/schema.org","@graph":[{"@type":"WebPage","@id":"https:\/\/bodur.com.tr\/urun\/bd-36-19-24-moduler-eczane-unitesi","url":"https:\/\/bodur.com.tr\/urun\/bd-36-19-24-moduler-eczane-unitesi","name":"BD.36.19.24 Modulaire apotheekunit","isPartOf":{"@id":"https:\/\/bodur.com.tr\/#website"},"primaryImageOfPage":{"@id":"https:\/\/bodur.com.tr\/urun\/bd-36-19-24-moduler-eczane-unitesi#primaryimage"},"image":{"@id":"https:\/\/bodur.com.tr\/urun\/bd-36-19-24-moduler-eczane-unitesi#primaryimage"},"thumbnailUrl":"https:\/\/bodur.com.tr\/wp-content\/uploads\/BD361924_H2030xW4300xD530_01-1.jpg","datePublished":"2025-03-01T20:23:53+00:00","dateModified":"2025-04-13T11:16:11+00:00","breadcrumb":{"@id":"https:\/\/bodur.com.tr\/urun\/bd-36-19-24-moduler-eczane-unitesi#breadcrumb"},"inLanguage":"nl-NL","potentialAction":[{"@type":"ReadAction","target":["https:\/\/bodur.com.tr\/urun\/bd-36-19-24-moduler-eczane-unitesi"]}]},{"@type":"ImageObject","inLanguage":"nl-NL","@id":"https:\/\/bodur.com.tr\/urun\/bd-36-19-24-moduler-eczane-unitesi#primaryimage","url":"https:\/\/bodur.com.tr\/wp-content\/uploads\/BD361924_H2030xW4300xD530_01-1.jpg","contentUrl":"https:\/\/bodur.com.tr\/wp-content\/uploads\/BD361924_H2030xW4300xD530_01-1.jpg","width":2480,"height":2480,"caption":"eczane raf\u0131"},{"@type":"BreadcrumbList","@id":"https:\/\/bodur.com.tr\/urun\/bd-36-19-24-moduler-eczane-unitesi#breadcrumb","itemListElement":[{"@type":"ListItem","position":1,"name":"Anasayfa","item":"https:\/\/bodur.com.tr\/"},{"@type":"ListItem","position":2,"name":"\u00dcr\u00fcnler","item":"https:\/\/bodur.com.tr\/magaza"},{"@type":"ListItem","position":3,"name":"BD.36.19.24 Mod\u00fcler Eczane \u00dcnitesi"}]},{"@type":"WebSite","@id":"https:\/\/bodur.com.tr\/#website","url":"https:\/\/bodur.com.tr\/","name":"Bodur Industrieel","description":"","publisher":{"@id":"https:\/\/bodur.com.tr\/#organization"},"potentialAction":[{"@type":"SearchAction","target":{"@type":"EntryPoint","urlTemplate":"https:\/\/bodur.com.tr\/?s={search_term_string}"},"query-input":{"@type":"PropertyValueSpecification","valueRequired":true,"valueName":"search_term_string"}}],"inLanguage":"nl-NL"},{"@type":"Organization","@id":"https:\/\/bodur.com.tr\/#organization","name":"Bodur Industrieel","url":"https:\/\/bodur.com.tr\/","logo":{"@type":"ImageObject","inLanguage":"nl-NL","@id":"https:\/\/bodur.com.tr\/#\/schema\/logo\/image\/","url":"https:\/\/bodur.com.tr\/wp-content\/uploads\/51834268_258721005017375_5556593430731161600_n.jpg","contentUrl":"https:\/\/bodur.com.tr\/wp-content\/uploads\/51834268_258721005017375_5556593430731161600_n.jpg","width":320,"height":320,"caption":"Bodur End\u00fcstriyel"},"image":{"@id":"https:\/\/bodur.com.tr\/#\/schema\/logo\/image\/"},"sameAs":["https:\/\/www.facebook.com\/bodurendustriyel","https:\/\/www.instagram.com\/bodurendustriyel\/","https:\/\/www.youtube.com\/user\/harunbodur"]}]}},"_links":{"self":[{"href":"https:\/\/bodur.com.tr\/nl\/wp-json\/wp\/v2\/product\/20285","targetHints":{"allow":["GET"]}}],"collection":[{"href":"https:\/\/bodur.com.tr\/nl\/wp-json\/wp\/v2\/product"}],"about":[{"href":"https:\/\/bodur.com.tr\/nl\/wp-json\/wp\/v2\/types\/product"}],"wp:featuredmedia":[{"embeddable":true,"href":"https:\/\/bodur.com.tr\/nl\/wp-json\/wp\/v2\/media\/20648"}],"wp:attachment":[{"href":"https:\/\/bodur.com.tr\/nl\/wp-json\/wp\/v2\/media?parent=20285"}],"wp:term":[{"taxonomy":"product_brand","embeddable":true,"href":"https:\/\/bodur.com.tr\/nl\/wp-json\/wp\/v2\/product_brand?post=20285"},{"taxonomy":"product_cat","embeddable":true,"href":"https:\/\/bodur.com.tr\/nl\/wp-json\/wp\/v2\/product_cat?post=20285"},{"taxonomy":"product_tag","embeddable":true,"href":"https:\/\/bodur.com.tr\/nl\/wp-json\/wp\/v2\/product_tag?post=20285"}],"curies":[{"name":"wp","href":"https:\/\/api.w.org\/{rel}","templated":true}]}}