{"id":20154,"date":"2024-12-05T20:01:42","date_gmt":"2024-12-05T17:01:42","guid":{"rendered":"https:\/\/bodur.com.tr\/?post_type=product&#038;p=20154"},"modified":"2026-03-22T16:06:17","modified_gmt":"2026-03-22T13:06:17","slug":"bd-36-18-82","status":"publish","type":"product","link":"https:\/\/bodur.com.tr\/nl\/urun\/bd-36-18-82","title":{"rendered":"BD.36.18.82"},"content":{"rendered":"","protected":false},"excerpt":{"rendered":"<p><span style=\"color: #275da4; font-size: 20px; letter-spacing: -0.3px; font-weight: 500; line-height: 26px;\"> De 36.18.82 is ontwikkeld als een betrouwbare en robuuste oplossing voor industri\u00eble omgevingen en combineert de behoeften van bedrijven met een functioneel ontwerp dat effectieve functies biedt. <\/span><\/p>\n<hr \/>\n<ul>\n<li>Afmetingen: H2020 x B3230 x D530 mm.<\/li>\n<li>490 kg exclusief accessoires.<\/li>\n<li>DKP- en HRP-plaatmetaalmaterialen.<\/li>\n<li>Elektrostatische poedercoating.<\/li>\n<li>RAL7016 (antracietgrijs) en RAL7011 (donkergrijs) (wijzigingen voorbehouden)<\/li>\n<li>Afmetingen van het paneel: H375xW620xD15mm x8 geperforeerde panelen.<\/li>\n<li>Afmetingen van de geperforeerde panelen: H300xW620xD15mm x2.<\/li>\n<li>Afmetingen van de vier geperforeerde paneelstukken: H375xW750xD15mm.<\/li>\n<li>Tafelafmetingen: B1860 x D550 \/ 30 mm massief paneel (beuken) (Optie: roestvrijstalen tafel beschikbaar)<\/li>\n<li>Tafelafmetingen: B1240 x D550 \/ 30 mm massief paneel (beuken) (Optie: roestvrijstalen tafel beschikbaar)<\/li>\n<li>Tafelafmetingen: B750xD750 \/ 30 mm massief houten paneel (beuken) (Optie: roestvrijstalen tafel beschikbaar)<\/li>\n<li>4 afgedekte, geaarde 220V-stopcontacten. (Beschermingsklasse IP44) (x2)<\/li>\n<li>LED-verlichting (LED-armatuur 600)<\/li>\n<li>LED-verlichting (LED-armatuur 900)<\/li>\n<li>LED-verlichting (LED-armatuur 1200)<\/li>\n<\/ul>","protected":false},"featured_media":20155,"template":"","meta":[],"product_brand":[],"product_cat":[21],"product_tag":[],"class_list":{"0":"post-20154","1":"product","2":"type-product","3":"status-publish","4":"has-post-thumbnail","6":"product_cat-moduline","8":"first","9":"instock","10":"shipping-taxable","11":"product-type-simple"},"yoast_head":"<!-- This site is optimized with the Yoast SEO plugin v27.4 - https:\/\/yoast.com\/product\/yoast-seo-wordpress\/ -->\n<title>BD.36.18.82<\/title>\n<meta name=\"robots\" content=\"index, follow, max-snippet:-1, max-image-preview:large, max-video-preview:-1\" \/>\n<link rel=\"canonical\" href=\"https:\/\/bodur.com.tr\/nl\/product\/bd-36-18-82\/\" \/>\n<meta property=\"og:locale\" content=\"nl_NL\" \/>\n<meta property=\"og:type\" content=\"article\" \/>\n<meta property=\"og:title\" content=\"BD.36.18.82\" \/>\n<meta property=\"og:description\" content=\"End\u00fcstriyel ortamlarda g\u00fcvenilir ve dayan\u0131kl\u0131 bir \u00e7\u00f6z\u00fcm olarak geli\u015ftirilen 36.18.82, kurumsal ihtiya\u00e7lar\u0131 etkin \u00f6zelliklere sahip fonksiyonel bir tasar\u0131mda birle\u015ftiriyor.       H2020xW3230xD530 mm boyutlar\u0131nda.  Aksesuarlar hari\u00e7 490 kg.  DKP ve HRP sac malzeme.  Elektrostatik toz boya.  RAL7016 (Antrasit gri) ve RAL7011 (Koyu gri)(De\u011fi\u015ftirilebilir)  H375xW620xD15mm x8 Adet delikli pano \u00f6l\u00e7\u00fcs\u00fc.  H300xW620xD15mm x2 Adet delikli pano \u00f6l\u00e7\u00fcs\u00fc.  H375xW750xD15mm x4 Adet delikli pano \u00f6l\u00e7\u00fcs\u00fc.  W1860xD550 Tabla \u00f6l\u00e7\u00fcs\u00fc \/ 30 mm Masif Panel (KAYIN) (Paslanmaz \u00c7elik Tabla Se\u00e7ene\u011fi)  W1240xD550 Tabla \u00f6l\u00e7\u00fcs\u00fc \/ 30 mm Masif Panel (KAYIN) (Paslanmaz \u00c7elik Tabla Se\u00e7ene\u011fi)  W750xD750 Tabla \u00f6l\u00e7\u00fcs\u00fc \/ 30 mm Masif Panel (KAYIN) (Paslanmaz \u00c7elik Tabla Se\u00e7ene\u011fi)  4 adet kapakl\u0131 220 V toprakl\u0131 priz. (IP44 Koruma S\u0131n\u0131f\u0131)(x2)  LED Ayd\u0131nlatma (Led Armat\u00fcr 600)  LED Ayd\u0131nlatma (Led Armat\u00fcr 900)  LED Ayd\u0131nlatma (Led Armat\u00fcr 1200)\" \/>\n<meta property=\"og:url\" content=\"https:\/\/bodur.com.tr\/nl\/product\/bd-36-18-82\/\" \/>\n<meta property=\"og:site_name\" content=\"Bodur End\u00fcstriyel\" \/>\n<meta property=\"article:publisher\" content=\"https:\/\/www.facebook.com\/bodurendustriyel\" \/>\n<meta property=\"article:modified_time\" content=\"2026-03-22T13:06:17+00:00\" \/>\n<meta property=\"og:image\" content=\"https:\/\/bodur.com.tr\/wp-content\/uploads\/BD361882_H2020xW3230xD530_01.jpg\" \/>\n\t<meta property=\"og:image:width\" content=\"2480\" \/>\n\t<meta property=\"og:image:height\" content=\"2480\" \/>\n\t<meta property=\"og:image:type\" content=\"image\/jpeg\" \/>\n<meta name=\"twitter:card\" content=\"summary_large_image\" \/>\n<script type=\"application\/ld+json\" class=\"yoast-schema-graph\">{\"@context\":\"https:\\\/\\\/schema.org\",\"@graph\":[{\"@type\":\"WebPage\",\"@id\":\"https:\\\/\\\/bodur.com.tr\\\/urun\\\/bd-36-18-82\",\"url\":\"https:\\\/\\\/bodur.com.tr\\\/urun\\\/bd-36-18-82\",\"name\":\"BD.36.18.82\",\"isPartOf\":{\"@id\":\"https:\\\/\\\/bodur.com.tr\\\/#website\"},\"primaryImageOfPage\":{\"@id\":\"https:\\\/\\\/bodur.com.tr\\\/urun\\\/bd-36-18-82#primaryimage\"},\"image\":{\"@id\":\"https:\\\/\\\/bodur.com.tr\\\/urun\\\/bd-36-18-82#primaryimage\"},\"thumbnailUrl\":\"https:\\\/\\\/bodur.com.tr\\\/wp-content\\\/uploads\\\/BD361882_H2020xW3230xD530_01.jpg\",\"datePublished\":\"2024-12-05T17:01:42+00:00\",\"dateModified\":\"2026-03-22T13:06:17+00:00\",\"breadcrumb\":{\"@id\":\"https:\\\/\\\/bodur.com.tr\\\/urun\\\/bd-36-18-82#breadcrumb\"},\"inLanguage\":\"nl-NL\",\"potentialAction\":[{\"@type\":\"ReadAction\",\"target\":[\"https:\\\/\\\/bodur.com.tr\\\/urun\\\/bd-36-18-82\"]}]},{\"@type\":\"ImageObject\",\"inLanguage\":\"nl-NL\",\"@id\":\"https:\\\/\\\/bodur.com.tr\\\/urun\\\/bd-36-18-82#primaryimage\",\"url\":\"https:\\\/\\\/bodur.com.tr\\\/wp-content\\\/uploads\\\/BD361882_H2020xW3230xD530_01.jpg\",\"contentUrl\":\"https:\\\/\\\/bodur.com.tr\\\/wp-content\\\/uploads\\\/BD361882_H2020xW3230xD530_01.jpg\",\"width\":2480,\"height\":2480,\"caption\":\"36.18.82\"},{\"@type\":\"BreadcrumbList\",\"@id\":\"https:\\\/\\\/bodur.com.tr\\\/urun\\\/bd-36-18-82#breadcrumb\",\"itemListElement\":[{\"@type\":\"ListItem\",\"position\":1,\"name\":\"Anasayfa\",\"item\":\"https:\\\/\\\/bodur.com.tr\\\/\"},{\"@type\":\"ListItem\",\"position\":2,\"name\":\"\u00dcr\u00fcnler\",\"item\":\"https:\\\/\\\/bodur.com.tr\\\/magaza\"},{\"@type\":\"ListItem\",\"position\":3,\"name\":\"BD.36.18.82\"}]},{\"@type\":\"WebSite\",\"@id\":\"https:\\\/\\\/bodur.com.tr\\\/#website\",\"url\":\"https:\\\/\\\/bodur.com.tr\\\/\",\"name\":\"Bodur End\u00fcstriyel\",\"description\":\"\",\"publisher\":{\"@id\":\"https:\\\/\\\/bodur.com.tr\\\/#organization\"},\"potentialAction\":[{\"@type\":\"SearchAction\",\"target\":{\"@type\":\"EntryPoint\",\"urlTemplate\":\"https:\\\/\\\/bodur.com.tr\\\/?s={search_term_string}\"},\"query-input\":{\"@type\":\"PropertyValueSpecification\",\"valueRequired\":true,\"valueName\":\"search_term_string\"}}],\"inLanguage\":\"nl-NL\"},{\"@type\":\"Organization\",\"@id\":\"https:\\\/\\\/bodur.com.tr\\\/#organization\",\"name\":\"Bodur End\u00fcstriyel\",\"url\":\"https:\\\/\\\/bodur.com.tr\\\/\",\"logo\":{\"@type\":\"ImageObject\",\"inLanguage\":\"nl-NL\",\"@id\":\"https:\\\/\\\/bodur.com.tr\\\/#\\\/schema\\\/logo\\\/image\\\/\",\"url\":\"https:\\\/\\\/bodur.com.tr\\\/wp-content\\\/uploads\\\/51834268_258721005017375_5556593430731161600_n.jpg\",\"contentUrl\":\"https:\\\/\\\/bodur.com.tr\\\/wp-content\\\/uploads\\\/51834268_258721005017375_5556593430731161600_n.jpg\",\"width\":320,\"height\":320,\"caption\":\"Bodur End\u00fcstriyel\"},\"image\":{\"@id\":\"https:\\\/\\\/bodur.com.tr\\\/#\\\/schema\\\/logo\\\/image\\\/\"},\"sameAs\":[\"https:\\\/\\\/www.facebook.com\\\/bodurendustriyel\",\"https:\\\/\\\/www.instagram.com\\\/bodurendustriyel\\\/\",\"https:\\\/\\\/www.youtube.com\\\/user\\\/harunbodur\"]}]}<\/script>\n<!-- \/ Yoast SEO plugin. -->","yoast_head_json":{"title":"BD.36.18.82","robots":{"index":"index","follow":"follow","max-snippet":"max-snippet:-1","max-image-preview":"max-image-preview:large","max-video-preview":"max-video-preview:-1"},"canonical":"https:\/\/bodur.com.tr\/nl\/product\/bd-36-18-82\/","og_locale":"nl_NL","og_type":"article","og_title":"BD.36.18.82","og_description":"End\u00fcstriyel ortamlarda g\u00fcvenilir ve dayan\u0131kl\u0131 bir \u00e7\u00f6z\u00fcm olarak geli\u015ftirilen 36.18.82, kurumsal ihtiya\u00e7lar\u0131 etkin \u00f6zelliklere sahip fonksiyonel bir tasar\u0131mda birle\u015ftiriyor.       H2020xW3230xD530 mm boyutlar\u0131nda.  Aksesuarlar hari\u00e7 490 kg.  DKP ve HRP sac malzeme.  Elektrostatik toz boya.  RAL7016 (Antrasit gri) ve RAL7011 (Koyu gri)(De\u011fi\u015ftirilebilir)  H375xW620xD15mm x8 Adet delikli pano \u00f6l\u00e7\u00fcs\u00fc.  H300xW620xD15mm x2 Adet delikli pano \u00f6l\u00e7\u00fcs\u00fc.  H375xW750xD15mm x4 Adet delikli pano \u00f6l\u00e7\u00fcs\u00fc.  W1860xD550 Tabla \u00f6l\u00e7\u00fcs\u00fc \/ 30 mm Masif Panel (KAYIN) (Paslanmaz \u00c7elik Tabla Se\u00e7ene\u011fi)  W1240xD550 Tabla \u00f6l\u00e7\u00fcs\u00fc \/ 30 mm Masif Panel (KAYIN) (Paslanmaz \u00c7elik Tabla Se\u00e7ene\u011fi)  W750xD750 Tabla \u00f6l\u00e7\u00fcs\u00fc \/ 30 mm Masif Panel (KAYIN) (Paslanmaz \u00c7elik Tabla Se\u00e7ene\u011fi)  4 adet kapakl\u0131 220 V toprakl\u0131 priz. (IP44 Koruma S\u0131n\u0131f\u0131)(x2)  LED Ayd\u0131nlatma (Led Armat\u00fcr 600)  LED Ayd\u0131nlatma (Led Armat\u00fcr 900)  LED Ayd\u0131nlatma (Led Armat\u00fcr 1200)","og_url":"https:\/\/bodur.com.tr\/nl\/product\/bd-36-18-82\/","og_site_name":"Bodur End\u00fcstriyel","article_publisher":"https:\/\/www.facebook.com\/bodurendustriyel","article_modified_time":"2026-03-22T13:06:17+00:00","og_image":[{"width":2480,"height":2480,"url":"https:\/\/bodur.com.tr\/wp-content\/uploads\/BD361882_H2020xW3230xD530_01.jpg","type":"image\/jpeg"}],"twitter_card":"summary_large_image","schema":{"@context":"https:\/\/schema.org","@graph":[{"@type":"WebPage","@id":"https:\/\/bodur.com.tr\/urun\/bd-36-18-82","url":"https:\/\/bodur.com.tr\/urun\/bd-36-18-82","name":"BD.36.18.82","isPartOf":{"@id":"https:\/\/bodur.com.tr\/#website"},"primaryImageOfPage":{"@id":"https:\/\/bodur.com.tr\/urun\/bd-36-18-82#primaryimage"},"image":{"@id":"https:\/\/bodur.com.tr\/urun\/bd-36-18-82#primaryimage"},"thumbnailUrl":"https:\/\/bodur.com.tr\/wp-content\/uploads\/BD361882_H2020xW3230xD530_01.jpg","datePublished":"2024-12-05T17:01:42+00:00","dateModified":"2026-03-22T13:06:17+00:00","breadcrumb":{"@id":"https:\/\/bodur.com.tr\/urun\/bd-36-18-82#breadcrumb"},"inLanguage":"nl-NL","potentialAction":[{"@type":"ReadAction","target":["https:\/\/bodur.com.tr\/urun\/bd-36-18-82"]}]},{"@type":"ImageObject","inLanguage":"nl-NL","@id":"https:\/\/bodur.com.tr\/urun\/bd-36-18-82#primaryimage","url":"https:\/\/bodur.com.tr\/wp-content\/uploads\/BD361882_H2020xW3230xD530_01.jpg","contentUrl":"https:\/\/bodur.com.tr\/wp-content\/uploads\/BD361882_H2020xW3230xD530_01.jpg","width":2480,"height":2480,"caption":"36.18.82"},{"@type":"BreadcrumbList","@id":"https:\/\/bodur.com.tr\/urun\/bd-36-18-82#breadcrumb","itemListElement":[{"@type":"ListItem","position":1,"name":"Anasayfa","item":"https:\/\/bodur.com.tr\/"},{"@type":"ListItem","position":2,"name":"\u00dcr\u00fcnler","item":"https:\/\/bodur.com.tr\/magaza"},{"@type":"ListItem","position":3,"name":"BD.36.18.82"}]},{"@type":"WebSite","@id":"https:\/\/bodur.com.tr\/#website","url":"https:\/\/bodur.com.tr\/","name":"Bodur Industrieel","description":"","publisher":{"@id":"https:\/\/bodur.com.tr\/#organization"},"potentialAction":[{"@type":"SearchAction","target":{"@type":"EntryPoint","urlTemplate":"https:\/\/bodur.com.tr\/?s={search_term_string}"},"query-input":{"@type":"PropertyValueSpecification","valueRequired":true,"valueName":"search_term_string"}}],"inLanguage":"nl-NL"},{"@type":"Organization","@id":"https:\/\/bodur.com.tr\/#organization","name":"Bodur Industrieel","url":"https:\/\/bodur.com.tr\/","logo":{"@type":"ImageObject","inLanguage":"nl-NL","@id":"https:\/\/bodur.com.tr\/#\/schema\/logo\/image\/","url":"https:\/\/bodur.com.tr\/wp-content\/uploads\/51834268_258721005017375_5556593430731161600_n.jpg","contentUrl":"https:\/\/bodur.com.tr\/wp-content\/uploads\/51834268_258721005017375_5556593430731161600_n.jpg","width":320,"height":320,"caption":"Bodur End\u00fcstriyel"},"image":{"@id":"https:\/\/bodur.com.tr\/#\/schema\/logo\/image\/"},"sameAs":["https:\/\/www.facebook.com\/bodurendustriyel","https:\/\/www.instagram.com\/bodurendustriyel\/","https:\/\/www.youtube.com\/user\/harunbodur"]}]}},"_links":{"self":[{"href":"https:\/\/bodur.com.tr\/nl\/wp-json\/wp\/v2\/product\/20154","targetHints":{"allow":["GET"]}}],"collection":[{"href":"https:\/\/bodur.com.tr\/nl\/wp-json\/wp\/v2\/product"}],"about":[{"href":"https:\/\/bodur.com.tr\/nl\/wp-json\/wp\/v2\/types\/product"}],"wp:featuredmedia":[{"embeddable":true,"href":"https:\/\/bodur.com.tr\/nl\/wp-json\/wp\/v2\/media\/20155"}],"wp:attachment":[{"href":"https:\/\/bodur.com.tr\/nl\/wp-json\/wp\/v2\/media?parent=20154"}],"wp:term":[{"taxonomy":"product_brand","embeddable":true,"href":"https:\/\/bodur.com.tr\/nl\/wp-json\/wp\/v2\/product_brand?post=20154"},{"taxonomy":"product_cat","embeddable":true,"href":"https:\/\/bodur.com.tr\/nl\/wp-json\/wp\/v2\/product_cat?post=20154"},{"taxonomy":"product_tag","embeddable":true,"href":"https:\/\/bodur.com.tr\/nl\/wp-json\/wp\/v2\/product_tag?post=20154"}],"curies":[{"name":"wp","href":"https:\/\/api.w.org\/{rel}","templated":true}]}}