{"id":19957,"date":"2024-09-20T12:25:13","date_gmt":"2024-09-20T09:25:13","guid":{"rendered":"https:\/\/bodur.com.tr\/?post_type=product&#038;p=19957"},"modified":"2026-03-22T15:32:57","modified_gmt":"2026-03-22T12:32:57","slug":"bd-36-17-43","status":"publish","type":"product","link":"https:\/\/bodur.com.tr\/nl\/urun\/bd-36-17-43","title":{"rendered":"BD.36.17.43 +"},"content":{"rendered":"","protected":false},"excerpt":{"rendered":"<ul>\n<li>H2000xW2250xD730 mm boyutlar\u0131nda<\/li>\n<li>285 kg exclusief accessoires.<\/li>\n<li>DKP- en HRP-plaatmetaalmaterialen<\/li>\n<li>Elektrostatische poedercoating<\/li>\n<li>RAL7016 (donkergrijs) en RAL7011 (lichtgrijs)<\/li>\n<li>H940xW2195 mm delikli pano \u00f6l\u00e7\u00fcs\u00fc<\/li>\n<li>W2195xD200 mm pano raf\u0131<\/li>\n<li>(W1125xD690) x2 tabla \u00f6l\u00e7\u00fcs\u00fc<\/li>\n<li>Standaard 40 mm massief houten paneel \u2013 Beuken<\/li>\n<li>4 geaarde 220V-stopcontacten met afdekkingen (beschermingsklasse IP44)<\/li>\n<li>1 LED-schakelaar<\/li>\n<li>Inbouw LED-verlichting (4x9W)<\/li>\n<\/ul>","protected":false},"featured_media":19958,"template":"","meta":[],"product_brand":[],"product_cat":[206],"product_tag":[],"class_list":{"0":"post-19957","1":"product","2":"type-product","3":"status-publish","4":"has-post-thumbnail","6":"product_cat-proline-plus-calisma-tezgahlari","8":"first","9":"instock","10":"shipping-taxable","11":"product-type-simple"},"yoast_head":"<!-- This site is optimized with the Yoast SEO plugin v27.4 - https:\/\/yoast.com\/product\/yoast-seo-wordpress\/ -->\n<title>BD.36.17.43 +<\/title>\n<meta name=\"robots\" content=\"index, follow, max-snippet:-1, max-image-preview:large, max-video-preview:-1\" \/>\n<link rel=\"canonical\" href=\"https:\/\/bodur.com.tr\/nl\/product\/bd-36-17-43\/\" \/>\n<meta property=\"og:locale\" content=\"nl_NL\" \/>\n<meta property=\"og:type\" content=\"article\" \/>\n<meta property=\"og:title\" content=\"BD.36.17.43 +\" \/>\n<meta property=\"og:description\" content=\"H2000xW2250xD730 mm boyutlar\u0131nda  Aksesuarlar hari\u00e7 285\u00a0kg  DKP ve HRP sac malzeme  Elektrostatik toz boya  RAL7016 (Koyu Gri) ve RAL7011 (A\u00e7\u0131k Gri)  H940xW2195 mm delikli pano \u00f6l\u00e7\u00fcs\u00fc  W2195xD200 mm pano raf\u0131  (W1125xD690) x2 tabla \u00f6l\u00e7\u00fcs\u00fc  Standart 40 mm Masif Panel - KAYIN  4 adet kapakl\u0131 220 V toprakl\u0131 priz (IP44 Koruma S\u0131n\u0131f\u0131)  1 adet led anahtar\u0131  G\u00f6mme Led Ayd\u0131nlatma (4x9W)\" \/>\n<meta property=\"og:url\" content=\"https:\/\/bodur.com.tr\/nl\/product\/bd-36-17-43\/\" \/>\n<meta property=\"og:site_name\" content=\"Bodur End\u00fcstriyel\" \/>\n<meta property=\"article:publisher\" content=\"https:\/\/www.facebook.com\/bodurendustriyel\" \/>\n<meta property=\"article:modified_time\" content=\"2026-03-22T12:32:57+00:00\" \/>\n<meta property=\"og:image\" content=\"https:\/\/bodur.com.tr\/wp-content\/uploads\/BD361743_H2000xW2250xD730_01.jpg\" \/>\n\t<meta property=\"og:image:width\" content=\"2480\" \/>\n\t<meta property=\"og:image:height\" content=\"2480\" \/>\n\t<meta property=\"og:image:type\" content=\"image\/jpeg\" \/>\n<meta name=\"twitter:card\" content=\"summary_large_image\" \/>\n<script type=\"application\/ld+json\" class=\"yoast-schema-graph\">{\"@context\":\"https:\\\/\\\/schema.org\",\"@graph\":[{\"@type\":\"WebPage\",\"@id\":\"https:\\\/\\\/bodur.com.tr\\\/urun\\\/bd-36-17-43\",\"url\":\"https:\\\/\\\/bodur.com.tr\\\/urun\\\/bd-36-17-43\",\"name\":\"BD.36.17.43 +\",\"isPartOf\":{\"@id\":\"https:\\\/\\\/bodur.com.tr\\\/#website\"},\"primaryImageOfPage\":{\"@id\":\"https:\\\/\\\/bodur.com.tr\\\/urun\\\/bd-36-17-43#primaryimage\"},\"image\":{\"@id\":\"https:\\\/\\\/bodur.com.tr\\\/urun\\\/bd-36-17-43#primaryimage\"},\"thumbnailUrl\":\"https:\\\/\\\/bodur.com.tr\\\/wp-content\\\/uploads\\\/BD361743_H2000xW2250xD730_01.jpg\",\"datePublished\":\"2024-09-20T09:25:13+00:00\",\"dateModified\":\"2026-03-22T12:32:57+00:00\",\"breadcrumb\":{\"@id\":\"https:\\\/\\\/bodur.com.tr\\\/urun\\\/bd-36-17-43#breadcrumb\"},\"inLanguage\":\"nl-NL\",\"potentialAction\":[{\"@type\":\"ReadAction\",\"target\":[\"https:\\\/\\\/bodur.com.tr\\\/urun\\\/bd-36-17-43\"]}]},{\"@type\":\"ImageObject\",\"inLanguage\":\"nl-NL\",\"@id\":\"https:\\\/\\\/bodur.com.tr\\\/urun\\\/bd-36-17-43#primaryimage\",\"url\":\"https:\\\/\\\/bodur.com.tr\\\/wp-content\\\/uploads\\\/BD361743_H2000xW2250xD730_01.jpg\",\"contentUrl\":\"https:\\\/\\\/bodur.com.tr\\\/wp-content\\\/uploads\\\/BD361743_H2000xW2250xD730_01.jpg\",\"width\":2480,\"height\":2480,\"caption\":\"BD.36.17.43 +\"},{\"@type\":\"BreadcrumbList\",\"@id\":\"https:\\\/\\\/bodur.com.tr\\\/urun\\\/bd-36-17-43#breadcrumb\",\"itemListElement\":[{\"@type\":\"ListItem\",\"position\":1,\"name\":\"Anasayfa\",\"item\":\"https:\\\/\\\/bodur.com.tr\\\/\"},{\"@type\":\"ListItem\",\"position\":2,\"name\":\"\u00dcr\u00fcnler\",\"item\":\"https:\\\/\\\/bodur.com.tr\\\/magaza\"},{\"@type\":\"ListItem\",\"position\":3,\"name\":\"BD.36.17.43 +\"}]},{\"@type\":\"WebSite\",\"@id\":\"https:\\\/\\\/bodur.com.tr\\\/#website\",\"url\":\"https:\\\/\\\/bodur.com.tr\\\/\",\"name\":\"Bodur End\u00fcstriyel\",\"description\":\"\",\"publisher\":{\"@id\":\"https:\\\/\\\/bodur.com.tr\\\/#organization\"},\"potentialAction\":[{\"@type\":\"SearchAction\",\"target\":{\"@type\":\"EntryPoint\",\"urlTemplate\":\"https:\\\/\\\/bodur.com.tr\\\/?s={search_term_string}\"},\"query-input\":{\"@type\":\"PropertyValueSpecification\",\"valueRequired\":true,\"valueName\":\"search_term_string\"}}],\"inLanguage\":\"nl-NL\"},{\"@type\":\"Organization\",\"@id\":\"https:\\\/\\\/bodur.com.tr\\\/#organization\",\"name\":\"Bodur End\u00fcstriyel\",\"url\":\"https:\\\/\\\/bodur.com.tr\\\/\",\"logo\":{\"@type\":\"ImageObject\",\"inLanguage\":\"nl-NL\",\"@id\":\"https:\\\/\\\/bodur.com.tr\\\/#\\\/schema\\\/logo\\\/image\\\/\",\"url\":\"https:\\\/\\\/bodur.com.tr\\\/wp-content\\\/uploads\\\/51834268_258721005017375_5556593430731161600_n.jpg\",\"contentUrl\":\"https:\\\/\\\/bodur.com.tr\\\/wp-content\\\/uploads\\\/51834268_258721005017375_5556593430731161600_n.jpg\",\"width\":320,\"height\":320,\"caption\":\"Bodur End\u00fcstriyel\"},\"image\":{\"@id\":\"https:\\\/\\\/bodur.com.tr\\\/#\\\/schema\\\/logo\\\/image\\\/\"},\"sameAs\":[\"https:\\\/\\\/www.facebook.com\\\/bodurendustriyel\",\"https:\\\/\\\/www.instagram.com\\\/bodurendustriyel\\\/\",\"https:\\\/\\\/www.youtube.com\\\/user\\\/harunbodur\"]}]}<\/script>\n<!-- \/ Yoast SEO plugin. -->","yoast_head_json":{"title":"BD.36.17.43 +","robots":{"index":"index","follow":"follow","max-snippet":"max-snippet:-1","max-image-preview":"max-image-preview:large","max-video-preview":"max-video-preview:-1"},"canonical":"https:\/\/bodur.com.tr\/nl\/product\/bd-36-17-43\/","og_locale":"nl_NL","og_type":"article","og_title":"BD.36.17.43 +","og_description":"H2000xW2250xD730 mm boyutlar\u0131nda  Aksesuarlar hari\u00e7 285\u00a0kg  DKP ve HRP sac malzeme  Elektrostatik toz boya  RAL7016 (Koyu Gri) ve RAL7011 (A\u00e7\u0131k Gri)  H940xW2195 mm delikli pano \u00f6l\u00e7\u00fcs\u00fc  W2195xD200 mm pano raf\u0131  (W1125xD690) x2 tabla \u00f6l\u00e7\u00fcs\u00fc  Standart 40 mm Masif Panel - KAYIN  4 adet kapakl\u0131 220 V toprakl\u0131 priz (IP44 Koruma S\u0131n\u0131f\u0131)  1 adet led anahtar\u0131  G\u00f6mme Led Ayd\u0131nlatma (4x9W)","og_url":"https:\/\/bodur.com.tr\/nl\/product\/bd-36-17-43\/","og_site_name":"Bodur End\u00fcstriyel","article_publisher":"https:\/\/www.facebook.com\/bodurendustriyel","article_modified_time":"2026-03-22T12:32:57+00:00","og_image":[{"width":2480,"height":2480,"url":"https:\/\/bodur.com.tr\/wp-content\/uploads\/BD361743_H2000xW2250xD730_01.jpg","type":"image\/jpeg"}],"twitter_card":"summary_large_image","schema":{"@context":"https:\/\/schema.org","@graph":[{"@type":"WebPage","@id":"https:\/\/bodur.com.tr\/urun\/bd-36-17-43","url":"https:\/\/bodur.com.tr\/urun\/bd-36-17-43","name":"BD.36.17.43 +","isPartOf":{"@id":"https:\/\/bodur.com.tr\/#website"},"primaryImageOfPage":{"@id":"https:\/\/bodur.com.tr\/urun\/bd-36-17-43#primaryimage"},"image":{"@id":"https:\/\/bodur.com.tr\/urun\/bd-36-17-43#primaryimage"},"thumbnailUrl":"https:\/\/bodur.com.tr\/wp-content\/uploads\/BD361743_H2000xW2250xD730_01.jpg","datePublished":"2024-09-20T09:25:13+00:00","dateModified":"2026-03-22T12:32:57+00:00","breadcrumb":{"@id":"https:\/\/bodur.com.tr\/urun\/bd-36-17-43#breadcrumb"},"inLanguage":"nl-NL","potentialAction":[{"@type":"ReadAction","target":["https:\/\/bodur.com.tr\/urun\/bd-36-17-43"]}]},{"@type":"ImageObject","inLanguage":"nl-NL","@id":"https:\/\/bodur.com.tr\/urun\/bd-36-17-43#primaryimage","url":"https:\/\/bodur.com.tr\/wp-content\/uploads\/BD361743_H2000xW2250xD730_01.jpg","contentUrl":"https:\/\/bodur.com.tr\/wp-content\/uploads\/BD361743_H2000xW2250xD730_01.jpg","width":2480,"height":2480,"caption":"BD.36.17.43 +"},{"@type":"BreadcrumbList","@id":"https:\/\/bodur.com.tr\/urun\/bd-36-17-43#breadcrumb","itemListElement":[{"@type":"ListItem","position":1,"name":"Anasayfa","item":"https:\/\/bodur.com.tr\/"},{"@type":"ListItem","position":2,"name":"\u00dcr\u00fcnler","item":"https:\/\/bodur.com.tr\/magaza"},{"@type":"ListItem","position":3,"name":"BD.36.17.43 +"}]},{"@type":"WebSite","@id":"https:\/\/bodur.com.tr\/#website","url":"https:\/\/bodur.com.tr\/","name":"Bodur Industrieel","description":"","publisher":{"@id":"https:\/\/bodur.com.tr\/#organization"},"potentialAction":[{"@type":"SearchAction","target":{"@type":"EntryPoint","urlTemplate":"https:\/\/bodur.com.tr\/?s={search_term_string}"},"query-input":{"@type":"PropertyValueSpecification","valueRequired":true,"valueName":"search_term_string"}}],"inLanguage":"nl-NL"},{"@type":"Organization","@id":"https:\/\/bodur.com.tr\/#organization","name":"Bodur Industrieel","url":"https:\/\/bodur.com.tr\/","logo":{"@type":"ImageObject","inLanguage":"nl-NL","@id":"https:\/\/bodur.com.tr\/#\/schema\/logo\/image\/","url":"https:\/\/bodur.com.tr\/wp-content\/uploads\/51834268_258721005017375_5556593430731161600_n.jpg","contentUrl":"https:\/\/bodur.com.tr\/wp-content\/uploads\/51834268_258721005017375_5556593430731161600_n.jpg","width":320,"height":320,"caption":"Bodur End\u00fcstriyel"},"image":{"@id":"https:\/\/bodur.com.tr\/#\/schema\/logo\/image\/"},"sameAs":["https:\/\/www.facebook.com\/bodurendustriyel","https:\/\/www.instagram.com\/bodurendustriyel\/","https:\/\/www.youtube.com\/user\/harunbodur"]}]}},"_links":{"self":[{"href":"https:\/\/bodur.com.tr\/nl\/wp-json\/wp\/v2\/product\/19957","targetHints":{"allow":["GET"]}}],"collection":[{"href":"https:\/\/bodur.com.tr\/nl\/wp-json\/wp\/v2\/product"}],"about":[{"href":"https:\/\/bodur.com.tr\/nl\/wp-json\/wp\/v2\/types\/product"}],"wp:featuredmedia":[{"embeddable":true,"href":"https:\/\/bodur.com.tr\/nl\/wp-json\/wp\/v2\/media\/19958"}],"wp:attachment":[{"href":"https:\/\/bodur.com.tr\/nl\/wp-json\/wp\/v2\/media?parent=19957"}],"wp:term":[{"taxonomy":"product_brand","embeddable":true,"href":"https:\/\/bodur.com.tr\/nl\/wp-json\/wp\/v2\/product_brand?post=19957"},{"taxonomy":"product_cat","embeddable":true,"href":"https:\/\/bodur.com.tr\/nl\/wp-json\/wp\/v2\/product_cat?post=19957"},{"taxonomy":"product_tag","embeddable":true,"href":"https:\/\/bodur.com.tr\/nl\/wp-json\/wp\/v2\/product_tag?post=19957"}],"curies":[{"name":"wp","href":"https:\/\/api.w.org\/{rel}","templated":true}]}}