{"id":1727,"date":"2021-05-03T00:00:00","date_gmt":"2021-05-02T21:00:00","guid":{"rendered":"https:\/\/bodur.com.tr\/urun\/36-18-90-51-aydinlatma-kapama-1240"},"modified":"2022-11-01T12:12:13","modified_gmt":"2022-11-01T09:12:13","slug":"36-18-90-51-aydinlatma-kapama-1240","status":"publish","type":"product","link":"https:\/\/bodur.com.tr\/nl\/urun\/36-18-90-51-aydinlatma-kapama-1240","title":{"rendered":"36.18.90.51 Ayd\u0131nlatma Kapama"},"content":{"rendered":"<p>36.18.90.51 Ayd\u0131nlatma Kapama mod\u00fcl\u00fc, <a href=\"https:\/\/bodur.com.tr\/nl\/producten\/tezgahlar\/proline-calisma-tezgahlari\/\">Proline <\/a>En <a href=\"https:\/\/bodur.com.tr\/nl\/producten\/tezgahlar\/moduline-calisma-tezgahlari\/\">Moduline<\/a> Het wordt gebruikt in onze werkbankserie. Het is vervaardigd uit DKP- en HRP-plaatmetaal en kan worden geverfd in de kleuren die beschikbaar zijn in ons kleurenpalet. <\/p>","protected":false},"excerpt":{"rendered":"<p><strong>Technische specificaties van het product:<\/strong><\/p>\n<ul>\n<li>H40xW1240xD60 mm boyutlar\u0131nda.<\/li>\n<li>Nettogewicht 1 kg.<\/li>\n<li>DKP- en HRP-plaatmetaalmaterialen.<\/li>\n<li>Elektrostatische poedercoating.<\/li>\n<li>RAL7016 (Antracietgrijs) (Veranderbaar)<\/li>\n<\/ul>","protected":false},"featured_media":1728,"template":"","meta":[],"product_brand":[],"product_cat":[17],"product_tag":[],"class_list":{"0":"post-1727","1":"product","2":"type-product","3":"status-publish","4":"has-post-thumbnail","6":"product_cat-moduline-moduller","8":"first","9":"instock","10":"shipping-taxable","11":"product-type-simple"},"yoast_head":"<!-- This site is optimized with the Yoast SEO plugin v27.4 - https:\/\/yoast.com\/product\/yoast-seo-wordpress\/ -->\n<title>36.18.90.51 Ayd\u0131nlatma Kapama<\/title>\n<meta name=\"robots\" content=\"index, follow, max-snippet:-1, max-image-preview:large, max-video-preview:-1\" \/>\n<link rel=\"canonical\" href=\"https:\/\/bodur.com.tr\/nl\/product\/36-18-90-51-aydinlatma-kapama-1240\/\" \/>\n<meta property=\"og:locale\" content=\"nl_NL\" \/>\n<meta property=\"og:type\" content=\"article\" \/>\n<meta property=\"og:title\" content=\"36.18.90.51 Ayd\u0131nlatma Kapama\" \/>\n<meta property=\"og:description\" content=\"\u00dcr\u00fcn\u00fcn Teknik \u00d6zellikleri:   H40xW1240xD60 mm boyutlar\u0131nda.  Net a\u011f\u0131rl\u0131k 1 kg.  DKP ve HRP sac malzeme.  Elektrostatik toz boya.  RAL7016 (Antrasit gri)(De\u011fi\u015ftirilebilir)\" \/>\n<meta property=\"og:url\" content=\"https:\/\/bodur.com.tr\/nl\/product\/36-18-90-51-aydinlatma-kapama-1240\/\" \/>\n<meta property=\"og:site_name\" content=\"Bodur End\u00fcstriyel\" \/>\n<meta property=\"article:publisher\" content=\"https:\/\/www.facebook.com\/bodurendustriyel\" \/>\n<meta property=\"article:modified_time\" content=\"2022-11-01T09:12:13+00:00\" \/>\n<meta property=\"og:image\" content=\"https:\/\/bodur.com.tr\/wp-content\/uploads\/36189051_Aydinlatma1240_r1.jpg\" \/>\n\t<meta property=\"og:image:width\" content=\"1024\" \/>\n\t<meta property=\"og:image:height\" content=\"1024\" \/>\n\t<meta property=\"og:image:type\" content=\"image\/jpeg\" \/>\n<meta name=\"twitter:card\" content=\"summary_large_image\" \/>\n<script type=\"application\/ld+json\" class=\"yoast-schema-graph\">{\"@context\":\"https:\\\/\\\/schema.org\",\"@graph\":[{\"@type\":\"WebPage\",\"@id\":\"https:\\\/\\\/bodur.com.tr\\\/urun\\\/36-18-90-51-aydinlatma-kapama-1240\",\"url\":\"https:\\\/\\\/bodur.com.tr\\\/urun\\\/36-18-90-51-aydinlatma-kapama-1240\",\"name\":\"36.18.90.51 Ayd\u0131nlatma Kapama\",\"isPartOf\":{\"@id\":\"https:\\\/\\\/bodur.com.tr\\\/#website\"},\"primaryImageOfPage\":{\"@id\":\"https:\\\/\\\/bodur.com.tr\\\/urun\\\/36-18-90-51-aydinlatma-kapama-1240#primaryimage\"},\"image\":{\"@id\":\"https:\\\/\\\/bodur.com.tr\\\/urun\\\/36-18-90-51-aydinlatma-kapama-1240#primaryimage\"},\"thumbnailUrl\":\"https:\\\/\\\/bodur.com.tr\\\/wp-content\\\/uploads\\\/36189051_Aydinlatma1240_r1.jpg\",\"datePublished\":\"2021-05-02T21:00:00+00:00\",\"dateModified\":\"2022-11-01T09:12:13+00:00\",\"breadcrumb\":{\"@id\":\"https:\\\/\\\/bodur.com.tr\\\/urun\\\/36-18-90-51-aydinlatma-kapama-1240#breadcrumb\"},\"inLanguage\":\"nl-NL\",\"potentialAction\":[{\"@type\":\"ReadAction\",\"target\":[\"https:\\\/\\\/bodur.com.tr\\\/urun\\\/36-18-90-51-aydinlatma-kapama-1240\"]}]},{\"@type\":\"ImageObject\",\"inLanguage\":\"nl-NL\",\"@id\":\"https:\\\/\\\/bodur.com.tr\\\/urun\\\/36-18-90-51-aydinlatma-kapama-1240#primaryimage\",\"url\":\"https:\\\/\\\/bodur.com.tr\\\/wp-content\\\/uploads\\\/36189051_Aydinlatma1240_r1.jpg\",\"contentUrl\":\"https:\\\/\\\/bodur.com.tr\\\/wp-content\\\/uploads\\\/36189051_Aydinlatma1240_r1.jpg\",\"width\":1024,\"height\":1024,\"caption\":\"36189051_Aydinlatma(1240)_01\"},{\"@type\":\"BreadcrumbList\",\"@id\":\"https:\\\/\\\/bodur.com.tr\\\/urun\\\/36-18-90-51-aydinlatma-kapama-1240#breadcrumb\",\"itemListElement\":[{\"@type\":\"ListItem\",\"position\":1,\"name\":\"Anasayfa\",\"item\":\"https:\\\/\\\/bodur.com.tr\\\/\"},{\"@type\":\"ListItem\",\"position\":2,\"name\":\"\u00dcr\u00fcnler\",\"item\":\"https:\\\/\\\/bodur.com.tr\\\/magaza\"},{\"@type\":\"ListItem\",\"position\":3,\"name\":\"36.18.90.51 Ayd\u0131nlatma Kapama\"}]},{\"@type\":\"WebSite\",\"@id\":\"https:\\\/\\\/bodur.com.tr\\\/#website\",\"url\":\"https:\\\/\\\/bodur.com.tr\\\/\",\"name\":\"Bodur End\u00fcstriyel\",\"description\":\"\",\"publisher\":{\"@id\":\"https:\\\/\\\/bodur.com.tr\\\/#organization\"},\"potentialAction\":[{\"@type\":\"SearchAction\",\"target\":{\"@type\":\"EntryPoint\",\"urlTemplate\":\"https:\\\/\\\/bodur.com.tr\\\/?s={search_term_string}\"},\"query-input\":{\"@type\":\"PropertyValueSpecification\",\"valueRequired\":true,\"valueName\":\"search_term_string\"}}],\"inLanguage\":\"nl-NL\"},{\"@type\":\"Organization\",\"@id\":\"https:\\\/\\\/bodur.com.tr\\\/#organization\",\"name\":\"Bodur End\u00fcstriyel\",\"url\":\"https:\\\/\\\/bodur.com.tr\\\/\",\"logo\":{\"@type\":\"ImageObject\",\"inLanguage\":\"nl-NL\",\"@id\":\"https:\\\/\\\/bodur.com.tr\\\/#\\\/schema\\\/logo\\\/image\\\/\",\"url\":\"https:\\\/\\\/bodur.com.tr\\\/wp-content\\\/uploads\\\/51834268_258721005017375_5556593430731161600_n.jpg\",\"contentUrl\":\"https:\\\/\\\/bodur.com.tr\\\/wp-content\\\/uploads\\\/51834268_258721005017375_5556593430731161600_n.jpg\",\"width\":320,\"height\":320,\"caption\":\"Bodur End\u00fcstriyel\"},\"image\":{\"@id\":\"https:\\\/\\\/bodur.com.tr\\\/#\\\/schema\\\/logo\\\/image\\\/\"},\"sameAs\":[\"https:\\\/\\\/www.facebook.com\\\/bodurendustriyel\",\"https:\\\/\\\/www.instagram.com\\\/bodurendustriyel\\\/\",\"https:\\\/\\\/www.youtube.com\\\/user\\\/harunbodur\"]}]}<\/script>\n<!-- \/ Yoast SEO plugin. -->","yoast_head_json":{"title":"36.18.90.51 Ayd\u0131nlatma Kapama","robots":{"index":"index","follow":"follow","max-snippet":"max-snippet:-1","max-image-preview":"max-image-preview:large","max-video-preview":"max-video-preview:-1"},"canonical":"https:\/\/bodur.com.tr\/nl\/product\/36-18-90-51-aydinlatma-kapama-1240\/","og_locale":"nl_NL","og_type":"article","og_title":"36.18.90.51 Ayd\u0131nlatma Kapama","og_description":"\u00dcr\u00fcn\u00fcn Teknik \u00d6zellikleri:   H40xW1240xD60 mm boyutlar\u0131nda.  Net a\u011f\u0131rl\u0131k 1 kg.  DKP ve HRP sac malzeme.  Elektrostatik toz boya.  RAL7016 (Antrasit gri)(De\u011fi\u015ftirilebilir)","og_url":"https:\/\/bodur.com.tr\/nl\/product\/36-18-90-51-aydinlatma-kapama-1240\/","og_site_name":"Bodur End\u00fcstriyel","article_publisher":"https:\/\/www.facebook.com\/bodurendustriyel","article_modified_time":"2022-11-01T09:12:13+00:00","og_image":[{"width":1024,"height":1024,"url":"https:\/\/bodur.com.tr\/wp-content\/uploads\/36189051_Aydinlatma1240_r1.jpg","type":"image\/jpeg"}],"twitter_card":"summary_large_image","schema":{"@context":"https:\/\/schema.org","@graph":[{"@type":"WebPage","@id":"https:\/\/bodur.com.tr\/urun\/36-18-90-51-aydinlatma-kapama-1240","url":"https:\/\/bodur.com.tr\/urun\/36-18-90-51-aydinlatma-kapama-1240","name":"36.18.90.51 Ayd\u0131nlatma Kapama","isPartOf":{"@id":"https:\/\/bodur.com.tr\/#website"},"primaryImageOfPage":{"@id":"https:\/\/bodur.com.tr\/urun\/36-18-90-51-aydinlatma-kapama-1240#primaryimage"},"image":{"@id":"https:\/\/bodur.com.tr\/urun\/36-18-90-51-aydinlatma-kapama-1240#primaryimage"},"thumbnailUrl":"https:\/\/bodur.com.tr\/wp-content\/uploads\/36189051_Aydinlatma1240_r1.jpg","datePublished":"2021-05-02T21:00:00+00:00","dateModified":"2022-11-01T09:12:13+00:00","breadcrumb":{"@id":"https:\/\/bodur.com.tr\/urun\/36-18-90-51-aydinlatma-kapama-1240#breadcrumb"},"inLanguage":"nl-NL","potentialAction":[{"@type":"ReadAction","target":["https:\/\/bodur.com.tr\/urun\/36-18-90-51-aydinlatma-kapama-1240"]}]},{"@type":"ImageObject","inLanguage":"nl-NL","@id":"https:\/\/bodur.com.tr\/urun\/36-18-90-51-aydinlatma-kapama-1240#primaryimage","url":"https:\/\/bodur.com.tr\/wp-content\/uploads\/36189051_Aydinlatma1240_r1.jpg","contentUrl":"https:\/\/bodur.com.tr\/wp-content\/uploads\/36189051_Aydinlatma1240_r1.jpg","width":1024,"height":1024,"caption":"36189051_Aydinlatma(1240)_01"},{"@type":"BreadcrumbList","@id":"https:\/\/bodur.com.tr\/urun\/36-18-90-51-aydinlatma-kapama-1240#breadcrumb","itemListElement":[{"@type":"ListItem","position":1,"name":"Anasayfa","item":"https:\/\/bodur.com.tr\/"},{"@type":"ListItem","position":2,"name":"\u00dcr\u00fcnler","item":"https:\/\/bodur.com.tr\/magaza"},{"@type":"ListItem","position":3,"name":"36.18.90.51 Ayd\u0131nlatma Kapama"}]},{"@type":"WebSite","@id":"https:\/\/bodur.com.tr\/#website","url":"https:\/\/bodur.com.tr\/","name":"Bodur Industrieel","description":"","publisher":{"@id":"https:\/\/bodur.com.tr\/#organization"},"potentialAction":[{"@type":"SearchAction","target":{"@type":"EntryPoint","urlTemplate":"https:\/\/bodur.com.tr\/?s={search_term_string}"},"query-input":{"@type":"PropertyValueSpecification","valueRequired":true,"valueName":"search_term_string"}}],"inLanguage":"nl-NL"},{"@type":"Organization","@id":"https:\/\/bodur.com.tr\/#organization","name":"Bodur Industrieel","url":"https:\/\/bodur.com.tr\/","logo":{"@type":"ImageObject","inLanguage":"nl-NL","@id":"https:\/\/bodur.com.tr\/#\/schema\/logo\/image\/","url":"https:\/\/bodur.com.tr\/wp-content\/uploads\/51834268_258721005017375_5556593430731161600_n.jpg","contentUrl":"https:\/\/bodur.com.tr\/wp-content\/uploads\/51834268_258721005017375_5556593430731161600_n.jpg","width":320,"height":320,"caption":"Bodur End\u00fcstriyel"},"image":{"@id":"https:\/\/bodur.com.tr\/#\/schema\/logo\/image\/"},"sameAs":["https:\/\/www.facebook.com\/bodurendustriyel","https:\/\/www.instagram.com\/bodurendustriyel\/","https:\/\/www.youtube.com\/user\/harunbodur"]}]}},"_links":{"self":[{"href":"https:\/\/bodur.com.tr\/nl\/wp-json\/wp\/v2\/product\/1727","targetHints":{"allow":["GET"]}}],"collection":[{"href":"https:\/\/bodur.com.tr\/nl\/wp-json\/wp\/v2\/product"}],"about":[{"href":"https:\/\/bodur.com.tr\/nl\/wp-json\/wp\/v2\/types\/product"}],"wp:featuredmedia":[{"embeddable":true,"href":"https:\/\/bodur.com.tr\/nl\/wp-json\/wp\/v2\/media\/1728"}],"wp:attachment":[{"href":"https:\/\/bodur.com.tr\/nl\/wp-json\/wp\/v2\/media?parent=1727"}],"wp:term":[{"taxonomy":"product_brand","embeddable":true,"href":"https:\/\/bodur.com.tr\/nl\/wp-json\/wp\/v2\/product_brand?post=1727"},{"taxonomy":"product_cat","embeddable":true,"href":"https:\/\/bodur.com.tr\/nl\/wp-json\/wp\/v2\/product_cat?post=1727"},{"taxonomy":"product_tag","embeddable":true,"href":"https:\/\/bodur.com.tr\/nl\/wp-json\/wp\/v2\/product_tag?post=1727"}],"curies":[{"name":"wp","href":"https:\/\/api.w.org\/{rel}","templated":true}]}}