{"id":16720,"date":"2024-03-20T19:19:39","date_gmt":"2024-03-20T16:19:39","guid":{"rendered":"https:\/\/bodur.com.tr\/?post_type=product&#038;p=16720"},"modified":"2024-03-21T11:36:15","modified_gmt":"2024-03-21T08:36:15","slug":"bd-36-80-11","status":"publish","type":"product","link":"https:\/\/bodur.com.tr\/nl\/urun\/bd-36-80-11","title":{"rendered":"BD.36.80.11"},"content":{"rendered":"<p>De BD.36.80.11 Ecoline werkbank, met zijn ruime werkblad en robuuste constructie, is een ideale keuze voor kleine, middelgrote en grote bedrijven, werkplaatsen en autoreparatiebedrijven. De werkbank meet 1950x1500x700 mm en weegt 97 kg (exclusief accessoires).<\/p>\n<p>Deze werkbank is vervaardigd uit DKP- en HRP-plaatstaal en biedt daardoor een lange levensduur. Hij is gecoat met elektrostatische poederverf en is verkrijgbaar in de kleuren RAL7016 (antracietgrijs) of RAL7011 (grijs), afhankelijk van de voorkeur van de gebruiker.<\/p>\n<p>De belangrijkste kenmerken van de werkbank zijn een geperforeerd paneel van 675 x 1350 x 30 mm (H x B x D) en een 30 mm dik tafelblad van HAM MDF van 1500 x 670 mm (B x D). Deze eigenschappen zorgen ervoor dat gebruikers comfortabel en ruim kunnen werken. LED-verlichting (LED-armatuur 900) zorgt ervoor dat gebruikers hun werk goed kunnen zien en verhoogt de effici\u00ebntie.<\/p>\n<p>Het aanrechtblad is tevens zo ontworpen dat er naar wens stopcontacten kunnen worden toegevoegd of verwijderd, waardoor gebruikers hun elektrische apparaten gemakkelijk kunnen aansluiten of loskoppelen.<\/p>","protected":false},"excerpt":{"rendered":"<p>De BD.36.80.11 Ecoline werkbank onderscheidt zich door zijn ruime werkblad en robuuste constructie. Exclusief accessoires weegt hij 97 kg.<\/p>\n<p><strong>Productbeschrijving:<\/strong><\/p>\n<ul>\n<li>Afmetingen: H1950 x B1500 x D700 mm.<\/li>\n<li>97 kg exclusief accessoires.<\/li>\n<li>DKP- en HRP-plaatmetaalmaterialen.<\/li>\n<li>Elektrostatische poedercoating \/ RAL7016 (antracietgrijs) en RAL7011 (grijs) (wijzigingen voorbehouden).<\/li>\n<li>Geperforeerd paneel met afmetingen H675xW1350xD30mm x1<\/li>\n<li>Tafelformaat W1500xD670 \/ 30 mm onbewerkt MDF<\/li>\n<li>LED-verlichting (LED-armatuur 900)<\/li>\n<li>Optioneel kunnen stopcontacten worden toegevoegd of verwijderd.<\/li>\n<\/ul>","protected":false},"featured_media":16722,"template":"","meta":[],"product_brand":[],"product_cat":[203],"product_tag":[],"class_list":{"0":"post-16720","1":"product","2":"type-product","3":"status-publish","4":"has-post-thumbnail","6":"product_cat-ecoline-calisma-tezgahlari","8":"first","9":"instock","10":"shipping-taxable","11":"product-type-simple"},"yoast_head":"<!-- This site is optimized with the Yoast SEO plugin v27.4 - https:\/\/yoast.com\/product\/yoast-seo-wordpress\/ -->\n<title>BD.36.80.11<\/title>\n<meta name=\"robots\" content=\"index, follow, max-snippet:-1, max-image-preview:large, max-video-preview:-1\" \/>\n<link rel=\"canonical\" href=\"https:\/\/bodur.com.tr\/nl\/product\/bd-36-80-11\/\" \/>\n<meta property=\"og:locale\" content=\"nl_NL\" \/>\n<meta property=\"og:type\" content=\"article\" \/>\n<meta property=\"og:title\" content=\"BD.36.80.11\" \/>\n<meta property=\"og:description\" content=\"BD.36.80.11 Ecoline \u00c7al\u0131\u015fma Tezgah\u0131, geni\u015f \u00e7al\u0131\u015fma alan\u0131 ve sa\u011flam yap\u0131s\u0131yla dikkat \u00e7eker. Aksesuarlar hari\u00e7 97 kg a\u011f\u0131rl\u0131\u011f\u0131ndad\u0131r.  \u00dcr\u00fcn a\u00e7\u0131klamas\u0131:   H1950xW1500xD700 mm boyutlar\u0131nda.  Aksesuarlar hari\u00e7 97 kg.  DKP ve HRP sac malzeme.  Elektrostatik toz boya \/ RAL7016 (Antrasit gri) ve RAL7011(Gri)(De\u011fi\u015ftirilebilir.)  H675xW1350xD30mm \u00f6l\u00e7\u00fclerinde delikli pano x1  W1500xD670 Tabla \u00f6l\u00e7\u00fcs\u00fc \/ 30 mm HAM MDF  LED Ayd\u0131nlatma (Led Armat\u00fcr 900)  Opsiyonel olarak priz eklenebilir veya \u00e7\u0131kart\u0131labilir.\" \/>\n<meta property=\"og:url\" content=\"https:\/\/bodur.com.tr\/nl\/product\/bd-36-80-11\/\" \/>\n<meta property=\"og:site_name\" content=\"Bodur End\u00fcstriyel\" \/>\n<meta property=\"article:publisher\" content=\"https:\/\/www.facebook.com\/bodurendustriyel\" \/>\n<meta property=\"article:modified_time\" content=\"2024-03-21T08:36:15+00:00\" \/>\n<meta property=\"og:image\" content=\"https:\/\/bodur.com.tr\/wp-content\/uploads\/BD-36-80-11-ecoline-calisma-tezgahi-1.jpg\" \/>\n\t<meta property=\"og:image:width\" content=\"1280\" \/>\n\t<meta property=\"og:image:height\" content=\"1280\" \/>\n\t<meta property=\"og:image:type\" content=\"image\/jpeg\" \/>\n<meta name=\"twitter:card\" content=\"summary_large_image\" \/>\n<script type=\"application\/ld+json\" class=\"yoast-schema-graph\">{\"@context\":\"https:\\\/\\\/schema.org\",\"@graph\":[{\"@type\":\"WebPage\",\"@id\":\"https:\\\/\\\/bodur.com.tr\\\/urun\\\/bd-36-80-11\",\"url\":\"https:\\\/\\\/bodur.com.tr\\\/urun\\\/bd-36-80-11\",\"name\":\"BD.36.80.11\",\"isPartOf\":{\"@id\":\"https:\\\/\\\/bodur.com.tr\\\/#website\"},\"primaryImageOfPage\":{\"@id\":\"https:\\\/\\\/bodur.com.tr\\\/urun\\\/bd-36-80-11#primaryimage\"},\"image\":{\"@id\":\"https:\\\/\\\/bodur.com.tr\\\/urun\\\/bd-36-80-11#primaryimage\"},\"thumbnailUrl\":\"https:\\\/\\\/bodur.com.tr\\\/wp-content\\\/uploads\\\/BD-36-80-11-ecoline-calisma-tezgahi-1.jpg\",\"datePublished\":\"2024-03-20T16:19:39+00:00\",\"dateModified\":\"2024-03-21T08:36:15+00:00\",\"breadcrumb\":{\"@id\":\"https:\\\/\\\/bodur.com.tr\\\/urun\\\/bd-36-80-11#breadcrumb\"},\"inLanguage\":\"nl-NL\",\"potentialAction\":[{\"@type\":\"ReadAction\",\"target\":[\"https:\\\/\\\/bodur.com.tr\\\/urun\\\/bd-36-80-11\"]}]},{\"@type\":\"ImageObject\",\"inLanguage\":\"nl-NL\",\"@id\":\"https:\\\/\\\/bodur.com.tr\\\/urun\\\/bd-36-80-11#primaryimage\",\"url\":\"https:\\\/\\\/bodur.com.tr\\\/wp-content\\\/uploads\\\/BD-36-80-11-ecoline-calisma-tezgahi-1.jpg\",\"contentUrl\":\"https:\\\/\\\/bodur.com.tr\\\/wp-content\\\/uploads\\\/BD-36-80-11-ecoline-calisma-tezgahi-1.jpg\",\"width\":1280,\"height\":1280,\"caption\":\"BD.36.80.11 Ecoline \u00e7al\u0131\u015fma tezgah\u0131\"},{\"@type\":\"BreadcrumbList\",\"@id\":\"https:\\\/\\\/bodur.com.tr\\\/urun\\\/bd-36-80-11#breadcrumb\",\"itemListElement\":[{\"@type\":\"ListItem\",\"position\":1,\"name\":\"Anasayfa\",\"item\":\"https:\\\/\\\/bodur.com.tr\\\/\"},{\"@type\":\"ListItem\",\"position\":2,\"name\":\"\u00dcr\u00fcnler\",\"item\":\"https:\\\/\\\/bodur.com.tr\\\/magaza\"},{\"@type\":\"ListItem\",\"position\":3,\"name\":\"BD.36.80.11\"}]},{\"@type\":\"WebSite\",\"@id\":\"https:\\\/\\\/bodur.com.tr\\\/#website\",\"url\":\"https:\\\/\\\/bodur.com.tr\\\/\",\"name\":\"Bodur End\u00fcstriyel\",\"description\":\"\",\"publisher\":{\"@id\":\"https:\\\/\\\/bodur.com.tr\\\/#organization\"},\"potentialAction\":[{\"@type\":\"SearchAction\",\"target\":{\"@type\":\"EntryPoint\",\"urlTemplate\":\"https:\\\/\\\/bodur.com.tr\\\/?s={search_term_string}\"},\"query-input\":{\"@type\":\"PropertyValueSpecification\",\"valueRequired\":true,\"valueName\":\"search_term_string\"}}],\"inLanguage\":\"nl-NL\"},{\"@type\":\"Organization\",\"@id\":\"https:\\\/\\\/bodur.com.tr\\\/#organization\",\"name\":\"Bodur End\u00fcstriyel\",\"url\":\"https:\\\/\\\/bodur.com.tr\\\/\",\"logo\":{\"@type\":\"ImageObject\",\"inLanguage\":\"nl-NL\",\"@id\":\"https:\\\/\\\/bodur.com.tr\\\/#\\\/schema\\\/logo\\\/image\\\/\",\"url\":\"https:\\\/\\\/bodur.com.tr\\\/wp-content\\\/uploads\\\/51834268_258721005017375_5556593430731161600_n.jpg\",\"contentUrl\":\"https:\\\/\\\/bodur.com.tr\\\/wp-content\\\/uploads\\\/51834268_258721005017375_5556593430731161600_n.jpg\",\"width\":320,\"height\":320,\"caption\":\"Bodur End\u00fcstriyel\"},\"image\":{\"@id\":\"https:\\\/\\\/bodur.com.tr\\\/#\\\/schema\\\/logo\\\/image\\\/\"},\"sameAs\":[\"https:\\\/\\\/www.facebook.com\\\/bodurendustriyel\",\"https:\\\/\\\/www.instagram.com\\\/bodurendustriyel\\\/\",\"https:\\\/\\\/www.youtube.com\\\/user\\\/harunbodur\"]}]}<\/script>\n<!-- \/ Yoast SEO plugin. -->","yoast_head_json":{"title":"BD.36.80.11","robots":{"index":"index","follow":"follow","max-snippet":"max-snippet:-1","max-image-preview":"max-image-preview:large","max-video-preview":"max-video-preview:-1"},"canonical":"https:\/\/bodur.com.tr\/nl\/product\/bd-36-80-11\/","og_locale":"nl_NL","og_type":"article","og_title":"BD.36.80.11","og_description":"BD.36.80.11 Ecoline \u00c7al\u0131\u015fma Tezgah\u0131, geni\u015f \u00e7al\u0131\u015fma alan\u0131 ve sa\u011flam yap\u0131s\u0131yla dikkat \u00e7eker. Aksesuarlar hari\u00e7 97 kg a\u011f\u0131rl\u0131\u011f\u0131ndad\u0131r.  \u00dcr\u00fcn a\u00e7\u0131klamas\u0131:   H1950xW1500xD700 mm boyutlar\u0131nda.  Aksesuarlar hari\u00e7 97 kg.  DKP ve HRP sac malzeme.  Elektrostatik toz boya \/ RAL7016 (Antrasit gri) ve RAL7011(Gri)(De\u011fi\u015ftirilebilir.)  H675xW1350xD30mm \u00f6l\u00e7\u00fclerinde delikli pano x1  W1500xD670 Tabla \u00f6l\u00e7\u00fcs\u00fc \/ 30 mm HAM MDF  LED Ayd\u0131nlatma (Led Armat\u00fcr 900)  Opsiyonel olarak priz eklenebilir veya \u00e7\u0131kart\u0131labilir.","og_url":"https:\/\/bodur.com.tr\/nl\/product\/bd-36-80-11\/","og_site_name":"Bodur End\u00fcstriyel","article_publisher":"https:\/\/www.facebook.com\/bodurendustriyel","article_modified_time":"2024-03-21T08:36:15+00:00","og_image":[{"width":1280,"height":1280,"url":"https:\/\/bodur.com.tr\/wp-content\/uploads\/BD-36-80-11-ecoline-calisma-tezgahi-1.jpg","type":"image\/jpeg"}],"twitter_card":"summary_large_image","schema":{"@context":"https:\/\/schema.org","@graph":[{"@type":"WebPage","@id":"https:\/\/bodur.com.tr\/urun\/bd-36-80-11","url":"https:\/\/bodur.com.tr\/urun\/bd-36-80-11","name":"BD.36.80.11","isPartOf":{"@id":"https:\/\/bodur.com.tr\/#website"},"primaryImageOfPage":{"@id":"https:\/\/bodur.com.tr\/urun\/bd-36-80-11#primaryimage"},"image":{"@id":"https:\/\/bodur.com.tr\/urun\/bd-36-80-11#primaryimage"},"thumbnailUrl":"https:\/\/bodur.com.tr\/wp-content\/uploads\/BD-36-80-11-ecoline-calisma-tezgahi-1.jpg","datePublished":"2024-03-20T16:19:39+00:00","dateModified":"2024-03-21T08:36:15+00:00","breadcrumb":{"@id":"https:\/\/bodur.com.tr\/urun\/bd-36-80-11#breadcrumb"},"inLanguage":"nl-NL","potentialAction":[{"@type":"ReadAction","target":["https:\/\/bodur.com.tr\/urun\/bd-36-80-11"]}]},{"@type":"ImageObject","inLanguage":"nl-NL","@id":"https:\/\/bodur.com.tr\/urun\/bd-36-80-11#primaryimage","url":"https:\/\/bodur.com.tr\/wp-content\/uploads\/BD-36-80-11-ecoline-calisma-tezgahi-1.jpg","contentUrl":"https:\/\/bodur.com.tr\/wp-content\/uploads\/BD-36-80-11-ecoline-calisma-tezgahi-1.jpg","width":1280,"height":1280,"caption":"BD.36.80.11 Ecoline \u00e7al\u0131\u015fma tezgah\u0131"},{"@type":"BreadcrumbList","@id":"https:\/\/bodur.com.tr\/urun\/bd-36-80-11#breadcrumb","itemListElement":[{"@type":"ListItem","position":1,"name":"Anasayfa","item":"https:\/\/bodur.com.tr\/"},{"@type":"ListItem","position":2,"name":"\u00dcr\u00fcnler","item":"https:\/\/bodur.com.tr\/magaza"},{"@type":"ListItem","position":3,"name":"BD.36.80.11"}]},{"@type":"WebSite","@id":"https:\/\/bodur.com.tr\/#website","url":"https:\/\/bodur.com.tr\/","name":"Bodur Industrieel","description":"","publisher":{"@id":"https:\/\/bodur.com.tr\/#organization"},"potentialAction":[{"@type":"SearchAction","target":{"@type":"EntryPoint","urlTemplate":"https:\/\/bodur.com.tr\/?s={search_term_string}"},"query-input":{"@type":"PropertyValueSpecification","valueRequired":true,"valueName":"search_term_string"}}],"inLanguage":"nl-NL"},{"@type":"Organization","@id":"https:\/\/bodur.com.tr\/#organization","name":"Bodur Industrieel","url":"https:\/\/bodur.com.tr\/","logo":{"@type":"ImageObject","inLanguage":"nl-NL","@id":"https:\/\/bodur.com.tr\/#\/schema\/logo\/image\/","url":"https:\/\/bodur.com.tr\/wp-content\/uploads\/51834268_258721005017375_5556593430731161600_n.jpg","contentUrl":"https:\/\/bodur.com.tr\/wp-content\/uploads\/51834268_258721005017375_5556593430731161600_n.jpg","width":320,"height":320,"caption":"Bodur End\u00fcstriyel"},"image":{"@id":"https:\/\/bodur.com.tr\/#\/schema\/logo\/image\/"},"sameAs":["https:\/\/www.facebook.com\/bodurendustriyel","https:\/\/www.instagram.com\/bodurendustriyel\/","https:\/\/www.youtube.com\/user\/harunbodur"]}]}},"_links":{"self":[{"href":"https:\/\/bodur.com.tr\/nl\/wp-json\/wp\/v2\/product\/16720","targetHints":{"allow":["GET"]}}],"collection":[{"href":"https:\/\/bodur.com.tr\/nl\/wp-json\/wp\/v2\/product"}],"about":[{"href":"https:\/\/bodur.com.tr\/nl\/wp-json\/wp\/v2\/types\/product"}],"wp:featuredmedia":[{"embeddable":true,"href":"https:\/\/bodur.com.tr\/nl\/wp-json\/wp\/v2\/media\/16722"}],"wp:attachment":[{"href":"https:\/\/bodur.com.tr\/nl\/wp-json\/wp\/v2\/media?parent=16720"}],"wp:term":[{"taxonomy":"product_brand","embeddable":true,"href":"https:\/\/bodur.com.tr\/nl\/wp-json\/wp\/v2\/product_brand?post=16720"},{"taxonomy":"product_cat","embeddable":true,"href":"https:\/\/bodur.com.tr\/nl\/wp-json\/wp\/v2\/product_cat?post=16720"},{"taxonomy":"product_tag","embeddable":true,"href":"https:\/\/bodur.com.tr\/nl\/wp-json\/wp\/v2\/product_tag?post=16720"}],"curies":[{"name":"wp","href":"https:\/\/api.w.org\/{rel}","templated":true}]}}