{"id":16694,"date":"2024-03-19T23:08:49","date_gmt":"2024-03-19T20:08:49","guid":{"rendered":"https:\/\/bodur.com.tr\/?post_type=product&#038;p=16694"},"modified":"2024-03-21T11:16:35","modified_gmt":"2024-03-21T08:16:35","slug":"bd-36-80-02","status":"publish","type":"product","link":"https:\/\/bodur.com.tr\/nl\/urun\/bd-36-80-02","title":{"rendered":"BD.36.80.02"},"content":{"rendered":"<p>De BD.36.80.02 Ecoline werkbank is een zeer praktisch en functioneel product, ontworpen voor zowel industri\u00eble als hobbygebruikers. Dankzij de robuuste constructie is deze werkbank breed inzetbaar in werkplaatsen, autoreparatiewerkplaatsen en thuiswerkplaatsen. Het product is vervaardigd uit duurzaam DKP- en HRP-plaatstaal en voorzien van een elektrostatische poedercoating. Deze coating garandeert de lange levensduur en aanpasbaarheid van de werkbank aan diverse werkomgevingen. De werkbank is verkrijgbaar in de kleuren RAL7016 (antracietgrijs) en RAL7011 (grijs), zodat gebruikers hun favoriete kleur kunnen kiezen.<\/p>\n<p>De werkbank heeft een geperforeerde plaat van 675 x 1050 x 30 mm (H x B x D) en een tafelblad van 1200 x 670 mm (B x D) (30 mm HAM MDF). Deze afmetingen zorgen ervoor dat werkstukken netjes opgeborgen kunnen worden en dat er comfortabel in een ruime werkruimte gewerkt kan worden. LED-verlichting (LED-armatuur 900) zorgt ervoor dat gebruikers hun werk goed kunnen zien en verhoogt de effici\u00ebntie.<\/p>\n<p>De werkbank weegt 79 kg. Hij biedt de mogelijkheid om stopcontacten toe te voegen of te verwijderen, zodat gebruikers hun elektrische apparaten gemakkelijk kunnen aansluiten of loskoppelen.<\/p>","protected":false},"excerpt":{"rendered":"<p>De Ecoline werkbank model BD.36.80.02 is een uitstekende optie voor kleine en middelgrote bedrijven, werkplaatsen, autoreparatiebedrijven en hobbyisten. Hij weegt 79 kg.<\/p>\n<p><strong>Productbeschrijving:<\/strong><\/p>\n<div>\n<ul>\n<li>Afmetingen: H1950 x B1200 x D700 mm.<\/li>\n<li>79 kg exclusief accessoires.<\/li>\n<li>DKP- en HRP-plaatmetaalmaterialen.<\/li>\n<li>Elektrostatische poedercoating \/ RAL7016 (antracietgrijs) en RAL7011 (grijs) (wijzigingen voorbehouden).<\/li>\n<li>Geperforeerd paneel met afmetingen H675xW1050xD30mm x1<\/li>\n<li>Tafelformaat W1200xD670 \/ 30 mm onbewerkt MDF<\/li>\n<li>LED-verlichting (LED-armatuur 900)<\/li>\n<li>Optioneel kunnen stopcontacten worden toegevoegd of verwijderd.<\/li>\n<\/ul>\n<\/div>","protected":false},"featured_media":16696,"template":"","meta":[],"product_brand":[],"product_cat":[203],"product_tag":[],"class_list":{"0":"post-16694","1":"product","2":"type-product","3":"status-publish","4":"has-post-thumbnail","6":"product_cat-ecoline-calisma-tezgahlari","8":"first","9":"instock","10":"shipping-taxable","11":"product-type-simple"},"yoast_head":"<!-- This site is optimized with the Yoast SEO plugin v27.4 - https:\/\/yoast.com\/product\/yoast-seo-wordpress\/ -->\n<title>BD.36.80.02<\/title>\n<meta name=\"robots\" content=\"index, follow, max-snippet:-1, max-image-preview:large, max-video-preview:-1\" \/>\n<link rel=\"canonical\" href=\"https:\/\/bodur.com.tr\/nl\/product\/bd-36-80-02\/\" \/>\n<meta property=\"og:locale\" content=\"nl_NL\" \/>\n<meta property=\"og:type\" content=\"article\" \/>\n<meta property=\"og:title\" content=\"BD.36.80.02\" \/>\n<meta property=\"og:description\" content=\"BD.36.80.02 model Ecoline \u00c7al\u0131\u015fma Tezgah\u0131, k\u00fc\u00e7\u00fck ve orta \u00f6l\u00e7ekli \u015firketler, at\u00f6lyeler, oto servisleri ve hobi ama\u00e7l\u0131 kullan\u0131m i\u00e7in m\u00fckemmel bir se\u00e7enektir. 79 kg a\u011f\u0131rl\u0131\u011f\u0131ndad\u0131r.  \u00dcr\u00fcn a\u00e7\u0131klamas\u0131:    H1950xW1200xD700 mm boyutlar\u0131nda.  Aksesuarlar hari\u00e7 79 kg.  DKP ve HRP sac malzeme.  Elektrostatik toz boya \/ RAL7016 (Antrasit gri) ve RAL7011(Gri)(De\u011fi\u015ftirilebilir.)  H675xW1050xD30mm \u00f6l\u00e7\u00fclerinde delikli pano x1  W1200xD670 Tabla \u00f6l\u00e7\u00fcs\u00fc \/ 30 mm HAM MDF  LED Ayd\u0131nlatma (Led Armat\u00fcr 900)  Opsiyonel olarak priz eklenebilir veya \u00e7\u0131kart\u0131labilir.\" \/>\n<meta property=\"og:url\" content=\"https:\/\/bodur.com.tr\/nl\/product\/bd-36-80-02\/\" \/>\n<meta property=\"og:site_name\" content=\"Bodur End\u00fcstriyel\" \/>\n<meta property=\"article:publisher\" content=\"https:\/\/www.facebook.com\/bodurendustriyel\" \/>\n<meta property=\"article:modified_time\" content=\"2024-03-21T08:16:35+00:00\" \/>\n<meta property=\"og:image\" content=\"https:\/\/bodur.com.tr\/wp-content\/uploads\/BD-36-80-02-ecoline-calisma-tezgahi-1.jpg\" \/>\n\t<meta property=\"og:image:width\" content=\"1280\" \/>\n\t<meta property=\"og:image:height\" content=\"1280\" \/>\n\t<meta property=\"og:image:type\" content=\"image\/jpeg\" \/>\n<meta name=\"twitter:card\" content=\"summary_large_image\" \/>\n<script type=\"application\/ld+json\" class=\"yoast-schema-graph\">{\"@context\":\"https:\\\/\\\/schema.org\",\"@graph\":[{\"@type\":\"WebPage\",\"@id\":\"https:\\\/\\\/bodur.com.tr\\\/urun\\\/bd-36-80-02\",\"url\":\"https:\\\/\\\/bodur.com.tr\\\/urun\\\/bd-36-80-02\",\"name\":\"BD.36.80.02\",\"isPartOf\":{\"@id\":\"https:\\\/\\\/bodur.com.tr\\\/#website\"},\"primaryImageOfPage\":{\"@id\":\"https:\\\/\\\/bodur.com.tr\\\/urun\\\/bd-36-80-02#primaryimage\"},\"image\":{\"@id\":\"https:\\\/\\\/bodur.com.tr\\\/urun\\\/bd-36-80-02#primaryimage\"},\"thumbnailUrl\":\"https:\\\/\\\/bodur.com.tr\\\/wp-content\\\/uploads\\\/BD-36-80-02-ecoline-calisma-tezgahi-1.jpg\",\"datePublished\":\"2024-03-19T20:08:49+00:00\",\"dateModified\":\"2024-03-21T08:16:35+00:00\",\"breadcrumb\":{\"@id\":\"https:\\\/\\\/bodur.com.tr\\\/urun\\\/bd-36-80-02#breadcrumb\"},\"inLanguage\":\"nl-NL\",\"potentialAction\":[{\"@type\":\"ReadAction\",\"target\":[\"https:\\\/\\\/bodur.com.tr\\\/urun\\\/bd-36-80-02\"]}]},{\"@type\":\"ImageObject\",\"inLanguage\":\"nl-NL\",\"@id\":\"https:\\\/\\\/bodur.com.tr\\\/urun\\\/bd-36-80-02#primaryimage\",\"url\":\"https:\\\/\\\/bodur.com.tr\\\/wp-content\\\/uploads\\\/BD-36-80-02-ecoline-calisma-tezgahi-1.jpg\",\"contentUrl\":\"https:\\\/\\\/bodur.com.tr\\\/wp-content\\\/uploads\\\/BD-36-80-02-ecoline-calisma-tezgahi-1.jpg\",\"width\":1280,\"height\":1280,\"caption\":\"BD.36.80.02 Ecoline \u00e7al\u0131\u015fma tezgah\u0131\"},{\"@type\":\"BreadcrumbList\",\"@id\":\"https:\\\/\\\/bodur.com.tr\\\/urun\\\/bd-36-80-02#breadcrumb\",\"itemListElement\":[{\"@type\":\"ListItem\",\"position\":1,\"name\":\"Anasayfa\",\"item\":\"https:\\\/\\\/bodur.com.tr\\\/\"},{\"@type\":\"ListItem\",\"position\":2,\"name\":\"\u00dcr\u00fcnler\",\"item\":\"https:\\\/\\\/bodur.com.tr\\\/magaza\"},{\"@type\":\"ListItem\",\"position\":3,\"name\":\"BD.36.80.02\"}]},{\"@type\":\"WebSite\",\"@id\":\"https:\\\/\\\/bodur.com.tr\\\/#website\",\"url\":\"https:\\\/\\\/bodur.com.tr\\\/\",\"name\":\"Bodur End\u00fcstriyel\",\"description\":\"\",\"publisher\":{\"@id\":\"https:\\\/\\\/bodur.com.tr\\\/#organization\"},\"potentialAction\":[{\"@type\":\"SearchAction\",\"target\":{\"@type\":\"EntryPoint\",\"urlTemplate\":\"https:\\\/\\\/bodur.com.tr\\\/?s={search_term_string}\"},\"query-input\":{\"@type\":\"PropertyValueSpecification\",\"valueRequired\":true,\"valueName\":\"search_term_string\"}}],\"inLanguage\":\"nl-NL\"},{\"@type\":\"Organization\",\"@id\":\"https:\\\/\\\/bodur.com.tr\\\/#organization\",\"name\":\"Bodur End\u00fcstriyel\",\"url\":\"https:\\\/\\\/bodur.com.tr\\\/\",\"logo\":{\"@type\":\"ImageObject\",\"inLanguage\":\"nl-NL\",\"@id\":\"https:\\\/\\\/bodur.com.tr\\\/#\\\/schema\\\/logo\\\/image\\\/\",\"url\":\"https:\\\/\\\/bodur.com.tr\\\/wp-content\\\/uploads\\\/51834268_258721005017375_5556593430731161600_n.jpg\",\"contentUrl\":\"https:\\\/\\\/bodur.com.tr\\\/wp-content\\\/uploads\\\/51834268_258721005017375_5556593430731161600_n.jpg\",\"width\":320,\"height\":320,\"caption\":\"Bodur End\u00fcstriyel\"},\"image\":{\"@id\":\"https:\\\/\\\/bodur.com.tr\\\/#\\\/schema\\\/logo\\\/image\\\/\"},\"sameAs\":[\"https:\\\/\\\/www.facebook.com\\\/bodurendustriyel\",\"https:\\\/\\\/www.instagram.com\\\/bodurendustriyel\\\/\",\"https:\\\/\\\/www.youtube.com\\\/user\\\/harunbodur\"]}]}<\/script>\n<!-- \/ Yoast SEO plugin. -->","yoast_head_json":{"title":"BD.36.80.02","robots":{"index":"index","follow":"follow","max-snippet":"max-snippet:-1","max-image-preview":"max-image-preview:large","max-video-preview":"max-video-preview:-1"},"canonical":"https:\/\/bodur.com.tr\/nl\/product\/bd-36-80-02\/","og_locale":"nl_NL","og_type":"article","og_title":"BD.36.80.02","og_description":"BD.36.80.02 model Ecoline \u00c7al\u0131\u015fma Tezgah\u0131, k\u00fc\u00e7\u00fck ve orta \u00f6l\u00e7ekli \u015firketler, at\u00f6lyeler, oto servisleri ve hobi ama\u00e7l\u0131 kullan\u0131m i\u00e7in m\u00fckemmel bir se\u00e7enektir. 79 kg a\u011f\u0131rl\u0131\u011f\u0131ndad\u0131r.  \u00dcr\u00fcn a\u00e7\u0131klamas\u0131:    H1950xW1200xD700 mm boyutlar\u0131nda.  Aksesuarlar hari\u00e7 79 kg.  DKP ve HRP sac malzeme.  Elektrostatik toz boya \/ RAL7016 (Antrasit gri) ve RAL7011(Gri)(De\u011fi\u015ftirilebilir.)  H675xW1050xD30mm \u00f6l\u00e7\u00fclerinde delikli pano x1  W1200xD670 Tabla \u00f6l\u00e7\u00fcs\u00fc \/ 30 mm HAM MDF  LED Ayd\u0131nlatma (Led Armat\u00fcr 900)  Opsiyonel olarak priz eklenebilir veya \u00e7\u0131kart\u0131labilir.","og_url":"https:\/\/bodur.com.tr\/nl\/product\/bd-36-80-02\/","og_site_name":"Bodur End\u00fcstriyel","article_publisher":"https:\/\/www.facebook.com\/bodurendustriyel","article_modified_time":"2024-03-21T08:16:35+00:00","og_image":[{"width":1280,"height":1280,"url":"https:\/\/bodur.com.tr\/wp-content\/uploads\/BD-36-80-02-ecoline-calisma-tezgahi-1.jpg","type":"image\/jpeg"}],"twitter_card":"summary_large_image","schema":{"@context":"https:\/\/schema.org","@graph":[{"@type":"WebPage","@id":"https:\/\/bodur.com.tr\/urun\/bd-36-80-02","url":"https:\/\/bodur.com.tr\/urun\/bd-36-80-02","name":"BD.36.80.02","isPartOf":{"@id":"https:\/\/bodur.com.tr\/#website"},"primaryImageOfPage":{"@id":"https:\/\/bodur.com.tr\/urun\/bd-36-80-02#primaryimage"},"image":{"@id":"https:\/\/bodur.com.tr\/urun\/bd-36-80-02#primaryimage"},"thumbnailUrl":"https:\/\/bodur.com.tr\/wp-content\/uploads\/BD-36-80-02-ecoline-calisma-tezgahi-1.jpg","datePublished":"2024-03-19T20:08:49+00:00","dateModified":"2024-03-21T08:16:35+00:00","breadcrumb":{"@id":"https:\/\/bodur.com.tr\/urun\/bd-36-80-02#breadcrumb"},"inLanguage":"nl-NL","potentialAction":[{"@type":"ReadAction","target":["https:\/\/bodur.com.tr\/urun\/bd-36-80-02"]}]},{"@type":"ImageObject","inLanguage":"nl-NL","@id":"https:\/\/bodur.com.tr\/urun\/bd-36-80-02#primaryimage","url":"https:\/\/bodur.com.tr\/wp-content\/uploads\/BD-36-80-02-ecoline-calisma-tezgahi-1.jpg","contentUrl":"https:\/\/bodur.com.tr\/wp-content\/uploads\/BD-36-80-02-ecoline-calisma-tezgahi-1.jpg","width":1280,"height":1280,"caption":"BD.36.80.02 Ecoline \u00e7al\u0131\u015fma tezgah\u0131"},{"@type":"BreadcrumbList","@id":"https:\/\/bodur.com.tr\/urun\/bd-36-80-02#breadcrumb","itemListElement":[{"@type":"ListItem","position":1,"name":"Anasayfa","item":"https:\/\/bodur.com.tr\/"},{"@type":"ListItem","position":2,"name":"\u00dcr\u00fcnler","item":"https:\/\/bodur.com.tr\/magaza"},{"@type":"ListItem","position":3,"name":"BD.36.80.02"}]},{"@type":"WebSite","@id":"https:\/\/bodur.com.tr\/#website","url":"https:\/\/bodur.com.tr\/","name":"Bodur Industrieel","description":"","publisher":{"@id":"https:\/\/bodur.com.tr\/#organization"},"potentialAction":[{"@type":"SearchAction","target":{"@type":"EntryPoint","urlTemplate":"https:\/\/bodur.com.tr\/?s={search_term_string}"},"query-input":{"@type":"PropertyValueSpecification","valueRequired":true,"valueName":"search_term_string"}}],"inLanguage":"nl-NL"},{"@type":"Organization","@id":"https:\/\/bodur.com.tr\/#organization","name":"Bodur Industrieel","url":"https:\/\/bodur.com.tr\/","logo":{"@type":"ImageObject","inLanguage":"nl-NL","@id":"https:\/\/bodur.com.tr\/#\/schema\/logo\/image\/","url":"https:\/\/bodur.com.tr\/wp-content\/uploads\/51834268_258721005017375_5556593430731161600_n.jpg","contentUrl":"https:\/\/bodur.com.tr\/wp-content\/uploads\/51834268_258721005017375_5556593430731161600_n.jpg","width":320,"height":320,"caption":"Bodur End\u00fcstriyel"},"image":{"@id":"https:\/\/bodur.com.tr\/#\/schema\/logo\/image\/"},"sameAs":["https:\/\/www.facebook.com\/bodurendustriyel","https:\/\/www.instagram.com\/bodurendustriyel\/","https:\/\/www.youtube.com\/user\/harunbodur"]}]}},"_links":{"self":[{"href":"https:\/\/bodur.com.tr\/nl\/wp-json\/wp\/v2\/product\/16694","targetHints":{"allow":["GET"]}}],"collection":[{"href":"https:\/\/bodur.com.tr\/nl\/wp-json\/wp\/v2\/product"}],"about":[{"href":"https:\/\/bodur.com.tr\/nl\/wp-json\/wp\/v2\/types\/product"}],"wp:featuredmedia":[{"embeddable":true,"href":"https:\/\/bodur.com.tr\/nl\/wp-json\/wp\/v2\/media\/16696"}],"wp:attachment":[{"href":"https:\/\/bodur.com.tr\/nl\/wp-json\/wp\/v2\/media?parent=16694"}],"wp:term":[{"taxonomy":"product_brand","embeddable":true,"href":"https:\/\/bodur.com.tr\/nl\/wp-json\/wp\/v2\/product_brand?post=16694"},{"taxonomy":"product_cat","embeddable":true,"href":"https:\/\/bodur.com.tr\/nl\/wp-json\/wp\/v2\/product_cat?post=16694"},{"taxonomy":"product_tag","embeddable":true,"href":"https:\/\/bodur.com.tr\/nl\/wp-json\/wp\/v2\/product_tag?post=16694"}],"curies":[{"name":"wp","href":"https:\/\/api.w.org\/{rel}","templated":true}]}}