{"id":16064,"date":"2023-04-25T13:18:15","date_gmt":"2023-04-25T10:18:15","guid":{"rendered":"https:\/\/bodur.com.tr\/?post_type=product&#038;p=16064"},"modified":"2025-07-03T15:47:59","modified_gmt":"2025-07-03T12:47:59","slug":"bd-60-10-04-dort-uniteli-eczane-rafi","status":"publish","type":"product","link":"https:\/\/bodur.com.tr\/nl\/urun\/bd-60-10-04-dort-uniteli-eczane-rafi","title":{"rendered":"BD.60.10.04 Apotheekplank met vier eenheden"},"content":{"rendered":"<p><a href=\"https:\/\/bodur.com.tr\/wp-content\/uploads\/BD601001-eczane-rafi-info-scaled.jpg\"><img loading=\"lazy\" decoding=\"async\" class=\"aligncenter wp-image-16054 size-full\" src=\"https:\/\/bodur.com.tr\/wp-content\/uploads\/BD601001-eczane-rafi-info-scaled.jpg\" alt=\"Apotheekplank\" width=\"2560\" height=\"2560\" srcset=\"https:\/\/bodur.com.tr\/wp-content\/uploads\/BD601001-eczane-rafi-info-scaled.jpg 2560w, https:\/\/bodur.com.tr\/wp-content\/uploads\/BD601001-eczane-rafi-info-scaled-900x900.jpg 900w, https:\/\/bodur.com.tr\/wp-content\/uploads\/BD601001-eczane-rafi-info-150x150.jpg 150w, https:\/\/bodur.com.tr\/wp-content\/uploads\/BD601001-eczane-rafi-info-300x300.jpg 300w, https:\/\/bodur.com.tr\/wp-content\/uploads\/BD601001-eczane-rafi-info-1024x1024.jpg 1024w, https:\/\/bodur.com.tr\/wp-content\/uploads\/BD601001-eczane-rafi-info-768x768.jpg 768w, https:\/\/bodur.com.tr\/wp-content\/uploads\/BD601001-eczane-rafi-info-1536x1536.jpg 1536w, https:\/\/bodur.com.tr\/wp-content\/uploads\/BD601001-eczane-rafi-info-2048x2048.jpg 2048w\" sizes=\"auto, (max-width: 2560px) 100vw, 2560px\" \/><\/a><\/p>","protected":false},"excerpt":{"rendered":"<ul>\n<li>H2030xW1750xD1000 mm boyutlar\u0131nda<\/li>\n<li>566 kg. toplam a\u011f\u0131rl\u0131k<\/li>\n<li>11 laden van elk 125 cm<\/li>\n<li>2 laden van 250 stuks per stuk<\/li>\n<li>1 cijfer per eenheid<\/li>\n<li>DKP, HRP en roestvrijstalen plaatmaterialen<\/li>\n<li>Elektrostatische poedercoating<\/li>\n<li>Verstelbare kogelgewrichtvoetjes voor oneffen ondergronden.<\/li>\n<li>Transparante ladeverdelers (standaard 6 per lade) (op aanvraag verkrijgbaar)<\/li>\n<li>Scheidingssysteem dat in stappen van 5,5 mm kan worden verdeeld.<\/li>\n<li>Binnenafmetingen van de lade: 350 x 830 mm<\/li>\n<li>Kunststof gecoate lagers voor een stille werking.<\/li>\n<li>Laden die soepel openen en sluiten.<\/li>\n<li>De binnenkant van de ladedeuren is gemaakt van roestvrij staal (massief hout is optioneel).<\/li>\n<li>Rails versterkt met extra buiging.<\/li>\n<li>De ladefronten per unit zijn gemaakt van 4 mm massief hout voor de bovenste twee laden (\u00e9\u00e9n van 250 cm en \u00e9\u00e9n van 125 cm), en van 4 mm MDF-laminaat voor de overige laden.<\/li>\n<li>Elke unit heeft 3 vaste rails \/ 1 trede.<\/li>\n<li>Op de treden wordt antisliptape aangebracht.<\/li>\n<\/ul>","protected":false},"featured_media":40853,"template":"","meta":[],"product_brand":[],"product_cat":[202],"product_tag":[],"class_list":{"0":"post-16064","1":"product","2":"type-product","3":"status-publish","4":"has-post-thumbnail","6":"product_cat-eczane-raflari","8":"first","9":"instock","10":"shipping-taxable","11":"product-type-simple"},"yoast_head":"<!-- This site is optimized with the Yoast SEO plugin v27.4 - https:\/\/yoast.com\/product\/yoast-seo-wordpress\/ -->\n<title>BD.60.10.04 D\u00f6rt \u00dcniteli Eczane Raf\u0131<\/title>\n<meta name=\"robots\" content=\"index, follow, max-snippet:-1, max-image-preview:large, max-video-preview:-1\" \/>\n<link rel=\"canonical\" href=\"https:\/\/bodur.com.tr\/nl\/product\/bd-60-10-04-dort-uniteli-eczane-rafi\/\" \/>\n<meta property=\"og:locale\" content=\"nl_NL\" \/>\n<meta property=\"og:type\" content=\"article\" \/>\n<meta property=\"og:title\" content=\"BD.60.10.04 D\u00f6rt \u00dcniteli Eczane Raf\u0131\" \/>\n<meta property=\"og:description\" content=\"H2030xW1750xD1000 mm boyutlar\u0131nda  566 kg. toplam a\u011f\u0131rl\u0131k  \u00dcnite ba\u015f\u0131na 11 adet 125\u2019lik \u00e7ekmece  \u00dcnite ba\u015f\u0131na 2 adet 250\u2019lik \u00e7ekmece  \u00dcnite ba\u015f\u0131na 1 adet basamak  DKP, HRP ve paslanmaz sac malzeme  Elektrostatik toz boya  Bozuk zeminler i\u00e7in ayarlanabilir rotil ayak  \u00c7ekmece i\u00e7i b\u00f6l\u00fcc\u00fc \u015feffaf seperat\u00f6r (her \u00e7ekmece i\u00e7in standart 6 adet) (iste\u011fe ba\u011fl\u0131 artt\u0131r\u0131labilir)  5,5 mm de bir b\u00f6l\u00fcnebilen seperat\u00f6r sistemi  350\u00d7830 mm \u00e7ekmece\u00a0i\u00e7\u00a0\u00f6l\u00e7\u00fcleri  Sessiz \u00e7al\u0131\u015fma i\u00e7in plastik kaplanm\u0131\u015f rulmanlar  Kolay a\u00e7\u0131l\u0131p kapanan ak\u0131c\u0131 \u00e7ekmeceler  \u00c7ekmece kapak i\u00e7leri paslanmaz sac (iste\u011fe ba\u011fl\u0131 masif ah\u015fap)  Ekstra b\u00fck\u00fcmle artt\u0131r\u0131lm\u0131\u015f raylar  \u00dcnite ba\u015f\u0131na \u00e7ekmece zeminleri, \u00fcsteki 2 \u00e7ekmece (250\u2019lik ve 125\u2019li birer adet) 4 mm solid geri kalan \u00e7ekmeceler 4 mm mdf lamd\u0131r  \u00dcnite ba\u015f\u0131 3 adet sabit ray \/ 1 adet basamak  Basamak \u00fczerine kaymay\u0131 \u00f6nleyici bant \u00e7ekilmektedir\" \/>\n<meta property=\"og:url\" content=\"https:\/\/bodur.com.tr\/nl\/product\/bd-60-10-04-dort-uniteli-eczane-rafi\/\" \/>\n<meta property=\"og:site_name\" content=\"Bodur End\u00fcstriyel\" \/>\n<meta property=\"article:publisher\" content=\"https:\/\/www.facebook.com\/bodurendustriyel\" \/>\n<meta property=\"article:modified_time\" content=\"2025-07-03T12:47:59+00:00\" \/>\n<meta property=\"og:image\" content=\"https:\/\/bodur.com.tr\/wp-content\/uploads\/BD601004_01.jpg\" \/>\n\t<meta property=\"og:image:width\" content=\"2480\" \/>\n\t<meta property=\"og:image:height\" content=\"2480\" \/>\n\t<meta property=\"og:image:type\" content=\"image\/jpeg\" \/>\n<meta name=\"twitter:card\" content=\"summary_large_image\" \/>\n<script type=\"application\/ld+json\" class=\"yoast-schema-graph\">{\"@context\":\"https:\\\/\\\/schema.org\",\"@graph\":[{\"@type\":\"WebPage\",\"@id\":\"https:\\\/\\\/bodur.com.tr\\\/urun\\\/bd-60-10-04-dort-uniteli-eczane-rafi\",\"url\":\"https:\\\/\\\/bodur.com.tr\\\/urun\\\/bd-60-10-04-dort-uniteli-eczane-rafi\",\"name\":\"BD.60.10.04 D\u00f6rt \u00dcniteli Eczane Raf\u0131\",\"isPartOf\":{\"@id\":\"https:\\\/\\\/bodur.com.tr\\\/#website\"},\"primaryImageOfPage\":{\"@id\":\"https:\\\/\\\/bodur.com.tr\\\/urun\\\/bd-60-10-04-dort-uniteli-eczane-rafi#primaryimage\"},\"image\":{\"@id\":\"https:\\\/\\\/bodur.com.tr\\\/urun\\\/bd-60-10-04-dort-uniteli-eczane-rafi#primaryimage\"},\"thumbnailUrl\":\"https:\\\/\\\/bodur.com.tr\\\/wp-content\\\/uploads\\\/BD601004_01.jpg\",\"datePublished\":\"2023-04-25T10:18:15+00:00\",\"dateModified\":\"2025-07-03T12:47:59+00:00\",\"breadcrumb\":{\"@id\":\"https:\\\/\\\/bodur.com.tr\\\/urun\\\/bd-60-10-04-dort-uniteli-eczane-rafi#breadcrumb\"},\"inLanguage\":\"nl-NL\",\"potentialAction\":[{\"@type\":\"ReadAction\",\"target\":[\"https:\\\/\\\/bodur.com.tr\\\/urun\\\/bd-60-10-04-dort-uniteli-eczane-rafi\"]}]},{\"@type\":\"ImageObject\",\"inLanguage\":\"nl-NL\",\"@id\":\"https:\\\/\\\/bodur.com.tr\\\/urun\\\/bd-60-10-04-dort-uniteli-eczane-rafi#primaryimage\",\"url\":\"https:\\\/\\\/bodur.com.tr\\\/wp-content\\\/uploads\\\/BD601004_01.jpg\",\"contentUrl\":\"https:\\\/\\\/bodur.com.tr\\\/wp-content\\\/uploads\\\/BD601004_01.jpg\",\"width\":2480,\"height\":2480,\"caption\":\"BD.60.10.04 D\u00f6rt \u00dcniteli Eczane Raf\u0131\"},{\"@type\":\"BreadcrumbList\",\"@id\":\"https:\\\/\\\/bodur.com.tr\\\/urun\\\/bd-60-10-04-dort-uniteli-eczane-rafi#breadcrumb\",\"itemListElement\":[{\"@type\":\"ListItem\",\"position\":1,\"name\":\"Anasayfa\",\"item\":\"https:\\\/\\\/bodur.com.tr\\\/\"},{\"@type\":\"ListItem\",\"position\":2,\"name\":\"\u00dcr\u00fcnler\",\"item\":\"https:\\\/\\\/bodur.com.tr\\\/magaza\"},{\"@type\":\"ListItem\",\"position\":3,\"name\":\"BD.60.10.04 D\u00f6rt \u00dcniteli Eczane Raf\u0131\"}]},{\"@type\":\"WebSite\",\"@id\":\"https:\\\/\\\/bodur.com.tr\\\/#website\",\"url\":\"https:\\\/\\\/bodur.com.tr\\\/\",\"name\":\"Bodur End\u00fcstriyel\",\"description\":\"\",\"publisher\":{\"@id\":\"https:\\\/\\\/bodur.com.tr\\\/#organization\"},\"potentialAction\":[{\"@type\":\"SearchAction\",\"target\":{\"@type\":\"EntryPoint\",\"urlTemplate\":\"https:\\\/\\\/bodur.com.tr\\\/?s={search_term_string}\"},\"query-input\":{\"@type\":\"PropertyValueSpecification\",\"valueRequired\":true,\"valueName\":\"search_term_string\"}}],\"inLanguage\":\"nl-NL\"},{\"@type\":\"Organization\",\"@id\":\"https:\\\/\\\/bodur.com.tr\\\/#organization\",\"name\":\"Bodur End\u00fcstriyel\",\"url\":\"https:\\\/\\\/bodur.com.tr\\\/\",\"logo\":{\"@type\":\"ImageObject\",\"inLanguage\":\"nl-NL\",\"@id\":\"https:\\\/\\\/bodur.com.tr\\\/#\\\/schema\\\/logo\\\/image\\\/\",\"url\":\"https:\\\/\\\/bodur.com.tr\\\/wp-content\\\/uploads\\\/51834268_258721005017375_5556593430731161600_n.jpg\",\"contentUrl\":\"https:\\\/\\\/bodur.com.tr\\\/wp-content\\\/uploads\\\/51834268_258721005017375_5556593430731161600_n.jpg\",\"width\":320,\"height\":320,\"caption\":\"Bodur End\u00fcstriyel\"},\"image\":{\"@id\":\"https:\\\/\\\/bodur.com.tr\\\/#\\\/schema\\\/logo\\\/image\\\/\"},\"sameAs\":[\"https:\\\/\\\/www.facebook.com\\\/bodurendustriyel\",\"https:\\\/\\\/www.instagram.com\\\/bodurendustriyel\\\/\",\"https:\\\/\\\/www.youtube.com\\\/user\\\/harunbodur\"]}]}<\/script>\n<!-- \/ Yoast SEO plugin. -->","yoast_head_json":{"title":"BD.60.10.04 Apotheekplank met vier eenheden","robots":{"index":"index","follow":"follow","max-snippet":"max-snippet:-1","max-image-preview":"max-image-preview:large","max-video-preview":"max-video-preview:-1"},"canonical":"https:\/\/bodur.com.tr\/nl\/product\/bd-60-10-04-dort-uniteli-eczane-rafi\/","og_locale":"nl_NL","og_type":"article","og_title":"BD.60.10.04 D\u00f6rt \u00dcniteli Eczane Raf\u0131","og_description":"H2030xW1750xD1000 mm boyutlar\u0131nda  566 kg. toplam a\u011f\u0131rl\u0131k  \u00dcnite ba\u015f\u0131na 11 adet 125\u2019lik \u00e7ekmece  \u00dcnite ba\u015f\u0131na 2 adet 250\u2019lik \u00e7ekmece  \u00dcnite ba\u015f\u0131na 1 adet basamak  DKP, HRP ve paslanmaz sac malzeme  Elektrostatik toz boya  Bozuk zeminler i\u00e7in ayarlanabilir rotil ayak  \u00c7ekmece i\u00e7i b\u00f6l\u00fcc\u00fc \u015feffaf seperat\u00f6r (her \u00e7ekmece i\u00e7in standart 6 adet) (iste\u011fe ba\u011fl\u0131 artt\u0131r\u0131labilir)  5,5 mm de bir b\u00f6l\u00fcnebilen seperat\u00f6r sistemi  350\u00d7830 mm \u00e7ekmece\u00a0i\u00e7\u00a0\u00f6l\u00e7\u00fcleri  Sessiz \u00e7al\u0131\u015fma i\u00e7in plastik kaplanm\u0131\u015f rulmanlar  Kolay a\u00e7\u0131l\u0131p kapanan ak\u0131c\u0131 \u00e7ekmeceler  \u00c7ekmece kapak i\u00e7leri paslanmaz sac (iste\u011fe ba\u011fl\u0131 masif ah\u015fap)  Ekstra b\u00fck\u00fcmle artt\u0131r\u0131lm\u0131\u015f raylar  \u00dcnite ba\u015f\u0131na \u00e7ekmece zeminleri, \u00fcsteki 2 \u00e7ekmece (250\u2019lik ve 125\u2019li birer adet) 4 mm solid geri kalan \u00e7ekmeceler 4 mm mdf lamd\u0131r  \u00dcnite ba\u015f\u0131 3 adet sabit ray \/ 1 adet basamak  Basamak \u00fczerine kaymay\u0131 \u00f6nleyici bant \u00e7ekilmektedir","og_url":"https:\/\/bodur.com.tr\/nl\/product\/bd-60-10-04-dort-uniteli-eczane-rafi\/","og_site_name":"Bodur End\u00fcstriyel","article_publisher":"https:\/\/www.facebook.com\/bodurendustriyel","article_modified_time":"2025-07-03T12:47:59+00:00","og_image":[{"width":2480,"height":2480,"url":"https:\/\/bodur.com.tr\/wp-content\/uploads\/BD601004_01.jpg","type":"image\/jpeg"}],"twitter_card":"summary_large_image","schema":{"@context":"https:\/\/schema.org","@graph":[{"@type":"WebPage","@id":"https:\/\/bodur.com.tr\/urun\/bd-60-10-04-dort-uniteli-eczane-rafi","url":"https:\/\/bodur.com.tr\/urun\/bd-60-10-04-dort-uniteli-eczane-rafi","name":"BD.60.10.04 Apotheekplank met vier eenheden","isPartOf":{"@id":"https:\/\/bodur.com.tr\/#website"},"primaryImageOfPage":{"@id":"https:\/\/bodur.com.tr\/urun\/bd-60-10-04-dort-uniteli-eczane-rafi#primaryimage"},"image":{"@id":"https:\/\/bodur.com.tr\/urun\/bd-60-10-04-dort-uniteli-eczane-rafi#primaryimage"},"thumbnailUrl":"https:\/\/bodur.com.tr\/wp-content\/uploads\/BD601004_01.jpg","datePublished":"2023-04-25T10:18:15+00:00","dateModified":"2025-07-03T12:47:59+00:00","breadcrumb":{"@id":"https:\/\/bodur.com.tr\/urun\/bd-60-10-04-dort-uniteli-eczane-rafi#breadcrumb"},"inLanguage":"nl-NL","potentialAction":[{"@type":"ReadAction","target":["https:\/\/bodur.com.tr\/urun\/bd-60-10-04-dort-uniteli-eczane-rafi"]}]},{"@type":"ImageObject","inLanguage":"nl-NL","@id":"https:\/\/bodur.com.tr\/urun\/bd-60-10-04-dort-uniteli-eczane-rafi#primaryimage","url":"https:\/\/bodur.com.tr\/wp-content\/uploads\/BD601004_01.jpg","contentUrl":"https:\/\/bodur.com.tr\/wp-content\/uploads\/BD601004_01.jpg","width":2480,"height":2480,"caption":"BD.60.10.04 D\u00f6rt \u00dcniteli Eczane Raf\u0131"},{"@type":"BreadcrumbList","@id":"https:\/\/bodur.com.tr\/urun\/bd-60-10-04-dort-uniteli-eczane-rafi#breadcrumb","itemListElement":[{"@type":"ListItem","position":1,"name":"Anasayfa","item":"https:\/\/bodur.com.tr\/"},{"@type":"ListItem","position":2,"name":"\u00dcr\u00fcnler","item":"https:\/\/bodur.com.tr\/magaza"},{"@type":"ListItem","position":3,"name":"BD.60.10.04 D\u00f6rt \u00dcniteli Eczane Raf\u0131"}]},{"@type":"WebSite","@id":"https:\/\/bodur.com.tr\/#website","url":"https:\/\/bodur.com.tr\/","name":"Bodur Industrieel","description":"","publisher":{"@id":"https:\/\/bodur.com.tr\/#organization"},"potentialAction":[{"@type":"SearchAction","target":{"@type":"EntryPoint","urlTemplate":"https:\/\/bodur.com.tr\/?s={search_term_string}"},"query-input":{"@type":"PropertyValueSpecification","valueRequired":true,"valueName":"search_term_string"}}],"inLanguage":"nl-NL"},{"@type":"Organization","@id":"https:\/\/bodur.com.tr\/#organization","name":"Bodur Industrieel","url":"https:\/\/bodur.com.tr\/","logo":{"@type":"ImageObject","inLanguage":"nl-NL","@id":"https:\/\/bodur.com.tr\/#\/schema\/logo\/image\/","url":"https:\/\/bodur.com.tr\/wp-content\/uploads\/51834268_258721005017375_5556593430731161600_n.jpg","contentUrl":"https:\/\/bodur.com.tr\/wp-content\/uploads\/51834268_258721005017375_5556593430731161600_n.jpg","width":320,"height":320,"caption":"Bodur End\u00fcstriyel"},"image":{"@id":"https:\/\/bodur.com.tr\/#\/schema\/logo\/image\/"},"sameAs":["https:\/\/www.facebook.com\/bodurendustriyel","https:\/\/www.instagram.com\/bodurendustriyel\/","https:\/\/www.youtube.com\/user\/harunbodur"]}]}},"_links":{"self":[{"href":"https:\/\/bodur.com.tr\/nl\/wp-json\/wp\/v2\/product\/16064","targetHints":{"allow":["GET"]}}],"collection":[{"href":"https:\/\/bodur.com.tr\/nl\/wp-json\/wp\/v2\/product"}],"about":[{"href":"https:\/\/bodur.com.tr\/nl\/wp-json\/wp\/v2\/types\/product"}],"wp:featuredmedia":[{"embeddable":true,"href":"https:\/\/bodur.com.tr\/nl\/wp-json\/wp\/v2\/media\/40853"}],"wp:attachment":[{"href":"https:\/\/bodur.com.tr\/nl\/wp-json\/wp\/v2\/media?parent=16064"}],"wp:term":[{"taxonomy":"product_brand","embeddable":true,"href":"https:\/\/bodur.com.tr\/nl\/wp-json\/wp\/v2\/product_brand?post=16064"},{"taxonomy":"product_cat","embeddable":true,"href":"https:\/\/bodur.com.tr\/nl\/wp-json\/wp\/v2\/product_cat?post=16064"},{"taxonomy":"product_tag","embeddable":true,"href":"https:\/\/bodur.com.tr\/nl\/wp-json\/wp\/v2\/product_tag?post=16064"}],"curies":[{"name":"wp","href":"https:\/\/api.w.org\/{rel}","templated":true}]}}