{"id":14436,"date":"2022-04-13T21:07:48","date_gmt":"2022-04-13T18:07:48","guid":{"rendered":"https:\/\/bodur.com.tr\/?post_type=product&#038;p=14436"},"modified":"2022-10-28T16:41:07","modified_gmt":"2022-10-28T13:41:07","slug":"calisma-masasi-1500-mm-genislik-bd-36-11-01","status":"publish","type":"product","link":"https:\/\/bodur.com.tr\/nl\/urun\/calisma-masasi-1500-mm-genislik-bd-36-11-01","title":{"rendered":"BD.36.11.01 Werktafel (1500 mm breed)"},"content":{"rendered":"<p>[vc_row][vc_column][vc_column_text]<\/p>\n<p style=\"text-align: center;\">Montaj ve tamir hatlar\u0131 i\u00e7in geli\u015ftirdi\u011fimiz, y\u00fcksekli\u011fi ayarlanabilir, mod\u00fcler yap\u0131s\u0131yla ihtiya\u00e7lar\u0131n\u0131za g\u00f6re \u00f6zelle\u015ftirilebilen i\u015f istasyonlar\u0131m\u0131z bir \u00e7ok i\u015f koluna hitap etmektedir.<\/p>\n<p>[\/vc_column_text][vc_single_image image=&#8221;14439&#8243; img_size=&#8221;full&#8221; alignment=&#8221;center&#8221;][vc_column_text]<\/p>\n<p style=\"text-align: center;\">Elektrik, elektronik ve detay i\u015f\u00e7ilik gerektiren imalatlar i\u00e7in \u00f6zel olarak tasarlanm\u0131\u015ft\u0131r. Antistatik yap\u0131s\u0131, k\u00fc\u00e7\u00fck par\u00e7alarla \u00e7al\u0131\u015fmay\u0131 kolayla\u015ft\u0131ran panel y\u00fczeyi gibi ayr\u0131nt\u0131larla, \u00e7ok daha etkin bir \u00fcretim s\u00fcrecini m\u00fcmk\u00fcn k\u0131lmaktad\u0131r.<\/p>\n<p>[\/vc_column_text][vc_single_image image=&#8221;14528&#8243; img_size=&#8221;medium&#8221; alignment=&#8221;center&#8221;][vc_column_text]<\/p>\n<p style=\"text-align: center;\">\u00dcretimimiz olan t\u00fcm \u00fcr\u00fcnlerde 2 y\u0131l boyunca \u00fcretici garantisi ve yedek par\u00e7a deste\u011fi sunulmaktad\u0131r.<\/p>\n<p>[\/vc_column_text][\/vc_column][\/vc_row]<\/p>\n","protected":false},"excerpt":{"rendered":"<p><strong>Technische specificaties van het product:<\/strong><\/p>\n<ul>\n<li>H2300xW1500xD810 mm boyutlar\u0131nda.<\/li>\n<li>Aksesuarlar hari\u00e7 140 kg.<\/li>\n<li>DKP- en HRP-plaatmetaalmaterialen.<\/li>\n<li>Elektrostatische poedercoating.<\/li>\n<li>RAL7035 (Lichtgrijs) (Veranderbaar)<\/li>\n<li>Afmetingen van het geperforeerde paneel: H550 x B855 x 1 mm.<\/li>\n<li>W1500xD750 Tabla \u00f6l\u00e7\u00fcs\u00fc<\/li>\n<li>30 mm MDF + 2 mm ESD-afdekking<\/li>\n<li>4 geaarde stopcontacten van 220V. (Beschermingsklasse IP44)<\/li>\n<li>4 RJ45-aansluitingen<\/li>\n<li>LED-verlichting (armatuur met 3 schakelbare LED-strips van 14W)<\/li>\n<\/ul>","protected":false},"featured_media":14437,"template":"","meta":[],"product_brand":[],"product_cat":[156],"product_tag":[],"class_list":{"0":"post-14436","1":"product","2":"type-product","3":"status-publish","4":"has-post-thumbnail","6":"product_cat-konsept-calisma-masalari","8":"first","9":"instock","10":"shipping-taxable","11":"product-type-simple"},"yoast_head":"<!-- This site is optimized with the Yoast SEO plugin v27.4 - https:\/\/yoast.com\/product\/yoast-seo-wordpress\/ -->\n<title>BD.36.11.01 \u00c7al\u0131\u015fma Masas\u0131 (1500 mm Geni\u015flik)<\/title>\n<meta name=\"robots\" content=\"index, follow, max-snippet:-1, max-image-preview:large, max-video-preview:-1\" \/>\n<link rel=\"canonical\" href=\"https:\/\/bodur.com.tr\/nl\/product\/calisma-masasi-1500-mm-genislik-bd-36-11-01\/\" \/>\n<meta property=\"og:locale\" content=\"nl_NL\" \/>\n<meta property=\"og:type\" content=\"article\" \/>\n<meta property=\"og:title\" content=\"BD.36.11.01 \u00c7al\u0131\u015fma Masas\u0131 (1500 mm Geni\u015flik)\" \/>\n<meta property=\"og:description\" content=\"\u00dcr\u00fcn\u00fcn Teknik \u00d6zellikleri:   H2300xW1500xD810 mm boyutlar\u0131nda.  Aksesuarlar hari\u00e7 140 kg.  DKP ve HRP sac malzeme.  Elektrostatik toz boya.  RAL7035 (A\u00e7\u0131k gri)(De\u011fi\u015ftirilebilir)  H550xW855 x1 mm delikli pano \u00f6l\u00e7\u00fcs\u00fc.  W1500xD750 Tabla \u00f6l\u00e7\u00fcs\u00fc  30 mm Mdf + 2 mm Esd \u00d6rt\u00fc  4 adet 220 V toprakl\u0131 priz. (IP44 Koruma S\u0131n\u0131f\u0131)  4 adet RJ45 Jack  LED Ayd\u0131nlatma (3x14W Anahtarl\u0131 Led Band Armat\u00fcr)\" \/>\n<meta property=\"og:url\" content=\"https:\/\/bodur.com.tr\/nl\/product\/calisma-masasi-1500-mm-genislik-bd-36-11-01\/\" \/>\n<meta property=\"og:site_name\" content=\"Bodur End\u00fcstriyel\" \/>\n<meta property=\"article:publisher\" content=\"https:\/\/www.facebook.com\/bodurendustriyel\" \/>\n<meta property=\"article:modified_time\" content=\"2022-10-28T13:41:07+00:00\" \/>\n<meta property=\"og:image\" content=\"https:\/\/bodur.com.tr\/wp-content\/uploads\/BT361101_Concept_Masa_W1500xD750_01.jpg\" \/>\n\t<meta property=\"og:image:width\" content=\"1024\" \/>\n\t<meta property=\"og:image:height\" content=\"1024\" \/>\n\t<meta property=\"og:image:type\" content=\"image\/jpeg\" \/>\n<meta name=\"twitter:card\" content=\"summary_large_image\" \/>\n<script type=\"application\/ld+json\" class=\"yoast-schema-graph\">{\"@context\":\"https:\\\/\\\/schema.org\",\"@graph\":[{\"@type\":\"WebPage\",\"@id\":\"https:\\\/\\\/bodur.com.tr\\\/urun\\\/calisma-masasi-1500-mm-genislik-bd-36-11-01\",\"url\":\"https:\\\/\\\/bodur.com.tr\\\/urun\\\/calisma-masasi-1500-mm-genislik-bd-36-11-01\",\"name\":\"BD.36.11.01 \u00c7al\u0131\u015fma Masas\u0131 (1500 mm Geni\u015flik)\",\"isPartOf\":{\"@id\":\"https:\\\/\\\/bodur.com.tr\\\/#website\"},\"primaryImageOfPage\":{\"@id\":\"https:\\\/\\\/bodur.com.tr\\\/urun\\\/calisma-masasi-1500-mm-genislik-bd-36-11-01#primaryimage\"},\"image\":{\"@id\":\"https:\\\/\\\/bodur.com.tr\\\/urun\\\/calisma-masasi-1500-mm-genislik-bd-36-11-01#primaryimage\"},\"thumbnailUrl\":\"https:\\\/\\\/bodur.com.tr\\\/wp-content\\\/uploads\\\/BT361101_Concept_Masa_W1500xD750_01.jpg\",\"datePublished\":\"2022-04-13T18:07:48+00:00\",\"dateModified\":\"2022-10-28T13:41:07+00:00\",\"breadcrumb\":{\"@id\":\"https:\\\/\\\/bodur.com.tr\\\/urun\\\/calisma-masasi-1500-mm-genislik-bd-36-11-01#breadcrumb\"},\"inLanguage\":\"nl-NL\",\"potentialAction\":[{\"@type\":\"ReadAction\",\"target\":[\"https:\\\/\\\/bodur.com.tr\\\/urun\\\/calisma-masasi-1500-mm-genislik-bd-36-11-01\"]}]},{\"@type\":\"ImageObject\",\"inLanguage\":\"nl-NL\",\"@id\":\"https:\\\/\\\/bodur.com.tr\\\/urun\\\/calisma-masasi-1500-mm-genislik-bd-36-11-01#primaryimage\",\"url\":\"https:\\\/\\\/bodur.com.tr\\\/wp-content\\\/uploads\\\/BT361101_Concept_Masa_W1500xD750_01.jpg\",\"contentUrl\":\"https:\\\/\\\/bodur.com.tr\\\/wp-content\\\/uploads\\\/BT361101_Concept_Masa_W1500xD750_01.jpg\",\"width\":1024,\"height\":1024},{\"@type\":\"BreadcrumbList\",\"@id\":\"https:\\\/\\\/bodur.com.tr\\\/urun\\\/calisma-masasi-1500-mm-genislik-bd-36-11-01#breadcrumb\",\"itemListElement\":[{\"@type\":\"ListItem\",\"position\":1,\"name\":\"Anasayfa\",\"item\":\"https:\\\/\\\/bodur.com.tr\\\/\"},{\"@type\":\"ListItem\",\"position\":2,\"name\":\"\u00dcr\u00fcnler\",\"item\":\"https:\\\/\\\/bodur.com.tr\\\/magaza\"},{\"@type\":\"ListItem\",\"position\":3,\"name\":\"BD.36.11.01 \u00c7al\u0131\u015fma Masas\u0131 (1500 mm Geni\u015flik)\"}]},{\"@type\":\"WebSite\",\"@id\":\"https:\\\/\\\/bodur.com.tr\\\/#website\",\"url\":\"https:\\\/\\\/bodur.com.tr\\\/\",\"name\":\"Bodur End\u00fcstriyel\",\"description\":\"\",\"publisher\":{\"@id\":\"https:\\\/\\\/bodur.com.tr\\\/#organization\"},\"potentialAction\":[{\"@type\":\"SearchAction\",\"target\":{\"@type\":\"EntryPoint\",\"urlTemplate\":\"https:\\\/\\\/bodur.com.tr\\\/?s={search_term_string}\"},\"query-input\":{\"@type\":\"PropertyValueSpecification\",\"valueRequired\":true,\"valueName\":\"search_term_string\"}}],\"inLanguage\":\"nl-NL\"},{\"@type\":\"Organization\",\"@id\":\"https:\\\/\\\/bodur.com.tr\\\/#organization\",\"name\":\"Bodur End\u00fcstriyel\",\"url\":\"https:\\\/\\\/bodur.com.tr\\\/\",\"logo\":{\"@type\":\"ImageObject\",\"inLanguage\":\"nl-NL\",\"@id\":\"https:\\\/\\\/bodur.com.tr\\\/#\\\/schema\\\/logo\\\/image\\\/\",\"url\":\"https:\\\/\\\/bodur.com.tr\\\/wp-content\\\/uploads\\\/51834268_258721005017375_5556593430731161600_n.jpg\",\"contentUrl\":\"https:\\\/\\\/bodur.com.tr\\\/wp-content\\\/uploads\\\/51834268_258721005017375_5556593430731161600_n.jpg\",\"width\":320,\"height\":320,\"caption\":\"Bodur End\u00fcstriyel\"},\"image\":{\"@id\":\"https:\\\/\\\/bodur.com.tr\\\/#\\\/schema\\\/logo\\\/image\\\/\"},\"sameAs\":[\"https:\\\/\\\/www.facebook.com\\\/bodurendustriyel\",\"https:\\\/\\\/www.instagram.com\\\/bodurendustriyel\\\/\",\"https:\\\/\\\/www.youtube.com\\\/user\\\/harunbodur\"]}]}<\/script>\n<!-- \/ Yoast SEO plugin. -->","yoast_head_json":{"title":"BD.36.11.01 Werktafel (1500 mm breed)","robots":{"index":"index","follow":"follow","max-snippet":"max-snippet:-1","max-image-preview":"max-image-preview:large","max-video-preview":"max-video-preview:-1"},"canonical":"https:\/\/bodur.com.tr\/nl\/product\/calisma-masasi-1500-mm-genislik-bd-36-11-01\/","og_locale":"nl_NL","og_type":"article","og_title":"BD.36.11.01 \u00c7al\u0131\u015fma Masas\u0131 (1500 mm Geni\u015flik)","og_description":"\u00dcr\u00fcn\u00fcn Teknik \u00d6zellikleri:   H2300xW1500xD810 mm boyutlar\u0131nda.  Aksesuarlar hari\u00e7 140 kg.  DKP ve HRP sac malzeme.  Elektrostatik toz boya.  RAL7035 (A\u00e7\u0131k gri)(De\u011fi\u015ftirilebilir)  H550xW855 x1 mm delikli pano \u00f6l\u00e7\u00fcs\u00fc.  W1500xD750 Tabla \u00f6l\u00e7\u00fcs\u00fc  30 mm Mdf + 2 mm Esd \u00d6rt\u00fc  4 adet 220 V toprakl\u0131 priz. (IP44 Koruma S\u0131n\u0131f\u0131)  4 adet RJ45 Jack  LED Ayd\u0131nlatma (3x14W Anahtarl\u0131 Led Band Armat\u00fcr)","og_url":"https:\/\/bodur.com.tr\/nl\/product\/calisma-masasi-1500-mm-genislik-bd-36-11-01\/","og_site_name":"Bodur End\u00fcstriyel","article_publisher":"https:\/\/www.facebook.com\/bodurendustriyel","article_modified_time":"2022-10-28T13:41:07+00:00","og_image":[{"width":1024,"height":1024,"url":"https:\/\/bodur.com.tr\/wp-content\/uploads\/BT361101_Concept_Masa_W1500xD750_01.jpg","type":"image\/jpeg"}],"twitter_card":"summary_large_image","schema":{"@context":"https:\/\/schema.org","@graph":[{"@type":"WebPage","@id":"https:\/\/bodur.com.tr\/urun\/calisma-masasi-1500-mm-genislik-bd-36-11-01","url":"https:\/\/bodur.com.tr\/urun\/calisma-masasi-1500-mm-genislik-bd-36-11-01","name":"BD.36.11.01 Werktafel (1500 mm breed)","isPartOf":{"@id":"https:\/\/bodur.com.tr\/#website"},"primaryImageOfPage":{"@id":"https:\/\/bodur.com.tr\/urun\/calisma-masasi-1500-mm-genislik-bd-36-11-01#primaryimage"},"image":{"@id":"https:\/\/bodur.com.tr\/urun\/calisma-masasi-1500-mm-genislik-bd-36-11-01#primaryimage"},"thumbnailUrl":"https:\/\/bodur.com.tr\/wp-content\/uploads\/BT361101_Concept_Masa_W1500xD750_01.jpg","datePublished":"2022-04-13T18:07:48+00:00","dateModified":"2022-10-28T13:41:07+00:00","breadcrumb":{"@id":"https:\/\/bodur.com.tr\/urun\/calisma-masasi-1500-mm-genislik-bd-36-11-01#breadcrumb"},"inLanguage":"nl-NL","potentialAction":[{"@type":"ReadAction","target":["https:\/\/bodur.com.tr\/urun\/calisma-masasi-1500-mm-genislik-bd-36-11-01"]}]},{"@type":"ImageObject","inLanguage":"nl-NL","@id":"https:\/\/bodur.com.tr\/urun\/calisma-masasi-1500-mm-genislik-bd-36-11-01#primaryimage","url":"https:\/\/bodur.com.tr\/wp-content\/uploads\/BT361101_Concept_Masa_W1500xD750_01.jpg","contentUrl":"https:\/\/bodur.com.tr\/wp-content\/uploads\/BT361101_Concept_Masa_W1500xD750_01.jpg","width":1024,"height":1024},{"@type":"BreadcrumbList","@id":"https:\/\/bodur.com.tr\/urun\/calisma-masasi-1500-mm-genislik-bd-36-11-01#breadcrumb","itemListElement":[{"@type":"ListItem","position":1,"name":"Anasayfa","item":"https:\/\/bodur.com.tr\/"},{"@type":"ListItem","position":2,"name":"\u00dcr\u00fcnler","item":"https:\/\/bodur.com.tr\/magaza"},{"@type":"ListItem","position":3,"name":"BD.36.11.01 \u00c7al\u0131\u015fma Masas\u0131 (1500 mm Geni\u015flik)"}]},{"@type":"WebSite","@id":"https:\/\/bodur.com.tr\/#website","url":"https:\/\/bodur.com.tr\/","name":"Bodur Industrieel","description":"","publisher":{"@id":"https:\/\/bodur.com.tr\/#organization"},"potentialAction":[{"@type":"SearchAction","target":{"@type":"EntryPoint","urlTemplate":"https:\/\/bodur.com.tr\/?s={search_term_string}"},"query-input":{"@type":"PropertyValueSpecification","valueRequired":true,"valueName":"search_term_string"}}],"inLanguage":"nl-NL"},{"@type":"Organization","@id":"https:\/\/bodur.com.tr\/#organization","name":"Bodur Industrieel","url":"https:\/\/bodur.com.tr\/","logo":{"@type":"ImageObject","inLanguage":"nl-NL","@id":"https:\/\/bodur.com.tr\/#\/schema\/logo\/image\/","url":"https:\/\/bodur.com.tr\/wp-content\/uploads\/51834268_258721005017375_5556593430731161600_n.jpg","contentUrl":"https:\/\/bodur.com.tr\/wp-content\/uploads\/51834268_258721005017375_5556593430731161600_n.jpg","width":320,"height":320,"caption":"Bodur End\u00fcstriyel"},"image":{"@id":"https:\/\/bodur.com.tr\/#\/schema\/logo\/image\/"},"sameAs":["https:\/\/www.facebook.com\/bodurendustriyel","https:\/\/www.instagram.com\/bodurendustriyel\/","https:\/\/www.youtube.com\/user\/harunbodur"]}]}},"_links":{"self":[{"href":"https:\/\/bodur.com.tr\/nl\/wp-json\/wp\/v2\/product\/14436","targetHints":{"allow":["GET"]}}],"collection":[{"href":"https:\/\/bodur.com.tr\/nl\/wp-json\/wp\/v2\/product"}],"about":[{"href":"https:\/\/bodur.com.tr\/nl\/wp-json\/wp\/v2\/types\/product"}],"wp:featuredmedia":[{"embeddable":true,"href":"https:\/\/bodur.com.tr\/nl\/wp-json\/wp\/v2\/media\/14437"}],"wp:attachment":[{"href":"https:\/\/bodur.com.tr\/nl\/wp-json\/wp\/v2\/media?parent=14436"}],"wp:term":[{"taxonomy":"product_brand","embeddable":true,"href":"https:\/\/bodur.com.tr\/nl\/wp-json\/wp\/v2\/product_brand?post=14436"},{"taxonomy":"product_cat","embeddable":true,"href":"https:\/\/bodur.com.tr\/nl\/wp-json\/wp\/v2\/product_cat?post=14436"},{"taxonomy":"product_tag","embeddable":true,"href":"https:\/\/bodur.com.tr\/nl\/wp-json\/wp\/v2\/product_tag?post=14436"}],"curies":[{"name":"wp","href":"https:\/\/api.w.org\/{rel}","templated":true}]}}