{"id":1253,"date":"2016-02-06T00:00:00","date_gmt":"2016-02-05T21:00:00","guid":{"rendered":"https:\/\/bodur.com.tr\/urun\/besli-askili-avadanlik"},"modified":"2022-10-14T11:38:59","modified_gmt":"2022-10-14T08:38:59","slug":"dortlu-askili-avadanlik","status":"publish","type":"product","link":"https:\/\/bodur.com.tr\/nl\/urun\/dortlu-askili-avadanlik","title":{"rendered":"Hangend gereedschapsrek BD.36.16.45"},"content":{"rendered":"","protected":false},"excerpt":{"rendered":"<p><strong>Technische specificaties van het product:<\/strong><\/p>\n<ul>\n<li>H74xW102xD170 mm d\u0131\u015f \u00f6l\u00e7\u00fcs\u00fc<\/li>\n<li>H70xW90xD150 mm i\u00e7 \u00f6l\u00e7\u00fcs\u00fc<\/li>\n<li>5 adet A-100 avadanl\u0131k vard\u0131r.<\/li>\n<li>Het is met een plastic clip aan het paneel bevestigd.<\/li>\n<li>Ta\u015f\u0131ma kapasitesi Max.8,00 kg&#8217;d\u0131r<\/li>\n<\/ul>","protected":false},"featured_media":15513,"template":"","meta":[],"product_brand":[],"product_cat":[164],"product_tag":[],"class_list":{"0":"post-1253","1":"product","2":"type-product","3":"status-publish","4":"has-post-thumbnail","6":"product_cat-aksesuarlar-delikli-pano-sistemleri","8":"first","9":"instock","10":"shipping-taxable","11":"product-type-simple"},"yoast_head":"<!-- This site is optimized with the Yoast SEO plugin v27.4 - https:\/\/yoast.com\/product\/yoast-seo-wordpress\/ -->\n<title>Ask\u0131l\u0131 Avadanl\u0131k BD.36.16.45<\/title>\n<meta name=\"robots\" content=\"index, follow, max-snippet:-1, max-image-preview:large, max-video-preview:-1\" \/>\n<link rel=\"canonical\" href=\"https:\/\/bodur.com.tr\/nl\/product\/dortlu-askili-avadanlik\/\" \/>\n<meta property=\"og:locale\" content=\"nl_NL\" \/>\n<meta property=\"og:type\" content=\"article\" \/>\n<meta property=\"og:title\" content=\"Ask\u0131l\u0131 Avadanl\u0131k BD.36.16.45\" \/>\n<meta property=\"og:description\" content=\"\u00dcr\u00fcn\u00fcn Teknik \u00d6zellikleri:   H74xW102xD170 mm d\u0131\u015f \u00f6l\u00e7\u00fcs\u00fc  H70xW90xD150 mm i\u00e7 \u00f6l\u00e7\u00fcs\u00fc  5 adet A-100 avadanl\u0131k vard\u0131r.  Plastik klips ile panoya sabitlenmektedir.  Ta\u015f\u0131ma kapasitesi Max.8,00 kg&#039;d\u0131r\" \/>\n<meta property=\"og:url\" content=\"https:\/\/bodur.com.tr\/nl\/product\/dortlu-askili-avadanlik\/\" \/>\n<meta property=\"og:site_name\" content=\"Bodur End\u00fcstriyel\" \/>\n<meta property=\"article:publisher\" content=\"https:\/\/www.facebook.com\/bodurendustriyel\" \/>\n<meta property=\"article:modified_time\" content=\"2022-10-14T08:38:59+00:00\" \/>\n<meta property=\"og:image\" content=\"https:\/\/bodur.com.tr\/wp-content\/uploads\/BD361645_Pano_Avadanlik_askisi_01.jpg\" \/>\n\t<meta property=\"og:image:width\" content=\"2480\" \/>\n\t<meta property=\"og:image:height\" content=\"2480\" \/>\n\t<meta property=\"og:image:type\" content=\"image\/jpeg\" \/>\n<meta name=\"twitter:card\" content=\"summary_large_image\" \/>\n<script type=\"application\/ld+json\" class=\"yoast-schema-graph\">{\"@context\":\"https:\\\/\\\/schema.org\",\"@graph\":[{\"@type\":\"WebPage\",\"@id\":\"https:\\\/\\\/bodur.com.tr\\\/urun\\\/dortlu-askili-avadanlik\",\"url\":\"https:\\\/\\\/bodur.com.tr\\\/urun\\\/dortlu-askili-avadanlik\",\"name\":\"Ask\u0131l\u0131 Avadanl\u0131k BD.36.16.45\",\"isPartOf\":{\"@id\":\"https:\\\/\\\/bodur.com.tr\\\/#website\"},\"primaryImageOfPage\":{\"@id\":\"https:\\\/\\\/bodur.com.tr\\\/urun\\\/dortlu-askili-avadanlik#primaryimage\"},\"image\":{\"@id\":\"https:\\\/\\\/bodur.com.tr\\\/urun\\\/dortlu-askili-avadanlik#primaryimage\"},\"thumbnailUrl\":\"https:\\\/\\\/bodur.com.tr\\\/wp-content\\\/uploads\\\/BD361645_Pano_Avadanlik_askisi_01.jpg\",\"datePublished\":\"2016-02-05T21:00:00+00:00\",\"dateModified\":\"2022-10-14T08:38:59+00:00\",\"breadcrumb\":{\"@id\":\"https:\\\/\\\/bodur.com.tr\\\/urun\\\/dortlu-askili-avadanlik#breadcrumb\"},\"inLanguage\":\"nl-NL\",\"potentialAction\":[{\"@type\":\"ReadAction\",\"target\":[\"https:\\\/\\\/bodur.com.tr\\\/urun\\\/dortlu-askili-avadanlik\"]}]},{\"@type\":\"ImageObject\",\"inLanguage\":\"nl-NL\",\"@id\":\"https:\\\/\\\/bodur.com.tr\\\/urun\\\/dortlu-askili-avadanlik#primaryimage\",\"url\":\"https:\\\/\\\/bodur.com.tr\\\/wp-content\\\/uploads\\\/BD361645_Pano_Avadanlik_askisi_01.jpg\",\"contentUrl\":\"https:\\\/\\\/bodur.com.tr\\\/wp-content\\\/uploads\\\/BD361645_Pano_Avadanlik_askisi_01.jpg\",\"width\":2480,\"height\":2480,\"caption\":\"Delikli pano avadanl\u0131k ask\u0131s\u0131\"},{\"@type\":\"BreadcrumbList\",\"@id\":\"https:\\\/\\\/bodur.com.tr\\\/urun\\\/dortlu-askili-avadanlik#breadcrumb\",\"itemListElement\":[{\"@type\":\"ListItem\",\"position\":1,\"name\":\"Anasayfa\",\"item\":\"https:\\\/\\\/bodur.com.tr\\\/\"},{\"@type\":\"ListItem\",\"position\":2,\"name\":\"\u00dcr\u00fcnler\",\"item\":\"https:\\\/\\\/bodur.com.tr\\\/magaza\"},{\"@type\":\"ListItem\",\"position\":3,\"name\":\"Ask\u0131l\u0131 Avadanl\u0131k BD.36.16.45\"}]},{\"@type\":\"WebSite\",\"@id\":\"https:\\\/\\\/bodur.com.tr\\\/#website\",\"url\":\"https:\\\/\\\/bodur.com.tr\\\/\",\"name\":\"Bodur End\u00fcstriyel\",\"description\":\"\",\"publisher\":{\"@id\":\"https:\\\/\\\/bodur.com.tr\\\/#organization\"},\"potentialAction\":[{\"@type\":\"SearchAction\",\"target\":{\"@type\":\"EntryPoint\",\"urlTemplate\":\"https:\\\/\\\/bodur.com.tr\\\/?s={search_term_string}\"},\"query-input\":{\"@type\":\"PropertyValueSpecification\",\"valueRequired\":true,\"valueName\":\"search_term_string\"}}],\"inLanguage\":\"nl-NL\"},{\"@type\":\"Organization\",\"@id\":\"https:\\\/\\\/bodur.com.tr\\\/#organization\",\"name\":\"Bodur End\u00fcstriyel\",\"url\":\"https:\\\/\\\/bodur.com.tr\\\/\",\"logo\":{\"@type\":\"ImageObject\",\"inLanguage\":\"nl-NL\",\"@id\":\"https:\\\/\\\/bodur.com.tr\\\/#\\\/schema\\\/logo\\\/image\\\/\",\"url\":\"https:\\\/\\\/bodur.com.tr\\\/wp-content\\\/uploads\\\/51834268_258721005017375_5556593430731161600_n.jpg\",\"contentUrl\":\"https:\\\/\\\/bodur.com.tr\\\/wp-content\\\/uploads\\\/51834268_258721005017375_5556593430731161600_n.jpg\",\"width\":320,\"height\":320,\"caption\":\"Bodur End\u00fcstriyel\"},\"image\":{\"@id\":\"https:\\\/\\\/bodur.com.tr\\\/#\\\/schema\\\/logo\\\/image\\\/\"},\"sameAs\":[\"https:\\\/\\\/www.facebook.com\\\/bodurendustriyel\",\"https:\\\/\\\/www.instagram.com\\\/bodurendustriyel\\\/\",\"https:\\\/\\\/www.youtube.com\\\/user\\\/harunbodur\"]}]}<\/script>\n<!-- \/ Yoast SEO plugin. -->","yoast_head_json":{"title":"Hangend gereedschapsrek BD.36.16.45","robots":{"index":"index","follow":"follow","max-snippet":"max-snippet:-1","max-image-preview":"max-image-preview:large","max-video-preview":"max-video-preview:-1"},"canonical":"https:\/\/bodur.com.tr\/nl\/product\/dortlu-askili-avadanlik\/","og_locale":"nl_NL","og_type":"article","og_title":"Ask\u0131l\u0131 Avadanl\u0131k BD.36.16.45","og_description":"\u00dcr\u00fcn\u00fcn Teknik \u00d6zellikleri:   H74xW102xD170 mm d\u0131\u015f \u00f6l\u00e7\u00fcs\u00fc  H70xW90xD150 mm i\u00e7 \u00f6l\u00e7\u00fcs\u00fc  5 adet A-100 avadanl\u0131k vard\u0131r.  Plastik klips ile panoya sabitlenmektedir.  Ta\u015f\u0131ma kapasitesi Max.8,00 kg'd\u0131r","og_url":"https:\/\/bodur.com.tr\/nl\/product\/dortlu-askili-avadanlik\/","og_site_name":"Bodur End\u00fcstriyel","article_publisher":"https:\/\/www.facebook.com\/bodurendustriyel","article_modified_time":"2022-10-14T08:38:59+00:00","og_image":[{"width":2480,"height":2480,"url":"https:\/\/bodur.com.tr\/wp-content\/uploads\/BD361645_Pano_Avadanlik_askisi_01.jpg","type":"image\/jpeg"}],"twitter_card":"summary_large_image","schema":{"@context":"https:\/\/schema.org","@graph":[{"@type":"WebPage","@id":"https:\/\/bodur.com.tr\/urun\/dortlu-askili-avadanlik","url":"https:\/\/bodur.com.tr\/urun\/dortlu-askili-avadanlik","name":"Hangend gereedschapsrek BD.36.16.45","isPartOf":{"@id":"https:\/\/bodur.com.tr\/#website"},"primaryImageOfPage":{"@id":"https:\/\/bodur.com.tr\/urun\/dortlu-askili-avadanlik#primaryimage"},"image":{"@id":"https:\/\/bodur.com.tr\/urun\/dortlu-askili-avadanlik#primaryimage"},"thumbnailUrl":"https:\/\/bodur.com.tr\/wp-content\/uploads\/BD361645_Pano_Avadanlik_askisi_01.jpg","datePublished":"2016-02-05T21:00:00+00:00","dateModified":"2022-10-14T08:38:59+00:00","breadcrumb":{"@id":"https:\/\/bodur.com.tr\/urun\/dortlu-askili-avadanlik#breadcrumb"},"inLanguage":"nl-NL","potentialAction":[{"@type":"ReadAction","target":["https:\/\/bodur.com.tr\/urun\/dortlu-askili-avadanlik"]}]},{"@type":"ImageObject","inLanguage":"nl-NL","@id":"https:\/\/bodur.com.tr\/urun\/dortlu-askili-avadanlik#primaryimage","url":"https:\/\/bodur.com.tr\/wp-content\/uploads\/BD361645_Pano_Avadanlik_askisi_01.jpg","contentUrl":"https:\/\/bodur.com.tr\/wp-content\/uploads\/BD361645_Pano_Avadanlik_askisi_01.jpg","width":2480,"height":2480,"caption":"Delikli pano avadanl\u0131k ask\u0131s\u0131"},{"@type":"BreadcrumbList","@id":"https:\/\/bodur.com.tr\/urun\/dortlu-askili-avadanlik#breadcrumb","itemListElement":[{"@type":"ListItem","position":1,"name":"Anasayfa","item":"https:\/\/bodur.com.tr\/"},{"@type":"ListItem","position":2,"name":"\u00dcr\u00fcnler","item":"https:\/\/bodur.com.tr\/magaza"},{"@type":"ListItem","position":3,"name":"Ask\u0131l\u0131 Avadanl\u0131k BD.36.16.45"}]},{"@type":"WebSite","@id":"https:\/\/bodur.com.tr\/#website","url":"https:\/\/bodur.com.tr\/","name":"Bodur Industrieel","description":"","publisher":{"@id":"https:\/\/bodur.com.tr\/#organization"},"potentialAction":[{"@type":"SearchAction","target":{"@type":"EntryPoint","urlTemplate":"https:\/\/bodur.com.tr\/?s={search_term_string}"},"query-input":{"@type":"PropertyValueSpecification","valueRequired":true,"valueName":"search_term_string"}}],"inLanguage":"nl-NL"},{"@type":"Organization","@id":"https:\/\/bodur.com.tr\/#organization","name":"Bodur Industrieel","url":"https:\/\/bodur.com.tr\/","logo":{"@type":"ImageObject","inLanguage":"nl-NL","@id":"https:\/\/bodur.com.tr\/#\/schema\/logo\/image\/","url":"https:\/\/bodur.com.tr\/wp-content\/uploads\/51834268_258721005017375_5556593430731161600_n.jpg","contentUrl":"https:\/\/bodur.com.tr\/wp-content\/uploads\/51834268_258721005017375_5556593430731161600_n.jpg","width":320,"height":320,"caption":"Bodur End\u00fcstriyel"},"image":{"@id":"https:\/\/bodur.com.tr\/#\/schema\/logo\/image\/"},"sameAs":["https:\/\/www.facebook.com\/bodurendustriyel","https:\/\/www.instagram.com\/bodurendustriyel\/","https:\/\/www.youtube.com\/user\/harunbodur"]}]}},"_links":{"self":[{"href":"https:\/\/bodur.com.tr\/nl\/wp-json\/wp\/v2\/product\/1253","targetHints":{"allow":["GET"]}}],"collection":[{"href":"https:\/\/bodur.com.tr\/nl\/wp-json\/wp\/v2\/product"}],"about":[{"href":"https:\/\/bodur.com.tr\/nl\/wp-json\/wp\/v2\/types\/product"}],"wp:featuredmedia":[{"embeddable":true,"href":"https:\/\/bodur.com.tr\/nl\/wp-json\/wp\/v2\/media\/15513"}],"wp:attachment":[{"href":"https:\/\/bodur.com.tr\/nl\/wp-json\/wp\/v2\/media?parent=1253"}],"wp:term":[{"taxonomy":"product_brand","embeddable":true,"href":"https:\/\/bodur.com.tr\/nl\/wp-json\/wp\/v2\/product_brand?post=1253"},{"taxonomy":"product_cat","embeddable":true,"href":"https:\/\/bodur.com.tr\/nl\/wp-json\/wp\/v2\/product_cat?post=1253"},{"taxonomy":"product_tag","embeddable":true,"href":"https:\/\/bodur.com.tr\/nl\/wp-json\/wp\/v2\/product_tag?post=1253"}],"curies":[{"name":"wp","href":"https:\/\/api.w.org\/{rel}","templated":true}]}}