{"id":1028,"date":"2014-08-27T00:00:00","date_gmt":"2014-08-26T21:00:00","guid":{"rendered":"https:\/\/bodur.com.tr\/urun\/8-cekmeceli-takim-arabasi"},"modified":"2022-05-06T11:31:42","modified_gmt":"2022-05-06T08:31:42","slug":"gereedschapswagen-met-8-laden","status":"publish","type":"product","link":"https:\/\/bodur.com.tr\/nl\/urun\/8-cekmeceli-takim-arabasi","title":{"rendered":"Gereedschapswagen met 8 laden"},"content":{"rendered":"<p>[vc_row][vc_column][vc_column_text]<\/p>\n<p style=\"text-align: center;\">8 \u00c7ekmeceli Tak\u0131m Arabas\u0131 a\u011f\u0131r hizmet ortamlar\u0131nda sorunsuz olarak kullan\u0131labilecek \u015fekilde tasarlan\u0131p imal edilmi\u015ftir. Tablalar\u0131 kaymay\u0131 \u00f6nleyen petek tasar\u0131ml\u0131 PVC madde ile kapl\u0131d\u0131r. A\u011f\u0131r y\u00fcklerin \u00fcstesinden gelebilecek sanayi tipi tekerler \u00f6zel olarak tercih edilmi\u015ftir.<\/p>\n<p>[\/vc_column_text][vc_single_image image=&#8221;14947&#8243; img_size=&#8221;full&#8221; alignment=&#8221;center&#8221;][vc_column_text]<\/p>\n<p style=\"text-align: center;\">\u00c7ekmecelerde teleskopik ray kullan\u0131lm\u0131\u015f ve \u00e7ekmecelerin sa\u011flaml\u0131\u011f\u0131 artt\u0131r\u0131lm\u0131\u015ft\u0131r.<\/p>\n<p>[\/vc_column_text][vc_column_text]<\/p>\n<p style=\"text-align: center;\">Tak\u0131m Arabalar\u0131m\u0131zda y\u00fcksek boya dayan\u0131kl\u0131l\u0131\u011f\u0131 i\u00e7in boyadan \u00f6nce fosfatlama i\u015flemi uygulanmakta olup, darbe ve \u00e7izilmelere kar\u015f\u0131 en y\u00fcksek dayan\u0131kl\u0131l\u0131\u011f\u0131 sa\u011flamak i\u00e7in p\u00fct\u00fcrl\u00fc toz boya kullan\u0131lmaktad\u0131r.<\/p>\n<p>[\/vc_column_text][vc_single_image image=&#8221;14528&#8243; img_size=&#8221;medium&#8221; alignment=&#8221;center&#8221;][vc_column_text]<\/p>\n<p style=\"text-align: center;\">\u00dcretimimiz olan t\u00fcm \u00fcr\u00fcnlerde 2 y\u0131l boyunca \u00fcretici garantisi ve yedek par\u00e7a deste\u011fi sunulmaktad\u0131r.<\/p>\n<p>[\/vc_column_text][\/vc_column][\/vc_row]<\/p>\n","protected":false},"excerpt":{"rendered":"<p><strong>Algemene kenmerken:<\/strong><\/p>\n<ul>\n<li>Afmetingen: H1060xB1200xD460mm (inclusief wielen en handgreep)<\/li>\n<li>Afmetingen: H900xB1040xD460mm (inclusief wielen en handvat)<\/li>\n<li>Het is vervaardigd uit 0,70 en 1,00 mm dik DKP-plaatmetaal.<\/li>\n<li>Gewicht: 96 kg.<\/li>\n<li>8 laden en een met rubber beklede lade van 5 mm.<\/li>\n<li>De laden 6 en 2 kunnen afzonderlijk worden vergrendeld.<\/li>\n<li>Teleskopik rayl\u0131 %100 a\u00e7\u0131l\u0131r \u00e7ekmeceler.<\/li>\n<li>Industri\u00eble kogellagerwielen van 100 mm (2 met remmen, 2 zonder remmen)<\/li>\n<li>Elektrostatische poedercoating (E\/P)<\/li>\n<\/ul>\n<p><strong>Ladeafmetingen:<\/strong><\/p>\n<ul>\n<li>Bovenlade: H90xB900xD405 mm<\/li>\n<li>Tweede lade: H45xB540xD405 mm<\/li>\n<li>Lades 3 en 4: H72xB540xD405 mm<\/li>\n<li>5e lade: H155xB540xD405 mm<\/li>\n<li>Lade 6: H240xB540xD405 mm<\/li>\n<li>7e en 8e rechterlade: H75xB300xD405 mm (215 mm vrije ruimte bovenzijde)<\/li>\n<\/ul>","protected":false},"featured_media":1029,"template":"","meta":[],"product_brand":[],"product_cat":[20],"product_tag":[],"class_list":{"0":"post-1028","1":"product","2":"type-product","3":"status-publish","4":"has-post-thumbnail","6":"product_cat-takim-arabalari","8":"first","9":"instock","10":"shipping-taxable","11":"product-type-simple"},"yoast_head":"<!-- This site is optimized with the Yoast SEO plugin v27.4 - https:\/\/yoast.com\/product\/yoast-seo-wordpress\/ -->\n<title>8 \u00c7ekmeceli Tak\u0131m Arabas\u0131<\/title>\n<meta name=\"robots\" content=\"index, follow, max-snippet:-1, max-image-preview:large, max-video-preview:-1\" \/>\n<link rel=\"canonical\" href=\"https:\/\/bodur.com.tr\/nl\/product\/gereedschapswagen-met-8-laden\/\" \/>\n<meta property=\"og:locale\" content=\"nl_NL\" \/>\n<meta property=\"og:type\" content=\"article\" \/>\n<meta property=\"og:title\" content=\"8 \u00c7ekmeceli Tak\u0131m Arabas\u0131\" \/>\n<meta property=\"og:description\" content=\"Genel \u00f6zellikler :   H1060xW1200xD460mm \u00f6l\u00e7\u00fcler (Teker ve sap dahil)  H900xW1040xD460mm \u00f6l\u00e7\u00fcler (Teker ve sap dahil)  0,70, 1,00 mm Dkp sacdan imal edilmi\u015ftir.  96 KG a\u011f\u0131rl\u0131k.  8 adet \u00e7ekmece ve 5 mm kau\u00e7uk kapl\u0131 tabla.  6 ve 2 \u00e7ekmece ayr\u0131 olarak kilitlenebilir.  Teleskopik rayl\u0131 %100 a\u00e7\u0131l\u0131r \u00e7ekmeceler.  Sanayi tipi 100&#039;l\u00fck rulmanl\u0131 tekerler (2 adet frenli, 2 adet frensiz)  Elektrostatik toz boya (E\/P)  \u00c7ekmece \u00d6l\u00e7\u00fcleri:   \u00dcst \u00e7ekmece : H90xW900xD405 mm  2. \u00e7ekmece : H45xW540xD405 mm  3. ve 4. \u00e7ekmece : H72xW540xD405 mm  5. \u00e7ekmece : H155xW540xD405 mm  6. \u00e7ekmece : H240xW540xD405 mm  7. ve 8. sa\u011f \u00e7ekmece : H75xW300xD405 mm (215 mm \u00fcst bo\u015fluk)\" \/>\n<meta property=\"og:url\" content=\"https:\/\/bodur.com.tr\/nl\/product\/gereedschapswagen-met-8-laden\/\" \/>\n<meta property=\"og:site_name\" content=\"Bodur End\u00fcstriyel\" \/>\n<meta property=\"article:publisher\" content=\"https:\/\/www.facebook.com\/bodurendustriyel\" \/>\n<meta property=\"article:modified_time\" content=\"2022-05-06T08:31:42+00:00\" \/>\n<meta property=\"og:image\" content=\"https:\/\/bodur.com.tr\/wp-content\/uploads\/8-cekmeceli-takim-arabasi-2.jpg\" \/>\n\t<meta property=\"og:image:width\" content=\"800\" \/>\n\t<meta property=\"og:image:height\" content=\"740\" \/>\n\t<meta property=\"og:image:type\" content=\"image\/jpeg\" \/>\n<meta name=\"twitter:card\" content=\"summary_large_image\" \/>\n<script type=\"application\/ld+json\" class=\"yoast-schema-graph\">{\"@context\":\"https:\\\/\\\/schema.org\",\"@graph\":[{\"@type\":\"WebPage\",\"@id\":\"https:\\\/\\\/bodur.com.tr\\\/urun\\\/8-cekmeceli-takim-arabasi\",\"url\":\"https:\\\/\\\/bodur.com.tr\\\/urun\\\/8-cekmeceli-takim-arabasi\",\"name\":\"8 \u00c7ekmeceli Tak\u0131m Arabas\u0131\",\"isPartOf\":{\"@id\":\"https:\\\/\\\/bodur.com.tr\\\/#website\"},\"primaryImageOfPage\":{\"@id\":\"https:\\\/\\\/bodur.com.tr\\\/urun\\\/8-cekmeceli-takim-arabasi#primaryimage\"},\"image\":{\"@id\":\"https:\\\/\\\/bodur.com.tr\\\/urun\\\/8-cekmeceli-takim-arabasi#primaryimage\"},\"thumbnailUrl\":\"https:\\\/\\\/bodur.com.tr\\\/wp-content\\\/uploads\\\/8-cekmeceli-takim-arabasi-2.jpg\",\"datePublished\":\"2014-08-26T21:00:00+00:00\",\"dateModified\":\"2022-05-06T08:31:42+00:00\",\"breadcrumb\":{\"@id\":\"https:\\\/\\\/bodur.com.tr\\\/urun\\\/8-cekmeceli-takim-arabasi#breadcrumb\"},\"inLanguage\":\"nl-NL\",\"potentialAction\":[{\"@type\":\"ReadAction\",\"target\":[\"https:\\\/\\\/bodur.com.tr\\\/urun\\\/8-cekmeceli-takim-arabasi\"]}]},{\"@type\":\"ImageObject\",\"inLanguage\":\"nl-NL\",\"@id\":\"https:\\\/\\\/bodur.com.tr\\\/urun\\\/8-cekmeceli-takim-arabasi#primaryimage\",\"url\":\"https:\\\/\\\/bodur.com.tr\\\/wp-content\\\/uploads\\\/8-cekmeceli-takim-arabasi-2.jpg\",\"contentUrl\":\"https:\\\/\\\/bodur.com.tr\\\/wp-content\\\/uploads\\\/8-cekmeceli-takim-arabasi-2.jpg\",\"width\":800,\"height\":740},{\"@type\":\"BreadcrumbList\",\"@id\":\"https:\\\/\\\/bodur.com.tr\\\/urun\\\/8-cekmeceli-takim-arabasi#breadcrumb\",\"itemListElement\":[{\"@type\":\"ListItem\",\"position\":1,\"name\":\"Anasayfa\",\"item\":\"https:\\\/\\\/bodur.com.tr\\\/\"},{\"@type\":\"ListItem\",\"position\":2,\"name\":\"\u00dcr\u00fcnler\",\"item\":\"https:\\\/\\\/bodur.com.tr\\\/magaza\"},{\"@type\":\"ListItem\",\"position\":3,\"name\":\"8 \u00c7ekmeceli Tak\u0131m Arabas\u0131\"}]},{\"@type\":\"WebSite\",\"@id\":\"https:\\\/\\\/bodur.com.tr\\\/#website\",\"url\":\"https:\\\/\\\/bodur.com.tr\\\/\",\"name\":\"Bodur End\u00fcstriyel\",\"description\":\"\",\"publisher\":{\"@id\":\"https:\\\/\\\/bodur.com.tr\\\/#organization\"},\"potentialAction\":[{\"@type\":\"SearchAction\",\"target\":{\"@type\":\"EntryPoint\",\"urlTemplate\":\"https:\\\/\\\/bodur.com.tr\\\/?s={search_term_string}\"},\"query-input\":{\"@type\":\"PropertyValueSpecification\",\"valueRequired\":true,\"valueName\":\"search_term_string\"}}],\"inLanguage\":\"nl-NL\"},{\"@type\":\"Organization\",\"@id\":\"https:\\\/\\\/bodur.com.tr\\\/#organization\",\"name\":\"Bodur End\u00fcstriyel\",\"url\":\"https:\\\/\\\/bodur.com.tr\\\/\",\"logo\":{\"@type\":\"ImageObject\",\"inLanguage\":\"nl-NL\",\"@id\":\"https:\\\/\\\/bodur.com.tr\\\/#\\\/schema\\\/logo\\\/image\\\/\",\"url\":\"https:\\\/\\\/bodur.com.tr\\\/wp-content\\\/uploads\\\/51834268_258721005017375_5556593430731161600_n.jpg\",\"contentUrl\":\"https:\\\/\\\/bodur.com.tr\\\/wp-content\\\/uploads\\\/51834268_258721005017375_5556593430731161600_n.jpg\",\"width\":320,\"height\":320,\"caption\":\"Bodur End\u00fcstriyel\"},\"image\":{\"@id\":\"https:\\\/\\\/bodur.com.tr\\\/#\\\/schema\\\/logo\\\/image\\\/\"},\"sameAs\":[\"https:\\\/\\\/www.facebook.com\\\/bodurendustriyel\",\"https:\\\/\\\/www.instagram.com\\\/bodurendustriyel\\\/\",\"https:\\\/\\\/www.youtube.com\\\/user\\\/harunbodur\"]}]}<\/script>\n<!-- \/ Yoast SEO plugin. -->","yoast_head_json":{"title":"Gereedschapswagen met 8 laden","robots":{"index":"index","follow":"follow","max-snippet":"max-snippet:-1","max-image-preview":"max-image-preview:large","max-video-preview":"max-video-preview:-1"},"canonical":"https:\/\/bodur.com.tr\/nl\/product\/gereedschapswagen-met-8-laden\/","og_locale":"nl_NL","og_type":"article","og_title":"8 \u00c7ekmeceli Tak\u0131m Arabas\u0131","og_description":"Genel \u00f6zellikler :   H1060xW1200xD460mm \u00f6l\u00e7\u00fcler (Teker ve sap dahil)  H900xW1040xD460mm \u00f6l\u00e7\u00fcler (Teker ve sap dahil)  0,70, 1,00 mm Dkp sacdan imal edilmi\u015ftir.  96 KG a\u011f\u0131rl\u0131k.  8 adet \u00e7ekmece ve 5 mm kau\u00e7uk kapl\u0131 tabla.  6 ve 2 \u00e7ekmece ayr\u0131 olarak kilitlenebilir.  Teleskopik rayl\u0131 %100 a\u00e7\u0131l\u0131r \u00e7ekmeceler.  Sanayi tipi 100'l\u00fck rulmanl\u0131 tekerler (2 adet frenli, 2 adet frensiz)  Elektrostatik toz boya (E\/P)  \u00c7ekmece \u00d6l\u00e7\u00fcleri:   \u00dcst \u00e7ekmece : H90xW900xD405 mm  2. \u00e7ekmece : H45xW540xD405 mm  3. ve 4. \u00e7ekmece : H72xW540xD405 mm  5. \u00e7ekmece : H155xW540xD405 mm  6. \u00e7ekmece : H240xW540xD405 mm  7. ve 8. sa\u011f \u00e7ekmece : H75xW300xD405 mm (215 mm \u00fcst bo\u015fluk)","og_url":"https:\/\/bodur.com.tr\/nl\/product\/gereedschapswagen-met-8-laden\/","og_site_name":"Bodur End\u00fcstriyel","article_publisher":"https:\/\/www.facebook.com\/bodurendustriyel","article_modified_time":"2022-05-06T08:31:42+00:00","og_image":[{"width":800,"height":740,"url":"https:\/\/bodur.com.tr\/wp-content\/uploads\/8-cekmeceli-takim-arabasi-2.jpg","type":"image\/jpeg"}],"twitter_card":"summary_large_image","schema":{"@context":"https:\/\/schema.org","@graph":[{"@type":"WebPage","@id":"https:\/\/bodur.com.tr\/urun\/8-cekmeceli-takim-arabasi","url":"https:\/\/bodur.com.tr\/urun\/8-cekmeceli-takim-arabasi","name":"Gereedschapswagen met 8 laden","isPartOf":{"@id":"https:\/\/bodur.com.tr\/#website"},"primaryImageOfPage":{"@id":"https:\/\/bodur.com.tr\/urun\/8-cekmeceli-takim-arabasi#primaryimage"},"image":{"@id":"https:\/\/bodur.com.tr\/urun\/8-cekmeceli-takim-arabasi#primaryimage"},"thumbnailUrl":"https:\/\/bodur.com.tr\/wp-content\/uploads\/8-cekmeceli-takim-arabasi-2.jpg","datePublished":"2014-08-26T21:00:00+00:00","dateModified":"2022-05-06T08:31:42+00:00","breadcrumb":{"@id":"https:\/\/bodur.com.tr\/urun\/8-cekmeceli-takim-arabasi#breadcrumb"},"inLanguage":"nl-NL","potentialAction":[{"@type":"ReadAction","target":["https:\/\/bodur.com.tr\/urun\/8-cekmeceli-takim-arabasi"]}]},{"@type":"ImageObject","inLanguage":"nl-NL","@id":"https:\/\/bodur.com.tr\/urun\/8-cekmeceli-takim-arabasi#primaryimage","url":"https:\/\/bodur.com.tr\/wp-content\/uploads\/8-cekmeceli-takim-arabasi-2.jpg","contentUrl":"https:\/\/bodur.com.tr\/wp-content\/uploads\/8-cekmeceli-takim-arabasi-2.jpg","width":800,"height":740},{"@type":"BreadcrumbList","@id":"https:\/\/bodur.com.tr\/urun\/8-cekmeceli-takim-arabasi#breadcrumb","itemListElement":[{"@type":"ListItem","position":1,"name":"Anasayfa","item":"https:\/\/bodur.com.tr\/"},{"@type":"ListItem","position":2,"name":"\u00dcr\u00fcnler","item":"https:\/\/bodur.com.tr\/magaza"},{"@type":"ListItem","position":3,"name":"8 \u00c7ekmeceli Tak\u0131m Arabas\u0131"}]},{"@type":"WebSite","@id":"https:\/\/bodur.com.tr\/#website","url":"https:\/\/bodur.com.tr\/","name":"Bodur Industrieel","description":"","publisher":{"@id":"https:\/\/bodur.com.tr\/#organization"},"potentialAction":[{"@type":"SearchAction","target":{"@type":"EntryPoint","urlTemplate":"https:\/\/bodur.com.tr\/?s={search_term_string}"},"query-input":{"@type":"PropertyValueSpecification","valueRequired":true,"valueName":"search_term_string"}}],"inLanguage":"nl-NL"},{"@type":"Organization","@id":"https:\/\/bodur.com.tr\/#organization","name":"Bodur Industrieel","url":"https:\/\/bodur.com.tr\/","logo":{"@type":"ImageObject","inLanguage":"nl-NL","@id":"https:\/\/bodur.com.tr\/#\/schema\/logo\/image\/","url":"https:\/\/bodur.com.tr\/wp-content\/uploads\/51834268_258721005017375_5556593430731161600_n.jpg","contentUrl":"https:\/\/bodur.com.tr\/wp-content\/uploads\/51834268_258721005017375_5556593430731161600_n.jpg","width":320,"height":320,"caption":"Bodur End\u00fcstriyel"},"image":{"@id":"https:\/\/bodur.com.tr\/#\/schema\/logo\/image\/"},"sameAs":["https:\/\/www.facebook.com\/bodurendustriyel","https:\/\/www.instagram.com\/bodurendustriyel\/","https:\/\/www.youtube.com\/user\/harunbodur"]}]}},"_links":{"self":[{"href":"https:\/\/bodur.com.tr\/nl\/wp-json\/wp\/v2\/product\/1028","targetHints":{"allow":["GET"]}}],"collection":[{"href":"https:\/\/bodur.com.tr\/nl\/wp-json\/wp\/v2\/product"}],"about":[{"href":"https:\/\/bodur.com.tr\/nl\/wp-json\/wp\/v2\/types\/product"}],"wp:featuredmedia":[{"embeddable":true,"href":"https:\/\/bodur.com.tr\/nl\/wp-json\/wp\/v2\/media\/1029"}],"wp:attachment":[{"href":"https:\/\/bodur.com.tr\/nl\/wp-json\/wp\/v2\/media?parent=1028"}],"wp:term":[{"taxonomy":"product_brand","embeddable":true,"href":"https:\/\/bodur.com.tr\/nl\/wp-json\/wp\/v2\/product_brand?post=1028"},{"taxonomy":"product_cat","embeddable":true,"href":"https:\/\/bodur.com.tr\/nl\/wp-json\/wp\/v2\/product_cat?post=1028"},{"taxonomy":"product_tag","embeddable":true,"href":"https:\/\/bodur.com.tr\/nl\/wp-json\/wp\/v2\/product_tag?post=1028"}],"curies":[{"name":"wp","href":"https:\/\/api.w.org\/{rel}","templated":true}]}}