{"id":21470,"date":"2025-05-18T19:07:35","date_gmt":"2025-05-18T16:07:35","guid":{"rendered":"https:\/\/bodur.com.tr\/kvkk-aydinlatma-metni"},"modified":"2025-05-19T21:43:28","modified_gmt":"2025-05-19T18:43:28","slug":"informatietekst-van-de-kvkk-wet-bescherming-persoonsgegevens","status":"publish","type":"page","link":"https:\/\/bodur.com.tr\/nl\/kvkk-aydinlatma-metni","title":{"rendered":"Informatietekst over de Wet bescherming persoonsgegevens (KVKK)"},"content":{"rendered":"<div data-elementor-type=\"wp-page\" data-elementor-id=\"21470\" class=\"elementor elementor-21470\" data-elementor-post-type=\"page\">\n\t\t\t\t<div class=\"elementor-element elementor-element-4a0fde0e e-flex e-con-boxed e-con e-parent\" data-id=\"4a0fde0e\" data-element_type=\"container\" data-e-type=\"container\">\n\t\t\t\t\t<div class=\"e-con-inner\">\n\t\t\t\t<div class=\"elementor-element elementor-element-3ed4148a color-scheme-inherit text-left elementor-widget elementor-widget-text-editor\" data-id=\"3ed4148a\" data-element_type=\"widget\" data-e-type=\"widget\" data-widget_type=\"text-editor.default\">\n\t\t\t\t<div class=\"elementor-widget-container\">\n\t\t\t\t\t\t\t\t\t<h3><span style=\"color: #053c6f;\"><strong>BEDRIJFSINFORMATIE VAN BODUR INDUSTRIAL CABIN SYSTEMS LIMITED BETREFFENDE DE VERWERKING VAN PERSOONSGEGEVENS<\/strong><\/span><\/h3>\t\t\t\t\t\t\t\t<\/div>\n\t\t\t\t<\/div>\n\t\t\t\t<div class=\"elementor-element elementor-element-dfb29f7 color-scheme-inherit text-left elementor-widget elementor-widget-text-editor\" data-id=\"dfb29f7\" data-element_type=\"widget\" data-e-type=\"widget\" data-widget_type=\"text-editor.default\">\n\t\t\t\t<div class=\"elementor-widget-container\">\n\t\t\t\t\t\t\t\t\t<div class=\"wpb_text_column wpb_content_element wpb_animate_when_almost_visible wpb_fadeIn fadeIn vc_custom_1610353878440 wpb_start_animation animated\"><div class=\"wpb_wrapper\"><h3>A) <strong>Verantwoordelijke voor de gegevensverwerking en vertegenwoordiger<\/strong><\/h3><p>In overeenstemming met Wet nr. 6698 inzake de bescherming van persoonsgegevens (\u201cWet nr. 6698\u201d) kunnen uw persoonsgegevens worden verwerkt door Bodur Industrial Cabin Systems Limited Company (\u201cBedrijf\u201d of \u201cBodur\u201d) als verwerkingsverantwoordelijke, binnen de hieronder beschreven reikwijdte.<\/p><\/div><\/div><div class=\"wpb_text_column wpb_content_element wpb_animate_when_almost_visible wpb_fadeIn fadeIn vc_custom_1610353864087 wpb_start_animation animated\"><div class=\"wpb_wrapper\"><h3>B) <strong>Het doel waarvoor persoonsgegevens worden verwerkt<\/strong><\/h3><p>Uw verzamelde persoonsgegevens worden verwerkt binnen de kaders van de voorwaarden en doeleinden voor de verwerking van persoonsgegevens zoals gespecificeerd in artikel 5 en 6 van Wet nr. 6698, voor de volgende doeleinden: het waarborgen van de juridische, technische en commerci\u00eble veiligheid van het bedrijf en de betrokken personen met wie het bedrijf een zakelijke relatie onderhoudt; het plannen en uitvoeren van de noodzakelijke activiteiten voor het personaliseren en aanbevelen van de producten en diensten die het bedrijf aanbiedt aan betrokken personen op basis van hun voorkeuren, gebruiksgewoonten en behoeften; het uitvoeren van de noodzakelijke werkzaamheden door onze bedrijfsonderdelen en het uitvoeren van de relevante bedrijfsprocessen om betrokken personen in staat te stellen te profiteren van de producten en diensten die het bedrijf aanbiedt; het plannen en uitvoeren van de commerci\u00eble en\/of bedrijfsstrategie\u00ebn van het bedrijf; het uitvoeren van de noodzakelijke werkzaamheden door onze relevante bedrijfsonderdelen en het uitvoeren van de bijbehorende bedrijfsprocessen voor de realisatie van de commerci\u00eble activiteiten van het bedrijf; en het plannen en uitvoeren van het personeelsbeleid en de personeelsprocessen van het bedrijf.<\/p><\/div><\/div><div class=\"wpb_text_column wpb_content_element wpb_animate_when_almost_visible wpb_fadeIn fadeIn vc_custom_1610353873819 wpb_start_animation animated\"><div class=\"wpb_wrapper\"><h3><strong>c) Aan wie en voor welk doel de verwerkte persoonsgegevens kunnen worden overgedragen<\/strong><\/h3><p>Uw verzamelde persoonsgegevens kunnen worden overgedragen aan onze zakelijke partners, leveranciers, aandeelhouders, gelieerde ondernemingen, wettelijk bevoegde overheidsinstellingen en particulieren, binnen de reikwijdte van de doeleinden zoals gespecificeerd in artikel 8 en 9 van Wet nr. 6698, en beperkt tot de hierboven genoemde doeleinden, voor de volgende doeleinden: het plannen en uitvoeren van activiteiten die nodig zijn voor het personaliseren en aanbevelen van de producten en diensten die het bedrijf aanbiedt aan relevante personen op basis van hun voorkeuren, gebruiksgewoonten en behoeften; het uitvoeren van de noodzakelijke werkzaamheden door onze relevante bedrijfsonderdelen en het uitvoeren van de bijbehorende bedrijfsprocessen voor de uitvoering van de commerci\u00eble activiteiten van het bedrijf; het uitvoeren van de noodzakelijke werkzaamheden door onze bedrijfsonderdelen en het uitvoeren van de bijbehorende bedrijfsprocessen om relevante personen in staat te stellen te profiteren van de producten en diensten die het bedrijf aanbiedt; het plannen en uitvoeren van de commerci\u00eble en\/of bedrijfsstrategie\u00ebn van het bedrijf; en het waarborgen van de juridische, technische en commerci\u00eble veiligheid van het bedrijf en relevante personen met wie het bedrijf een zakelijke relatie heeft.<\/p><\/div><\/div><div class=\"wpb_text_column wpb_content_element wpb_animate_when_almost_visible wpb_fadeIn fadeIn vc_custom_1610353937269 wpb_start_animation animated\"><div class=\"wpb_wrapper\"><h3><strong>c) Methode en rechtsgrondslag voor het verzamelen van persoonsgegevens<\/strong><\/h3><p>Uw persoonsgegevens worden door ons bedrijf via verschillende kanalen en op basis van diverse wettelijke grondslagen verzameld met als doel de producten en diensten die wij aanbieden te verbeteren en onze commerci\u00eble activiteiten uit te voeren. Tijdens dit proces worden uw persoonsgegevens verzameld via informatie- en aanvraagformulieren op onze websites en mobiele applicaties, of in fysieke vorm. Persoonsgegevens die op deze wettelijke grondslagen worden verzameld, kunnen ook worden verwerkt en overgedragen voor de doeleinden vermeld in clausules (b) en (c) van deze privacyverklaring, binnen de reikwijdte van de voorwaarden en doeleinden voor de verwerking van persoonsgegevens zoals gespecificeerd in artikel 5 en 6 van Wet nr. 6698.<\/p><\/div><\/div><div class=\"wpb_text_column wpb_content_element wpb_animate_when_almost_visible wpb_fadeIn fadeIn vc_custom_1610354171093 wpb_start_animation animated\"><div class=\"wpb_wrapper\"><h3><strong>d) Rechten van de betrokkene zoals vermeld in artikel 11 van Wet nr. 6698<\/strong><\/h3><p>Als betrokkene heeft u het recht om uw rechten met betrekking tot de gegevensverwerking zo snel mogelijk, en uiterlijk binnen dertig dagen, te verwerken. Bodur zal uw verzoek, afhankelijk van de aard van het verzoek, behandelen. Indien de verwerking echter extra kosten met zich meebrengt, zal Bodur de door de Autoriteit Persoonsgegevens vastgestelde kosten in rekening brengen. In dit kader heeft u als betrokkene de volgende rechten:;<\/p><p><span data-contrast=\"none\">\u2022 Om te achterhalen of uw persoonsgegevens worden verwerkt,<\/span><\/p><p><span data-contrast=\"none\">\u2022 Informatie opvragen met betrekking tot de verwerking van persoonsgegevens,<\/span><\/p><p><span data-contrast=\"none\">\u2022 Om te achterhalen met welk doel persoonsgegevens worden verwerkt en of deze op de juiste wijze voor dat doel worden gebruikt.,<\/span><\/p><p><span data-contrast=\"none\">\u2022 Weten aan welke derde partijen persoonsgegevens worden overgedragen, zowel nationaal als internationaal.,<\/span><\/p><p><span data-contrast=\"none\">\u2022 Het recht om correctie van persoonsgegevens te vragen indien deze onvolledig of onjuist zijn verwerkt, en om te verzoeken dat deze correctie wordt meegedeeld aan derden aan wie de persoonsgegevens zijn overgedragen.,<\/span><\/p><p><span data-contrast=\"none\">\u2022 Het recht om te verzoeken om verwijdering of vernietiging van persoonsgegevens, ook indien deze worden verwerkt in overeenstemming met Wet nr. 6698 en andere relevante wetten, wanneer de redenen voor de verwerking ervan niet langer bestaan, en om te verzoeken dat deze actie wordt meegedeeld aan derden aan wie de persoonsgegevens zijn overgedragen.,<\/span><\/p><p><span data-contrast=\"none\">\u2022 Het recht om bezwaar te maken tegen een uitkomst die voor jezelf nadelig is, als gevolg van de analyse van verwerkte gegevens uitsluitend via geautomatiseerde systemen.,<\/span><\/p><p>\u2022 Personen hebben het recht om schadevergoeding te eisen voor schade die is ontstaan als gevolg van de onrechtmatige verwerking van hun persoonsgegevens.\u00a0<\/p><\/div><\/div>\t\t\t\t\t\t\t\t<\/div>\n\t\t\t\t<\/div>\n\t\t\t\t\t<\/div>\n\t\t\t\t<\/div>\n\t\t\t\t<\/div>","protected":false},"excerpt":{"rendered":"<p>BODUR INDUSTRIAL CABIN SYSTEMS LIMITED BEDRIJFSINFORMATIE TEKST BETREFFENDE DE VERWERKING VAN PERSOONSGEGEVENS a) Verantwoordelijke voor de gegevensverwerking en vertegenwoordiger Wet nr. 6698 betreffende persoonsgegevens<\/p>","protected":false},"author":1,"featured_media":0,"parent":0,"menu_order":0,"comment_status":"closed","ping_status":"closed","template":"","meta":{"footnotes":""},"class_list":["post-21470","page","type-page","status-publish","hentry"],"yoast_head":"<!-- This site is optimized with the Yoast SEO plugin v27.3 - https:\/\/yoast.com\/product\/yoast-seo-wordpress\/ -->\n<title>KVKK Ayd\u0131nlatma Metni<\/title>\n<meta name=\"robots\" content=\"index, follow, max-snippet:-1, max-image-preview:large, max-video-preview:-1\" \/>\n<link rel=\"canonical\" href=\"https:\/\/bodur.com.tr\/nl\/informatietekst-van-de-kvkk-wet-bescherming-persoonsgegevens\/\" \/>\n<meta property=\"og:locale\" content=\"nl_NL\" \/>\n<meta property=\"og:type\" content=\"article\" \/>\n<meta property=\"og:title\" content=\"KVKK Ayd\u0131nlatma Metni\" \/>\n<meta property=\"og:description\" content=\"BODUR END\u00dcSTR\u0130YEL KAB\u0130N S\u0130STEMLER\u0130 L\u0130M\u0130TED \u015e\u0130RKET\u0130 K\u0130\u015e\u0130SEL VER\u0130LER\u0130N \u0130\u015eLENMES\u0130NE \u0130L\u0130\u015eK\u0130N AYDINLATMA METN\u0130 a) Veri Sorumlusu ve Temsilcisi 6698 say\u0131l\u0131 Ki\u015fisel\" \/>\n<meta property=\"og:url\" content=\"https:\/\/bodur.com.tr\/nl\/informatietekst-van-de-kvkk-wet-bescherming-persoonsgegevens\/\" \/>\n<meta property=\"og:site_name\" content=\"Bodur End\u00fcstriyel\" \/>\n<meta property=\"article:publisher\" content=\"https:\/\/www.facebook.com\/bodurendustriyel\" \/>\n<meta property=\"article:modified_time\" content=\"2025-05-19T18:43:28+00:00\" \/>\n<meta name=\"twitter:card\" content=\"summary_large_image\" \/>\n<script type=\"application\/ld+json\" class=\"yoast-schema-graph\">{\"@context\":\"https:\\\/\\\/schema.org\",\"@graph\":[{\"@type\":\"WebPage\",\"@id\":\"https:\\\/\\\/bodur.com.tr\\\/kvkk-aydinlatma-metni\",\"url\":\"https:\\\/\\\/bodur.com.tr\\\/kvkk-aydinlatma-metni\",\"name\":\"KVKK Ayd\u0131nlatma Metni\",\"isPartOf\":{\"@id\":\"https:\\\/\\\/bodur.com.tr\\\/#website\"},\"datePublished\":\"2025-05-18T16:07:35+00:00\",\"dateModified\":\"2025-05-19T18:43:28+00:00\",\"breadcrumb\":{\"@id\":\"https:\\\/\\\/bodur.com.tr\\\/kvkk-aydinlatma-metni#breadcrumb\"},\"inLanguage\":\"nl-NL\",\"potentialAction\":[{\"@type\":\"ReadAction\",\"target\":[\"https:\\\/\\\/bodur.com.tr\\\/kvkk-aydinlatma-metni\"]}]},{\"@type\":\"BreadcrumbList\",\"@id\":\"https:\\\/\\\/bodur.com.tr\\\/kvkk-aydinlatma-metni#breadcrumb\",\"itemListElement\":[{\"@type\":\"ListItem\",\"position\":1,\"name\":\"Anasayfa\",\"item\":\"https:\\\/\\\/bodur.com.tr\\\/\"},{\"@type\":\"ListItem\",\"position\":2,\"name\":\"KVKK Ayd\u0131nlatma Metni\"}]},{\"@type\":\"WebSite\",\"@id\":\"https:\\\/\\\/bodur.com.tr\\\/#website\",\"url\":\"https:\\\/\\\/bodur.com.tr\\\/\",\"name\":\"Bodur End\u00fcstriyel\",\"description\":\"\",\"publisher\":{\"@id\":\"https:\\\/\\\/bodur.com.tr\\\/#organization\"},\"potentialAction\":[{\"@type\":\"SearchAction\",\"target\":{\"@type\":\"EntryPoint\",\"urlTemplate\":\"https:\\\/\\\/bodur.com.tr\\\/?s={search_term_string}\"},\"query-input\":{\"@type\":\"PropertyValueSpecification\",\"valueRequired\":true,\"valueName\":\"search_term_string\"}}],\"inLanguage\":\"nl-NL\"},{\"@type\":\"Organization\",\"@id\":\"https:\\\/\\\/bodur.com.tr\\\/#organization\",\"name\":\"Bodur End\u00fcstriyel\",\"url\":\"https:\\\/\\\/bodur.com.tr\\\/\",\"logo\":{\"@type\":\"ImageObject\",\"inLanguage\":\"nl-NL\",\"@id\":\"https:\\\/\\\/bodur.com.tr\\\/#\\\/schema\\\/logo\\\/image\\\/\",\"url\":\"https:\\\/\\\/bodur.com.tr\\\/wp-content\\\/uploads\\\/51834268_258721005017375_5556593430731161600_n.jpg\",\"contentUrl\":\"https:\\\/\\\/bodur.com.tr\\\/wp-content\\\/uploads\\\/51834268_258721005017375_5556593430731161600_n.jpg\",\"width\":320,\"height\":320,\"caption\":\"Bodur End\u00fcstriyel\"},\"image\":{\"@id\":\"https:\\\/\\\/bodur.com.tr\\\/#\\\/schema\\\/logo\\\/image\\\/\"},\"sameAs\":[\"https:\\\/\\\/www.facebook.com\\\/bodurendustriyel\",\"https:\\\/\\\/www.instagram.com\\\/bodurendustriyel\\\/\",\"https:\\\/\\\/www.youtube.com\\\/user\\\/harunbodur\"]}]}<\/script>\n<!-- \/ Yoast SEO plugin. -->","yoast_head_json":{"title":"Informatietekst over de Wet bescherming persoonsgegevens (KVKK)","robots":{"index":"index","follow":"follow","max-snippet":"max-snippet:-1","max-image-preview":"max-image-preview:large","max-video-preview":"max-video-preview:-1"},"canonical":"https:\/\/bodur.com.tr\/nl\/informatietekst-van-de-kvkk-wet-bescherming-persoonsgegevens\/","og_locale":"nl_NL","og_type":"article","og_title":"KVKK Ayd\u0131nlatma Metni","og_description":"BODUR END\u00dcSTR\u0130YEL KAB\u0130N S\u0130STEMLER\u0130 L\u0130M\u0130TED \u015e\u0130RKET\u0130 K\u0130\u015e\u0130SEL VER\u0130LER\u0130N \u0130\u015eLENMES\u0130NE \u0130L\u0130\u015eK\u0130N AYDINLATMA METN\u0130 a) Veri Sorumlusu ve Temsilcisi 6698 say\u0131l\u0131 Ki\u015fisel","og_url":"https:\/\/bodur.com.tr\/nl\/informatietekst-van-de-kvkk-wet-bescherming-persoonsgegevens\/","og_site_name":"Bodur End\u00fcstriyel","article_publisher":"https:\/\/www.facebook.com\/bodurendustriyel","article_modified_time":"2025-05-19T18:43:28+00:00","twitter_card":"summary_large_image","schema":{"@context":"https:\/\/schema.org","@graph":[{"@type":"WebPage","@id":"https:\/\/bodur.com.tr\/kvkk-aydinlatma-metni","url":"https:\/\/bodur.com.tr\/kvkk-aydinlatma-metni","name":"Informatietekst over de Wet bescherming persoonsgegevens (KVKK)","isPartOf":{"@id":"https:\/\/bodur.com.tr\/#website"},"datePublished":"2025-05-18T16:07:35+00:00","dateModified":"2025-05-19T18:43:28+00:00","breadcrumb":{"@id":"https:\/\/bodur.com.tr\/kvkk-aydinlatma-metni#breadcrumb"},"inLanguage":"nl-NL","potentialAction":[{"@type":"ReadAction","target":["https:\/\/bodur.com.tr\/kvkk-aydinlatma-metni"]}]},{"@type":"BreadcrumbList","@id":"https:\/\/bodur.com.tr\/kvkk-aydinlatma-metni#breadcrumb","itemListElement":[{"@type":"ListItem","position":1,"name":"Anasayfa","item":"https:\/\/bodur.com.tr\/"},{"@type":"ListItem","position":2,"name":"KVKK Ayd\u0131nlatma Metni"}]},{"@type":"WebSite","@id":"https:\/\/bodur.com.tr\/#website","url":"https:\/\/bodur.com.tr\/","name":"Bodur Industrieel","description":"","publisher":{"@id":"https:\/\/bodur.com.tr\/#organization"},"potentialAction":[{"@type":"SearchAction","target":{"@type":"EntryPoint","urlTemplate":"https:\/\/bodur.com.tr\/?s={search_term_string}"},"query-input":{"@type":"PropertyValueSpecification","valueRequired":true,"valueName":"search_term_string"}}],"inLanguage":"nl-NL"},{"@type":"Organization","@id":"https:\/\/bodur.com.tr\/#organization","name":"Bodur Industrieel","url":"https:\/\/bodur.com.tr\/","logo":{"@type":"ImageObject","inLanguage":"nl-NL","@id":"https:\/\/bodur.com.tr\/#\/schema\/logo\/image\/","url":"https:\/\/bodur.com.tr\/wp-content\/uploads\/51834268_258721005017375_5556593430731161600_n.jpg","contentUrl":"https:\/\/bodur.com.tr\/wp-content\/uploads\/51834268_258721005017375_5556593430731161600_n.jpg","width":320,"height":320,"caption":"Bodur End\u00fcstriyel"},"image":{"@id":"https:\/\/bodur.com.tr\/#\/schema\/logo\/image\/"},"sameAs":["https:\/\/www.facebook.com\/bodurendustriyel","https:\/\/www.instagram.com\/bodurendustriyel\/","https:\/\/www.youtube.com\/user\/harunbodur"]}]}},"_links":{"self":[{"href":"https:\/\/bodur.com.tr\/nl\/wp-json\/wp\/v2\/pages\/21470","targetHints":{"allow":["GET"]}}],"collection":[{"href":"https:\/\/bodur.com.tr\/nl\/wp-json\/wp\/v2\/pages"}],"about":[{"href":"https:\/\/bodur.com.tr\/nl\/wp-json\/wp\/v2\/types\/page"}],"author":[{"embeddable":true,"href":"https:\/\/bodur.com.tr\/nl\/wp-json\/wp\/v2\/users\/1"}],"replies":[{"embeddable":true,"href":"https:\/\/bodur.com.tr\/nl\/wp-json\/wp\/v2\/comments?post=21470"}],"version-history":[{"count":0,"href":"https:\/\/bodur.com.tr\/nl\/wp-json\/wp\/v2\/pages\/21470\/revisions"}],"wp:attachment":[{"href":"https:\/\/bodur.com.tr\/nl\/wp-json\/wp\/v2\/media?parent=21470"}],"curies":[{"name":"wp","href":"https:\/\/api.w.org\/{rel}","templated":true}]}}