{"id":21467,"date":"2025-05-18T19:07:35","date_gmt":"2025-05-18T16:07:35","guid":{"rendered":"https:\/\/bodur.com.tr\/bilgi-guvenligi-politikasi"},"modified":"2025-06-22T16:49:02","modified_gmt":"2025-06-22T13:49:02","slug":"informatiebeveiligingsbeleid","status":"publish","type":"page","link":"https:\/\/bodur.com.tr\/nl\/bilgi-guvenligi-politikasi","title":{"rendered":"Informatiebeveiligingsbeleid"},"content":{"rendered":"<div data-elementor-type=\"wp-page\" data-elementor-id=\"21467\" class=\"elementor elementor-21467\" data-elementor-post-type=\"page\">\n\t\t\t\t<div class=\"elementor-element elementor-element-2cfe007a e-flex e-con-boxed e-con e-parent\" data-id=\"2cfe007a\" data-element_type=\"container\" data-e-type=\"container\">\n\t\t\t\t\t<div class=\"e-con-inner\">\n\t\t<div class=\"elementor-element elementor-element-7821db80 e-con-full e-flex e-con e-child\" data-id=\"7821db80\" data-element_type=\"container\" data-e-type=\"container\">\n\t\t\t\t<div class=\"elementor-element elementor-element-4c96a670 color-scheme-inherit text-left elementor-widget elementor-widget-text-editor\" data-id=\"4c96a670\" data-element_type=\"widget\" data-e-type=\"widget\" data-widget_type=\"text-editor.default\">\n\t\t\t\t<div class=\"elementor-widget-container\">\n\t\t\t\t\t\t\t\t\t<p><span style=\"color: #0163a1;\"><strong>ONS BELEID INZAKE INFORMATIEBEVEILIGING<\/strong><\/span><\/p>\t\t\t\t\t\t\t\t<\/div>\n\t\t\t\t<\/div>\n\t\t\t\t<div class=\"elementor-element elementor-element-7e63cada color-scheme-inherit text-left elementor-widget elementor-widget-text-editor\" data-id=\"7e63cada\" data-element_type=\"widget\" data-e-type=\"widget\" data-widget_type=\"text-editor.default\">\n\t\t\t\t<div class=\"elementor-widget-container\">\n\t\t\t\t\t\t\t\t\t<h4><span style=\"color: #053f75;\"><strong>Bodur Cabin Systems Limited Company heeft het principe omarmd om het vertrouwen dat het in zijn sector heeft opgebouwd, te waarborgen door de kwaliteit van zijn producten en diensten;<\/strong><\/span><\/h4>\t\t\t\t\t\t\t\t<\/div>\n\t\t\t\t<\/div>\n\t\t\t\t<\/div>\n\t\t<div class=\"elementor-element elementor-element-40b2ac78 e-con-full e-flex e-con e-child\" data-id=\"40b2ac78\" data-element_type=\"container\" data-e-type=\"container\">\n\t\t\t\t<div class=\"elementor-element elementor-element-596f7300 color-scheme-inherit text-left elementor-widget elementor-widget-text-editor\" data-id=\"596f7300\" data-element_type=\"widget\" data-e-type=\"widget\" data-widget_type=\"text-editor.default\">\n\t\t\t\t<div class=\"elementor-widget-container\">\n\t\t\t\t\t\t\t\t\t<p><strong>1. Doelstelling:<\/strong><br \/>Het doel van dit beleid is om de reikwijdte en beperkingen van het door Bodur ge\u00efmplementeerde informatiebeveiligingsbeheersysteem (ISMS) duidelijk te defini\u00ebren.<\/p><p><strong>2. Omvang:<\/strong><br \/>In geval van een inbreuk op de informatiebeveiliging is het verplicht om de dienstverlening te herstellen tot het laagst mogelijke acceptabele niveau. Het informatiebeveiligingsbeheersysteem (ISMS) omvat alle diensten waarvoor het wordt beheerd. Het ISMS vormt de basis voor het ontwerp, het onderhoud en de actualisering van de geleverde diensten en processen.<\/p><p><strong>3. Toepassing:<\/strong><br \/>Ons ISMS-beleid voldoet derhalve aan de volgende eisen:;<\/p><p>- Het veilig beheren van informatieactiva, het identificeren van de waarde, behoeften en risico&#039;s waaraan deze activa kunnen worden blootgesteld, en het ontwerpen en implementeren van beheersmaatregelen tegen beveiligingsrisico&#039;s.<br \/>- Het doel is een methodologisch kader te ontwikkelen voor het bepalen van factoren zoals de waarde, beveiligingsbehoeften, kwetsbaarheden en dreigingsfrequentie van informatieactiva.<br \/>- Een raamwerk defini\u00ebren voor het analyseren van de potenti\u00eble impact van bedreigingen op de vertrouwelijkheid, integriteit en toegankelijkheid van activa.<br \/>- Om de basisprincipes te defini\u00ebren die gevolgd moeten worden bij het aanpakken van de risico&#039;s.<br \/>- Het continu beoordelen van veiligheidsrisico&#039;s door het monitoren van technologische ontwikkelingen binnen het kader van de geleverde diensten.<br \/>- Om te voldoen aan de eisen op het gebied van informatiebeveiliging in overeenstemming met de toepasselijke nationale en internationale regelgeving, wettelijke bepalingen en overeenkomsten, alsook de maatschappelijke verantwoordelijkheid van de onderneming ten opzichte van interne en externe belanghebbenden.<br \/>- Om de impact van informatiebeveiligingsrisico&#039;s die de continu\u00efteit van de dienstverlening in gevaar kunnen brengen te minimaliseren en een ononderbroken werking te garanderen.<br \/>-Het vermogen hebben om effectief te reageren op incidenten op het gebied van informatiebeveiliging en de impact ervan te beperken.<\/p>\t\t\t\t\t\t\t\t<\/div>\n\t\t\t\t<\/div>\n\t\t\t\t<\/div>\n\t\t\t\t\t<\/div>\n\t\t\t\t<\/div>\n\t\t\t\t<\/div>","protected":false},"excerpt":{"rendered":"<p>ONS INFORMATIEBEVEILIGINGSBELEID Bodur Cabin Systems Limited Company heeft als principe aangenomen om het vertrouwen dat het in de sector heeft opgebouwd met de kwaliteit van zijn producten en diensten te waarborgen;<\/p>","protected":false},"author":1,"featured_media":0,"parent":0,"menu_order":0,"comment_status":"closed","ping_status":"closed","template":"","meta":{"footnotes":""},"class_list":["post-21467","page","type-page","status-publish","hentry"],"yoast_head":"<!-- This site is optimized with the Yoast SEO plugin v27.4 - https:\/\/yoast.com\/product\/yoast-seo-wordpress\/ -->\n<title>Bilgi G\u00fcvenli\u011fi Politikas\u0131<\/title>\n<meta name=\"robots\" content=\"index, follow, max-snippet:-1, max-image-preview:large, max-video-preview:-1\" \/>\n<link rel=\"canonical\" href=\"https:\/\/bodur.com.tr\/nl\/informatiebeveiligingsbeleid\/\" \/>\n<meta property=\"og:locale\" content=\"nl_NL\" \/>\n<meta property=\"og:type\" content=\"article\" \/>\n<meta property=\"og:title\" content=\"Bilgi G\u00fcvenli\u011fi Politikas\u0131\" \/>\n<meta property=\"og:description\" content=\"B\u0130LG\u0130 G\u00dcVENL\u0130\u011e\u0130 POL\u0130T\u0130KAMIZ Bodur Kabin Sistemleri Limited \u015eirketi, kendi sekt\u00f6r\u00fcnde \u00fcr\u00fcn ve hizmet kalitesiyle olu\u015fturdu\u011fu g\u00fcvenin s\u00fcreklili\u011fini sa\u011flamay\u0131 ilke edinerek;\" \/>\n<meta property=\"og:url\" content=\"https:\/\/bodur.com.tr\/nl\/informatiebeveiligingsbeleid\/\" \/>\n<meta property=\"og:site_name\" content=\"Bodur End\u00fcstriyel\" \/>\n<meta property=\"article:publisher\" content=\"https:\/\/www.facebook.com\/bodurendustriyel\" \/>\n<meta property=\"article:modified_time\" content=\"2025-06-22T13:49:02+00:00\" \/>\n<meta name=\"twitter:card\" content=\"summary_large_image\" \/>\n<script type=\"application\/ld+json\" class=\"yoast-schema-graph\">{\"@context\":\"https:\\\/\\\/schema.org\",\"@graph\":[{\"@type\":\"WebPage\",\"@id\":\"https:\\\/\\\/bodur.com.tr\\\/bilgi-guvenligi-politikasi\",\"url\":\"https:\\\/\\\/bodur.com.tr\\\/bilgi-guvenligi-politikasi\",\"name\":\"Bilgi G\u00fcvenli\u011fi Politikas\u0131\",\"isPartOf\":{\"@id\":\"https:\\\/\\\/bodur.com.tr\\\/#website\"},\"datePublished\":\"2025-05-18T16:07:35+00:00\",\"dateModified\":\"2025-06-22T13:49:02+00:00\",\"breadcrumb\":{\"@id\":\"https:\\\/\\\/bodur.com.tr\\\/bilgi-guvenligi-politikasi#breadcrumb\"},\"inLanguage\":\"nl-NL\",\"potentialAction\":[{\"@type\":\"ReadAction\",\"target\":[\"https:\\\/\\\/bodur.com.tr\\\/bilgi-guvenligi-politikasi\"]}]},{\"@type\":\"BreadcrumbList\",\"@id\":\"https:\\\/\\\/bodur.com.tr\\\/bilgi-guvenligi-politikasi#breadcrumb\",\"itemListElement\":[{\"@type\":\"ListItem\",\"position\":1,\"name\":\"Anasayfa\",\"item\":\"https:\\\/\\\/bodur.com.tr\\\/\"},{\"@type\":\"ListItem\",\"position\":2,\"name\":\"Bilgi G\u00fcvenli\u011fi Politikas\u0131\"}]},{\"@type\":\"WebSite\",\"@id\":\"https:\\\/\\\/bodur.com.tr\\\/#website\",\"url\":\"https:\\\/\\\/bodur.com.tr\\\/\",\"name\":\"Bodur End\u00fcstriyel\",\"description\":\"\",\"publisher\":{\"@id\":\"https:\\\/\\\/bodur.com.tr\\\/#organization\"},\"potentialAction\":[{\"@type\":\"SearchAction\",\"target\":{\"@type\":\"EntryPoint\",\"urlTemplate\":\"https:\\\/\\\/bodur.com.tr\\\/?s={search_term_string}\"},\"query-input\":{\"@type\":\"PropertyValueSpecification\",\"valueRequired\":true,\"valueName\":\"search_term_string\"}}],\"inLanguage\":\"nl-NL\"},{\"@type\":\"Organization\",\"@id\":\"https:\\\/\\\/bodur.com.tr\\\/#organization\",\"name\":\"Bodur End\u00fcstriyel\",\"url\":\"https:\\\/\\\/bodur.com.tr\\\/\",\"logo\":{\"@type\":\"ImageObject\",\"inLanguage\":\"nl-NL\",\"@id\":\"https:\\\/\\\/bodur.com.tr\\\/#\\\/schema\\\/logo\\\/image\\\/\",\"url\":\"https:\\\/\\\/bodur.com.tr\\\/wp-content\\\/uploads\\\/51834268_258721005017375_5556593430731161600_n.jpg\",\"contentUrl\":\"https:\\\/\\\/bodur.com.tr\\\/wp-content\\\/uploads\\\/51834268_258721005017375_5556593430731161600_n.jpg\",\"width\":320,\"height\":320,\"caption\":\"Bodur End\u00fcstriyel\"},\"image\":{\"@id\":\"https:\\\/\\\/bodur.com.tr\\\/#\\\/schema\\\/logo\\\/image\\\/\"},\"sameAs\":[\"https:\\\/\\\/www.facebook.com\\\/bodurendustriyel\",\"https:\\\/\\\/www.instagram.com\\\/bodurendustriyel\\\/\",\"https:\\\/\\\/www.youtube.com\\\/user\\\/harunbodur\"]}]}<\/script>\n<!-- \/ Yoast SEO plugin. -->","yoast_head_json":{"title":"Informatiebeveiligingsbeleid","robots":{"index":"index","follow":"follow","max-snippet":"max-snippet:-1","max-image-preview":"max-image-preview:large","max-video-preview":"max-video-preview:-1"},"canonical":"https:\/\/bodur.com.tr\/nl\/informatiebeveiligingsbeleid\/","og_locale":"nl_NL","og_type":"article","og_title":"Bilgi G\u00fcvenli\u011fi Politikas\u0131","og_description":"B\u0130LG\u0130 G\u00dcVENL\u0130\u011e\u0130 POL\u0130T\u0130KAMIZ Bodur Kabin Sistemleri Limited \u015eirketi, kendi sekt\u00f6r\u00fcnde \u00fcr\u00fcn ve hizmet kalitesiyle olu\u015fturdu\u011fu g\u00fcvenin s\u00fcreklili\u011fini sa\u011flamay\u0131 ilke edinerek;","og_url":"https:\/\/bodur.com.tr\/nl\/informatiebeveiligingsbeleid\/","og_site_name":"Bodur End\u00fcstriyel","article_publisher":"https:\/\/www.facebook.com\/bodurendustriyel","article_modified_time":"2025-06-22T13:49:02+00:00","twitter_card":"summary_large_image","schema":{"@context":"https:\/\/schema.org","@graph":[{"@type":"WebPage","@id":"https:\/\/bodur.com.tr\/bilgi-guvenligi-politikasi","url":"https:\/\/bodur.com.tr\/bilgi-guvenligi-politikasi","name":"Informatiebeveiligingsbeleid","isPartOf":{"@id":"https:\/\/bodur.com.tr\/#website"},"datePublished":"2025-05-18T16:07:35+00:00","dateModified":"2025-06-22T13:49:02+00:00","breadcrumb":{"@id":"https:\/\/bodur.com.tr\/bilgi-guvenligi-politikasi#breadcrumb"},"inLanguage":"nl-NL","potentialAction":[{"@type":"ReadAction","target":["https:\/\/bodur.com.tr\/bilgi-guvenligi-politikasi"]}]},{"@type":"BreadcrumbList","@id":"https:\/\/bodur.com.tr\/bilgi-guvenligi-politikasi#breadcrumb","itemListElement":[{"@type":"ListItem","position":1,"name":"Anasayfa","item":"https:\/\/bodur.com.tr\/"},{"@type":"ListItem","position":2,"name":"Bilgi G\u00fcvenli\u011fi Politikas\u0131"}]},{"@type":"WebSite","@id":"https:\/\/bodur.com.tr\/#website","url":"https:\/\/bodur.com.tr\/","name":"Bodur Industrieel","description":"","publisher":{"@id":"https:\/\/bodur.com.tr\/#organization"},"potentialAction":[{"@type":"SearchAction","target":{"@type":"EntryPoint","urlTemplate":"https:\/\/bodur.com.tr\/?s={search_term_string}"},"query-input":{"@type":"PropertyValueSpecification","valueRequired":true,"valueName":"search_term_string"}}],"inLanguage":"nl-NL"},{"@type":"Organization","@id":"https:\/\/bodur.com.tr\/#organization","name":"Bodur Industrieel","url":"https:\/\/bodur.com.tr\/","logo":{"@type":"ImageObject","inLanguage":"nl-NL","@id":"https:\/\/bodur.com.tr\/#\/schema\/logo\/image\/","url":"https:\/\/bodur.com.tr\/wp-content\/uploads\/51834268_258721005017375_5556593430731161600_n.jpg","contentUrl":"https:\/\/bodur.com.tr\/wp-content\/uploads\/51834268_258721005017375_5556593430731161600_n.jpg","width":320,"height":320,"caption":"Bodur End\u00fcstriyel"},"image":{"@id":"https:\/\/bodur.com.tr\/#\/schema\/logo\/image\/"},"sameAs":["https:\/\/www.facebook.com\/bodurendustriyel","https:\/\/www.instagram.com\/bodurendustriyel\/","https:\/\/www.youtube.com\/user\/harunbodur"]}]}},"_links":{"self":[{"href":"https:\/\/bodur.com.tr\/nl\/wp-json\/wp\/v2\/pages\/21467","targetHints":{"allow":["GET"]}}],"collection":[{"href":"https:\/\/bodur.com.tr\/nl\/wp-json\/wp\/v2\/pages"}],"about":[{"href":"https:\/\/bodur.com.tr\/nl\/wp-json\/wp\/v2\/types\/page"}],"author":[{"embeddable":true,"href":"https:\/\/bodur.com.tr\/nl\/wp-json\/wp\/v2\/users\/1"}],"replies":[{"embeddable":true,"href":"https:\/\/bodur.com.tr\/nl\/wp-json\/wp\/v2\/comments?post=21467"}],"version-history":[{"count":0,"href":"https:\/\/bodur.com.tr\/nl\/wp-json\/wp\/v2\/pages\/21467\/revisions"}],"wp:attachment":[{"href":"https:\/\/bodur.com.tr\/nl\/wp-json\/wp\/v2\/media?parent=21467"}],"curies":[{"name":"wp","href":"https:\/\/api.w.org\/{rel}","templated":true}]}}