{"id":15405,"date":"2022-08-31T22:33:19","date_gmt":"2022-08-31T19:33:19","guid":{"rendered":"https:\/\/bodur.com.tr\/?post_type=product&#038;p=15405"},"modified":"2025-06-29T17:27:52","modified_gmt":"2025-06-29T14:27:52","slug":"bd-36-24-25-malzeme-dolabi","status":"publish","type":"product","link":"https:\/\/bodur.com.tr\/lt\/urun\/bd-36-24-25-malzeme-dolabi","title":{"rendered":"BD.36.24.25 Malzeme Dolab\u0131"},"content":{"rendered":"<p><strong>Genel \u00d6zellikler:<\/strong><\/p>\n<ul>\n<li>A\u011f\u0131r hizmet ortamlar\u0131nda sorunsuz olarak kullan\u0131labilecek \u015fekilde tasarlanm\u0131\u015ft\u0131r.<\/li>\n<li>Komple kaynakl\u0131 sa\u011flam g\u00f6vdeye sahiptir.<\/li>\n<li>Sa\u011flam ve dayan\u0131kl\u0131 metal iskelet \u00fczerine t\u00fcm aksamlar sabitlenmi\u015ftir.<\/li>\n<li>B\u00fct\u00fcn hareketli aksamlar\u0131 tozlu ve nemli ortamlarda kullan\u0131ma uygundur.<\/li>\n<li>Kapaklar kilitlenebilir \u00f6zelliktedir.<\/li>\n<li>Raflar\u0131n konumlar\u0131 d\u00fc\u015feyde 25 mm aral\u0131klarla istenildi\u011fi gibi konumland\u0131r\u0131labilmektedir.<\/li>\n<li>Bozuk zeminler i\u00e7in ayaklarda rotil ayar vidalar\u0131 bulunmaktad\u0131r.<\/li>\n<li>Y\u00fcksek boya dayan\u0131kl\u0131l\u0131\u011f\u0131 i\u00e7in boyadan \u00f6nce fosfatlama i\u015flemi uygulanmaktad\u0131r.<\/li>\n<li>Darbe ve \u00e7izilmelere kar\u015f\u0131 en y\u00fcksek dayan\u0131kl\u0131l\u0131\u011f\u0131 sa\u011flamak i\u00e7in p\u00fct\u00fcrl\u00fc toz boya kullan\u0131lmaktad\u0131r.<\/li>\n<li>2 y\u0131l garanti ve yedek par\u00e7a deste\u011fi sunulmaktad\u0131r.<\/li>\n<\/ul>","protected":false},"excerpt":{"rendered":"<ul>\n<li>H1980xW900xD500mm boyutlar\u0131ndad\u0131r.<\/li>\n<li>1 Rafl\u0131 Standart Kapakl\u0131 G\u00f6vde Tak\u0131m\u0131.<\/li>\n<li>Kullan\u0131m amac\u0131na g\u00f6re \u00f6zelle\u015ftirilebilir demonte mod\u00fcler yap\u0131.<\/li>\n<li>Aksesuarlar hari\u00e7 139 kg.<\/li>\n<li>Standart RAL7016 (Antrasit Gri) ve RAL7011 (Koyu Gri) (De\u011fi\u015ftirilebilir).<\/li>\n<li>DKP sac malzeme (0,80 ~ 2,00 mm).<\/li>\n<li>Elektrostatik toz boya (E\/P).<\/li>\n<li>Galvaniz raf (x1).<\/li>\n<li>Delikli Yan Pano (x2)<\/li>\n<li>Delikli Arka Pano (x2)<\/li>\n<li>100&#8217;l\u00fck Soft Close Yumu\u015fak Kapan\u0131ml\u0131 \u00c7ekmece (x7)<\/li>\n<li>150&#8217;lik Soft Close Yumu\u015fak Kapan\u0131ml\u0131 \u00c7ekmece (x2)<\/li>\n<\/ul>","protected":false},"featured_media":40448,"template":"","meta":[],"product_brand":[],"product_cat":[22],"product_tag":[],"class_list":{"0":"post-15405","1":"product","2":"type-product","3":"status-publish","4":"has-post-thumbnail","6":"product_cat-malzeme-dolaplari","8":"first","9":"instock","10":"shipping-taxable","11":"product-type-simple"},"yoast_head":"<!-- This site is optimized with the Yoast SEO plugin v27.4 - https:\/\/yoast.com\/product\/yoast-seo-wordpress\/ -->\n<title>BD.36.24.25 Malzeme Dolab\u0131<\/title>\n<meta name=\"robots\" content=\"index, follow, max-snippet:-1, max-image-preview:large, max-video-preview:-1\" \/>\n<link rel=\"canonical\" href=\"https:\/\/bodur.com.tr\/lt\/product\/bd-36-24-25-malzeme-dolabi\/\" \/>\n<meta property=\"og:locale\" content=\"lt_LT\" \/>\n<meta property=\"og:type\" content=\"article\" \/>\n<meta property=\"og:title\" content=\"BD.36.24.25 Malzeme Dolab\u0131\" \/>\n<meta property=\"og:description\" content=\"H1980xW900xD500mm boyutlar\u0131ndad\u0131r.  1 Rafl\u0131 Standart Kapakl\u0131 G\u00f6vde Tak\u0131m\u0131.  Kullan\u0131m amac\u0131na g\u00f6re \u00f6zelle\u015ftirilebilir demonte mod\u00fcler yap\u0131.  Aksesuarlar hari\u00e7 139 kg.  Standart RAL7016 (Antrasit Gri) ve RAL7011 (Koyu Gri) (De\u011fi\u015ftirilebilir).  DKP sac malzeme (0,80 ~ 2,00 mm).  Elektrostatik toz boya (E\/P).  Galvaniz raf (x1).  Delikli Yan Pano (x2)  Delikli Arka Pano (x2)  100&#039;l\u00fck Soft Close Yumu\u015fak Kapan\u0131ml\u0131 \u00c7ekmece (x7)  150&#039;lik Soft Close Yumu\u015fak Kapan\u0131ml\u0131 \u00c7ekmece (x2)\" \/>\n<meta property=\"og:url\" content=\"https:\/\/bodur.com.tr\/lt\/product\/bd-36-24-25-malzeme-dolabi\/\" \/>\n<meta property=\"og:site_name\" content=\"Bodur End\u00fcstriyel\" \/>\n<meta property=\"article:publisher\" content=\"https:\/\/www.facebook.com\/bodurendustriyel\" \/>\n<meta property=\"article:modified_time\" content=\"2025-06-29T14:27:52+00:00\" \/>\n<meta property=\"og:image\" content=\"https:\/\/bodur.com.tr\/wp-content\/uploads\/BD362425_01-1.jpg\" \/>\n\t<meta property=\"og:image:width\" content=\"2480\" \/>\n\t<meta property=\"og:image:height\" content=\"2480\" \/>\n\t<meta property=\"og:image:type\" content=\"image\/jpeg\" \/>\n<meta name=\"twitter:card\" content=\"summary_large_image\" \/>\n<script type=\"application\/ld+json\" class=\"yoast-schema-graph\">{\"@context\":\"https:\\\/\\\/schema.org\",\"@graph\":[{\"@type\":\"WebPage\",\"@id\":\"https:\\\/\\\/bodur.com.tr\\\/urun\\\/bd-36-24-25-malzeme-dolabi\",\"url\":\"https:\\\/\\\/bodur.com.tr\\\/urun\\\/bd-36-24-25-malzeme-dolabi\",\"name\":\"BD.36.24.25 Malzeme Dolab\u0131\",\"isPartOf\":{\"@id\":\"https:\\\/\\\/bodur.com.tr\\\/#website\"},\"primaryImageOfPage\":{\"@id\":\"https:\\\/\\\/bodur.com.tr\\\/urun\\\/bd-36-24-25-malzeme-dolabi#primaryimage\"},\"image\":{\"@id\":\"https:\\\/\\\/bodur.com.tr\\\/urun\\\/bd-36-24-25-malzeme-dolabi#primaryimage\"},\"thumbnailUrl\":\"https:\\\/\\\/bodur.com.tr\\\/wp-content\\\/uploads\\\/BD362425_01-1.jpg\",\"datePublished\":\"2022-08-31T19:33:19+00:00\",\"dateModified\":\"2025-06-29T14:27:52+00:00\",\"breadcrumb\":{\"@id\":\"https:\\\/\\\/bodur.com.tr\\\/urun\\\/bd-36-24-25-malzeme-dolabi#breadcrumb\"},\"inLanguage\":\"lt-LT\",\"potentialAction\":[{\"@type\":\"ReadAction\",\"target\":[\"https:\\\/\\\/bodur.com.tr\\\/urun\\\/bd-36-24-25-malzeme-dolabi\"]}]},{\"@type\":\"ImageObject\",\"inLanguage\":\"lt-LT\",\"@id\":\"https:\\\/\\\/bodur.com.tr\\\/urun\\\/bd-36-24-25-malzeme-dolabi#primaryimage\",\"url\":\"https:\\\/\\\/bodur.com.tr\\\/wp-content\\\/uploads\\\/BD362425_01-1.jpg\",\"contentUrl\":\"https:\\\/\\\/bodur.com.tr\\\/wp-content\\\/uploads\\\/BD362425_01-1.jpg\",\"width\":2480,\"height\":2480,\"caption\":\"BD362425 Malzeme Dolab\u0131\"},{\"@type\":\"BreadcrumbList\",\"@id\":\"https:\\\/\\\/bodur.com.tr\\\/urun\\\/bd-36-24-25-malzeme-dolabi#breadcrumb\",\"itemListElement\":[{\"@type\":\"ListItem\",\"position\":1,\"name\":\"Anasayfa\",\"item\":\"https:\\\/\\\/bodur.com.tr\\\/\"},{\"@type\":\"ListItem\",\"position\":2,\"name\":\"\u00dcr\u00fcnler\",\"item\":\"https:\\\/\\\/bodur.com.tr\\\/magaza\"},{\"@type\":\"ListItem\",\"position\":3,\"name\":\"BD.36.24.25 Malzeme Dolab\u0131\"}]},{\"@type\":\"WebSite\",\"@id\":\"https:\\\/\\\/bodur.com.tr\\\/#website\",\"url\":\"https:\\\/\\\/bodur.com.tr\\\/\",\"name\":\"Bodur End\u00fcstriyel\",\"description\":\"\",\"publisher\":{\"@id\":\"https:\\\/\\\/bodur.com.tr\\\/#organization\"},\"potentialAction\":[{\"@type\":\"SearchAction\",\"target\":{\"@type\":\"EntryPoint\",\"urlTemplate\":\"https:\\\/\\\/bodur.com.tr\\\/?s={search_term_string}\"},\"query-input\":{\"@type\":\"PropertyValueSpecification\",\"valueRequired\":true,\"valueName\":\"search_term_string\"}}],\"inLanguage\":\"lt-LT\"},{\"@type\":\"Organization\",\"@id\":\"https:\\\/\\\/bodur.com.tr\\\/#organization\",\"name\":\"Bodur End\u00fcstriyel\",\"url\":\"https:\\\/\\\/bodur.com.tr\\\/\",\"logo\":{\"@type\":\"ImageObject\",\"inLanguage\":\"lt-LT\",\"@id\":\"https:\\\/\\\/bodur.com.tr\\\/#\\\/schema\\\/logo\\\/image\\\/\",\"url\":\"https:\\\/\\\/bodur.com.tr\\\/wp-content\\\/uploads\\\/51834268_258721005017375_5556593430731161600_n.jpg\",\"contentUrl\":\"https:\\\/\\\/bodur.com.tr\\\/wp-content\\\/uploads\\\/51834268_258721005017375_5556593430731161600_n.jpg\",\"width\":320,\"height\":320,\"caption\":\"Bodur End\u00fcstriyel\"},\"image\":{\"@id\":\"https:\\\/\\\/bodur.com.tr\\\/#\\\/schema\\\/logo\\\/image\\\/\"},\"sameAs\":[\"https:\\\/\\\/www.facebook.com\\\/bodurendustriyel\",\"https:\\\/\\\/www.instagram.com\\\/bodurendustriyel\\\/\",\"https:\\\/\\\/www.youtube.com\\\/user\\\/harunbodur\"]}]}<\/script>\n<!-- \/ Yoast SEO plugin. -->","yoast_head_json":{"title":"BD.36.24.25 Malzeme Dolab\u0131","robots":{"index":"index","follow":"follow","max-snippet":"max-snippet:-1","max-image-preview":"max-image-preview:large","max-video-preview":"max-video-preview:-1"},"canonical":"https:\/\/bodur.com.tr\/lt\/product\/bd-36-24-25-malzeme-dolabi\/","og_locale":"lt_LT","og_type":"article","og_title":"BD.36.24.25 Malzeme Dolab\u0131","og_description":"H1980xW900xD500mm boyutlar\u0131ndad\u0131r.  1 Rafl\u0131 Standart Kapakl\u0131 G\u00f6vde Tak\u0131m\u0131.  Kullan\u0131m amac\u0131na g\u00f6re \u00f6zelle\u015ftirilebilir demonte mod\u00fcler yap\u0131.  Aksesuarlar hari\u00e7 139 kg.  Standart RAL7016 (Antrasit Gri) ve RAL7011 (Koyu Gri) (De\u011fi\u015ftirilebilir).  DKP sac malzeme (0,80 ~ 2,00 mm).  Elektrostatik toz boya (E\/P).  Galvaniz raf (x1).  Delikli Yan Pano (x2)  Delikli Arka Pano (x2)  100'l\u00fck Soft Close Yumu\u015fak Kapan\u0131ml\u0131 \u00c7ekmece (x7)  150'lik Soft Close Yumu\u015fak Kapan\u0131ml\u0131 \u00c7ekmece (x2)","og_url":"https:\/\/bodur.com.tr\/lt\/product\/bd-36-24-25-malzeme-dolabi\/","og_site_name":"Bodur End\u00fcstriyel","article_publisher":"https:\/\/www.facebook.com\/bodurendustriyel","article_modified_time":"2025-06-29T14:27:52+00:00","og_image":[{"width":2480,"height":2480,"url":"https:\/\/bodur.com.tr\/wp-content\/uploads\/BD362425_01-1.jpg","type":"image\/jpeg"}],"twitter_card":"summary_large_image","schema":{"@context":"https:\/\/schema.org","@graph":[{"@type":"WebPage","@id":"https:\/\/bodur.com.tr\/urun\/bd-36-24-25-malzeme-dolabi","url":"https:\/\/bodur.com.tr\/urun\/bd-36-24-25-malzeme-dolabi","name":"BD.36.24.25 Malzeme Dolab\u0131","isPartOf":{"@id":"https:\/\/bodur.com.tr\/#website"},"primaryImageOfPage":{"@id":"https:\/\/bodur.com.tr\/urun\/bd-36-24-25-malzeme-dolabi#primaryimage"},"image":{"@id":"https:\/\/bodur.com.tr\/urun\/bd-36-24-25-malzeme-dolabi#primaryimage"},"thumbnailUrl":"https:\/\/bodur.com.tr\/wp-content\/uploads\/BD362425_01-1.jpg","datePublished":"2022-08-31T19:33:19+00:00","dateModified":"2025-06-29T14:27:52+00:00","breadcrumb":{"@id":"https:\/\/bodur.com.tr\/urun\/bd-36-24-25-malzeme-dolabi#breadcrumb"},"inLanguage":"lt-LT","potentialAction":[{"@type":"ReadAction","target":["https:\/\/bodur.com.tr\/urun\/bd-36-24-25-malzeme-dolabi"]}]},{"@type":"ImageObject","inLanguage":"lt-LT","@id":"https:\/\/bodur.com.tr\/urun\/bd-36-24-25-malzeme-dolabi#primaryimage","url":"https:\/\/bodur.com.tr\/wp-content\/uploads\/BD362425_01-1.jpg","contentUrl":"https:\/\/bodur.com.tr\/wp-content\/uploads\/BD362425_01-1.jpg","width":2480,"height":2480,"caption":"BD362425 Malzeme Dolab\u0131"},{"@type":"BreadcrumbList","@id":"https:\/\/bodur.com.tr\/urun\/bd-36-24-25-malzeme-dolabi#breadcrumb","itemListElement":[{"@type":"ListItem","position":1,"name":"Anasayfa","item":"https:\/\/bodur.com.tr\/"},{"@type":"ListItem","position":2,"name":"\u00dcr\u00fcnler","item":"https:\/\/bodur.com.tr\/magaza"},{"@type":"ListItem","position":3,"name":"BD.36.24.25 Malzeme Dolab\u0131"}]},{"@type":"WebSite","@id":"https:\/\/bodur.com.tr\/#website","url":"https:\/\/bodur.com.tr\/","name":"Bodur Industrial","description":"","publisher":{"@id":"https:\/\/bodur.com.tr\/#organization"},"potentialAction":[{"@type":"SearchAction","target":{"@type":"EntryPoint","urlTemplate":"https:\/\/bodur.com.tr\/?s={search_term_string}"},"query-input":{"@type":"PropertyValueSpecification","valueRequired":true,"valueName":"search_term_string"}}],"inLanguage":"lt-LT"},{"@type":"Organization","@id":"https:\/\/bodur.com.tr\/#organization","name":"Bodur Industrial","url":"https:\/\/bodur.com.tr\/","logo":{"@type":"ImageObject","inLanguage":"lt-LT","@id":"https:\/\/bodur.com.tr\/#\/schema\/logo\/image\/","url":"https:\/\/bodur.com.tr\/wp-content\/uploads\/51834268_258721005017375_5556593430731161600_n.jpg","contentUrl":"https:\/\/bodur.com.tr\/wp-content\/uploads\/51834268_258721005017375_5556593430731161600_n.jpg","width":320,"height":320,"caption":"Bodur End\u00fcstriyel"},"image":{"@id":"https:\/\/bodur.com.tr\/#\/schema\/logo\/image\/"},"sameAs":["https:\/\/www.facebook.com\/bodurendustriyel","https:\/\/www.instagram.com\/bodurendustriyel\/","https:\/\/www.youtube.com\/user\/harunbodur"]}]}},"_links":{"self":[{"href":"https:\/\/bodur.com.tr\/lt\/wp-json\/wp\/v2\/product\/15405","targetHints":{"allow":["GET"]}}],"collection":[{"href":"https:\/\/bodur.com.tr\/lt\/wp-json\/wp\/v2\/product"}],"about":[{"href":"https:\/\/bodur.com.tr\/lt\/wp-json\/wp\/v2\/types\/product"}],"wp:featuredmedia":[{"embeddable":true,"href":"https:\/\/bodur.com.tr\/lt\/wp-json\/wp\/v2\/media\/40448"}],"wp:attachment":[{"href":"https:\/\/bodur.com.tr\/lt\/wp-json\/wp\/v2\/media?parent=15405"}],"wp:term":[{"taxonomy":"product_brand","embeddable":true,"href":"https:\/\/bodur.com.tr\/lt\/wp-json\/wp\/v2\/product_brand?post=15405"},{"taxonomy":"product_cat","embeddable":true,"href":"https:\/\/bodur.com.tr\/lt\/wp-json\/wp\/v2\/product_cat?post=15405"},{"taxonomy":"product_tag","embeddable":true,"href":"https:\/\/bodur.com.tr\/lt\/wp-json\/wp\/v2\/product_tag?post=15405"}],"curies":[{"name":"wp","href":"https:\/\/api.w.org\/{rel}","templated":true}]}}