{"id":1475,"date":"2020-08-12T00:00:00","date_gmt":"2020-08-11T21:00:00","guid":{"rendered":"https:\/\/bodur.com.tr\/urun\/tekerlekli-calisma-tezgahi-bd-36-15-65"},"modified":"2026-03-22T14:28:54","modified_gmt":"2026-03-22T11:28:54","slug":"tekerlekli-calisma-tezgahi-bd-36-15-65","status":"publish","type":"product","link":"https:\/\/bodur.com.tr\/lt\/urun\/tekerlekli-calisma-tezgahi-bd-36-15-65","title":{"rendered":"BD.36.15.65"},"content":{"rendered":"","protected":false},"excerpt":{"rendered":"<p><span style=\"color: #275da4; font-size: 20px; letter-spacing: -0.3px; font-weight: 500; line-height: 26px;\"> End\u00fcstriyel ortamlarda g\u00fcvenilir ve dayan\u0131kl\u0131 bir \u00e7\u00f6z\u00fcm olarak geli\u015ftirilen 36.15.65, kurumsal ihtiya\u00e7lar\u0131 etkin \u00f6zelliklere sahip fonksiyonel bir tasar\u0131mda birle\u015ftiriyor. <\/span><\/p>\n<hr \/>\n<ul>\n<li>H2050xW1400xD730 mm boyutlar\u0131nda.<\/li>\n<li>Aksesuarlar hari\u00e7 158 kg.<\/li>\n<li>DKP ir HRP lak\u0161tinio metalo med\u017eiagos.<\/li>\n<li>Elektrostatik toz boya.<\/li>\n<li>RAL7016 (Antrasit gri) ve RAL7035 (A\u00e7\u0131k gri)(De\u011fi\u015ftirilebilir)<\/li>\n<li>H950xW1340 mm delikli pano \u00f6l\u00e7\u00fcs\u00fc.<\/li>\n<li>W1340xD250 mm pano raf\u0131<\/li>\n<li>W1400xD690 Tabla \u00f6l\u00e7\u00fcs\u00fc<\/li>\n<li>Standart 30 mm MDF + 2 mm PVC Kaplama tabla.(De\u011fi\u015ftirilebilir)<\/li>\n<li>2 adet kapakl\u0131 220 V toprakl\u0131 priz. (IP44 Koruma S\u0131n\u0131f\u0131)<\/li>\n<li>LED Ayd\u0131nlatma (1x14W Anahtarl\u0131 Led Band Armat\u00fcr)<\/li>\n<\/ul>","protected":false},"featured_media":40932,"template":"","meta":[],"product_brand":[],"product_cat":[166],"product_tag":[],"class_list":{"0":"post-1475","1":"product","2":"type-product","3":"status-publish","4":"has-post-thumbnail","6":"product_cat-proline-calisma-tezgahlari","8":"first","9":"instock","10":"shipping-taxable","11":"product-type-simple"},"yoast_head":"<!-- This site is optimized with the Yoast SEO plugin v27.4 - https:\/\/yoast.com\/product\/yoast-seo-wordpress\/ -->\n<title>BD.36.15.65<\/title>\n<meta name=\"robots\" content=\"index, follow, max-snippet:-1, max-image-preview:large, max-video-preview:-1\" \/>\n<link rel=\"canonical\" href=\"https:\/\/bodur.com.tr\/lt\/product\/tekerlekli-calisma-tezgahi-bd-36-15-65\/\" \/>\n<meta property=\"og:locale\" content=\"lt_LT\" \/>\n<meta property=\"og:type\" content=\"article\" \/>\n<meta property=\"og:title\" content=\"BD.36.15.65\" \/>\n<meta property=\"og:description\" content=\"End\u00fcstriyel ortamlarda g\u00fcvenilir ve dayan\u0131kl\u0131 bir \u00e7\u00f6z\u00fcm olarak geli\u015ftirilen 36.15.65, kurumsal ihtiya\u00e7lar\u0131 etkin \u00f6zelliklere sahip fonksiyonel bir tasar\u0131mda birle\u015ftiriyor.       H2050xW1400xD730 mm boyutlar\u0131nda.  Aksesuarlar hari\u00e7 158 kg.  DKP ve HRP sac malzeme.  Elektrostatik toz boya.  RAL7016 (Antrasit gri) ve RAL7035 (A\u00e7\u0131k gri)(De\u011fi\u015ftirilebilir)  H950xW1340 mm delikli pano \u00f6l\u00e7\u00fcs\u00fc.  W1340xD250 mm pano raf\u0131  W1400xD690 Tabla \u00f6l\u00e7\u00fcs\u00fc  Standart 30 mm MDF + 2 mm PVC Kaplama tabla.(De\u011fi\u015ftirilebilir)  2 adet kapakl\u0131 220 V toprakl\u0131 priz. (IP44 Koruma S\u0131n\u0131f\u0131)  LED Ayd\u0131nlatma (1x14W Anahtarl\u0131 Led Band Armat\u00fcr)\" \/>\n<meta property=\"og:url\" content=\"https:\/\/bodur.com.tr\/lt\/product\/tekerlekli-calisma-tezgahi-bd-36-15-65\/\" \/>\n<meta property=\"og:site_name\" content=\"Bodur End\u00fcstriyel\" \/>\n<meta property=\"article:publisher\" content=\"https:\/\/www.facebook.com\/bodurendustriyel\" \/>\n<meta property=\"article:modified_time\" content=\"2026-03-22T11:28:54+00:00\" \/>\n<meta property=\"og:image\" content=\"https:\/\/bodur.com.tr\/wp-content\/uploads\/BT361565_Calisma_Masasi_H2080xW1400xD730_01.RGB_color.jpg\" \/>\n\t<meta property=\"og:image:width\" content=\"2480\" \/>\n\t<meta property=\"og:image:height\" content=\"2480\" \/>\n\t<meta property=\"og:image:type\" content=\"image\/jpeg\" \/>\n<meta name=\"twitter:card\" content=\"summary_large_image\" \/>\n<script type=\"application\/ld+json\" class=\"yoast-schema-graph\">{\"@context\":\"https:\\\/\\\/schema.org\",\"@graph\":[{\"@type\":\"WebPage\",\"@id\":\"https:\\\/\\\/bodur.com.tr\\\/urun\\\/tekerlekli-calisma-tezgahi-bd-36-15-65\",\"url\":\"https:\\\/\\\/bodur.com.tr\\\/urun\\\/tekerlekli-calisma-tezgahi-bd-36-15-65\",\"name\":\"BD.36.15.65\",\"isPartOf\":{\"@id\":\"https:\\\/\\\/bodur.com.tr\\\/#website\"},\"primaryImageOfPage\":{\"@id\":\"https:\\\/\\\/bodur.com.tr\\\/urun\\\/tekerlekli-calisma-tezgahi-bd-36-15-65#primaryimage\"},\"image\":{\"@id\":\"https:\\\/\\\/bodur.com.tr\\\/urun\\\/tekerlekli-calisma-tezgahi-bd-36-15-65#primaryimage\"},\"thumbnailUrl\":\"https:\\\/\\\/bodur.com.tr\\\/wp-content\\\/uploads\\\/BT361565_Calisma_Masasi_H2080xW1400xD730_01.RGB_color.jpg\",\"datePublished\":\"2020-08-11T21:00:00+00:00\",\"dateModified\":\"2026-03-22T11:28:54+00:00\",\"breadcrumb\":{\"@id\":\"https:\\\/\\\/bodur.com.tr\\\/urun\\\/tekerlekli-calisma-tezgahi-bd-36-15-65#breadcrumb\"},\"inLanguage\":\"lt-LT\",\"potentialAction\":[{\"@type\":\"ReadAction\",\"target\":[\"https:\\\/\\\/bodur.com.tr\\\/urun\\\/tekerlekli-calisma-tezgahi-bd-36-15-65\"]}]},{\"@type\":\"ImageObject\",\"inLanguage\":\"lt-LT\",\"@id\":\"https:\\\/\\\/bodur.com.tr\\\/urun\\\/tekerlekli-calisma-tezgahi-bd-36-15-65#primaryimage\",\"url\":\"https:\\\/\\\/bodur.com.tr\\\/wp-content\\\/uploads\\\/BT361565_Calisma_Masasi_H2080xW1400xD730_01.RGB_color.jpg\",\"contentUrl\":\"https:\\\/\\\/bodur.com.tr\\\/wp-content\\\/uploads\\\/BT361565_Calisma_Masasi_H2080xW1400xD730_01.RGB_color.jpg\",\"width\":2480,\"height\":2480,\"caption\":\"BD.36.15.65 \u00e7al\u0131\u015fma tezgah\u0131\"},{\"@type\":\"BreadcrumbList\",\"@id\":\"https:\\\/\\\/bodur.com.tr\\\/urun\\\/tekerlekli-calisma-tezgahi-bd-36-15-65#breadcrumb\",\"itemListElement\":[{\"@type\":\"ListItem\",\"position\":1,\"name\":\"Anasayfa\",\"item\":\"https:\\\/\\\/bodur.com.tr\\\/\"},{\"@type\":\"ListItem\",\"position\":2,\"name\":\"\u00dcr\u00fcnler\",\"item\":\"https:\\\/\\\/bodur.com.tr\\\/magaza\"},{\"@type\":\"ListItem\",\"position\":3,\"name\":\"BD.36.15.65\"}]},{\"@type\":\"WebSite\",\"@id\":\"https:\\\/\\\/bodur.com.tr\\\/#website\",\"url\":\"https:\\\/\\\/bodur.com.tr\\\/\",\"name\":\"Bodur End\u00fcstriyel\",\"description\":\"\",\"publisher\":{\"@id\":\"https:\\\/\\\/bodur.com.tr\\\/#organization\"},\"potentialAction\":[{\"@type\":\"SearchAction\",\"target\":{\"@type\":\"EntryPoint\",\"urlTemplate\":\"https:\\\/\\\/bodur.com.tr\\\/?s={search_term_string}\"},\"query-input\":{\"@type\":\"PropertyValueSpecification\",\"valueRequired\":true,\"valueName\":\"search_term_string\"}}],\"inLanguage\":\"lt-LT\"},{\"@type\":\"Organization\",\"@id\":\"https:\\\/\\\/bodur.com.tr\\\/#organization\",\"name\":\"Bodur End\u00fcstriyel\",\"url\":\"https:\\\/\\\/bodur.com.tr\\\/\",\"logo\":{\"@type\":\"ImageObject\",\"inLanguage\":\"lt-LT\",\"@id\":\"https:\\\/\\\/bodur.com.tr\\\/#\\\/schema\\\/logo\\\/image\\\/\",\"url\":\"https:\\\/\\\/bodur.com.tr\\\/wp-content\\\/uploads\\\/51834268_258721005017375_5556593430731161600_n.jpg\",\"contentUrl\":\"https:\\\/\\\/bodur.com.tr\\\/wp-content\\\/uploads\\\/51834268_258721005017375_5556593430731161600_n.jpg\",\"width\":320,\"height\":320,\"caption\":\"Bodur End\u00fcstriyel\"},\"image\":{\"@id\":\"https:\\\/\\\/bodur.com.tr\\\/#\\\/schema\\\/logo\\\/image\\\/\"},\"sameAs\":[\"https:\\\/\\\/www.facebook.com\\\/bodurendustriyel\",\"https:\\\/\\\/www.instagram.com\\\/bodurendustriyel\\\/\",\"https:\\\/\\\/www.youtube.com\\\/user\\\/harunbodur\"]}]}<\/script>\n<!-- \/ Yoast SEO plugin. -->","yoast_head_json":{"title":"BD.36.15.65","robots":{"index":"index","follow":"follow","max-snippet":"max-snippet:-1","max-image-preview":"max-image-preview:large","max-video-preview":"max-video-preview:-1"},"canonical":"https:\/\/bodur.com.tr\/lt\/product\/tekerlekli-calisma-tezgahi-bd-36-15-65\/","og_locale":"lt_LT","og_type":"article","og_title":"BD.36.15.65","og_description":"End\u00fcstriyel ortamlarda g\u00fcvenilir ve dayan\u0131kl\u0131 bir \u00e7\u00f6z\u00fcm olarak geli\u015ftirilen 36.15.65, kurumsal ihtiya\u00e7lar\u0131 etkin \u00f6zelliklere sahip fonksiyonel bir tasar\u0131mda birle\u015ftiriyor.       H2050xW1400xD730 mm boyutlar\u0131nda.  Aksesuarlar hari\u00e7 158 kg.  DKP ve HRP sac malzeme.  Elektrostatik toz boya.  RAL7016 (Antrasit gri) ve RAL7035 (A\u00e7\u0131k gri)(De\u011fi\u015ftirilebilir)  H950xW1340 mm delikli pano \u00f6l\u00e7\u00fcs\u00fc.  W1340xD250 mm pano raf\u0131  W1400xD690 Tabla \u00f6l\u00e7\u00fcs\u00fc  Standart 30 mm MDF + 2 mm PVC Kaplama tabla.(De\u011fi\u015ftirilebilir)  2 adet kapakl\u0131 220 V toprakl\u0131 priz. (IP44 Koruma S\u0131n\u0131f\u0131)  LED Ayd\u0131nlatma (1x14W Anahtarl\u0131 Led Band Armat\u00fcr)","og_url":"https:\/\/bodur.com.tr\/lt\/product\/tekerlekli-calisma-tezgahi-bd-36-15-65\/","og_site_name":"Bodur End\u00fcstriyel","article_publisher":"https:\/\/www.facebook.com\/bodurendustriyel","article_modified_time":"2026-03-22T11:28:54+00:00","og_image":[{"width":2480,"height":2480,"url":"https:\/\/bodur.com.tr\/wp-content\/uploads\/BT361565_Calisma_Masasi_H2080xW1400xD730_01.RGB_color.jpg","type":"image\/jpeg"}],"twitter_card":"summary_large_image","schema":{"@context":"https:\/\/schema.org","@graph":[{"@type":"WebPage","@id":"https:\/\/bodur.com.tr\/urun\/tekerlekli-calisma-tezgahi-bd-36-15-65","url":"https:\/\/bodur.com.tr\/urun\/tekerlekli-calisma-tezgahi-bd-36-15-65","name":"BD.36.15.65","isPartOf":{"@id":"https:\/\/bodur.com.tr\/#website"},"primaryImageOfPage":{"@id":"https:\/\/bodur.com.tr\/urun\/tekerlekli-calisma-tezgahi-bd-36-15-65#primaryimage"},"image":{"@id":"https:\/\/bodur.com.tr\/urun\/tekerlekli-calisma-tezgahi-bd-36-15-65#primaryimage"},"thumbnailUrl":"https:\/\/bodur.com.tr\/wp-content\/uploads\/BT361565_Calisma_Masasi_H2080xW1400xD730_01.RGB_color.jpg","datePublished":"2020-08-11T21:00:00+00:00","dateModified":"2026-03-22T11:28:54+00:00","breadcrumb":{"@id":"https:\/\/bodur.com.tr\/urun\/tekerlekli-calisma-tezgahi-bd-36-15-65#breadcrumb"},"inLanguage":"lt-LT","potentialAction":[{"@type":"ReadAction","target":["https:\/\/bodur.com.tr\/urun\/tekerlekli-calisma-tezgahi-bd-36-15-65"]}]},{"@type":"ImageObject","inLanguage":"lt-LT","@id":"https:\/\/bodur.com.tr\/urun\/tekerlekli-calisma-tezgahi-bd-36-15-65#primaryimage","url":"https:\/\/bodur.com.tr\/wp-content\/uploads\/BT361565_Calisma_Masasi_H2080xW1400xD730_01.RGB_color.jpg","contentUrl":"https:\/\/bodur.com.tr\/wp-content\/uploads\/BT361565_Calisma_Masasi_H2080xW1400xD730_01.RGB_color.jpg","width":2480,"height":2480,"caption":"BD.36.15.65 \u00e7al\u0131\u015fma tezgah\u0131"},{"@type":"BreadcrumbList","@id":"https:\/\/bodur.com.tr\/urun\/tekerlekli-calisma-tezgahi-bd-36-15-65#breadcrumb","itemListElement":[{"@type":"ListItem","position":1,"name":"Anasayfa","item":"https:\/\/bodur.com.tr\/"},{"@type":"ListItem","position":2,"name":"\u00dcr\u00fcnler","item":"https:\/\/bodur.com.tr\/magaza"},{"@type":"ListItem","position":3,"name":"BD.36.15.65"}]},{"@type":"WebSite","@id":"https:\/\/bodur.com.tr\/#website","url":"https:\/\/bodur.com.tr\/","name":"Bodur Industrial","description":"","publisher":{"@id":"https:\/\/bodur.com.tr\/#organization"},"potentialAction":[{"@type":"SearchAction","target":{"@type":"EntryPoint","urlTemplate":"https:\/\/bodur.com.tr\/?s={search_term_string}"},"query-input":{"@type":"PropertyValueSpecification","valueRequired":true,"valueName":"search_term_string"}}],"inLanguage":"lt-LT"},{"@type":"Organization","@id":"https:\/\/bodur.com.tr\/#organization","name":"Bodur Industrial","url":"https:\/\/bodur.com.tr\/","logo":{"@type":"ImageObject","inLanguage":"lt-LT","@id":"https:\/\/bodur.com.tr\/#\/schema\/logo\/image\/","url":"https:\/\/bodur.com.tr\/wp-content\/uploads\/51834268_258721005017375_5556593430731161600_n.jpg","contentUrl":"https:\/\/bodur.com.tr\/wp-content\/uploads\/51834268_258721005017375_5556593430731161600_n.jpg","width":320,"height":320,"caption":"Bodur End\u00fcstriyel"},"image":{"@id":"https:\/\/bodur.com.tr\/#\/schema\/logo\/image\/"},"sameAs":["https:\/\/www.facebook.com\/bodurendustriyel","https:\/\/www.instagram.com\/bodurendustriyel\/","https:\/\/www.youtube.com\/user\/harunbodur"]}]}},"_links":{"self":[{"href":"https:\/\/bodur.com.tr\/lt\/wp-json\/wp\/v2\/product\/1475","targetHints":{"allow":["GET"]}}],"collection":[{"href":"https:\/\/bodur.com.tr\/lt\/wp-json\/wp\/v2\/product"}],"about":[{"href":"https:\/\/bodur.com.tr\/lt\/wp-json\/wp\/v2\/types\/product"}],"wp:featuredmedia":[{"embeddable":true,"href":"https:\/\/bodur.com.tr\/lt\/wp-json\/wp\/v2\/media\/40932"}],"wp:attachment":[{"href":"https:\/\/bodur.com.tr\/lt\/wp-json\/wp\/v2\/media?parent=1475"}],"wp:term":[{"taxonomy":"product_brand","embeddable":true,"href":"https:\/\/bodur.com.tr\/lt\/wp-json\/wp\/v2\/product_brand?post=1475"},{"taxonomy":"product_cat","embeddable":true,"href":"https:\/\/bodur.com.tr\/lt\/wp-json\/wp\/v2\/product_cat?post=1475"},{"taxonomy":"product_tag","embeddable":true,"href":"https:\/\/bodur.com.tr\/lt\/wp-json\/wp\/v2\/product_tag?post=1475"}],"curies":[{"name":"wp","href":"https:\/\/api.w.org\/{rel}","templated":true}]}}