{"id":16688,"date":"2024-03-19T22:59:11","date_gmt":"2024-03-19T19:59:11","guid":{"rendered":"https:\/\/bodur.com.tr\/?post_type=product&#038;p=16688"},"modified":"2024-03-21T11:15:22","modified_gmt":"2024-03-21T08:15:22","slug":"bd-36-80-01","status":"publish","type":"product","link":"https:\/\/bodur.com.tr\/hu\/urun\/bd-36-80-01","title":{"rendered":"BD.36.80.01"},"content":{"rendered":"<p>36.80.01 model Ecoline \u00c7al\u0131\u015fma Tezgah\u0131, \u00e7e\u015fitli end\u00fcstriyel ve hobi alanlar\u0131nda kullan\u0131m i\u00e7in tasarlanm\u0131\u015f bir \u00fcr\u00fcnd\u00fcr. Sa\u011flam yap\u0131s\u0131yla at\u00f6lyelerde, oto servislerinde ve ev at\u00f6lyelerinde yayg\u0131n olarak tercih edilmektedir. Tezgah, dayan\u0131kl\u0131 DKP ve HRP sac malzemeden imal edilmi\u015ftir ve elektrostatik toz boya ile kaplanm\u0131\u015ft\u0131r. Bu kaplama, tezgah\u0131n uzun s\u00fcre dayan\u0131kl\u0131l\u0131\u011f\u0131n\u0131 ve estetik g\u00f6r\u00fcn\u00fcm\u00fcn\u00fc korumas\u0131na yard\u0131mc\u0131 olur. M\u00fc\u015fterilere iki renk se\u00e7ene\u011fi sunulmaktad\u0131r: Antrasit gri (RAL7016) ve Gri (RAL7011).<\/p>\n<p>H675xW1050xD30mm \u00f6l\u00e7\u00fclerinde delikli pano, i\u015f par\u00e7alar\u0131n\u0131 d\u00fczenli bir \u015fekilde saklamak i\u00e7in idealdir. Ayr\u0131ca, \u00e7al\u0131\u015fma alan\u0131n\u0131 geni\u015fletmek i\u00e7in W1200xD670 tablas\u0131 bulunmaktad\u0131r. Bu tabla, 30 mm kal\u0131nl\u0131\u011f\u0131ndaki y\u00fcksek kaliteli HAM MDF malzemesinden \u00fcretilmi\u015ftir.<\/p>\n<p>Tezgah, LED ayd\u0131nlatma (Led Armat\u00fcr 900) ile donat\u0131lm\u0131\u015ft\u0131r, b\u00f6ylece kullan\u0131c\u0131lar i\u015flerini net bir \u015fekilde g\u00f6rebilirler.<\/p>","protected":false},"excerpt":{"rendered":"<p>36.80.01 model Ecoline \u00c7al\u0131\u015fma Tezgah\u0131, k\u00fc\u00e7\u00fck ve orta \u00f6l\u00e7ekli i\u015fletmeler, at\u00f6lyeler, oto servisleri ve hobi ama\u00e7l\u0131 kullan\u0131m i\u00e7in ideal bir \u00e7\u00f6z\u00fcm olup, 90 kg a\u011f\u0131rl\u0131\u011f\u0131ndad\u0131r.<\/p>\n<p><strong>Term\u00e9kle\u00edr\u00e1s:\u00a0<\/strong><\/p>\n<ul>\n<li>Aksesuarlar hari\u00e7 90 kg.<\/li>\n<li>DKP \u00e9s HRP lemezanyagok.<\/li>\n<li>Elektrosztatikus porbevonat \/ RAL7016 (antracitsz\u00fcrke) \u00e9s RAL7011 (sz\u00fcrke) (V\u00e1ltoz\u00e1s jog\u00e1t fenntartjuk.)<\/li>\n<li>H675xW1050xD30mm \u00f6l\u00e7\u00fclerinde delikli pano x1<\/li>\n<li>W1200xD670 Tabla \u00f6l\u00e7\u00fcs\u00fc \/ 30 mm HAM MDF<\/li>\n<li>LED vil\u00e1g\u00edt\u00e1s (LED l\u00e1mpatest 900)<\/li>\n<li>Opcion\u00e1lis t\u00e1pcsatlakoz\u00f3k hozz\u00e1adhat\u00f3k vagy elt\u00e1vol\u00edthat\u00f3k.<\/li>\n<\/ul>","protected":false},"featured_media":16690,"template":"","meta":[],"product_brand":[],"product_cat":[203],"product_tag":[],"class_list":{"0":"post-16688","1":"product","2":"type-product","3":"status-publish","4":"has-post-thumbnail","6":"product_cat-ecoline-calisma-tezgahlari","8":"first","9":"instock","10":"shipping-taxable","11":"product-type-simple"},"yoast_head":"<!-- This site is optimized with the Yoast SEO plugin v27.4 - https:\/\/yoast.com\/product\/yoast-seo-wordpress\/ -->\n<title>BD.36.80.01<\/title>\n<meta name=\"robots\" content=\"index, follow, max-snippet:-1, max-image-preview:large, max-video-preview:-1\" \/>\n<link rel=\"canonical\" href=\"https:\/\/bodur.com.tr\/hu\/product\/bd-36-80-01\/\" \/>\n<meta property=\"og:locale\" content=\"hu_HU\" \/>\n<meta property=\"og:type\" content=\"article\" \/>\n<meta property=\"og:title\" content=\"BD.36.80.01\" \/>\n<meta property=\"og:description\" content=\"36.80.01 model Ecoline \u00c7al\u0131\u015fma Tezgah\u0131, k\u00fc\u00e7\u00fck ve orta \u00f6l\u00e7ekli i\u015fletmeler, at\u00f6lyeler, oto servisleri ve hobi ama\u00e7l\u0131 kullan\u0131m i\u00e7in ideal bir \u00e7\u00f6z\u00fcm olup, 90 kg a\u011f\u0131rl\u0131\u011f\u0131ndad\u0131r.  \u00dcr\u00fcn a\u00e7\u0131klamas\u0131:\u00a0   Aksesuarlar hari\u00e7 90 kg.  DKP ve HRP sac malzeme.  Elektrostatik toz boya \/ RAL7016 (Antrasit gri) ve RAL7011(Gri)(De\u011fi\u015ftirilebilir.)  H675xW1050xD30mm \u00f6l\u00e7\u00fclerinde delikli pano x1  W1200xD670 Tabla \u00f6l\u00e7\u00fcs\u00fc \/ 30 mm HAM MDF  LED Ayd\u0131nlatma (Led Armat\u00fcr 900)  Opsiyonel olarak priz eklenebilir veya \u00e7\u0131kart\u0131labilir.\" \/>\n<meta property=\"og:url\" content=\"https:\/\/bodur.com.tr\/hu\/product\/bd-36-80-01\/\" \/>\n<meta property=\"og:site_name\" content=\"Bodur End\u00fcstriyel\" \/>\n<meta property=\"article:publisher\" content=\"https:\/\/www.facebook.com\/bodurendustriyel\" \/>\n<meta property=\"article:modified_time\" content=\"2024-03-21T08:15:22+00:00\" \/>\n<meta property=\"og:image\" content=\"https:\/\/bodur.com.tr\/wp-content\/uploads\/BD-36-80-01-ecoline-calisma-tezgahi-1.jpg\" \/>\n\t<meta property=\"og:image:width\" content=\"1280\" \/>\n\t<meta property=\"og:image:height\" content=\"1280\" \/>\n\t<meta property=\"og:image:type\" content=\"image\/jpeg\" \/>\n<meta name=\"twitter:card\" content=\"summary_large_image\" \/>\n<script type=\"application\/ld+json\" class=\"yoast-schema-graph\">{\"@context\":\"https:\\\/\\\/schema.org\",\"@graph\":[{\"@type\":\"WebPage\",\"@id\":\"https:\\\/\\\/bodur.com.tr\\\/urun\\\/bd-36-80-01\",\"url\":\"https:\\\/\\\/bodur.com.tr\\\/urun\\\/bd-36-80-01\",\"name\":\"BD.36.80.01\",\"isPartOf\":{\"@id\":\"https:\\\/\\\/bodur.com.tr\\\/#website\"},\"primaryImageOfPage\":{\"@id\":\"https:\\\/\\\/bodur.com.tr\\\/urun\\\/bd-36-80-01#primaryimage\"},\"image\":{\"@id\":\"https:\\\/\\\/bodur.com.tr\\\/urun\\\/bd-36-80-01#primaryimage\"},\"thumbnailUrl\":\"https:\\\/\\\/bodur.com.tr\\\/wp-content\\\/uploads\\\/BD-36-80-01-ecoline-calisma-tezgahi-1.jpg\",\"datePublished\":\"2024-03-19T19:59:11+00:00\",\"dateModified\":\"2024-03-21T08:15:22+00:00\",\"breadcrumb\":{\"@id\":\"https:\\\/\\\/bodur.com.tr\\\/urun\\\/bd-36-80-01#breadcrumb\"},\"inLanguage\":\"hu\",\"potentialAction\":[{\"@type\":\"ReadAction\",\"target\":[\"https:\\\/\\\/bodur.com.tr\\\/urun\\\/bd-36-80-01\"]}]},{\"@type\":\"ImageObject\",\"inLanguage\":\"hu\",\"@id\":\"https:\\\/\\\/bodur.com.tr\\\/urun\\\/bd-36-80-01#primaryimage\",\"url\":\"https:\\\/\\\/bodur.com.tr\\\/wp-content\\\/uploads\\\/BD-36-80-01-ecoline-calisma-tezgahi-1.jpg\",\"contentUrl\":\"https:\\\/\\\/bodur.com.tr\\\/wp-content\\\/uploads\\\/BD-36-80-01-ecoline-calisma-tezgahi-1.jpg\",\"width\":1280,\"height\":1280,\"caption\":\"BD.36.80.01 Ecoline \u00e7al\u0131\u015fma tezgah\u0131\"},{\"@type\":\"BreadcrumbList\",\"@id\":\"https:\\\/\\\/bodur.com.tr\\\/urun\\\/bd-36-80-01#breadcrumb\",\"itemListElement\":[{\"@type\":\"ListItem\",\"position\":1,\"name\":\"Anasayfa\",\"item\":\"https:\\\/\\\/bodur.com.tr\\\/\"},{\"@type\":\"ListItem\",\"position\":2,\"name\":\"\u00dcr\u00fcnler\",\"item\":\"https:\\\/\\\/bodur.com.tr\\\/magaza\"},{\"@type\":\"ListItem\",\"position\":3,\"name\":\"BD.36.80.01\"}]},{\"@type\":\"WebSite\",\"@id\":\"https:\\\/\\\/bodur.com.tr\\\/#website\",\"url\":\"https:\\\/\\\/bodur.com.tr\\\/\",\"name\":\"Bodur End\u00fcstriyel\",\"description\":\"\",\"publisher\":{\"@id\":\"https:\\\/\\\/bodur.com.tr\\\/#organization\"},\"potentialAction\":[{\"@type\":\"SearchAction\",\"target\":{\"@type\":\"EntryPoint\",\"urlTemplate\":\"https:\\\/\\\/bodur.com.tr\\\/?s={search_term_string}\"},\"query-input\":{\"@type\":\"PropertyValueSpecification\",\"valueRequired\":true,\"valueName\":\"search_term_string\"}}],\"inLanguage\":\"hu\"},{\"@type\":\"Organization\",\"@id\":\"https:\\\/\\\/bodur.com.tr\\\/#organization\",\"name\":\"Bodur End\u00fcstriyel\",\"url\":\"https:\\\/\\\/bodur.com.tr\\\/\",\"logo\":{\"@type\":\"ImageObject\",\"inLanguage\":\"hu\",\"@id\":\"https:\\\/\\\/bodur.com.tr\\\/#\\\/schema\\\/logo\\\/image\\\/\",\"url\":\"https:\\\/\\\/bodur.com.tr\\\/wp-content\\\/uploads\\\/51834268_258721005017375_5556593430731161600_n.jpg\",\"contentUrl\":\"https:\\\/\\\/bodur.com.tr\\\/wp-content\\\/uploads\\\/51834268_258721005017375_5556593430731161600_n.jpg\",\"width\":320,\"height\":320,\"caption\":\"Bodur End\u00fcstriyel\"},\"image\":{\"@id\":\"https:\\\/\\\/bodur.com.tr\\\/#\\\/schema\\\/logo\\\/image\\\/\"},\"sameAs\":[\"https:\\\/\\\/www.facebook.com\\\/bodurendustriyel\",\"https:\\\/\\\/www.instagram.com\\\/bodurendustriyel\\\/\",\"https:\\\/\\\/www.youtube.com\\\/user\\\/harunbodur\"]}]}<\/script>\n<!-- \/ Yoast SEO plugin. -->","yoast_head_json":{"title":"BD.36.80.01","robots":{"index":"index","follow":"follow","max-snippet":"max-snippet:-1","max-image-preview":"max-image-preview:large","max-video-preview":"max-video-preview:-1"},"canonical":"https:\/\/bodur.com.tr\/hu\/product\/bd-36-80-01\/","og_locale":"hu_HU","og_type":"article","og_title":"BD.36.80.01","og_description":"36.80.01 model Ecoline \u00c7al\u0131\u015fma Tezgah\u0131, k\u00fc\u00e7\u00fck ve orta \u00f6l\u00e7ekli i\u015fletmeler, at\u00f6lyeler, oto servisleri ve hobi ama\u00e7l\u0131 kullan\u0131m i\u00e7in ideal bir \u00e7\u00f6z\u00fcm olup, 90 kg a\u011f\u0131rl\u0131\u011f\u0131ndad\u0131r.  \u00dcr\u00fcn a\u00e7\u0131klamas\u0131:\u00a0   Aksesuarlar hari\u00e7 90 kg.  DKP ve HRP sac malzeme.  Elektrostatik toz boya \/ RAL7016 (Antrasit gri) ve RAL7011(Gri)(De\u011fi\u015ftirilebilir.)  H675xW1050xD30mm \u00f6l\u00e7\u00fclerinde delikli pano x1  W1200xD670 Tabla \u00f6l\u00e7\u00fcs\u00fc \/ 30 mm HAM MDF  LED Ayd\u0131nlatma (Led Armat\u00fcr 900)  Opsiyonel olarak priz eklenebilir veya \u00e7\u0131kart\u0131labilir.","og_url":"https:\/\/bodur.com.tr\/hu\/product\/bd-36-80-01\/","og_site_name":"Bodur End\u00fcstriyel","article_publisher":"https:\/\/www.facebook.com\/bodurendustriyel","article_modified_time":"2024-03-21T08:15:22+00:00","og_image":[{"width":1280,"height":1280,"url":"https:\/\/bodur.com.tr\/wp-content\/uploads\/BD-36-80-01-ecoline-calisma-tezgahi-1.jpg","type":"image\/jpeg"}],"twitter_card":"summary_large_image","schema":{"@context":"https:\/\/schema.org","@graph":[{"@type":"WebPage","@id":"https:\/\/bodur.com.tr\/urun\/bd-36-80-01","url":"https:\/\/bodur.com.tr\/urun\/bd-36-80-01","name":"BD.36.80.01","isPartOf":{"@id":"https:\/\/bodur.com.tr\/#website"},"primaryImageOfPage":{"@id":"https:\/\/bodur.com.tr\/urun\/bd-36-80-01#primaryimage"},"image":{"@id":"https:\/\/bodur.com.tr\/urun\/bd-36-80-01#primaryimage"},"thumbnailUrl":"https:\/\/bodur.com.tr\/wp-content\/uploads\/BD-36-80-01-ecoline-calisma-tezgahi-1.jpg","datePublished":"2024-03-19T19:59:11+00:00","dateModified":"2024-03-21T08:15:22+00:00","breadcrumb":{"@id":"https:\/\/bodur.com.tr\/urun\/bd-36-80-01#breadcrumb"},"inLanguage":"hu","potentialAction":[{"@type":"ReadAction","target":["https:\/\/bodur.com.tr\/urun\/bd-36-80-01"]}]},{"@type":"ImageObject","inLanguage":"hu","@id":"https:\/\/bodur.com.tr\/urun\/bd-36-80-01#primaryimage","url":"https:\/\/bodur.com.tr\/wp-content\/uploads\/BD-36-80-01-ecoline-calisma-tezgahi-1.jpg","contentUrl":"https:\/\/bodur.com.tr\/wp-content\/uploads\/BD-36-80-01-ecoline-calisma-tezgahi-1.jpg","width":1280,"height":1280,"caption":"BD.36.80.01 Ecoline \u00e7al\u0131\u015fma tezgah\u0131"},{"@type":"BreadcrumbList","@id":"https:\/\/bodur.com.tr\/urun\/bd-36-80-01#breadcrumb","itemListElement":[{"@type":"ListItem","position":1,"name":"Anasayfa","item":"https:\/\/bodur.com.tr\/"},{"@type":"ListItem","position":2,"name":"\u00dcr\u00fcnler","item":"https:\/\/bodur.com.tr\/magaza"},{"@type":"ListItem","position":3,"name":"BD.36.80.01"}]},{"@type":"WebSite","@id":"https:\/\/bodur.com.tr\/#website","url":"https:\/\/bodur.com.tr\/","name":"Bodur Industrial","description":"","publisher":{"@id":"https:\/\/bodur.com.tr\/#organization"},"potentialAction":[{"@type":"SearchAction","target":{"@type":"EntryPoint","urlTemplate":"https:\/\/bodur.com.tr\/?s={search_term_string}"},"query-input":{"@type":"PropertyValueSpecification","valueRequired":true,"valueName":"search_term_string"}}],"inLanguage":"hu"},{"@type":"Organization","@id":"https:\/\/bodur.com.tr\/#organization","name":"Bodur Industrial","url":"https:\/\/bodur.com.tr\/","logo":{"@type":"ImageObject","inLanguage":"hu","@id":"https:\/\/bodur.com.tr\/#\/schema\/logo\/image\/","url":"https:\/\/bodur.com.tr\/wp-content\/uploads\/51834268_258721005017375_5556593430731161600_n.jpg","contentUrl":"https:\/\/bodur.com.tr\/wp-content\/uploads\/51834268_258721005017375_5556593430731161600_n.jpg","width":320,"height":320,"caption":"Bodur End\u00fcstriyel"},"image":{"@id":"https:\/\/bodur.com.tr\/#\/schema\/logo\/image\/"},"sameAs":["https:\/\/www.facebook.com\/bodurendustriyel","https:\/\/www.instagram.com\/bodurendustriyel\/","https:\/\/www.youtube.com\/user\/harunbodur"]}]}},"_links":{"self":[{"href":"https:\/\/bodur.com.tr\/hu\/wp-json\/wp\/v2\/product\/16688","targetHints":{"allow":["GET"]}}],"collection":[{"href":"https:\/\/bodur.com.tr\/hu\/wp-json\/wp\/v2\/product"}],"about":[{"href":"https:\/\/bodur.com.tr\/hu\/wp-json\/wp\/v2\/types\/product"}],"wp:featuredmedia":[{"embeddable":true,"href":"https:\/\/bodur.com.tr\/hu\/wp-json\/wp\/v2\/media\/16690"}],"wp:attachment":[{"href":"https:\/\/bodur.com.tr\/hu\/wp-json\/wp\/v2\/media?parent=16688"}],"wp:term":[{"taxonomy":"product_brand","embeddable":true,"href":"https:\/\/bodur.com.tr\/hu\/wp-json\/wp\/v2\/product_brand?post=16688"},{"taxonomy":"product_cat","embeddable":true,"href":"https:\/\/bodur.com.tr\/hu\/wp-json\/wp\/v2\/product_cat?post=16688"},{"taxonomy":"product_tag","embeddable":true,"href":"https:\/\/bodur.com.tr\/hu\/wp-json\/wp\/v2\/product_tag?post=16688"}],"curies":[{"name":"wp","href":"https:\/\/api.w.org\/{rel}","templated":true}]}}