{"id":21470,"date":"2025-05-18T19:07:35","date_gmt":"2025-05-18T16:07:35","guid":{"rendered":"https:\/\/bodur.com.tr\/kvkk-aydinlatma-metni"},"modified":"2025-05-19T21:43:28","modified_gmt":"2025-05-19T18:43:28","slug":"kvkk-szemelyes-adatvedelmi-torveny-tajekoztato-szoveg","status":"publish","type":"page","link":"https:\/\/bodur.com.tr\/hu\/kvkk-aydinlatma-metni","title":{"rendered":"Szem\u00e9lyes Adatv\u00e9delmi T\u00f6rv\u00e9ny (KVKK) t\u00e1j\u00e9koztat\u00f3 sz\u00f6vege"},"content":{"rendered":"<div data-elementor-type=\"wp-page\" data-elementor-id=\"21470\" class=\"elementor elementor-21470\" data-elementor-post-type=\"page\">\n\t\t\t\t<div class=\"elementor-element elementor-element-4a0fde0e e-flex e-con-boxed e-con e-parent\" data-id=\"4a0fde0e\" data-element_type=\"container\" data-e-type=\"container\">\n\t\t\t\t\t<div class=\"e-con-inner\">\n\t\t\t\t<div class=\"elementor-element elementor-element-3ed4148a color-scheme-inherit text-left elementor-widget elementor-widget-text-editor\" data-id=\"3ed4148a\" data-element_type=\"widget\" data-e-type=\"widget\" data-widget_type=\"text-editor.default\">\n\t\t\t\t<div class=\"elementor-widget-container\">\n\t\t\t\t\t\t\t\t\t<h3><span style=\"color: #053c6f;\"><strong>BODUR IPARI F\u00dcLKE RENDSZEREK KORL\u00c1TOLT FELEL\u0150SS\u00c9G\u0170 T\u00c1RSAS\u00c1G T\u00c1J\u00c9KOZTAT\u00d3JA A SZEM\u00c9LYES ADATOK KEZEL\u00c9S\u00c9VEL KAPCSOLATBAN<\/strong><\/span><\/h3>\t\t\t\t\t\t\t\t<\/div>\n\t\t\t\t<\/div>\n\t\t\t\t<div class=\"elementor-element elementor-element-dfb29f7 color-scheme-inherit text-left elementor-widget elementor-widget-text-editor\" data-id=\"dfb29f7\" data-element_type=\"widget\" data-e-type=\"widget\" data-widget_type=\"text-editor.default\">\n\t\t\t\t<div class=\"elementor-widget-container\">\n\t\t\t\t\t\t\t\t\t<div class=\"wpb_text_column wpb_content_element wpb_animate_when_almost_visible wpb_fadeIn fadeIn vc_custom_1610353878440 wpb_start_animation animated\"><div class=\"wpb_wrapper\"><h3>egy) <strong>Adatkezel\u0151 \u00e9s k\u00e9pvisel\u0151<\/strong><\/h3><p>A szem\u00e9lyes adatok v\u00e9delm\u00e9r\u0151l sz\u00f3l\u00f3 6698. sz\u00e1m\u00fa t\u00f6rv\u00e9ny (\u201c6698. sz\u00e1m\u00fa t\u00f6rv\u00e9ny\u201d) \u00e9rtelm\u00e9ben a szem\u00e9lyes adatait a Bodur Industrial Cabin Systems Limited Company (\u201cT\u00e1rsas\u00e1g\u201d vagy \u201cBodur\u201d) adatkezel\u0151k\u00e9nt kezelheti, az al\u00e1bbiakban le\u00edrtak szerint.<\/p><\/div><\/div><div class=\"wpb_text_column wpb_content_element wpb_animate_when_almost_visible wpb_fadeIn fadeIn vc_custom_1610353864087 wpb_start_animation animated\"><div class=\"wpb_wrapper\"><h3>b) <strong>A szem\u00e9lyes adatok feldolgoz\u00e1s\u00e1nak c\u00e9lja<\/strong><\/h3><p>Az \u00d6n \u00e1ltal gy\u0171jt\u00f6tt szem\u00e9lyes adatokat a 6698. sz\u00e1m\u00fa t\u00f6rv\u00e9ny 5. \u00e9s 6. cikk\u00e9ben meghat\u00e1rozott szem\u00e9lyesadat-kezel\u00e9si felt\u00e9telek \u00e9s c\u00e9lok keret\u00e9ben kezelj\u00fck a k\u00f6vetkez\u0151 c\u00e9lokb\u00f3l: a T\u00e1rsas\u00e1g \u00e9s a T\u00e1rsas\u00e1ggal \u00fczleti kapcsolatban \u00e1ll\u00f3 \u00e9rintett szem\u00e9lyek jogi, m\u0171szaki \u00e9s kereskedelmi-\u00fczleti biztons\u00e1g\u00e1nak garant\u00e1l\u00e1sa; a T\u00e1rsas\u00e1g \u00e1ltal k\u00edn\u00e1lt term\u00e9kek \u00e9s szolg\u00e1ltat\u00e1sok szem\u00e9lyre szab\u00e1s\u00e1hoz \u00e9s aj\u00e1nl\u00e1s\u00e1hoz sz\u00fcks\u00e9ges tev\u00e9kenys\u00e9gek megtervez\u00e9se \u00e9s v\u00e9grehajt\u00e1sa az \u00e9rintett szem\u00e9lyek sz\u00e1m\u00e1ra preferenci\u00e1ik, haszn\u00e1lati szok\u00e1saik \u00e9s ig\u00e9nyeik szerint; az \u00fczleti egys\u00e9geink \u00e1ltal v\u00e9gzett sz\u00fcks\u00e9ges munka \u00e9s a vonatkoz\u00f3 \u00fczleti folyamatok v\u00e9grehajt\u00e1sa, hogy az \u00e9rintett szem\u00e9lyek \u00e9lvezhess\u00e9k a T\u00e1rsas\u00e1g \u00e1ltal k\u00edn\u00e1lt term\u00e9kek \u00e9s szolg\u00e1ltat\u00e1sok el\u0151nyeit; a T\u00e1rsas\u00e1g kereskedelmi \u00e9s\/vagy \u00fczleti strat\u00e9gi\u00e1inak megtervez\u00e9se \u00e9s v\u00e9grehajt\u00e1sa; az \u00e9rintett \u00fczleti egys\u00e9geink \u00e1ltal v\u00e9gzett sz\u00fcks\u00e9ges munka \u00e9s a kapcsol\u00f3d\u00f3 \u00fczleti folyamatok v\u00e9grehajt\u00e1sa a T\u00e1rsas\u00e1g kereskedelmi tev\u00e9kenys\u00e9geinek megval\u00f3s\u00edt\u00e1s\u00e1hoz; valamint a T\u00e1rsas\u00e1g hum\u00e1ner\u0151forr\u00e1s-politik\u00e1j\u00e1nak \u00e9s -folyamatainak megtervez\u00e9se \u00e9s v\u00e9grehajt\u00e1sa.<\/p><\/div><\/div><div class=\"wpb_text_column wpb_content_element wpb_animate_when_almost_visible wpb_fadeIn fadeIn vc_custom_1610353873819 wpb_start_animation animated\"><div class=\"wpb_wrapper\"><h3><strong>c) Kinek \u00e9s milyen c\u00e9lb\u00f3l tov\u00e1bb\u00edthat\u00f3k a kezelt szem\u00e9lyes adatok<\/strong><\/h3><p>Az \u00d6n \u00e1ltal gy\u0171jt\u00f6tt szem\u00e9lyes adatokat a 6698. sz\u00e1m\u00fa t\u00f6rv\u00e9ny 8. \u00e9s 9. cikk\u00e9ben meghat\u00e1rozott c\u00e9lok keret\u00e9ben, \u00e9s a fent meghat\u00e1rozott c\u00e9lokra korl\u00e1tozva, a k\u00f6vetkez\u0151 c\u00e9lokra tov\u00e1bb\u00edthatjuk \u00fczleti partnereinknek, besz\u00e1ll\u00edt\u00f3inknak, r\u00e9szv\u00e9nyeseinknek, le\u00e1nyv\u00e1llalatainknak, jogilag felhatalmazott k\u00f6zint\u00e9zm\u00e9nyeknek \u00e9s mag\u00e1nszem\u00e9lyeknek: a T\u00e1rsas\u00e1g \u00e1ltal k\u00edn\u00e1lt term\u00e9kek \u00e9s szolg\u00e1ltat\u00e1sok szem\u00e9lyre szab\u00e1s\u00e1hoz \u00e9s aj\u00e1nl\u00e1s\u00e1hoz sz\u00fcks\u00e9ges tev\u00e9kenys\u00e9gek tervez\u00e9se \u00e9s v\u00e9grehajt\u00e1sa az \u00e9rintett szem\u00e9lyek sz\u00e1m\u00e1ra, preferenci\u00e1ik, haszn\u00e1lati szok\u00e1saik \u00e9s ig\u00e9nyeik szerint; az \u00e9rintett \u00fczleti egys\u00e9geink \u00e1ltal a sz\u00fcks\u00e9ges munk\u00e1k elv\u00e9gz\u00e9se \u00e9s a kapcsol\u00f3d\u00f3 \u00fczleti folyamatok v\u00e9grehajt\u00e1sa a T\u00e1rsas\u00e1g kereskedelmi tev\u00e9kenys\u00e9geinek v\u00e9grehajt\u00e1s\u00e1hoz; az \u00fczleti egys\u00e9geink \u00e1ltal a sz\u00fcks\u00e9ges munk\u00e1k elv\u00e9gz\u00e9se \u00e9s a kapcsol\u00f3d\u00f3 \u00fczleti folyamatok v\u00e9grehajt\u00e1sa annak \u00e9rdek\u00e9ben, hogy az \u00e9rintett szem\u00e9lyek \u00e9lvezhess\u00e9k a T\u00e1rsas\u00e1g \u00e1ltal k\u00edn\u00e1lt term\u00e9keket \u00e9s szolg\u00e1ltat\u00e1sokat; a T\u00e1rsas\u00e1g kereskedelmi \u00e9s\/vagy \u00fczleti strat\u00e9gi\u00e1inak tervez\u00e9se \u00e9s v\u00e9grehajt\u00e1sa; valamint a T\u00e1rsas\u00e1g \u00e9s a T\u00e1rsas\u00e1ggal \u00fczleti kapcsolatban \u00e1ll\u00f3 \u00e9rintett szem\u00e9lyek jogi, m\u0171szaki \u00e9s kereskedelmi-\u00fczleti biztons\u00e1g\u00e1nak garant\u00e1l\u00e1sa.<\/p><\/div><\/div><div class=\"wpb_text_column wpb_content_element wpb_animate_when_almost_visible wpb_fadeIn fadeIn vc_custom_1610353937269 wpb_start_animation animated\"><div class=\"wpb_wrapper\"><h3><strong>c) A szem\u00e9lyes adatok gy\u0171jt\u00e9s\u00e9nek m\u00f3dja \u00e9s jogalapja<\/strong><\/h3><p>Szem\u00e9lyes adatait T\u00e1rsas\u00e1gunk k\u00fcl\u00f6nb\u00f6z\u0151 csatorn\u00e1kon kereszt\u00fcl \u00e9s k\u00fcl\u00f6nb\u00f6z\u0151 jogalapok alapj\u00e1n gy\u0171jti azzal a c\u00e9llal, hogy jav\u00edtsa k\u00edn\u00e1lt term\u00e9keinket \u00e9s szolg\u00e1ltat\u00e1sainkat, valamint kereskedelmi tev\u00e9kenys\u00e9geinket lefolytassa. E folyamat sor\u00e1n szem\u00e9lyes adatait weboldalainkon \u00e9s mobilalkalmaz\u00e1sainkban tal\u00e1lhat\u00f3 inform\u00e1ci\u00f3s \u00e9s ig\u00e9nyl\u0151lapokon, illetve fizikai form\u00e1ban gy\u0171jtj\u00fck. Az ezen jogalapokon gy\u0171jt\u00f6tt szem\u00e9lyes adatok a jelen Nyilatkozat (b) \u00e9s (c) pontj\u00e1ban meghat\u00e1rozott c\u00e9lokra is feldolgozhat\u00f3k \u00e9s tov\u00e1bb\u00edthat\u00f3k, a 6698. sz\u00e1m\u00fa t\u00f6rv\u00e9ny 5. \u00e9s 6. cikk\u00e9ben meghat\u00e1rozott szem\u00e9lyesadat-kezel\u00e9si felt\u00e9telek \u00e9s c\u00e9lok keret\u00e9ben.<\/p><\/div><\/div><div class=\"wpb_text_column wpb_content_element wpb_animate_when_almost_visible wpb_fadeIn fadeIn vc_custom_1610354171093 wpb_start_animation animated\"><div class=\"wpb_wrapper\"><h3><strong>d) A szem\u00e9lyes adatok alany\u00e1nak a 6698. sz\u00e1m\u00fa t\u00f6rv\u00e9ny 11. cikk\u00e9ben felsorolt jogai<\/strong><\/h3><p>\u00c9rintettk\u00e9nt, amennyiben \u00d6n beny\u00fajtja a jogaival kapcsolatos k\u00e9relm\u00e9t a T\u00e1rsas\u00e1ghoz, a Bodur a lehet\u0151 leghamarabb, de legk\u00e9s\u0151bb harminc napon bel\u00fcl feldolgozza a k\u00e9relm\u00e9t, a k\u00e9relem jelleg\u00e9t\u0151l f\u00fcgg\u0151en. Amennyiben azonban az elj\u00e1r\u00e1s t\u00f6bbletk\u00f6lts\u00e9gekkel j\u00e1r, a Bodur a Szem\u00e9lyes Adatv\u00e9delmi Test\u00fclet \u00e1ltal meghat\u00e1rozott d\u00edjat sz\u00e1m\u00edtja fel. Ebben az \u00f6sszef\u00fcgg\u00e9sben az \u00e9rintettek a k\u00f6vetkez\u0151 jogokkal rendelkeznek:;<\/p><p><span data-contrast=\"none\">\u2022 Annak megtud\u00e1sa, hogy szem\u00e9lyes adatainak feldolgoz\u00e1sa folyamatban van-e,<\/span><\/p><p><span data-contrast=\"none\">\u2022 Szem\u00e9lyes adatok kezel\u00e9s\u00e9vel kapcsolatos inform\u00e1ci\u00f3k\u00e9r\u00e9s,<\/span><\/p><p><span data-contrast=\"none\">\u2022 Annak megismer\u00e9se, hogy milyen c\u00e9lb\u00f3l kezelik a szem\u00e9lyes adatokat, \u00e9s hogy azokat megfelel\u0151en haszn\u00e1lj\u00e1k-e fel erre a c\u00e9lra,<\/span><\/p><p><span data-contrast=\"none\">\u2022 Azon harmadik felek ismerete, akiknek a szem\u00e9lyes adatokat belf\u00f6ld\u00f6n vagy k\u00fclf\u00f6ld\u00f6n tov\u00e1bb\u00edtj\u00e1k.,<\/span><\/p><p><span data-contrast=\"none\">\u2022 A szem\u00e9lyes adatok helyesb\u00edt\u00e9s\u00e9nek k\u00e9r\u00e9s\u00e9hez val\u00f3 jog, ha azokat hi\u00e1nyosan vagy helytelen\u00fcl kezelt\u00e9k, valamint a jog ahhoz, hogy k\u00e9rje ezen helyesb\u00edt\u00e9sr\u0151l azon harmadik felek \u00e9rtes\u00edt\u00e9s\u00e9t, akiknek a szem\u00e9lyes adatokat tov\u00e1bb\u00edtott\u00e1k.,<\/span><\/p><p><span data-contrast=\"none\">\u2022 A szem\u00e9lyes adatok t\u00f6rl\u00e9s\u00e9nek vagy megsemmis\u00edt\u00e9s\u00e9nek k\u00e9relmez\u00e9s\u00e9nek joga \u2013 m\u00e9g akkor is, ha azokat a 6698. sz\u00e1m\u00fa t\u00f6rv\u00e9nynek \u00e9s m\u00e1s vonatkoz\u00f3 t\u00f6rv\u00e9nyeknek megfelel\u0151en kezelt\u00e9k \u2013, amennyiben a feldolgoz\u00e1sukat indokol\u00f3 okok megsz\u0171nnek, valamint a jog, hogy err\u0151l a l\u00e9p\u00e9sr\u0151l \u00e9rtes\u00edts\u00e9k azokat a harmadik feleket, akiknek a szem\u00e9lyes adatokat tov\u00e1bb\u00edtott\u00e1k.,<\/span><\/p><p><span data-contrast=\"none\">\u2022 A kiz\u00e1r\u00f3lag automatiz\u00e1lt rendszereken kereszt\u00fcl feldolgozott adatok elemz\u00e9s\u00e9b\u0151l ered\u0151, r\u00e1nk n\u00e9zve h\u00e1tr\u00e1nyos eredm\u00e9ny elleni tiltakoz\u00e1s joga.,<\/span><\/p><p>\u2022 Az egy\u00e9neknek joguk van k\u00e1rt\u00e9r\u00edt\u00e9st k\u00f6vetelni a szem\u00e9lyes adataik jogellenes kezel\u00e9s\u00e9b\u0151l ered\u0151 k\u00e1raik\u00e9rt.\u00a0<\/p><\/div><\/div>\t\t\t\t\t\t\t\t<\/div>\n\t\t\t\t<\/div>\n\t\t\t\t\t<\/div>\n\t\t\t\t<\/div>\n\t\t\t\t<\/div>","protected":false},"excerpt":{"rendered":"<p>BODUR IPARI F\u00dcLKE SYSTEMS KORL\u00c1TOLT FELEL\u0150SS\u00c9G\u0170 T\u00c1RSAS\u00c1G T\u00c1J\u00c9KOZTAT\u00d3JA A SZEM\u00c9LYES ADATOK KEZEL\u00c9S\u00c9VEL KAPCSOLATBAN a) Adatkezel\u0151 \u00e9s k\u00e9pvisel\u0151 A szem\u00e9lyes adatokr\u00f3l sz\u00f3l\u00f3 6698. sz\u00e1m\u00fa t\u00f6rv\u00e9ny<\/p>","protected":false},"author":1,"featured_media":0,"parent":0,"menu_order":0,"comment_status":"closed","ping_status":"closed","template":"","meta":{"footnotes":""},"class_list":["post-21470","page","type-page","status-publish","hentry"],"yoast_head":"<!-- This site is optimized with the Yoast SEO plugin v27.4 - https:\/\/yoast.com\/product\/yoast-seo-wordpress\/ -->\n<title>KVKK Ayd\u0131nlatma Metni<\/title>\n<meta name=\"robots\" content=\"index, follow, max-snippet:-1, max-image-preview:large, max-video-preview:-1\" \/>\n<link rel=\"canonical\" href=\"https:\/\/bodur.com.tr\/hu\/kvkk-szemelyes-adatvedelmi-torveny-tajekoztato-szoveg\/\" \/>\n<meta property=\"og:locale\" content=\"hu_HU\" \/>\n<meta property=\"og:type\" content=\"article\" \/>\n<meta property=\"og:title\" content=\"KVKK Ayd\u0131nlatma Metni\" \/>\n<meta property=\"og:description\" content=\"BODUR END\u00dcSTR\u0130YEL KAB\u0130N S\u0130STEMLER\u0130 L\u0130M\u0130TED \u015e\u0130RKET\u0130 K\u0130\u015e\u0130SEL VER\u0130LER\u0130N \u0130\u015eLENMES\u0130NE \u0130L\u0130\u015eK\u0130N AYDINLATMA METN\u0130 a) Veri Sorumlusu ve Temsilcisi 6698 say\u0131l\u0131 Ki\u015fisel\" \/>\n<meta property=\"og:url\" content=\"https:\/\/bodur.com.tr\/hu\/kvkk-szemelyes-adatvedelmi-torveny-tajekoztato-szoveg\/\" \/>\n<meta property=\"og:site_name\" content=\"Bodur End\u00fcstriyel\" \/>\n<meta property=\"article:publisher\" content=\"https:\/\/www.facebook.com\/bodurendustriyel\" \/>\n<meta property=\"article:modified_time\" content=\"2025-05-19T18:43:28+00:00\" \/>\n<meta name=\"twitter:card\" content=\"summary_large_image\" \/>\n<script type=\"application\/ld+json\" class=\"yoast-schema-graph\">{\"@context\":\"https:\\\/\\\/schema.org\",\"@graph\":[{\"@type\":\"WebPage\",\"@id\":\"https:\\\/\\\/bodur.com.tr\\\/kvkk-aydinlatma-metni\",\"url\":\"https:\\\/\\\/bodur.com.tr\\\/kvkk-aydinlatma-metni\",\"name\":\"KVKK Ayd\u0131nlatma Metni\",\"isPartOf\":{\"@id\":\"https:\\\/\\\/bodur.com.tr\\\/#website\"},\"datePublished\":\"2025-05-18T16:07:35+00:00\",\"dateModified\":\"2025-05-19T18:43:28+00:00\",\"breadcrumb\":{\"@id\":\"https:\\\/\\\/bodur.com.tr\\\/kvkk-aydinlatma-metni#breadcrumb\"},\"inLanguage\":\"hu\",\"potentialAction\":[{\"@type\":\"ReadAction\",\"target\":[\"https:\\\/\\\/bodur.com.tr\\\/kvkk-aydinlatma-metni\"]}]},{\"@type\":\"BreadcrumbList\",\"@id\":\"https:\\\/\\\/bodur.com.tr\\\/kvkk-aydinlatma-metni#breadcrumb\",\"itemListElement\":[{\"@type\":\"ListItem\",\"position\":1,\"name\":\"Anasayfa\",\"item\":\"https:\\\/\\\/bodur.com.tr\\\/\"},{\"@type\":\"ListItem\",\"position\":2,\"name\":\"KVKK Ayd\u0131nlatma Metni\"}]},{\"@type\":\"WebSite\",\"@id\":\"https:\\\/\\\/bodur.com.tr\\\/#website\",\"url\":\"https:\\\/\\\/bodur.com.tr\\\/\",\"name\":\"Bodur End\u00fcstriyel\",\"description\":\"\",\"publisher\":{\"@id\":\"https:\\\/\\\/bodur.com.tr\\\/#organization\"},\"potentialAction\":[{\"@type\":\"SearchAction\",\"target\":{\"@type\":\"EntryPoint\",\"urlTemplate\":\"https:\\\/\\\/bodur.com.tr\\\/?s={search_term_string}\"},\"query-input\":{\"@type\":\"PropertyValueSpecification\",\"valueRequired\":true,\"valueName\":\"search_term_string\"}}],\"inLanguage\":\"hu\"},{\"@type\":\"Organization\",\"@id\":\"https:\\\/\\\/bodur.com.tr\\\/#organization\",\"name\":\"Bodur End\u00fcstriyel\",\"url\":\"https:\\\/\\\/bodur.com.tr\\\/\",\"logo\":{\"@type\":\"ImageObject\",\"inLanguage\":\"hu\",\"@id\":\"https:\\\/\\\/bodur.com.tr\\\/#\\\/schema\\\/logo\\\/image\\\/\",\"url\":\"https:\\\/\\\/bodur.com.tr\\\/wp-content\\\/uploads\\\/51834268_258721005017375_5556593430731161600_n.jpg\",\"contentUrl\":\"https:\\\/\\\/bodur.com.tr\\\/wp-content\\\/uploads\\\/51834268_258721005017375_5556593430731161600_n.jpg\",\"width\":320,\"height\":320,\"caption\":\"Bodur End\u00fcstriyel\"},\"image\":{\"@id\":\"https:\\\/\\\/bodur.com.tr\\\/#\\\/schema\\\/logo\\\/image\\\/\"},\"sameAs\":[\"https:\\\/\\\/www.facebook.com\\\/bodurendustriyel\",\"https:\\\/\\\/www.instagram.com\\\/bodurendustriyel\\\/\",\"https:\\\/\\\/www.youtube.com\\\/user\\\/harunbodur\"]}]}<\/script>\n<!-- \/ Yoast SEO plugin. -->","yoast_head_json":{"title":"Szem\u00e9lyes Adatv\u00e9delmi T\u00f6rv\u00e9ny (KVKK) t\u00e1j\u00e9koztat\u00f3 sz\u00f6vege","robots":{"index":"index","follow":"follow","max-snippet":"max-snippet:-1","max-image-preview":"max-image-preview:large","max-video-preview":"max-video-preview:-1"},"canonical":"https:\/\/bodur.com.tr\/hu\/kvkk-szemelyes-adatvedelmi-torveny-tajekoztato-szoveg\/","og_locale":"hu_HU","og_type":"article","og_title":"KVKK Ayd\u0131nlatma Metni","og_description":"BODUR END\u00dcSTR\u0130YEL KAB\u0130N S\u0130STEMLER\u0130 L\u0130M\u0130TED \u015e\u0130RKET\u0130 K\u0130\u015e\u0130SEL VER\u0130LER\u0130N \u0130\u015eLENMES\u0130NE \u0130L\u0130\u015eK\u0130N AYDINLATMA METN\u0130 a) Veri Sorumlusu ve Temsilcisi 6698 say\u0131l\u0131 Ki\u015fisel","og_url":"https:\/\/bodur.com.tr\/hu\/kvkk-szemelyes-adatvedelmi-torveny-tajekoztato-szoveg\/","og_site_name":"Bodur End\u00fcstriyel","article_publisher":"https:\/\/www.facebook.com\/bodurendustriyel","article_modified_time":"2025-05-19T18:43:28+00:00","twitter_card":"summary_large_image","schema":{"@context":"https:\/\/schema.org","@graph":[{"@type":"WebPage","@id":"https:\/\/bodur.com.tr\/kvkk-aydinlatma-metni","url":"https:\/\/bodur.com.tr\/kvkk-aydinlatma-metni","name":"Szem\u00e9lyes Adatv\u00e9delmi T\u00f6rv\u00e9ny (KVKK) t\u00e1j\u00e9koztat\u00f3 sz\u00f6vege","isPartOf":{"@id":"https:\/\/bodur.com.tr\/#website"},"datePublished":"2025-05-18T16:07:35+00:00","dateModified":"2025-05-19T18:43:28+00:00","breadcrumb":{"@id":"https:\/\/bodur.com.tr\/kvkk-aydinlatma-metni#breadcrumb"},"inLanguage":"hu","potentialAction":[{"@type":"ReadAction","target":["https:\/\/bodur.com.tr\/kvkk-aydinlatma-metni"]}]},{"@type":"BreadcrumbList","@id":"https:\/\/bodur.com.tr\/kvkk-aydinlatma-metni#breadcrumb","itemListElement":[{"@type":"ListItem","position":1,"name":"Anasayfa","item":"https:\/\/bodur.com.tr\/"},{"@type":"ListItem","position":2,"name":"KVKK Ayd\u0131nlatma Metni"}]},{"@type":"WebSite","@id":"https:\/\/bodur.com.tr\/#website","url":"https:\/\/bodur.com.tr\/","name":"Bodur Industrial","description":"","publisher":{"@id":"https:\/\/bodur.com.tr\/#organization"},"potentialAction":[{"@type":"SearchAction","target":{"@type":"EntryPoint","urlTemplate":"https:\/\/bodur.com.tr\/?s={search_term_string}"},"query-input":{"@type":"PropertyValueSpecification","valueRequired":true,"valueName":"search_term_string"}}],"inLanguage":"hu"},{"@type":"Organization","@id":"https:\/\/bodur.com.tr\/#organization","name":"Bodur Industrial","url":"https:\/\/bodur.com.tr\/","logo":{"@type":"ImageObject","inLanguage":"hu","@id":"https:\/\/bodur.com.tr\/#\/schema\/logo\/image\/","url":"https:\/\/bodur.com.tr\/wp-content\/uploads\/51834268_258721005017375_5556593430731161600_n.jpg","contentUrl":"https:\/\/bodur.com.tr\/wp-content\/uploads\/51834268_258721005017375_5556593430731161600_n.jpg","width":320,"height":320,"caption":"Bodur End\u00fcstriyel"},"image":{"@id":"https:\/\/bodur.com.tr\/#\/schema\/logo\/image\/"},"sameAs":["https:\/\/www.facebook.com\/bodurendustriyel","https:\/\/www.instagram.com\/bodurendustriyel\/","https:\/\/www.youtube.com\/user\/harunbodur"]}]}},"_links":{"self":[{"href":"https:\/\/bodur.com.tr\/hu\/wp-json\/wp\/v2\/pages\/21470","targetHints":{"allow":["GET"]}}],"collection":[{"href":"https:\/\/bodur.com.tr\/hu\/wp-json\/wp\/v2\/pages"}],"about":[{"href":"https:\/\/bodur.com.tr\/hu\/wp-json\/wp\/v2\/types\/page"}],"author":[{"embeddable":true,"href":"https:\/\/bodur.com.tr\/hu\/wp-json\/wp\/v2\/users\/1"}],"replies":[{"embeddable":true,"href":"https:\/\/bodur.com.tr\/hu\/wp-json\/wp\/v2\/comments?post=21470"}],"version-history":[{"count":0,"href":"https:\/\/bodur.com.tr\/hu\/wp-json\/wp\/v2\/pages\/21470\/revisions"}],"wp:attachment":[{"href":"https:\/\/bodur.com.tr\/hu\/wp-json\/wp\/v2\/media?parent=21470"}],"curies":[{"name":"wp","href":"https:\/\/api.w.org\/{rel}","templated":true}]}}