{"id":21467,"date":"2025-05-18T19:07:35","date_gmt":"2025-05-18T16:07:35","guid":{"rendered":"https:\/\/bodur.com.tr\/bilgi-guvenligi-politikasi"},"modified":"2025-06-22T16:49:02","modified_gmt":"2025-06-22T13:49:02","slug":"informaciobiztonsagi-szabalyzat","status":"publish","type":"page","link":"https:\/\/bodur.com.tr\/hu\/bilgi-guvenligi-politikasi","title":{"rendered":"Inform\u00e1ci\u00f3biztons\u00e1gi szab\u00e1lyzat"},"content":{"rendered":"<div data-elementor-type=\"wp-page\" data-elementor-id=\"21467\" class=\"elementor elementor-21467\" data-elementor-post-type=\"page\">\n\t\t\t\t<div class=\"elementor-element elementor-element-2cfe007a e-flex e-con-boxed e-con e-parent\" data-id=\"2cfe007a\" data-element_type=\"container\" data-e-type=\"container\">\n\t\t\t\t\t<div class=\"e-con-inner\">\n\t\t<div class=\"elementor-element elementor-element-7821db80 e-con-full e-flex e-con e-child\" data-id=\"7821db80\" data-element_type=\"container\" data-e-type=\"container\">\n\t\t\t\t<div class=\"elementor-element elementor-element-4c96a670 color-scheme-inherit text-left elementor-widget elementor-widget-text-editor\" data-id=\"4c96a670\" data-element_type=\"widget\" data-e-type=\"widget\" data-widget_type=\"text-editor.default\">\n\t\t\t\t<div class=\"elementor-widget-container\">\n\t\t\t\t\t\t\t\t\t<p><span style=\"color: #0163a1;\"><strong>ADATBIZTONS\u00c1GI SZAB\u00c1LYZATUNK<\/strong><\/span><\/p>\t\t\t\t\t\t\t\t<\/div>\n\t\t\t\t<\/div>\n\t\t\t\t<div class=\"elementor-element elementor-element-7e63cada color-scheme-inherit text-left elementor-widget elementor-widget-text-editor\" data-id=\"7e63cada\" data-element_type=\"widget\" data-e-type=\"widget\" data-widget_type=\"text-editor.default\">\n\t\t\t\t<div class=\"elementor-widget-container\">\n\t\t\t\t\t\t\t\t\t<h4><span style=\"color: #053f75;\"><strong>A Bodur Cabin Systems Limited Company elve az, hogy term\u00e9kei \u00e9s szolg\u00e1ltat\u00e1sai min\u0151s\u00e9g\u00e9n kereszt\u00fcl biztos\u00edtja az \u00e1gazat\u00e1ban ki\u00e9p\u00edtett bizalom folytonoss\u00e1g\u00e1t;<\/strong><\/span><\/h4>\t\t\t\t\t\t\t\t<\/div>\n\t\t\t\t<\/div>\n\t\t\t\t<\/div>\n\t\t<div class=\"elementor-element elementor-element-40b2ac78 e-con-full e-flex e-con e-child\" data-id=\"40b2ac78\" data-element_type=\"container\" data-e-type=\"container\">\n\t\t\t\t<div class=\"elementor-element elementor-element-596f7300 color-scheme-inherit text-left elementor-widget elementor-widget-text-editor\" data-id=\"596f7300\" data-element_type=\"widget\" data-e-type=\"widget\" data-widget_type=\"text-editor.default\">\n\t\t\t\t<div class=\"elementor-widget-container\">\n\t\t\t\t\t\t\t\t\t<p><strong>1. C\u00e9lkit\u0171z\u00e9s:<\/strong><br \/>Jelen szab\u00e1lyzat c\u00e9lja, hogy egy\u00e9rtelm\u0171en meghat\u00e1rozza a Bodur \u00e1ltal bevezetett inform\u00e1ci\u00f3biztons\u00e1gi ir\u00e1ny\u00edt\u00e1si rendszer (ISMS) hat\u00f3k\u00f6r\u00e9t \u00e9s korl\u00e1tait.<\/p><p><strong>2. Hat\u00e1ly:<\/strong><br \/>Inform\u00e1ci\u00f3biztons\u00e1gi incidens eset\u00e9n k\u00f6telez\u0151 a szolg\u00e1ltat\u00e1sokat a lehet\u0151 legalacsonyabb elfogadhat\u00f3 szinten vissza\u00e1ll\u00edtani. Az Inform\u00e1ci\u00f3biztons\u00e1gi Ir\u00e1ny\u00edt\u00e1si Rendszer (ISMS) mag\u00e1ban foglalja az \u00f6sszes szolg\u00e1ltat\u00e1st, amelyhez kezelik. Az ISMS a ny\u00fajtott szolg\u00e1ltat\u00e1sok \u00e9s folyamatok tervez\u00e9s\u00e9nek, karbantart\u00e1s\u00e1nak \u00e9s friss\u00edt\u00e9s\u00e9nek alapja.<\/p><p><strong>3. Alkalmaz\u00e1s:<\/strong><br \/>Ennek megfelel\u0151en ISMS szab\u00e1lyzatunk megfelel a k\u00f6vetkez\u0151knek:;<\/p><p>- Az inform\u00e1ci\u00f3vagyon biztons\u00e1gos kezel\u00e9se, az eszk\u00f6z\u00f6k \u00e9rt\u00e9k\u00e9nek, ig\u00e9nyeinek \u00e9s kock\u00e1zatainak azonos\u00edt\u00e1sa, valamint a biztons\u00e1gi kock\u00e1zatok elleni ellen\u0151rz\u00e9sek megtervez\u00e9se \u00e9s megval\u00f3s\u00edt\u00e1sa.<br \/>- M\u00f3dszertani keretrendszer l\u00e9trehoz\u00e1sa olyan t\u00e9nyez\u0151k meghat\u00e1roz\u00e1s\u00e1ra, mint az inform\u00e1ci\u00f3s eszk\u00f6z\u00f6k \u00e9rt\u00e9ke, biztons\u00e1gi ig\u00e9nyei, sebezhet\u0151s\u00e9gei \u00e9s fenyegetetts\u00e9gi gyakoris\u00e1ga.<br \/>- Keretrendszer meghat\u00e1roz\u00e1sa a fenyeget\u00e9seknek az eszk\u00f6z\u00f6k bizalmass\u00e1g\u00e1ra, integrit\u00e1s\u00e1ra \u00e9s hozz\u00e1f\u00e9rhet\u0151s\u00e9g\u00e9re gyakorolt lehets\u00e9ges hat\u00e1s\u00e1nak elemz\u00e9s\u00e9re.<br \/>-Meghat\u00e1rozni azokat az alapelveket, amelyeket a kock\u00e1zatok kezel\u00e9se sor\u00e1n k\u00f6vetni kell.<br \/>- A biztons\u00e1gi kock\u00e1zatok folyamatos \u00e9rt\u00e9kel\u00e9se a ny\u00fajtott szolg\u00e1ltat\u00e1sok k\u00f6r\u00e9n bel\u00fcli technol\u00f3giai fejleszt\u00e9sek nyomon k\u00f6vet\u00e9s\u00e9vel.<br \/>- Az inform\u00e1ci\u00f3biztons\u00e1gi k\u00f6vetelm\u00e9nyek betart\u00e1sa a vonatkoz\u00f3 nemzeti \u00e9s nemzetk\u00f6zi szab\u00e1lyoz\u00e1soknak, jogszab\u00e1lyoknak \u00e9s meg\u00e1llapod\u00e1soknak, valamint a bels\u0151 \u00e9s k\u00fcls\u0151 \u00e9rdekelt felekkel szembeni v\u00e1llalati felel\u0151ss\u00e9gnek megfelel\u0151en.<br \/>- A szolg\u00e1ltat\u00e1s folytonoss\u00e1g\u00e1t vesz\u00e9lyeztet\u0151 inform\u00e1ci\u00f3biztons\u00e1gi kock\u00e1zatok hat\u00e1s\u00e1nak minimaliz\u00e1l\u00e1sa \u00e9s a zavartalan m\u0171k\u00f6d\u00e9s biztos\u00edt\u00e1sa \u00e9rdek\u00e9ben.<br \/>- K\u00e9pes hat\u00e9konyan reag\u00e1lni az inform\u00e1ci\u00f3biztons\u00e1gi incidensekre \u00e9s enyh\u00edteni azok hat\u00e1s\u00e1t.<\/p>\t\t\t\t\t\t\t\t<\/div>\n\t\t\t\t<\/div>\n\t\t\t\t<\/div>\n\t\t\t\t\t<\/div>\n\t\t\t\t<\/div>\n\t\t\t\t<\/div>","protected":false},"excerpt":{"rendered":"<p>INFORM\u00c1CI\u00d3BIZTONS\u00c1GI SZAB\u00c1LYZATUNK A Bodur Cabin Systems Korl\u00e1tolt Felel\u0151ss\u00e9g\u0171 T\u00e1rsas\u00e1g, amely elve szerint biztos\u00edtja az \u00e1gazat\u00e1ban term\u00e9kei \u00e9s szolg\u00e1ltat\u00e1sai min\u0151s\u00e9g\u00e9vel ki\u00e9p\u00edtett bizalom folytonoss\u00e1g\u00e1t;<\/p>","protected":false},"author":1,"featured_media":0,"parent":0,"menu_order":0,"comment_status":"closed","ping_status":"closed","template":"","meta":{"footnotes":""},"class_list":["post-21467","page","type-page","status-publish","hentry"],"yoast_head":"<!-- This site is optimized with the Yoast SEO plugin v27.4 - https:\/\/yoast.com\/product\/yoast-seo-wordpress\/ -->\n<title>Bilgi G\u00fcvenli\u011fi Politikas\u0131<\/title>\n<meta name=\"robots\" content=\"index, follow, max-snippet:-1, max-image-preview:large, max-video-preview:-1\" \/>\n<link rel=\"canonical\" href=\"https:\/\/bodur.com.tr\/hu\/informaciobiztonsagi-szabalyzat\/\" \/>\n<meta property=\"og:locale\" content=\"hu_HU\" \/>\n<meta property=\"og:type\" content=\"article\" \/>\n<meta property=\"og:title\" content=\"Bilgi G\u00fcvenli\u011fi Politikas\u0131\" \/>\n<meta property=\"og:description\" content=\"B\u0130LG\u0130 G\u00dcVENL\u0130\u011e\u0130 POL\u0130T\u0130KAMIZ Bodur Kabin Sistemleri Limited \u015eirketi, kendi sekt\u00f6r\u00fcnde \u00fcr\u00fcn ve hizmet kalitesiyle olu\u015fturdu\u011fu g\u00fcvenin s\u00fcreklili\u011fini sa\u011flamay\u0131 ilke edinerek;\" \/>\n<meta property=\"og:url\" content=\"https:\/\/bodur.com.tr\/hu\/informaciobiztonsagi-szabalyzat\/\" \/>\n<meta property=\"og:site_name\" content=\"Bodur End\u00fcstriyel\" \/>\n<meta property=\"article:publisher\" content=\"https:\/\/www.facebook.com\/bodurendustriyel\" \/>\n<meta property=\"article:modified_time\" content=\"2025-06-22T13:49:02+00:00\" \/>\n<meta name=\"twitter:card\" content=\"summary_large_image\" \/>\n<script type=\"application\/ld+json\" class=\"yoast-schema-graph\">{\"@context\":\"https:\\\/\\\/schema.org\",\"@graph\":[{\"@type\":\"WebPage\",\"@id\":\"https:\\\/\\\/bodur.com.tr\\\/bilgi-guvenligi-politikasi\",\"url\":\"https:\\\/\\\/bodur.com.tr\\\/bilgi-guvenligi-politikasi\",\"name\":\"Bilgi G\u00fcvenli\u011fi Politikas\u0131\",\"isPartOf\":{\"@id\":\"https:\\\/\\\/bodur.com.tr\\\/#website\"},\"datePublished\":\"2025-05-18T16:07:35+00:00\",\"dateModified\":\"2025-06-22T13:49:02+00:00\",\"breadcrumb\":{\"@id\":\"https:\\\/\\\/bodur.com.tr\\\/bilgi-guvenligi-politikasi#breadcrumb\"},\"inLanguage\":\"hu\",\"potentialAction\":[{\"@type\":\"ReadAction\",\"target\":[\"https:\\\/\\\/bodur.com.tr\\\/bilgi-guvenligi-politikasi\"]}]},{\"@type\":\"BreadcrumbList\",\"@id\":\"https:\\\/\\\/bodur.com.tr\\\/bilgi-guvenligi-politikasi#breadcrumb\",\"itemListElement\":[{\"@type\":\"ListItem\",\"position\":1,\"name\":\"Anasayfa\",\"item\":\"https:\\\/\\\/bodur.com.tr\\\/\"},{\"@type\":\"ListItem\",\"position\":2,\"name\":\"Bilgi G\u00fcvenli\u011fi Politikas\u0131\"}]},{\"@type\":\"WebSite\",\"@id\":\"https:\\\/\\\/bodur.com.tr\\\/#website\",\"url\":\"https:\\\/\\\/bodur.com.tr\\\/\",\"name\":\"Bodur End\u00fcstriyel\",\"description\":\"\",\"publisher\":{\"@id\":\"https:\\\/\\\/bodur.com.tr\\\/#organization\"},\"potentialAction\":[{\"@type\":\"SearchAction\",\"target\":{\"@type\":\"EntryPoint\",\"urlTemplate\":\"https:\\\/\\\/bodur.com.tr\\\/?s={search_term_string}\"},\"query-input\":{\"@type\":\"PropertyValueSpecification\",\"valueRequired\":true,\"valueName\":\"search_term_string\"}}],\"inLanguage\":\"hu\"},{\"@type\":\"Organization\",\"@id\":\"https:\\\/\\\/bodur.com.tr\\\/#organization\",\"name\":\"Bodur End\u00fcstriyel\",\"url\":\"https:\\\/\\\/bodur.com.tr\\\/\",\"logo\":{\"@type\":\"ImageObject\",\"inLanguage\":\"hu\",\"@id\":\"https:\\\/\\\/bodur.com.tr\\\/#\\\/schema\\\/logo\\\/image\\\/\",\"url\":\"https:\\\/\\\/bodur.com.tr\\\/wp-content\\\/uploads\\\/51834268_258721005017375_5556593430731161600_n.jpg\",\"contentUrl\":\"https:\\\/\\\/bodur.com.tr\\\/wp-content\\\/uploads\\\/51834268_258721005017375_5556593430731161600_n.jpg\",\"width\":320,\"height\":320,\"caption\":\"Bodur End\u00fcstriyel\"},\"image\":{\"@id\":\"https:\\\/\\\/bodur.com.tr\\\/#\\\/schema\\\/logo\\\/image\\\/\"},\"sameAs\":[\"https:\\\/\\\/www.facebook.com\\\/bodurendustriyel\",\"https:\\\/\\\/www.instagram.com\\\/bodurendustriyel\\\/\",\"https:\\\/\\\/www.youtube.com\\\/user\\\/harunbodur\"]}]}<\/script>\n<!-- \/ Yoast SEO plugin. -->","yoast_head_json":{"title":"Inform\u00e1ci\u00f3biztons\u00e1gi szab\u00e1lyzat","robots":{"index":"index","follow":"follow","max-snippet":"max-snippet:-1","max-image-preview":"max-image-preview:large","max-video-preview":"max-video-preview:-1"},"canonical":"https:\/\/bodur.com.tr\/hu\/informaciobiztonsagi-szabalyzat\/","og_locale":"hu_HU","og_type":"article","og_title":"Bilgi G\u00fcvenli\u011fi Politikas\u0131","og_description":"B\u0130LG\u0130 G\u00dcVENL\u0130\u011e\u0130 POL\u0130T\u0130KAMIZ Bodur Kabin Sistemleri Limited \u015eirketi, kendi sekt\u00f6r\u00fcnde \u00fcr\u00fcn ve hizmet kalitesiyle olu\u015fturdu\u011fu g\u00fcvenin s\u00fcreklili\u011fini sa\u011flamay\u0131 ilke edinerek;","og_url":"https:\/\/bodur.com.tr\/hu\/informaciobiztonsagi-szabalyzat\/","og_site_name":"Bodur End\u00fcstriyel","article_publisher":"https:\/\/www.facebook.com\/bodurendustriyel","article_modified_time":"2025-06-22T13:49:02+00:00","twitter_card":"summary_large_image","schema":{"@context":"https:\/\/schema.org","@graph":[{"@type":"WebPage","@id":"https:\/\/bodur.com.tr\/bilgi-guvenligi-politikasi","url":"https:\/\/bodur.com.tr\/bilgi-guvenligi-politikasi","name":"Inform\u00e1ci\u00f3biztons\u00e1gi szab\u00e1lyzat","isPartOf":{"@id":"https:\/\/bodur.com.tr\/#website"},"datePublished":"2025-05-18T16:07:35+00:00","dateModified":"2025-06-22T13:49:02+00:00","breadcrumb":{"@id":"https:\/\/bodur.com.tr\/bilgi-guvenligi-politikasi#breadcrumb"},"inLanguage":"hu","potentialAction":[{"@type":"ReadAction","target":["https:\/\/bodur.com.tr\/bilgi-guvenligi-politikasi"]}]},{"@type":"BreadcrumbList","@id":"https:\/\/bodur.com.tr\/bilgi-guvenligi-politikasi#breadcrumb","itemListElement":[{"@type":"ListItem","position":1,"name":"Anasayfa","item":"https:\/\/bodur.com.tr\/"},{"@type":"ListItem","position":2,"name":"Bilgi G\u00fcvenli\u011fi Politikas\u0131"}]},{"@type":"WebSite","@id":"https:\/\/bodur.com.tr\/#website","url":"https:\/\/bodur.com.tr\/","name":"Bodur Industrial","description":"","publisher":{"@id":"https:\/\/bodur.com.tr\/#organization"},"potentialAction":[{"@type":"SearchAction","target":{"@type":"EntryPoint","urlTemplate":"https:\/\/bodur.com.tr\/?s={search_term_string}"},"query-input":{"@type":"PropertyValueSpecification","valueRequired":true,"valueName":"search_term_string"}}],"inLanguage":"hu"},{"@type":"Organization","@id":"https:\/\/bodur.com.tr\/#organization","name":"Bodur Industrial","url":"https:\/\/bodur.com.tr\/","logo":{"@type":"ImageObject","inLanguage":"hu","@id":"https:\/\/bodur.com.tr\/#\/schema\/logo\/image\/","url":"https:\/\/bodur.com.tr\/wp-content\/uploads\/51834268_258721005017375_5556593430731161600_n.jpg","contentUrl":"https:\/\/bodur.com.tr\/wp-content\/uploads\/51834268_258721005017375_5556593430731161600_n.jpg","width":320,"height":320,"caption":"Bodur End\u00fcstriyel"},"image":{"@id":"https:\/\/bodur.com.tr\/#\/schema\/logo\/image\/"},"sameAs":["https:\/\/www.facebook.com\/bodurendustriyel","https:\/\/www.instagram.com\/bodurendustriyel\/","https:\/\/www.youtube.com\/user\/harunbodur"]}]}},"_links":{"self":[{"href":"https:\/\/bodur.com.tr\/hu\/wp-json\/wp\/v2\/pages\/21467","targetHints":{"allow":["GET"]}}],"collection":[{"href":"https:\/\/bodur.com.tr\/hu\/wp-json\/wp\/v2\/pages"}],"about":[{"href":"https:\/\/bodur.com.tr\/hu\/wp-json\/wp\/v2\/types\/page"}],"author":[{"embeddable":true,"href":"https:\/\/bodur.com.tr\/hu\/wp-json\/wp\/v2\/users\/1"}],"replies":[{"embeddable":true,"href":"https:\/\/bodur.com.tr\/hu\/wp-json\/wp\/v2\/comments?post=21467"}],"version-history":[{"count":0,"href":"https:\/\/bodur.com.tr\/hu\/wp-json\/wp\/v2\/pages\/21467\/revisions"}],"wp:attachment":[{"href":"https:\/\/bodur.com.tr\/hu\/wp-json\/wp\/v2\/media?parent=21467"}],"curies":[{"name":"wp","href":"https:\/\/api.w.org\/{rel}","templated":true}]}}