{"id":21473,"date":"2025-05-18T19:07:35","date_gmt":"2025-05-18T16:07:35","guid":{"rendered":"https:\/\/bodur.com.tr\/kalite-politikasi-2"},"modified":"2025-05-19T22:06:49","modified_gmt":"2025-05-19T19:06:49","slug":"kalite-politikasi","status":"publish","type":"page","link":"https:\/\/bodur.com.tr\/fi\/kalite-politikasi","title":{"rendered":"Laatupolitiikka"},"content":{"rendered":"<div data-elementor-type=\"wp-page\" data-elementor-id=\"21473\" class=\"elementor elementor-21473\" data-elementor-post-type=\"page\">\n\t\t\t\t<div class=\"elementor-element elementor-element-432de279 e-flex e-con-boxed e-con e-parent\" data-id=\"432de279\" data-element_type=\"container\" data-e-type=\"container\">\n\t\t\t\t\t<div class=\"e-con-inner\">\n\t\t<div class=\"elementor-element elementor-element-6a318dc0 e-con-full e-flex e-con e-child\" data-id=\"6a318dc0\" data-element_type=\"container\" data-e-type=\"container\">\n\t\t\t\t<div class=\"elementor-element elementor-element-3128a4b4 color-scheme-inherit text-left elementor-widget elementor-widget-text-editor\" data-id=\"3128a4b4\" data-element_type=\"widget\" data-e-type=\"widget\" data-widget_type=\"text-editor.default\">\n\t\t\t\t<div class=\"elementor-widget-container\">\n\t\t\t\t\t\t\t\t\t<p><span style=\"color: #0163a1;\"><strong>KAL\u0130TE POL\u0130T\u0130KAMIZ<\/strong><\/span><\/p>\t\t\t\t\t\t\t\t<\/div>\n\t\t\t\t<\/div>\n\t\t\t\t<div class=\"elementor-element elementor-element-2d6dffdb color-scheme-inherit text-left elementor-widget elementor-widget-text-editor\" data-id=\"2d6dffdb\" data-element_type=\"widget\" data-e-type=\"widget\" data-widget_type=\"text-editor.default\">\n\t\t\t\t<div class=\"elementor-widget-container\">\n\t\t\t\t\t\t\t\t\t<h4><span style=\"color: #053f75;\"><strong>Bodur End\u00fcstriyel kendi sekt\u00f6r\u00fcnde \u00fcr\u00fcn ve hizmet kalitesiyle olu\u015fturdu\u011fu g\u00fcvenin s\u00fcreklili\u011fini sa\u011flamay\u0131 ilke edinerek;<\/strong><\/span><\/h4>\t\t\t\t\t\t\t\t<\/div>\n\t\t\t\t<\/div>\n\t\t\t\t<\/div>\n\t\t<div class=\"elementor-element elementor-element-425d036 e-con-full e-flex e-con e-child\" data-id=\"425d036\" data-element_type=\"container\" data-e-type=\"container\">\n\t\t\t\t<div class=\"elementor-element elementor-element-1281390c elementor-icon-list--layout-traditional elementor-list-item-link-full_width elementor-widget elementor-widget-icon-list\" data-id=\"1281390c\" data-element_type=\"widget\" data-e-type=\"widget\" data-widget_type=\"icon-list.default\">\n\t\t\t\t<div class=\"elementor-widget-container\">\n\t\t\t\t\t\t\t<ul class=\"elementor-icon-list-items\">\n\t\t\t\t\t\t\t<li class=\"elementor-icon-list-item\">\n\t\t\t\t\t\t\t\t\t\t\t<span class=\"elementor-icon-list-icon\">\n\t\t\t\t\t\t\t<svg aria-hidden=\"true\" class=\"e-font-icon-svg e-fas-chevron-circle-right\" viewbox=\"0 0 512 512\" xmlns=\"http:\/\/www.w3.org\/2000\/svg\"><path d=\"M256 8c137 0 248 111 248 248S393 504 256 504 8 393 8 256 119 8 256 8zm113.9 231L234.4 103.5c-9.4-9.4-24.6-9.4-33.9 0l-17 17c-9.4 9.4-9.4 24.6 0 33.9L285.1 256 183.5 357.6c-9.4 9.4-9.4 24.6 0 33.9l17 17c9.4 9.4 24.6 9.4 33.9 0L369.9 273c9.4-9.4 9.4-24.6 0-34z\"><\/path><\/svg>\t\t\t\t\t\t<\/span>\n\t\t\t\t\t\t\t\t\t\t<span class=\"elementor-icon-list-text\">S\u00fcrekli m\u00fc\u015fteri memnuniyeti sunmay\u0131,<\/span>\n\t\t\t\t\t\t\t\t\t<\/li>\n\t\t\t\t\t\t\t\t<li class=\"elementor-icon-list-item\">\n\t\t\t\t\t\t\t\t\t\t\t<span class=\"elementor-icon-list-icon\">\n\t\t\t\t\t\t\t<svg aria-hidden=\"true\" class=\"e-font-icon-svg e-fas-chevron-circle-right\" viewbox=\"0 0 512 512\" xmlns=\"http:\/\/www.w3.org\/2000\/svg\"><path d=\"M256 8c137 0 248 111 248 248S393 504 256 504 8 393 8 256 119 8 256 8zm113.9 231L234.4 103.5c-9.4-9.4-24.6-9.4-33.9 0l-17 17c-9.4 9.4-9.4 24.6 0 33.9L285.1 256 183.5 357.6c-9.4 9.4-9.4 24.6 0 33.9l17 17c9.4 9.4 24.6 9.4 33.9 0L369.9 273c9.4-9.4 9.4-24.6 0-34z\"><\/path><\/svg>\t\t\t\t\t\t<\/span>\n\t\t\t\t\t\t\t\t\t\t<span class=\"elementor-icon-list-text\">D\u00fcnyada fabrika ve servis hatlar\u0131 ilgili geli\u015fmeleri yak\u0131ndan takip edip uygulamay\u0131 ve pazara sunmay\u0131,<\/span>\n\t\t\t\t\t\t\t\t\t<\/li>\n\t\t\t\t\t\t\t\t<li class=\"elementor-icon-list-item\">\n\t\t\t\t\t\t\t\t\t\t\t<span class=\"elementor-icon-list-icon\">\n\t\t\t\t\t\t\t<svg aria-hidden=\"true\" class=\"e-font-icon-svg e-fas-chevron-circle-right\" viewbox=\"0 0 512 512\" xmlns=\"http:\/\/www.w3.org\/2000\/svg\"><path d=\"M256 8c137 0 248 111 248 248S393 504 256 504 8 393 8 256 119 8 256 8zm113.9 231L234.4 103.5c-9.4-9.4-24.6-9.4-33.9 0l-17 17c-9.4 9.4-9.4 24.6 0 33.9L285.1 256 183.5 357.6c-9.4 9.4-9.4 24.6 0 33.9l17 17c9.4 9.4 24.6 9.4 33.9 0L369.9 273c9.4-9.4 9.4-24.6 0-34z\"><\/path><\/svg>\t\t\t\t\t\t<\/span>\n\t\t\t\t\t\t\t\t\t\t<span class=\"elementor-icon-list-text\">Memnun ve bize g\u00fcven duyan m\u00fc\u015fteri say\u0131s\u0131n\u0131n artmas\u0131 ve hizmet kalitesinin y\u00fckselmesi i\u00e7in mavi ve beyaz yakal\u0131 personelimizin s\u00fcrekli olarak e\u011fitimini sa\u011flamay\u0131,<\/span>\n\t\t\t\t\t\t\t\t\t<\/li>\n\t\t\t\t\t\t\t\t<li class=\"elementor-icon-list-item\">\n\t\t\t\t\t\t\t\t\t\t\t<span class=\"elementor-icon-list-icon\">\n\t\t\t\t\t\t\t<svg aria-hidden=\"true\" class=\"e-font-icon-svg e-fas-chevron-circle-right\" viewbox=\"0 0 512 512\" xmlns=\"http:\/\/www.w3.org\/2000\/svg\"><path d=\"M256 8c137 0 248 111 248 248S393 504 256 504 8 393 8 256 119 8 256 8zm113.9 231L234.4 103.5c-9.4-9.4-24.6-9.4-33.9 0l-17 17c-9.4 9.4-9.4 24.6 0 33.9L285.1 256 183.5 357.6c-9.4 9.4-9.4 24.6 0 33.9l17 17c9.4 9.4 24.6 9.4 33.9 0L369.9 273c9.4-9.4 9.4-24.6 0-34z\"><\/path><\/svg>\t\t\t\t\t\t<\/span>\n\t\t\t\t\t\t\t\t\t\t<span class=\"elementor-icon-list-text\">Mevcut durumumuzu ve kalite sistemimizi korumakla yetinmeyip her a\u015famada s\u00fcrekli iyile\u015fmeyi temel felsefemiz olarak benimsemeyi,<\/span>\n\t\t\t\t\t\t\t\t\t<\/li>\n\t\t\t\t\t\t\t\t<li class=\"elementor-icon-list-item\">\n\t\t\t\t\t\t\t\t\t\t\t<span class=\"elementor-icon-list-icon\">\n\t\t\t\t\t\t\t<svg aria-hidden=\"true\" class=\"e-font-icon-svg e-fas-chevron-circle-right\" viewbox=\"0 0 512 512\" xmlns=\"http:\/\/www.w3.org\/2000\/svg\"><path d=\"M256 8c137 0 248 111 248 248S393 504 256 504 8 393 8 256 119 8 256 8zm113.9 231L234.4 103.5c-9.4-9.4-24.6-9.4-33.9 0l-17 17c-9.4 9.4-9.4 24.6 0 33.9L285.1 256 183.5 357.6c-9.4 9.4-9.4 24.6 0 33.9l17 17c9.4 9.4 24.6 9.4 33.9 0L369.9 273c9.4-9.4 9.4-24.6 0-34z\"><\/path><\/svg>\t\t\t\t\t\t<\/span>\n\t\t\t\t\t\t\t\t\t\t<span class=\"elementor-icon-list-text\">\u0130\u015f ortaklar\u0131m\u0131zla ve tedarik\u00e7ilerimizle kar\u015f\u0131l\u0131kl\u0131 faydaya dayal\u0131 ili\u015fkiler geli\u015ftirmeyi,<\/span>\n\t\t\t\t\t\t\t\t\t<\/li>\n\t\t\t\t\t\t\t\t<li class=\"elementor-icon-list-item\">\n\t\t\t\t\t\t\t\t\t\t<span class=\"elementor-icon-list-text\">Kalite Y\u00f6netim Sistemi \u015fartlar\u0131na s\u00fcrekli uymay\u0131 taahh\u00fct ediyoruz.<\/span>\n\t\t\t\t\t\t\t\t\t<\/li>\n\t\t\t\t\t\t<\/ul>\n\t\t\t\t\t\t<\/div>\n\t\t\t\t<\/div>\n\t\t\t\t<\/div>\n\t\t\t\t\t<\/div>\n\t\t\t\t<\/div>\n\t\t<div class=\"elementor-element elementor-element-7d7e73cb wd-section-stretch e-flex e-con-boxed e-con e-parent\" data-id=\"7d7e73cb\" data-element_type=\"container\" data-e-type=\"container\" data-settings=\"{&quot;background_background&quot;:&quot;classic&quot;}\">\n\t\t\t\t\t<div class=\"e-con-inner\">\n\t\t<div class=\"elementor-element elementor-element-be674c6 e-con-full e-flex e-con e-child\" data-id=\"be674c6\" data-element_type=\"container\" data-e-type=\"container\">\n\t\t\t\t<div class=\"elementor-element elementor-element-5708ab74 color-scheme-inherit text-left elementor-widget elementor-widget-text-editor\" data-id=\"5708ab74\" data-element_type=\"widget\" data-e-type=\"widget\" data-widget_type=\"text-editor.default\">\n\t\t\t\t<div class=\"elementor-widget-container\">\n\t\t\t\t\t\t\t\t\t<p><strong><span style=\"color: #0163a0;\">Visiomme<\/span><\/strong><\/p>\t\t\t\t\t\t\t\t<\/div>\n\t\t\t\t<\/div>\n\t\t\t\t<div class=\"elementor-element elementor-element-2f77c4d9 color-scheme-inherit text-left elementor-widget elementor-widget-text-editor\" data-id=\"2f77c4d9\" data-element_type=\"widget\" data-e-type=\"widget\" data-widget_type=\"text-editor.default\">\n\t\t\t\t<div class=\"elementor-widget-container\">\n\t\t\t\t\t\t\t\t\t<p>Bodur End\u00fcstriyel, s\u00fcrekli geli\u015fen \u00fcr\u00fcn portf\u00f6y\u00fc ve geni\u015fleyen hizmet yelpazesiyle, m\u00fc\u015fteri memnuniyetini her zaman \u00f6n planda tutarak, sekt\u00f6r\u00fcn\u00fcn t\u00fcm ihtiya\u00e7lar\u0131na yenilik\u00e7i ve etkili \u00e7\u00f6z\u00fcmler sunmay\u0131 ilke edinmi\u015ftir.<\/p><p>Kalite, g\u00fcven ve s\u00fcrd\u00fcr\u00fclebilirli\u011fi temel alan yakla\u015f\u0131m\u0131yla, sadece bug\u00fcn\u00fcn de\u011fil, gelece\u011fin de ihtiya\u00e7lar\u0131n\u0131 kar\u015f\u0131layabilecek altyap\u0131y\u0131 olu\u015fturmay\u0131 ama\u00e7layan firmam\u0131z, kendi alan\u0131nda lider ve \u00f6rnek g\u00f6sterilen bir marka olmay\u0131 vizyon edinmi\u015ftir.<\/p>\t\t\t\t\t\t\t\t<\/div>\n\t\t\t\t<\/div>\n\t\t\t\t<\/div>\n\t\t<div class=\"elementor-element elementor-element-344e3a92 e-con-full e-flex e-con e-child\" data-id=\"344e3a92\" data-element_type=\"container\" data-e-type=\"container\">\n\t\t\t\t<div class=\"elementor-element elementor-element-462feb32 elementor-widget elementor-widget-image\" data-id=\"462feb32\" data-element_type=\"widget\" data-e-type=\"widget\" data-widget_type=\"image.default\">\n\t\t\t\t<div class=\"elementor-widget-container\">\n\t\t\t\t\t\t\t\t\t\t\t\t\t\t\t<img decoding=\"async\" width=\"390\" height=\"599\" src=\"https:\/\/bodur.com.tr\/wp-content\/uploads\/vizyon-misyon.png\" class=\"attachment-full size-full wp-image-13990\" alt=\"vizyon misyon\" srcset=\"https:\/\/bodur.com.tr\/wp-content\/uploads\/vizyon-misyon.png 390w, https:\/\/bodur.com.tr\/wp-content\/uploads\/vizyon-misyon-150x230.png 150w, https:\/\/bodur.com.tr\/wp-content\/uploads\/vizyon-misyon-195x300.png 195w\" sizes=\"(max-width: 390px) 100vw, 390px\" \/>\t\t\t\t\t\t\t\t\t\t\t\t\t\t\t<\/div>\n\t\t\t\t<\/div>\n\t\t\t\t<\/div>\n\t\t<div class=\"elementor-element elementor-element-274f39ce e-con-full e-flex e-con e-child\" data-id=\"274f39ce\" data-element_type=\"container\" data-e-type=\"container\">\n\t\t\t\t<div class=\"elementor-element elementor-element-872d3a color-scheme-inherit text-left elementor-widget elementor-widget-text-editor\" data-id=\"872d3a\" data-element_type=\"widget\" data-e-type=\"widget\" data-widget_type=\"text-editor.default\">\n\t\t\t\t<div class=\"elementor-widget-container\">\n\t\t\t\t\t\t\t\t\t<p><strong><span style=\"color: #0163a0;\">Missiomme<\/span><\/strong><\/p>\t\t\t\t\t\t\t\t<\/div>\n\t\t\t\t<\/div>\n\t\t\t\t<div class=\"elementor-element elementor-element-437515f6 color-scheme-inherit text-left elementor-widget elementor-widget-text-editor\" data-id=\"437515f6\" data-element_type=\"widget\" data-e-type=\"widget\" data-widget_type=\"text-editor.default\">\n\t\t\t\t<div class=\"elementor-widget-container\">\n\t\t\t\t\t\t\t\t\t<p>Bodur End\u00fcstriyel, m\u00fc\u015fterilerinin ve i\u015f ortaklar\u0131n\u0131n ihtiya\u00e7lar\u0131na uygun, yenilik\u00e7i ve s\u00fcrd\u00fcr\u00fclebilir \u00e7\u00f6z\u00fcmler \u00fcretmeyi; m\u00fc\u015fteri memnuniyetini kal\u0131c\u0131 k\u0131lmay\u0131; \u00fcr\u00fcn ve hizmetlerinde fayda-fiyat dengesini en \u00fcst seviyede sunmay\u0131 ilke edinmi\u015ftir.<\/p><p>Teknolojiyi yak\u0131ndan takip ederek s\u00fcrekli b\u00fcy\u00fcmeyi, sekt\u00f6rel geli\u015fmelere h\u0131zla uyum sa\u011flamay\u0131, \u00e7al\u0131\u015fanlar\u0131n\u0131n geli\u015fimini desteklemeyi ve t\u00fcm faaliyetlerinde etik de\u011ferleri g\u00f6zeterek uzun vadeli i\u015f birlikleri kurmay\u0131 hedeflemektedir.<\/p>\t\t\t\t\t\t\t\t<\/div>\n\t\t\t\t<\/div>\n\t\t\t\t<\/div>\n\t\t\t\t\t<\/div>\n\t\t\t\t<\/div>\n\t\t\t\t<\/div>","protected":false},"excerpt":{"rendered":"<p>KAL\u0130TE POL\u0130T\u0130KAMIZ Bodur End\u00fcstriyel kendi sekt\u00f6r\u00fcnde \u00fcr\u00fcn ve hizmet kalitesiyle olu\u015fturdu\u011fu g\u00fcvenin s\u00fcreklili\u011fini sa\u011flamay\u0131 ilke edinerek; S\u00fcrekli m\u00fc\u015fteri memnuniyeti sunmay\u0131,<\/p>","protected":false},"author":1,"featured_media":0,"parent":0,"menu_order":0,"comment_status":"closed","ping_status":"closed","template":"","meta":{"footnotes":""},"class_list":["post-21473","page","type-page","status-publish","hentry"],"yoast_head":"<!-- This site is optimized with the Yoast SEO plugin v27.3 - https:\/\/yoast.com\/product\/yoast-seo-wordpress\/ -->\n<title>Kalite Politikas\u0131<\/title>\n<meta name=\"robots\" content=\"index, follow, max-snippet:-1, max-image-preview:large, max-video-preview:-1\" \/>\n<link rel=\"canonical\" href=\"https:\/\/bodur.com.tr\/fi\/kalite-politikasi\/\" \/>\n<meta property=\"og:locale\" content=\"fi_FI\" \/>\n<meta property=\"og:type\" content=\"article\" \/>\n<meta property=\"og:title\" content=\"Kalite Politikas\u0131\" \/>\n<meta property=\"og:description\" content=\"KAL\u0130TE POL\u0130T\u0130KAMIZ Bodur End\u00fcstriyel kendi sekt\u00f6r\u00fcnde \u00fcr\u00fcn ve hizmet kalitesiyle olu\u015fturdu\u011fu g\u00fcvenin s\u00fcreklili\u011fini sa\u011flamay\u0131 ilke edinerek; S\u00fcrekli m\u00fc\u015fteri memnuniyeti sunmay\u0131,\" \/>\n<meta property=\"og:url\" content=\"https:\/\/bodur.com.tr\/fi\/kalite-politikasi\/\" \/>\n<meta property=\"og:site_name\" content=\"Bodur End\u00fcstriyel\" \/>\n<meta property=\"article:publisher\" content=\"https:\/\/www.facebook.com\/bodurendustriyel\" \/>\n<meta property=\"article:modified_time\" content=\"2025-05-19T19:06:49+00:00\" \/>\n<meta property=\"og:image\" content=\"https:\/\/bodur.com.tr\/wp-content\/uploads\/vizyon-misyon.png\" \/>\n\t<meta property=\"og:image:width\" content=\"390\" \/>\n\t<meta property=\"og:image:height\" content=\"599\" \/>\n\t<meta property=\"og:image:type\" content=\"image\/png\" \/>\n<meta name=\"twitter:card\" content=\"summary_large_image\" \/>\n<script type=\"application\/ld+json\" class=\"yoast-schema-graph\">{\"@context\":\"https:\\\/\\\/schema.org\",\"@graph\":[{\"@type\":\"WebPage\",\"@id\":\"https:\\\/\\\/bodur.com.tr\\\/kalite-politikasi\",\"url\":\"https:\\\/\\\/bodur.com.tr\\\/kalite-politikasi\",\"name\":\"Kalite Politikas\u0131\",\"isPartOf\":{\"@id\":\"https:\\\/\\\/bodur.com.tr\\\/#website\"},\"primaryImageOfPage\":{\"@id\":\"https:\\\/\\\/bodur.com.tr\\\/kalite-politikasi#primaryimage\"},\"image\":{\"@id\":\"https:\\\/\\\/bodur.com.tr\\\/kalite-politikasi#primaryimage\"},\"thumbnailUrl\":\"https:\\\/\\\/bodur.com.tr\\\/wp-content\\\/uploads\\\/vizyon-misyon.png\",\"datePublished\":\"2025-05-18T16:07:35+00:00\",\"dateModified\":\"2025-05-19T19:06:49+00:00\",\"breadcrumb\":{\"@id\":\"https:\\\/\\\/bodur.com.tr\\\/kalite-politikasi#breadcrumb\"},\"inLanguage\":\"fi\",\"potentialAction\":[{\"@type\":\"ReadAction\",\"target\":[\"https:\\\/\\\/bodur.com.tr\\\/kalite-politikasi\"]}]},{\"@type\":\"ImageObject\",\"inLanguage\":\"fi\",\"@id\":\"https:\\\/\\\/bodur.com.tr\\\/kalite-politikasi#primaryimage\",\"url\":\"https:\\\/\\\/bodur.com.tr\\\/wp-content\\\/uploads\\\/vizyon-misyon.png\",\"contentUrl\":\"https:\\\/\\\/bodur.com.tr\\\/wp-content\\\/uploads\\\/vizyon-misyon.png\"},{\"@type\":\"BreadcrumbList\",\"@id\":\"https:\\\/\\\/bodur.com.tr\\\/kalite-politikasi#breadcrumb\",\"itemListElement\":[{\"@type\":\"ListItem\",\"position\":1,\"name\":\"Anasayfa\",\"item\":\"https:\\\/\\\/bodur.com.tr\\\/\"},{\"@type\":\"ListItem\",\"position\":2,\"name\":\"Kalite Politikas\u0131\"}]},{\"@type\":\"WebSite\",\"@id\":\"https:\\\/\\\/bodur.com.tr\\\/#website\",\"url\":\"https:\\\/\\\/bodur.com.tr\\\/\",\"name\":\"Bodur End\u00fcstriyel\",\"description\":\"\",\"publisher\":{\"@id\":\"https:\\\/\\\/bodur.com.tr\\\/#organization\"},\"potentialAction\":[{\"@type\":\"SearchAction\",\"target\":{\"@type\":\"EntryPoint\",\"urlTemplate\":\"https:\\\/\\\/bodur.com.tr\\\/?s={search_term_string}\"},\"query-input\":{\"@type\":\"PropertyValueSpecification\",\"valueRequired\":true,\"valueName\":\"search_term_string\"}}],\"inLanguage\":\"fi\"},{\"@type\":\"Organization\",\"@id\":\"https:\\\/\\\/bodur.com.tr\\\/#organization\",\"name\":\"Bodur End\u00fcstriyel\",\"url\":\"https:\\\/\\\/bodur.com.tr\\\/\",\"logo\":{\"@type\":\"ImageObject\",\"inLanguage\":\"fi\",\"@id\":\"https:\\\/\\\/bodur.com.tr\\\/#\\\/schema\\\/logo\\\/image\\\/\",\"url\":\"https:\\\/\\\/bodur.com.tr\\\/wp-content\\\/uploads\\\/51834268_258721005017375_5556593430731161600_n.jpg\",\"contentUrl\":\"https:\\\/\\\/bodur.com.tr\\\/wp-content\\\/uploads\\\/51834268_258721005017375_5556593430731161600_n.jpg\",\"width\":320,\"height\":320,\"caption\":\"Bodur End\u00fcstriyel\"},\"image\":{\"@id\":\"https:\\\/\\\/bodur.com.tr\\\/#\\\/schema\\\/logo\\\/image\\\/\"},\"sameAs\":[\"https:\\\/\\\/www.facebook.com\\\/bodurendustriyel\",\"https:\\\/\\\/www.instagram.com\\\/bodurendustriyel\\\/\",\"https:\\\/\\\/www.youtube.com\\\/user\\\/harunbodur\"]}]}<\/script>\n<!-- \/ Yoast SEO plugin. -->","yoast_head_json":{"title":"Laatupolitiikka","robots":{"index":"index","follow":"follow","max-snippet":"max-snippet:-1","max-image-preview":"max-image-preview:large","max-video-preview":"max-video-preview:-1"},"canonical":"https:\/\/bodur.com.tr\/fi\/kalite-politikasi\/","og_locale":"fi_FI","og_type":"article","og_title":"Kalite Politikas\u0131","og_description":"KAL\u0130TE POL\u0130T\u0130KAMIZ Bodur End\u00fcstriyel kendi sekt\u00f6r\u00fcnde \u00fcr\u00fcn ve hizmet kalitesiyle olu\u015fturdu\u011fu g\u00fcvenin s\u00fcreklili\u011fini sa\u011flamay\u0131 ilke edinerek; S\u00fcrekli m\u00fc\u015fteri memnuniyeti sunmay\u0131,","og_url":"https:\/\/bodur.com.tr\/fi\/kalite-politikasi\/","og_site_name":"Bodur End\u00fcstriyel","article_publisher":"https:\/\/www.facebook.com\/bodurendustriyel","article_modified_time":"2025-05-19T19:06:49+00:00","og_image":[{"width":390,"height":599,"url":"https:\/\/bodur.com.tr\/wp-content\/uploads\/vizyon-misyon.png","type":"image\/png"}],"twitter_card":"summary_large_image","schema":{"@context":"https:\/\/schema.org","@graph":[{"@type":"WebPage","@id":"https:\/\/bodur.com.tr\/kalite-politikasi","url":"https:\/\/bodur.com.tr\/kalite-politikasi","name":"Laatupolitiikka","isPartOf":{"@id":"https:\/\/bodur.com.tr\/#website"},"primaryImageOfPage":{"@id":"https:\/\/bodur.com.tr\/kalite-politikasi#primaryimage"},"image":{"@id":"https:\/\/bodur.com.tr\/kalite-politikasi#primaryimage"},"thumbnailUrl":"https:\/\/bodur.com.tr\/wp-content\/uploads\/vizyon-misyon.png","datePublished":"2025-05-18T16:07:35+00:00","dateModified":"2025-05-19T19:06:49+00:00","breadcrumb":{"@id":"https:\/\/bodur.com.tr\/kalite-politikasi#breadcrumb"},"inLanguage":"fi","potentialAction":[{"@type":"ReadAction","target":["https:\/\/bodur.com.tr\/kalite-politikasi"]}]},{"@type":"ImageObject","inLanguage":"fi","@id":"https:\/\/bodur.com.tr\/kalite-politikasi#primaryimage","url":"https:\/\/bodur.com.tr\/wp-content\/uploads\/vizyon-misyon.png","contentUrl":"https:\/\/bodur.com.tr\/wp-content\/uploads\/vizyon-misyon.png"},{"@type":"BreadcrumbList","@id":"https:\/\/bodur.com.tr\/kalite-politikasi#breadcrumb","itemListElement":[{"@type":"ListItem","position":1,"name":"Anasayfa","item":"https:\/\/bodur.com.tr\/"},{"@type":"ListItem","position":2,"name":"Kalite Politikas\u0131"}]},{"@type":"WebSite","@id":"https:\/\/bodur.com.tr\/#website","url":"https:\/\/bodur.com.tr\/","name":"Bodur Industrial","description":"","publisher":{"@id":"https:\/\/bodur.com.tr\/#organization"},"potentialAction":[{"@type":"SearchAction","target":{"@type":"EntryPoint","urlTemplate":"https:\/\/bodur.com.tr\/?s={search_term_string}"},"query-input":{"@type":"PropertyValueSpecification","valueRequired":true,"valueName":"search_term_string"}}],"inLanguage":"fi"},{"@type":"Organization","@id":"https:\/\/bodur.com.tr\/#organization","name":"Bodur Industrial","url":"https:\/\/bodur.com.tr\/","logo":{"@type":"ImageObject","inLanguage":"fi","@id":"https:\/\/bodur.com.tr\/#\/schema\/logo\/image\/","url":"https:\/\/bodur.com.tr\/wp-content\/uploads\/51834268_258721005017375_5556593430731161600_n.jpg","contentUrl":"https:\/\/bodur.com.tr\/wp-content\/uploads\/51834268_258721005017375_5556593430731161600_n.jpg","width":320,"height":320,"caption":"Bodur End\u00fcstriyel"},"image":{"@id":"https:\/\/bodur.com.tr\/#\/schema\/logo\/image\/"},"sameAs":["https:\/\/www.facebook.com\/bodurendustriyel","https:\/\/www.instagram.com\/bodurendustriyel\/","https:\/\/www.youtube.com\/user\/harunbodur"]}]}},"_links":{"self":[{"href":"https:\/\/bodur.com.tr\/fi\/wp-json\/wp\/v2\/pages\/21473","targetHints":{"allow":["GET"]}}],"collection":[{"href":"https:\/\/bodur.com.tr\/fi\/wp-json\/wp\/v2\/pages"}],"about":[{"href":"https:\/\/bodur.com.tr\/fi\/wp-json\/wp\/v2\/types\/page"}],"author":[{"embeddable":true,"href":"https:\/\/bodur.com.tr\/fi\/wp-json\/wp\/v2\/users\/1"}],"replies":[{"embeddable":true,"href":"https:\/\/bodur.com.tr\/fi\/wp-json\/wp\/v2\/comments?post=21473"}],"version-history":[{"count":0,"href":"https:\/\/bodur.com.tr\/fi\/wp-json\/wp\/v2\/pages\/21473\/revisions"}],"wp:attachment":[{"href":"https:\/\/bodur.com.tr\/fi\/wp-json\/wp\/v2\/media?parent=21473"}],"curies":[{"name":"wp","href":"https:\/\/api.w.org\/{rel}","templated":true}]}}