{"id":15594,"date":"2022-11-01T01:14:55","date_gmt":"2022-10-31T22:14:55","guid":{"rendered":"https:\/\/bodur.com.tr\/?post_type=product&#038;p=15594"},"modified":"2022-11-01T01:31:34","modified_gmt":"2022-10-31T22:31:34","slug":"36-18-60-02-alt-baglanti","status":"publish","type":"product","link":"https:\/\/bodur.com.tr\/et\/urun\/36-18-60-02-alt-baglanti","title":{"rendered":"36.18.60.02 Alt Ba\u011flant\u0131"},"content":{"rendered":"<p>36.18.60.02 Alt Ba\u011flant\u0131, <a href=\"https:\/\/bodur.com.tr\/et\/tooted\/letid\/moduline-calisma-tezgahlari\/\">Modulaarne<\/a> \u00c7al\u0131\u015fma Tezgah\u0131 serilerimizde kullan\u0131lmaktad\u0131r.<\/p>\n<ul>\n<li>Geni\u015f aksesuar se\u00e7ene\u011fi sunulmaktad\u0131r.<\/li>\n<li>Y\u00fcksek boya dayan\u0131kl\u0131l\u0131\u011f\u0131 i\u00e7in boyadan \u00f6nce fosfatlama i\u015flemi uygulanmaktad\u0131r.<\/li>\n<li>Darbe ve \u00e7izilmelere kar\u015f\u0131 en y\u00fcksek dayan\u0131kl\u0131l\u0131\u011f\u0131 sa\u011flamak i\u00e7in p\u00fct\u00fcrl\u00fc toz boya kullan\u0131lmaktad\u0131r.<\/li>\n<li>2 y\u0131l garanti ve yedek par\u00e7a deste\u011fi sunulmaktad\u0131r.<\/li>\n<\/ul>","protected":false},"excerpt":{"rendered":"<p><strong>\u00dcr\u00fcn\u00fcn Teknik \u00d6zellikleri:<\/strong><\/p>\n<ul>\n<li>H90xW620xD70 mm boyutlar\u0131nda.<\/li>\n<li>Net a\u011f\u0131rl\u0131k 2,5 kg.<\/li>\n<li>DKP ja HRP lehtmetallist materjalid.<\/li>\n<li>Elektrostatik toz boya.<\/li>\n<li>RAL7011 (Koyu gri)(De\u011fi\u015ftirilebilir)<\/li>\n<\/ul>","protected":false},"featured_media":15595,"template":"","meta":[],"product_brand":[],"product_cat":[17],"product_tag":[],"class_list":{"0":"post-15594","1":"product","2":"type-product","3":"status-publish","4":"has-post-thumbnail","6":"product_cat-moduline-moduller","8":"first","9":"instock","10":"shipping-taxable","11":"product-type-simple"},"yoast_head":"<!-- This site is optimized with the Yoast SEO plugin v27.4 - https:\/\/yoast.com\/product\/yoast-seo-wordpress\/ -->\n<title>36.18.60.02 Alt Ba\u011flant\u0131<\/title>\n<meta name=\"robots\" content=\"index, follow, max-snippet:-1, max-image-preview:large, max-video-preview:-1\" \/>\n<link rel=\"canonical\" href=\"https:\/\/bodur.com.tr\/et\/product\/36-18-60-02-alt-baglanti\/\" \/>\n<meta property=\"og:locale\" content=\"et_EE\" \/>\n<meta property=\"og:type\" content=\"article\" \/>\n<meta property=\"og:title\" content=\"36.18.60.02 Alt Ba\u011flant\u0131\" \/>\n<meta property=\"og:description\" content=\"\u00dcr\u00fcn\u00fcn Teknik \u00d6zellikleri:   H90xW620xD70 mm boyutlar\u0131nda.  Net a\u011f\u0131rl\u0131k 2,5 kg.  DKP ve HRP sac malzeme.  Elektrostatik toz boya.  RAL7011 (Koyu gri)(De\u011fi\u015ftirilebilir)\" \/>\n<meta property=\"og:url\" content=\"https:\/\/bodur.com.tr\/et\/product\/36-18-60-02-alt-baglanti\/\" \/>\n<meta property=\"og:site_name\" content=\"Bodur End\u00fcstriyel\" \/>\n<meta property=\"article:publisher\" content=\"https:\/\/www.facebook.com\/bodurendustriyel\" \/>\n<meta property=\"article:modified_time\" content=\"2022-10-31T22:31:34+00:00\" \/>\n<meta property=\"og:image\" content=\"https:\/\/bodur.com.tr\/wp-content\/uploads\/36186002_Alt_Baglanti_r1.jpg\" \/>\n\t<meta property=\"og:image:width\" content=\"2480\" \/>\n\t<meta property=\"og:image:height\" content=\"2480\" \/>\n\t<meta property=\"og:image:type\" content=\"image\/jpeg\" \/>\n<meta name=\"twitter:card\" content=\"summary_large_image\" \/>\n<script type=\"application\/ld+json\" class=\"yoast-schema-graph\">{\"@context\":\"https:\\\/\\\/schema.org\",\"@graph\":[{\"@type\":\"WebPage\",\"@id\":\"https:\\\/\\\/bodur.com.tr\\\/urun\\\/36-18-60-02-alt-baglanti\",\"url\":\"https:\\\/\\\/bodur.com.tr\\\/urun\\\/36-18-60-02-alt-baglanti\",\"name\":\"36.18.60.02 Alt Ba\u011flant\u0131\",\"isPartOf\":{\"@id\":\"https:\\\/\\\/bodur.com.tr\\\/#website\"},\"primaryImageOfPage\":{\"@id\":\"https:\\\/\\\/bodur.com.tr\\\/urun\\\/36-18-60-02-alt-baglanti#primaryimage\"},\"image\":{\"@id\":\"https:\\\/\\\/bodur.com.tr\\\/urun\\\/36-18-60-02-alt-baglanti#primaryimage\"},\"thumbnailUrl\":\"https:\\\/\\\/bodur.com.tr\\\/wp-content\\\/uploads\\\/36186002_Alt_Baglanti_r1.jpg\",\"datePublished\":\"2022-10-31T22:14:55+00:00\",\"dateModified\":\"2022-10-31T22:31:34+00:00\",\"breadcrumb\":{\"@id\":\"https:\\\/\\\/bodur.com.tr\\\/urun\\\/36-18-60-02-alt-baglanti#breadcrumb\"},\"inLanguage\":\"et\",\"potentialAction\":[{\"@type\":\"ReadAction\",\"target\":[\"https:\\\/\\\/bodur.com.tr\\\/urun\\\/36-18-60-02-alt-baglanti\"]}]},{\"@type\":\"ImageObject\",\"inLanguage\":\"et\",\"@id\":\"https:\\\/\\\/bodur.com.tr\\\/urun\\\/36-18-60-02-alt-baglanti#primaryimage\",\"url\":\"https:\\\/\\\/bodur.com.tr\\\/wp-content\\\/uploads\\\/36186002_Alt_Baglanti_r1.jpg\",\"contentUrl\":\"https:\\\/\\\/bodur.com.tr\\\/wp-content\\\/uploads\\\/36186002_Alt_Baglanti_r1.jpg\",\"width\":2480,\"height\":2480,\"caption\":\"36.18.60.02 Alt Ba\u011flant\u0131\"},{\"@type\":\"BreadcrumbList\",\"@id\":\"https:\\\/\\\/bodur.com.tr\\\/urun\\\/36-18-60-02-alt-baglanti#breadcrumb\",\"itemListElement\":[{\"@type\":\"ListItem\",\"position\":1,\"name\":\"Anasayfa\",\"item\":\"https:\\\/\\\/bodur.com.tr\\\/\"},{\"@type\":\"ListItem\",\"position\":2,\"name\":\"\u00dcr\u00fcnler\",\"item\":\"https:\\\/\\\/bodur.com.tr\\\/magaza\"},{\"@type\":\"ListItem\",\"position\":3,\"name\":\"36.18.60.02 Alt Ba\u011flant\u0131\"}]},{\"@type\":\"WebSite\",\"@id\":\"https:\\\/\\\/bodur.com.tr\\\/#website\",\"url\":\"https:\\\/\\\/bodur.com.tr\\\/\",\"name\":\"Bodur End\u00fcstriyel\",\"description\":\"\",\"publisher\":{\"@id\":\"https:\\\/\\\/bodur.com.tr\\\/#organization\"},\"potentialAction\":[{\"@type\":\"SearchAction\",\"target\":{\"@type\":\"EntryPoint\",\"urlTemplate\":\"https:\\\/\\\/bodur.com.tr\\\/?s={search_term_string}\"},\"query-input\":{\"@type\":\"PropertyValueSpecification\",\"valueRequired\":true,\"valueName\":\"search_term_string\"}}],\"inLanguage\":\"et\"},{\"@type\":\"Organization\",\"@id\":\"https:\\\/\\\/bodur.com.tr\\\/#organization\",\"name\":\"Bodur End\u00fcstriyel\",\"url\":\"https:\\\/\\\/bodur.com.tr\\\/\",\"logo\":{\"@type\":\"ImageObject\",\"inLanguage\":\"et\",\"@id\":\"https:\\\/\\\/bodur.com.tr\\\/#\\\/schema\\\/logo\\\/image\\\/\",\"url\":\"https:\\\/\\\/bodur.com.tr\\\/wp-content\\\/uploads\\\/51834268_258721005017375_5556593430731161600_n.jpg\",\"contentUrl\":\"https:\\\/\\\/bodur.com.tr\\\/wp-content\\\/uploads\\\/51834268_258721005017375_5556593430731161600_n.jpg\",\"width\":320,\"height\":320,\"caption\":\"Bodur End\u00fcstriyel\"},\"image\":{\"@id\":\"https:\\\/\\\/bodur.com.tr\\\/#\\\/schema\\\/logo\\\/image\\\/\"},\"sameAs\":[\"https:\\\/\\\/www.facebook.com\\\/bodurendustriyel\",\"https:\\\/\\\/www.instagram.com\\\/bodurendustriyel\\\/\",\"https:\\\/\\\/www.youtube.com\\\/user\\\/harunbodur\"]}]}<\/script>\n<!-- \/ Yoast SEO plugin. -->","yoast_head_json":{"title":"36.18.60.02 Alt Ba\u011flant\u0131","robots":{"index":"index","follow":"follow","max-snippet":"max-snippet:-1","max-image-preview":"max-image-preview:large","max-video-preview":"max-video-preview:-1"},"canonical":"https:\/\/bodur.com.tr\/et\/product\/36-18-60-02-alt-baglanti\/","og_locale":"et_EE","og_type":"article","og_title":"36.18.60.02 Alt Ba\u011flant\u0131","og_description":"\u00dcr\u00fcn\u00fcn Teknik \u00d6zellikleri:   H90xW620xD70 mm boyutlar\u0131nda.  Net a\u011f\u0131rl\u0131k 2,5 kg.  DKP ve HRP sac malzeme.  Elektrostatik toz boya.  RAL7011 (Koyu gri)(De\u011fi\u015ftirilebilir)","og_url":"https:\/\/bodur.com.tr\/et\/product\/36-18-60-02-alt-baglanti\/","og_site_name":"Bodur End\u00fcstriyel","article_publisher":"https:\/\/www.facebook.com\/bodurendustriyel","article_modified_time":"2022-10-31T22:31:34+00:00","og_image":[{"width":2480,"height":2480,"url":"https:\/\/bodur.com.tr\/wp-content\/uploads\/36186002_Alt_Baglanti_r1.jpg","type":"image\/jpeg"}],"twitter_card":"summary_large_image","schema":{"@context":"https:\/\/schema.org","@graph":[{"@type":"WebPage","@id":"https:\/\/bodur.com.tr\/urun\/36-18-60-02-alt-baglanti","url":"https:\/\/bodur.com.tr\/urun\/36-18-60-02-alt-baglanti","name":"36.18.60.02 Alt Ba\u011flant\u0131","isPartOf":{"@id":"https:\/\/bodur.com.tr\/#website"},"primaryImageOfPage":{"@id":"https:\/\/bodur.com.tr\/urun\/36-18-60-02-alt-baglanti#primaryimage"},"image":{"@id":"https:\/\/bodur.com.tr\/urun\/36-18-60-02-alt-baglanti#primaryimage"},"thumbnailUrl":"https:\/\/bodur.com.tr\/wp-content\/uploads\/36186002_Alt_Baglanti_r1.jpg","datePublished":"2022-10-31T22:14:55+00:00","dateModified":"2022-10-31T22:31:34+00:00","breadcrumb":{"@id":"https:\/\/bodur.com.tr\/urun\/36-18-60-02-alt-baglanti#breadcrumb"},"inLanguage":"et","potentialAction":[{"@type":"ReadAction","target":["https:\/\/bodur.com.tr\/urun\/36-18-60-02-alt-baglanti"]}]},{"@type":"ImageObject","inLanguage":"et","@id":"https:\/\/bodur.com.tr\/urun\/36-18-60-02-alt-baglanti#primaryimage","url":"https:\/\/bodur.com.tr\/wp-content\/uploads\/36186002_Alt_Baglanti_r1.jpg","contentUrl":"https:\/\/bodur.com.tr\/wp-content\/uploads\/36186002_Alt_Baglanti_r1.jpg","width":2480,"height":2480,"caption":"36.18.60.02 Alt Ba\u011flant\u0131"},{"@type":"BreadcrumbList","@id":"https:\/\/bodur.com.tr\/urun\/36-18-60-02-alt-baglanti#breadcrumb","itemListElement":[{"@type":"ListItem","position":1,"name":"Anasayfa","item":"https:\/\/bodur.com.tr\/"},{"@type":"ListItem","position":2,"name":"\u00dcr\u00fcnler","item":"https:\/\/bodur.com.tr\/magaza"},{"@type":"ListItem","position":3,"name":"36.18.60.02 Alt Ba\u011flant\u0131"}]},{"@type":"WebSite","@id":"https:\/\/bodur.com.tr\/#website","url":"https:\/\/bodur.com.tr\/","name":"Bodur Industrial","description":"","publisher":{"@id":"https:\/\/bodur.com.tr\/#organization"},"potentialAction":[{"@type":"SearchAction","target":{"@type":"EntryPoint","urlTemplate":"https:\/\/bodur.com.tr\/?s={search_term_string}"},"query-input":{"@type":"PropertyValueSpecification","valueRequired":true,"valueName":"search_term_string"}}],"inLanguage":"et"},{"@type":"Organization","@id":"https:\/\/bodur.com.tr\/#organization","name":"Bodur Industrial","url":"https:\/\/bodur.com.tr\/","logo":{"@type":"ImageObject","inLanguage":"et","@id":"https:\/\/bodur.com.tr\/#\/schema\/logo\/image\/","url":"https:\/\/bodur.com.tr\/wp-content\/uploads\/51834268_258721005017375_5556593430731161600_n.jpg","contentUrl":"https:\/\/bodur.com.tr\/wp-content\/uploads\/51834268_258721005017375_5556593430731161600_n.jpg","width":320,"height":320,"caption":"Bodur End\u00fcstriyel"},"image":{"@id":"https:\/\/bodur.com.tr\/#\/schema\/logo\/image\/"},"sameAs":["https:\/\/www.facebook.com\/bodurendustriyel","https:\/\/www.instagram.com\/bodurendustriyel\/","https:\/\/www.youtube.com\/user\/harunbodur"]}]}},"_links":{"self":[{"href":"https:\/\/bodur.com.tr\/et\/wp-json\/wp\/v2\/product\/15594","targetHints":{"allow":["GET"]}}],"collection":[{"href":"https:\/\/bodur.com.tr\/et\/wp-json\/wp\/v2\/product"}],"about":[{"href":"https:\/\/bodur.com.tr\/et\/wp-json\/wp\/v2\/types\/product"}],"wp:featuredmedia":[{"embeddable":true,"href":"https:\/\/bodur.com.tr\/et\/wp-json\/wp\/v2\/media\/15595"}],"wp:attachment":[{"href":"https:\/\/bodur.com.tr\/et\/wp-json\/wp\/v2\/media?parent=15594"}],"wp:term":[{"taxonomy":"product_brand","embeddable":true,"href":"https:\/\/bodur.com.tr\/et\/wp-json\/wp\/v2\/product_brand?post=15594"},{"taxonomy":"product_cat","embeddable":true,"href":"https:\/\/bodur.com.tr\/et\/wp-json\/wp\/v2\/product_cat?post=15594"},{"taxonomy":"product_tag","embeddable":true,"href":"https:\/\/bodur.com.tr\/et\/wp-json\/wp\/v2\/product_tag?post=15594"}],"curies":[{"name":"wp","href":"https:\/\/api.w.org\/{rel}","templated":true}]}}