{"id":1695,"date":"2021-05-02T00:00:00","date_gmt":"2021-05-01T21:00:00","guid":{"rendered":"https:\/\/bodur.com.tr\/urun\/36-18-50-06-takim-arabasi-x7"},"modified":"2022-11-01T12:13:30","modified_gmt":"2022-11-01T09:13:30","slug":"36-18-50-06-team-car-x7","status":"publish","type":"product","link":"https:\/\/bodur.com.tr\/en\/urun\/36-18-50-06-takim-arabasi-x7","title":{"rendered":"36.18.50.06 Tool Cart (x7)"},"content":{"rendered":"<p>36.18.50.06 7-Drawer Tool Cart, <a href=\"https:\/\/bodur.com.tr\/en\/products\/counters\/proline-workbenches\/\">Proline\u00a0<\/a>And\u00a0<a href=\"https:\/\/bodur.com.tr\/en\/products\/counters\/moduline-workbenches\/\">Moduline<\/a>\u00a0It is used in our Workbench series. It is manufactured from DKP and HRP sheet metal and can be painted in the colors available in our color options.<\/p>\n<ul>\n<li>Our products use 100mm wheels.<\/li>\n<li>All drawers and doors are lockable.<\/li>\n<li>The drawers use telescopic rails, increasing their durability.<\/li>\n<li>Phosphating is applied before painting to ensure high paint durability.<\/li>\n<li>Textured powder coating is used to provide maximum resistance to impacts and scratches.<\/li>\n<li>A 2-year warranty and spare parts support are provided.<\/li>\n<\/ul>\n<p>&nbsp;<\/p>","protected":false},"excerpt":{"rendered":"<p><strong>Product Technical Specifications:<\/strong><\/p>\n<ul>\n<li>Dimensions: H802xW580xD500 mm.<\/li>\n<li>Net weight 45 kg.<\/li>\n<li>DKP and HRP sheet metal materials.<\/li>\n<li>Electrostatic powder coating.<\/li>\n<li>RAL7016 (Anthracite grey) and RAL7011 (Dark grey) (Subject to change)<\/li>\n<\/ul>","protected":false},"featured_media":1696,"template":"","meta":[],"product_brand":[],"product_cat":[17],"product_tag":[],"class_list":{"0":"post-1695","1":"product","2":"type-product","3":"status-publish","4":"has-post-thumbnail","6":"product_cat-moduline-moduller","8":"first","9":"instock","10":"shipping-taxable","11":"product-type-simple"},"yoast_head":"<!-- This site is optimized with the Yoast SEO plugin v27.4 - https:\/\/yoast.com\/product\/yoast-seo-wordpress\/ -->\n<title>36.18.50.06 Tak\u0131m Arabas\u0131 (x7)<\/title>\n<meta name=\"robots\" content=\"index, follow, max-snippet:-1, max-image-preview:large, max-video-preview:-1\" \/>\n<link rel=\"canonical\" href=\"https:\/\/bodur.com.tr\/en\/product\/36-18-50-06-team-car-x7\/\" \/>\n<meta property=\"og:locale\" content=\"en_US\" \/>\n<meta property=\"og:type\" content=\"article\" \/>\n<meta property=\"og:title\" content=\"36.18.50.06 Tak\u0131m Arabas\u0131 (x7)\" \/>\n<meta property=\"og:description\" content=\"\u00dcr\u00fcn\u00fcn Teknik \u00d6zellikleri:   H802xW580xD500 mm boyutlar\u0131nda.  Net a\u011f\u0131rl\u0131k 45 kg.  DKP ve HRP sac malzeme.  Elektrostatik toz boya.  RAL7016 (Antrasit gri) ve RAL7011 (Koyu gri)(De\u011fi\u015ftirilebilir)\" \/>\n<meta property=\"og:url\" content=\"https:\/\/bodur.com.tr\/en\/product\/36-18-50-06-team-car-x7\/\" \/>\n<meta property=\"og:site_name\" content=\"Bodur End\u00fcstriyel\" \/>\n<meta property=\"article:publisher\" content=\"https:\/\/www.facebook.com\/bodurendustriyel\" \/>\n<meta property=\"article:modified_time\" content=\"2022-11-01T09:13:30+00:00\" \/>\n<meta property=\"og:image\" content=\"https:\/\/bodur.com.tr\/wp-content\/uploads\/36185006_Takim_Arabasi_r1.jpg\" \/>\n\t<meta property=\"og:image:width\" content=\"1024\" \/>\n\t<meta property=\"og:image:height\" content=\"1024\" \/>\n\t<meta property=\"og:image:type\" content=\"image\/jpeg\" \/>\n<meta name=\"twitter:card\" content=\"summary_large_image\" \/>\n<script type=\"application\/ld+json\" class=\"yoast-schema-graph\">{\"@context\":\"https:\\\/\\\/schema.org\",\"@graph\":[{\"@type\":\"WebPage\",\"@id\":\"https:\\\/\\\/bodur.com.tr\\\/urun\\\/36-18-50-06-takim-arabasi-x7\",\"url\":\"https:\\\/\\\/bodur.com.tr\\\/urun\\\/36-18-50-06-takim-arabasi-x7\",\"name\":\"36.18.50.06 Tak\u0131m Arabas\u0131 (x7)\",\"isPartOf\":{\"@id\":\"https:\\\/\\\/bodur.com.tr\\\/#website\"},\"primaryImageOfPage\":{\"@id\":\"https:\\\/\\\/bodur.com.tr\\\/urun\\\/36-18-50-06-takim-arabasi-x7#primaryimage\"},\"image\":{\"@id\":\"https:\\\/\\\/bodur.com.tr\\\/urun\\\/36-18-50-06-takim-arabasi-x7#primaryimage\"},\"thumbnailUrl\":\"https:\\\/\\\/bodur.com.tr\\\/wp-content\\\/uploads\\\/36185006_Takim_Arabasi_r1.jpg\",\"datePublished\":\"2021-05-01T21:00:00+00:00\",\"dateModified\":\"2022-11-01T09:13:30+00:00\",\"breadcrumb\":{\"@id\":\"https:\\\/\\\/bodur.com.tr\\\/urun\\\/36-18-50-06-takim-arabasi-x7#breadcrumb\"},\"inLanguage\":\"en-US\",\"potentialAction\":[{\"@type\":\"ReadAction\",\"target\":[\"https:\\\/\\\/bodur.com.tr\\\/urun\\\/36-18-50-06-takim-arabasi-x7\"]}]},{\"@type\":\"ImageObject\",\"inLanguage\":\"en-US\",\"@id\":\"https:\\\/\\\/bodur.com.tr\\\/urun\\\/36-18-50-06-takim-arabasi-x7#primaryimage\",\"url\":\"https:\\\/\\\/bodur.com.tr\\\/wp-content\\\/uploads\\\/36185006_Takim_Arabasi_r1.jpg\",\"contentUrl\":\"https:\\\/\\\/bodur.com.tr\\\/wp-content\\\/uploads\\\/36185006_Takim_Arabasi_r1.jpg\",\"width\":1024,\"height\":1024,\"caption\":\"36185006_Tak\u0131m_Arabasi_01\"},{\"@type\":\"BreadcrumbList\",\"@id\":\"https:\\\/\\\/bodur.com.tr\\\/urun\\\/36-18-50-06-takim-arabasi-x7#breadcrumb\",\"itemListElement\":[{\"@type\":\"ListItem\",\"position\":1,\"name\":\"Anasayfa\",\"item\":\"https:\\\/\\\/bodur.com.tr\\\/\"},{\"@type\":\"ListItem\",\"position\":2,\"name\":\"\u00dcr\u00fcnler\",\"item\":\"https:\\\/\\\/bodur.com.tr\\\/magaza\"},{\"@type\":\"ListItem\",\"position\":3,\"name\":\"36.18.50.06 Tak\u0131m Arabas\u0131 (x7)\"}]},{\"@type\":\"WebSite\",\"@id\":\"https:\\\/\\\/bodur.com.tr\\\/#website\",\"url\":\"https:\\\/\\\/bodur.com.tr\\\/\",\"name\":\"Bodur End\u00fcstriyel\",\"description\":\"\",\"publisher\":{\"@id\":\"https:\\\/\\\/bodur.com.tr\\\/#organization\"},\"potentialAction\":[{\"@type\":\"SearchAction\",\"target\":{\"@type\":\"EntryPoint\",\"urlTemplate\":\"https:\\\/\\\/bodur.com.tr\\\/?s={search_term_string}\"},\"query-input\":{\"@type\":\"PropertyValueSpecification\",\"valueRequired\":true,\"valueName\":\"search_term_string\"}}],\"inLanguage\":\"en-US\"},{\"@type\":\"Organization\",\"@id\":\"https:\\\/\\\/bodur.com.tr\\\/#organization\",\"name\":\"Bodur End\u00fcstriyel\",\"url\":\"https:\\\/\\\/bodur.com.tr\\\/\",\"logo\":{\"@type\":\"ImageObject\",\"inLanguage\":\"en-US\",\"@id\":\"https:\\\/\\\/bodur.com.tr\\\/#\\\/schema\\\/logo\\\/image\\\/\",\"url\":\"https:\\\/\\\/bodur.com.tr\\\/wp-content\\\/uploads\\\/51834268_258721005017375_5556593430731161600_n.jpg\",\"contentUrl\":\"https:\\\/\\\/bodur.com.tr\\\/wp-content\\\/uploads\\\/51834268_258721005017375_5556593430731161600_n.jpg\",\"width\":320,\"height\":320,\"caption\":\"Bodur End\u00fcstriyel\"},\"image\":{\"@id\":\"https:\\\/\\\/bodur.com.tr\\\/#\\\/schema\\\/logo\\\/image\\\/\"},\"sameAs\":[\"https:\\\/\\\/www.facebook.com\\\/bodurendustriyel\",\"https:\\\/\\\/www.instagram.com\\\/bodurendustriyel\\\/\",\"https:\\\/\\\/www.youtube.com\\\/user\\\/harunbodur\"]}]}<\/script>\n<!-- \/ Yoast SEO plugin. -->","yoast_head_json":{"title":"36.18.50.06 Tool Cart (x7)","robots":{"index":"index","follow":"follow","max-snippet":"max-snippet:-1","max-image-preview":"max-image-preview:large","max-video-preview":"max-video-preview:-1"},"canonical":"https:\/\/bodur.com.tr\/en\/product\/36-18-50-06-team-car-x7\/","og_locale":"en_US","og_type":"article","og_title":"36.18.50.06 Tak\u0131m Arabas\u0131 (x7)","og_description":"\u00dcr\u00fcn\u00fcn Teknik \u00d6zellikleri:   H802xW580xD500 mm boyutlar\u0131nda.  Net a\u011f\u0131rl\u0131k 45 kg.  DKP ve HRP sac malzeme.  Elektrostatik toz boya.  RAL7016 (Antrasit gri) ve RAL7011 (Koyu gri)(De\u011fi\u015ftirilebilir)","og_url":"https:\/\/bodur.com.tr\/en\/product\/36-18-50-06-team-car-x7\/","og_site_name":"Bodur End\u00fcstriyel","article_publisher":"https:\/\/www.facebook.com\/bodurendustriyel","article_modified_time":"2022-11-01T09:13:30+00:00","og_image":[{"width":1024,"height":1024,"url":"https:\/\/bodur.com.tr\/wp-content\/uploads\/36185006_Takim_Arabasi_r1.jpg","type":"image\/jpeg"}],"twitter_card":"summary_large_image","schema":{"@context":"https:\/\/schema.org","@graph":[{"@type":"WebPage","@id":"https:\/\/bodur.com.tr\/urun\/36-18-50-06-takim-arabasi-x7","url":"https:\/\/bodur.com.tr\/urun\/36-18-50-06-takim-arabasi-x7","name":"36.18.50.06 Tool Cart (x7)","isPartOf":{"@id":"https:\/\/bodur.com.tr\/#website"},"primaryImageOfPage":{"@id":"https:\/\/bodur.com.tr\/urun\/36-18-50-06-takim-arabasi-x7#primaryimage"},"image":{"@id":"https:\/\/bodur.com.tr\/urun\/36-18-50-06-takim-arabasi-x7#primaryimage"},"thumbnailUrl":"https:\/\/bodur.com.tr\/wp-content\/uploads\/36185006_Takim_Arabasi_r1.jpg","datePublished":"2021-05-01T21:00:00+00:00","dateModified":"2022-11-01T09:13:30+00:00","breadcrumb":{"@id":"https:\/\/bodur.com.tr\/urun\/36-18-50-06-takim-arabasi-x7#breadcrumb"},"inLanguage":"en-US","potentialAction":[{"@type":"ReadAction","target":["https:\/\/bodur.com.tr\/urun\/36-18-50-06-takim-arabasi-x7"]}]},{"@type":"ImageObject","inLanguage":"en-US","@id":"https:\/\/bodur.com.tr\/urun\/36-18-50-06-takim-arabasi-x7#primaryimage","url":"https:\/\/bodur.com.tr\/wp-content\/uploads\/36185006_Takim_Arabasi_r1.jpg","contentUrl":"https:\/\/bodur.com.tr\/wp-content\/uploads\/36185006_Takim_Arabasi_r1.jpg","width":1024,"height":1024,"caption":"36185006_Tak\u0131m_Arabasi_01"},{"@type":"BreadcrumbList","@id":"https:\/\/bodur.com.tr\/urun\/36-18-50-06-takim-arabasi-x7#breadcrumb","itemListElement":[{"@type":"ListItem","position":1,"name":"Anasayfa","item":"https:\/\/bodur.com.tr\/"},{"@type":"ListItem","position":2,"name":"\u00dcr\u00fcnler","item":"https:\/\/bodur.com.tr\/magaza"},{"@type":"ListItem","position":3,"name":"36.18.50.06 Tak\u0131m Arabas\u0131 (x7)"}]},{"@type":"WebSite","@id":"https:\/\/bodur.com.tr\/#website","url":"https:\/\/bodur.com.tr\/","name":"Bodur Industrial","description":"","publisher":{"@id":"https:\/\/bodur.com.tr\/#organization"},"potentialAction":[{"@type":"SearchAction","target":{"@type":"EntryPoint","urlTemplate":"https:\/\/bodur.com.tr\/?s={search_term_string}"},"query-input":{"@type":"PropertyValueSpecification","valueRequired":true,"valueName":"search_term_string"}}],"inLanguage":"en-US"},{"@type":"Organization","@id":"https:\/\/bodur.com.tr\/#organization","name":"Bodur Industrial","url":"https:\/\/bodur.com.tr\/","logo":{"@type":"ImageObject","inLanguage":"en-US","@id":"https:\/\/bodur.com.tr\/#\/schema\/logo\/image\/","url":"https:\/\/bodur.com.tr\/wp-content\/uploads\/51834268_258721005017375_5556593430731161600_n.jpg","contentUrl":"https:\/\/bodur.com.tr\/wp-content\/uploads\/51834268_258721005017375_5556593430731161600_n.jpg","width":320,"height":320,"caption":"Bodur End\u00fcstriyel"},"image":{"@id":"https:\/\/bodur.com.tr\/#\/schema\/logo\/image\/"},"sameAs":["https:\/\/www.facebook.com\/bodurendustriyel","https:\/\/www.instagram.com\/bodurendustriyel\/","https:\/\/www.youtube.com\/user\/harunbodur"]}]}},"_links":{"self":[{"href":"https:\/\/bodur.com.tr\/en\/wp-json\/wp\/v2\/product\/1695","targetHints":{"allow":["GET"]}}],"collection":[{"href":"https:\/\/bodur.com.tr\/en\/wp-json\/wp\/v2\/product"}],"about":[{"href":"https:\/\/bodur.com.tr\/en\/wp-json\/wp\/v2\/types\/product"}],"wp:featuredmedia":[{"embeddable":true,"href":"https:\/\/bodur.com.tr\/en\/wp-json\/wp\/v2\/media\/1696"}],"wp:attachment":[{"href":"https:\/\/bodur.com.tr\/en\/wp-json\/wp\/v2\/media?parent=1695"}],"wp:term":[{"taxonomy":"product_brand","embeddable":true,"href":"https:\/\/bodur.com.tr\/en\/wp-json\/wp\/v2\/product_brand?post=1695"},{"taxonomy":"product_cat","embeddable":true,"href":"https:\/\/bodur.com.tr\/en\/wp-json\/wp\/v2\/product_cat?post=1695"},{"taxonomy":"product_tag","embeddable":true,"href":"https:\/\/bodur.com.tr\/en\/wp-json\/wp\/v2\/product_tag?post=1695"}],"curies":[{"name":"wp","href":"https:\/\/api.w.org\/{rel}","templated":true}]}}