{"id":16714,"date":"2024-03-20T19:12:33","date_gmt":"2024-03-20T16:12:33","guid":{"rendered":"https:\/\/bodur.com.tr\/?post_type=product&#038;p=16714"},"modified":"2024-03-21T11:17:33","modified_gmt":"2024-03-21T08:17:33","slug":"bd-36-80-04","status":"publish","type":"product","link":"https:\/\/bodur.com.tr\/en\/urun\/bd-36-80-04","title":{"rendered":"BD.36.80.04"},"content":{"rendered":"<p>The BD.36.80.04 Ecoline Workbench is a product specifically designed for small and medium-sized businesses, workshops, auto repair shops, and home users. With its robust construction and spacious work area, it is manufactured to meet the needs of various industrial and hobby purposes. The workbench measures 900x1200x700 mm and weighs 43 kg excluding accessories.<\/p>\n<p>Manufactured from DKP and HRP sheet metal, this workbench provides durable and long-lasting use. It is coated with electrostatic powder paint and offers RAL7016 (Anthracite grey) or RAL7011 (Grey) color options to suit user preference.<\/p>\n<p>Key features of the workbench include a 30 mm thick raw MDF tabletop with dimensions of W1200xD670 mm. These features allow users to work comfortably in a spacious work area.<\/p>","protected":false},"excerpt":{"rendered":"<p>The BD.36.80.04 Ecoline Workbench is an ideal choice for small and medium-sized businesses, workshops, auto repair shops, and hobbyists. It weighs 43 kg excluding accessories.<\/p>\n<p><strong>Product Description:<\/strong><\/p>\n<ul>\n<li>Dimensions: H900xW1200xD700 mm.<\/li>\n<li>43 kg excluding accessories.<\/li>\n<li>DKP and HRP sheet metal materials.<\/li>\n<li>Electrostatic powder coating \/ RAL7016 (Anthracite grey) and RAL7011 (Grey) (Subject to change.)<\/li>\n<li>Perforated panel with dimensions H675xW1050xD30mm x1<\/li>\n<li>W1200xD670 Table size \/ 30 mm RAW MDF<\/li>\n<\/ul>","protected":false},"featured_media":16716,"template":"","meta":[],"product_brand":[],"product_cat":[203],"product_tag":[],"class_list":{"0":"post-16714","1":"product","2":"type-product","3":"status-publish","4":"has-post-thumbnail","6":"product_cat-ecoline-calisma-tezgahlari","8":"first","9":"instock","10":"shipping-taxable","11":"product-type-simple"},"yoast_head":"<!-- This site is optimized with the Yoast SEO plugin v27.4 - https:\/\/yoast.com\/product\/yoast-seo-wordpress\/ -->\n<title>BD.36.80.04<\/title>\n<meta name=\"robots\" content=\"index, follow, max-snippet:-1, max-image-preview:large, max-video-preview:-1\" \/>\n<link rel=\"canonical\" href=\"https:\/\/bodur.com.tr\/en\/product\/bd-36-80-04\/\" \/>\n<meta property=\"og:locale\" content=\"en_US\" \/>\n<meta property=\"og:type\" content=\"article\" \/>\n<meta property=\"og:title\" content=\"BD.36.80.04\" \/>\n<meta property=\"og:description\" content=\"BD.36.80.04 Ecoline \u00c7al\u0131\u015fma Tezgah\u0131, k\u00fc\u00e7\u00fck ve orta \u00f6l\u00e7ekli i\u015fletmeler, at\u00f6lyeler, oto servisleri ve hobi kullan\u0131m\u0131 i\u00e7in ideal bir se\u00e7enektir. Aksesuarlar hari\u00e7 43 kg a\u011f\u0131rl\u0131\u011f\u0131ndad\u0131r.  \u00dcr\u00fcn a\u00e7\u0131klamas\u0131:   H900xW1200xD700 mm boyutlar\u0131nda.  Aksesuarlar hari\u00e7 43 kg.  DKP ve HRP sac malzeme.  Elektrostatik toz boya \/ RAL7016 (Antrasit gri) ve RAL7011(Gri)(De\u011fi\u015ftirilebilir.)  H675xW1050xD30mm \u00f6l\u00e7\u00fclerinde delikli pano x1  W1200xD670 Tabla \u00f6l\u00e7\u00fcs\u00fc \/ 30 mm HAM MDF\" \/>\n<meta property=\"og:url\" content=\"https:\/\/bodur.com.tr\/en\/product\/bd-36-80-04\/\" \/>\n<meta property=\"og:site_name\" content=\"Bodur End\u00fcstriyel\" \/>\n<meta property=\"article:publisher\" content=\"https:\/\/www.facebook.com\/bodurendustriyel\" \/>\n<meta property=\"article:modified_time\" content=\"2024-03-21T08:17:33+00:00\" \/>\n<meta property=\"og:image\" content=\"https:\/\/bodur.com.tr\/wp-content\/uploads\/BD-36-80-04-ecoline-calisma-tezgahi-1.jpg\" \/>\n\t<meta property=\"og:image:width\" content=\"1280\" \/>\n\t<meta property=\"og:image:height\" content=\"1280\" \/>\n\t<meta property=\"og:image:type\" content=\"image\/jpeg\" \/>\n<meta name=\"twitter:card\" content=\"summary_large_image\" \/>\n<script type=\"application\/ld+json\" class=\"yoast-schema-graph\">{\"@context\":\"https:\\\/\\\/schema.org\",\"@graph\":[{\"@type\":\"WebPage\",\"@id\":\"https:\\\/\\\/bodur.com.tr\\\/urun\\\/bd-36-80-04\",\"url\":\"https:\\\/\\\/bodur.com.tr\\\/urun\\\/bd-36-80-04\",\"name\":\"BD.36.80.04\",\"isPartOf\":{\"@id\":\"https:\\\/\\\/bodur.com.tr\\\/#website\"},\"primaryImageOfPage\":{\"@id\":\"https:\\\/\\\/bodur.com.tr\\\/urun\\\/bd-36-80-04#primaryimage\"},\"image\":{\"@id\":\"https:\\\/\\\/bodur.com.tr\\\/urun\\\/bd-36-80-04#primaryimage\"},\"thumbnailUrl\":\"https:\\\/\\\/bodur.com.tr\\\/wp-content\\\/uploads\\\/BD-36-80-04-ecoline-calisma-tezgahi-1.jpg\",\"datePublished\":\"2024-03-20T16:12:33+00:00\",\"dateModified\":\"2024-03-21T08:17:33+00:00\",\"breadcrumb\":{\"@id\":\"https:\\\/\\\/bodur.com.tr\\\/urun\\\/bd-36-80-04#breadcrumb\"},\"inLanguage\":\"en-US\",\"potentialAction\":[{\"@type\":\"ReadAction\",\"target\":[\"https:\\\/\\\/bodur.com.tr\\\/urun\\\/bd-36-80-04\"]}]},{\"@type\":\"ImageObject\",\"inLanguage\":\"en-US\",\"@id\":\"https:\\\/\\\/bodur.com.tr\\\/urun\\\/bd-36-80-04#primaryimage\",\"url\":\"https:\\\/\\\/bodur.com.tr\\\/wp-content\\\/uploads\\\/BD-36-80-04-ecoline-calisma-tezgahi-1.jpg\",\"contentUrl\":\"https:\\\/\\\/bodur.com.tr\\\/wp-content\\\/uploads\\\/BD-36-80-04-ecoline-calisma-tezgahi-1.jpg\",\"width\":1280,\"height\":1280,\"caption\":\"BD.36.80.04 Ecoline \u00e7al\u0131\u015fma tezgah\u0131\"},{\"@type\":\"BreadcrumbList\",\"@id\":\"https:\\\/\\\/bodur.com.tr\\\/urun\\\/bd-36-80-04#breadcrumb\",\"itemListElement\":[{\"@type\":\"ListItem\",\"position\":1,\"name\":\"Anasayfa\",\"item\":\"https:\\\/\\\/bodur.com.tr\\\/\"},{\"@type\":\"ListItem\",\"position\":2,\"name\":\"\u00dcr\u00fcnler\",\"item\":\"https:\\\/\\\/bodur.com.tr\\\/magaza\"},{\"@type\":\"ListItem\",\"position\":3,\"name\":\"BD.36.80.04\"}]},{\"@type\":\"WebSite\",\"@id\":\"https:\\\/\\\/bodur.com.tr\\\/#website\",\"url\":\"https:\\\/\\\/bodur.com.tr\\\/\",\"name\":\"Bodur End\u00fcstriyel\",\"description\":\"\",\"publisher\":{\"@id\":\"https:\\\/\\\/bodur.com.tr\\\/#organization\"},\"potentialAction\":[{\"@type\":\"SearchAction\",\"target\":{\"@type\":\"EntryPoint\",\"urlTemplate\":\"https:\\\/\\\/bodur.com.tr\\\/?s={search_term_string}\"},\"query-input\":{\"@type\":\"PropertyValueSpecification\",\"valueRequired\":true,\"valueName\":\"search_term_string\"}}],\"inLanguage\":\"en-US\"},{\"@type\":\"Organization\",\"@id\":\"https:\\\/\\\/bodur.com.tr\\\/#organization\",\"name\":\"Bodur End\u00fcstriyel\",\"url\":\"https:\\\/\\\/bodur.com.tr\\\/\",\"logo\":{\"@type\":\"ImageObject\",\"inLanguage\":\"en-US\",\"@id\":\"https:\\\/\\\/bodur.com.tr\\\/#\\\/schema\\\/logo\\\/image\\\/\",\"url\":\"https:\\\/\\\/bodur.com.tr\\\/wp-content\\\/uploads\\\/51834268_258721005017375_5556593430731161600_n.jpg\",\"contentUrl\":\"https:\\\/\\\/bodur.com.tr\\\/wp-content\\\/uploads\\\/51834268_258721005017375_5556593430731161600_n.jpg\",\"width\":320,\"height\":320,\"caption\":\"Bodur End\u00fcstriyel\"},\"image\":{\"@id\":\"https:\\\/\\\/bodur.com.tr\\\/#\\\/schema\\\/logo\\\/image\\\/\"},\"sameAs\":[\"https:\\\/\\\/www.facebook.com\\\/bodurendustriyel\",\"https:\\\/\\\/www.instagram.com\\\/bodurendustriyel\\\/\",\"https:\\\/\\\/www.youtube.com\\\/user\\\/harunbodur\"]}]}<\/script>\n<!-- \/ Yoast SEO plugin. -->","yoast_head_json":{"title":"BD.36.80.04","robots":{"index":"index","follow":"follow","max-snippet":"max-snippet:-1","max-image-preview":"max-image-preview:large","max-video-preview":"max-video-preview:-1"},"canonical":"https:\/\/bodur.com.tr\/en\/product\/bd-36-80-04\/","og_locale":"en_US","og_type":"article","og_title":"BD.36.80.04","og_description":"BD.36.80.04 Ecoline \u00c7al\u0131\u015fma Tezgah\u0131, k\u00fc\u00e7\u00fck ve orta \u00f6l\u00e7ekli i\u015fletmeler, at\u00f6lyeler, oto servisleri ve hobi kullan\u0131m\u0131 i\u00e7in ideal bir se\u00e7enektir. Aksesuarlar hari\u00e7 43 kg a\u011f\u0131rl\u0131\u011f\u0131ndad\u0131r.  \u00dcr\u00fcn a\u00e7\u0131klamas\u0131:   H900xW1200xD700 mm boyutlar\u0131nda.  Aksesuarlar hari\u00e7 43 kg.  DKP ve HRP sac malzeme.  Elektrostatik toz boya \/ RAL7016 (Antrasit gri) ve RAL7011(Gri)(De\u011fi\u015ftirilebilir.)  H675xW1050xD30mm \u00f6l\u00e7\u00fclerinde delikli pano x1  W1200xD670 Tabla \u00f6l\u00e7\u00fcs\u00fc \/ 30 mm HAM MDF","og_url":"https:\/\/bodur.com.tr\/en\/product\/bd-36-80-04\/","og_site_name":"Bodur End\u00fcstriyel","article_publisher":"https:\/\/www.facebook.com\/bodurendustriyel","article_modified_time":"2024-03-21T08:17:33+00:00","og_image":[{"width":1280,"height":1280,"url":"https:\/\/bodur.com.tr\/wp-content\/uploads\/BD-36-80-04-ecoline-calisma-tezgahi-1.jpg","type":"image\/jpeg"}],"twitter_card":"summary_large_image","schema":{"@context":"https:\/\/schema.org","@graph":[{"@type":"WebPage","@id":"https:\/\/bodur.com.tr\/urun\/bd-36-80-04","url":"https:\/\/bodur.com.tr\/urun\/bd-36-80-04","name":"BD.36.80.04","isPartOf":{"@id":"https:\/\/bodur.com.tr\/#website"},"primaryImageOfPage":{"@id":"https:\/\/bodur.com.tr\/urun\/bd-36-80-04#primaryimage"},"image":{"@id":"https:\/\/bodur.com.tr\/urun\/bd-36-80-04#primaryimage"},"thumbnailUrl":"https:\/\/bodur.com.tr\/wp-content\/uploads\/BD-36-80-04-ecoline-calisma-tezgahi-1.jpg","datePublished":"2024-03-20T16:12:33+00:00","dateModified":"2024-03-21T08:17:33+00:00","breadcrumb":{"@id":"https:\/\/bodur.com.tr\/urun\/bd-36-80-04#breadcrumb"},"inLanguage":"en-US","potentialAction":[{"@type":"ReadAction","target":["https:\/\/bodur.com.tr\/urun\/bd-36-80-04"]}]},{"@type":"ImageObject","inLanguage":"en-US","@id":"https:\/\/bodur.com.tr\/urun\/bd-36-80-04#primaryimage","url":"https:\/\/bodur.com.tr\/wp-content\/uploads\/BD-36-80-04-ecoline-calisma-tezgahi-1.jpg","contentUrl":"https:\/\/bodur.com.tr\/wp-content\/uploads\/BD-36-80-04-ecoline-calisma-tezgahi-1.jpg","width":1280,"height":1280,"caption":"BD.36.80.04 Ecoline \u00e7al\u0131\u015fma tezgah\u0131"},{"@type":"BreadcrumbList","@id":"https:\/\/bodur.com.tr\/urun\/bd-36-80-04#breadcrumb","itemListElement":[{"@type":"ListItem","position":1,"name":"Anasayfa","item":"https:\/\/bodur.com.tr\/"},{"@type":"ListItem","position":2,"name":"\u00dcr\u00fcnler","item":"https:\/\/bodur.com.tr\/magaza"},{"@type":"ListItem","position":3,"name":"BD.36.80.04"}]},{"@type":"WebSite","@id":"https:\/\/bodur.com.tr\/#website","url":"https:\/\/bodur.com.tr\/","name":"Bodur Industrial","description":"","publisher":{"@id":"https:\/\/bodur.com.tr\/#organization"},"potentialAction":[{"@type":"SearchAction","target":{"@type":"EntryPoint","urlTemplate":"https:\/\/bodur.com.tr\/?s={search_term_string}"},"query-input":{"@type":"PropertyValueSpecification","valueRequired":true,"valueName":"search_term_string"}}],"inLanguage":"en-US"},{"@type":"Organization","@id":"https:\/\/bodur.com.tr\/#organization","name":"Bodur Industrial","url":"https:\/\/bodur.com.tr\/","logo":{"@type":"ImageObject","inLanguage":"en-US","@id":"https:\/\/bodur.com.tr\/#\/schema\/logo\/image\/","url":"https:\/\/bodur.com.tr\/wp-content\/uploads\/51834268_258721005017375_5556593430731161600_n.jpg","contentUrl":"https:\/\/bodur.com.tr\/wp-content\/uploads\/51834268_258721005017375_5556593430731161600_n.jpg","width":320,"height":320,"caption":"Bodur End\u00fcstriyel"},"image":{"@id":"https:\/\/bodur.com.tr\/#\/schema\/logo\/image\/"},"sameAs":["https:\/\/www.facebook.com\/bodurendustriyel","https:\/\/www.instagram.com\/bodurendustriyel\/","https:\/\/www.youtube.com\/user\/harunbodur"]}]}},"_links":{"self":[{"href":"https:\/\/bodur.com.tr\/en\/wp-json\/wp\/v2\/product\/16714","targetHints":{"allow":["GET"]}}],"collection":[{"href":"https:\/\/bodur.com.tr\/en\/wp-json\/wp\/v2\/product"}],"about":[{"href":"https:\/\/bodur.com.tr\/en\/wp-json\/wp\/v2\/types\/product"}],"wp:featuredmedia":[{"embeddable":true,"href":"https:\/\/bodur.com.tr\/en\/wp-json\/wp\/v2\/media\/16716"}],"wp:attachment":[{"href":"https:\/\/bodur.com.tr\/en\/wp-json\/wp\/v2\/media?parent=16714"}],"wp:term":[{"taxonomy":"product_brand","embeddable":true,"href":"https:\/\/bodur.com.tr\/en\/wp-json\/wp\/v2\/product_brand?post=16714"},{"taxonomy":"product_cat","embeddable":true,"href":"https:\/\/bodur.com.tr\/en\/wp-json\/wp\/v2\/product_cat?post=16714"},{"taxonomy":"product_tag","embeddable":true,"href":"https:\/\/bodur.com.tr\/en\/wp-json\/wp\/v2\/product_tag?post=16714"}],"curies":[{"name":"wp","href":"https:\/\/api.w.org\/{rel}","templated":true}]}}