{"id":15582,"date":"2022-10-31T23:57:14","date_gmt":"2022-10-31T20:57:14","guid":{"rendered":"https:\/\/bodur.com.tr\/?post_type=product&#038;p=15582"},"modified":"2022-11-01T11:58:53","modified_gmt":"2022-11-01T08:58:53","slug":"36-18-40-22-stainless-1860","status":"publish","type":"product","link":"https:\/\/bodur.com.tr\/en\/urun\/36-18-40-22-paslanmaz-1860","title":{"rendered":"36.18.40.22 Stainless Steel 1860"},"content":{"rendered":"<p>36.18.40.22 Stainless Steel 1860, <a href=\"https:\/\/bodur.com.tr\/en\/products\/counters\/moduline-workbenches\/\">Moduline<\/a> It is used in our Workbench series.<\/p>","protected":false},"excerpt":{"rendered":"<p><strong>Product Technical Specifications:<\/strong><\/p>\n<ul>\n<li>Dimensions: H34xW1859xD550 mm.<\/li>\n<li>Net weight 2.5 kg.<\/li>\n<\/ul>","protected":false},"featured_media":15583,"template":"","meta":[],"product_brand":[],"product_cat":[17],"product_tag":[],"class_list":{"0":"post-15582","1":"product","2":"type-product","3":"status-publish","4":"has-post-thumbnail","6":"product_cat-moduline-moduller","8":"first","9":"instock","10":"shipping-taxable","11":"product-type-simple"},"yoast_head":"<!-- This site is optimized with the Yoast SEO plugin v27.4 - https:\/\/yoast.com\/product\/yoast-seo-wordpress\/ -->\n<title>36.18.40.22 Paslanmaz 1860<\/title>\n<meta name=\"robots\" content=\"index, follow, max-snippet:-1, max-image-preview:large, max-video-preview:-1\" \/>\n<link rel=\"canonical\" href=\"https:\/\/bodur.com.tr\/en\/product\/36-18-40-22-stainless-1860\/\" \/>\n<meta property=\"og:locale\" content=\"en_US\" \/>\n<meta property=\"og:type\" content=\"article\" \/>\n<meta property=\"og:title\" content=\"36.18.40.22 Paslanmaz 1860\" \/>\n<meta property=\"og:description\" content=\"\u00dcr\u00fcn\u00fcn Teknik \u00d6zellikleri:   H34xW1859xD550 mm boyutlar\u0131nda.  Net a\u011f\u0131rl\u0131k 2,5 kg.\" \/>\n<meta property=\"og:url\" content=\"https:\/\/bodur.com.tr\/en\/product\/36-18-40-22-stainless-1860\/\" \/>\n<meta property=\"og:site_name\" content=\"Bodur End\u00fcstriyel\" \/>\n<meta property=\"article:publisher\" content=\"https:\/\/www.facebook.com\/bodurendustriyel\" \/>\n<meta property=\"article:modified_time\" content=\"2022-11-01T08:58:53+00:00\" \/>\n<meta property=\"og:image\" content=\"https:\/\/bodur.com.tr\/wp-content\/uploads\/36184022-1.jpg\" \/>\n\t<meta property=\"og:image:width\" content=\"2480\" \/>\n\t<meta property=\"og:image:height\" content=\"2480\" \/>\n\t<meta property=\"og:image:type\" content=\"image\/jpeg\" \/>\n<meta name=\"twitter:card\" content=\"summary_large_image\" \/>\n<script type=\"application\/ld+json\" class=\"yoast-schema-graph\">{\"@context\":\"https:\\\/\\\/schema.org\",\"@graph\":[{\"@type\":\"WebPage\",\"@id\":\"https:\\\/\\\/bodur.com.tr\\\/urun\\\/36-18-40-22-paslanmaz-1860\",\"url\":\"https:\\\/\\\/bodur.com.tr\\\/urun\\\/36-18-40-22-paslanmaz-1860\",\"name\":\"36.18.40.22 Paslanmaz 1860\",\"isPartOf\":{\"@id\":\"https:\\\/\\\/bodur.com.tr\\\/#website\"},\"primaryImageOfPage\":{\"@id\":\"https:\\\/\\\/bodur.com.tr\\\/urun\\\/36-18-40-22-paslanmaz-1860#primaryimage\"},\"image\":{\"@id\":\"https:\\\/\\\/bodur.com.tr\\\/urun\\\/36-18-40-22-paslanmaz-1860#primaryimage\"},\"thumbnailUrl\":\"https:\\\/\\\/bodur.com.tr\\\/wp-content\\\/uploads\\\/36184022-1.jpg\",\"datePublished\":\"2022-10-31T20:57:14+00:00\",\"dateModified\":\"2022-11-01T08:58:53+00:00\",\"breadcrumb\":{\"@id\":\"https:\\\/\\\/bodur.com.tr\\\/urun\\\/36-18-40-22-paslanmaz-1860#breadcrumb\"},\"inLanguage\":\"en-US\",\"potentialAction\":[{\"@type\":\"ReadAction\",\"target\":[\"https:\\\/\\\/bodur.com.tr\\\/urun\\\/36-18-40-22-paslanmaz-1860\"]}]},{\"@type\":\"ImageObject\",\"inLanguage\":\"en-US\",\"@id\":\"https:\\\/\\\/bodur.com.tr\\\/urun\\\/36-18-40-22-paslanmaz-1860#primaryimage\",\"url\":\"https:\\\/\\\/bodur.com.tr\\\/wp-content\\\/uploads\\\/36184022-1.jpg\",\"contentUrl\":\"https:\\\/\\\/bodur.com.tr\\\/wp-content\\\/uploads\\\/36184022-1.jpg\",\"width\":2480,\"height\":2480,\"caption\":\"36.18.40.22 Paslanmaz 1240\"},{\"@type\":\"BreadcrumbList\",\"@id\":\"https:\\\/\\\/bodur.com.tr\\\/urun\\\/36-18-40-22-paslanmaz-1860#breadcrumb\",\"itemListElement\":[{\"@type\":\"ListItem\",\"position\":1,\"name\":\"Anasayfa\",\"item\":\"https:\\\/\\\/bodur.com.tr\\\/\"},{\"@type\":\"ListItem\",\"position\":2,\"name\":\"\u00dcr\u00fcnler\",\"item\":\"https:\\\/\\\/bodur.com.tr\\\/magaza\"},{\"@type\":\"ListItem\",\"position\":3,\"name\":\"36.18.40.22 Paslanmaz 1860\"}]},{\"@type\":\"WebSite\",\"@id\":\"https:\\\/\\\/bodur.com.tr\\\/#website\",\"url\":\"https:\\\/\\\/bodur.com.tr\\\/\",\"name\":\"Bodur End\u00fcstriyel\",\"description\":\"\",\"publisher\":{\"@id\":\"https:\\\/\\\/bodur.com.tr\\\/#organization\"},\"potentialAction\":[{\"@type\":\"SearchAction\",\"target\":{\"@type\":\"EntryPoint\",\"urlTemplate\":\"https:\\\/\\\/bodur.com.tr\\\/?s={search_term_string}\"},\"query-input\":{\"@type\":\"PropertyValueSpecification\",\"valueRequired\":true,\"valueName\":\"search_term_string\"}}],\"inLanguage\":\"en-US\"},{\"@type\":\"Organization\",\"@id\":\"https:\\\/\\\/bodur.com.tr\\\/#organization\",\"name\":\"Bodur End\u00fcstriyel\",\"url\":\"https:\\\/\\\/bodur.com.tr\\\/\",\"logo\":{\"@type\":\"ImageObject\",\"inLanguage\":\"en-US\",\"@id\":\"https:\\\/\\\/bodur.com.tr\\\/#\\\/schema\\\/logo\\\/image\\\/\",\"url\":\"https:\\\/\\\/bodur.com.tr\\\/wp-content\\\/uploads\\\/51834268_258721005017375_5556593430731161600_n.jpg\",\"contentUrl\":\"https:\\\/\\\/bodur.com.tr\\\/wp-content\\\/uploads\\\/51834268_258721005017375_5556593430731161600_n.jpg\",\"width\":320,\"height\":320,\"caption\":\"Bodur End\u00fcstriyel\"},\"image\":{\"@id\":\"https:\\\/\\\/bodur.com.tr\\\/#\\\/schema\\\/logo\\\/image\\\/\"},\"sameAs\":[\"https:\\\/\\\/www.facebook.com\\\/bodurendustriyel\",\"https:\\\/\\\/www.instagram.com\\\/bodurendustriyel\\\/\",\"https:\\\/\\\/www.youtube.com\\\/user\\\/harunbodur\"]}]}<\/script>\n<!-- \/ Yoast SEO plugin. -->","yoast_head_json":{"title":"36.18.40.22 Stainless Steel 1860","robots":{"index":"index","follow":"follow","max-snippet":"max-snippet:-1","max-image-preview":"max-image-preview:large","max-video-preview":"max-video-preview:-1"},"canonical":"https:\/\/bodur.com.tr\/en\/product\/36-18-40-22-stainless-1860\/","og_locale":"en_US","og_type":"article","og_title":"36.18.40.22 Paslanmaz 1860","og_description":"\u00dcr\u00fcn\u00fcn Teknik \u00d6zellikleri:   H34xW1859xD550 mm boyutlar\u0131nda.  Net a\u011f\u0131rl\u0131k 2,5 kg.","og_url":"https:\/\/bodur.com.tr\/en\/product\/36-18-40-22-stainless-1860\/","og_site_name":"Bodur End\u00fcstriyel","article_publisher":"https:\/\/www.facebook.com\/bodurendustriyel","article_modified_time":"2022-11-01T08:58:53+00:00","og_image":[{"width":2480,"height":2480,"url":"https:\/\/bodur.com.tr\/wp-content\/uploads\/36184022-1.jpg","type":"image\/jpeg"}],"twitter_card":"summary_large_image","schema":{"@context":"https:\/\/schema.org","@graph":[{"@type":"WebPage","@id":"https:\/\/bodur.com.tr\/urun\/36-18-40-22-paslanmaz-1860","url":"https:\/\/bodur.com.tr\/urun\/36-18-40-22-paslanmaz-1860","name":"36.18.40.22 Stainless Steel 1860","isPartOf":{"@id":"https:\/\/bodur.com.tr\/#website"},"primaryImageOfPage":{"@id":"https:\/\/bodur.com.tr\/urun\/36-18-40-22-paslanmaz-1860#primaryimage"},"image":{"@id":"https:\/\/bodur.com.tr\/urun\/36-18-40-22-paslanmaz-1860#primaryimage"},"thumbnailUrl":"https:\/\/bodur.com.tr\/wp-content\/uploads\/36184022-1.jpg","datePublished":"2022-10-31T20:57:14+00:00","dateModified":"2022-11-01T08:58:53+00:00","breadcrumb":{"@id":"https:\/\/bodur.com.tr\/urun\/36-18-40-22-paslanmaz-1860#breadcrumb"},"inLanguage":"en-US","potentialAction":[{"@type":"ReadAction","target":["https:\/\/bodur.com.tr\/urun\/36-18-40-22-paslanmaz-1860"]}]},{"@type":"ImageObject","inLanguage":"en-US","@id":"https:\/\/bodur.com.tr\/urun\/36-18-40-22-paslanmaz-1860#primaryimage","url":"https:\/\/bodur.com.tr\/wp-content\/uploads\/36184022-1.jpg","contentUrl":"https:\/\/bodur.com.tr\/wp-content\/uploads\/36184022-1.jpg","width":2480,"height":2480,"caption":"36.18.40.22 Paslanmaz 1240"},{"@type":"BreadcrumbList","@id":"https:\/\/bodur.com.tr\/urun\/36-18-40-22-paslanmaz-1860#breadcrumb","itemListElement":[{"@type":"ListItem","position":1,"name":"Anasayfa","item":"https:\/\/bodur.com.tr\/"},{"@type":"ListItem","position":2,"name":"\u00dcr\u00fcnler","item":"https:\/\/bodur.com.tr\/magaza"},{"@type":"ListItem","position":3,"name":"36.18.40.22 Paslanmaz 1860"}]},{"@type":"WebSite","@id":"https:\/\/bodur.com.tr\/#website","url":"https:\/\/bodur.com.tr\/","name":"Bodur Industrial","description":"","publisher":{"@id":"https:\/\/bodur.com.tr\/#organization"},"potentialAction":[{"@type":"SearchAction","target":{"@type":"EntryPoint","urlTemplate":"https:\/\/bodur.com.tr\/?s={search_term_string}"},"query-input":{"@type":"PropertyValueSpecification","valueRequired":true,"valueName":"search_term_string"}}],"inLanguage":"en-US"},{"@type":"Organization","@id":"https:\/\/bodur.com.tr\/#organization","name":"Bodur Industrial","url":"https:\/\/bodur.com.tr\/","logo":{"@type":"ImageObject","inLanguage":"en-US","@id":"https:\/\/bodur.com.tr\/#\/schema\/logo\/image\/","url":"https:\/\/bodur.com.tr\/wp-content\/uploads\/51834268_258721005017375_5556593430731161600_n.jpg","contentUrl":"https:\/\/bodur.com.tr\/wp-content\/uploads\/51834268_258721005017375_5556593430731161600_n.jpg","width":320,"height":320,"caption":"Bodur End\u00fcstriyel"},"image":{"@id":"https:\/\/bodur.com.tr\/#\/schema\/logo\/image\/"},"sameAs":["https:\/\/www.facebook.com\/bodurendustriyel","https:\/\/www.instagram.com\/bodurendustriyel\/","https:\/\/www.youtube.com\/user\/harunbodur"]}]}},"_links":{"self":[{"href":"https:\/\/bodur.com.tr\/en\/wp-json\/wp\/v2\/product\/15582","targetHints":{"allow":["GET"]}}],"collection":[{"href":"https:\/\/bodur.com.tr\/en\/wp-json\/wp\/v2\/product"}],"about":[{"href":"https:\/\/bodur.com.tr\/en\/wp-json\/wp\/v2\/types\/product"}],"wp:featuredmedia":[{"embeddable":true,"href":"https:\/\/bodur.com.tr\/en\/wp-json\/wp\/v2\/media\/15583"}],"wp:attachment":[{"href":"https:\/\/bodur.com.tr\/en\/wp-json\/wp\/v2\/media?parent=15582"}],"wp:term":[{"taxonomy":"product_brand","embeddable":true,"href":"https:\/\/bodur.com.tr\/en\/wp-json\/wp\/v2\/product_brand?post=15582"},{"taxonomy":"product_cat","embeddable":true,"href":"https:\/\/bodur.com.tr\/en\/wp-json\/wp\/v2\/product_cat?post=15582"},{"taxonomy":"product_tag","embeddable":true,"href":"https:\/\/bodur.com.tr\/en\/wp-json\/wp\/v2\/product_tag?post=15582"}],"curies":[{"name":"wp","href":"https:\/\/api.w.org\/{rel}","templated":true}]}}