{"id":1540,"date":"2020-10-30T00:00:00","date_gmt":"2020-10-29T21:00:00","guid":{"rendered":"https:\/\/bodur.com.tr\/urun\/bd-36-18-04"},"modified":"2026-03-20T19:25:53","modified_gmt":"2026-03-20T16:25:53","slug":"bd-36-18-04","status":"publish","type":"product","link":"https:\/\/bodur.com.tr\/en\/urun\/bd-36-18-04","title":{"rendered":"BD.36.18.04"},"content":{"rendered":"<p>[vc_row css_animation=&#8221;none&#8221;][vc_column][vc_empty_space][vc_column_text]<\/p>\n<p style=\"text-align: center;\"><span style=\"color: #053f75; font-size: 28px; font-weight: bold; letter-spacing: -0.4px!important; text-align: center; line-height: 40px;\">BD.36.18.04 Yerli \u00dcretim Moduline Kabin<br \/>\n<\/span> <span style=\"color: #053f75; font-size: 28px; letter-spacing: -0.5px; text-align: center; line-height: 40px;\">Standartlar\u0131 Yeniden Belirliyor <\/span><\/p>\n<p style=\"text-align: center;\"><span style=\"color: #666666; font-size: 18px; font-weight: 400px; letter-spacing: -0.4px; text-align: center; line-height: 30px;\">Bodur End\u00fcstriyel taraf\u0131ndan geli\u015ftirilen Moduline Kabin Serisinin BD.36.18.04 modeli, dayan\u0131kl\u0131 g\u00f6vdesi, a\u011f\u0131r ko\u015fullarda kendini kan\u0131tlam\u0131\u015f mod\u00fclleri, zengin aksesuar ve renk se\u00e7enekleri ile, montaj, bak\u0131m, servis, \u00fcretim ve ar-ge hatlar\u0131ndaki t\u00fcm projelerinizde g\u00f6rev almaya haz\u0131r. <\/span><\/p>\n<p>[\/vc_column_text][vc_empty_space][\/vc_column][\/vc_row][vc_row css_animation=&#8221;none&#8221;][vc_column][vc_single_image image=&#8221;15277&#8243; img_size=&#8221;full&#8221; alignment=&#8221;center&#8221;][vc_empty_space height=&#8221;120px&#8221;][vc_single_image image=&#8221;14997&#8243; alignment=&#8221;center&#8221; css=&#8221;.vc_custom_1652048425781{margin-top: -100px !important;}&#8221;][vc_empty_space height=&#8221;12px&#8221;][\/vc_column][\/vc_row][vc_row full_width=&#8221;stretch_row&#8221; css_animation=&#8221;none&#8221; bg_type=&#8221;grad&#8221; css=&#8221;.vc_custom_1656424714784{background-position: center !important;background-repeat: no-repeat !important;background-size: cover !important;}&#8221; bg_grad=&#8221;background: -webkit-gradient(linear, left top, left bottom, color-stop(0%, #103F75), color-stop(100%, #0751A6));background: -moz-linear-gradient(top,#103F75 0%,#0751A6 100%);background: -webkit-linear-gradient(top,#103F75 0%,#0751A6 100%);background: -o-linear-gradient(top,#103F75 0%,#0751A6 100%);background: -ms-linear-gradient(top,#103F75 0%,#0751A6 100%);background: linear-gradient(top,#103F75 0%,#0751A6 100%);&#8221;][vc_column][vc_empty_space height=&#8221;50px&#8221;][vc_column_text]<\/p>\n<p style=\"text-align: center;\"><span style=\"color: #ffffff; font-size: 28px; font-weight: bold; letter-spacing: -0.3px; text-align: center; line-height: 40px;\">T\u00fcrkiye\u2019nin En \u00c7ok Tercih Edilen<br \/>\n<\/span><span style=\"color: #ffffff; font-size: 28px; letter-spacing: -0.3px; text-align: center; line-height: 50px;\">Yerli \u00dcretim Mod\u00fcler Kabin Serisi<\/span><span style=\"color: #ffffff; font-family: 'Play', sans-serif !important; font-size: 34px; font-weight: bold; letter-spacing: -0.3px; text-align: center; line-height: 40px;\"><br \/>\n<\/span><\/p>\n<p style=\"text-align: center;\"><span style=\"color: #ffffff; font-size: 18px; font-weight: 400px; letter-spacing: -0.2px; text-align: center; line-height: 28px;\">BD.36.18.04 Moduline Kabin, \u015firketimizin uzun y\u0131lard\u0131r \u00fcretmekte oldu\u011fu Haz\u0131r Mod\u00fcler Kabin \u00fcr\u00fcn grubunun yeni nesil \u00fcyesi olarak geli\u015ftirildi. <\/span><\/p>\n<p style=\"text-align: center;\"><span style=\"color: #ffffff; font-size: 18px; font-weight: 400px; letter-spacing: -0.3px; text-align: center; line-height: 28px;\">Tamamen yenilenen g\u00f6z al\u0131c\u0131 ve farkl\u0131 tasar\u0131m\u0131, geli\u015fmi\u015f teknik \u00f6zellikleri ve dayan\u0131kl\u0131 yap\u0131s\u0131yla, BD.36.18.04 k\u0131sa s\u00fcrede end\u00fcstriyel uygulamalar\u0131n\u0131n en \u00e7ok tercih edilen kabinlerinden biri oldu. <\/span><\/p>\n<p>[\/vc_column_text][vc_empty_space height=&#8221;50px&#8221;][\/vc_column][\/vc_row][vc_row css_animation=&#8221;none&#8221;][vc_column][vc_single_image image=&#8221;15279&#8243; img_size=&#8221;full&#8221; alignment=&#8221;center&#8221; css_animation=&#8221;none&#8221;][vc_empty_space][vc_column_text]<\/p>\n<p style=\"text-align: center;\"><span style=\"color: #053f75; font-size: 28px; font-weight: bold; letter-spacing: -0.3px; text-align: center; line-height: 40px;\">Darbe ve \u00c7izilmelere Kar\u015f\u0131<br \/>\n<\/span> <span style=\"color: #053f75; font-size: 28px; letter-spacing: -0.3px; text-align: center; line-height: 40px;\">P\u00fct\u00fcrl\u00fc Toz Boya<\/span><\/p>\n<p style=\"text-align: center;\"><span style=\"color: #666666; font-size: 18px; font-weight: 400px; letter-spacing: -0.5px; text-align: center; line-height: 30px;\">Y\u00fcksek boya dayan\u0131kl\u0131l\u0131\u011f\u0131 i\u00e7in boyadan \u00f6nce fosfatlama i\u015flemi uygulanmaktad\u0131r. Darbe ve \u00e7izilmelere kar\u015f\u0131 en y\u00fcksek dayan\u0131kl\u0131l\u0131\u011f\u0131 sa\u011flamak i\u00e7in p\u00fct\u00fcrl\u00fc toz boya kullan\u0131lmaktad\u0131r.\u00a0<\/span><\/p>\n<p>[\/vc_column_text][vc_empty_space height=&#8221;50px&#8221;][\/vc_column][\/vc_row][vc_row][vc_column width=&#8221;1\/2&#8243;][vc_single_image image=&#8221;15273&#8243; img_size=&#8221;full&#8221; alignment=&#8221;center&#8221;][\/vc_column][vc_column width=&#8221;1\/2&#8243;][vc_empty_space height=&#8221;50px&#8221;][vc_column_text]<\/p>\n<p style=\"text-align: left;\"><span style=\"color: #242a4d; font-size: 28px; font-weight: bold; letter-spacing: -0.3px; text-align: center; line-height: 34px;\">\u015e\u0131k ve Dayan\u0131kl\u0131<br \/>\n<\/span><span style=\"color: #242a4d; font-size: 28px; letter-spacing: -0.3px; text-align: center; line-height: 34px;\"> \u00c7elik G\u00f6vde <\/span><\/p>\n<p style=\"text-align: left;\"><span style=\"color: #666666; font-size: 18px; font-weight: 400px; letter-spacing: -0.5px; text-align: center; line-height: 26px;\">DKP, HRP ve \u00e7ok iyi korozyon dayan\u0131m\u0131na sahip paslanmaz sac malzemelerin birle\u015fiminden \u00e7elik konstr\u00fcksiyon olarak imal edilen kabinlerimiz, a\u011f\u0131r sanayi ortamlar\u0131nda her t\u00fcrl\u00fc zor \u015fartta y\u0131llar boyunca hizmet edecek \u015fekilde \u00fcretilmi\u015ftir.<\/span><\/p>\n<p style=\"text-align: left;\"><span style=\"color: #666666; font-size: 18px; font-weight: 400px; letter-spacing: -0.5px; text-align: center; line-height: 26px;\">Dolap i\u00e7lerinde y\u00fcksekli\u011fi kullan\u0131c\u0131 taraf\u0131ndan ayarlanabilen galvaniz raflar mevcut olup, raflar\u0131n alt\u0131nda M12 rotil ayar vidalar\u0131 bulunur.<\/span><\/p>\n<p>[\/vc_column_text][\/vc_column][\/vc_row][vc_row css_animation=&#8221;none&#8221;][vc_column][vc_empty_space height=&#8221;64px&#8221;][vc_column_text]<\/p>\n<p style=\"text-align: center;\"><span style=\"color: #053f75; font-size: 28px; font-weight: bold; letter-spacing: -0.3px; text-align: center; line-height: 40px;\">Ergonomik ve G\u00fcvenli<br \/>\n<\/span><span style=\"color: #053f75; font-size: 28px; letter-spacing: -0.3px; text-align: center; line-height: 40px;\">\u00c7al\u0131\u015fma Alan\u0131<\/span><\/p>\n<p style=\"text-align: center;\"><span style=\"color: #666666; font-size: 18px; font-weight: 400px; letter-spacing: -0.5px; text-align: center; line-height: 30px;\">Kullan\u0131c\u0131 deneyimi \u00f6n plana \u00e7\u0131kar\u0131lm\u0131\u015f, \u00e7al\u0131\u015fma alan\u0131ndaki malzemelere eri\u015fim, ayd\u0131nlatma gibi hususlar, ergonomi ve g\u00fcvenlik gereksinimlerini kar\u015f\u0131lar \u015fekilde tasarlanm\u0131\u015ft\u0131r.\u00a0<\/span><\/p>\n<p>[\/vc_column_text][vc_empty_space height=&#8221;50px&#8221;][vc_single_image image=&#8221;15272&#8243; img_size=&#8221;full&#8221; alignment=&#8221;center&#8221; css_animation=&#8221;none&#8221;][\/vc_column][\/vc_row][vc_row css=&#8221;.vc_custom_1656424749142{margin-top: 100px !important;}&#8221;][vc_column width=&#8221;1\/2&#8243;][vc_empty_space height=&#8221;50px&#8221;][vc_column_text]<\/p>\n<p style=\"text-align: left;\"><span style=\"color: #242a4d; font-size: 28px; font-weight: bold; letter-spacing: -0.3px; text-align: center; line-height: 34px;\">Y\u00fcksek Dayan\u0131kl\u0131l\u0131k ve<br \/>\n<\/span><span style=\"color: #242a4d; font-size: 28px; letter-spacing: -0.3px; text-align: center; line-height: 34px;\">G\u00fcvenlik Bir Arada <\/span><\/p>\n<p style=\"text-align: left;\"><span style=\"color: #666666; font-size: 18px; font-weight: 400px; letter-spacing: -0.5px; text-align: center; line-height: 30px;\">B\u00fct\u00fcn \u00e7ekmece ve kapaklar kilitlenebilir \u00f6zelliktedir. A\u011f\u0131r malzemelerin depolanaca\u011f\u0131 \u00e7ekmecelerde teleskopik ray kullan\u0131lm\u0131\u015ft\u0131r ve \u00e7ekmecelerin sa\u011flaml\u0131\u011f\u0131 artt\u0131r\u0131lm\u0131\u015ft\u0131r.<\/span><\/p>\n<p style=\"text-align: left;\"><span style=\"color: #666666; font-size: 18px; font-weight: 400px; letter-spacing: -0.5px; text-align: center; line-height: 30px;\">\u0130ste\u011fe ba\u011fl\u0131 olarak, \u00e7ekmece i\u00e7lerine geni\u015fli\u011fi ayarlanabilir metal separat\u00f6r kanallar eklenebilmektedir.<\/span><\/p>\n<p>[\/vc_column_text][\/vc_column][vc_column width=&#8221;1\/2&#8243;][vc_single_image image=&#8221;16809&#8243; img_size=&#8221;full&#8221; alignment=&#8221;center&#8221; css=&#8221;&#8221;][\/vc_column][\/vc_row][vc_row][vc_column][vc_empty_space height=&#8221;120px&#8221;][vc_column_text]<\/p>\n<p style=\"text-align: center;\"><span style=\"color: #242a4d; font-size: 28px; font-weight: bold; letter-spacing: -0.3px; text-align: center; line-height: 34px;\">Masa \u00dcst Tablas\u0131nda<br \/>\n<\/span><span style=\"color: #242a4d; font-size: 28px; letter-spacing: -0.3px; text-align: center; line-height: 34px;\">Ah\u015fap ve Paslanmaz \u00c7elik Se\u00e7enekler<\/span><\/p>\n<p style=\"text-align: center;\"><span style=\"color: #666666; font-size: 18px; font-weight: 400px; letter-spacing: -0.5px; text-align: center; line-height: 30px;\">30 mm. kay\u0131n masif tabla veya 1.20 mm. paslanmaz \u00e7elik sac kapl\u0131 30 mm. MDF tabla se\u00e7enekleri.<\/span><\/p>\n<p>[\/vc_column_text][vc_empty_space][vc_single_image image=&#8221;16565&#8243; img_size=&#8221;full&#8221; alignment=&#8221;center&#8221;][vc_empty_space][\/vc_column][\/vc_row][vc_row][vc_column][vc_empty_space height=&#8221;60px&#8221;][vc_column_text]<\/p>\n<p style=\"text-align: center;\"><span style=\"color: #242a4d; font-size: 28px; font-weight: bold; letter-spacing: -0.3px; text-align: center; line-height: 34px;\">Delikli Panoda<br \/>\n<\/span><span style=\"color: #242a4d; font-size: 28px; letter-spacing: -0.3px; text-align: center; line-height: 34px;\">Geni\u015f Aksesuar Se\u00e7enekleri<\/span><\/p>\n<p style=\"text-align: center;\"><span style=\"color: #666666; font-size: 18px; font-weight: 400px; letter-spacing: -0.5px; text-align: center; line-height: 30px;\">Pano kancalar\u0131 ve aksesuarlar\u0131nda kendi \u00fcretimimiz olan geni\u015f se\u00e7enekler mevcuttur. Delikli pano aksesuarlar\u0131m\u0131z\u0131 g\u00f6rmek i\u00e7in l\u00fctfen <a href=\"https:\/\/bodur.com.tr\/urunler\/delikli-pano-sistemleri\/aksesuarlar-delikli-pano-sistemleri\" target=\"_blank\" rel=\"noopener\"><strong>t\u0131klay\u0131n<\/strong><\/a>.<\/span><\/p>\n<p>[\/vc_column_text][vc_single_image image=&#8221;15089&#8243; img_size=&#8221;full&#8221; alignment=&#8221;center&#8221;][vc_empty_space height=&#8221;60px&#8221;][\/vc_column][\/vc_row][vc_row][vc_column][vc_single_image image=&#8221;15040&#8243; img_size=&#8221;full&#8221; alignment=&#8221;center&#8221;][vc_empty_space][vc_column_text css=&#8221;.vc_custom_1652276488745{margin-top: -40px !important;}&#8221;]<\/p>\n<p style=\"text-align: center;\"><span style=\"color: #242a4d; font-size: 28px; font-weight: bold; letter-spacing: -0.3px; text-align: center; line-height: 40px;\">2 Y\u0131l Garanti<br \/>\n<\/span><\/p>\n<p>[\/vc_column_text][vc_column_text]<\/p>\n<p style=\"text-align: center;\"><span style=\"color: #666666; font-size: 18px; font-weight: 400px; letter-spacing: -0.5px; text-align: center; line-height: 30px;\">\u00dcretimimiz olan t\u00fcm \u00fcr\u00fcnlerde 2 y\u0131l boyunca \u00fcretici garantisi ve yedek par\u00e7a deste\u011fi sunulmaktad\u0131r. <\/span><\/p>\n<p>[\/vc_column_text][\/vc_column][\/vc_row]<\/p>\n","protected":false},"excerpt":{"rendered":"<h3><span style=\"color: #275da4; font-size: 19px; letter-spacing: -0.3px; font-weight: 600; line-height: 27px;\"> Developed as a reliable and robust solution for industrial environments, 36.18.04 combines enterprise needs with a functional design that offers effective features. <\/span><\/h3>\n<hr \/>\n<ul>\n<li>Dimensions: H2020xW1860xD530 mm.<\/li>\n<li>184 kg excluding accessories.<\/li>\n<li>DKP and HRP sheet metal materials.<\/li>\n<li>Electrostatic powder coating.<\/li>\n<li>RAL7016 (Anthracite grey) and RAL7011 (Dark grey) (Subject to change)<\/li>\n<li>Dimensions of the perforated panel: H375xW620xD15mm x3.<\/li>\n<li>H300xW620xD15mm x1 Perforated panel dimensions.<\/li>\n<li>Table dimensions: W1240xD550 \/ 30 mm Solid Panel (Beech) (Stainless Steel Table Option Available)<\/li>\n<li>4 covered 220V grounded sockets. (IP44 Protection Class)<\/li>\n<li>LED Lighting (LED Fixture 900)<\/li>\n<\/ul>","protected":false},"featured_media":15913,"template":"","meta":[],"product_brand":[],"product_cat":[21],"product_tag":[],"class_list":{"0":"post-1540","1":"product","2":"type-product","3":"status-publish","4":"has-post-thumbnail","6":"product_cat-moduline","8":"first","9":"instock","10":"shipping-taxable","11":"product-type-simple"},"yoast_head":"<!-- This site is optimized with the Yoast SEO plugin v27.4 - https:\/\/yoast.com\/product\/yoast-seo-wordpress\/ -->\n<title>BD.36.18.04<\/title>\n<meta name=\"robots\" content=\"index, follow, max-snippet:-1, max-image-preview:large, max-video-preview:-1\" \/>\n<link rel=\"canonical\" href=\"https:\/\/bodur.com.tr\/en\/product\/bd-36-18-04\/\" \/>\n<meta property=\"og:locale\" content=\"en_US\" \/>\n<meta property=\"og:type\" content=\"article\" \/>\n<meta property=\"og:title\" content=\"BD.36.18.04\" \/>\n<meta property=\"og:description\" content=\"End\u00fcstriyel ortamlarda g\u00fcvenilir ve dayan\u0131kl\u0131 bir \u00e7\u00f6z\u00fcm olarak geli\u015ftirilen 36.18.04, kurumsal ihtiya\u00e7lar\u0131 etkin \u00f6zelliklere sahip fonksiyonel bir tasar\u0131mda birle\u015ftiriyor.       H2020xW1860xD530 mm boyutlar\u0131nda.  Aksesuarlar hari\u00e7 184 kg.  DKP ve HRP sac malzeme.  Elektrostatik toz boya.  RAL7016 (Antrasit gri) ve RAL7011 (Koyu gri)(De\u011fi\u015ftirilebilir)  H375xW620xD15mm x3 Adet delikli pano \u00f6l\u00e7\u00fcs\u00fc.  H300xW620xD15mm x1 Adet delikli pano \u00f6l\u00e7\u00fcs\u00fc.  W1240xD550 Tabla \u00f6l\u00e7\u00fcs\u00fc \/ 30 mm Masif Panel (KAYIN) (Paslanmaz \u00c7elik Tabla Se\u00e7ene\u011fi)  4 adet kapakl\u0131 220 V toprakl\u0131 priz. (IP44 Koruma S\u0131n\u0131f\u0131)  LED Ayd\u0131nlatma (Led Armat\u00fcr 900)\" \/>\n<meta property=\"og:url\" content=\"https:\/\/bodur.com.tr\/en\/product\/bd-36-18-04\/\" \/>\n<meta property=\"og:site_name\" content=\"Bodur End\u00fcstriyel\" \/>\n<meta property=\"article:publisher\" content=\"https:\/\/www.facebook.com\/bodurendustriyel\" \/>\n<meta property=\"article:modified_time\" content=\"2026-03-20T16:25:53+00:00\" \/>\n<meta property=\"og:image\" content=\"https:\/\/bodur.com.tr\/wp-content\/uploads\/BD361804-calisma-tezgahi-01.jpg\" \/>\n\t<meta property=\"og:image:width\" content=\"2480\" \/>\n\t<meta property=\"og:image:height\" content=\"2480\" \/>\n\t<meta property=\"og:image:type\" content=\"image\/jpeg\" \/>\n<meta name=\"twitter:card\" content=\"summary_large_image\" \/>\n<script type=\"application\/ld+json\" class=\"yoast-schema-graph\">{\"@context\":\"https:\\\/\\\/schema.org\",\"@graph\":[{\"@type\":\"WebPage\",\"@id\":\"https:\\\/\\\/bodur.com.tr\\\/urun\\\/bd-36-18-04\",\"url\":\"https:\\\/\\\/bodur.com.tr\\\/urun\\\/bd-36-18-04\",\"name\":\"BD.36.18.04\",\"isPartOf\":{\"@id\":\"https:\\\/\\\/bodur.com.tr\\\/#website\"},\"primaryImageOfPage\":{\"@id\":\"https:\\\/\\\/bodur.com.tr\\\/urun\\\/bd-36-18-04#primaryimage\"},\"image\":{\"@id\":\"https:\\\/\\\/bodur.com.tr\\\/urun\\\/bd-36-18-04#primaryimage\"},\"thumbnailUrl\":\"https:\\\/\\\/bodur.com.tr\\\/wp-content\\\/uploads\\\/BD361804-calisma-tezgahi-01.jpg\",\"datePublished\":\"2020-10-29T21:00:00+00:00\",\"dateModified\":\"2026-03-20T16:25:53+00:00\",\"breadcrumb\":{\"@id\":\"https:\\\/\\\/bodur.com.tr\\\/urun\\\/bd-36-18-04#breadcrumb\"},\"inLanguage\":\"en-US\",\"potentialAction\":[{\"@type\":\"ReadAction\",\"target\":[\"https:\\\/\\\/bodur.com.tr\\\/urun\\\/bd-36-18-04\"]}]},{\"@type\":\"ImageObject\",\"inLanguage\":\"en-US\",\"@id\":\"https:\\\/\\\/bodur.com.tr\\\/urun\\\/bd-36-18-04#primaryimage\",\"url\":\"https:\\\/\\\/bodur.com.tr\\\/wp-content\\\/uploads\\\/BD361804-calisma-tezgahi-01.jpg\",\"contentUrl\":\"https:\\\/\\\/bodur.com.tr\\\/wp-content\\\/uploads\\\/BD361804-calisma-tezgahi-01.jpg\",\"width\":2480,\"height\":2480,\"caption\":\"BD 36.18.04 \u00c7al\u0131\u015fma Tezgah\u0131\"},{\"@type\":\"BreadcrumbList\",\"@id\":\"https:\\\/\\\/bodur.com.tr\\\/urun\\\/bd-36-18-04#breadcrumb\",\"itemListElement\":[{\"@type\":\"ListItem\",\"position\":1,\"name\":\"Anasayfa\",\"item\":\"https:\\\/\\\/bodur.com.tr\\\/\"},{\"@type\":\"ListItem\",\"position\":2,\"name\":\"\u00dcr\u00fcnler\",\"item\":\"https:\\\/\\\/bodur.com.tr\\\/magaza\"},{\"@type\":\"ListItem\",\"position\":3,\"name\":\"BD.36.18.04\"}]},{\"@type\":\"WebSite\",\"@id\":\"https:\\\/\\\/bodur.com.tr\\\/#website\",\"url\":\"https:\\\/\\\/bodur.com.tr\\\/\",\"name\":\"Bodur End\u00fcstriyel\",\"description\":\"\",\"publisher\":{\"@id\":\"https:\\\/\\\/bodur.com.tr\\\/#organization\"},\"potentialAction\":[{\"@type\":\"SearchAction\",\"target\":{\"@type\":\"EntryPoint\",\"urlTemplate\":\"https:\\\/\\\/bodur.com.tr\\\/?s={search_term_string}\"},\"query-input\":{\"@type\":\"PropertyValueSpecification\",\"valueRequired\":true,\"valueName\":\"search_term_string\"}}],\"inLanguage\":\"en-US\"},{\"@type\":\"Organization\",\"@id\":\"https:\\\/\\\/bodur.com.tr\\\/#organization\",\"name\":\"Bodur End\u00fcstriyel\",\"url\":\"https:\\\/\\\/bodur.com.tr\\\/\",\"logo\":{\"@type\":\"ImageObject\",\"inLanguage\":\"en-US\",\"@id\":\"https:\\\/\\\/bodur.com.tr\\\/#\\\/schema\\\/logo\\\/image\\\/\",\"url\":\"https:\\\/\\\/bodur.com.tr\\\/wp-content\\\/uploads\\\/51834268_258721005017375_5556593430731161600_n.jpg\",\"contentUrl\":\"https:\\\/\\\/bodur.com.tr\\\/wp-content\\\/uploads\\\/51834268_258721005017375_5556593430731161600_n.jpg\",\"width\":320,\"height\":320,\"caption\":\"Bodur End\u00fcstriyel\"},\"image\":{\"@id\":\"https:\\\/\\\/bodur.com.tr\\\/#\\\/schema\\\/logo\\\/image\\\/\"},\"sameAs\":[\"https:\\\/\\\/www.facebook.com\\\/bodurendustriyel\",\"https:\\\/\\\/www.instagram.com\\\/bodurendustriyel\\\/\",\"https:\\\/\\\/www.youtube.com\\\/user\\\/harunbodur\"]}]}<\/script>\n<!-- \/ Yoast SEO plugin. -->","yoast_head_json":{"title":"BD.36.18.04","robots":{"index":"index","follow":"follow","max-snippet":"max-snippet:-1","max-image-preview":"max-image-preview:large","max-video-preview":"max-video-preview:-1"},"canonical":"https:\/\/bodur.com.tr\/en\/product\/bd-36-18-04\/","og_locale":"en_US","og_type":"article","og_title":"BD.36.18.04","og_description":"End\u00fcstriyel ortamlarda g\u00fcvenilir ve dayan\u0131kl\u0131 bir \u00e7\u00f6z\u00fcm olarak geli\u015ftirilen 36.18.04, kurumsal ihtiya\u00e7lar\u0131 etkin \u00f6zelliklere sahip fonksiyonel bir tasar\u0131mda birle\u015ftiriyor.       H2020xW1860xD530 mm boyutlar\u0131nda.  Aksesuarlar hari\u00e7 184 kg.  DKP ve HRP sac malzeme.  Elektrostatik toz boya.  RAL7016 (Antrasit gri) ve RAL7011 (Koyu gri)(De\u011fi\u015ftirilebilir)  H375xW620xD15mm x3 Adet delikli pano \u00f6l\u00e7\u00fcs\u00fc.  H300xW620xD15mm x1 Adet delikli pano \u00f6l\u00e7\u00fcs\u00fc.  W1240xD550 Tabla \u00f6l\u00e7\u00fcs\u00fc \/ 30 mm Masif Panel (KAYIN) (Paslanmaz \u00c7elik Tabla Se\u00e7ene\u011fi)  4 adet kapakl\u0131 220 V toprakl\u0131 priz. (IP44 Koruma S\u0131n\u0131f\u0131)  LED Ayd\u0131nlatma (Led Armat\u00fcr 900)","og_url":"https:\/\/bodur.com.tr\/en\/product\/bd-36-18-04\/","og_site_name":"Bodur End\u00fcstriyel","article_publisher":"https:\/\/www.facebook.com\/bodurendustriyel","article_modified_time":"2026-03-20T16:25:53+00:00","og_image":[{"width":2480,"height":2480,"url":"https:\/\/bodur.com.tr\/wp-content\/uploads\/BD361804-calisma-tezgahi-01.jpg","type":"image\/jpeg"}],"twitter_card":"summary_large_image","schema":{"@context":"https:\/\/schema.org","@graph":[{"@type":"WebPage","@id":"https:\/\/bodur.com.tr\/urun\/bd-36-18-04","url":"https:\/\/bodur.com.tr\/urun\/bd-36-18-04","name":"BD.36.18.04","isPartOf":{"@id":"https:\/\/bodur.com.tr\/#website"},"primaryImageOfPage":{"@id":"https:\/\/bodur.com.tr\/urun\/bd-36-18-04#primaryimage"},"image":{"@id":"https:\/\/bodur.com.tr\/urun\/bd-36-18-04#primaryimage"},"thumbnailUrl":"https:\/\/bodur.com.tr\/wp-content\/uploads\/BD361804-calisma-tezgahi-01.jpg","datePublished":"2020-10-29T21:00:00+00:00","dateModified":"2026-03-20T16:25:53+00:00","breadcrumb":{"@id":"https:\/\/bodur.com.tr\/urun\/bd-36-18-04#breadcrumb"},"inLanguage":"en-US","potentialAction":[{"@type":"ReadAction","target":["https:\/\/bodur.com.tr\/urun\/bd-36-18-04"]}]},{"@type":"ImageObject","inLanguage":"en-US","@id":"https:\/\/bodur.com.tr\/urun\/bd-36-18-04#primaryimage","url":"https:\/\/bodur.com.tr\/wp-content\/uploads\/BD361804-calisma-tezgahi-01.jpg","contentUrl":"https:\/\/bodur.com.tr\/wp-content\/uploads\/BD361804-calisma-tezgahi-01.jpg","width":2480,"height":2480,"caption":"BD 36.18.04 \u00c7al\u0131\u015fma Tezgah\u0131"},{"@type":"BreadcrumbList","@id":"https:\/\/bodur.com.tr\/urun\/bd-36-18-04#breadcrumb","itemListElement":[{"@type":"ListItem","position":1,"name":"Anasayfa","item":"https:\/\/bodur.com.tr\/"},{"@type":"ListItem","position":2,"name":"\u00dcr\u00fcnler","item":"https:\/\/bodur.com.tr\/magaza"},{"@type":"ListItem","position":3,"name":"BD.36.18.04"}]},{"@type":"WebSite","@id":"https:\/\/bodur.com.tr\/#website","url":"https:\/\/bodur.com.tr\/","name":"Bodur Industrial","description":"","publisher":{"@id":"https:\/\/bodur.com.tr\/#organization"},"potentialAction":[{"@type":"SearchAction","target":{"@type":"EntryPoint","urlTemplate":"https:\/\/bodur.com.tr\/?s={search_term_string}"},"query-input":{"@type":"PropertyValueSpecification","valueRequired":true,"valueName":"search_term_string"}}],"inLanguage":"en-US"},{"@type":"Organization","@id":"https:\/\/bodur.com.tr\/#organization","name":"Bodur Industrial","url":"https:\/\/bodur.com.tr\/","logo":{"@type":"ImageObject","inLanguage":"en-US","@id":"https:\/\/bodur.com.tr\/#\/schema\/logo\/image\/","url":"https:\/\/bodur.com.tr\/wp-content\/uploads\/51834268_258721005017375_5556593430731161600_n.jpg","contentUrl":"https:\/\/bodur.com.tr\/wp-content\/uploads\/51834268_258721005017375_5556593430731161600_n.jpg","width":320,"height":320,"caption":"Bodur End\u00fcstriyel"},"image":{"@id":"https:\/\/bodur.com.tr\/#\/schema\/logo\/image\/"},"sameAs":["https:\/\/www.facebook.com\/bodurendustriyel","https:\/\/www.instagram.com\/bodurendustriyel\/","https:\/\/www.youtube.com\/user\/harunbodur"]}]}},"_links":{"self":[{"href":"https:\/\/bodur.com.tr\/en\/wp-json\/wp\/v2\/product\/1540","targetHints":{"allow":["GET"]}}],"collection":[{"href":"https:\/\/bodur.com.tr\/en\/wp-json\/wp\/v2\/product"}],"about":[{"href":"https:\/\/bodur.com.tr\/en\/wp-json\/wp\/v2\/types\/product"}],"wp:featuredmedia":[{"embeddable":true,"href":"https:\/\/bodur.com.tr\/en\/wp-json\/wp\/v2\/media\/15913"}],"wp:attachment":[{"href":"https:\/\/bodur.com.tr\/en\/wp-json\/wp\/v2\/media?parent=1540"}],"wp:term":[{"taxonomy":"product_brand","embeddable":true,"href":"https:\/\/bodur.com.tr\/en\/wp-json\/wp\/v2\/product_brand?post=1540"},{"taxonomy":"product_cat","embeddable":true,"href":"https:\/\/bodur.com.tr\/en\/wp-json\/wp\/v2\/product_cat?post=1540"},{"taxonomy":"product_tag","embeddable":true,"href":"https:\/\/bodur.com.tr\/en\/wp-json\/wp\/v2\/product_tag?post=1540"}],"curies":[{"name":"wp","href":"https:\/\/api.w.org\/{rel}","templated":true}]}}